{"id":9610,"date":"2024-03-29T10:36:53","date_gmt":"2024-03-29T09:36:53","guid":{"rendered":"https:\/\/www.stvmachinery.it\/macchinari\/uncategorized\/linear-capper-mod-c150-with-magnetic-feeder\/"},"modified":"2025-11-24T12:48:21","modified_gmt":"2025-11-24T11:48:21","slug":"linear-capper-mod-c150-with-magnetic-feeder","status":"publish","type":"product","link":"https:\/\/www.stvmachinery.it\/en\/machinery\/twist-off-cappers-and-plastic-press-on-cappers\/linear-capper-mod-c150-with-magnetic-feeder\/","title":{"rendered":"Linear Capper Mod. C150 with Magnetic Feeder"},"content":{"rendered":"\t\t<div data-elementor-type=\"product-post\" data-elementor-id=\"9610\" class=\"elementor elementor-9610 elementor-8591\" data-elementor-post-type=\"product\">\n\t\t\t\t<div class=\"elementor-element elementor-element-46a5c91 e-flex e-con-boxed e-con e-parent\" data-id=\"46a5c91\" data-element_type=\"container\" id=\"caratteristiche\">\n\t\t\t\t\t<div class=\"e-con-inner\">\n\t\t\t\t<div class=\"elementor-element elementor-element-7aea20b elementor-widget elementor-widget-text-editor\" data-id=\"7aea20b\" data-element_type=\"widget\" data-widget_type=\"text-editor.default\">\n\t\t\t\t<div class=\"elementor-widget-container\">\n\t\t\t<style>\/*! elementor - v3.21.0 - 08-05-2024 *\/\n.elementor-widget-text-editor.elementor-drop-cap-view-stacked .elementor-drop-cap{background-color:#69727d;color:#fff}.elementor-widget-text-editor.elementor-drop-cap-view-framed .elementor-drop-cap{color:#69727d;border:3px solid;background-color:transparent}.elementor-widget-text-editor:not(.elementor-drop-cap-view-default) .elementor-drop-cap{margin-top:8px}.elementor-widget-text-editor:not(.elementor-drop-cap-view-default) .elementor-drop-cap-letter{width:1em;height:1em}.elementor-widget-text-editor .elementor-drop-cap{float:left;text-align:center;line-height:1;font-size:50px}.elementor-widget-text-editor .elementor-drop-cap-letter{display:inline-block}<\/style>\t\t\t\t<h3 class=\"product-item-title\">Manufacturing Features<\/h3>\n<ul>\n<li><strong>Basement<\/strong> with supporting plate in carbon steel, structure and total covering in AISI 304 stainless steel with inspection doors and <strong>height adjustable feet<\/strong>.<\/li>\n<li><strong>Conveyor belt<\/strong> with stainless steel table-top chain mounted on an antifriction section with adjustable side guides.<\/li>\n<li><strong>Side belts<\/strong> for containers dragging and steadiness.<\/li>\n<li><strong>Caps releasing and pre-screwing unit.<\/strong><\/li>\n<li><strong>Steam sprigging unit<\/strong> for steam injection in the space between the cap and the container thread in order to soften the gasket and take the air away from the container head space, thus allowing the vacuum formation inside the container after closure.<\/li>\n<li><strong>Closing unit<\/strong> with variable speed flat belts.<\/li>\n<li>The <strong>caps releasing unit<\/strong> and <strong>screwing unit<\/strong> are <strong>adjustable<\/strong> independently (as regards also to the dragging belts) by hand-wheels with a very simple and rapid operation.<\/li>\n<li><strong>Centralised motorization<\/strong> with variable speed driver.<\/li>\n<li><strong>Head lifting system<\/strong> by an electro-mechanical unit for machine\u2019s head height adjustment according to the containers height with max. and min. automatic safety devices.<\/li>\n<\/ul>\n\t\t\t\t\t\t<\/div>\n\t\t\t\t<\/div>\n\t\t\t\t<div class=\"elementor-element elementor-element-315a0ed elementor-widget elementor-widget-ld_button\" data-id=\"315a0ed\" data-element_type=\"widget\" data-widget_type=\"ld_button.default\">\n\t\t\t\t<div class=\"elementor-widget-container\">\n\t\t\t\n\t\t\t<a\n\t\t\t\thref=\"https:\/\/www.stvmachinery.it\/cataloghi\/STV-Capping-machines.pdf\" target=\"_blank\"class=\"elementor-button btn btn-solid btn-icon-shaped btn-has-label\"\t\t\t>\n\t\t\t\t\t\t\t\t\t<span data-text=\"Download the datasheet\" class=\"btn-txt\">\n\t\t\t\t\t\tDownload the datasheet\t\t\t\t\t<\/span>\n\t\t\t\t\t\t\t\t\t\t\t<\/a>\n\t\t\t\t\t<\/div>\n\t\t\t\t<\/div>\n\t\t\t\t\t<\/div>\n\t\t\t\t<\/div>\n\t\t<div class=\"elementor-element elementor-element-5f930cc e-flex e-con-boxed e-con e-parent\" data-id=\"5f930cc\" data-element_type=\"container\" data-settings=\"{&quot;background_background&quot;:&quot;classic&quot;}\">\n\t\t\t\t\t<div class=\"e-con-inner\">\n\t\t\t\t<div class=\"elementor-element elementor-element-fabab25 elementor-widget elementor-widget-text-editor\" data-id=\"fabab25\" data-element_type=\"widget\" data-widget_type=\"text-editor.default\">\n\t\t\t\t<div class=\"elementor-widget-container\">\n\t\t\t\t\t\t\t<h3 class=\"product-item-title\"><strong>MAGNETIC FEEDER<\/strong> FOR TWIST-OFF CAPS composed of:<\/h3>\n<ul>\n<li>Basement and feeding hopper in AISI 304 stainless steel, vertical magnetic elevator with belt in \u201cvipla\u201d which conveys the caps to the chute. The caps are then conveyed to the releasing group where they are picked by the containers. <\/li>\n<li>The absence of wrongly oriented capsules is granted by the presence of <strong>3 control and expulsion groups<\/strong> which, by means of a side jet of air, expel the wrongly oriented caps and make them fall into the hopper.<\/li>\n<li><strong>First control<\/strong> unit with photocell for sorting and expulsion of superimposed caps.<\/li>\n<li><strong>Second control<\/strong> unit with proximity-switch for expulsion of wrongly oriented caps.<\/li>\n<li><strong>Third control unit<\/strong> with proximity-switch for further checking of the possible presence of wrongly oriented caps and their expulsion.<\/li>\n<li><strong>Visual warning<\/strong> for lack of caps inside the hopper by means of a photocell.<\/li>\n<li><strong>\u201cToo full\u201d control device<\/strong> on the caps\u2019feeding chute = magnetic feeder stop.<\/li>\n<li><strong>&#8220;Too empty\u201d control device<\/strong> on caps\u2019 feeding chute = machine stop.<\/li>\n<li>A control system commands the machine based on the capsule flow.<\/li>\n<li><strong>Chute<\/strong> for the connection with the Capper.<\/li>\n<li><strong>Driving<\/strong> by adjustable speed motor.<\/li>\n<li>Electric control board in stainless steel.<\/li>\n<li>Manufactureing in AISI 304 stainless steel, except for some parts which are in a different material suitable for their functioning.<\/li>\n<li>The machine is <strong>adjustable<\/strong> in all its parts to treat twist-off caps and glass containers of different dimensions.<\/li>\n<li>After the start-up and first adjustments the machine does not need any operator intervention.<\/li>\n<\/ul>\n\t\t\t\t\t\t<\/div>\n\t\t\t\t<\/div>\n\t\t\t\t\t<\/div>\n\t\t\t\t<\/div>\n\t\t<div class=\"elementor-element elementor-element-e95b650 e-flex e-con-boxed e-con e-parent\" data-id=\"e95b650\" data-element_type=\"container\">\n\t\t\t\t\t<div class=\"e-con-inner\">\n\t\t\t\t<div class=\"elementor-element elementor-element-02e0a45 elementor-widget elementor-widget-heading\" data-id=\"02e0a45\" data-element_type=\"widget\" data-widget_type=\"heading.default\">\n\t\t\t\t<div class=\"elementor-widget-container\">\n\t\t\t<style>\/*! elementor - v3.21.0 - 08-05-2024 *\/\n.elementor-heading-title{padding:0;margin:0;line-height:1}.elementor-widget-heading .elementor-heading-title[class*=elementor-size-]>a{color:inherit;font-size:inherit;line-height:inherit}.elementor-widget-heading .elementor-heading-title.elementor-size-small{font-size:15px}.elementor-widget-heading .elementor-heading-title.elementor-size-medium{font-size:19px}.elementor-widget-heading .elementor-heading-title.elementor-size-large{font-size:29px}.elementor-widget-heading .elementor-heading-title.elementor-size-xl{font-size:39px}.elementor-widget-heading .elementor-heading-title.elementor-size-xxl{font-size:59px}<\/style><h4 class=\"elementor-heading-title elementor-size-default\">Technical Data<\/h4>\t\t<\/div>\n\t\t\t\t<\/div>\n\t\t\t\t<div class=\"elementor-element elementor-element-4399734 elementor-widget elementor-widget-ld_table\" data-id=\"4399734\" data-element_type=\"widget\" data-widget_type=\"ld_table.default\">\n\t\t\t\t<div class=\"elementor-widget-container\">\n\t\t\t<table><tr><td class=\"elementor-repeater-item-4be9d2e\">Capacity<\/td><td class=\"elementor-repeater-item-485afe4\">18.000 containers\/h approx. with cap diam. 53 mm<\/td><\/tr><tr><td class=\"elementor-repeater-item-d918673\">Installed power<\/td><td class=\"elementor-repeater-item-b958ccc\">kW 3,2<\/td><\/tr><tr><td class=\"elementor-repeater-item-78380da\">Length<\/td><td class=\"elementor-repeater-item-a74bb3f\">3.700 mm (with magnetic feeder)<\/td><\/tr><tr><td class=\"elementor-repeater-item-e9f2d72\">Width<\/td><td class=\"elementor-repeater-item-b05652f\">4.200 mm (with magnetic feeder)<\/td><\/tr><tr><td class=\"elementor-repeater-item-b47ffca\">Cap dimensions<\/td><td class=\"elementor-repeater-item-3fb4a03\">\u00d8 43 mm (with 4 flaps) to 110 mm<\/td><\/tr><tr><td class=\"elementor-repeater-item-35841be\">Container dimensions<\/td><td class=\"elementor-repeater-item-af47293\">\u00d8 mm 40 \u00f7 140<br>h mm 40 \u00f7 260<\/td><\/tr><\/table>\t\t<\/div>\n\t\t\t\t<\/div>\n\t\t\t\t<div class=\"elementor-element elementor-element-f6e43b4 elementor-widget elementor-widget-text-editor\" data-id=\"f6e43b4\" data-element_type=\"widget\" data-widget_type=\"text-editor.default\">\n\t\t\t\t<div class=\"elementor-widget-container\">\n\t\t\t\t\t\t\t<h5>AVAILABLE <strong>ON REQUEST:<\/strong><\/h5>\n<ul>\n<li><strong>Channel with automatic regulation<\/strong> by pneumatic cylinders for the feeding of twist-off caps \u00d8 28 mm to \u00d8 110 mm and of capsules with height from 10 mm to 20 mm<\/li>\n<li><strong>Releasing group<\/strong> for twist-off caps from \u00d8 28 mm to \u00d8 43 mm with 3 fins.<\/li>\n<\/ul>\n\t\t\t\t\t\t<\/div>\n\t\t\t\t<\/div>\n\t\t\t\t\t<\/div>\n\t\t\t\t<\/div>\n\t\t<div class=\"elementor-element elementor-element-3393610 e-flex e-con-boxed e-con e-parent\" data-id=\"3393610\" data-element_type=\"container\" data-settings=\"{&quot;background_background&quot;:&quot;classic&quot;}\">\n\t\t\t\t\t<div class=\"e-con-inner\">\n\t\t\t\t<div class=\"elementor-element elementor-element-fc4f3a4 elementor-widget elementor-widget-text-editor\" data-id=\"fc4f3a4\" data-element_type=\"widget\" data-widget_type=\"text-editor.default\">\n\t\t\t\t<div class=\"elementor-widget-container\">\n\t\t\t\t\t\t\t<h3 class=\"product-item-title\">Video<\/h3>\n\t\t\t\t\t\t<\/div>\n\t\t\t\t<\/div>\n\t\t\t\t<div class=\"elementor-element elementor-element-89fe38b elementor-widget elementor-widget-video\" data-id=\"89fe38b\" data-element_type=\"widget\" data-settings=\"{&quot;youtube_url&quot;:&quot;https:\\\/\\\/youtu.be\\\/S_ZvGx3AMbg&quot;,&quot;video_type&quot;:&quot;youtube&quot;,&quot;controls&quot;:&quot;yes&quot;}\" data-widget_type=\"video.default\">\n\t\t\t\t<div class=\"elementor-widget-container\">\n\t\t\t<style>\/*! elementor - v3.21.0 - 08-05-2024 *\/\n.elementor-widget-video .elementor-widget-container{overflow:hidden;transform:translateZ(0)}.elementor-widget-video .elementor-wrapper{aspect-ratio:var(--video-aspect-ratio)}.elementor-widget-video .elementor-wrapper iframe,.elementor-widget-video .elementor-wrapper video{height:100%;width:100%;display:flex;border:none;background-color:#000}@supports not (aspect-ratio:1\/1){.elementor-widget-video .elementor-wrapper{position:relative;overflow:hidden;height:0;padding-bottom:calc(100% \/ var(--video-aspect-ratio))}.elementor-widget-video .elementor-wrapper iframe,.elementor-widget-video .elementor-wrapper video{position:absolute;top:0;right:0;bottom:0;left:0}}.elementor-widget-video .elementor-open-inline .elementor-custom-embed-image-overlay{position:absolute;top:0;right:0;bottom:0;left:0;background-size:cover;background-position:50%}.elementor-widget-video .elementor-custom-embed-image-overlay{cursor:pointer;text-align:center}.elementor-widget-video .elementor-custom-embed-image-overlay:hover .elementor-custom-embed-play i{opacity:1}.elementor-widget-video .elementor-custom-embed-image-overlay img{display:block;width:100%;aspect-ratio:var(--video-aspect-ratio);-o-object-fit:cover;object-fit:cover;-o-object-position:center center;object-position:center center}@supports not (aspect-ratio:1\/1){.elementor-widget-video .elementor-custom-embed-image-overlay{position:relative;overflow:hidden;height:0;padding-bottom:calc(100% \/ var(--video-aspect-ratio))}.elementor-widget-video .elementor-custom-embed-image-overlay img{position:absolute;top:0;right:0;bottom:0;left:0}}.elementor-widget-video .e-hosted-video .elementor-video{-o-object-fit:cover;object-fit:cover}.e-con-inner>.elementor-widget-video,.e-con>.elementor-widget-video{width:var(--container-widget-width);--flex-grow:var(--container-widget-flex-grow)}<\/style>\t\t<div class=\"elementor-wrapper elementor-open-inline\">\n\t\t\t<div class=\"elementor-video\"><\/div>\t\t<\/div>\n\t\t\t\t<\/div>\n\t\t\t\t<\/div>\n\t\t\t\t\t<\/div>\n\t\t\t\t<\/div>\n\t\t\t\t<\/div>\n\t\t","protected":false},"excerpt":{"rendered":"<p>Machine suitable for <strong>closing glass containers<\/strong> (jars and bottles) by means of <strong>TWIST-OFF CAPS<\/strong>.<\/p>\n<p><a class=\"pulsanterosso\" href=\"#caratteristiche\">Technical Specifications<\/a><\/p>\n","protected":false},"featured_media":9253,"template":"","meta":{"inline_featured_image":false},"product_cat":[73],"product_tag":[],"class_list":{"0":"post-9610","1":"product","2":"type-product","3":"status-publish","4":"has-post-thumbnail","6":"product_cat-twist-off-cappers-and-plastic-press-on-cappers","7":"pa_applicazione-full-containers","8":"pa_funzionamento-automatic","9":"pa_settore-cosmetics-and-detergents-en","10":"pa_settore-food","12":"first","13":"instock","14":"shipping-taxable","15":"product-type-simple"},"yoast_head":"<!-- This site is optimized with the Yoast SEO plugin v22.7 - https:\/\/yoast.com\/wordpress\/plugins\/seo\/ -->\n<title>Linear Capper Mod. C150 with Magnetic Feeder | STV Machinery<\/title>\n<meta name=\"description\" content=\"Our Magnetic Feeder Capping Machine is an automated system for sealing glass containers (jars and bottles) with TWIST-OFF CAPS.\" \/>\n<meta name=\"robots\" content=\"index, follow, max-snippet:-1, max-image-preview:large, max-video-preview:-1\" \/>\n<link rel=\"canonical\" href=\"https:\/\/www.stvmachinery.it\/en\/machinery\/twist-off-cappers-and-plastic-press-on-cappers\/linear-capper-mod-c150-with-magnetic-feeder\/\" \/>\n<meta property=\"og:locale\" content=\"en_US\" \/>\n<meta property=\"og:type\" content=\"article\" \/>\n<meta property=\"og:title\" content=\"Linear Capper Mod. C150 with Magnetic Feeder | STV Machinery\" \/>\n<meta property=\"og:description\" content=\"Our Magnetic Feeder Capping Machine is an automated system for sealing glass containers (jars and bottles) with TWIST-OFF CAPS.\" \/>\n<meta property=\"og:url\" content=\"https:\/\/www.stvmachinery.it\/en\/machinery\/twist-off-cappers-and-plastic-press-on-cappers\/linear-capper-mod-c150-with-magnetic-feeder\/\" \/>\n<meta property=\"og:site_name\" content=\"STV Machinery\" \/>\n<meta property=\"article:modified_time\" content=\"2025-11-24T11:48:21+00:00\" \/>\n<meta property=\"og:image\" content=\"https:\/\/www.stvmachinery.it\/wp-content\/uploads\/2024\/03\/Capsulatrice-con-Alimentatore-Magnetico.webp\" \/>\n\t<meta property=\"og:image:width\" content=\"1200\" \/>\n\t<meta property=\"og:image:height\" content=\"1200\" \/>\n\t<meta property=\"og:image:type\" content=\"image\/webp\" \/>\n<meta name=\"twitter:card\" content=\"summary_large_image\" \/>\n<script type=\"application\/ld+json\" class=\"yoast-schema-graph\">{\"@context\":\"https:\/\/schema.org\",\"@graph\":[{\"@type\":\"WebPage\",\"@id\":\"https:\/\/www.stvmachinery.it\/en\/machinery\/twist-off-cappers-and-plastic-press-on-cappers\/linear-capper-mod-c150-with-magnetic-feeder\/\",\"url\":\"https:\/\/www.stvmachinery.it\/en\/machinery\/twist-off-cappers-and-plastic-press-on-cappers\/linear-capper-mod-c150-with-magnetic-feeder\/\",\"name\":\"Linear Capper Mod. C150 with Magnetic Feeder | STV Machinery\",\"isPartOf\":{\"@id\":\"https:\/\/www.stvmachinery.it\/en\/#website\"},\"primaryImageOfPage\":{\"@id\":\"https:\/\/www.stvmachinery.it\/en\/machinery\/twist-off-cappers-and-plastic-press-on-cappers\/linear-capper-mod-c150-with-magnetic-feeder\/#primaryimage\"},\"image\":{\"@id\":\"https:\/\/www.stvmachinery.it\/en\/machinery\/twist-off-cappers-and-plastic-press-on-cappers\/linear-capper-mod-c150-with-magnetic-feeder\/#primaryimage\"},\"thumbnailUrl\":\"https:\/\/www.stvmachinery.it\/wp-content\/uploads\/2024\/03\/Capsulatrice-con-Alimentatore-Magnetico.webp\",\"datePublished\":\"2024-03-29T09:36:53+00:00\",\"dateModified\":\"2025-11-24T11:48:21+00:00\",\"description\":\"Our Magnetic Feeder Capping Machine is an automated system for sealing glass containers (jars and bottles) with TWIST-OFF CAPS.\",\"breadcrumb\":{\"@id\":\"https:\/\/www.stvmachinery.it\/en\/machinery\/twist-off-cappers-and-plastic-press-on-cappers\/linear-capper-mod-c150-with-magnetic-feeder\/#breadcrumb\"},\"inLanguage\":\"en-US\",\"potentialAction\":[{\"@type\":\"ReadAction\",\"target\":[\"https:\/\/www.stvmachinery.it\/en\/machinery\/twist-off-cappers-and-plastic-press-on-cappers\/linear-capper-mod-c150-with-magnetic-feeder\/\"]}]},{\"@type\":\"ImageObject\",\"inLanguage\":\"en-US\",\"@id\":\"https:\/\/www.stvmachinery.it\/en\/machinery\/twist-off-cappers-and-plastic-press-on-cappers\/linear-capper-mod-c150-with-magnetic-feeder\/#primaryimage\",\"url\":\"https:\/\/www.stvmachinery.it\/wp-content\/uploads\/2024\/03\/Capsulatrice-con-Alimentatore-Magnetico.webp\",\"contentUrl\":\"https:\/\/www.stvmachinery.it\/wp-content\/uploads\/2024\/03\/Capsulatrice-con-Alimentatore-Magnetico.webp\",\"width\":1200,\"height\":1200},{\"@type\":\"BreadcrumbList\",\"@id\":\"https:\/\/www.stvmachinery.it\/en\/machinery\/twist-off-cappers-and-plastic-press-on-cappers\/linear-capper-mod-c150-with-magnetic-feeder\/#breadcrumb\",\"itemListElement\":[{\"@type\":\"ListItem\",\"position\":1,\"name\":\"Home\",\"item\":\"https:\/\/www.stvmachinery.it\/en\/stv-machinery\/\"},{\"@type\":\"ListItem\",\"position\":2,\"name\":\"Machinery\",\"item\":\"https:\/\/www.stvmachinery.it\/macchinari\/\"},{\"@type\":\"ListItem\",\"position\":3,\"name\":\"Linear Capper Mod. C150 with Magnetic Feeder\"}]},{\"@type\":\"WebSite\",\"@id\":\"https:\/\/www.stvmachinery.it\/en\/#website\",\"url\":\"https:\/\/www.stvmachinery.it\/en\/\",\"name\":\"STV Machinery\",\"description\":\"Macchine ed impianti per l\u2019industria agroalimentare e conserviera\",\"publisher\":{\"@id\":\"https:\/\/www.stvmachinery.it\/en\/#organization\"},\"potentialAction\":[{\"@type\":\"SearchAction\",\"target\":{\"@type\":\"EntryPoint\",\"urlTemplate\":\"https:\/\/www.stvmachinery.it\/en\/?s={search_term_string}\"},\"query-input\":\"required name=search_term_string\"}],\"inLanguage\":\"en-US\"},{\"@type\":\"Organization\",\"@id\":\"https:\/\/www.stvmachinery.it\/en\/#organization\",\"name\":\"S.T.V. di Salati Giovanni & C. \u2013 S.n.c.\",\"alternateName\":\"STV Machinery\",\"url\":\"https:\/\/www.stvmachinery.it\/en\/\",\"logo\":{\"@type\":\"ImageObject\",\"inLanguage\":\"en-US\",\"@id\":\"https:\/\/www.stvmachinery.it\/en\/#\/schema\/logo\/image\/\",\"url\":\"https:\/\/www.stvmachinery.it\/wp-content\/uploads\/2021\/06\/stv-machinery-logo-positivo.png\",\"contentUrl\":\"https:\/\/www.stvmachinery.it\/wp-content\/uploads\/2021\/06\/stv-machinery-logo-positivo.png\",\"width\":481,\"height\":233,\"caption\":\"S.T.V. di Salati Giovanni & C. \u2013 S.n.c.\"},\"image\":{\"@id\":\"https:\/\/www.stvmachinery.it\/en\/#\/schema\/logo\/image\/\"},\"sameAs\":[\"https:\/\/it.linkedin.com\/company\/stv-machinery\",\"https:\/\/www.youtube.com\/channel\/UCceMPa8POjTOmZeA2_KUoeg\"]}]}<\/script>\n<!-- \/ Yoast SEO plugin. -->","yoast_head_json":{"title":"Linear Capper Mod. C150 with Magnetic Feeder | STV Machinery","description":"Our Magnetic Feeder Capping Machine is an automated system for sealing glass containers (jars and bottles) with TWIST-OFF CAPS.","robots":{"index":"index","follow":"follow","max-snippet":"max-snippet:-1","max-image-preview":"max-image-preview:large","max-video-preview":"max-video-preview:-1"},"canonical":"https:\/\/www.stvmachinery.it\/en\/machinery\/twist-off-cappers-and-plastic-press-on-cappers\/linear-capper-mod-c150-with-magnetic-feeder\/","og_locale":"en_US","og_type":"article","og_title":"Linear Capper Mod. C150 with Magnetic Feeder | STV Machinery","og_description":"Our Magnetic Feeder Capping Machine is an automated system for sealing glass containers (jars and bottles) with TWIST-OFF CAPS.","og_url":"https:\/\/www.stvmachinery.it\/en\/machinery\/twist-off-cappers-and-plastic-press-on-cappers\/linear-capper-mod-c150-with-magnetic-feeder\/","og_site_name":"STV Machinery","article_modified_time":"2025-11-24T11:48:21+00:00","og_image":[{"width":1200,"height":1200,"url":"https:\/\/www.stvmachinery.it\/wp-content\/uploads\/2024\/03\/Capsulatrice-con-Alimentatore-Magnetico.webp","type":"image\/webp"}],"twitter_card":"summary_large_image","schema":{"@context":"https:\/\/schema.org","@graph":[{"@type":"WebPage","@id":"https:\/\/www.stvmachinery.it\/en\/machinery\/twist-off-cappers-and-plastic-press-on-cappers\/linear-capper-mod-c150-with-magnetic-feeder\/","url":"https:\/\/www.stvmachinery.it\/en\/machinery\/twist-off-cappers-and-plastic-press-on-cappers\/linear-capper-mod-c150-with-magnetic-feeder\/","name":"Linear Capper Mod. C150 with Magnetic Feeder | STV Machinery","isPartOf":{"@id":"https:\/\/www.stvmachinery.it\/en\/#website"},"primaryImageOfPage":{"@id":"https:\/\/www.stvmachinery.it\/en\/machinery\/twist-off-cappers-and-plastic-press-on-cappers\/linear-capper-mod-c150-with-magnetic-feeder\/#primaryimage"},"image":{"@id":"https:\/\/www.stvmachinery.it\/en\/machinery\/twist-off-cappers-and-plastic-press-on-cappers\/linear-capper-mod-c150-with-magnetic-feeder\/#primaryimage"},"thumbnailUrl":"https:\/\/www.stvmachinery.it\/wp-content\/uploads\/2024\/03\/Capsulatrice-con-Alimentatore-Magnetico.webp","datePublished":"2024-03-29T09:36:53+00:00","dateModified":"2025-11-24T11:48:21+00:00","description":"Our Magnetic Feeder Capping Machine is an automated system for sealing glass containers (jars and bottles) with TWIST-OFF CAPS.","breadcrumb":{"@id":"https:\/\/www.stvmachinery.it\/en\/machinery\/twist-off-cappers-and-plastic-press-on-cappers\/linear-capper-mod-c150-with-magnetic-feeder\/#breadcrumb"},"inLanguage":"en-US","potentialAction":[{"@type":"ReadAction","target":["https:\/\/www.stvmachinery.it\/en\/machinery\/twist-off-cappers-and-plastic-press-on-cappers\/linear-capper-mod-c150-with-magnetic-feeder\/"]}]},{"@type":"ImageObject","inLanguage":"en-US","@id":"https:\/\/www.stvmachinery.it\/en\/machinery\/twist-off-cappers-and-plastic-press-on-cappers\/linear-capper-mod-c150-with-magnetic-feeder\/#primaryimage","url":"https:\/\/www.stvmachinery.it\/wp-content\/uploads\/2024\/03\/Capsulatrice-con-Alimentatore-Magnetico.webp","contentUrl":"https:\/\/www.stvmachinery.it\/wp-content\/uploads\/2024\/03\/Capsulatrice-con-Alimentatore-Magnetico.webp","width":1200,"height":1200},{"@type":"BreadcrumbList","@id":"https:\/\/www.stvmachinery.it\/en\/machinery\/twist-off-cappers-and-plastic-press-on-cappers\/linear-capper-mod-c150-with-magnetic-feeder\/#breadcrumb","itemListElement":[{"@type":"ListItem","position":1,"name":"Home","item":"https:\/\/www.stvmachinery.it\/en\/stv-machinery\/"},{"@type":"ListItem","position":2,"name":"Machinery","item":"https:\/\/www.stvmachinery.it\/macchinari\/"},{"@type":"ListItem","position":3,"name":"Linear Capper Mod. C150 with Magnetic Feeder"}]},{"@type":"WebSite","@id":"https:\/\/www.stvmachinery.it\/en\/#website","url":"https:\/\/www.stvmachinery.it\/en\/","name":"STV Machinery","description":"Macchine ed impianti per l\u2019industria agroalimentare e conserviera","publisher":{"@id":"https:\/\/www.stvmachinery.it\/en\/#organization"},"potentialAction":[{"@type":"SearchAction","target":{"@type":"EntryPoint","urlTemplate":"https:\/\/www.stvmachinery.it\/en\/?s={search_term_string}"},"query-input":"required name=search_term_string"}],"inLanguage":"en-US"},{"@type":"Organization","@id":"https:\/\/www.stvmachinery.it\/en\/#organization","name":"S.T.V. di Salati Giovanni & C. \u2013 S.n.c.","alternateName":"STV Machinery","url":"https:\/\/www.stvmachinery.it\/en\/","logo":{"@type":"ImageObject","inLanguage":"en-US","@id":"https:\/\/www.stvmachinery.it\/en\/#\/schema\/logo\/image\/","url":"https:\/\/www.stvmachinery.it\/wp-content\/uploads\/2021\/06\/stv-machinery-logo-positivo.png","contentUrl":"https:\/\/www.stvmachinery.it\/wp-content\/uploads\/2021\/06\/stv-machinery-logo-positivo.png","width":481,"height":233,"caption":"S.T.V. di Salati Giovanni & C. \u2013 S.n.c."},"image":{"@id":"https:\/\/www.stvmachinery.it\/en\/#\/schema\/logo\/image\/"},"sameAs":["https:\/\/it.linkedin.com\/company\/stv-machinery","https:\/\/www.youtube.com\/channel\/UCceMPa8POjTOmZeA2_KUoeg"]}]}},"_links":{"self":[{"href":"https:\/\/www.stvmachinery.it\/en\/wp-json\/wp\/v2\/product\/9610","targetHints":{"allow":["GET"]}}],"collection":[{"href":"https:\/\/www.stvmachinery.it\/en\/wp-json\/wp\/v2\/product"}],"about":[{"href":"https:\/\/www.stvmachinery.it\/en\/wp-json\/wp\/v2\/types\/product"}],"version-history":[{"count":7,"href":"https:\/\/www.stvmachinery.it\/en\/wp-json\/wp\/v2\/product\/9610\/revisions"}],"predecessor-version":[{"id":11215,"href":"https:\/\/www.stvmachinery.it\/en\/wp-json\/wp\/v2\/product\/9610\/revisions\/11215"}],"wp:featuredmedia":[{"embeddable":true,"href":"https:\/\/www.stvmachinery.it\/en\/wp-json\/wp\/v2\/media\/9253"}],"wp:attachment":[{"href":"https:\/\/www.stvmachinery.it\/en\/wp-json\/wp\/v2\/media?parent=9610"}],"wp:term":[{"taxonomy":"product_cat","embeddable":true,"href":"https:\/\/www.stvmachinery.it\/en\/wp-json\/wp\/v2\/product_cat?post=9610"},{"taxonomy":"product_tag","embeddable":true,"href":"https:\/\/www.stvmachinery.it\/en\/wp-json\/wp\/v2\/product_tag?post=9610"}],"curies":[{"name":"wp","href":"https:\/\/api.w.org\/{rel}","templated":true}]}}