{"id":9677,"date":"2024-03-22T09:26:45","date_gmt":"2024-03-22T08:26:45","guid":{"rendered":"https:\/\/www.stvmachinery.it\/macchinari\/uncategorized\/piston-filler-mod-drp\/"},"modified":"2025-11-24T15:57:24","modified_gmt":"2025-11-24T14:57:24","slug":"piston-filler-mod-drp","status":"publish","type":"product","link":"https:\/\/www.stvmachinery.it\/en\/machinery\/linear-and-rotary-fillers\/piston-filler-mod-drp\/","title":{"rendered":"Piston Filler Mod. DRP"},"content":{"rendered":"\t\t<div data-elementor-type=\"product-post\" data-elementor-id=\"9677\" class=\"elementor elementor-9677 elementor-8396\" data-elementor-post-type=\"product\">\n\t\t\t\t<div class=\"elementor-element elementor-element-46a5c91 e-flex e-con-boxed e-con e-parent\" data-id=\"46a5c91\" data-element_type=\"container\" id=\"caratteristiche\">\n\t\t\t\t\t<div class=\"e-con-inner\">\n\t\t\t\t<div class=\"elementor-element elementor-element-7aea20b elementor-widget elementor-widget-text-editor\" data-id=\"7aea20b\" data-element_type=\"widget\" data-widget_type=\"text-editor.default\">\n\t\t\t\t<div class=\"elementor-widget-container\">\n\t\t\t<style>\/*! elementor - v3.21.0 - 08-05-2024 *\/\n.elementor-widget-text-editor.elementor-drop-cap-view-stacked .elementor-drop-cap{background-color:#69727d;color:#fff}.elementor-widget-text-editor.elementor-drop-cap-view-framed .elementor-drop-cap{color:#69727d;border:3px solid;background-color:transparent}.elementor-widget-text-editor:not(.elementor-drop-cap-view-default) .elementor-drop-cap{margin-top:8px}.elementor-widget-text-editor:not(.elementor-drop-cap-view-default) .elementor-drop-cap-letter{width:1em;height:1em}.elementor-widget-text-editor .elementor-drop-cap{float:left;text-align:center;line-height:1;font-size:50px}.elementor-widget-text-editor .elementor-drop-cap-letter{display:inline-block}<\/style>\t\t\t\t<h3 class=\"product-item-title\">Functioning<\/h3>\n<p>In the first phase, during the machine\u2019s rotation, the cylinder is filled aspirating the product from the tank by means of the cam which controls the pistons; in the second phase the product is transferred into the container by means of the nozzle connected to the diverting valve\u2019s body.<\/p>\n<p>The <strong>filling volume<\/strong> is <strong>adjustable<\/strong> from the control panel by means of a motorized cam according to the container size.<\/p>\n<p>If necessary, after the format changeover it is possible to optimise the filling precision by intervening on the control panel even with the machine in operation.<br \/>After the filling the container is gently moved to the <strong>Capper<\/strong>.<\/p>\n\t\t\t\t\t\t<\/div>\n\t\t\t\t<\/div>\n\t\t\t\t<div class=\"elementor-element elementor-element-f23acf2 elementor-widget elementor-widget-ld_button\" data-id=\"f23acf2\" data-element_type=\"widget\" data-widget_type=\"ld_button.default\">\n\t\t\t\t<div class=\"elementor-widget-container\">\n\t\t\t\n\t\t\t<a\n\t\t\t\thref=\"https:\/\/www.stvmachinery.it\/cataloghi\/STV-Rotary-Piston-Filler.pdf\" target=\"_blank\"class=\"elementor-button btn btn-solid btn-icon-shaped btn-has-label\"\t\t\t>\n\t\t\t\t\t\t\t\t\t<span data-text=\"Download the datasheet\" class=\"btn-txt\">\n\t\t\t\t\t\tDownload the datasheet\t\t\t\t\t<\/span>\n\t\t\t\t\t\t\t\t\t\t\t<\/a>\n\t\t\t\t\t<\/div>\n\t\t\t\t<\/div>\n\t\t\t\t\t<\/div>\n\t\t\t\t<\/div>\n\t\t<div class=\"elementor-element elementor-element-7bffd7d e-flex e-con-boxed e-con e-parent\" data-id=\"7bffd7d\" data-element_type=\"container\">\n\t\t\t\t\t<div class=\"e-con-inner\">\n\t\t\t\t<div class=\"elementor-element elementor-element-a84dc14 elementor-widget elementor-widget-text-editor\" data-id=\"a84dc14\" data-element_type=\"widget\" data-widget_type=\"text-editor.default\">\n\t\t\t\t<div class=\"elementor-widget-container\">\n\t\t\t\t\t\t\t<h3 class=\"product-item-title\">Manufacturing Features<\/h3>\n<ul>\n<li>Basement with supporting plate in carbon steel, structure and total covering with inspection doors in AISI 304 stainless steel.<\/li>\n<li>Upper rotating carousel supporting the product tank and the dosing pistons with electromechanical device for height adjustment.<\/li>\n<li>Product tank in AISI 316 stainless steel with internal mirror polishing and level control device.<\/li>\n<li>Each dosing unit is composed of one coaxial cylinder with piston, a body valve in AISI 316 stainless steel and a cock in special material.<\/li>\n<li>Lower rotating carrousel for containers support.<br \/>Equipment for one size of container supplied with the machine.<\/li>\n<li>Quick changeover of the equipment for a container of different diameter.<\/li>\n<li>Electric control board in stainless steel.<\/li>\n<li>Safety protection system as per CE norms.\n<p>The base version corresponds to the model DRP, which is equipped with a lower rotating carrousel with fixed plates for containers support.<\/p>\n<\/li>\n<\/ul>\n\t\t\t\t\t\t<\/div>\n\t\t\t\t<\/div>\n\t\t\t\t\t<\/div>\n\t\t\t\t<\/div>\n\t\t<div class=\"elementor-element elementor-element-c7ed517 e-flex e-con-boxed e-con e-parent\" data-id=\"c7ed517\" data-element_type=\"container\" data-settings=\"{&quot;background_background&quot;:&quot;classic&quot;}\">\n\t\t\t\t\t<div class=\"e-con-inner\">\n\t\t\t\t<div class=\"elementor-element elementor-element-116f8a5 elementor-widget elementor-widget-heading\" data-id=\"116f8a5\" data-element_type=\"widget\" data-widget_type=\"heading.default\">\n\t\t\t\t<div class=\"elementor-widget-container\">\n\t\t\t<style>\/*! elementor - v3.21.0 - 08-05-2024 *\/\n.elementor-heading-title{padding:0;margin:0;line-height:1}.elementor-widget-heading .elementor-heading-title[class*=elementor-size-]>a{color:inherit;font-size:inherit;line-height:inherit}.elementor-widget-heading .elementor-heading-title.elementor-size-small{font-size:15px}.elementor-widget-heading .elementor-heading-title.elementor-size-medium{font-size:19px}.elementor-widget-heading .elementor-heading-title.elementor-size-large{font-size:29px}.elementor-widget-heading .elementor-heading-title.elementor-size-xl{font-size:39px}.elementor-widget-heading .elementor-heading-title.elementor-size-xxl{font-size:59px}<\/style><h4 class=\"elementor-heading-title elementor-size-default\">Optionals<\/h4>\t\t<\/div>\n\t\t\t\t<\/div>\n\t\t\t\t<div class=\"elementor-element elementor-element-d9120d9 elementor-widget elementor-widget-text-editor\" data-id=\"d9120d9\" data-element_type=\"widget\" data-widget_type=\"text-editor.default\">\n\t\t\t\t<div class=\"elementor-widget-container\">\n\t\t\t\t\t\t\t<p><strong>FOR VISCOUS PRODUCTS<\/strong> (mayonnaise or dense sauces) TWO PISTON FILLER VERSIONS ARE AVAILABLE. BOTH ALLOW TO FILL CONTAINERS FROM THE BOTTOM, so as to avoid the possible formation of air bubbles:<\/p>\n<ul>\n<li><strong>VERSION DRP\/PMM<\/strong> with lower rotating carrousel supporting a series of mobile plates controlled by a mechanical cam.<\/li>\n<li><strong>VERSION DRP\/PME<\/strong> with lower rotating carrousel supporting a series of mobile plates with electronically controlled plates lifting system <strong>(STV patent)<\/strong>.<\/li>\n<\/ul>\n<p>The electronic control system allows to carry out the format changeover automatically by selecting pre-set recipes from the <strong>Touch-Screen<\/strong> with significant time saving.<br \/>Moreover the filling volume is <strong>adjustable also micrometrically with the machine in operation<\/strong>.<br \/><strong>This system allows for a considerable amount of time to be saved when changing formats.<\/strong><\/p>\n\t\t\t\t\t\t<\/div>\n\t\t\t\t<\/div>\n\t\t\t\t\t<\/div>\n\t\t\t\t<\/div>\n\t\t<div class=\"elementor-element elementor-element-39d7cb1 e-flex e-con-boxed e-con e-parent\" data-id=\"39d7cb1\" data-element_type=\"container\" data-settings=\"{&quot;background_background&quot;:&quot;classic&quot;}\">\n\t\t\t\t\t<div class=\"e-con-inner\">\n\t\t\t\t<div class=\"elementor-element elementor-element-e78a0f1 elementor-widget elementor-widget-heading\" data-id=\"e78a0f1\" data-element_type=\"widget\" data-widget_type=\"heading.default\">\n\t\t\t\t<div class=\"elementor-widget-container\">\n\t\t\t<h4 class=\"elementor-heading-title elementor-size-default\">Technical Data<\/h4>\t\t<\/div>\n\t\t\t\t<\/div>\n\t\t\t\t<div class=\"elementor-element elementor-element-023a0a3 elementor-widget elementor-widget-ld_table\" data-id=\"023a0a3\" data-element_type=\"widget\" data-widget_type=\"ld_table.default\">\n\t\t\t\t<div class=\"elementor-widget-container\">\n\t\t\t<table><tr><td class=\"elementor-repeater-item-d804713\">Capacity<\/td><td class=\"elementor-repeater-item-ad5b077\">variable according to the number n\u00b0 of pistons (6, 8, 12, 20, 24 up to 40) <\/td><\/tr><tr><td class=\"elementor-repeater-item-72c5074\">Installed power<\/td><td class=\"elementor-repeater-item-0f05e35\">kW 3 approx.<\/td><\/tr><tr><td class=\"elementor-repeater-item-4be9d2e\">Length<\/td><td class=\"elementor-repeater-item-485afe4\">3.000 mm approx.<\/td><\/tr><tr><td class=\"elementor-repeater-item-17bf94c\">Width<\/td><td class=\"elementor-repeater-item-fc43756\">1.800 mm approx.<\/td><\/tr><\/table>\t\t<\/div>\n\t\t\t\t<\/div>\n\t\t\t\t\t<\/div>\n\t\t\t\t<\/div>\n\t\t<div class=\"elementor-element elementor-element-b862990 e-flex e-con-boxed e-con e-parent\" data-id=\"b862990\" data-element_type=\"container\" data-settings=\"{&quot;background_background&quot;:&quot;classic&quot;}\">\n\t\t\t\t\t<div class=\"e-con-inner\">\n\t\t\t\t<div class=\"elementor-element elementor-element-bb5a09f elementor-widget elementor-widget-heading\" data-id=\"bb5a09f\" data-element_type=\"widget\" data-widget_type=\"heading.default\">\n\t\t\t\t<div class=\"elementor-widget-container\">\n\t\t\t<h4 class=\"elementor-heading-title elementor-size-default\">Video<\/h4>\t\t<\/div>\n\t\t\t\t<\/div>\n\t\t\t\t<div class=\"elementor-element elementor-element-8326f34 elementor-widget elementor-widget-video\" data-id=\"8326f34\" data-element_type=\"widget\" data-settings=\"{&quot;youtube_url&quot;:&quot;https:\\\/\\\/youtu.be\\\/nUsw8K0UNns&quot;,&quot;video_type&quot;:&quot;youtube&quot;,&quot;controls&quot;:&quot;yes&quot;}\" data-widget_type=\"video.default\">\n\t\t\t\t<div class=\"elementor-widget-container\">\n\t\t\t<style>\/*! elementor - v3.21.0 - 08-05-2024 *\/\n.elementor-widget-video .elementor-widget-container{overflow:hidden;transform:translateZ(0)}.elementor-widget-video .elementor-wrapper{aspect-ratio:var(--video-aspect-ratio)}.elementor-widget-video .elementor-wrapper iframe,.elementor-widget-video .elementor-wrapper video{height:100%;width:100%;display:flex;border:none;background-color:#000}@supports not (aspect-ratio:1\/1){.elementor-widget-video .elementor-wrapper{position:relative;overflow:hidden;height:0;padding-bottom:calc(100% \/ var(--video-aspect-ratio))}.elementor-widget-video .elementor-wrapper iframe,.elementor-widget-video .elementor-wrapper video{position:absolute;top:0;right:0;bottom:0;left:0}}.elementor-widget-video .elementor-open-inline .elementor-custom-embed-image-overlay{position:absolute;top:0;right:0;bottom:0;left:0;background-size:cover;background-position:50%}.elementor-widget-video .elementor-custom-embed-image-overlay{cursor:pointer;text-align:center}.elementor-widget-video .elementor-custom-embed-image-overlay:hover .elementor-custom-embed-play i{opacity:1}.elementor-widget-video .elementor-custom-embed-image-overlay img{display:block;width:100%;aspect-ratio:var(--video-aspect-ratio);-o-object-fit:cover;object-fit:cover;-o-object-position:center center;object-position:center center}@supports not (aspect-ratio:1\/1){.elementor-widget-video .elementor-custom-embed-image-overlay{position:relative;overflow:hidden;height:0;padding-bottom:calc(100% \/ var(--video-aspect-ratio))}.elementor-widget-video .elementor-custom-embed-image-overlay img{position:absolute;top:0;right:0;bottom:0;left:0}}.elementor-widget-video .e-hosted-video .elementor-video{-o-object-fit:cover;object-fit:cover}.e-con-inner>.elementor-widget-video,.e-con>.elementor-widget-video{width:var(--container-widget-width);--flex-grow:var(--container-widget-flex-grow)}<\/style>\t\t<div class=\"elementor-wrapper elementor-open-inline\">\n\t\t\t<div class=\"elementor-video\"><\/div>\t\t<\/div>\n\t\t\t\t<\/div>\n\t\t\t\t<\/div>\n\t\t\t\t\t<\/div>\n\t\t\t\t<\/div>\n\t\t\t\t<\/div>\n\t\t","protected":false},"excerpt":{"rendered":"<p>Machine suitable for <strong>filling glass, metal or plastic containers such as PET with dense or semi-dense products, even containing solid parts<\/strong> (concentrated and tomato pulp, ketchup, mayonnaise, mustard, sauces, p\u00e2t\u00e9, jams, pur\u00e9es, creams, baby food, etc.).<br \/>\nContainers feeding by a conveyor, a screw which adjusts the containers pace and a transferring star which positions the containers under the dosing pistons.<\/p>\n<p><a class=\"pulsanterosso\" href=\"#caratteristiche\">Technical Specifications<\/a><\/p>\n","protected":false},"featured_media":9105,"template":"","meta":{"inline_featured_image":false},"product_cat":[76],"product_tag":[],"class_list":{"0":"post-9677","1":"product","2":"type-product","3":"status-publish","4":"has-post-thumbnail","6":"product_cat-linear-and-rotary-fillers","7":"pa_applicazione-dense-and-semi-dense-products","8":"pa_funzionamento-automatic","9":"pa_settore-chemicals-and-fertilizers","10":"pa_settore-cosmetics-and-detergents-en","11":"pa_settore-food","13":"first","14":"instock","15":"shipping-taxable","16":"product-type-simple"},"yoast_head":"<!-- This site is optimized with the Yoast SEO plugin v22.7 - https:\/\/yoast.com\/wordpress\/plugins\/seo\/ -->\n<title>Piston Filler Mod. DRP | STV Machinery<\/title>\n<meta name=\"description\" content=\"Piston Filler is a Machine suitable to fill glass \/ metal \/ PET containers with dense or semi-dense products even containing small solid pieces.\" \/>\n<meta name=\"robots\" content=\"index, follow, max-snippet:-1, max-image-preview:large, max-video-preview:-1\" \/>\n<link rel=\"canonical\" href=\"https:\/\/www.stvmachinery.it\/en\/machinery\/linear-and-rotary-fillers\/piston-filler-mod-drp\/\" \/>\n<meta property=\"og:locale\" content=\"en_US\" \/>\n<meta property=\"og:type\" content=\"article\" \/>\n<meta property=\"og:title\" content=\"Piston Filler Mod. DRP | STV Machinery\" \/>\n<meta property=\"og:description\" content=\"Piston Filler is a Machine suitable to fill glass \/ metal \/ PET containers with dense or semi-dense products even containing small solid pieces.\" \/>\n<meta property=\"og:url\" content=\"https:\/\/www.stvmachinery.it\/en\/machinery\/linear-and-rotary-fillers\/piston-filler-mod-drp\/\" \/>\n<meta property=\"og:site_name\" content=\"STV Machinery\" \/>\n<meta property=\"article:modified_time\" content=\"2025-11-24T14:57:24+00:00\" \/>\n<meta property=\"og:image\" content=\"https:\/\/www.stvmachinery.it\/wp-content\/uploads\/2024\/03\/Piston-Filler-DRP.webp\" \/>\n\t<meta property=\"og:image:width\" content=\"1200\" \/>\n\t<meta property=\"og:image:height\" content=\"1200\" \/>\n\t<meta property=\"og:image:type\" content=\"image\/webp\" \/>\n<meta name=\"twitter:card\" content=\"summary_large_image\" \/>\n<script type=\"application\/ld+json\" class=\"yoast-schema-graph\">{\"@context\":\"https:\/\/schema.org\",\"@graph\":[{\"@type\":\"WebPage\",\"@id\":\"https:\/\/www.stvmachinery.it\/en\/machinery\/linear-and-rotary-fillers\/piston-filler-mod-drp\/\",\"url\":\"https:\/\/www.stvmachinery.it\/en\/machinery\/linear-and-rotary-fillers\/piston-filler-mod-drp\/\",\"name\":\"Piston Filler Mod. DRP | STV Machinery\",\"isPartOf\":{\"@id\":\"https:\/\/www.stvmachinery.it\/en\/#website\"},\"primaryImageOfPage\":{\"@id\":\"https:\/\/www.stvmachinery.it\/en\/machinery\/linear-and-rotary-fillers\/piston-filler-mod-drp\/#primaryimage\"},\"image\":{\"@id\":\"https:\/\/www.stvmachinery.it\/en\/machinery\/linear-and-rotary-fillers\/piston-filler-mod-drp\/#primaryimage\"},\"thumbnailUrl\":\"https:\/\/www.stvmachinery.it\/wp-content\/uploads\/2024\/03\/Piston-Filler-DRP.webp\",\"datePublished\":\"2024-03-22T08:26:45+00:00\",\"dateModified\":\"2025-11-24T14:57:24+00:00\",\"description\":\"Piston Filler is a Machine suitable to fill glass \/ metal \/ PET containers with dense or semi-dense products even containing small solid pieces.\",\"breadcrumb\":{\"@id\":\"https:\/\/www.stvmachinery.it\/en\/machinery\/linear-and-rotary-fillers\/piston-filler-mod-drp\/#breadcrumb\"},\"inLanguage\":\"en-US\",\"potentialAction\":[{\"@type\":\"ReadAction\",\"target\":[\"https:\/\/www.stvmachinery.it\/en\/machinery\/linear-and-rotary-fillers\/piston-filler-mod-drp\/\"]}]},{\"@type\":\"ImageObject\",\"inLanguage\":\"en-US\",\"@id\":\"https:\/\/www.stvmachinery.it\/en\/machinery\/linear-and-rotary-fillers\/piston-filler-mod-drp\/#primaryimage\",\"url\":\"https:\/\/www.stvmachinery.it\/wp-content\/uploads\/2024\/03\/Piston-Filler-DRP.webp\",\"contentUrl\":\"https:\/\/www.stvmachinery.it\/wp-content\/uploads\/2024\/03\/Piston-Filler-DRP.webp\",\"width\":1200,\"height\":1200},{\"@type\":\"BreadcrumbList\",\"@id\":\"https:\/\/www.stvmachinery.it\/en\/machinery\/linear-and-rotary-fillers\/piston-filler-mod-drp\/#breadcrumb\",\"itemListElement\":[{\"@type\":\"ListItem\",\"position\":1,\"name\":\"Home\",\"item\":\"https:\/\/www.stvmachinery.it\/en\/stv-machinery\/\"},{\"@type\":\"ListItem\",\"position\":2,\"name\":\"Machinery\",\"item\":\"https:\/\/www.stvmachinery.it\/macchinari\/\"},{\"@type\":\"ListItem\",\"position\":3,\"name\":\"Piston Filler Mod. DRP\"}]},{\"@type\":\"WebSite\",\"@id\":\"https:\/\/www.stvmachinery.it\/en\/#website\",\"url\":\"https:\/\/www.stvmachinery.it\/en\/\",\"name\":\"STV Machinery\",\"description\":\"Macchine ed impianti per l\u2019industria agroalimentare e conserviera\",\"publisher\":{\"@id\":\"https:\/\/www.stvmachinery.it\/en\/#organization\"},\"potentialAction\":[{\"@type\":\"SearchAction\",\"target\":{\"@type\":\"EntryPoint\",\"urlTemplate\":\"https:\/\/www.stvmachinery.it\/en\/?s={search_term_string}\"},\"query-input\":\"required name=search_term_string\"}],\"inLanguage\":\"en-US\"},{\"@type\":\"Organization\",\"@id\":\"https:\/\/www.stvmachinery.it\/en\/#organization\",\"name\":\"S.T.V. di Salati Giovanni & C. \u2013 S.n.c.\",\"alternateName\":\"STV Machinery\",\"url\":\"https:\/\/www.stvmachinery.it\/en\/\",\"logo\":{\"@type\":\"ImageObject\",\"inLanguage\":\"en-US\",\"@id\":\"https:\/\/www.stvmachinery.it\/en\/#\/schema\/logo\/image\/\",\"url\":\"https:\/\/www.stvmachinery.it\/wp-content\/uploads\/2021\/06\/stv-machinery-logo-positivo.png\",\"contentUrl\":\"https:\/\/www.stvmachinery.it\/wp-content\/uploads\/2021\/06\/stv-machinery-logo-positivo.png\",\"width\":481,\"height\":233,\"caption\":\"S.T.V. di Salati Giovanni & C. \u2013 S.n.c.\"},\"image\":{\"@id\":\"https:\/\/www.stvmachinery.it\/en\/#\/schema\/logo\/image\/\"},\"sameAs\":[\"https:\/\/it.linkedin.com\/company\/stv-machinery\",\"https:\/\/www.youtube.com\/channel\/UCceMPa8POjTOmZeA2_KUoeg\"]}]}<\/script>\n<!-- \/ Yoast SEO plugin. -->","yoast_head_json":{"title":"Piston Filler Mod. DRP | STV Machinery","description":"Piston Filler is a Machine suitable to fill glass \/ metal \/ PET containers with dense or semi-dense products even containing small solid pieces.","robots":{"index":"index","follow":"follow","max-snippet":"max-snippet:-1","max-image-preview":"max-image-preview:large","max-video-preview":"max-video-preview:-1"},"canonical":"https:\/\/www.stvmachinery.it\/en\/machinery\/linear-and-rotary-fillers\/piston-filler-mod-drp\/","og_locale":"en_US","og_type":"article","og_title":"Piston Filler Mod. DRP | STV Machinery","og_description":"Piston Filler is a Machine suitable to fill glass \/ metal \/ PET containers with dense or semi-dense products even containing small solid pieces.","og_url":"https:\/\/www.stvmachinery.it\/en\/machinery\/linear-and-rotary-fillers\/piston-filler-mod-drp\/","og_site_name":"STV Machinery","article_modified_time":"2025-11-24T14:57:24+00:00","og_image":[{"width":1200,"height":1200,"url":"https:\/\/www.stvmachinery.it\/wp-content\/uploads\/2024\/03\/Piston-Filler-DRP.webp","type":"image\/webp"}],"twitter_card":"summary_large_image","schema":{"@context":"https:\/\/schema.org","@graph":[{"@type":"WebPage","@id":"https:\/\/www.stvmachinery.it\/en\/machinery\/linear-and-rotary-fillers\/piston-filler-mod-drp\/","url":"https:\/\/www.stvmachinery.it\/en\/machinery\/linear-and-rotary-fillers\/piston-filler-mod-drp\/","name":"Piston Filler Mod. DRP | STV Machinery","isPartOf":{"@id":"https:\/\/www.stvmachinery.it\/en\/#website"},"primaryImageOfPage":{"@id":"https:\/\/www.stvmachinery.it\/en\/machinery\/linear-and-rotary-fillers\/piston-filler-mod-drp\/#primaryimage"},"image":{"@id":"https:\/\/www.stvmachinery.it\/en\/machinery\/linear-and-rotary-fillers\/piston-filler-mod-drp\/#primaryimage"},"thumbnailUrl":"https:\/\/www.stvmachinery.it\/wp-content\/uploads\/2024\/03\/Piston-Filler-DRP.webp","datePublished":"2024-03-22T08:26:45+00:00","dateModified":"2025-11-24T14:57:24+00:00","description":"Piston Filler is a Machine suitable to fill glass \/ metal \/ PET containers with dense or semi-dense products even containing small solid pieces.","breadcrumb":{"@id":"https:\/\/www.stvmachinery.it\/en\/machinery\/linear-and-rotary-fillers\/piston-filler-mod-drp\/#breadcrumb"},"inLanguage":"en-US","potentialAction":[{"@type":"ReadAction","target":["https:\/\/www.stvmachinery.it\/en\/machinery\/linear-and-rotary-fillers\/piston-filler-mod-drp\/"]}]},{"@type":"ImageObject","inLanguage":"en-US","@id":"https:\/\/www.stvmachinery.it\/en\/machinery\/linear-and-rotary-fillers\/piston-filler-mod-drp\/#primaryimage","url":"https:\/\/www.stvmachinery.it\/wp-content\/uploads\/2024\/03\/Piston-Filler-DRP.webp","contentUrl":"https:\/\/www.stvmachinery.it\/wp-content\/uploads\/2024\/03\/Piston-Filler-DRP.webp","width":1200,"height":1200},{"@type":"BreadcrumbList","@id":"https:\/\/www.stvmachinery.it\/en\/machinery\/linear-and-rotary-fillers\/piston-filler-mod-drp\/#breadcrumb","itemListElement":[{"@type":"ListItem","position":1,"name":"Home","item":"https:\/\/www.stvmachinery.it\/en\/stv-machinery\/"},{"@type":"ListItem","position":2,"name":"Machinery","item":"https:\/\/www.stvmachinery.it\/macchinari\/"},{"@type":"ListItem","position":3,"name":"Piston Filler Mod. DRP"}]},{"@type":"WebSite","@id":"https:\/\/www.stvmachinery.it\/en\/#website","url":"https:\/\/www.stvmachinery.it\/en\/","name":"STV Machinery","description":"Macchine ed impianti per l\u2019industria agroalimentare e conserviera","publisher":{"@id":"https:\/\/www.stvmachinery.it\/en\/#organization"},"potentialAction":[{"@type":"SearchAction","target":{"@type":"EntryPoint","urlTemplate":"https:\/\/www.stvmachinery.it\/en\/?s={search_term_string}"},"query-input":"required name=search_term_string"}],"inLanguage":"en-US"},{"@type":"Organization","@id":"https:\/\/www.stvmachinery.it\/en\/#organization","name":"S.T.V. di Salati Giovanni & C. \u2013 S.n.c.","alternateName":"STV Machinery","url":"https:\/\/www.stvmachinery.it\/en\/","logo":{"@type":"ImageObject","inLanguage":"en-US","@id":"https:\/\/www.stvmachinery.it\/en\/#\/schema\/logo\/image\/","url":"https:\/\/www.stvmachinery.it\/wp-content\/uploads\/2021\/06\/stv-machinery-logo-positivo.png","contentUrl":"https:\/\/www.stvmachinery.it\/wp-content\/uploads\/2021\/06\/stv-machinery-logo-positivo.png","width":481,"height":233,"caption":"S.T.V. di Salati Giovanni & C. \u2013 S.n.c."},"image":{"@id":"https:\/\/www.stvmachinery.it\/en\/#\/schema\/logo\/image\/"},"sameAs":["https:\/\/it.linkedin.com\/company\/stv-machinery","https:\/\/www.youtube.com\/channel\/UCceMPa8POjTOmZeA2_KUoeg"]}]}},"_links":{"self":[{"href":"https:\/\/www.stvmachinery.it\/en\/wp-json\/wp\/v2\/product\/9677","targetHints":{"allow":["GET"]}}],"collection":[{"href":"https:\/\/www.stvmachinery.it\/en\/wp-json\/wp\/v2\/product"}],"about":[{"href":"https:\/\/www.stvmachinery.it\/en\/wp-json\/wp\/v2\/types\/product"}],"version-history":[{"count":6,"href":"https:\/\/www.stvmachinery.it\/en\/wp-json\/wp\/v2\/product\/9677\/revisions"}],"predecessor-version":[{"id":11349,"href":"https:\/\/www.stvmachinery.it\/en\/wp-json\/wp\/v2\/product\/9677\/revisions\/11349"}],"wp:featuredmedia":[{"embeddable":true,"href":"https:\/\/www.stvmachinery.it\/en\/wp-json\/wp\/v2\/media\/9105"}],"wp:attachment":[{"href":"https:\/\/www.stvmachinery.it\/en\/wp-json\/wp\/v2\/media?parent=9677"}],"wp:term":[{"taxonomy":"product_cat","embeddable":true,"href":"https:\/\/www.stvmachinery.it\/en\/wp-json\/wp\/v2\/product_cat?post=9677"},{"taxonomy":"product_tag","embeddable":true,"href":"https:\/\/www.stvmachinery.it\/en\/wp-json\/wp\/v2\/product_tag?post=9677"}],"curies":[{"name":"wp","href":"https:\/\/api.w.org\/{rel}","templated":true}]}}