{"id":10179,"date":"2024-05-14T13:57:27","date_gmt":"2024-05-14T12:57:27","guid":{"rendered":"https:\/\/www.stvmachinery.it\/financiacion-de-la-region-emilia-romagna\/"},"modified":"2024-05-23T08:38:59","modified_gmt":"2024-05-23T07:38:59","slug":"financiacion-de-la-region-emilia-romagna","status":"publish","type":"page","link":"https:\/\/www.stvmachinery.it\/es\/financiacion-de-la-region-emilia-romagna\/","title":{"rendered":"Financiaci\u00f3n de la Regi\u00f3n Emilia Romagna"},"content":{"rendered":"\t\t<div data-elementor-type=\"wp-page\" data-elementor-id=\"10179\" class=\"elementor elementor-10179 elementor-9893\" data-elementor-post-type=\"page\">\n\t\t\t\t\t\t<section class=\"elementor-section elementor-top-section elementor-element elementor-element-0bc523e elementor-section-boxed elementor-section-height-default elementor-section-height-default\" data-id=\"0bc523e\" data-element_type=\"section\">\n\t\t\t\t\t\t<div class=\"elementor-container elementor-column-gap-default\">\n\t\t\t\t\t<div class=\"elementor-column elementor-col-100 elementor-top-column elementor-element elementor-element-f75805f\" data-id=\"f75805f\" data-element_type=\"column\">\n\t\t\t<div class=\"elementor-widget-wrap elementor-element-populated\">\n\t\t\t\t\t\t<div class=\"elementor-element elementor-element-fa6d430 elementor-widget elementor-widget-hub_fancy_heading lqd-el-has-inner-anim\" data-id=\"fa6d430\" data-element_type=\"widget\" data-settings=\"{&quot;split_type&quot;:&quot;chars, words&quot;,&quot;enable_split&quot;:&quot;true&quot;}\" data-widget_type=\"hub_fancy_heading.default\">\n\t\t\t\t<div class=\"elementor-widget-container\">\n\t\t\t\n\t\t<div id=\"ld-fancy-heading-69e216e4e8e94\" class=\"ld-fancy-heading pos-rel\">\n\t\t\t<h5 class=\"ld-fh-element d-inline-block pos-rel  elementor-heading-title lqd-highlight-classic lqd-highlight-grow-left lqd-split-chars h5\"  data-split-text=\"true\" data-split-options='{\"type\":\"chars, words\"}'> EL MEDIO Y EL LEJANO ORIENTE: \u00c1REAS DE IMPORTANTE ATRACTIVO ECON\u00d3MICO PARA EXPLORAR PARA STV DI SALATI GIOVANNI E C. SNC<\/h5>\t\t<\/div>\n\n\t\t\t\t<\/div>\n\t\t\t\t<\/div>\n\t\t<div class=\"elementor-element elementor-element-0c8a01a e-con-full e-flex e-con e-parent\" data-id=\"0c8a01a\" data-element_type=\"container\">\n\t\t<div class=\"elementor-element elementor-element-921ae8c e-flex e-con-boxed e-con e-child\" data-id=\"921ae8c\" data-element_type=\"container\">\n\t\t\t\t\t<div class=\"e-con-inner\">\n\t\t\t\t<div class=\"elementor-element elementor-element-cf96335 elementor-widget elementor-widget-text-editor\" data-id=\"cf96335\" data-element_type=\"widget\" data-widget_type=\"text-editor.default\">\n\t\t\t\t<div class=\"elementor-widget-container\">\n\t\t\t<style>\/*! elementor - v3.21.0 - 08-05-2024 *\/\n.elementor-widget-text-editor.elementor-drop-cap-view-stacked .elementor-drop-cap{background-color:#69727d;color:#fff}.elementor-widget-text-editor.elementor-drop-cap-view-framed .elementor-drop-cap{color:#69727d;border:3px solid;background-color:transparent}.elementor-widget-text-editor:not(.elementor-drop-cap-view-default) .elementor-drop-cap{margin-top:8px}.elementor-widget-text-editor:not(.elementor-drop-cap-view-default) .elementor-drop-cap-letter{width:1em;height:1em}.elementor-widget-text-editor .elementor-drop-cap{float:left;text-align:center;line-height:1;font-size:50px}.elementor-widget-text-editor .elementor-drop-cap-letter{display:inline-block}<\/style>\t\t\t\t<p>Con este proyecto financiado por la Regi\u00f3n, la empresa ha participado en varias ferias internacionales:<\/p>\n<ul>\n<li>Gulfood Manufacturing en Dubai;<\/li>\n<li>Djazagro en Algeria;<\/li>\n<li>Cibus-Tech en Parma.<\/li>\n<\/ul>\n<p>Eventos \u00fanicos e importantes de la industria alimentaria que han contribuido a aumentar nuestra presencia en los mercados extranjeros.<\/p>\n\t\t\t\t\t\t<\/div>\n\t\t\t\t<\/div>\n\t\t\t\t<div class=\"elementor-element elementor-element-883952f elementor-widget elementor-widget-image\" data-id=\"883952f\" data-element_type=\"widget\" data-widget_type=\"image.default\">\n\t\t\t\t<div class=\"elementor-widget-container\">\n\t\t\t<style>\/*! elementor - v3.21.0 - 08-05-2024 *\/\n.elementor-widget-image{text-align:center}.elementor-widget-image a{display:inline-block}.elementor-widget-image a img[src$=\".svg\"]{width:48px}.elementor-widget-image img{vertical-align:middle;display:inline-block}<\/style>\t\t\t\t\t\t\t\t\t\t<img fetchpriority=\"high\" decoding=\"async\" width=\"1030\" height=\"215\" src=\"https:\/\/www.stvmachinery.it\/wp-content\/uploads\/2024\/05\/finanziamenti-emilia-romagna.jpg\" class=\"attachment-full size-full wp-image-9900\" alt=\"\" srcset=\"https:\/\/www.stvmachinery.it\/wp-content\/uploads\/2024\/05\/finanziamenti-emilia-romagna.jpg 1030w, https:\/\/www.stvmachinery.it\/wp-content\/uploads\/2024\/05\/finanziamenti-emilia-romagna-300x63.jpg 300w, https:\/\/www.stvmachinery.it\/wp-content\/uploads\/2024\/05\/finanziamenti-emilia-romagna-1024x214.jpg 1024w, https:\/\/www.stvmachinery.it\/wp-content\/uploads\/2024\/05\/finanziamenti-emilia-romagna-600x125.jpg 600w\" sizes=\"(max-width: 1030px) 100vw, 1030px\" \/>\t\t\t\t\t\t\t\t\t\t\t\t\t<\/div>\n\t\t\t\t<\/div>\n\t\t\t\t\t<\/div>\n\t\t\t\t<\/div>\n\t\t\t\t<\/div>\n\t\t\t\t\t<\/div>\n\t\t<\/div>\n\t\t\t\t\t<\/div>\n\t\t<\/section>\n\t\t\t\t<\/div>\n\t\t","protected":false},"excerpt":{"rendered":"<p>EL MEDIO Y EL LEJANO ORIENTE: \u00c1REAS DE IMPORTANTE ATRACTIVO ECON\u00d3MICO PARA EXPLORAR PARA STV DI SALATI GIOVANNI E C. SNC Con este proyecto financiado por la Regi\u00f3n, la empresa ha participado en varias ferias internacionales: Gulfood Manufacturing en Dubai; Djazagro en Algeria; Cibus-Tech en Parma. Eventos \u00fanicos e importantes de la industria alimentaria que [&hellip;]<\/p>\n","protected":false},"author":1,"featured_media":0,"parent":0,"menu_order":0,"comment_status":"closed","ping_status":"closed","template":"","meta":{"inline_featured_image":false,"footnotes":""},"class_list":["post-10179","page","type-page","status-publish","hentry"],"yoast_head":"<!-- This site is optimized with the Yoast SEO plugin v22.7 - https:\/\/yoast.com\/wordpress\/plugins\/seo\/ -->\n<title>Financiaci\u00f3n de la Regi\u00f3n Emilia Romagna | STV Machinery<\/title>\n<meta name=\"description\" content=\"Con este proyecto financiado por la Regi\u00f3n, la empresa STV Machinery ha participado en varias ferias internacionales.\" \/>\n<meta name=\"robots\" content=\"index, follow, max-snippet:-1, max-image-preview:large, max-video-preview:-1\" \/>\n<link rel=\"canonical\" href=\"https:\/\/www.stvmachinery.it\/es\/financiacion-de-la-region-emilia-romagna\/\" \/>\n<meta property=\"og:locale\" content=\"es_ES\" \/>\n<meta property=\"og:type\" content=\"article\" \/>\n<meta property=\"og:title\" content=\"Financiaci\u00f3n de la Regi\u00f3n Emilia Romagna | STV Machinery\" \/>\n<meta property=\"og:description\" content=\"Con este proyecto financiado por la Regi\u00f3n, la empresa STV Machinery ha participado en varias ferias internacionales.\" \/>\n<meta property=\"og:url\" content=\"https:\/\/www.stvmachinery.it\/es\/financiacion-de-la-region-emilia-romagna\/\" \/>\n<meta property=\"og:site_name\" content=\"STV Machinery\" \/>\n<meta property=\"article:modified_time\" content=\"2024-05-23T07:38:59+00:00\" \/>\n<meta property=\"og:image\" content=\"https:\/\/www.stvmachinery.it\/wp-content\/uploads\/2024\/03\/imm-cond-social.jpg\" \/>\n\t<meta property=\"og:image:width\" content=\"1200\" \/>\n\t<meta property=\"og:image:height\" content=\"675\" \/>\n\t<meta property=\"og:image:type\" content=\"image\/jpeg\" \/>\n<meta name=\"twitter:card\" content=\"summary_large_image\" \/>\n<script type=\"application\/ld+json\" class=\"yoast-schema-graph\">{\"@context\":\"https:\/\/schema.org\",\"@graph\":[{\"@type\":\"WebPage\",\"@id\":\"https:\/\/www.stvmachinery.it\/es\/financiacion-de-la-region-emilia-romagna\/\",\"url\":\"https:\/\/www.stvmachinery.it\/es\/financiacion-de-la-region-emilia-romagna\/\",\"name\":\"Financiaci\u00f3n de la Regi\u00f3n Emilia Romagna | STV Machinery\",\"isPartOf\":{\"@id\":\"https:\/\/www.stvmachinery.it\/es\/#website\"},\"datePublished\":\"2024-05-14T12:57:27+00:00\",\"dateModified\":\"2024-05-23T07:38:59+00:00\",\"description\":\"Con este proyecto financiado por la Regi\u00f3n, la empresa STV Machinery ha participado en varias ferias internacionales.\",\"breadcrumb\":{\"@id\":\"https:\/\/www.stvmachinery.it\/es\/financiacion-de-la-region-emilia-romagna\/#breadcrumb\"},\"inLanguage\":\"es\",\"potentialAction\":[{\"@type\":\"ReadAction\",\"target\":[\"https:\/\/www.stvmachinery.it\/es\/financiacion-de-la-region-emilia-romagna\/\"]}]},{\"@type\":\"BreadcrumbList\",\"@id\":\"https:\/\/www.stvmachinery.it\/es\/financiacion-de-la-region-emilia-romagna\/#breadcrumb\",\"itemListElement\":[{\"@type\":\"ListItem\",\"position\":1,\"name\":\"Home\",\"item\":\"https:\/\/www.stvmachinery.it\/es\/stv-machinery\/\"},{\"@type\":\"ListItem\",\"position\":2,\"name\":\"Financiaci\u00f3n de la Regi\u00f3n Emilia Romagna\"}]},{\"@type\":\"WebSite\",\"@id\":\"https:\/\/www.stvmachinery.it\/es\/#website\",\"url\":\"https:\/\/www.stvmachinery.it\/es\/\",\"name\":\"STV Machinery\",\"description\":\"Macchine ed impianti per l\u2019industria agroalimentare e conserviera\",\"publisher\":{\"@id\":\"https:\/\/www.stvmachinery.it\/es\/#organization\"},\"potentialAction\":[{\"@type\":\"SearchAction\",\"target\":{\"@type\":\"EntryPoint\",\"urlTemplate\":\"https:\/\/www.stvmachinery.it\/es\/?s={search_term_string}\"},\"query-input\":\"required name=search_term_string\"}],\"inLanguage\":\"es\"},{\"@type\":\"Organization\",\"@id\":\"https:\/\/www.stvmachinery.it\/es\/#organization\",\"name\":\"S.T.V. di Salati Giovanni & C. \u2013 S.n.c.\",\"alternateName\":\"STV Machinery\",\"url\":\"https:\/\/www.stvmachinery.it\/es\/\",\"logo\":{\"@type\":\"ImageObject\",\"inLanguage\":\"es\",\"@id\":\"https:\/\/www.stvmachinery.it\/es\/#\/schema\/logo\/image\/\",\"url\":\"https:\/\/www.stvmachinery.it\/wp-content\/uploads\/2021\/06\/stv-machinery-logo-positivo.png\",\"contentUrl\":\"https:\/\/www.stvmachinery.it\/wp-content\/uploads\/2021\/06\/stv-machinery-logo-positivo.png\",\"width\":481,\"height\":233,\"caption\":\"S.T.V. di Salati Giovanni & C. \u2013 S.n.c.\"},\"image\":{\"@id\":\"https:\/\/www.stvmachinery.it\/es\/#\/schema\/logo\/image\/\"},\"sameAs\":[\"https:\/\/it.linkedin.com\/company\/stv-machinery\",\"https:\/\/www.youtube.com\/channel\/UCceMPa8POjTOmZeA2_KUoeg\"]}]}<\/script>\n<!-- \/ Yoast SEO plugin. -->","yoast_head_json":{"title":"Financiaci\u00f3n de la Regi\u00f3n Emilia Romagna | STV Machinery","description":"Con este proyecto financiado por la Regi\u00f3n, la empresa STV Machinery ha participado en varias ferias internacionales.","robots":{"index":"index","follow":"follow","max-snippet":"max-snippet:-1","max-image-preview":"max-image-preview:large","max-video-preview":"max-video-preview:-1"},"canonical":"https:\/\/www.stvmachinery.it\/es\/financiacion-de-la-region-emilia-romagna\/","og_locale":"es_ES","og_type":"article","og_title":"Financiaci\u00f3n de la Regi\u00f3n Emilia Romagna | STV Machinery","og_description":"Con este proyecto financiado por la Regi\u00f3n, la empresa STV Machinery ha participado en varias ferias internacionales.","og_url":"https:\/\/www.stvmachinery.it\/es\/financiacion-de-la-region-emilia-romagna\/","og_site_name":"STV Machinery","article_modified_time":"2024-05-23T07:38:59+00:00","og_image":[{"width":1200,"height":675,"url":"https:\/\/www.stvmachinery.it\/wp-content\/uploads\/2024\/03\/imm-cond-social.jpg","type":"image\/jpeg"}],"twitter_card":"summary_large_image","schema":{"@context":"https:\/\/schema.org","@graph":[{"@type":"WebPage","@id":"https:\/\/www.stvmachinery.it\/es\/financiacion-de-la-region-emilia-romagna\/","url":"https:\/\/www.stvmachinery.it\/es\/financiacion-de-la-region-emilia-romagna\/","name":"Financiaci\u00f3n de la Regi\u00f3n Emilia Romagna | STV Machinery","isPartOf":{"@id":"https:\/\/www.stvmachinery.it\/es\/#website"},"datePublished":"2024-05-14T12:57:27+00:00","dateModified":"2024-05-23T07:38:59+00:00","description":"Con este proyecto financiado por la Regi\u00f3n, la empresa STV Machinery ha participado en varias ferias internacionales.","breadcrumb":{"@id":"https:\/\/www.stvmachinery.it\/es\/financiacion-de-la-region-emilia-romagna\/#breadcrumb"},"inLanguage":"es","potentialAction":[{"@type":"ReadAction","target":["https:\/\/www.stvmachinery.it\/es\/financiacion-de-la-region-emilia-romagna\/"]}]},{"@type":"BreadcrumbList","@id":"https:\/\/www.stvmachinery.it\/es\/financiacion-de-la-region-emilia-romagna\/#breadcrumb","itemListElement":[{"@type":"ListItem","position":1,"name":"Home","item":"https:\/\/www.stvmachinery.it\/es\/stv-machinery\/"},{"@type":"ListItem","position":2,"name":"Financiaci\u00f3n de la Regi\u00f3n Emilia Romagna"}]},{"@type":"WebSite","@id":"https:\/\/www.stvmachinery.it\/es\/#website","url":"https:\/\/www.stvmachinery.it\/es\/","name":"STV Machinery","description":"Macchine ed impianti per l\u2019industria agroalimentare e conserviera","publisher":{"@id":"https:\/\/www.stvmachinery.it\/es\/#organization"},"potentialAction":[{"@type":"SearchAction","target":{"@type":"EntryPoint","urlTemplate":"https:\/\/www.stvmachinery.it\/es\/?s={search_term_string}"},"query-input":"required name=search_term_string"}],"inLanguage":"es"},{"@type":"Organization","@id":"https:\/\/www.stvmachinery.it\/es\/#organization","name":"S.T.V. di Salati Giovanni & C. \u2013 S.n.c.","alternateName":"STV Machinery","url":"https:\/\/www.stvmachinery.it\/es\/","logo":{"@type":"ImageObject","inLanguage":"es","@id":"https:\/\/www.stvmachinery.it\/es\/#\/schema\/logo\/image\/","url":"https:\/\/www.stvmachinery.it\/wp-content\/uploads\/2021\/06\/stv-machinery-logo-positivo.png","contentUrl":"https:\/\/www.stvmachinery.it\/wp-content\/uploads\/2021\/06\/stv-machinery-logo-positivo.png","width":481,"height":233,"caption":"S.T.V. di Salati Giovanni & C. \u2013 S.n.c."},"image":{"@id":"https:\/\/www.stvmachinery.it\/es\/#\/schema\/logo\/image\/"},"sameAs":["https:\/\/it.linkedin.com\/company\/stv-machinery","https:\/\/www.youtube.com\/channel\/UCceMPa8POjTOmZeA2_KUoeg"]}]}},"_links":{"self":[{"href":"https:\/\/www.stvmachinery.it\/es\/wp-json\/wp\/v2\/pages\/10179","targetHints":{"allow":["GET"]}}],"collection":[{"href":"https:\/\/www.stvmachinery.it\/es\/wp-json\/wp\/v2\/pages"}],"about":[{"href":"https:\/\/www.stvmachinery.it\/es\/wp-json\/wp\/v2\/types\/page"}],"author":[{"embeddable":true,"href":"https:\/\/www.stvmachinery.it\/es\/wp-json\/wp\/v2\/users\/1"}],"replies":[{"embeddable":true,"href":"https:\/\/www.stvmachinery.it\/es\/wp-json\/wp\/v2\/comments?post=10179"}],"version-history":[{"count":3,"href":"https:\/\/www.stvmachinery.it\/es\/wp-json\/wp\/v2\/pages\/10179\/revisions"}],"predecessor-version":[{"id":10182,"href":"https:\/\/www.stvmachinery.it\/es\/wp-json\/wp\/v2\/pages\/10179\/revisions\/10182"}],"wp:attachment":[{"href":"https:\/\/www.stvmachinery.it\/es\/wp-json\/wp\/v2\/media?parent=10179"}],"curies":[{"name":"wp","href":"https:\/\/api.w.org\/{rel}","templated":true}]}}