{"id":10003,"date":"2024-04-02T13:12:27","date_gmt":"2024-04-02T12:12:27","guid":{"rendered":"https:\/\/www.stvmachinery.it\/macchinari\/sin%20categor\u00eda\/lavadora-automatica-lineal-mod-l80cs\/"},"modified":"2025-11-24T16:51:19","modified_gmt":"2025-11-24T15:51:19","slug":"lavadora-automatica-lineal-mod-l80cs","status":"publish","type":"product","link":"https:\/\/www.stvmachinery.it\/es\/macchinari\/lavadoras-lineales\/lavadora-automatica-lineal-mod-l80cs\/","title":{"rendered":"Lavadora Automatica Lineal Mod. L80CS"},"content":{"rendered":"\t\t<div data-elementor-type=\"product-post\" data-elementor-id=\"10003\" class=\"elementor elementor-10003 elementor-8689\" data-elementor-post-type=\"product\">\n\t\t\t\t<div class=\"elementor-element elementor-element-46a5c91 e-flex e-con-boxed e-con e-parent\" data-id=\"46a5c91\" data-element_type=\"container\" id=\"caratteristiche\">\n\t\t\t\t\t<div class=\"e-con-inner\">\n\t\t\t\t<div class=\"elementor-element elementor-element-7aea20b elementor-widget elementor-widget-text-editor\" data-id=\"7aea20b\" data-element_type=\"widget\" data-widget_type=\"text-editor.default\">\n\t\t\t\t<div class=\"elementor-widget-container\">\n\t\t\t<style>\/*! elementor - v3.21.0 - 08-05-2024 *\/\n.elementor-widget-text-editor.elementor-drop-cap-view-stacked .elementor-drop-cap{background-color:#69727d;color:#fff}.elementor-widget-text-editor.elementor-drop-cap-view-framed .elementor-drop-cap{color:#69727d;border:3px solid;background-color:transparent}.elementor-widget-text-editor:not(.elementor-drop-cap-view-default) .elementor-drop-cap{margin-top:8px}.elementor-widget-text-editor:not(.elementor-drop-cap-view-default) .elementor-drop-cap-letter{width:1em;height:1em}.elementor-widget-text-editor .elementor-drop-cap{float:left;text-align:center;line-height:1;font-size:50px}.elementor-widget-text-editor .elementor-drop-cap-letter{display:inline-block}<\/style>\t\t\t\t<h3 class=\"product-item-title\">Principio de funcionamiento<\/h3>\n<p>La <strong>primera secci\u00f3n<\/strong> de la m\u00e1quina, dotada de <strong>boquillas con pulverizadores<\/strong> alimentarios a trav\u00e9s de una bomba de alta presi\u00f3n, efect\u00faa el <strong>lavado<\/strong> efectuando fuertes chorros de agua caliente en toda la superficie.<\/p>\n<p>La <strong>segunda secci\u00f3n<\/strong>, tambi\u00e9n dotada de boquillas pulverizadoras, pero estas <strong>alimentadas con agua de red<\/strong>, efect\u00faan el <strong>enjuague<\/strong>.<\/p>\n<p>En la salida del t\u00fanel de lavado, la <strong>tercera secci\u00f3n<\/strong> de la m\u00e1quina efect\u00faa exclusivamente el <strong>goteo<\/strong> forzado efectuado por ocho chorros de aire.<\/p>\n\t\t\t\t\t\t<\/div>\n\t\t\t\t<\/div>\n\t\t\t\t\t<\/div>\n\t\t\t\t<\/div>\n\t\t<div class=\"elementor-element elementor-element-86a0b96 e-flex e-con-boxed e-con e-parent\" data-id=\"86a0b96\" data-element_type=\"container\" data-settings=\"{&quot;background_background&quot;:&quot;classic&quot;}\">\n\t\t\t\t\t<div class=\"e-con-inner\">\n\t\t\t\t<div class=\"elementor-element elementor-element-4cfc641 elementor-widget elementor-widget-text-editor\" data-id=\"4cfc641\" data-element_type=\"widget\" data-widget_type=\"text-editor.default\">\n\t\t\t\t<div class=\"elementor-widget-container\">\n\t\t\t\t\t\t\t<h3 class=\"product-item-title\">Caracter\u00edsticas Constructivas<\/h3>\n<ul>\n<li>Plataforma inferior con funciones de contenedor para agua caliente de lavado y de bandeja de recogida del agua de enjuague y goteo, cinta transportadora en acero inox con gu\u00edas de contenci\u00f3n ajustable para los diferentes tama\u00f1os de envases.<\/li>\n<li><strong>Secci\u00f3n lavada<\/strong> compuesto de tanque con equipo para calentar el agua, detector nivel de llenado excesivo, bomba de alta presi\u00f3n con filtro en aspiraci\u00f3n y grupo tubos que manda al colector pulverizador.<\/li>\n<li><strong>Secci\u00f3n enjuague<\/strong> con agua de red tr\u00e1mite colector y pulverizador.<br \/>T\u00fanel de protecci\u00f3n constituido por un cuadro en plancha que engloba la secci\u00f3n de lavado y enjuague.<\/li>\n<li><strong>Secci\u00f3n goteo<\/strong> constituida por un pulverizador de alta presi\u00f3n y de lanza chorro-aire regulable seg\u00fan las dimensiones de los envases y colocados sea encima que al lado de los mismos.<\/li>\n<li>Cuadro el\u00e9ctrico de mandos en acero inox.<\/li>\n<li>Fabricaci\u00f3n en acero inox 304, excepto algunos detalles fabricados en materiales adaptados a cada funcionamiento.<\/li>\n<li>La m\u00e1quina es <strong>regulable<\/strong> para poder tratar formatos de diferentes dimensiones.<\/li>\n<li>Una vez puesta en marcha y programada, la m\u00e1quina no necesita la asistencia de un usuario.<\/li>\n<\/ul>\n\t\t\t\t\t\t<\/div>\n\t\t\t\t<\/div>\n\t\t\t\t\t<\/div>\n\t\t\t\t<\/div>\n\t\t<div class=\"elementor-element elementor-element-e95b650 e-flex e-con-boxed e-con e-parent\" data-id=\"e95b650\" data-element_type=\"container\">\n\t\t\t\t\t<div class=\"e-con-inner\">\n\t\t\t\t<div class=\"elementor-element elementor-element-02e0a45 elementor-widget elementor-widget-heading\" data-id=\"02e0a45\" data-element_type=\"widget\" data-widget_type=\"heading.default\">\n\t\t\t\t<div class=\"elementor-widget-container\">\n\t\t\t<style>\/*! elementor - v3.21.0 - 08-05-2024 *\/\n.elementor-heading-title{padding:0;margin:0;line-height:1}.elementor-widget-heading .elementor-heading-title[class*=elementor-size-]>a{color:inherit;font-size:inherit;line-height:inherit}.elementor-widget-heading .elementor-heading-title.elementor-size-small{font-size:15px}.elementor-widget-heading .elementor-heading-title.elementor-size-medium{font-size:19px}.elementor-widget-heading .elementor-heading-title.elementor-size-large{font-size:29px}.elementor-widget-heading .elementor-heading-title.elementor-size-xl{font-size:39px}.elementor-widget-heading .elementor-heading-title.elementor-size-xxl{font-size:59px}<\/style><h4 class=\"elementor-heading-title elementor-size-default\">Datos T\u00e9cnicos<\/h4>\t\t<\/div>\n\t\t\t\t<\/div>\n\t\t\t\t<div class=\"elementor-element elementor-element-4399734 elementor-widget elementor-widget-ld_table\" data-id=\"4399734\" data-element_type=\"widget\" data-widget_type=\"ld_table.default\">\n\t\t\t\t<div class=\"elementor-widget-container\">\n\t\t\t<table><tr><td class=\"elementor-repeater-item-4be9d2e\">Capacidad<\/td><td class=\"elementor-repeater-item-485afe4\">8.000 frascos\/ hora approx. 314 ml (diam.67 mm)<\/td><\/tr><tr><td class=\"elementor-repeater-item-d918673\">Potencia instalada<\/td><td class=\"elementor-repeater-item-b958ccc\">kW 9<\/td><\/tr><tr><td class=\"elementor-repeater-item-78380da\">Longitud<\/td><td class=\"elementor-repeater-item-a74bb3f\">4.700 mm<\/td><\/tr><tr><td class=\"elementor-repeater-item-e9f2d72\">Anchura<\/td><td class=\"elementor-repeater-item-b05652f\">1.700 mm<\/td><\/tr><\/table>\t\t<\/div>\n\t\t\t\t<\/div>\n\t\t\t\t\t<\/div>\n\t\t\t\t<\/div>\n\t\t\t\t<\/div>\n\t\t","protected":false},"excerpt":{"rendered":"<p>M\u00e1quina para el <strong>lavado<\/strong> y <strong>eliminado de goteo<\/strong> en <strong>envases que han sido llenados y cerrados<\/strong>, ideal para eliminar eventuales restos de producto (aceite, salmuera, etc) de la superficie externa del contenedor.<\/p>\n<p><a class=\"pulsanterosso\" href=\"#caratteristiche\">Caracter\u00edsticas T\u00e9cnicas<\/a><\/p>\n","protected":false},"featured_media":9324,"template":"","meta":{"inline_featured_image":false},"product_cat":[100],"product_tag":[],"class_list":{"0":"post-10003","1":"product","2":"type-product","3":"status-publish","4":"has-post-thumbnail","6":"product_cat-lavadoras-lineales","7":"pa_applicazione-contenedores-llenos","8":"pa_funzionamento-automatico-es","9":"pa_settore-alimentario","11":"first","12":"instock","13":"shipping-taxable","14":"product-type-simple"},"yoast_head":"<!-- This site is optimized with the Yoast SEO plugin v22.7 - https:\/\/yoast.com\/wordpress\/plugins\/seo\/ -->\n<title>Lavadora Automatica Lineal Mod. L80CS | STV Machinery<\/title>\n<meta name=\"description\" content=\"Lavadora y escurridor de envases prellenados y cerrados, ideal para eliminar cualquier rastro de producto\" \/>\n<meta name=\"robots\" content=\"index, follow, max-snippet:-1, max-image-preview:large, max-video-preview:-1\" \/>\n<link rel=\"canonical\" href=\"https:\/\/www.stvmachinery.it\/es\/macchinari\/lavadoras-lineales\/lavadora-automatica-lineal-mod-l80cs\/\" \/>\n<meta property=\"og:locale\" content=\"es_ES\" \/>\n<meta property=\"og:type\" content=\"article\" \/>\n<meta property=\"og:title\" content=\"Lavadora Automatica Lineal Mod. L80CS | STV Machinery\" \/>\n<meta property=\"og:description\" content=\"Lavadora y escurridor de envases prellenados y cerrados, ideal para eliminar cualquier rastro de producto\" \/>\n<meta property=\"og:url\" content=\"https:\/\/www.stvmachinery.it\/es\/macchinari\/lavadoras-lineales\/lavadora-automatica-lineal-mod-l80cs\/\" \/>\n<meta property=\"og:site_name\" content=\"STV Machinery\" \/>\n<meta property=\"article:modified_time\" content=\"2025-11-24T15:51:19+00:00\" \/>\n<meta property=\"og:image\" content=\"https:\/\/www.stvmachinery.it\/wp-content\/uploads\/2024\/04\/Lavatrice-lineare-automatica.webp\" \/>\n\t<meta property=\"og:image:width\" content=\"1200\" \/>\n\t<meta property=\"og:image:height\" content=\"1200\" \/>\n\t<meta property=\"og:image:type\" content=\"image\/webp\" \/>\n<meta name=\"twitter:card\" content=\"summary_large_image\" \/>\n<script type=\"application\/ld+json\" class=\"yoast-schema-graph\">{\"@context\":\"https:\/\/schema.org\",\"@graph\":[{\"@type\":\"WebPage\",\"@id\":\"https:\/\/www.stvmachinery.it\/es\/macchinari\/lavadoras-lineales\/lavadora-automatica-lineal-mod-l80cs\/\",\"url\":\"https:\/\/www.stvmachinery.it\/es\/macchinari\/lavadoras-lineales\/lavadora-automatica-lineal-mod-l80cs\/\",\"name\":\"Lavadora Automatica Lineal Mod. L80CS | STV Machinery\",\"isPartOf\":{\"@id\":\"https:\/\/www.stvmachinery.it\/es\/#website\"},\"primaryImageOfPage\":{\"@id\":\"https:\/\/www.stvmachinery.it\/es\/macchinari\/lavadoras-lineales\/lavadora-automatica-lineal-mod-l80cs\/#primaryimage\"},\"image\":{\"@id\":\"https:\/\/www.stvmachinery.it\/es\/macchinari\/lavadoras-lineales\/lavadora-automatica-lineal-mod-l80cs\/#primaryimage\"},\"thumbnailUrl\":\"https:\/\/www.stvmachinery.it\/wp-content\/uploads\/2024\/04\/Lavatrice-lineare-automatica.webp\",\"datePublished\":\"2024-04-02T12:12:27+00:00\",\"dateModified\":\"2025-11-24T15:51:19+00:00\",\"description\":\"Lavadora y escurridor de envases prellenados y cerrados, ideal para eliminar cualquier rastro de producto\",\"breadcrumb\":{\"@id\":\"https:\/\/www.stvmachinery.it\/es\/macchinari\/lavadoras-lineales\/lavadora-automatica-lineal-mod-l80cs\/#breadcrumb\"},\"inLanguage\":\"es\",\"potentialAction\":[{\"@type\":\"ReadAction\",\"target\":[\"https:\/\/www.stvmachinery.it\/es\/macchinari\/lavadoras-lineales\/lavadora-automatica-lineal-mod-l80cs\/\"]}]},{\"@type\":\"ImageObject\",\"inLanguage\":\"es\",\"@id\":\"https:\/\/www.stvmachinery.it\/es\/macchinari\/lavadoras-lineales\/lavadora-automatica-lineal-mod-l80cs\/#primaryimage\",\"url\":\"https:\/\/www.stvmachinery.it\/wp-content\/uploads\/2024\/04\/Lavatrice-lineare-automatica.webp\",\"contentUrl\":\"https:\/\/www.stvmachinery.it\/wp-content\/uploads\/2024\/04\/Lavatrice-lineare-automatica.webp\",\"width\":1200,\"height\":1200},{\"@type\":\"BreadcrumbList\",\"@id\":\"https:\/\/www.stvmachinery.it\/es\/macchinari\/lavadoras-lineales\/lavadora-automatica-lineal-mod-l80cs\/#breadcrumb\",\"itemListElement\":[{\"@type\":\"ListItem\",\"position\":1,\"name\":\"Home\",\"item\":\"https:\/\/www.stvmachinery.it\/es\/stv-machinery\/\"},{\"@type\":\"ListItem\",\"position\":2,\"name\":\"Maquinaria\",\"item\":\"https:\/\/www.stvmachinery.it\/es\/maquinaria\/\"},{\"@type\":\"ListItem\",\"position\":3,\"name\":\"Lavadora Automatica Lineal Mod. L80CS\"}]},{\"@type\":\"WebSite\",\"@id\":\"https:\/\/www.stvmachinery.it\/es\/#website\",\"url\":\"https:\/\/www.stvmachinery.it\/es\/\",\"name\":\"STV Machinery\",\"description\":\"Macchine ed impianti per l\u2019industria agroalimentare e conserviera\",\"publisher\":{\"@id\":\"https:\/\/www.stvmachinery.it\/es\/#organization\"},\"potentialAction\":[{\"@type\":\"SearchAction\",\"target\":{\"@type\":\"EntryPoint\",\"urlTemplate\":\"https:\/\/www.stvmachinery.it\/es\/?s={search_term_string}\"},\"query-input\":\"required name=search_term_string\"}],\"inLanguage\":\"es\"},{\"@type\":\"Organization\",\"@id\":\"https:\/\/www.stvmachinery.it\/es\/#organization\",\"name\":\"S.T.V. di Salati Giovanni & C. \u2013 S.n.c.\",\"alternateName\":\"STV Machinery\",\"url\":\"https:\/\/www.stvmachinery.it\/es\/\",\"logo\":{\"@type\":\"ImageObject\",\"inLanguage\":\"es\",\"@id\":\"https:\/\/www.stvmachinery.it\/es\/#\/schema\/logo\/image\/\",\"url\":\"https:\/\/www.stvmachinery.it\/wp-content\/uploads\/2021\/06\/stv-machinery-logo-positivo.png\",\"contentUrl\":\"https:\/\/www.stvmachinery.it\/wp-content\/uploads\/2021\/06\/stv-machinery-logo-positivo.png\",\"width\":481,\"height\":233,\"caption\":\"S.T.V. di Salati Giovanni & C. \u2013 S.n.c.\"},\"image\":{\"@id\":\"https:\/\/www.stvmachinery.it\/es\/#\/schema\/logo\/image\/\"},\"sameAs\":[\"https:\/\/it.linkedin.com\/company\/stv-machinery\",\"https:\/\/www.youtube.com\/channel\/UCceMPa8POjTOmZeA2_KUoeg\"]}]}<\/script>\n<!-- \/ Yoast SEO plugin. -->","yoast_head_json":{"title":"Lavadora Automatica Lineal Mod. L80CS | STV Machinery","description":"Lavadora y escurridor de envases prellenados y cerrados, ideal para eliminar cualquier rastro de producto","robots":{"index":"index","follow":"follow","max-snippet":"max-snippet:-1","max-image-preview":"max-image-preview:large","max-video-preview":"max-video-preview:-1"},"canonical":"https:\/\/www.stvmachinery.it\/es\/macchinari\/lavadoras-lineales\/lavadora-automatica-lineal-mod-l80cs\/","og_locale":"es_ES","og_type":"article","og_title":"Lavadora Automatica Lineal Mod. L80CS | STV Machinery","og_description":"Lavadora y escurridor de envases prellenados y cerrados, ideal para eliminar cualquier rastro de producto","og_url":"https:\/\/www.stvmachinery.it\/es\/macchinari\/lavadoras-lineales\/lavadora-automatica-lineal-mod-l80cs\/","og_site_name":"STV Machinery","article_modified_time":"2025-11-24T15:51:19+00:00","og_image":[{"width":1200,"height":1200,"url":"https:\/\/www.stvmachinery.it\/wp-content\/uploads\/2024\/04\/Lavatrice-lineare-automatica.webp","type":"image\/webp"}],"twitter_card":"summary_large_image","schema":{"@context":"https:\/\/schema.org","@graph":[{"@type":"WebPage","@id":"https:\/\/www.stvmachinery.it\/es\/macchinari\/lavadoras-lineales\/lavadora-automatica-lineal-mod-l80cs\/","url":"https:\/\/www.stvmachinery.it\/es\/macchinari\/lavadoras-lineales\/lavadora-automatica-lineal-mod-l80cs\/","name":"Lavadora Automatica Lineal Mod. L80CS | STV Machinery","isPartOf":{"@id":"https:\/\/www.stvmachinery.it\/es\/#website"},"primaryImageOfPage":{"@id":"https:\/\/www.stvmachinery.it\/es\/macchinari\/lavadoras-lineales\/lavadora-automatica-lineal-mod-l80cs\/#primaryimage"},"image":{"@id":"https:\/\/www.stvmachinery.it\/es\/macchinari\/lavadoras-lineales\/lavadora-automatica-lineal-mod-l80cs\/#primaryimage"},"thumbnailUrl":"https:\/\/www.stvmachinery.it\/wp-content\/uploads\/2024\/04\/Lavatrice-lineare-automatica.webp","datePublished":"2024-04-02T12:12:27+00:00","dateModified":"2025-11-24T15:51:19+00:00","description":"Lavadora y escurridor de envases prellenados y cerrados, ideal para eliminar cualquier rastro de producto","breadcrumb":{"@id":"https:\/\/www.stvmachinery.it\/es\/macchinari\/lavadoras-lineales\/lavadora-automatica-lineal-mod-l80cs\/#breadcrumb"},"inLanguage":"es","potentialAction":[{"@type":"ReadAction","target":["https:\/\/www.stvmachinery.it\/es\/macchinari\/lavadoras-lineales\/lavadora-automatica-lineal-mod-l80cs\/"]}]},{"@type":"ImageObject","inLanguage":"es","@id":"https:\/\/www.stvmachinery.it\/es\/macchinari\/lavadoras-lineales\/lavadora-automatica-lineal-mod-l80cs\/#primaryimage","url":"https:\/\/www.stvmachinery.it\/wp-content\/uploads\/2024\/04\/Lavatrice-lineare-automatica.webp","contentUrl":"https:\/\/www.stvmachinery.it\/wp-content\/uploads\/2024\/04\/Lavatrice-lineare-automatica.webp","width":1200,"height":1200},{"@type":"BreadcrumbList","@id":"https:\/\/www.stvmachinery.it\/es\/macchinari\/lavadoras-lineales\/lavadora-automatica-lineal-mod-l80cs\/#breadcrumb","itemListElement":[{"@type":"ListItem","position":1,"name":"Home","item":"https:\/\/www.stvmachinery.it\/es\/stv-machinery\/"},{"@type":"ListItem","position":2,"name":"Maquinaria","item":"https:\/\/www.stvmachinery.it\/es\/maquinaria\/"},{"@type":"ListItem","position":3,"name":"Lavadora Automatica Lineal Mod. L80CS"}]},{"@type":"WebSite","@id":"https:\/\/www.stvmachinery.it\/es\/#website","url":"https:\/\/www.stvmachinery.it\/es\/","name":"STV Machinery","description":"Macchine ed impianti per l\u2019industria agroalimentare e conserviera","publisher":{"@id":"https:\/\/www.stvmachinery.it\/es\/#organization"},"potentialAction":[{"@type":"SearchAction","target":{"@type":"EntryPoint","urlTemplate":"https:\/\/www.stvmachinery.it\/es\/?s={search_term_string}"},"query-input":"required name=search_term_string"}],"inLanguage":"es"},{"@type":"Organization","@id":"https:\/\/www.stvmachinery.it\/es\/#organization","name":"S.T.V. di Salati Giovanni & C. \u2013 S.n.c.","alternateName":"STV Machinery","url":"https:\/\/www.stvmachinery.it\/es\/","logo":{"@type":"ImageObject","inLanguage":"es","@id":"https:\/\/www.stvmachinery.it\/es\/#\/schema\/logo\/image\/","url":"https:\/\/www.stvmachinery.it\/wp-content\/uploads\/2021\/06\/stv-machinery-logo-positivo.png","contentUrl":"https:\/\/www.stvmachinery.it\/wp-content\/uploads\/2021\/06\/stv-machinery-logo-positivo.png","width":481,"height":233,"caption":"S.T.V. di Salati Giovanni & C. \u2013 S.n.c."},"image":{"@id":"https:\/\/www.stvmachinery.it\/es\/#\/schema\/logo\/image\/"},"sameAs":["https:\/\/it.linkedin.com\/company\/stv-machinery","https:\/\/www.youtube.com\/channel\/UCceMPa8POjTOmZeA2_KUoeg"]}]}},"_links":{"self":[{"href":"https:\/\/www.stvmachinery.it\/es\/wp-json\/wp\/v2\/product\/10003","targetHints":{"allow":["GET"]}}],"collection":[{"href":"https:\/\/www.stvmachinery.it\/es\/wp-json\/wp\/v2\/product"}],"about":[{"href":"https:\/\/www.stvmachinery.it\/es\/wp-json\/wp\/v2\/types\/product"}],"version-history":[{"count":6,"href":"https:\/\/www.stvmachinery.it\/es\/wp-json\/wp\/v2\/product\/10003\/revisions"}],"predecessor-version":[{"id":11400,"href":"https:\/\/www.stvmachinery.it\/es\/wp-json\/wp\/v2\/product\/10003\/revisions\/11400"}],"wp:featuredmedia":[{"embeddable":true,"href":"https:\/\/www.stvmachinery.it\/es\/wp-json\/wp\/v2\/media\/9324"}],"wp:attachment":[{"href":"https:\/\/www.stvmachinery.it\/es\/wp-json\/wp\/v2\/media?parent=10003"}],"wp:term":[{"taxonomy":"product_cat","embeddable":true,"href":"https:\/\/www.stvmachinery.it\/es\/wp-json\/wp\/v2\/product_cat?post=10003"},{"taxonomy":"product_tag","embeddable":true,"href":"https:\/\/www.stvmachinery.it\/es\/wp-json\/wp\/v2\/product_tag?post=10003"}],"curies":[{"name":"wp","href":"https:\/\/api.w.org\/{rel}","templated":true}]}}