{"id":10008,"date":"2024-04-02T12:50:40","date_gmt":"2024-04-02T11:50:40","guid":{"rendered":"https:\/\/www.stvmachinery.it\/macchinari\/sin%20categor\u00eda\/calentador\/"},"modified":"2025-12-12T10:21:17","modified_gmt":"2025-12-12T09:21:17","slug":"calentador","status":"publish","type":"product","link":"https:\/\/www.stvmachinery.it\/es\/macchinari\/calentadores\/calentador\/","title":{"rendered":"Calentador"},"content":{"rendered":"\t\t<div data-elementor-type=\"product-post\" data-elementor-id=\"10008\" class=\"elementor elementor-10008 elementor-8682\" data-elementor-post-type=\"product\">\n\t\t\t\t<div class=\"elementor-element elementor-element-46a5c91 e-flex e-con-boxed e-con e-parent\" data-id=\"46a5c91\" data-element_type=\"container\" id=\"caratteristiche\">\n\t\t\t\t\t<div class=\"e-con-inner\">\n\t\t\t\t<div class=\"elementor-element elementor-element-7aea20b elementor-widget elementor-widget-text-editor\" data-id=\"7aea20b\" data-element_type=\"widget\" data-widget_type=\"text-editor.default\">\n\t\t\t\t<div class=\"elementor-widget-container\">\n\t\t\t<style>\/*! elementor - v3.21.0 - 08-05-2024 *\/\n.elementor-widget-text-editor.elementor-drop-cap-view-stacked .elementor-drop-cap{background-color:#69727d;color:#fff}.elementor-widget-text-editor.elementor-drop-cap-view-framed .elementor-drop-cap{color:#69727d;border:3px solid;background-color:transparent}.elementor-widget-text-editor:not(.elementor-drop-cap-view-default) .elementor-drop-cap{margin-top:8px}.elementor-widget-text-editor:not(.elementor-drop-cap-view-default) .elementor-drop-cap-letter{width:1em;height:1em}.elementor-widget-text-editor .elementor-drop-cap{float:left;text-align:center;line-height:1;font-size:50px}.elementor-widget-text-editor .elementor-drop-cap-letter{display:inline-block}<\/style>\t\t\t\t<h3 class=\"product-item-title\">Principio de funcionamiento<\/h3>\n<p>La m\u00e1quina se divide en 2\/3 zonas de elaboraci\u00f3n y el calentamiento de las zonas de trabajo realizado mediante inyectores de vapor.<br \/>Los recipientes que llegan desde la cinta transportadora de inicio entran en la m\u00e1quina donde vienen expuestos al tratamiento establecido.<\/p>\n<p>A ciclo de tratamiento ultimado, los envases llegan en la cinta transportadora de salida a velocidad diferenciada a fin de alinear los mismos, en el cual se instala la unidad puente de ruptura, con elevador m\u00f3vil a movimiento alternado, en caso de acumulaci\u00f3n en la cinta transportadora causado por obstrucci\u00f3n, permite de alinear los envases a una \u00fanica v\u00eda y enviarlos a las m\u00e1quinas sucesivas.<\/p>\n<p><strong>Las caracter\u00edsticas t\u00e9cnicas y constructivas de la m\u00e1quina var\u00edan seg\u00fan el tipo de producto que tratamos y de la producci\u00f3n horaria solicitada.<\/strong><\/p>\n\t\t\t\t\t\t<\/div>\n\t\t\t\t<\/div>\n\t\t\t\t\t<\/div>\n\t\t\t\t<\/div>\n\t\t<div class=\"elementor-element elementor-element-5e71ca7 e-flex e-con-boxed e-con e-parent\" data-id=\"5e71ca7\" data-element_type=\"container\">\n\t\t\t\t\t<div class=\"e-con-inner\">\n\t\t\t\t<div class=\"elementor-element elementor-element-42a1ebd elementor-widget elementor-widget-text-editor\" data-id=\"42a1ebd\" data-element_type=\"widget\" data-widget_type=\"text-editor.default\">\n\t\t\t\t<div class=\"elementor-widget-container\">\n\t\t\t\t\t\t\t<h3 class=\"product-item-title\">Caracter\u00edsticas Constructivas<\/h3>\n<ul>\n<li>T\u00fanel en plancha de acero inox AISI 304 con tapas sujeci\u00f3n hidr\u00e1ulica.<\/li>\n<li>Cinta entrada en chapa de acero inox AISI 304 con cadena table top en acero inox montada en tiras de material antideslizante, rodillos de soporte en la parte de regreso, gu\u00edas de contenci\u00f3n en soportes regulables para varios formatos de envases, cabezal motorizada mediante moto variador o cabezal neutro.<\/li>\n<li>Transporte contenedor a lo largo del t\u00fanel con cinta transportadora modular en polipropileno, con sistema adecuado de arrastre y motorizaci\u00f3n a velocidad variable mediante inverter.<\/li>\n<li>Regulador de temperatura del agua, completo de contacto el\u00e9ctrico que mediante parpadeos advierte que la m\u00e1quina no ha alcanzado o no alcanza la temperatura establecida.<\/li>\n<li>Registrador video gr\u00e1fico con Smart Card para la registraci\u00f3n de los siguientes par\u00e1metros: temperatura agua de las primeras secciones, temperatura agua de enfriado.<\/li>\n<li>Cubas con bombas centrifugas para la lluvia de agua caliente, protegidas de doble filtro en acero inox.<\/li>\n<li>Estas alimentan los colectores que llevan los tubos pulverizadores desmontables mediante boca, dotados de boquillas con gran capacidad para garantizar alto rendimiento y mejor uniformidad de tratamiento.<\/li>\n<li>Cinta de salida a velocidad diferenciada en plancha de acero inox AISI 304 con cadena de mesa top en acero inox instalada en tiras resistentes a la fricci\u00f3n, con rodillos de soporte en la secci\u00f3n de retorno, gu\u00edas de contenci\u00f3n de acero inoxidable montadas sobre soportes ajustables para los distintos tama\u00f1os de envases, cabezal accionado por motor de velocidad ajustable y cabezal de ralent\u00ed.<\/li>\n<li>Unidad puente ruptura.<br \/>Cuadro el\u00e9ctrico de mando en acero inox.<\/li>\n<li>Seguridad de stop de m\u00e1quina en caso de cualquier resistencia al desplazamiento de la alfombrilla.<\/li>\n<li>Seguridad de parada de m\u00e1quina en caso de rebosamiento en la salida.<\/li>\n<li>Dispositivo de no arranque de la m\u00e1quina si no ha alcanzado la temperatura establecida.<\/li>\n<li>Seguridad de stop de m\u00e1quina en caso disminuci\u00f3n de la temperatura m\u00ednima establecida.<\/li>\n<li>Alarma ac\u00fastica y parpadeante de color rojo situada en el lado superior del cuadro el\u00e9ctrico para la se\u00f1alaci\u00f3n de anomal\u00edas.<\/li>\n<\/ul>\n\t\t\t\t\t\t<\/div>\n\t\t\t\t<\/div>\n\t\t\t\t\t<\/div>\n\t\t\t\t<\/div>\n\t\t<div class=\"elementor-element elementor-element-062fac5 e-flex e-con-boxed e-con e-parent\" data-id=\"062fac5\" data-element_type=\"container\" data-settings=\"{&quot;background_background&quot;:&quot;classic&quot;}\">\n\t\t\t\t\t<div class=\"e-con-inner\">\n\t\t\t\t<div class=\"elementor-element elementor-element-44efe1f elementor-widget elementor-widget-heading\" data-id=\"44efe1f\" data-element_type=\"widget\" data-widget_type=\"heading.default\">\n\t\t\t\t<div class=\"elementor-widget-container\">\n\t\t\t<style>\/*! elementor - v3.21.0 - 08-05-2024 *\/\n.elementor-heading-title{padding:0;margin:0;line-height:1}.elementor-widget-heading .elementor-heading-title[class*=elementor-size-]>a{color:inherit;font-size:inherit;line-height:inherit}.elementor-widget-heading .elementor-heading-title.elementor-size-small{font-size:15px}.elementor-widget-heading .elementor-heading-title.elementor-size-medium{font-size:19px}.elementor-widget-heading .elementor-heading-title.elementor-size-large{font-size:29px}.elementor-widget-heading .elementor-heading-title.elementor-size-xl{font-size:39px}.elementor-widget-heading .elementor-heading-title.elementor-size-xxl{font-size:59px}<\/style><h4 class=\"elementor-heading-title elementor-size-default\">Datos T\u00e9cnicos<\/h4>\t\t<\/div>\n\t\t\t\t<\/div>\n\t\t\t\t<div class=\"elementor-element elementor-element-6c463c0 elementor-widget elementor-widget-text-editor\" data-id=\"6c463c0\" data-element_type=\"widget\" data-widget_type=\"text-editor.default\">\n\t\t\t\t<div class=\"elementor-widget-container\">\n\t\t\t\t\t\t\t<p><strong>La superficie de elaboraci\u00f3n puede variar de un m\u00ednimo de 3 m\u00b2 hasta 60 m\u00b2 y aumentar en caso necesario.<\/strong><\/p>\n\t\t\t\t\t\t<\/div>\n\t\t\t\t<\/div>\n\t\t\t\t\t<\/div>\n\t\t\t\t<\/div>\n\t\t\t\t<\/div>\n\t\t","protected":false},"excerpt":{"rendered":"<p>Calentador a un nivel, adapto al tratamiento t\u00e9rmico de <strong>botellas en vidrio<\/strong> de varios formatos que contengan <strong>bebidas<\/strong> como, vino, \u201cchampagne\u201d del este de Europa, etc. Siempre y cuando resista al impacto t\u00e9rmico.<\/p>\n<p><a class=\"pulsanterosso\" href=\"#caratteristiche\">Caracter\u00edsticas T\u00e9cnicas<\/a><\/p>\n","protected":false},"featured_media":9318,"template":"","meta":{"inline_featured_image":false},"product_cat":[104],"product_tag":[],"class_list":{"0":"post-10008","1":"product","2":"type-product","3":"status-publish","4":"has-post-thumbnail","6":"product_cat-calentadores","7":"pa_applicazione-contenedores-llenos","8":"pa_applicazione-productos-liquidos","9":"pa_funzionamento-automatico-es","10":"pa_settore-alimentario","12":"first","13":"instock","14":"shipping-taxable","15":"product-type-simple"},"yoast_head":"<!-- This site is optimized with the Yoast SEO plugin v22.7 - https:\/\/yoast.com\/wordpress\/plugins\/seo\/ -->\n<title>Calentador | STV Machinery<\/title>\n<meta name=\"description\" content=\"Calentador adecuado para el tratamiento t\u00e9rmico de botellas de vidrio de diferentes tama\u00f1os que contienen bebidas para permitir la resistencia al choque t\u00e9rmico.\" \/>\n<meta name=\"robots\" content=\"index, follow, max-snippet:-1, max-image-preview:large, max-video-preview:-1\" \/>\n<link rel=\"canonical\" href=\"https:\/\/www.stvmachinery.it\/es\/macchinari\/calentadores\/calentador\/\" \/>\n<meta property=\"og:locale\" content=\"es_ES\" \/>\n<meta property=\"og:type\" content=\"article\" \/>\n<meta property=\"og:title\" content=\"Calentador | STV Machinery\" \/>\n<meta property=\"og:description\" content=\"Calentador adecuado para el tratamiento t\u00e9rmico de botellas de vidrio de diferentes tama\u00f1os que contienen bebidas para permitir la resistencia al choque t\u00e9rmico.\" \/>\n<meta property=\"og:url\" content=\"https:\/\/www.stvmachinery.it\/es\/macchinari\/calentadores\/calentador\/\" \/>\n<meta property=\"og:site_name\" content=\"STV Machinery\" \/>\n<meta property=\"article:modified_time\" content=\"2025-12-12T09:21:17+00:00\" \/>\n<meta property=\"og:image\" content=\"https:\/\/www.stvmachinery.it\/wp-content\/uploads\/2024\/04\/riscaldatore-stv.webp\" \/>\n\t<meta property=\"og:image:width\" content=\"1200\" \/>\n\t<meta property=\"og:image:height\" content=\"1200\" \/>\n\t<meta property=\"og:image:type\" content=\"image\/webp\" \/>\n<meta name=\"twitter:card\" content=\"summary_large_image\" \/>\n<meta name=\"twitter:label1\" content=\"Tiempo de lectura\" \/>\n\t<meta name=\"twitter:data1\" content=\"3 minutos\" \/>\n<script type=\"application\/ld+json\" class=\"yoast-schema-graph\">{\"@context\":\"https:\/\/schema.org\",\"@graph\":[{\"@type\":\"WebPage\",\"@id\":\"https:\/\/www.stvmachinery.it\/es\/macchinari\/calentadores\/calentador\/\",\"url\":\"https:\/\/www.stvmachinery.it\/es\/macchinari\/calentadores\/calentador\/\",\"name\":\"Calentador | STV Machinery\",\"isPartOf\":{\"@id\":\"https:\/\/www.stvmachinery.it\/es\/#website\"},\"primaryImageOfPage\":{\"@id\":\"https:\/\/www.stvmachinery.it\/es\/macchinari\/calentadores\/calentador\/#primaryimage\"},\"image\":{\"@id\":\"https:\/\/www.stvmachinery.it\/es\/macchinari\/calentadores\/calentador\/#primaryimage\"},\"thumbnailUrl\":\"https:\/\/www.stvmachinery.it\/wp-content\/uploads\/2024\/04\/riscaldatore-stv.webp\",\"datePublished\":\"2024-04-02T11:50:40+00:00\",\"dateModified\":\"2025-12-12T09:21:17+00:00\",\"description\":\"Calentador adecuado para el tratamiento t\u00e9rmico de botellas de vidrio de diferentes tama\u00f1os que contienen bebidas para permitir la resistencia al choque t\u00e9rmico.\",\"breadcrumb\":{\"@id\":\"https:\/\/www.stvmachinery.it\/es\/macchinari\/calentadores\/calentador\/#breadcrumb\"},\"inLanguage\":\"es\",\"potentialAction\":[{\"@type\":\"ReadAction\",\"target\":[\"https:\/\/www.stvmachinery.it\/es\/macchinari\/calentadores\/calentador\/\"]}]},{\"@type\":\"ImageObject\",\"inLanguage\":\"es\",\"@id\":\"https:\/\/www.stvmachinery.it\/es\/macchinari\/calentadores\/calentador\/#primaryimage\",\"url\":\"https:\/\/www.stvmachinery.it\/wp-content\/uploads\/2024\/04\/riscaldatore-stv.webp\",\"contentUrl\":\"https:\/\/www.stvmachinery.it\/wp-content\/uploads\/2024\/04\/riscaldatore-stv.webp\",\"width\":1200,\"height\":1200},{\"@type\":\"BreadcrumbList\",\"@id\":\"https:\/\/www.stvmachinery.it\/es\/macchinari\/calentadores\/calentador\/#breadcrumb\",\"itemListElement\":[{\"@type\":\"ListItem\",\"position\":1,\"name\":\"Home\",\"item\":\"https:\/\/www.stvmachinery.it\/es\/stv-machinery\/\"},{\"@type\":\"ListItem\",\"position\":2,\"name\":\"Maquinaria\",\"item\":\"https:\/\/www.stvmachinery.it\/es\/maquinaria\/\"},{\"@type\":\"ListItem\",\"position\":3,\"name\":\"Calentador\"}]},{\"@type\":\"WebSite\",\"@id\":\"https:\/\/www.stvmachinery.it\/es\/#website\",\"url\":\"https:\/\/www.stvmachinery.it\/es\/\",\"name\":\"STV Machinery\",\"description\":\"Macchine ed impianti per l\u2019industria agroalimentare e conserviera\",\"publisher\":{\"@id\":\"https:\/\/www.stvmachinery.it\/es\/#organization\"},\"potentialAction\":[{\"@type\":\"SearchAction\",\"target\":{\"@type\":\"EntryPoint\",\"urlTemplate\":\"https:\/\/www.stvmachinery.it\/es\/?s={search_term_string}\"},\"query-input\":\"required name=search_term_string\"}],\"inLanguage\":\"es\"},{\"@type\":\"Organization\",\"@id\":\"https:\/\/www.stvmachinery.it\/es\/#organization\",\"name\":\"S.T.V. di Salati Giovanni & C. \u2013 S.n.c.\",\"alternateName\":\"STV Machinery\",\"url\":\"https:\/\/www.stvmachinery.it\/es\/\",\"logo\":{\"@type\":\"ImageObject\",\"inLanguage\":\"es\",\"@id\":\"https:\/\/www.stvmachinery.it\/es\/#\/schema\/logo\/image\/\",\"url\":\"https:\/\/www.stvmachinery.it\/wp-content\/uploads\/2021\/06\/stv-machinery-logo-positivo.png\",\"contentUrl\":\"https:\/\/www.stvmachinery.it\/wp-content\/uploads\/2021\/06\/stv-machinery-logo-positivo.png\",\"width\":481,\"height\":233,\"caption\":\"S.T.V. di Salati Giovanni & C. \u2013 S.n.c.\"},\"image\":{\"@id\":\"https:\/\/www.stvmachinery.it\/es\/#\/schema\/logo\/image\/\"},\"sameAs\":[\"https:\/\/it.linkedin.com\/company\/stv-machinery\",\"https:\/\/www.youtube.com\/channel\/UCceMPa8POjTOmZeA2_KUoeg\"]}]}<\/script>\n<!-- \/ Yoast SEO plugin. -->","yoast_head_json":{"title":"Calentador | STV Machinery","description":"Calentador adecuado para el tratamiento t\u00e9rmico de botellas de vidrio de diferentes tama\u00f1os que contienen bebidas para permitir la resistencia al choque t\u00e9rmico.","robots":{"index":"index","follow":"follow","max-snippet":"max-snippet:-1","max-image-preview":"max-image-preview:large","max-video-preview":"max-video-preview:-1"},"canonical":"https:\/\/www.stvmachinery.it\/es\/macchinari\/calentadores\/calentador\/","og_locale":"es_ES","og_type":"article","og_title":"Calentador | STV Machinery","og_description":"Calentador adecuado para el tratamiento t\u00e9rmico de botellas de vidrio de diferentes tama\u00f1os que contienen bebidas para permitir la resistencia al choque t\u00e9rmico.","og_url":"https:\/\/www.stvmachinery.it\/es\/macchinari\/calentadores\/calentador\/","og_site_name":"STV Machinery","article_modified_time":"2025-12-12T09:21:17+00:00","og_image":[{"width":1200,"height":1200,"url":"https:\/\/www.stvmachinery.it\/wp-content\/uploads\/2024\/04\/riscaldatore-stv.webp","type":"image\/webp"}],"twitter_card":"summary_large_image","twitter_misc":{"Tiempo de lectura":"3 minutos"},"schema":{"@context":"https:\/\/schema.org","@graph":[{"@type":"WebPage","@id":"https:\/\/www.stvmachinery.it\/es\/macchinari\/calentadores\/calentador\/","url":"https:\/\/www.stvmachinery.it\/es\/macchinari\/calentadores\/calentador\/","name":"Calentador | STV Machinery","isPartOf":{"@id":"https:\/\/www.stvmachinery.it\/es\/#website"},"primaryImageOfPage":{"@id":"https:\/\/www.stvmachinery.it\/es\/macchinari\/calentadores\/calentador\/#primaryimage"},"image":{"@id":"https:\/\/www.stvmachinery.it\/es\/macchinari\/calentadores\/calentador\/#primaryimage"},"thumbnailUrl":"https:\/\/www.stvmachinery.it\/wp-content\/uploads\/2024\/04\/riscaldatore-stv.webp","datePublished":"2024-04-02T11:50:40+00:00","dateModified":"2025-12-12T09:21:17+00:00","description":"Calentador adecuado para el tratamiento t\u00e9rmico de botellas de vidrio de diferentes tama\u00f1os que contienen bebidas para permitir la resistencia al choque t\u00e9rmico.","breadcrumb":{"@id":"https:\/\/www.stvmachinery.it\/es\/macchinari\/calentadores\/calentador\/#breadcrumb"},"inLanguage":"es","potentialAction":[{"@type":"ReadAction","target":["https:\/\/www.stvmachinery.it\/es\/macchinari\/calentadores\/calentador\/"]}]},{"@type":"ImageObject","inLanguage":"es","@id":"https:\/\/www.stvmachinery.it\/es\/macchinari\/calentadores\/calentador\/#primaryimage","url":"https:\/\/www.stvmachinery.it\/wp-content\/uploads\/2024\/04\/riscaldatore-stv.webp","contentUrl":"https:\/\/www.stvmachinery.it\/wp-content\/uploads\/2024\/04\/riscaldatore-stv.webp","width":1200,"height":1200},{"@type":"BreadcrumbList","@id":"https:\/\/www.stvmachinery.it\/es\/macchinari\/calentadores\/calentador\/#breadcrumb","itemListElement":[{"@type":"ListItem","position":1,"name":"Home","item":"https:\/\/www.stvmachinery.it\/es\/stv-machinery\/"},{"@type":"ListItem","position":2,"name":"Maquinaria","item":"https:\/\/www.stvmachinery.it\/es\/maquinaria\/"},{"@type":"ListItem","position":3,"name":"Calentador"}]},{"@type":"WebSite","@id":"https:\/\/www.stvmachinery.it\/es\/#website","url":"https:\/\/www.stvmachinery.it\/es\/","name":"STV Machinery","description":"Macchine ed impianti per l\u2019industria agroalimentare e conserviera","publisher":{"@id":"https:\/\/www.stvmachinery.it\/es\/#organization"},"potentialAction":[{"@type":"SearchAction","target":{"@type":"EntryPoint","urlTemplate":"https:\/\/www.stvmachinery.it\/es\/?s={search_term_string}"},"query-input":"required name=search_term_string"}],"inLanguage":"es"},{"@type":"Organization","@id":"https:\/\/www.stvmachinery.it\/es\/#organization","name":"S.T.V. di Salati Giovanni & C. \u2013 S.n.c.","alternateName":"STV Machinery","url":"https:\/\/www.stvmachinery.it\/es\/","logo":{"@type":"ImageObject","inLanguage":"es","@id":"https:\/\/www.stvmachinery.it\/es\/#\/schema\/logo\/image\/","url":"https:\/\/www.stvmachinery.it\/wp-content\/uploads\/2021\/06\/stv-machinery-logo-positivo.png","contentUrl":"https:\/\/www.stvmachinery.it\/wp-content\/uploads\/2021\/06\/stv-machinery-logo-positivo.png","width":481,"height":233,"caption":"S.T.V. di Salati Giovanni & C. \u2013 S.n.c."},"image":{"@id":"https:\/\/www.stvmachinery.it\/es\/#\/schema\/logo\/image\/"},"sameAs":["https:\/\/it.linkedin.com\/company\/stv-machinery","https:\/\/www.youtube.com\/channel\/UCceMPa8POjTOmZeA2_KUoeg"]}]}},"_links":{"self":[{"href":"https:\/\/www.stvmachinery.it\/es\/wp-json\/wp\/v2\/product\/10008","targetHints":{"allow":["GET"]}}],"collection":[{"href":"https:\/\/www.stvmachinery.it\/es\/wp-json\/wp\/v2\/product"}],"about":[{"href":"https:\/\/www.stvmachinery.it\/es\/wp-json\/wp\/v2\/types\/product"}],"version-history":[{"count":3,"href":"https:\/\/www.stvmachinery.it\/es\/wp-json\/wp\/v2\/product\/10008\/revisions"}],"predecessor-version":[{"id":11455,"href":"https:\/\/www.stvmachinery.it\/es\/wp-json\/wp\/v2\/product\/10008\/revisions\/11455"}],"wp:featuredmedia":[{"embeddable":true,"href":"https:\/\/www.stvmachinery.it\/es\/wp-json\/wp\/v2\/media\/9318"}],"wp:attachment":[{"href":"https:\/\/www.stvmachinery.it\/es\/wp-json\/wp\/v2\/media?parent=10008"}],"wp:term":[{"taxonomy":"product_cat","embeddable":true,"href":"https:\/\/www.stvmachinery.it\/es\/wp-json\/wp\/v2\/product_cat?post=10008"},{"taxonomy":"product_tag","embeddable":true,"href":"https:\/\/www.stvmachinery.it\/es\/wp-json\/wp\/v2\/product_tag?post=10008"}],"curies":[{"name":"wp","href":"https:\/\/api.w.org\/{rel}","templated":true}]}}