{"id":10012,"date":"2024-04-02T11:29:22","date_gmt":"2024-04-02T10:29:22","guid":{"rendered":"https:\/\/www.stvmachinery.it\/macchinari\/sin%20categor\u00eda\/tunel-de-tratamiento-termico-por-lluvia\/"},"modified":"2025-12-12T11:06:03","modified_gmt":"2025-12-12T10:06:03","slug":"tunel-de-tratamiento-termico-por-lluvia","status":"publish","type":"product","link":"https:\/\/www.stvmachinery.it\/es\/macchinari\/tunel-y-tanques\/tunel-de-tratamiento-termico-por-lluvia\/","title":{"rendered":"T\u00fanel de tratamiento t\u00e9rmico por lluvia"},"content":{"rendered":"\t\t<div data-elementor-type=\"product-post\" data-elementor-id=\"10012\" class=\"elementor elementor-10012 elementor-8658\" data-elementor-post-type=\"product\">\n\t\t\t\t<div class=\"elementor-element elementor-element-46a5c91 e-flex e-con-boxed e-con e-parent\" data-id=\"46a5c91\" data-element_type=\"container\" id=\"caratteristiche\">\n\t\t\t\t\t<div class=\"e-con-inner\">\n\t\t\t\t<div class=\"elementor-element elementor-element-7aea20b elementor-widget elementor-widget-text-editor\" data-id=\"7aea20b\" data-element_type=\"widget\" data-widget_type=\"text-editor.default\">\n\t\t\t\t<div class=\"elementor-widget-container\">\n\t\t\t<style>\/*! elementor - v3.21.0 - 08-05-2024 *\/\n.elementor-widget-text-editor.elementor-drop-cap-view-stacked .elementor-drop-cap{background-color:#69727d;color:#fff}.elementor-widget-text-editor.elementor-drop-cap-view-framed .elementor-drop-cap{color:#69727d;border:3px solid;background-color:transparent}.elementor-widget-text-editor:not(.elementor-drop-cap-view-default) .elementor-drop-cap{margin-top:8px}.elementor-widget-text-editor:not(.elementor-drop-cap-view-default) .elementor-drop-cap-letter{width:1em;height:1em}.elementor-widget-text-editor .elementor-drop-cap{float:left;text-align:center;line-height:1;font-size:50px}.elementor-widget-text-editor .elementor-drop-cap-letter{display:inline-block}<\/style>\t\t\t\t<h3 class=\"product-item-title\">Principio de funcionamiento<\/h3>\n<p>Los recipientes que llegan desde el transportador de inicio entran en la m\u00e1quina donde se presentan al <strong>tratamiento t\u00e9rmico impuesto<\/strong>. <br \/>Una vez finalizado el ciclo, los recipientes llegan en la cinta transportadora de salida a <strong>velocidad diferenciada<\/strong> para ser alineados, sobre la que est\u00e1 instalada una unidad de puente de rotura, que, con el margen m\u00f3vil en movimiento alternado, en caso de acumulaci\u00f3n en la cinta transportadora causado de obstrucci\u00f3n, permite alinear los envases en una direcci\u00f3n y enviarlos a las m\u00e1quinas sucesivas.<\/p>\n<p>El ciclo de tratamiento t\u00e9rmico <strong>var\u00eda seg\u00fan la tipolog\u00eda de producto y de las dimensiones de los envases<\/strong>. <br \/>Las caracter\u00edsticas t\u00e9cnicas y constructivas de la m\u00e1quina var\u00edan seg\u00fan el tipo de producto que tratemos y de la <strong>producci\u00f3n horaria solicitada.<\/strong><\/p>\n\t\t\t\t\t\t<\/div>\n\t\t\t\t<\/div>\n\t\t\t\t<div class=\"elementor-element elementor-element-98daf35 elementor-widget elementor-widget-ld_button\" data-id=\"98daf35\" data-element_type=\"widget\" data-widget_type=\"ld_button.default\">\n\t\t\t\t<div class=\"elementor-widget-container\">\n\t\t\t\n\t\t\t<a\n\t\t\t\thref=\"https:\/\/www.stvmachinery.it\/cataloghi\/STV-Thermal%20-treatment-tunnel.pdf\" target=\"_blank\"class=\"elementor-button btn btn-solid btn-icon-shaped btn-has-label\"\t\t\t>\n\t\t\t\t\t\t\t\t\t<span data-text=\"Descarga la ficha de la m\u00e1quina\" class=\"btn-txt\">\n\t\t\t\t\t\tDescarga la ficha de la m\u00e1quina\t\t\t\t\t<\/span>\n\t\t\t\t\t\t\t\t\t\t\t<\/a>\n\t\t\t\t\t<\/div>\n\t\t\t\t<\/div>\n\t\t\t\t\t<\/div>\n\t\t\t\t<\/div>\n\t\t<div class=\"elementor-element elementor-element-5e71ca7 e-flex e-con-boxed e-con e-parent\" data-id=\"5e71ca7\" data-element_type=\"container\">\n\t\t\t\t\t<div class=\"e-con-inner\">\n\t\t\t\t<div class=\"elementor-element elementor-element-42a1ebd elementor-widget elementor-widget-text-editor\" data-id=\"42a1ebd\" data-element_type=\"widget\" data-widget_type=\"text-editor.default\">\n\t\t\t\t<div class=\"elementor-widget-container\">\n\t\t\t\t\t\t\t<h3 class=\"product-item-title\">Caracter\u00edsticas Constructivas<\/h3>\n<ul>\n<li>Estructura realizada \u00edntegramente en <strong>acero inox AISI 304. <\/strong><\/li>\n<li>Revestimientos <strong>t\u00e9rmicos<\/strong>.<\/li>\n<li><strong>Aislamiento t\u00e9rmico<\/strong> de las paredes laterales y techos con material aislante y cubierta de acero inoxidable.<\/li>\n<li><strong>Entrada Cinta transportadora<\/strong> de acero inoxidable AISI 304 con cadena de mesa de acero inoxidable instalada en tiras resistentes a la fricci\u00f3n, con rodillos de soporte en la secci\u00f3n de retorno, gu\u00edas de contenci\u00f3n de acero inoxidable montadas sobre soportes ajustables para los distintos tama\u00f1os de envases, cabeza accionada por motor de velocidad ajustable y cabezal de ralent\u00ed.<\/li>\n<li>Transporte contenedor a lo largo del t\u00fanel con <strong>cinta transportadora modular<\/strong> en polipropileno, con sistema adecuado de arrastre y motorizaci\u00f3n a velocidad variable mediante inverter.<\/li>\n<li><strong>Intercambiador de calor<\/strong> tipo tubo en acero inox, completo de by-pass f\u00e1bula modulante, v\u00e1lvulas manuales, filtro, descargador de condensaci\u00f3n, protecci\u00f3n anti riesgos en acero inox.<\/li>\n<li>Regulador de temperatura del agua de tratamiento t\u00e9rmico, completo de contacto el\u00e9ctrico que mediante parpadeo advierte que la m\u00e1quina no ha alcanzado o la temperatura impuesta no es la misma.<\/li>\n<li><strong>Grabador video gr\u00e1fico con Smart Card<\/strong> para la grabaci\u00f3n de los par\u00e1metros de la temperatura del agua en las diferentes fases del tratamiento t\u00e9rmico y la regulaci\u00f3n de la temperatura del agua.<\/li>\n<li><strong>Cubas con bombas centrifugadas<\/strong> por la lluvia de agua caliente en las diferentes secciones de tratamiento t\u00e9rmico, protegidas de doble filtro en acero inox. Las cubas alimentan los colectores que traen los tubos desmontables mediante uni\u00f3n de tubos, dotados de boquillas que pulverizan con amplia capacidad que garantiza un alto rendimiento y una mejor uniformidad de tratamiento. <\/li>\n<li><strong>Cinta salida a velocidad diferenciada<\/strong> en placa de acero inox AISI 304 con cadena table top en acero inox montada en tiras de material antifricci\u00f3n, rodillos de soporte en la parte de regreso, gu\u00edas de contenci\u00f3n en soportes regulables para varios formatos de recipientes, cabezal motorizada mediante moto variador y cabezal neutro.<\/li>\n<li><strong>Unidad puente ruptura. <\/strong><\/li>\n<li><strong>Cuadro el\u00e9ctrico de mando<\/strong> en acero inox.<\/li>\n<li><strong>Seguridad de stop<\/strong> de m\u00e1quina en caso de cualquier <strong>resistencia<\/strong> al desplazamiento de la alfombrilla.<\/li>\n<li><strong>Seguridad de parada<\/strong> de m\u00e1quina en caso de <strong>rebosamiento<\/strong> en la salida.<\/li>\n<li>Dispositivo de no arranque de la m\u00e1quina si no ha alcanzado la temperatura establecida.<\/li>\n<li>Seguridad de stop de m\u00e1quina en caso disminuci\u00f3n de la temperatura m\u00ednima establecida.<\/li>\n<li><strong>Dispositivo de cierre vapor<\/strong> autom\u00e1ticamente en caso de cualquier paro de la m\u00e1quina, para evitar que el producto permanezca a una temperatura elevada durante un periodo superior al predeterminado.<\/li>\n<li><strong>Alarma ac\u00fastica y parpadeante<\/strong> de color rojo situada en el lado superior del cuadro el\u00e9ctrico para la se\u00f1alaci\u00f3n de anomal\u00edas.<\/li>\n<\/ul>\n\t\t\t\t\t\t<\/div>\n\t\t\t\t<\/div>\n\t\t\t\t\t<\/div>\n\t\t\t\t<\/div>\n\t\t<div class=\"elementor-element elementor-element-e95b650 e-flex e-con-boxed e-con e-parent\" data-id=\"e95b650\" data-element_type=\"container\" data-settings=\"{&quot;background_background&quot;:&quot;classic&quot;}\">\n\t\t\t\t\t<div class=\"e-con-inner\">\n\t\t\t\t<div class=\"elementor-element elementor-element-02e0a45 elementor-widget elementor-widget-heading\" data-id=\"02e0a45\" data-element_type=\"widget\" data-widget_type=\"heading.default\">\n\t\t\t\t<div class=\"elementor-widget-container\">\n\t\t\t<style>\/*! elementor - v3.21.0 - 08-05-2024 *\/\n.elementor-heading-title{padding:0;margin:0;line-height:1}.elementor-widget-heading .elementor-heading-title[class*=elementor-size-]>a{color:inherit;font-size:inherit;line-height:inherit}.elementor-widget-heading .elementor-heading-title.elementor-size-small{font-size:15px}.elementor-widget-heading .elementor-heading-title.elementor-size-medium{font-size:19px}.elementor-widget-heading .elementor-heading-title.elementor-size-large{font-size:29px}.elementor-widget-heading .elementor-heading-title.elementor-size-xl{font-size:39px}.elementor-widget-heading .elementor-heading-title.elementor-size-xxl{font-size:59px}<\/style><h4 class=\"elementor-heading-title elementor-size-default\">Disponible a petici\u00f3n:<\/h4>\t\t<\/div>\n\t\t\t\t<\/div>\n\t\t\t\t<div class=\"elementor-element elementor-element-d3553fa elementor-widget elementor-widget-text-editor\" data-id=\"d3553fa\" data-element_type=\"widget\" data-widget_type=\"text-editor.default\">\n\t\t\t\t<div class=\"elementor-widget-container\">\n\t\t\t\t\t\t\t<div>A pedido la m\u00e1quina puede ser dotada de:<\/div>\n<ul>\n<li><strong>COLECTOR<\/strong> en acero inox para alimentaci\u00f3n agua en las cubas de la m\u00e1quina.<\/li>\n<li><strong>COLECTOR<\/strong> en acero inox para la recogida y el y transmisi\u00f3n de las aguas de escape de las cubas en un \u00fanico punto.<\/li>\n<li><strong>GRUPO DE SOPLADO<\/strong> para goteo recipientes.<\/li>\n<\/ul>\n\t\t\t\t\t\t<\/div>\n\t\t\t\t<\/div>\n\t\t\t\t\t<\/div>\n\t\t\t\t<\/div>\n\t\t<div class=\"elementor-element elementor-element-062fac5 e-flex e-con-boxed e-con e-parent\" data-id=\"062fac5\" data-element_type=\"container\">\n\t\t\t\t\t<div class=\"e-con-inner\">\n\t\t\t\t<div class=\"elementor-element elementor-element-44efe1f elementor-widget elementor-widget-heading\" data-id=\"44efe1f\" data-element_type=\"widget\" data-widget_type=\"heading.default\">\n\t\t\t\t<div class=\"elementor-widget-container\">\n\t\t\t<h4 class=\"elementor-heading-title elementor-size-default\">Datos T\u00e9cnicos<\/h4>\t\t<\/div>\n\t\t\t\t<\/div>\n\t\t\t\t<div class=\"elementor-element elementor-element-6c463c0 elementor-widget elementor-widget-text-editor\" data-id=\"6c463c0\" data-element_type=\"widget\" data-widget_type=\"text-editor.default\">\n\t\t\t\t<div class=\"elementor-widget-container\">\n\t\t\t\t\t\t\t<p>La superficie de trabajo puede variar de un m\u00ednimo de 3 m\u00b2 hasta a 60 m\u00b2 o m\u00e1s.<\/p>\n\t\t\t\t\t\t<\/div>\n\t\t\t\t<\/div>\n\t\t\t\t\t<\/div>\n\t\t\t\t<\/div>\n\t\t\t\t<\/div>\n\t\t","protected":false},"excerpt":{"rendered":"<p><strong>T\u00fanel de<\/strong> <strong>tratamiento t\u00e9rmico continuo<\/strong>. Adapto para procesar envases met\u00e1licos, de vidrio y PET en varios formatos contenido de productos que necesitan <strong>PASTEURIZARSE<\/strong> (fruta, conservas en aceite, encurtidos, mermelada, cremas, pat\u00e9, jugos, pur\u00e9, etc.) o productos que son rellenados con calor y que necesitan pasar por una fase de <strong>MANTENIMIENTO<\/strong> en temperatura y sucesivamente <strong>ENFRIAMIENTO<\/strong> (mermelada, salsas, k\u00e9tchup, etc). <\/p>\n<p><a class=\"pulsanterosso\" href=\"#caratteristiche\">Caracter\u00edsticas T\u00e9cnicas<\/a><\/p>\n","protected":false},"featured_media":9300,"template":"","meta":{"inline_featured_image":false},"product_cat":[106],"product_tag":[],"class_list":{"0":"post-10012","1":"product","2":"type-product","3":"status-publish","4":"has-post-thumbnail","6":"product_cat-tunel-y-tanques","7":"pa_applicazione-contenedores-llenos","8":"pa_funzionamento-automatico-es","9":"pa_settore-alimentario","11":"first","12":"instock","13":"shipping-taxable","14":"product-type-simple"},"yoast_head":"<!-- This site is optimized with the Yoast SEO plugin v22.7 - https:\/\/yoast.com\/wordpress\/plugins\/seo\/ -->\n<title>T\u00fanel de tratamiento t\u00e9rmico por lluvia | STV Machinery<\/title>\n<meta name=\"description\" content=\"El T\u00fanel de tratamiento t\u00e9rmico por aspersi\u00f3n se utiliza para tratar recipientes que contienen productos que requieren PASTEURIZACI\u00d3N.\" \/>\n<meta name=\"robots\" content=\"index, follow, max-snippet:-1, max-image-preview:large, max-video-preview:-1\" \/>\n<link rel=\"canonical\" href=\"https:\/\/www.stvmachinery.it\/es\/macchinari\/tunel-y-tanques\/tunel-de-tratamiento-termico-por-lluvia\/\" \/>\n<meta property=\"og:locale\" content=\"es_ES\" \/>\n<meta property=\"og:type\" content=\"article\" \/>\n<meta property=\"og:title\" content=\"T\u00fanel de tratamiento t\u00e9rmico por lluvia | STV Machinery\" \/>\n<meta property=\"og:description\" content=\"El T\u00fanel de tratamiento t\u00e9rmico por aspersi\u00f3n se utiliza para tratar recipientes que contienen productos que requieren PASTEURIZACI\u00d3N.\" \/>\n<meta property=\"og:url\" content=\"https:\/\/www.stvmachinery.it\/es\/macchinari\/tunel-y-tanques\/tunel-de-tratamiento-termico-por-lluvia\/\" \/>\n<meta property=\"og:site_name\" content=\"STV Machinery\" \/>\n<meta property=\"article:modified_time\" content=\"2025-12-12T10:06:03+00:00\" \/>\n<meta property=\"og:image\" content=\"https:\/\/www.stvmachinery.it\/wp-content\/uploads\/2024\/04\/Tunnel-di-trattamento-terimco-a-pioggia.webp\" \/>\n\t<meta property=\"og:image:width\" content=\"1200\" \/>\n\t<meta property=\"og:image:height\" content=\"1200\" \/>\n\t<meta property=\"og:image:type\" content=\"image\/webp\" \/>\n<meta name=\"twitter:card\" content=\"summary_large_image\" \/>\n<script type=\"application\/ld+json\" class=\"yoast-schema-graph\">{\"@context\":\"https:\/\/schema.org\",\"@graph\":[{\"@type\":\"WebPage\",\"@id\":\"https:\/\/www.stvmachinery.it\/es\/macchinari\/tunel-y-tanques\/tunel-de-tratamiento-termico-por-lluvia\/\",\"url\":\"https:\/\/www.stvmachinery.it\/es\/macchinari\/tunel-y-tanques\/tunel-de-tratamiento-termico-por-lluvia\/\",\"name\":\"T\u00fanel de tratamiento t\u00e9rmico por lluvia | STV Machinery\",\"isPartOf\":{\"@id\":\"https:\/\/www.stvmachinery.it\/es\/#website\"},\"primaryImageOfPage\":{\"@id\":\"https:\/\/www.stvmachinery.it\/es\/macchinari\/tunel-y-tanques\/tunel-de-tratamiento-termico-por-lluvia\/#primaryimage\"},\"image\":{\"@id\":\"https:\/\/www.stvmachinery.it\/es\/macchinari\/tunel-y-tanques\/tunel-de-tratamiento-termico-por-lluvia\/#primaryimage\"},\"thumbnailUrl\":\"https:\/\/www.stvmachinery.it\/wp-content\/uploads\/2024\/04\/Tunnel-di-trattamento-terimco-a-pioggia.webp\",\"datePublished\":\"2024-04-02T10:29:22+00:00\",\"dateModified\":\"2025-12-12T10:06:03+00:00\",\"description\":\"El T\u00fanel de tratamiento t\u00e9rmico por aspersi\u00f3n se utiliza para tratar recipientes que contienen productos que requieren PASTEURIZACI\u00d3N.\",\"breadcrumb\":{\"@id\":\"https:\/\/www.stvmachinery.it\/es\/macchinari\/tunel-y-tanques\/tunel-de-tratamiento-termico-por-lluvia\/#breadcrumb\"},\"inLanguage\":\"es\",\"potentialAction\":[{\"@type\":\"ReadAction\",\"target\":[\"https:\/\/www.stvmachinery.it\/es\/macchinari\/tunel-y-tanques\/tunel-de-tratamiento-termico-por-lluvia\/\"]}]},{\"@type\":\"ImageObject\",\"inLanguage\":\"es\",\"@id\":\"https:\/\/www.stvmachinery.it\/es\/macchinari\/tunel-y-tanques\/tunel-de-tratamiento-termico-por-lluvia\/#primaryimage\",\"url\":\"https:\/\/www.stvmachinery.it\/wp-content\/uploads\/2024\/04\/Tunnel-di-trattamento-terimco-a-pioggia.webp\",\"contentUrl\":\"https:\/\/www.stvmachinery.it\/wp-content\/uploads\/2024\/04\/Tunnel-di-trattamento-terimco-a-pioggia.webp\",\"width\":1200,\"height\":1200},{\"@type\":\"BreadcrumbList\",\"@id\":\"https:\/\/www.stvmachinery.it\/es\/macchinari\/tunel-y-tanques\/tunel-de-tratamiento-termico-por-lluvia\/#breadcrumb\",\"itemListElement\":[{\"@type\":\"ListItem\",\"position\":1,\"name\":\"Home\",\"item\":\"https:\/\/www.stvmachinery.it\/es\/stv-machinery\/\"},{\"@type\":\"ListItem\",\"position\":2,\"name\":\"Maquinaria\",\"item\":\"https:\/\/www.stvmachinery.it\/es\/maquinaria\/\"},{\"@type\":\"ListItem\",\"position\":3,\"name\":\"T\u00fanel de tratamiento t\u00e9rmico por lluvia\"}]},{\"@type\":\"WebSite\",\"@id\":\"https:\/\/www.stvmachinery.it\/es\/#website\",\"url\":\"https:\/\/www.stvmachinery.it\/es\/\",\"name\":\"STV Machinery\",\"description\":\"Macchine ed impianti per l\u2019industria agroalimentare e conserviera\",\"publisher\":{\"@id\":\"https:\/\/www.stvmachinery.it\/es\/#organization\"},\"potentialAction\":[{\"@type\":\"SearchAction\",\"target\":{\"@type\":\"EntryPoint\",\"urlTemplate\":\"https:\/\/www.stvmachinery.it\/es\/?s={search_term_string}\"},\"query-input\":\"required name=search_term_string\"}],\"inLanguage\":\"es\"},{\"@type\":\"Organization\",\"@id\":\"https:\/\/www.stvmachinery.it\/es\/#organization\",\"name\":\"S.T.V. di Salati Giovanni & C. \u2013 S.n.c.\",\"alternateName\":\"STV Machinery\",\"url\":\"https:\/\/www.stvmachinery.it\/es\/\",\"logo\":{\"@type\":\"ImageObject\",\"inLanguage\":\"es\",\"@id\":\"https:\/\/www.stvmachinery.it\/es\/#\/schema\/logo\/image\/\",\"url\":\"https:\/\/www.stvmachinery.it\/wp-content\/uploads\/2021\/06\/stv-machinery-logo-positivo.png\",\"contentUrl\":\"https:\/\/www.stvmachinery.it\/wp-content\/uploads\/2021\/06\/stv-machinery-logo-positivo.png\",\"width\":481,\"height\":233,\"caption\":\"S.T.V. di Salati Giovanni & C. \u2013 S.n.c.\"},\"image\":{\"@id\":\"https:\/\/www.stvmachinery.it\/es\/#\/schema\/logo\/image\/\"},\"sameAs\":[\"https:\/\/it.linkedin.com\/company\/stv-machinery\",\"https:\/\/www.youtube.com\/channel\/UCceMPa8POjTOmZeA2_KUoeg\"]}]}<\/script>\n<!-- \/ Yoast SEO plugin. -->","yoast_head_json":{"title":"T\u00fanel de tratamiento t\u00e9rmico por lluvia | STV Machinery","description":"El T\u00fanel de tratamiento t\u00e9rmico por aspersi\u00f3n se utiliza para tratar recipientes que contienen productos que requieren PASTEURIZACI\u00d3N.","robots":{"index":"index","follow":"follow","max-snippet":"max-snippet:-1","max-image-preview":"max-image-preview:large","max-video-preview":"max-video-preview:-1"},"canonical":"https:\/\/www.stvmachinery.it\/es\/macchinari\/tunel-y-tanques\/tunel-de-tratamiento-termico-por-lluvia\/","og_locale":"es_ES","og_type":"article","og_title":"T\u00fanel de tratamiento t\u00e9rmico por lluvia | STV Machinery","og_description":"El T\u00fanel de tratamiento t\u00e9rmico por aspersi\u00f3n se utiliza para tratar recipientes que contienen productos que requieren PASTEURIZACI\u00d3N.","og_url":"https:\/\/www.stvmachinery.it\/es\/macchinari\/tunel-y-tanques\/tunel-de-tratamiento-termico-por-lluvia\/","og_site_name":"STV Machinery","article_modified_time":"2025-12-12T10:06:03+00:00","og_image":[{"width":1200,"height":1200,"url":"https:\/\/www.stvmachinery.it\/wp-content\/uploads\/2024\/04\/Tunnel-di-trattamento-terimco-a-pioggia.webp","type":"image\/webp"}],"twitter_card":"summary_large_image","schema":{"@context":"https:\/\/schema.org","@graph":[{"@type":"WebPage","@id":"https:\/\/www.stvmachinery.it\/es\/macchinari\/tunel-y-tanques\/tunel-de-tratamiento-termico-por-lluvia\/","url":"https:\/\/www.stvmachinery.it\/es\/macchinari\/tunel-y-tanques\/tunel-de-tratamiento-termico-por-lluvia\/","name":"T\u00fanel de tratamiento t\u00e9rmico por lluvia | STV Machinery","isPartOf":{"@id":"https:\/\/www.stvmachinery.it\/es\/#website"},"primaryImageOfPage":{"@id":"https:\/\/www.stvmachinery.it\/es\/macchinari\/tunel-y-tanques\/tunel-de-tratamiento-termico-por-lluvia\/#primaryimage"},"image":{"@id":"https:\/\/www.stvmachinery.it\/es\/macchinari\/tunel-y-tanques\/tunel-de-tratamiento-termico-por-lluvia\/#primaryimage"},"thumbnailUrl":"https:\/\/www.stvmachinery.it\/wp-content\/uploads\/2024\/04\/Tunnel-di-trattamento-terimco-a-pioggia.webp","datePublished":"2024-04-02T10:29:22+00:00","dateModified":"2025-12-12T10:06:03+00:00","description":"El T\u00fanel de tratamiento t\u00e9rmico por aspersi\u00f3n se utiliza para tratar recipientes que contienen productos que requieren PASTEURIZACI\u00d3N.","breadcrumb":{"@id":"https:\/\/www.stvmachinery.it\/es\/macchinari\/tunel-y-tanques\/tunel-de-tratamiento-termico-por-lluvia\/#breadcrumb"},"inLanguage":"es","potentialAction":[{"@type":"ReadAction","target":["https:\/\/www.stvmachinery.it\/es\/macchinari\/tunel-y-tanques\/tunel-de-tratamiento-termico-por-lluvia\/"]}]},{"@type":"ImageObject","inLanguage":"es","@id":"https:\/\/www.stvmachinery.it\/es\/macchinari\/tunel-y-tanques\/tunel-de-tratamiento-termico-por-lluvia\/#primaryimage","url":"https:\/\/www.stvmachinery.it\/wp-content\/uploads\/2024\/04\/Tunnel-di-trattamento-terimco-a-pioggia.webp","contentUrl":"https:\/\/www.stvmachinery.it\/wp-content\/uploads\/2024\/04\/Tunnel-di-trattamento-terimco-a-pioggia.webp","width":1200,"height":1200},{"@type":"BreadcrumbList","@id":"https:\/\/www.stvmachinery.it\/es\/macchinari\/tunel-y-tanques\/tunel-de-tratamiento-termico-por-lluvia\/#breadcrumb","itemListElement":[{"@type":"ListItem","position":1,"name":"Home","item":"https:\/\/www.stvmachinery.it\/es\/stv-machinery\/"},{"@type":"ListItem","position":2,"name":"Maquinaria","item":"https:\/\/www.stvmachinery.it\/es\/maquinaria\/"},{"@type":"ListItem","position":3,"name":"T\u00fanel de tratamiento t\u00e9rmico por lluvia"}]},{"@type":"WebSite","@id":"https:\/\/www.stvmachinery.it\/es\/#website","url":"https:\/\/www.stvmachinery.it\/es\/","name":"STV Machinery","description":"Macchine ed impianti per l\u2019industria agroalimentare e conserviera","publisher":{"@id":"https:\/\/www.stvmachinery.it\/es\/#organization"},"potentialAction":[{"@type":"SearchAction","target":{"@type":"EntryPoint","urlTemplate":"https:\/\/www.stvmachinery.it\/es\/?s={search_term_string}"},"query-input":"required name=search_term_string"}],"inLanguage":"es"},{"@type":"Organization","@id":"https:\/\/www.stvmachinery.it\/es\/#organization","name":"S.T.V. di Salati Giovanni & C. \u2013 S.n.c.","alternateName":"STV Machinery","url":"https:\/\/www.stvmachinery.it\/es\/","logo":{"@type":"ImageObject","inLanguage":"es","@id":"https:\/\/www.stvmachinery.it\/es\/#\/schema\/logo\/image\/","url":"https:\/\/www.stvmachinery.it\/wp-content\/uploads\/2021\/06\/stv-machinery-logo-positivo.png","contentUrl":"https:\/\/www.stvmachinery.it\/wp-content\/uploads\/2021\/06\/stv-machinery-logo-positivo.png","width":481,"height":233,"caption":"S.T.V. di Salati Giovanni & C. \u2013 S.n.c."},"image":{"@id":"https:\/\/www.stvmachinery.it\/es\/#\/schema\/logo\/image\/"},"sameAs":["https:\/\/it.linkedin.com\/company\/stv-machinery","https:\/\/www.youtube.com\/channel\/UCceMPa8POjTOmZeA2_KUoeg"]}]}},"_links":{"self":[{"href":"https:\/\/www.stvmachinery.it\/es\/wp-json\/wp\/v2\/product\/10012","targetHints":{"allow":["GET"]}}],"collection":[{"href":"https:\/\/www.stvmachinery.it\/es\/wp-json\/wp\/v2\/product"}],"about":[{"href":"https:\/\/www.stvmachinery.it\/es\/wp-json\/wp\/v2\/types\/product"}],"version-history":[{"count":6,"href":"https:\/\/www.stvmachinery.it\/es\/wp-json\/wp\/v2\/product\/10012\/revisions"}],"predecessor-version":[{"id":11477,"href":"https:\/\/www.stvmachinery.it\/es\/wp-json\/wp\/v2\/product\/10012\/revisions\/11477"}],"wp:featuredmedia":[{"embeddable":true,"href":"https:\/\/www.stvmachinery.it\/es\/wp-json\/wp\/v2\/media\/9300"}],"wp:attachment":[{"href":"https:\/\/www.stvmachinery.it\/es\/wp-json\/wp\/v2\/media?parent=10012"}],"wp:term":[{"taxonomy":"product_cat","embeddable":true,"href":"https:\/\/www.stvmachinery.it\/es\/wp-json\/wp\/v2\/product_cat?post=10012"},{"taxonomy":"product_tag","embeddable":true,"href":"https:\/\/www.stvmachinery.it\/es\/wp-json\/wp\/v2\/product_tag?post=10012"}],"curies":[{"name":"wp","href":"https:\/\/api.w.org\/{rel}","templated":true}]}}