{"id":10014,"date":"2024-03-29T14:10:57","date_gmt":"2024-03-29T13:10:57","guid":{"rendered":"https:\/\/www.stvmachinery.it\/macchinari\/sin%20categor\u00eda\/cerradora-semiautomatica-por-tapas-twist-off-mod-cs\/"},"modified":"2026-01-21T12:23:46","modified_gmt":"2026-01-21T11:23:46","slug":"cerradora-semiautomatica-por-tapas-twist-off-mod-cs","status":"publish","type":"product","link":"https:\/\/www.stvmachinery.it\/es\/macchinari\/cerradoras-twist-off-y-cerradoras-tapas-plastico\/cerradora-semiautomatica-por-tapas-twist-off-mod-cs\/","title":{"rendered":"Cerradora Semiautom\u00e1tica para tapas Twist-Off Mod. CS"},"content":{"rendered":"\t\t<div data-elementor-type=\"product-post\" data-elementor-id=\"10014\" class=\"elementor elementor-10014 elementor-8638\" data-elementor-post-type=\"product\">\n\t\t\t\t<div class=\"elementor-element elementor-element-46a5c91 e-flex e-con-boxed e-con e-parent\" data-id=\"46a5c91\" data-element_type=\"container\" id=\"caratteristiche\">\n\t\t\t\t\t<div class=\"e-con-inner\">\n\t\t\t\t<div class=\"elementor-element elementor-element-7aea20b elementor-widget elementor-widget-text-editor\" data-id=\"7aea20b\" data-element_type=\"widget\" data-widget_type=\"text-editor.default\">\n\t\t\t\t<div class=\"elementor-widget-container\">\n\t\t\t<style>\/*! elementor - v3.21.0 - 08-05-2024 *\/\n.elementor-widget-text-editor.elementor-drop-cap-view-stacked .elementor-drop-cap{background-color:#69727d;color:#fff}.elementor-widget-text-editor.elementor-drop-cap-view-framed .elementor-drop-cap{color:#69727d;border:3px solid;background-color:transparent}.elementor-widget-text-editor:not(.elementor-drop-cap-view-default) .elementor-drop-cap{margin-top:8px}.elementor-widget-text-editor:not(.elementor-drop-cap-view-default) .elementor-drop-cap-letter{width:1em;height:1em}.elementor-widget-text-editor .elementor-drop-cap{float:left;text-align:center;line-height:1;font-size:50px}.elementor-widget-text-editor .elementor-drop-cap-letter{display:inline-block}<\/style>\t\t\t\t<h3 class=\"product-item-title\">Caracter\u00edsticas Constructivas<\/h3>\n<ul>\n<li><strong>Base<\/strong> en acero inox con pies de apoyo regulables en altura.<\/li>\n<li><strong>Columna<\/strong> que sostiene la unidad de roscado de las tapas, equipada con embrague, motor de engranajes y cabezal de retenci\u00f3n de goma.<\/li>\n<li><strong>Rueda<\/strong> de mano conectada a una barra de acero inoxidable para la regulaci\u00f3n manual de la unidad de roscado seg\u00fan la altura del recipiente.<\/li>\n<li><strong>Cilindro neum\u00e1tico<\/strong> accionado por medio de una v\u00e1lvula que controla el descenso de las tapas de la unidad de atornillado.<\/li>\n<li>La m\u00e1quina puede realizar <strong>formatos de envases de dimensiones diferentes<\/strong> y c\u00e1psulas hasta un di\u00e1metro de 110mm.<\/li>\n<\/ul>\n\t\t\t\t\t\t<\/div>\n\t\t\t\t<\/div>\n\t\t\t\t\t<\/div>\n\t\t\t\t<\/div>\n\t\t<div class=\"elementor-element elementor-element-e95b650 e-flex e-con-boxed e-con e-parent\" data-id=\"e95b650\" data-element_type=\"container\" data-settings=\"{&quot;background_background&quot;:&quot;classic&quot;}\">\n\t\t\t\t\t<div class=\"e-con-inner\">\n\t\t\t\t<div class=\"elementor-element elementor-element-02e0a45 elementor-widget elementor-widget-heading\" data-id=\"02e0a45\" data-element_type=\"widget\" data-widget_type=\"heading.default\">\n\t\t\t\t<div class=\"elementor-widget-container\">\n\t\t\t<style>\/*! elementor - v3.21.0 - 08-05-2024 *\/\n.elementor-heading-title{padding:0;margin:0;line-height:1}.elementor-widget-heading .elementor-heading-title[class*=elementor-size-]>a{color:inherit;font-size:inherit;line-height:inherit}.elementor-widget-heading .elementor-heading-title.elementor-size-small{font-size:15px}.elementor-widget-heading .elementor-heading-title.elementor-size-medium{font-size:19px}.elementor-widget-heading .elementor-heading-title.elementor-size-large{font-size:29px}.elementor-widget-heading .elementor-heading-title.elementor-size-xl{font-size:39px}.elementor-widget-heading .elementor-heading-title.elementor-size-xxl{font-size:59px}<\/style><h4 class=\"elementor-heading-title elementor-size-default\">Disponible a petici\u00f3n:<\/h4>\t\t<\/div>\n\t\t\t\t<\/div>\n\t\t\t\t<div class=\"elementor-element elementor-element-d3553fa elementor-widget elementor-widget-text-editor\" data-id=\"d3553fa\" data-element_type=\"widget\" data-widget_type=\"text-editor.default\">\n\t\t\t\t<div class=\"elementor-widget-container\">\n\t\t\t\t\t\t\t<div>A pedido, la m\u00e1quina puede ser dotada de <strong>GRUPO DE DISTRIBUCION VAPOR<\/strong> entre c\u00e1psula y contenedor para favorecer la formaci\u00f3n del vac\u00edo en el envase despu\u00e9s del cierre.<\/div>\n<div> <\/div>\n<div>La m\u00e1quina es disponible adem\u00e1s en la <strong>VERSION de BANCO<\/strong>, sin plataforma.<\/div>\n\t\t\t\t\t\t<\/div>\n\t\t\t\t<\/div>\n\t\t\t\t\t<\/div>\n\t\t\t\t<\/div>\n\t\t<div class=\"elementor-element elementor-element-062fac5 e-flex e-con-boxed e-con e-parent\" data-id=\"062fac5\" data-element_type=\"container\">\n\t\t\t\t\t<div class=\"e-con-inner\">\n\t\t\t\t<div class=\"elementor-element elementor-element-44efe1f elementor-widget elementor-widget-heading\" data-id=\"44efe1f\" data-element_type=\"widget\" data-widget_type=\"heading.default\">\n\t\t\t\t<div class=\"elementor-widget-container\">\n\t\t\t<h4 class=\"elementor-heading-title elementor-size-default\">Datos T\u00e9cnicos<\/h4>\t\t<\/div>\n\t\t\t\t<\/div>\n\t\t\t\t<div class=\"elementor-element elementor-element-f00ea09 elementor-widget elementor-widget-ld_table\" data-id=\"f00ea09\" data-element_type=\"widget\" data-widget_type=\"ld_table.default\">\n\t\t\t\t<div class=\"elementor-widget-container\">\n\t\t\t<table><tr><td class=\"elementor-repeater-item-4be9d2e\">Capacidad<\/td><td class=\"elementor-repeater-item-485afe4\">200\/250 frascos\/hora aprox (variabile seg\u00f9n habilidad del usuario)<\/td><\/tr><tr><td class=\"elementor-repeater-item-78380da\">Longitud<\/td><td class=\"elementor-repeater-item-a74bb3f\">560 mm<\/td><\/tr><tr><td class=\"elementor-repeater-item-e9f2d72\">Anchura<\/td><td class=\"elementor-repeater-item-b05652f\">660 mm <\/td><\/tr><\/table>\t\t<\/div>\n\t\t\t\t<\/div>\n\t\t\t\t\t<\/div>\n\t\t\t\t<\/div>\n\t\t\t\t<\/div>\n\t\t","protected":false},"excerpt":{"rendered":"<p><strong>M\u00e1quina semi-autom\u00e1tica<\/strong> para el <strong>cierre de frascos en vidrio<\/strong> (frascos y botellas) con <strong>TAPAS TWIST-OFF<\/strong>, id\u00f3nea para peque\u00f1as producciones.<\/p>\n<p><a class=\"pulsanterosso\" href=\"#caratteristiche\">Caracter\u00edsticas T\u00e9cnicas<\/a><\/p>\n","protected":false},"featured_media":9291,"template":"","meta":{"inline_featured_image":false},"product_cat":[95],"product_tag":[],"class_list":{"0":"post-10014","1":"product","2":"type-product","3":"status-publish","4":"has-post-thumbnail","6":"product_cat-cerradoras-twist-off-y-cerradoras-tapas-plastico","7":"pa_applicazione-contenedores-llenos","8":"pa_funzionamento-semiautomatico-es","9":"pa_settore-alimentario","10":"pa_settore-cosmetica-y-detergencia-es","12":"first","13":"instock","14":"shipping-taxable","15":"product-type-simple"},"yoast_head":"<!-- This site is optimized with the Yoast SEO plugin v22.7 - https:\/\/yoast.com\/wordpress\/plugins\/seo\/ -->\n<title>Cerradora Semiautom\u00e1tica para tapas Twist-Off Mod. CS | STV Machinery<\/title>\n<meta name=\"description\" content=\"La Capsulatrice semiautom\u00e1tica es una m\u00e1quina para cerrar recipientes de vidrio (frascos y botellas) con TAPAS TWIST-OFF, adecuada para peque\u00f1as producciones.\" \/>\n<meta name=\"robots\" content=\"index, follow, max-snippet:-1, max-image-preview:large, max-video-preview:-1\" \/>\n<link rel=\"canonical\" href=\"https:\/\/www.stvmachinery.it\/es\/macchinari\/cerradoras-twist-off-y-cerradoras-tapas-plastico\/cerradora-semiautomatica-por-tapas-twist-off-mod-cs\/\" \/>\n<meta property=\"og:locale\" content=\"es_ES\" \/>\n<meta property=\"og:type\" content=\"article\" \/>\n<meta property=\"og:title\" content=\"Cerradora Semiautom\u00e1tica para tapas Twist-Off Mod. CS | STV Machinery\" \/>\n<meta property=\"og:description\" content=\"La Capsulatrice semiautom\u00e1tica es una m\u00e1quina para cerrar recipientes de vidrio (frascos y botellas) con TAPAS TWIST-OFF, adecuada para peque\u00f1as producciones.\" \/>\n<meta property=\"og:url\" content=\"https:\/\/www.stvmachinery.it\/es\/macchinari\/cerradoras-twist-off-y-cerradoras-tapas-plastico\/cerradora-semiautomatica-por-tapas-twist-off-mod-cs\/\" \/>\n<meta property=\"og:site_name\" content=\"STV Machinery\" \/>\n<meta property=\"article:modified_time\" content=\"2026-01-21T11:23:46+00:00\" \/>\n<meta property=\"og:image\" content=\"https:\/\/www.stvmachinery.it\/wp-content\/uploads\/2024\/03\/Capsulatrice-Semiautomatica.webp\" \/>\n\t<meta property=\"og:image:width\" content=\"1200\" \/>\n\t<meta property=\"og:image:height\" content=\"1200\" \/>\n\t<meta property=\"og:image:type\" content=\"image\/webp\" \/>\n<meta name=\"twitter:card\" content=\"summary_large_image\" \/>\n<script type=\"application\/ld+json\" class=\"yoast-schema-graph\">{\"@context\":\"https:\/\/schema.org\",\"@graph\":[{\"@type\":\"WebPage\",\"@id\":\"https:\/\/www.stvmachinery.it\/es\/macchinari\/cerradoras-twist-off-y-cerradoras-tapas-plastico\/cerradora-semiautomatica-por-tapas-twist-off-mod-cs\/\",\"url\":\"https:\/\/www.stvmachinery.it\/es\/macchinari\/cerradoras-twist-off-y-cerradoras-tapas-plastico\/cerradora-semiautomatica-por-tapas-twist-off-mod-cs\/\",\"name\":\"Cerradora Semiautom\u00e1tica para tapas Twist-Off Mod. CS | STV Machinery\",\"isPartOf\":{\"@id\":\"https:\/\/www.stvmachinery.it\/es\/#website\"},\"primaryImageOfPage\":{\"@id\":\"https:\/\/www.stvmachinery.it\/es\/macchinari\/cerradoras-twist-off-y-cerradoras-tapas-plastico\/cerradora-semiautomatica-por-tapas-twist-off-mod-cs\/#primaryimage\"},\"image\":{\"@id\":\"https:\/\/www.stvmachinery.it\/es\/macchinari\/cerradoras-twist-off-y-cerradoras-tapas-plastico\/cerradora-semiautomatica-por-tapas-twist-off-mod-cs\/#primaryimage\"},\"thumbnailUrl\":\"https:\/\/www.stvmachinery.it\/wp-content\/uploads\/2024\/03\/Capsulatrice-Semiautomatica.webp\",\"datePublished\":\"2024-03-29T13:10:57+00:00\",\"dateModified\":\"2026-01-21T11:23:46+00:00\",\"description\":\"La Capsulatrice semiautom\u00e1tica es una m\u00e1quina para cerrar recipientes de vidrio (frascos y botellas) con TAPAS TWIST-OFF, adecuada para peque\u00f1as producciones.\",\"breadcrumb\":{\"@id\":\"https:\/\/www.stvmachinery.it\/es\/macchinari\/cerradoras-twist-off-y-cerradoras-tapas-plastico\/cerradora-semiautomatica-por-tapas-twist-off-mod-cs\/#breadcrumb\"},\"inLanguage\":\"es\",\"potentialAction\":[{\"@type\":\"ReadAction\",\"target\":[\"https:\/\/www.stvmachinery.it\/es\/macchinari\/cerradoras-twist-off-y-cerradoras-tapas-plastico\/cerradora-semiautomatica-por-tapas-twist-off-mod-cs\/\"]}]},{\"@type\":\"ImageObject\",\"inLanguage\":\"es\",\"@id\":\"https:\/\/www.stvmachinery.it\/es\/macchinari\/cerradoras-twist-off-y-cerradoras-tapas-plastico\/cerradora-semiautomatica-por-tapas-twist-off-mod-cs\/#primaryimage\",\"url\":\"https:\/\/www.stvmachinery.it\/wp-content\/uploads\/2024\/03\/Capsulatrice-Semiautomatica.webp\",\"contentUrl\":\"https:\/\/www.stvmachinery.it\/wp-content\/uploads\/2024\/03\/Capsulatrice-Semiautomatica.webp\",\"width\":1200,\"height\":1200},{\"@type\":\"BreadcrumbList\",\"@id\":\"https:\/\/www.stvmachinery.it\/es\/macchinari\/cerradoras-twist-off-y-cerradoras-tapas-plastico\/cerradora-semiautomatica-por-tapas-twist-off-mod-cs\/#breadcrumb\",\"itemListElement\":[{\"@type\":\"ListItem\",\"position\":1,\"name\":\"Home\",\"item\":\"https:\/\/www.stvmachinery.it\/es\/stv-machinery\/\"},{\"@type\":\"ListItem\",\"position\":2,\"name\":\"Maquinaria\",\"item\":\"https:\/\/www.stvmachinery.it\/es\/maquinaria\/\"},{\"@type\":\"ListItem\",\"position\":3,\"name\":\"Cerradora Semiautom\u00e1tica para tapas Twist-Off Mod. CS\"}]},{\"@type\":\"WebSite\",\"@id\":\"https:\/\/www.stvmachinery.it\/es\/#website\",\"url\":\"https:\/\/www.stvmachinery.it\/es\/\",\"name\":\"STV Machinery\",\"description\":\"Macchine ed impianti per l\u2019industria agroalimentare e conserviera\",\"publisher\":{\"@id\":\"https:\/\/www.stvmachinery.it\/es\/#organization\"},\"potentialAction\":[{\"@type\":\"SearchAction\",\"target\":{\"@type\":\"EntryPoint\",\"urlTemplate\":\"https:\/\/www.stvmachinery.it\/es\/?s={search_term_string}\"},\"query-input\":\"required name=search_term_string\"}],\"inLanguage\":\"es\"},{\"@type\":\"Organization\",\"@id\":\"https:\/\/www.stvmachinery.it\/es\/#organization\",\"name\":\"S.T.V. di Salati Giovanni & C. \u2013 S.n.c.\",\"alternateName\":\"STV Machinery\",\"url\":\"https:\/\/www.stvmachinery.it\/es\/\",\"logo\":{\"@type\":\"ImageObject\",\"inLanguage\":\"es\",\"@id\":\"https:\/\/www.stvmachinery.it\/es\/#\/schema\/logo\/image\/\",\"url\":\"https:\/\/www.stvmachinery.it\/wp-content\/uploads\/2021\/06\/stv-machinery-logo-positivo.png\",\"contentUrl\":\"https:\/\/www.stvmachinery.it\/wp-content\/uploads\/2021\/06\/stv-machinery-logo-positivo.png\",\"width\":481,\"height\":233,\"caption\":\"S.T.V. di Salati Giovanni & C. \u2013 S.n.c.\"},\"image\":{\"@id\":\"https:\/\/www.stvmachinery.it\/es\/#\/schema\/logo\/image\/\"},\"sameAs\":[\"https:\/\/it.linkedin.com\/company\/stv-machinery\",\"https:\/\/www.youtube.com\/channel\/UCceMPa8POjTOmZeA2_KUoeg\"]}]}<\/script>\n<!-- \/ Yoast SEO plugin. -->","yoast_head_json":{"title":"Cerradora Semiautom\u00e1tica para tapas Twist-Off Mod. CS | STV Machinery","description":"La Capsulatrice semiautom\u00e1tica es una m\u00e1quina para cerrar recipientes de vidrio (frascos y botellas) con TAPAS TWIST-OFF, adecuada para peque\u00f1as producciones.","robots":{"index":"index","follow":"follow","max-snippet":"max-snippet:-1","max-image-preview":"max-image-preview:large","max-video-preview":"max-video-preview:-1"},"canonical":"https:\/\/www.stvmachinery.it\/es\/macchinari\/cerradoras-twist-off-y-cerradoras-tapas-plastico\/cerradora-semiautomatica-por-tapas-twist-off-mod-cs\/","og_locale":"es_ES","og_type":"article","og_title":"Cerradora Semiautom\u00e1tica para tapas Twist-Off Mod. CS | STV Machinery","og_description":"La Capsulatrice semiautom\u00e1tica es una m\u00e1quina para cerrar recipientes de vidrio (frascos y botellas) con TAPAS TWIST-OFF, adecuada para peque\u00f1as producciones.","og_url":"https:\/\/www.stvmachinery.it\/es\/macchinari\/cerradoras-twist-off-y-cerradoras-tapas-plastico\/cerradora-semiautomatica-por-tapas-twist-off-mod-cs\/","og_site_name":"STV Machinery","article_modified_time":"2026-01-21T11:23:46+00:00","og_image":[{"width":1200,"height":1200,"url":"https:\/\/www.stvmachinery.it\/wp-content\/uploads\/2024\/03\/Capsulatrice-Semiautomatica.webp","type":"image\/webp"}],"twitter_card":"summary_large_image","schema":{"@context":"https:\/\/schema.org","@graph":[{"@type":"WebPage","@id":"https:\/\/www.stvmachinery.it\/es\/macchinari\/cerradoras-twist-off-y-cerradoras-tapas-plastico\/cerradora-semiautomatica-por-tapas-twist-off-mod-cs\/","url":"https:\/\/www.stvmachinery.it\/es\/macchinari\/cerradoras-twist-off-y-cerradoras-tapas-plastico\/cerradora-semiautomatica-por-tapas-twist-off-mod-cs\/","name":"Cerradora Semiautom\u00e1tica para tapas Twist-Off Mod. CS | STV Machinery","isPartOf":{"@id":"https:\/\/www.stvmachinery.it\/es\/#website"},"primaryImageOfPage":{"@id":"https:\/\/www.stvmachinery.it\/es\/macchinari\/cerradoras-twist-off-y-cerradoras-tapas-plastico\/cerradora-semiautomatica-por-tapas-twist-off-mod-cs\/#primaryimage"},"image":{"@id":"https:\/\/www.stvmachinery.it\/es\/macchinari\/cerradoras-twist-off-y-cerradoras-tapas-plastico\/cerradora-semiautomatica-por-tapas-twist-off-mod-cs\/#primaryimage"},"thumbnailUrl":"https:\/\/www.stvmachinery.it\/wp-content\/uploads\/2024\/03\/Capsulatrice-Semiautomatica.webp","datePublished":"2024-03-29T13:10:57+00:00","dateModified":"2026-01-21T11:23:46+00:00","description":"La Capsulatrice semiautom\u00e1tica es una m\u00e1quina para cerrar recipientes de vidrio (frascos y botellas) con TAPAS TWIST-OFF, adecuada para peque\u00f1as producciones.","breadcrumb":{"@id":"https:\/\/www.stvmachinery.it\/es\/macchinari\/cerradoras-twist-off-y-cerradoras-tapas-plastico\/cerradora-semiautomatica-por-tapas-twist-off-mod-cs\/#breadcrumb"},"inLanguage":"es","potentialAction":[{"@type":"ReadAction","target":["https:\/\/www.stvmachinery.it\/es\/macchinari\/cerradoras-twist-off-y-cerradoras-tapas-plastico\/cerradora-semiautomatica-por-tapas-twist-off-mod-cs\/"]}]},{"@type":"ImageObject","inLanguage":"es","@id":"https:\/\/www.stvmachinery.it\/es\/macchinari\/cerradoras-twist-off-y-cerradoras-tapas-plastico\/cerradora-semiautomatica-por-tapas-twist-off-mod-cs\/#primaryimage","url":"https:\/\/www.stvmachinery.it\/wp-content\/uploads\/2024\/03\/Capsulatrice-Semiautomatica.webp","contentUrl":"https:\/\/www.stvmachinery.it\/wp-content\/uploads\/2024\/03\/Capsulatrice-Semiautomatica.webp","width":1200,"height":1200},{"@type":"BreadcrumbList","@id":"https:\/\/www.stvmachinery.it\/es\/macchinari\/cerradoras-twist-off-y-cerradoras-tapas-plastico\/cerradora-semiautomatica-por-tapas-twist-off-mod-cs\/#breadcrumb","itemListElement":[{"@type":"ListItem","position":1,"name":"Home","item":"https:\/\/www.stvmachinery.it\/es\/stv-machinery\/"},{"@type":"ListItem","position":2,"name":"Maquinaria","item":"https:\/\/www.stvmachinery.it\/es\/maquinaria\/"},{"@type":"ListItem","position":3,"name":"Cerradora Semiautom\u00e1tica para tapas Twist-Off Mod. CS"}]},{"@type":"WebSite","@id":"https:\/\/www.stvmachinery.it\/es\/#website","url":"https:\/\/www.stvmachinery.it\/es\/","name":"STV Machinery","description":"Macchine ed impianti per l\u2019industria agroalimentare e conserviera","publisher":{"@id":"https:\/\/www.stvmachinery.it\/es\/#organization"},"potentialAction":[{"@type":"SearchAction","target":{"@type":"EntryPoint","urlTemplate":"https:\/\/www.stvmachinery.it\/es\/?s={search_term_string}"},"query-input":"required name=search_term_string"}],"inLanguage":"es"},{"@type":"Organization","@id":"https:\/\/www.stvmachinery.it\/es\/#organization","name":"S.T.V. di Salati Giovanni & C. \u2013 S.n.c.","alternateName":"STV Machinery","url":"https:\/\/www.stvmachinery.it\/es\/","logo":{"@type":"ImageObject","inLanguage":"es","@id":"https:\/\/www.stvmachinery.it\/es\/#\/schema\/logo\/image\/","url":"https:\/\/www.stvmachinery.it\/wp-content\/uploads\/2021\/06\/stv-machinery-logo-positivo.png","contentUrl":"https:\/\/www.stvmachinery.it\/wp-content\/uploads\/2021\/06\/stv-machinery-logo-positivo.png","width":481,"height":233,"caption":"S.T.V. di Salati Giovanni & C. \u2013 S.n.c."},"image":{"@id":"https:\/\/www.stvmachinery.it\/es\/#\/schema\/logo\/image\/"},"sameAs":["https:\/\/it.linkedin.com\/company\/stv-machinery","https:\/\/www.youtube.com\/channel\/UCceMPa8POjTOmZeA2_KUoeg"]}]}},"_links":{"self":[{"href":"https:\/\/www.stvmachinery.it\/es\/wp-json\/wp\/v2\/product\/10014","targetHints":{"allow":["GET"]}}],"collection":[{"href":"https:\/\/www.stvmachinery.it\/es\/wp-json\/wp\/v2\/product"}],"about":[{"href":"https:\/\/www.stvmachinery.it\/es\/wp-json\/wp\/v2\/types\/product"}],"version-history":[{"count":8,"href":"https:\/\/www.stvmachinery.it\/es\/wp-json\/wp\/v2\/product\/10014\/revisions"}],"predecessor-version":[{"id":11951,"href":"https:\/\/www.stvmachinery.it\/es\/wp-json\/wp\/v2\/product\/10014\/revisions\/11951"}],"wp:featuredmedia":[{"embeddable":true,"href":"https:\/\/www.stvmachinery.it\/es\/wp-json\/wp\/v2\/media\/9291"}],"wp:attachment":[{"href":"https:\/\/www.stvmachinery.it\/es\/wp-json\/wp\/v2\/media?parent=10014"}],"wp:term":[{"taxonomy":"product_cat","embeddable":true,"href":"https:\/\/www.stvmachinery.it\/es\/wp-json\/wp\/v2\/product_cat?post=10014"},{"taxonomy":"product_tag","embeddable":true,"href":"https:\/\/www.stvmachinery.it\/es\/wp-json\/wp\/v2\/product_tag?post=10014"}],"curies":[{"name":"wp","href":"https:\/\/api.w.org\/{rel}","templated":true}]}}