{"id":10027,"date":"2024-03-29T10:36:53","date_gmt":"2024-03-29T09:36:53","guid":{"rendered":"https:\/\/www.stvmachinery.it\/macchinari\/sin%20categor\u00eda\/cerradora-lineal-mod-c150-con-alimentador-magnetico\/"},"modified":"2025-11-24T12:52:28","modified_gmt":"2025-11-24T11:52:28","slug":"cerradora-lineal-mod-c150-con-alimentador-magnetico","status":"publish","type":"product","link":"https:\/\/www.stvmachinery.it\/es\/macchinari\/cerradoras-twist-off-y-cerradoras-tapas-plastico\/cerradora-lineal-mod-c150-con-alimentador-magnetico\/","title":{"rendered":"Cerradora Lineal Mod. C150 con Alimentador Magnetico"},"content":{"rendered":"\t\t<div data-elementor-type=\"product-post\" data-elementor-id=\"10027\" class=\"elementor elementor-10027 elementor-8591\" data-elementor-post-type=\"product\">\n\t\t\t\t<div class=\"elementor-element elementor-element-46a5c91 e-flex e-con-boxed e-con e-parent\" data-id=\"46a5c91\" data-element_type=\"container\" id=\"caratteristiche\">\n\t\t\t\t\t<div class=\"e-con-inner\">\n\t\t\t\t<div class=\"elementor-element elementor-element-7aea20b elementor-widget elementor-widget-text-editor\" data-id=\"7aea20b\" data-element_type=\"widget\" data-widget_type=\"text-editor.default\">\n\t\t\t\t<div class=\"elementor-widget-container\">\n\t\t\t<style>\/*! elementor - v3.21.0 - 08-05-2024 *\/\n.elementor-widget-text-editor.elementor-drop-cap-view-stacked .elementor-drop-cap{background-color:#69727d;color:#fff}.elementor-widget-text-editor.elementor-drop-cap-view-framed .elementor-drop-cap{color:#69727d;border:3px solid;background-color:transparent}.elementor-widget-text-editor:not(.elementor-drop-cap-view-default) .elementor-drop-cap{margin-top:8px}.elementor-widget-text-editor:not(.elementor-drop-cap-view-default) .elementor-drop-cap-letter{width:1em;height:1em}.elementor-widget-text-editor .elementor-drop-cap{float:left;text-align:center;line-height:1;font-size:50px}.elementor-widget-text-editor .elementor-drop-cap-letter{display:inline-block}<\/style>\t\t\t\t<h3 class=\"product-item-title\">Caracter\u00edsticas Constructivas<\/h3>\n<ul>\n<li><strong>Base<\/strong> con placa de soporte en acero al carbono, estructura y cobertura total con puerta de inspecci\u00f3n en acero inox. Pies de apoyo <strong>regulables en altura<\/strong>.<\/li>\n<li><strong>Cinta transportadora con cadena table-top<\/strong> en acero inox montada sobre perfilados antifricci\u00f3n y dotado con barrera lateral regulable.<\/li>\n<li><strong>Correas laterales<\/strong> de arrastre y estabilidad envases.<\/li>\n<li><strong>Grupo de desenganche c\u00e1psula y pre-enroscado.<\/strong><\/li>\n<li><strong>Grupo de distribuci\u00f3n vapor<\/strong> entre c\u00e1psula y contenedor en la zona de desenganche c\u00e1psula y pre enroscado para suavizar la guarnici\u00f3n y eliminar el aire en el espacio de cabeza, favoreciendo la formaci\u00f3n del vac\u00edo en el contenedor despu\u00e9s del cierre.<\/li>\n<li><strong>Grupo de cierre<\/strong> con correas planas a velocidad diferenciada.<\/li>\n<li>El <strong>grupo de desenganche tapas<\/strong> y el <strong>grupo de enroscado<\/strong> son <strong>regulables<\/strong> independiente uno del otro, tambi\u00e9n respecto a las correas de arrastre, a trav\u00e9s de volantes, de una forma muy sencilla y r\u00e1pida.<\/li>\n<li><strong>Motorizaci\u00f3n centralizada<\/strong> a velocidad variable con motor variador.<\/li>\n<li><strong>Sistema que alza el cabezal<\/strong> mediante un grupo electromec\u00e1nico que permite la regularizaci\u00f3n en altura del cabezal en funci\u00f3n de los envases con dispositivos de seguridad de m\u00ednimo y m\u00e1xima.<\/li>\n<\/ul>\n\t\t\t\t\t\t<\/div>\n\t\t\t\t<\/div>\n\t\t\t\t<div class=\"elementor-element elementor-element-315a0ed elementor-widget elementor-widget-ld_button\" data-id=\"315a0ed\" data-element_type=\"widget\" data-widget_type=\"ld_button.default\">\n\t\t\t\t<div class=\"elementor-widget-container\">\n\t\t\t\n\t\t\t<a\n\t\t\t\thref=\"https:\/\/www.stvmachinery.it\/cataloghi\/STV-Capping-machines.pdf\" target=\"_blank\"class=\"elementor-button btn btn-solid btn-icon-shaped btn-has-label\"\t\t\t>\n\t\t\t\t\t\t\t\t\t<span data-text=\"Descarga la ficha de la m\u00e1quina\" class=\"btn-txt\">\n\t\t\t\t\t\tDescarga la ficha de la m\u00e1quina\t\t\t\t\t<\/span>\n\t\t\t\t\t\t\t\t\t\t\t<\/a>\n\t\t\t\t\t<\/div>\n\t\t\t\t<\/div>\n\t\t\t\t\t<\/div>\n\t\t\t\t<\/div>\n\t\t<div class=\"elementor-element elementor-element-5f930cc e-flex e-con-boxed e-con e-parent\" data-id=\"5f930cc\" data-element_type=\"container\" data-settings=\"{&quot;background_background&quot;:&quot;classic&quot;}\">\n\t\t\t\t\t<div class=\"e-con-inner\">\n\t\t\t\t<div class=\"elementor-element elementor-element-fabab25 elementor-widget elementor-widget-text-editor\" data-id=\"fabab25\" data-element_type=\"widget\" data-widget_type=\"text-editor.default\">\n\t\t\t\t<div class=\"elementor-widget-container\">\n\t\t\t\t\t\t\t<h3 class=\"product-item-title\"><strong>ALIMENTADOR MAGNETICO<\/strong> PARA TAPAS TWIST-OFF dotado de:<\/h3>\n<ul>\n<li>Tanque, en acero inox AISI 304, elevador magn\u00e9tico vertical con cinta transportadora de vipla que env\u00eda las c\u00e1psulas al deslizador. Las tapas se unen al grupo de desenganche y se retiran del envase. <\/li>\n<li>La ausencia de c\u00e1psulas orientadas en sentido err\u00f3neo est\u00e1 garantizada de la presencia de <strong>3 grupos de control y expulsi\u00f3n<\/strong>, que tr\u00e1mite un chorro de aire lateral expulsa las c\u00e1psulas haci\u00e9ndolas caer de nuevo en la tolva.<\/li>\n<li>Primer grupo de <strong>control a fotoc\u00e9lula<\/strong> y expulsi\u00f3n c\u00e1psulas sobrepuestas.<\/li>\n<li>Segundo grupo de <strong>control con proximity-switch y expulsi\u00f3n capsulas<\/strong> adheridas en el sentido err\u00f3neo.<\/li>\n<li>Tercer grupo de <strong>control con proximity-switch<\/strong> que asegura la ausencia de c\u00e1psulas err\u00f3neas. Expulsi\u00f3n c\u00e1psulas err\u00f3neas tr\u00e1mite chorro de aire lateral y reca\u00edda en la tolva.<\/li>\n<li><strong>Se\u00f1alizador visual de falta de c\u00e1psulas<\/strong> en la tolva mediante fotoc\u00e9lula.<\/li>\n<li><strong>Tobog\u00e1n c\u00e1psulas lleno<\/strong> = paro m\u00e1quina.<\/li>\n<li><strong>Tobog\u00e1n c\u00e1psulas vac\u00edo<\/strong> = apagada m\u00e1quina.<\/li>\n<li>Un sistema de control ordena a la m\u00e1quina dependiendo del flujo de las tapas.<\/li>\n<li><strong>Deslizador<\/strong> que conecta con la tapadora.<\/li>\n<li><strong>Motorizaci\u00f3n<\/strong> con variador de velocidad.<\/li>\n<li>Cuadro el\u00e9ctrico de mandos en acero inox.<\/li>\n<li>Fabricaci\u00f3n en acero inox AISI 304 excepto algunos detalles que son realizados en material diferente id\u00f3neo a su correcto funcionamiento.<\/li>\n<li>La m\u00e1quina es <strong>configurada<\/strong> para poder trabajar frascos\/botellas en vidrio y c\u00e1psulas tipo twist-off de diferentes dimensiones.<\/li>\n<li>Una vez encendida y configurada la m\u00e1quina no requiere asistencia de un usuario.<\/li>\n<\/ul>\n\t\t\t\t\t\t<\/div>\n\t\t\t\t<\/div>\n\t\t\t\t\t<\/div>\n\t\t\t\t<\/div>\n\t\t<div class=\"elementor-element elementor-element-e95b650 e-flex e-con-boxed e-con e-parent\" data-id=\"e95b650\" data-element_type=\"container\">\n\t\t\t\t\t<div class=\"e-con-inner\">\n\t\t\t\t<div class=\"elementor-element elementor-element-02e0a45 elementor-widget elementor-widget-heading\" data-id=\"02e0a45\" data-element_type=\"widget\" data-widget_type=\"heading.default\">\n\t\t\t\t<div class=\"elementor-widget-container\">\n\t\t\t<style>\/*! elementor - v3.21.0 - 08-05-2024 *\/\n.elementor-heading-title{padding:0;margin:0;line-height:1}.elementor-widget-heading .elementor-heading-title[class*=elementor-size-]>a{color:inherit;font-size:inherit;line-height:inherit}.elementor-widget-heading .elementor-heading-title.elementor-size-small{font-size:15px}.elementor-widget-heading .elementor-heading-title.elementor-size-medium{font-size:19px}.elementor-widget-heading .elementor-heading-title.elementor-size-large{font-size:29px}.elementor-widget-heading .elementor-heading-title.elementor-size-xl{font-size:39px}.elementor-widget-heading .elementor-heading-title.elementor-size-xxl{font-size:59px}<\/style><h4 class=\"elementor-heading-title elementor-size-default\">Datos T\u00e9cnicos<\/h4>\t\t<\/div>\n\t\t\t\t<\/div>\n\t\t\t\t<div class=\"elementor-element elementor-element-4399734 elementor-widget elementor-widget-ld_table\" data-id=\"4399734\" data-element_type=\"widget\" data-widget_type=\"ld_table.default\">\n\t\t\t\t<div class=\"elementor-widget-container\">\n\t\t\t<table><tr><td class=\"elementor-repeater-item-4be9d2e\">Capacidad<\/td><td class=\"elementor-repeater-item-485afe4\">18.000 frascos\/hora aprox. con tapa diametro 53 mm<\/td><\/tr><tr><td class=\"elementor-repeater-item-d918673\">Potencia instalada<\/td><td class=\"elementor-repeater-item-b958ccc\">kW 3,2<\/td><\/tr><tr><td class=\"elementor-repeater-item-78380da\">Longitud<\/td><td class=\"elementor-repeater-item-a74bb3f\">3.700 mm (con alimentador)<\/td><\/tr><tr><td class=\"elementor-repeater-item-e9f2d72\">Anchura<\/td><td class=\"elementor-repeater-item-b05652f\">4.200 mm (con alimentador)<\/td><\/tr><tr><td class=\"elementor-repeater-item-b47ffca\">Dimensiones de las c\u00e1psulas<\/td><td class=\"elementor-repeater-item-3fb4a03\">\u00d8 43 mm (con 4 aletas) hasta 110 mm<\/td><\/tr><tr><td class=\"elementor-repeater-item-35841be\">Dimensiones de los envases<\/td><td class=\"elementor-repeater-item-af47293\">\u00d8 mm 40 \u00f7 140<br>h mm 40 \u00f7 260<\/td><\/tr><\/table>\t\t<\/div>\n\t\t\t\t<\/div>\n\t\t\t\t<div class=\"elementor-element elementor-element-f6e43b4 elementor-widget elementor-widget-text-editor\" data-id=\"f6e43b4\" data-element_type=\"widget\" data-widget_type=\"text-editor.default\">\n\t\t\t\t<div class=\"elementor-widget-container\">\n\t\t\t\t\t\t\t<h5>DISPONIBLE <strong>A PETICI\u00d3N<\/strong><\/h5>\n<ul>\n<li><strong>Canal con regulaci\u00f3n autom\u00e1tica<\/strong> mediante cilindros neum\u00e1ticos para la alimentaci\u00f3n de tapas twist-off de \u00d8 43 mm con 4 unas a \u00d8 110 mm \u2013 altura de 10 a 20 mm<\/li>\n<li><strong>Grupo de desenganche para tapas twist-off<\/strong> de \u00d8 28 a 43 mm con 3 unas.<\/li>\n<\/ul>\n\t\t\t\t\t\t<\/div>\n\t\t\t\t<\/div>\n\t\t\t\t\t<\/div>\n\t\t\t\t<\/div>\n\t\t<div class=\"elementor-element elementor-element-3393610 e-flex e-con-boxed e-con e-parent\" data-id=\"3393610\" data-element_type=\"container\" data-settings=\"{&quot;background_background&quot;:&quot;classic&quot;}\">\n\t\t\t\t\t<div class=\"e-con-inner\">\n\t\t\t\t<div class=\"elementor-element elementor-element-fc4f3a4 elementor-widget elementor-widget-text-editor\" data-id=\"fc4f3a4\" data-element_type=\"widget\" data-widget_type=\"text-editor.default\">\n\t\t\t\t<div class=\"elementor-widget-container\">\n\t\t\t\t\t\t\t<h3 class=\"product-item-title\">Video<\/h3>\n\t\t\t\t\t\t<\/div>\n\t\t\t\t<\/div>\n\t\t\t\t<div class=\"elementor-element elementor-element-89fe38b elementor-widget elementor-widget-video\" data-id=\"89fe38b\" data-element_type=\"widget\" data-settings=\"{&quot;youtube_url&quot;:&quot;https:\\\/\\\/youtu.be\\\/S_ZvGx3AMbg&quot;,&quot;video_type&quot;:&quot;youtube&quot;,&quot;controls&quot;:&quot;yes&quot;}\" data-widget_type=\"video.default\">\n\t\t\t\t<div class=\"elementor-widget-container\">\n\t\t\t<style>\/*! elementor - v3.21.0 - 08-05-2024 *\/\n.elementor-widget-video .elementor-widget-container{overflow:hidden;transform:translateZ(0)}.elementor-widget-video .elementor-wrapper{aspect-ratio:var(--video-aspect-ratio)}.elementor-widget-video .elementor-wrapper iframe,.elementor-widget-video .elementor-wrapper video{height:100%;width:100%;display:flex;border:none;background-color:#000}@supports not (aspect-ratio:1\/1){.elementor-widget-video .elementor-wrapper{position:relative;overflow:hidden;height:0;padding-bottom:calc(100% \/ var(--video-aspect-ratio))}.elementor-widget-video .elementor-wrapper iframe,.elementor-widget-video .elementor-wrapper video{position:absolute;top:0;right:0;bottom:0;left:0}}.elementor-widget-video .elementor-open-inline .elementor-custom-embed-image-overlay{position:absolute;top:0;right:0;bottom:0;left:0;background-size:cover;background-position:50%}.elementor-widget-video .elementor-custom-embed-image-overlay{cursor:pointer;text-align:center}.elementor-widget-video .elementor-custom-embed-image-overlay:hover .elementor-custom-embed-play i{opacity:1}.elementor-widget-video .elementor-custom-embed-image-overlay img{display:block;width:100%;aspect-ratio:var(--video-aspect-ratio);-o-object-fit:cover;object-fit:cover;-o-object-position:center center;object-position:center center}@supports not (aspect-ratio:1\/1){.elementor-widget-video .elementor-custom-embed-image-overlay{position:relative;overflow:hidden;height:0;padding-bottom:calc(100% \/ var(--video-aspect-ratio))}.elementor-widget-video .elementor-custom-embed-image-overlay img{position:absolute;top:0;right:0;bottom:0;left:0}}.elementor-widget-video .e-hosted-video .elementor-video{-o-object-fit:cover;object-fit:cover}.e-con-inner>.elementor-widget-video,.e-con>.elementor-widget-video{width:var(--container-widget-width);--flex-grow:var(--container-widget-flex-grow)}<\/style>\t\t<div class=\"elementor-wrapper elementor-open-inline\">\n\t\t\t<div class=\"elementor-video\"><\/div>\t\t<\/div>\n\t\t\t\t<\/div>\n\t\t\t\t<\/div>\n\t\t\t\t\t<\/div>\n\t\t\t\t<\/div>\n\t\t\t\t<\/div>\n\t\t","protected":false},"excerpt":{"rendered":"<p>M\u00e0quina autom\u00e0tica para el cierre de frascos en vidrio (frascos y botellas) con <strong>CAPSULAS TWIST-OFF<\/strong>.<\/p>\n<p><a class=\"pulsanterosso\" href=\"#caratteristiche\">Caracter\u00edsticas T\u00e9cnicas<\/a><\/p>\n","protected":false},"featured_media":9255,"template":"","meta":{"inline_featured_image":false},"product_cat":[95],"product_tag":[],"class_list":{"0":"post-10027","1":"product","2":"type-product","3":"status-publish","4":"has-post-thumbnail","6":"product_cat-cerradoras-twist-off-y-cerradoras-tapas-plastico","7":"pa_applicazione-contenedores-llenos","8":"pa_funzionamento-automatico-es","9":"pa_settore-alimentario","10":"pa_settore-cosmetica-y-detergencia-es","12":"first","13":"instock","14":"shipping-taxable","15":"product-type-simple"},"yoast_head":"<!-- This site is optimized with the Yoast SEO plugin v22.7 - https:\/\/yoast.com\/wordpress\/plugins\/seo\/ -->\n<title>Cerradora Lineal Mod. C150 con Alimentador Magnetico | STV Machinery<\/title>\n<meta name=\"description\" content=\"Nuestra Capsuladora con Alimentador Magn\u00e9tico es una m\u00e1quina autom\u00e1tica para cerrar recipientes de vidrio (frascos y botellas) con tapas TWIST-OFF.\" \/>\n<meta name=\"robots\" content=\"index, follow, max-snippet:-1, max-image-preview:large, max-video-preview:-1\" \/>\n<link rel=\"canonical\" href=\"https:\/\/www.stvmachinery.it\/es\/macchinari\/cerradoras-twist-off-y-cerradoras-tapas-plastico\/cerradora-lineal-mod-c150-con-alimentador-magnetico\/\" \/>\n<meta property=\"og:locale\" content=\"es_ES\" \/>\n<meta property=\"og:type\" content=\"article\" \/>\n<meta property=\"og:title\" content=\"Cerradora Lineal Mod. C150 con Alimentador Magnetico | STV Machinery\" \/>\n<meta property=\"og:description\" content=\"Nuestra Capsuladora con Alimentador Magn\u00e9tico es una m\u00e1quina autom\u00e1tica para cerrar recipientes de vidrio (frascos y botellas) con tapas TWIST-OFF.\" \/>\n<meta property=\"og:url\" content=\"https:\/\/www.stvmachinery.it\/es\/macchinari\/cerradoras-twist-off-y-cerradoras-tapas-plastico\/cerradora-lineal-mod-c150-con-alimentador-magnetico\/\" \/>\n<meta property=\"og:site_name\" content=\"STV Machinery\" \/>\n<meta property=\"article:modified_time\" content=\"2025-11-24T11:52:28+00:00\" \/>\n<meta property=\"og:image\" content=\"https:\/\/www.stvmachinery.it\/wp-content\/uploads\/2024\/03\/Capsulatrice-con-Alimentatore-Magnetico.webp\" \/>\n\t<meta property=\"og:image:width\" content=\"1200\" \/>\n\t<meta property=\"og:image:height\" content=\"1200\" \/>\n\t<meta property=\"og:image:type\" content=\"image\/webp\" \/>\n<meta name=\"twitter:card\" content=\"summary_large_image\" \/>\n<script type=\"application\/ld+json\" class=\"yoast-schema-graph\">{\"@context\":\"https:\/\/schema.org\",\"@graph\":[{\"@type\":\"WebPage\",\"@id\":\"https:\/\/www.stvmachinery.it\/es\/macchinari\/cerradoras-twist-off-y-cerradoras-tapas-plastico\/cerradora-lineal-mod-c150-con-alimentador-magnetico\/\",\"url\":\"https:\/\/www.stvmachinery.it\/es\/macchinari\/cerradoras-twist-off-y-cerradoras-tapas-plastico\/cerradora-lineal-mod-c150-con-alimentador-magnetico\/\",\"name\":\"Cerradora Lineal Mod. C150 con Alimentador Magnetico | STV Machinery\",\"isPartOf\":{\"@id\":\"https:\/\/www.stvmachinery.it\/es\/#website\"},\"primaryImageOfPage\":{\"@id\":\"https:\/\/www.stvmachinery.it\/es\/macchinari\/cerradoras-twist-off-y-cerradoras-tapas-plastico\/cerradora-lineal-mod-c150-con-alimentador-magnetico\/#primaryimage\"},\"image\":{\"@id\":\"https:\/\/www.stvmachinery.it\/es\/macchinari\/cerradoras-twist-off-y-cerradoras-tapas-plastico\/cerradora-lineal-mod-c150-con-alimentador-magnetico\/#primaryimage\"},\"thumbnailUrl\":\"https:\/\/www.stvmachinery.it\/wp-content\/uploads\/2024\/03\/Capsulatrice-con-Alimentatore-Magnetico.webp\",\"datePublished\":\"2024-03-29T09:36:53+00:00\",\"dateModified\":\"2025-11-24T11:52:28+00:00\",\"description\":\"Nuestra Capsuladora con Alimentador Magn\u00e9tico es una m\u00e1quina autom\u00e1tica para cerrar recipientes de vidrio (frascos y botellas) con tapas TWIST-OFF.\",\"breadcrumb\":{\"@id\":\"https:\/\/www.stvmachinery.it\/es\/macchinari\/cerradoras-twist-off-y-cerradoras-tapas-plastico\/cerradora-lineal-mod-c150-con-alimentador-magnetico\/#breadcrumb\"},\"inLanguage\":\"es\",\"potentialAction\":[{\"@type\":\"ReadAction\",\"target\":[\"https:\/\/www.stvmachinery.it\/es\/macchinari\/cerradoras-twist-off-y-cerradoras-tapas-plastico\/cerradora-lineal-mod-c150-con-alimentador-magnetico\/\"]}]},{\"@type\":\"ImageObject\",\"inLanguage\":\"es\",\"@id\":\"https:\/\/www.stvmachinery.it\/es\/macchinari\/cerradoras-twist-off-y-cerradoras-tapas-plastico\/cerradora-lineal-mod-c150-con-alimentador-magnetico\/#primaryimage\",\"url\":\"https:\/\/www.stvmachinery.it\/wp-content\/uploads\/2024\/03\/Capsulatrice-con-Alimentatore-Magnetico.webp\",\"contentUrl\":\"https:\/\/www.stvmachinery.it\/wp-content\/uploads\/2024\/03\/Capsulatrice-con-Alimentatore-Magnetico.webp\",\"width\":1200,\"height\":1200},{\"@type\":\"BreadcrumbList\",\"@id\":\"https:\/\/www.stvmachinery.it\/es\/macchinari\/cerradoras-twist-off-y-cerradoras-tapas-plastico\/cerradora-lineal-mod-c150-con-alimentador-magnetico\/#breadcrumb\",\"itemListElement\":[{\"@type\":\"ListItem\",\"position\":1,\"name\":\"Home\",\"item\":\"https:\/\/www.stvmachinery.it\/es\/stv-machinery\/\"},{\"@type\":\"ListItem\",\"position\":2,\"name\":\"Maquinaria\",\"item\":\"https:\/\/www.stvmachinery.it\/es\/maquinaria\/\"},{\"@type\":\"ListItem\",\"position\":3,\"name\":\"Cerradora Lineal Mod. C150 con Alimentador Magnetico\"}]},{\"@type\":\"WebSite\",\"@id\":\"https:\/\/www.stvmachinery.it\/es\/#website\",\"url\":\"https:\/\/www.stvmachinery.it\/es\/\",\"name\":\"STV Machinery\",\"description\":\"Macchine ed impianti per l\u2019industria agroalimentare e conserviera\",\"publisher\":{\"@id\":\"https:\/\/www.stvmachinery.it\/es\/#organization\"},\"potentialAction\":[{\"@type\":\"SearchAction\",\"target\":{\"@type\":\"EntryPoint\",\"urlTemplate\":\"https:\/\/www.stvmachinery.it\/es\/?s={search_term_string}\"},\"query-input\":\"required name=search_term_string\"}],\"inLanguage\":\"es\"},{\"@type\":\"Organization\",\"@id\":\"https:\/\/www.stvmachinery.it\/es\/#organization\",\"name\":\"S.T.V. di Salati Giovanni & C. \u2013 S.n.c.\",\"alternateName\":\"STV Machinery\",\"url\":\"https:\/\/www.stvmachinery.it\/es\/\",\"logo\":{\"@type\":\"ImageObject\",\"inLanguage\":\"es\",\"@id\":\"https:\/\/www.stvmachinery.it\/es\/#\/schema\/logo\/image\/\",\"url\":\"https:\/\/www.stvmachinery.it\/wp-content\/uploads\/2021\/06\/stv-machinery-logo-positivo.png\",\"contentUrl\":\"https:\/\/www.stvmachinery.it\/wp-content\/uploads\/2021\/06\/stv-machinery-logo-positivo.png\",\"width\":481,\"height\":233,\"caption\":\"S.T.V. di Salati Giovanni & C. \u2013 S.n.c.\"},\"image\":{\"@id\":\"https:\/\/www.stvmachinery.it\/es\/#\/schema\/logo\/image\/\"},\"sameAs\":[\"https:\/\/it.linkedin.com\/company\/stv-machinery\",\"https:\/\/www.youtube.com\/channel\/UCceMPa8POjTOmZeA2_KUoeg\"]}]}<\/script>\n<!-- \/ Yoast SEO plugin. -->","yoast_head_json":{"title":"Cerradora Lineal Mod. C150 con Alimentador Magnetico | STV Machinery","description":"Nuestra Capsuladora con Alimentador Magn\u00e9tico es una m\u00e1quina autom\u00e1tica para cerrar recipientes de vidrio (frascos y botellas) con tapas TWIST-OFF.","robots":{"index":"index","follow":"follow","max-snippet":"max-snippet:-1","max-image-preview":"max-image-preview:large","max-video-preview":"max-video-preview:-1"},"canonical":"https:\/\/www.stvmachinery.it\/es\/macchinari\/cerradoras-twist-off-y-cerradoras-tapas-plastico\/cerradora-lineal-mod-c150-con-alimentador-magnetico\/","og_locale":"es_ES","og_type":"article","og_title":"Cerradora Lineal Mod. C150 con Alimentador Magnetico | STV Machinery","og_description":"Nuestra Capsuladora con Alimentador Magn\u00e9tico es una m\u00e1quina autom\u00e1tica para cerrar recipientes de vidrio (frascos y botellas) con tapas TWIST-OFF.","og_url":"https:\/\/www.stvmachinery.it\/es\/macchinari\/cerradoras-twist-off-y-cerradoras-tapas-plastico\/cerradora-lineal-mod-c150-con-alimentador-magnetico\/","og_site_name":"STV Machinery","article_modified_time":"2025-11-24T11:52:28+00:00","og_image":[{"width":1200,"height":1200,"url":"https:\/\/www.stvmachinery.it\/wp-content\/uploads\/2024\/03\/Capsulatrice-con-Alimentatore-Magnetico.webp","type":"image\/webp"}],"twitter_card":"summary_large_image","schema":{"@context":"https:\/\/schema.org","@graph":[{"@type":"WebPage","@id":"https:\/\/www.stvmachinery.it\/es\/macchinari\/cerradoras-twist-off-y-cerradoras-tapas-plastico\/cerradora-lineal-mod-c150-con-alimentador-magnetico\/","url":"https:\/\/www.stvmachinery.it\/es\/macchinari\/cerradoras-twist-off-y-cerradoras-tapas-plastico\/cerradora-lineal-mod-c150-con-alimentador-magnetico\/","name":"Cerradora Lineal Mod. C150 con Alimentador Magnetico | STV Machinery","isPartOf":{"@id":"https:\/\/www.stvmachinery.it\/es\/#website"},"primaryImageOfPage":{"@id":"https:\/\/www.stvmachinery.it\/es\/macchinari\/cerradoras-twist-off-y-cerradoras-tapas-plastico\/cerradora-lineal-mod-c150-con-alimentador-magnetico\/#primaryimage"},"image":{"@id":"https:\/\/www.stvmachinery.it\/es\/macchinari\/cerradoras-twist-off-y-cerradoras-tapas-plastico\/cerradora-lineal-mod-c150-con-alimentador-magnetico\/#primaryimage"},"thumbnailUrl":"https:\/\/www.stvmachinery.it\/wp-content\/uploads\/2024\/03\/Capsulatrice-con-Alimentatore-Magnetico.webp","datePublished":"2024-03-29T09:36:53+00:00","dateModified":"2025-11-24T11:52:28+00:00","description":"Nuestra Capsuladora con Alimentador Magn\u00e9tico es una m\u00e1quina autom\u00e1tica para cerrar recipientes de vidrio (frascos y botellas) con tapas TWIST-OFF.","breadcrumb":{"@id":"https:\/\/www.stvmachinery.it\/es\/macchinari\/cerradoras-twist-off-y-cerradoras-tapas-plastico\/cerradora-lineal-mod-c150-con-alimentador-magnetico\/#breadcrumb"},"inLanguage":"es","potentialAction":[{"@type":"ReadAction","target":["https:\/\/www.stvmachinery.it\/es\/macchinari\/cerradoras-twist-off-y-cerradoras-tapas-plastico\/cerradora-lineal-mod-c150-con-alimentador-magnetico\/"]}]},{"@type":"ImageObject","inLanguage":"es","@id":"https:\/\/www.stvmachinery.it\/es\/macchinari\/cerradoras-twist-off-y-cerradoras-tapas-plastico\/cerradora-lineal-mod-c150-con-alimentador-magnetico\/#primaryimage","url":"https:\/\/www.stvmachinery.it\/wp-content\/uploads\/2024\/03\/Capsulatrice-con-Alimentatore-Magnetico.webp","contentUrl":"https:\/\/www.stvmachinery.it\/wp-content\/uploads\/2024\/03\/Capsulatrice-con-Alimentatore-Magnetico.webp","width":1200,"height":1200},{"@type":"BreadcrumbList","@id":"https:\/\/www.stvmachinery.it\/es\/macchinari\/cerradoras-twist-off-y-cerradoras-tapas-plastico\/cerradora-lineal-mod-c150-con-alimentador-magnetico\/#breadcrumb","itemListElement":[{"@type":"ListItem","position":1,"name":"Home","item":"https:\/\/www.stvmachinery.it\/es\/stv-machinery\/"},{"@type":"ListItem","position":2,"name":"Maquinaria","item":"https:\/\/www.stvmachinery.it\/es\/maquinaria\/"},{"@type":"ListItem","position":3,"name":"Cerradora Lineal Mod. C150 con Alimentador Magnetico"}]},{"@type":"WebSite","@id":"https:\/\/www.stvmachinery.it\/es\/#website","url":"https:\/\/www.stvmachinery.it\/es\/","name":"STV Machinery","description":"Macchine ed impianti per l\u2019industria agroalimentare e conserviera","publisher":{"@id":"https:\/\/www.stvmachinery.it\/es\/#organization"},"potentialAction":[{"@type":"SearchAction","target":{"@type":"EntryPoint","urlTemplate":"https:\/\/www.stvmachinery.it\/es\/?s={search_term_string}"},"query-input":"required name=search_term_string"}],"inLanguage":"es"},{"@type":"Organization","@id":"https:\/\/www.stvmachinery.it\/es\/#organization","name":"S.T.V. di Salati Giovanni & C. \u2013 S.n.c.","alternateName":"STV Machinery","url":"https:\/\/www.stvmachinery.it\/es\/","logo":{"@type":"ImageObject","inLanguage":"es","@id":"https:\/\/www.stvmachinery.it\/es\/#\/schema\/logo\/image\/","url":"https:\/\/www.stvmachinery.it\/wp-content\/uploads\/2021\/06\/stv-machinery-logo-positivo.png","contentUrl":"https:\/\/www.stvmachinery.it\/wp-content\/uploads\/2021\/06\/stv-machinery-logo-positivo.png","width":481,"height":233,"caption":"S.T.V. di Salati Giovanni & C. \u2013 S.n.c."},"image":{"@id":"https:\/\/www.stvmachinery.it\/es\/#\/schema\/logo\/image\/"},"sameAs":["https:\/\/it.linkedin.com\/company\/stv-machinery","https:\/\/www.youtube.com\/channel\/UCceMPa8POjTOmZeA2_KUoeg"]}]}},"_links":{"self":[{"href":"https:\/\/www.stvmachinery.it\/es\/wp-json\/wp\/v2\/product\/10027","targetHints":{"allow":["GET"]}}],"collection":[{"href":"https:\/\/www.stvmachinery.it\/es\/wp-json\/wp\/v2\/product"}],"about":[{"href":"https:\/\/www.stvmachinery.it\/es\/wp-json\/wp\/v2\/types\/product"}],"version-history":[{"count":6,"href":"https:\/\/www.stvmachinery.it\/es\/wp-json\/wp\/v2\/product\/10027\/revisions"}],"predecessor-version":[{"id":11219,"href":"https:\/\/www.stvmachinery.it\/es\/wp-json\/wp\/v2\/product\/10027\/revisions\/11219"}],"wp:featuredmedia":[{"embeddable":true,"href":"https:\/\/www.stvmachinery.it\/es\/wp-json\/wp\/v2\/media\/9255"}],"wp:attachment":[{"href":"https:\/\/www.stvmachinery.it\/es\/wp-json\/wp\/v2\/media?parent=10027"}],"wp:term":[{"taxonomy":"product_cat","embeddable":true,"href":"https:\/\/www.stvmachinery.it\/es\/wp-json\/wp\/v2\/product_cat?post=10027"},{"taxonomy":"product_tag","embeddable":true,"href":"https:\/\/www.stvmachinery.it\/es\/wp-json\/wp\/v2\/product_tag?post=10027"}],"curies":[{"name":"wp","href":"https:\/\/api.w.org\/{rel}","templated":true}]}}