{"id":10032,"date":"2024-03-29T09:34:26","date_gmt":"2024-03-29T08:34:26","guid":{"rendered":"https:\/\/www.stvmachinery.it\/macchinari\/sin%20categor\u00eda\/cerradora-automatica-lineal-mod-c30\/"},"modified":"2025-11-24T12:26:08","modified_gmt":"2025-11-24T11:26:08","slug":"cerradora-automatica-lineal-mod-c30","status":"publish","type":"product","link":"https:\/\/www.stvmachinery.it\/es\/macchinari\/cerradoras-twist-off-y-cerradoras-tapas-plastico\/cerradora-automatica-lineal-mod-c30\/","title":{"rendered":"Cerradora Automatica Lineal Mod. C30"},"content":{"rendered":"\t\t<div data-elementor-type=\"product-post\" data-elementor-id=\"10032\" class=\"elementor elementor-10032 elementor-8585\" data-elementor-post-type=\"product\">\n\t\t\t\t<div class=\"elementor-element elementor-element-46a5c91 e-flex e-con-boxed e-con e-parent\" data-id=\"46a5c91\" data-element_type=\"container\" id=\"caratteristiche\">\n\t\t\t\t\t<div class=\"e-con-inner\">\n\t\t\t\t<div class=\"elementor-element elementor-element-7aea20b elementor-widget elementor-widget-text-editor\" data-id=\"7aea20b\" data-element_type=\"widget\" data-widget_type=\"text-editor.default\">\n\t\t\t\t<div class=\"elementor-widget-container\">\n\t\t\t<style>\/*! elementor - v3.21.0 - 08-05-2024 *\/\n.elementor-widget-text-editor.elementor-drop-cap-view-stacked .elementor-drop-cap{background-color:#69727d;color:#fff}.elementor-widget-text-editor.elementor-drop-cap-view-framed .elementor-drop-cap{color:#69727d;border:3px solid;background-color:transparent}.elementor-widget-text-editor:not(.elementor-drop-cap-view-default) .elementor-drop-cap{margin-top:8px}.elementor-widget-text-editor:not(.elementor-drop-cap-view-default) .elementor-drop-cap-letter{width:1em;height:1em}.elementor-widget-text-editor .elementor-drop-cap{float:left;text-align:center;line-height:1;font-size:50px}.elementor-widget-text-editor .elementor-drop-cap-letter{display:inline-block}<\/style>\t\t\t\t<h3 class=\"product-item-title\">Caracter\u00edsticas Constructivas<\/h3>\n<ul>\n<li><strong>Base con placa de soporte<\/strong> en acero al carbono, estructura y cobertura total con puerta de inspecci\u00f3n en acero inox. Pies de apoyo regulables en altura.<\/li>\n<li><strong>Cinta transportadora<\/strong> con cadena table-top en acero inox montada sobre perfilados antifricci\u00f3n y dotado con barrera lateral regulable.<\/li>\n<li><strong>Correas laterales<\/strong> de arrastre y estabilidad envases.<\/li>\n<li><strong>Grupo de desenganche<\/strong> c\u00e1psula y pre-enroscado.<\/li>\n<li><strong>Grupo de distribuci\u00f3n vapor<\/strong> entre c\u00e1psula y contenedor en la zona de desenganche c\u00e1psula y pre enroscado para suavizar la guarnici\u00f3n y eliminar el aire en el espacio de cabeza, favoreciendo la formaci\u00f3n del vac\u00edo en el contenedor despu\u00e9s del cierre.<\/li>\n<li><strong>Grupo de cierre<\/strong> con correas planas a velocidad diferenciada.<\/li>\n<li>El grupo de desenganche c\u00e1psulas y el grupo de roscado se regulan de forma independientemente uno del otro, tambi\u00e9n respeto a las correas de arrastrado, mediante volantes, simplemente y r\u00e1pidamente.<\/li>\n<li><strong>Motorizaci\u00f3n centralizada<\/strong> de las correas de arrastre y atornillado mediante motorreductor.<\/li>\n<li><strong>Sistema que alza el cabezal<\/strong> mediante un grupo electromec\u00e1nico que permite la regularizaci\u00f3n en altura del cabezal en funci\u00f3n de los envases con dispositivos de seguridad de m\u00ednimo y m\u00e1xima.<\/li>\n<li><strong>Alimentador por c\u00e1psulas<\/strong>, dotado de tolva, motorizado con moto variador independiente, que orienta y enlaza las c\u00e1psulas al grupo de desenganche donde vienen seleccionadas del contenedor.<\/li>\n<li>Un <strong>sistema de control<\/strong> ordena a la m\u00e1quina en base al flujo de las c\u00e1psulas del alimentador con las siguientes modalidades: Canal c\u00e1psulas llenado= stop alimentador; canal c\u00e1psula vac\u00edo = stop m\u00e1quina; alimentaci\u00f3n c\u00e1psulas = reinicio m\u00e1quina en autom\u00e1tico.<\/li>\n<li><strong>Panel el\u00e9ctrico <\/strong>de control en acero inoxidable.\u2028 M\u00f3dulo para conexi\u00f3n remota<\/li>\n<li>Fabricaci\u00f3n en acero inox AISI 304 excepto algunos detalles fabricados en material distinto id\u00f3neo a su funcionamiento.<\/li>\n<li>La m\u00e1quina es <strong>configurada<\/strong> para poder trabajar frascos\/botellas en vidrio y c\u00e1psulas tipo twist-off de diferentes dimensiones.<\/li>\n<li>Una vez encendida y configurada la m\u00e1quina <strong>no requiere asistencia de un usuario.<\/strong><\/li>\n<\/ul>\n\t\t\t\t\t\t<\/div>\n\t\t\t\t<\/div>\n\t\t\t\t<div class=\"elementor-element elementor-element-315a0ed elementor-widget elementor-widget-ld_button\" data-id=\"315a0ed\" data-element_type=\"widget\" data-widget_type=\"ld_button.default\">\n\t\t\t\t<div class=\"elementor-widget-container\">\n\t\t\t\n\t\t\t<a\n\t\t\t\thref=\"https:\/\/www.stvmachinery.it\/cataloghi\/STV-Capping-machines.pdf\" target=\"_blank\"class=\"elementor-button btn btn-solid btn-icon-shaped btn-has-label\"\t\t\t>\n\t\t\t\t\t\t\t\t\t<span data-text=\"Descarga la ficha de la m\u00e1quina\" class=\"btn-txt\">\n\t\t\t\t\t\tDescarga la ficha de la m\u00e1quina\t\t\t\t\t<\/span>\n\t\t\t\t\t\t\t\t\t\t\t<\/a>\n\t\t\t\t\t<\/div>\n\t\t\t\t<\/div>\n\t\t\t\t\t<\/div>\n\t\t\t\t<\/div>\n\t\t<div class=\"elementor-element elementor-element-e95b650 e-flex e-con-boxed e-con e-parent\" data-id=\"e95b650\" data-element_type=\"container\">\n\t\t\t\t\t<div class=\"e-con-inner\">\n\t\t\t\t<div class=\"elementor-element elementor-element-02e0a45 elementor-widget elementor-widget-heading\" data-id=\"02e0a45\" data-element_type=\"widget\" data-widget_type=\"heading.default\">\n\t\t\t\t<div class=\"elementor-widget-container\">\n\t\t\t<style>\/*! elementor - v3.21.0 - 08-05-2024 *\/\n.elementor-heading-title{padding:0;margin:0;line-height:1}.elementor-widget-heading .elementor-heading-title[class*=elementor-size-]>a{color:inherit;font-size:inherit;line-height:inherit}.elementor-widget-heading .elementor-heading-title.elementor-size-small{font-size:15px}.elementor-widget-heading .elementor-heading-title.elementor-size-medium{font-size:19px}.elementor-widget-heading .elementor-heading-title.elementor-size-large{font-size:29px}.elementor-widget-heading .elementor-heading-title.elementor-size-xl{font-size:39px}.elementor-widget-heading .elementor-heading-title.elementor-size-xxl{font-size:59px}<\/style><h4 class=\"elementor-heading-title elementor-size-default\">Datos T\u00e9cnicos<\/h4>\t\t<\/div>\n\t\t\t\t<\/div>\n\t\t\t\t<div class=\"elementor-element elementor-element-4399734 elementor-widget elementor-widget-ld_table\" data-id=\"4399734\" data-element_type=\"widget\" data-widget_type=\"ld_table.default\">\n\t\t\t\t<div class=\"elementor-widget-container\">\n\t\t\t<table><tr><td class=\"elementor-repeater-item-4be9d2e\">Capacidad<\/td><td class=\"elementor-repeater-item-485afe4\">aprox. 3.000 envases con c\u00e1psula \u00d8 53 mm<\/td><\/tr><tr><td class=\"elementor-repeater-item-d918673\">Potencia instalada<\/td><td class=\"elementor-repeater-item-b958ccc\">kW 1,30<\/td><\/tr><tr><td class=\"elementor-repeater-item-78380da\">Longitud<\/td><td class=\"elementor-repeater-item-a74bb3f\">3.000 mm<\/td><\/tr><tr><td class=\"elementor-repeater-item-e9f2d72\">Anchura<\/td><td class=\"elementor-repeater-item-b05652f\">1.000 mm<\/td><\/tr><tr><td class=\"elementor-repeater-item-b47ffca\">Dimensiones de las c\u00e1psulas<\/td><td class=\"elementor-repeater-item-3fb4a03\">\u00d8 43 mm (con 4 aletas) hasta 82 mm<\/td><\/tr><\/table>\t\t<\/div>\n\t\t\t\t<\/div>\n\t\t\t\t\t<\/div>\n\t\t\t\t<\/div>\n\t\t\t\t<\/div>\n\t\t","protected":false},"excerpt":{"rendered":"<p>M\u00e0quina autom\u00e0tica para el cierre de frascos en vidrio (frascos y botellas) con <strong>CAPSULAS TWIST-OFF<\/strong>.<\/p>\n<p><a class=\"pulsanterosso\" href=\"#caratteristiche\">Caracter\u00edsticas T\u00e9cnicas<\/a><\/p>\n","protected":false},"featured_media":11987,"template":"","meta":{"inline_featured_image":false},"product_cat":[95],"product_tag":[],"class_list":{"0":"post-10032","1":"product","2":"type-product","3":"status-publish","4":"has-post-thumbnail","6":"product_cat-cerradoras-twist-off-y-cerradoras-tapas-plastico","7":"pa_applicazione-contenedores-llenos","8":"pa_funzionamento-automatico-es","9":"pa_settore-alimentario","10":"pa_settore-cosmetica-y-detergencia-es","12":"first","13":"instock","14":"shipping-taxable","15":"product-type-simple"},"yoast_head":"<!-- This site is optimized with the Yoast SEO plugin v22.7 - https:\/\/yoast.com\/wordpress\/plugins\/seo\/ -->\n<title>Cerradora Automatica Lineal Mod. C30 | STV Machinery<\/title>\n<meta name=\"description\" content=\"Nuestra Capsuladora Autom\u00e1tica Lineal es una m\u00e1quina autom\u00e1tica para cerrar recipientes de vidrio (frascos y botellas) con TAPAS TWIST-OFF.\" \/>\n<meta name=\"robots\" content=\"index, follow, max-snippet:-1, max-image-preview:large, max-video-preview:-1\" \/>\n<link rel=\"canonical\" href=\"https:\/\/www.stvmachinery.it\/es\/macchinari\/cerradoras-twist-off-y-cerradoras-tapas-plastico\/cerradora-automatica-lineal-mod-c30\/\" \/>\n<meta property=\"og:locale\" content=\"es_ES\" \/>\n<meta property=\"og:type\" content=\"article\" \/>\n<meta property=\"og:title\" content=\"Cerradora Automatica Lineal Mod. C30 | STV Machinery\" \/>\n<meta property=\"og:description\" content=\"Nuestra Capsuladora Autom\u00e1tica Lineal es una m\u00e1quina autom\u00e1tica para cerrar recipientes de vidrio (frascos y botellas) con TAPAS TWIST-OFF.\" \/>\n<meta property=\"og:url\" content=\"https:\/\/www.stvmachinery.it\/es\/macchinari\/cerradoras-twist-off-y-cerradoras-tapas-plastico\/cerradora-automatica-lineal-mod-c30\/\" \/>\n<meta property=\"og:site_name\" content=\"STV Machinery\" \/>\n<meta property=\"article:modified_time\" content=\"2025-11-24T11:26:08+00:00\" \/>\n<meta property=\"og:image\" content=\"https:\/\/www.stvmachinery.it\/wp-content\/uploads\/2024\/03\/Capsulatrice-Automatica-Lineare-Mod.-C30.webp\" \/>\n\t<meta property=\"og:image:width\" content=\"1200\" \/>\n\t<meta property=\"og:image:height\" content=\"1200\" \/>\n\t<meta property=\"og:image:type\" content=\"image\/webp\" \/>\n<meta name=\"twitter:card\" content=\"summary_large_image\" \/>\n<script type=\"application\/ld+json\" class=\"yoast-schema-graph\">{\"@context\":\"https:\/\/schema.org\",\"@graph\":[{\"@type\":\"WebPage\",\"@id\":\"https:\/\/www.stvmachinery.it\/es\/macchinari\/cerradoras-twist-off-y-cerradoras-tapas-plastico\/cerradora-automatica-lineal-mod-c30\/\",\"url\":\"https:\/\/www.stvmachinery.it\/es\/macchinari\/cerradoras-twist-off-y-cerradoras-tapas-plastico\/cerradora-automatica-lineal-mod-c30\/\",\"name\":\"Cerradora Automatica Lineal Mod. C30 | STV Machinery\",\"isPartOf\":{\"@id\":\"https:\/\/www.stvmachinery.it\/es\/#website\"},\"primaryImageOfPage\":{\"@id\":\"https:\/\/www.stvmachinery.it\/es\/macchinari\/cerradoras-twist-off-y-cerradoras-tapas-plastico\/cerradora-automatica-lineal-mod-c30\/#primaryimage\"},\"image\":{\"@id\":\"https:\/\/www.stvmachinery.it\/es\/macchinari\/cerradoras-twist-off-y-cerradoras-tapas-plastico\/cerradora-automatica-lineal-mod-c30\/#primaryimage\"},\"thumbnailUrl\":\"https:\/\/www.stvmachinery.it\/wp-content\/uploads\/2024\/03\/capsulatrice-automatica-lineare-MOD.C60.webp\",\"datePublished\":\"2024-03-29T08:34:26+00:00\",\"dateModified\":\"2025-11-24T11:26:08+00:00\",\"description\":\"Nuestra Capsuladora Autom\u00e1tica Lineal es una m\u00e1quina autom\u00e1tica para cerrar recipientes de vidrio (frascos y botellas) con TAPAS TWIST-OFF.\",\"breadcrumb\":{\"@id\":\"https:\/\/www.stvmachinery.it\/es\/macchinari\/cerradoras-twist-off-y-cerradoras-tapas-plastico\/cerradora-automatica-lineal-mod-c30\/#breadcrumb\"},\"inLanguage\":\"es\",\"potentialAction\":[{\"@type\":\"ReadAction\",\"target\":[\"https:\/\/www.stvmachinery.it\/es\/macchinari\/cerradoras-twist-off-y-cerradoras-tapas-plastico\/cerradora-automatica-lineal-mod-c30\/\"]}]},{\"@type\":\"ImageObject\",\"inLanguage\":\"es\",\"@id\":\"https:\/\/www.stvmachinery.it\/es\/macchinari\/cerradoras-twist-off-y-cerradoras-tapas-plastico\/cerradora-automatica-lineal-mod-c30\/#primaryimage\",\"url\":\"https:\/\/www.stvmachinery.it\/wp-content\/uploads\/2024\/03\/capsulatrice-automatica-lineare-MOD.C60.webp\",\"contentUrl\":\"https:\/\/www.stvmachinery.it\/wp-content\/uploads\/2024\/03\/capsulatrice-automatica-lineare-MOD.C60.webp\",\"width\":1200,\"height\":1200},{\"@type\":\"BreadcrumbList\",\"@id\":\"https:\/\/www.stvmachinery.it\/es\/macchinari\/cerradoras-twist-off-y-cerradoras-tapas-plastico\/cerradora-automatica-lineal-mod-c30\/#breadcrumb\",\"itemListElement\":[{\"@type\":\"ListItem\",\"position\":1,\"name\":\"Home\",\"item\":\"https:\/\/www.stvmachinery.it\/es\/stv-machinery\/\"},{\"@type\":\"ListItem\",\"position\":2,\"name\":\"Maquinaria\",\"item\":\"https:\/\/www.stvmachinery.it\/es\/maquinaria\/\"},{\"@type\":\"ListItem\",\"position\":3,\"name\":\"Cerradora Automatica Lineal Mod. C30\"}]},{\"@type\":\"WebSite\",\"@id\":\"https:\/\/www.stvmachinery.it\/es\/#website\",\"url\":\"https:\/\/www.stvmachinery.it\/es\/\",\"name\":\"STV Machinery\",\"description\":\"Macchine ed impianti per l\u2019industria agroalimentare e conserviera\",\"publisher\":{\"@id\":\"https:\/\/www.stvmachinery.it\/es\/#organization\"},\"potentialAction\":[{\"@type\":\"SearchAction\",\"target\":{\"@type\":\"EntryPoint\",\"urlTemplate\":\"https:\/\/www.stvmachinery.it\/es\/?s={search_term_string}\"},\"query-input\":\"required name=search_term_string\"}],\"inLanguage\":\"es\"},{\"@type\":\"Organization\",\"@id\":\"https:\/\/www.stvmachinery.it\/es\/#organization\",\"name\":\"S.T.V. di Salati Giovanni & C. \u2013 S.n.c.\",\"alternateName\":\"STV Machinery\",\"url\":\"https:\/\/www.stvmachinery.it\/es\/\",\"logo\":{\"@type\":\"ImageObject\",\"inLanguage\":\"es\",\"@id\":\"https:\/\/www.stvmachinery.it\/es\/#\/schema\/logo\/image\/\",\"url\":\"https:\/\/www.stvmachinery.it\/wp-content\/uploads\/2021\/06\/stv-machinery-logo-positivo.png\",\"contentUrl\":\"https:\/\/www.stvmachinery.it\/wp-content\/uploads\/2021\/06\/stv-machinery-logo-positivo.png\",\"width\":481,\"height\":233,\"caption\":\"S.T.V. di Salati Giovanni & C. \u2013 S.n.c.\"},\"image\":{\"@id\":\"https:\/\/www.stvmachinery.it\/es\/#\/schema\/logo\/image\/\"},\"sameAs\":[\"https:\/\/it.linkedin.com\/company\/stv-machinery\",\"https:\/\/www.youtube.com\/channel\/UCceMPa8POjTOmZeA2_KUoeg\"]}]}<\/script>\n<!-- \/ Yoast SEO plugin. -->","yoast_head_json":{"title":"Cerradora Automatica Lineal Mod. C30 | STV Machinery","description":"Nuestra Capsuladora Autom\u00e1tica Lineal es una m\u00e1quina autom\u00e1tica para cerrar recipientes de vidrio (frascos y botellas) con TAPAS TWIST-OFF.","robots":{"index":"index","follow":"follow","max-snippet":"max-snippet:-1","max-image-preview":"max-image-preview:large","max-video-preview":"max-video-preview:-1"},"canonical":"https:\/\/www.stvmachinery.it\/es\/macchinari\/cerradoras-twist-off-y-cerradoras-tapas-plastico\/cerradora-automatica-lineal-mod-c30\/","og_locale":"es_ES","og_type":"article","og_title":"Cerradora Automatica Lineal Mod. C30 | STV Machinery","og_description":"Nuestra Capsuladora Autom\u00e1tica Lineal es una m\u00e1quina autom\u00e1tica para cerrar recipientes de vidrio (frascos y botellas) con TAPAS TWIST-OFF.","og_url":"https:\/\/www.stvmachinery.it\/es\/macchinari\/cerradoras-twist-off-y-cerradoras-tapas-plastico\/cerradora-automatica-lineal-mod-c30\/","og_site_name":"STV Machinery","article_modified_time":"2025-11-24T11:26:08+00:00","og_image":[{"width":1200,"height":1200,"url":"https:\/\/www.stvmachinery.it\/wp-content\/uploads\/2024\/03\/Capsulatrice-Automatica-Lineare-Mod.-C30.webp","type":"image\/webp"}],"twitter_card":"summary_large_image","schema":{"@context":"https:\/\/schema.org","@graph":[{"@type":"WebPage","@id":"https:\/\/www.stvmachinery.it\/es\/macchinari\/cerradoras-twist-off-y-cerradoras-tapas-plastico\/cerradora-automatica-lineal-mod-c30\/","url":"https:\/\/www.stvmachinery.it\/es\/macchinari\/cerradoras-twist-off-y-cerradoras-tapas-plastico\/cerradora-automatica-lineal-mod-c30\/","name":"Cerradora Automatica Lineal Mod. C30 | STV Machinery","isPartOf":{"@id":"https:\/\/www.stvmachinery.it\/es\/#website"},"primaryImageOfPage":{"@id":"https:\/\/www.stvmachinery.it\/es\/macchinari\/cerradoras-twist-off-y-cerradoras-tapas-plastico\/cerradora-automatica-lineal-mod-c30\/#primaryimage"},"image":{"@id":"https:\/\/www.stvmachinery.it\/es\/macchinari\/cerradoras-twist-off-y-cerradoras-tapas-plastico\/cerradora-automatica-lineal-mod-c30\/#primaryimage"},"thumbnailUrl":"https:\/\/www.stvmachinery.it\/wp-content\/uploads\/2024\/03\/capsulatrice-automatica-lineare-MOD.C60.webp","datePublished":"2024-03-29T08:34:26+00:00","dateModified":"2025-11-24T11:26:08+00:00","description":"Nuestra Capsuladora Autom\u00e1tica Lineal es una m\u00e1quina autom\u00e1tica para cerrar recipientes de vidrio (frascos y botellas) con TAPAS TWIST-OFF.","breadcrumb":{"@id":"https:\/\/www.stvmachinery.it\/es\/macchinari\/cerradoras-twist-off-y-cerradoras-tapas-plastico\/cerradora-automatica-lineal-mod-c30\/#breadcrumb"},"inLanguage":"es","potentialAction":[{"@type":"ReadAction","target":["https:\/\/www.stvmachinery.it\/es\/macchinari\/cerradoras-twist-off-y-cerradoras-tapas-plastico\/cerradora-automatica-lineal-mod-c30\/"]}]},{"@type":"ImageObject","inLanguage":"es","@id":"https:\/\/www.stvmachinery.it\/es\/macchinari\/cerradoras-twist-off-y-cerradoras-tapas-plastico\/cerradora-automatica-lineal-mod-c30\/#primaryimage","url":"https:\/\/www.stvmachinery.it\/wp-content\/uploads\/2024\/03\/capsulatrice-automatica-lineare-MOD.C60.webp","contentUrl":"https:\/\/www.stvmachinery.it\/wp-content\/uploads\/2024\/03\/capsulatrice-automatica-lineare-MOD.C60.webp","width":1200,"height":1200},{"@type":"BreadcrumbList","@id":"https:\/\/www.stvmachinery.it\/es\/macchinari\/cerradoras-twist-off-y-cerradoras-tapas-plastico\/cerradora-automatica-lineal-mod-c30\/#breadcrumb","itemListElement":[{"@type":"ListItem","position":1,"name":"Home","item":"https:\/\/www.stvmachinery.it\/es\/stv-machinery\/"},{"@type":"ListItem","position":2,"name":"Maquinaria","item":"https:\/\/www.stvmachinery.it\/es\/maquinaria\/"},{"@type":"ListItem","position":3,"name":"Cerradora Automatica Lineal Mod. C30"}]},{"@type":"WebSite","@id":"https:\/\/www.stvmachinery.it\/es\/#website","url":"https:\/\/www.stvmachinery.it\/es\/","name":"STV Machinery","description":"Macchine ed impianti per l\u2019industria agroalimentare e conserviera","publisher":{"@id":"https:\/\/www.stvmachinery.it\/es\/#organization"},"potentialAction":[{"@type":"SearchAction","target":{"@type":"EntryPoint","urlTemplate":"https:\/\/www.stvmachinery.it\/es\/?s={search_term_string}"},"query-input":"required name=search_term_string"}],"inLanguage":"es"},{"@type":"Organization","@id":"https:\/\/www.stvmachinery.it\/es\/#organization","name":"S.T.V. di Salati Giovanni & C. \u2013 S.n.c.","alternateName":"STV Machinery","url":"https:\/\/www.stvmachinery.it\/es\/","logo":{"@type":"ImageObject","inLanguage":"es","@id":"https:\/\/www.stvmachinery.it\/es\/#\/schema\/logo\/image\/","url":"https:\/\/www.stvmachinery.it\/wp-content\/uploads\/2021\/06\/stv-machinery-logo-positivo.png","contentUrl":"https:\/\/www.stvmachinery.it\/wp-content\/uploads\/2021\/06\/stv-machinery-logo-positivo.png","width":481,"height":233,"caption":"S.T.V. di Salati Giovanni & C. \u2013 S.n.c."},"image":{"@id":"https:\/\/www.stvmachinery.it\/es\/#\/schema\/logo\/image\/"},"sameAs":["https:\/\/it.linkedin.com\/company\/stv-machinery","https:\/\/www.youtube.com\/channel\/UCceMPa8POjTOmZeA2_KUoeg"]}]}},"_links":{"self":[{"href":"https:\/\/www.stvmachinery.it\/es\/wp-json\/wp\/v2\/product\/10032","targetHints":{"allow":["GET"]}}],"collection":[{"href":"https:\/\/www.stvmachinery.it\/es\/wp-json\/wp\/v2\/product"}],"about":[{"href":"https:\/\/www.stvmachinery.it\/es\/wp-json\/wp\/v2\/types\/product"}],"version-history":[{"count":7,"href":"https:\/\/www.stvmachinery.it\/es\/wp-json\/wp\/v2\/product\/10032\/revisions"}],"predecessor-version":[{"id":11205,"href":"https:\/\/www.stvmachinery.it\/es\/wp-json\/wp\/v2\/product\/10032\/revisions\/11205"}],"wp:featuredmedia":[{"embeddable":true,"href":"https:\/\/www.stvmachinery.it\/es\/wp-json\/wp\/v2\/media\/11987"}],"wp:attachment":[{"href":"https:\/\/www.stvmachinery.it\/es\/wp-json\/wp\/v2\/media?parent=10032"}],"wp:term":[{"taxonomy":"product_cat","embeddable":true,"href":"https:\/\/www.stvmachinery.it\/es\/wp-json\/wp\/v2\/product_cat?post=10032"},{"taxonomy":"product_tag","embeddable":true,"href":"https:\/\/www.stvmachinery.it\/es\/wp-json\/wp\/v2\/product_tag?post=10032"}],"curies":[{"name":"wp","href":"https:\/\/api.w.org\/{rel}","templated":true}]}}