{"id":10043,"date":"2024-03-28T16:53:55","date_gmt":"2024-03-28T15:53:55","guid":{"rendered":"https:\/\/www.stvmachinery.it\/macchinari\/sin%20categor\u00eda\/tapadora-lineal-para-tapas-de-plastico-mod-cp\/"},"modified":"2025-11-24T13:53:33","modified_gmt":"2025-11-24T12:53:33","slug":"tapadora-lineal-para-tapas-de-plastico-mod-cp","status":"publish","type":"product","link":"https:\/\/www.stvmachinery.it\/es\/macchinari\/cerradoras-twist-off-y-cerradoras-tapas-plastico\/tapadora-lineal-para-tapas-de-plastico-mod-cp\/","title":{"rendered":"Tapadora Lineal para tapas de Plastico Mod. CP"},"content":{"rendered":"\t\t<div data-elementor-type=\"product-post\" data-elementor-id=\"10043\" class=\"elementor elementor-10043 elementor-8559\" data-elementor-post-type=\"product\">\n\t\t\t\t<div class=\"elementor-element elementor-element-9bffd50 e-flex e-con-boxed e-con e-parent\" data-id=\"9bffd50\" data-element_type=\"container\">\n\t\t\t\t\t<div class=\"e-con-inner\">\n\t\t\t\t<div class=\"elementor-element elementor-element-62d4872 elementor-widget elementor-widget-video\" data-id=\"62d4872\" data-element_type=\"widget\" data-settings=\"{&quot;youtube_url&quot;:&quot;https:\\\/\\\/youtu.be\\\/Mu_U6c_9l2o&quot;,&quot;start&quot;:120,&quot;video_type&quot;:&quot;youtube&quot;,&quot;controls&quot;:&quot;yes&quot;}\" data-widget_type=\"video.default\">\n\t\t\t\t<div class=\"elementor-widget-container\">\n\t\t\t<style>\/*! elementor - v3.21.0 - 08-05-2024 *\/\n.elementor-widget-video .elementor-widget-container{overflow:hidden;transform:translateZ(0)}.elementor-widget-video .elementor-wrapper{aspect-ratio:var(--video-aspect-ratio)}.elementor-widget-video .elementor-wrapper iframe,.elementor-widget-video .elementor-wrapper video{height:100%;width:100%;display:flex;border:none;background-color:#000}@supports not (aspect-ratio:1\/1){.elementor-widget-video .elementor-wrapper{position:relative;overflow:hidden;height:0;padding-bottom:calc(100% \/ var(--video-aspect-ratio))}.elementor-widget-video .elementor-wrapper iframe,.elementor-widget-video .elementor-wrapper video{position:absolute;top:0;right:0;bottom:0;left:0}}.elementor-widget-video .elementor-open-inline .elementor-custom-embed-image-overlay{position:absolute;top:0;right:0;bottom:0;left:0;background-size:cover;background-position:50%}.elementor-widget-video .elementor-custom-embed-image-overlay{cursor:pointer;text-align:center}.elementor-widget-video .elementor-custom-embed-image-overlay:hover .elementor-custom-embed-play i{opacity:1}.elementor-widget-video .elementor-custom-embed-image-overlay img{display:block;width:100%;aspect-ratio:var(--video-aspect-ratio);-o-object-fit:cover;object-fit:cover;-o-object-position:center center;object-position:center center}@supports not (aspect-ratio:1\/1){.elementor-widget-video .elementor-custom-embed-image-overlay{position:relative;overflow:hidden;height:0;padding-bottom:calc(100% \/ var(--video-aspect-ratio))}.elementor-widget-video .elementor-custom-embed-image-overlay img{position:absolute;top:0;right:0;bottom:0;left:0}}.elementor-widget-video .e-hosted-video .elementor-video{-o-object-fit:cover;object-fit:cover}.e-con-inner>.elementor-widget-video,.e-con>.elementor-widget-video{width:var(--container-widget-width);--flex-grow:var(--container-widget-flex-grow)}<\/style>\t\t<div class=\"elementor-wrapper elementor-open-inline\">\n\t\t\t<div class=\"elementor-video\"><\/div>\t\t<\/div>\n\t\t\t\t<\/div>\n\t\t\t\t<\/div>\n\t\t\t\t<div class=\"elementor-element elementor-element-29ba00b elementor-widget elementor-widget-video\" data-id=\"29ba00b\" data-element_type=\"widget\" data-settings=\"{&quot;youtube_url&quot;:&quot;https:\\\/\\\/youtu.be\\\/n6Xkxj4XR2o&quot;,&quot;start&quot;:155,&quot;video_type&quot;:&quot;youtube&quot;,&quot;controls&quot;:&quot;yes&quot;}\" data-widget_type=\"video.default\">\n\t\t\t\t<div class=\"elementor-widget-container\">\n\t\t\t\t\t<div class=\"elementor-wrapper elementor-open-inline\">\n\t\t\t<div class=\"elementor-video\"><\/div>\t\t<\/div>\n\t\t\t\t<\/div>\n\t\t\t\t<\/div>\n\t\t\t\t\t<\/div>\n\t\t\t\t<\/div>\n\t\t<div class=\"elementor-element elementor-element-46a5c91 e-flex e-con-boxed e-con e-parent\" data-id=\"46a5c91\" data-element_type=\"container\" id=\"caratteristiche\">\n\t\t\t\t\t<div class=\"e-con-inner\">\n\t\t\t\t<div class=\"elementor-element elementor-element-7aea20b elementor-widget elementor-widget-text-editor\" data-id=\"7aea20b\" data-element_type=\"widget\" data-widget_type=\"text-editor.default\">\n\t\t\t\t<div class=\"elementor-widget-container\">\n\t\t\t<style>\/*! elementor - v3.21.0 - 08-05-2024 *\/\n.elementor-widget-text-editor.elementor-drop-cap-view-stacked .elementor-drop-cap{background-color:#69727d;color:#fff}.elementor-widget-text-editor.elementor-drop-cap-view-framed .elementor-drop-cap{color:#69727d;border:3px solid;background-color:transparent}.elementor-widget-text-editor:not(.elementor-drop-cap-view-default) .elementor-drop-cap{margin-top:8px}.elementor-widget-text-editor:not(.elementor-drop-cap-view-default) .elementor-drop-cap-letter{width:1em;height:1em}.elementor-widget-text-editor .elementor-drop-cap{float:left;text-align:center;line-height:1;font-size:50px}.elementor-widget-text-editor .elementor-drop-cap-letter{display:inline-block}<\/style>\t\t\t\t<h3 class=\"product-item-title\">Caracter\u00edsticas Constructivas<\/h3>\n<ul>\n<li>Base en plancha de gran espesor en acero inox AISI 304, con pies de apoyo regulables en altura.<\/li>\n<li>Columna portante.<\/li>\n<li>Cinta transportadora en acero inox AISI 304 con cadena table-top montada sobre perfilados anti fricci\u00f2n y barrera lateral regulables, motorizaci\u00f3n mediante moto reductor.<\/li>\n<li>Cintas laterales de arrastre y estabilidad envases.<\/li>\n<li>Grupo de desenganghe tapas.<\/li>\n<li>Grupo de distribuci\u00f3n vapor, que distribuye el vapor en el espacio anterior y forma el vac\u00edo al interno una vez se efect\u00faa el cierre (en caso no sea necesario no viene montado).<\/li>\n<li>Grupo de aplicaci\u00f3n tapas tr\u00e1mite fajas planas (el grupo de desganche tapas y el grupo de aplicaci\u00f3n a presi\u00f3n son regulables independientemente uno del otro y respecto a las fajas de arrastre mediante volantes, con absoluta simplicidad y rapidez). <\/li>\n<li>Motorizaci\u00f3n centralizada de las cintas de arrastre y de cierre mediante moto reductor.<\/li>\n<li>Sistema de elevaci\u00f3n del cabezal mediante un grupo electromec\u00e1nico con dispositivos de seguridad de m\u00ednimo y de m\u00e1xima, que permite la regularizaci\u00f3n en altura del cabezal en funci\u00f3n de la altura de los envases.<\/li>\n<li>Alimentador autom\u00e1tico de tapas, dotado de tolva, que mediante gu\u00edas orienta y transporta las tapas al grupo de desganche donde vienen extra\u00eddos de los envases.<\/li>\n<\/ul>\n\t\t\t\t\t\t<\/div>\n\t\t\t\t<\/div>\n\t\t\t\t\t<\/div>\n\t\t\t\t<\/div>\n\t\t<div class=\"elementor-element elementor-element-7bffd7d e-flex e-con-boxed e-con e-parent\" data-id=\"7bffd7d\" data-element_type=\"container\" data-settings=\"{&quot;background_background&quot;:&quot;classic&quot;}\">\n\t\t\t\t\t<div class=\"e-con-inner\">\n\t\t\t\t<div class=\"elementor-element elementor-element-a84dc14 elementor-widget elementor-widget-text-editor\" data-id=\"a84dc14\" data-element_type=\"widget\" data-widget_type=\"text-editor.default\">\n\t\t\t\t<div class=\"elementor-widget-container\">\n\t\t\t\t\t\t\t<h3 class=\"product-item-title\">SISTEMA DE ALIMENTACION TAPAS, compuesto de:<\/h3>\n<ul>\n<li><strong>Cinta elevadora<\/strong>, construida en acero inox AISI 304, compuesto de: tolva con capacidad de 300 litros y micro de seguridad sobre tapa, elevador con extracci\u00f3n directa de la tolva, alfombrilla en PVC a norma FDA con tiras vulcanizadas y extracci\u00f3n directa de la tolva, cobertura alfombrilla en lexan transparente.<\/li>\n<li><strong>Orientador mec\u00e1nico inclinado<\/strong> por tapas de pl\u00e1stico compuesto de: faja de contenci\u00f3n en acero inox AISI 304 1000 mm, disco rotante en acero elaborado con alv\u00e9olos y dividido en 4 sectores, accionado tr\u00e1mite fricci\u00f3n, reguladores de flujo con man\u00f3metros, bridas de conexi\u00f3n, tapas en lexan transparente completa de rejilla de carga, curva de vuelvo tapas en acero, fotoc\u00e9lula para el control carga en autom\u00e1tico.<\/li>\n<li><strong>Estructura de soporte<\/strong> en acero inox AISI 304, que permite una altura de descarga por definir, con regularizaciones de +o- 100 mm del cilindro hidr\u00e1ulico telesc\u00f3pico.<\/li>\n<li><strong>Sistema de control<\/strong> que ordena la m\u00e1quina en base al flujo de tapas en el alimentador.<\/li>\n<li><strong>Orientaci\u00f3n<\/strong>: lado c\u00f3ncavo hacia abajo.<\/li>\n<li><strong>Panel el\u00e9ctrico <\/strong>de control en acero inoxidable.\u2028 M\u00f3dulo para conexi\u00f3n remota<\/li>\n<li>Fabricaci\u00f3n en <strong>acero inox AISI 304<\/strong> excepto algunos detalles que son realizados en material diferente id\u00f3neo a su correcto funcionamiento.<\/li>\n<li>La m\u00e1quina se puede <strong>configurar<\/strong> para trabajar con m\u00e1s de un formato de frascos y de tapas de diferentes dimensiones.<\/li>\n<li>Una vez encendida y configurada la m\u00e1quina <strong>no requiere asistencia de un usuario.<\/strong><\/li>\n<\/ul>\n\t\t\t\t\t\t<\/div>\n\t\t\t\t<\/div>\n\t\t\t\t\t<\/div>\n\t\t\t\t<\/div>\n\t\t<div class=\"elementor-element elementor-element-e95b650 e-flex e-con-boxed e-con e-parent\" data-id=\"e95b650\" data-element_type=\"container\">\n\t\t\t\t\t<div class=\"e-con-inner\">\n\t\t\t\t<div class=\"elementor-element elementor-element-02e0a45 elementor-widget elementor-widget-heading\" data-id=\"02e0a45\" data-element_type=\"widget\" data-widget_type=\"heading.default\">\n\t\t\t\t<div class=\"elementor-widget-container\">\n\t\t\t<style>\/*! elementor - v3.21.0 - 08-05-2024 *\/\n.elementor-heading-title{padding:0;margin:0;line-height:1}.elementor-widget-heading .elementor-heading-title[class*=elementor-size-]>a{color:inherit;font-size:inherit;line-height:inherit}.elementor-widget-heading .elementor-heading-title.elementor-size-small{font-size:15px}.elementor-widget-heading .elementor-heading-title.elementor-size-medium{font-size:19px}.elementor-widget-heading .elementor-heading-title.elementor-size-large{font-size:29px}.elementor-widget-heading .elementor-heading-title.elementor-size-xl{font-size:39px}.elementor-widget-heading .elementor-heading-title.elementor-size-xxl{font-size:59px}<\/style><h4 class=\"elementor-heading-title elementor-size-default\">Datos T\u00e9cnicos<\/h4>\t\t<\/div>\n\t\t\t\t<\/div>\n\t\t\t\t<div class=\"elementor-element elementor-element-03af9de elementor-widget elementor-widget-text-editor\" data-id=\"03af9de\" data-element_type=\"widget\" data-widget_type=\"text-editor.default\">\n\t\t\t\t<div class=\"elementor-widget-container\">\n\t\t\t\t\t\t\t<p>La m\u00e1quina es disponible en los siguientes modelos<\/p>\n\t\t\t\t\t\t<\/div>\n\t\t\t\t<\/div>\n\t\t\t\t<div class=\"elementor-element elementor-element-86b7da8 elementor-widget elementor-widget-text-editor\" data-id=\"86b7da8\" data-element_type=\"widget\" data-widget_type=\"text-editor.default\">\n\t\t\t\t<div class=\"elementor-widget-container\">\n\t\t\t\t\t\t\t<p><strong>Mod. C30-CP <\/strong><\/p>\n\t\t\t\t\t\t<\/div>\n\t\t\t\t<\/div>\n\t\t\t\t<div class=\"elementor-element elementor-element-4399734 elementor-widget elementor-widget-ld_table\" data-id=\"4399734\" data-element_type=\"widget\" data-widget_type=\"ld_table.default\">\n\t\t\t\t<div class=\"elementor-widget-container\">\n\t\t\t<table><tr><td class=\"elementor-repeater-item-4be9d2e\">Capacidad<\/td><td class=\"elementor-repeater-item-485afe4\">5.000 frascos\/hora aprox. <\/td><\/tr><tr><td class=\"elementor-repeater-item-d918673\">Potencia instalada<\/td><td class=\"elementor-repeater-item-b958ccc\">kW 2,40 aprox.<\/td><\/tr><tr><td class=\"elementor-repeater-item-78380da\">Longitud<\/td><td class=\"elementor-repeater-item-a74bb3f\">3.000 mm (sin alimentador)<\/td><\/tr><tr><td class=\"elementor-repeater-item-e9f2d72\">Anchura<\/td><td class=\"elementor-repeater-item-b05652f\">1.000 mm (sin alimentador)<\/td><\/tr><\/table>\t\t<\/div>\n\t\t\t\t<\/div>\n\t\t\t\t<div class=\"elementor-element elementor-element-165504c elementor-widget elementor-widget-text-editor\" data-id=\"165504c\" data-element_type=\"widget\" data-widget_type=\"text-editor.default\">\n\t\t\t\t<div class=\"elementor-widget-container\">\n\t\t\t\t\t\t\t<p><strong>Mod. C60-CP <\/strong><\/p>\n\t\t\t\t\t\t<\/div>\n\t\t\t\t<\/div>\n\t\t\t\t<div class=\"elementor-element elementor-element-97015c9 elementor-widget elementor-widget-ld_table\" data-id=\"97015c9\" data-element_type=\"widget\" data-widget_type=\"ld_table.default\">\n\t\t\t\t<div class=\"elementor-widget-container\">\n\t\t\t<table><tr><td class=\"elementor-repeater-item-4be9d2e\">Capacidad<\/td><td class=\"elementor-repeater-item-485afe4\">12.000 frascos\/hora aprox. <\/td><\/tr><tr><td class=\"elementor-repeater-item-d918673\">Potencia instalada<\/td><td class=\"elementor-repeater-item-b958ccc\">kW 2,75 aprox.<\/td><\/tr><tr><td class=\"elementor-repeater-item-78380da\">Longitud<\/td><td class=\"elementor-repeater-item-a74bb3f\">3.000 mm (sin alimentador)<\/td><\/tr><tr><td class=\"elementor-repeater-item-e9f2d72\">Anchura<\/td><td class=\"elementor-repeater-item-b05652f\">1.150 mm (sin alimentador)<\/td><\/tr><\/table>\t\t<\/div>\n\t\t\t\t<\/div>\n\t\t\t\t\t<\/div>\n\t\t\t\t<\/div>\n\t\t\t\t<\/div>\n\t\t","protected":false},"excerpt":{"rendered":"<p>M\u00e0quina autom\u00e0tica para el <strong>cierre frascos en vidrio<\/strong> con <strong>TAPAS DE PLASTICO a presi\u00f2n<\/strong>. <\/p>\n<p><a class=\"pulsanterosso\" href=\"#caratteristiche\">Caracter\u00edsticas T\u00e9cnicas<\/a><\/p>\n","protected":false},"featured_media":9243,"template":"","meta":{"inline_featured_image":false},"product_cat":[95],"product_tag":[],"class_list":{"0":"post-10043","1":"product","2":"type-product","3":"status-publish","4":"has-post-thumbnail","6":"product_cat-cerradoras-twist-off-y-cerradoras-tapas-plastico","7":"pa_applicazione-contenedores-llenos","8":"pa_funzionamento-automatico-es","9":"pa_settore-alimentario","10":"pa_settore-cosmetica-y-detergencia-es","12":"first","13":"instock","14":"shipping-taxable","15":"product-type-simple"},"yoast_head":"<!-- This site is optimized with the Yoast SEO plugin v22.7 - https:\/\/yoast.com\/wordpress\/plugins\/seo\/ -->\n<title>Tapadora Lineal para tapas de Plastico Mod. CP | STV Machinery<\/title>\n<meta name=\"description\" content=\"La Taponadora Autom\u00e1tica para Tapones de Pl\u00e1stico Mod. CP es una m\u00e1quina dise\u00f1ada para cerrar recipientes de vidrio con tapones de pl\u00e1stico a presi\u00f3n.\" \/>\n<meta name=\"robots\" content=\"index, follow, max-snippet:-1, max-image-preview:large, max-video-preview:-1\" \/>\n<link rel=\"canonical\" href=\"https:\/\/www.stvmachinery.it\/es\/macchinari\/cerradoras-twist-off-y-cerradoras-tapas-plastico\/tapadora-lineal-para-tapas-de-plastico-mod-cp\/\" \/>\n<meta property=\"og:locale\" content=\"es_ES\" \/>\n<meta property=\"og:type\" content=\"article\" \/>\n<meta property=\"og:title\" content=\"Tapadora Lineal para tapas de Plastico Mod. CP | STV Machinery\" \/>\n<meta property=\"og:description\" content=\"La Taponadora Autom\u00e1tica para Tapones de Pl\u00e1stico Mod. CP es una m\u00e1quina dise\u00f1ada para cerrar recipientes de vidrio con tapones de pl\u00e1stico a presi\u00f3n.\" \/>\n<meta property=\"og:url\" content=\"https:\/\/www.stvmachinery.it\/es\/macchinari\/cerradoras-twist-off-y-cerradoras-tapas-plastico\/tapadora-lineal-para-tapas-de-plastico-mod-cp\/\" \/>\n<meta property=\"og:site_name\" content=\"STV Machinery\" \/>\n<meta property=\"article:modified_time\" content=\"2025-11-24T12:53:33+00:00\" \/>\n<meta property=\"og:image\" content=\"https:\/\/www.stvmachinery.it\/wp-content\/uploads\/2024\/03\/Tappatrice-per-Tappi-in-Plastica-Press-On.webp\" \/>\n\t<meta property=\"og:image:width\" content=\"1200\" \/>\n\t<meta property=\"og:image:height\" content=\"1200\" \/>\n\t<meta property=\"og:image:type\" content=\"image\/webp\" \/>\n<meta name=\"twitter:card\" content=\"summary_large_image\" \/>\n<script type=\"application\/ld+json\" class=\"yoast-schema-graph\">{\"@context\":\"https:\/\/schema.org\",\"@graph\":[{\"@type\":\"WebPage\",\"@id\":\"https:\/\/www.stvmachinery.it\/es\/macchinari\/cerradoras-twist-off-y-cerradoras-tapas-plastico\/tapadora-lineal-para-tapas-de-plastico-mod-cp\/\",\"url\":\"https:\/\/www.stvmachinery.it\/es\/macchinari\/cerradoras-twist-off-y-cerradoras-tapas-plastico\/tapadora-lineal-para-tapas-de-plastico-mod-cp\/\",\"name\":\"Tapadora Lineal para tapas de Plastico Mod. CP | STV Machinery\",\"isPartOf\":{\"@id\":\"https:\/\/www.stvmachinery.it\/es\/#website\"},\"primaryImageOfPage\":{\"@id\":\"https:\/\/www.stvmachinery.it\/es\/macchinari\/cerradoras-twist-off-y-cerradoras-tapas-plastico\/tapadora-lineal-para-tapas-de-plastico-mod-cp\/#primaryimage\"},\"image\":{\"@id\":\"https:\/\/www.stvmachinery.it\/es\/macchinari\/cerradoras-twist-off-y-cerradoras-tapas-plastico\/tapadora-lineal-para-tapas-de-plastico-mod-cp\/#primaryimage\"},\"thumbnailUrl\":\"https:\/\/www.stvmachinery.it\/wp-content\/uploads\/2024\/03\/Tappatrice-per-Tappi-in-Plastica-Press-On.webp\",\"datePublished\":\"2024-03-28T15:53:55+00:00\",\"dateModified\":\"2025-11-24T12:53:33+00:00\",\"description\":\"La Taponadora Autom\u00e1tica para Tapones de Pl\u00e1stico Mod. CP es una m\u00e1quina dise\u00f1ada para cerrar recipientes de vidrio con tapones de pl\u00e1stico a presi\u00f3n.\",\"breadcrumb\":{\"@id\":\"https:\/\/www.stvmachinery.it\/es\/macchinari\/cerradoras-twist-off-y-cerradoras-tapas-plastico\/tapadora-lineal-para-tapas-de-plastico-mod-cp\/#breadcrumb\"},\"inLanguage\":\"es\",\"potentialAction\":[{\"@type\":\"ReadAction\",\"target\":[\"https:\/\/www.stvmachinery.it\/es\/macchinari\/cerradoras-twist-off-y-cerradoras-tapas-plastico\/tapadora-lineal-para-tapas-de-plastico-mod-cp\/\"]}]},{\"@type\":\"ImageObject\",\"inLanguage\":\"es\",\"@id\":\"https:\/\/www.stvmachinery.it\/es\/macchinari\/cerradoras-twist-off-y-cerradoras-tapas-plastico\/tapadora-lineal-para-tapas-de-plastico-mod-cp\/#primaryimage\",\"url\":\"https:\/\/www.stvmachinery.it\/wp-content\/uploads\/2024\/03\/Tappatrice-per-Tappi-in-Plastica-Press-On.webp\",\"contentUrl\":\"https:\/\/www.stvmachinery.it\/wp-content\/uploads\/2024\/03\/Tappatrice-per-Tappi-in-Plastica-Press-On.webp\",\"width\":1200,\"height\":1200},{\"@type\":\"BreadcrumbList\",\"@id\":\"https:\/\/www.stvmachinery.it\/es\/macchinari\/cerradoras-twist-off-y-cerradoras-tapas-plastico\/tapadora-lineal-para-tapas-de-plastico-mod-cp\/#breadcrumb\",\"itemListElement\":[{\"@type\":\"ListItem\",\"position\":1,\"name\":\"Home\",\"item\":\"https:\/\/www.stvmachinery.it\/es\/stv-machinery\/\"},{\"@type\":\"ListItem\",\"position\":2,\"name\":\"Maquinaria\",\"item\":\"https:\/\/www.stvmachinery.it\/es\/maquinaria\/\"},{\"@type\":\"ListItem\",\"position\":3,\"name\":\"Tapadora Lineal para tapas de Plastico Mod. CP\"}]},{\"@type\":\"WebSite\",\"@id\":\"https:\/\/www.stvmachinery.it\/es\/#website\",\"url\":\"https:\/\/www.stvmachinery.it\/es\/\",\"name\":\"STV Machinery\",\"description\":\"Macchine ed impianti per l\u2019industria agroalimentare e conserviera\",\"publisher\":{\"@id\":\"https:\/\/www.stvmachinery.it\/es\/#organization\"},\"potentialAction\":[{\"@type\":\"SearchAction\",\"target\":{\"@type\":\"EntryPoint\",\"urlTemplate\":\"https:\/\/www.stvmachinery.it\/es\/?s={search_term_string}\"},\"query-input\":\"required name=search_term_string\"}],\"inLanguage\":\"es\"},{\"@type\":\"Organization\",\"@id\":\"https:\/\/www.stvmachinery.it\/es\/#organization\",\"name\":\"S.T.V. di Salati Giovanni & C. \u2013 S.n.c.\",\"alternateName\":\"STV Machinery\",\"url\":\"https:\/\/www.stvmachinery.it\/es\/\",\"logo\":{\"@type\":\"ImageObject\",\"inLanguage\":\"es\",\"@id\":\"https:\/\/www.stvmachinery.it\/es\/#\/schema\/logo\/image\/\",\"url\":\"https:\/\/www.stvmachinery.it\/wp-content\/uploads\/2021\/06\/stv-machinery-logo-positivo.png\",\"contentUrl\":\"https:\/\/www.stvmachinery.it\/wp-content\/uploads\/2021\/06\/stv-machinery-logo-positivo.png\",\"width\":481,\"height\":233,\"caption\":\"S.T.V. di Salati Giovanni & C. \u2013 S.n.c.\"},\"image\":{\"@id\":\"https:\/\/www.stvmachinery.it\/es\/#\/schema\/logo\/image\/\"},\"sameAs\":[\"https:\/\/it.linkedin.com\/company\/stv-machinery\",\"https:\/\/www.youtube.com\/channel\/UCceMPa8POjTOmZeA2_KUoeg\"]}]}<\/script>\n<!-- \/ Yoast SEO plugin. -->","yoast_head_json":{"title":"Tapadora Lineal para tapas de Plastico Mod. CP | STV Machinery","description":"La Taponadora Autom\u00e1tica para Tapones de Pl\u00e1stico Mod. CP es una m\u00e1quina dise\u00f1ada para cerrar recipientes de vidrio con tapones de pl\u00e1stico a presi\u00f3n.","robots":{"index":"index","follow":"follow","max-snippet":"max-snippet:-1","max-image-preview":"max-image-preview:large","max-video-preview":"max-video-preview:-1"},"canonical":"https:\/\/www.stvmachinery.it\/es\/macchinari\/cerradoras-twist-off-y-cerradoras-tapas-plastico\/tapadora-lineal-para-tapas-de-plastico-mod-cp\/","og_locale":"es_ES","og_type":"article","og_title":"Tapadora Lineal para tapas de Plastico Mod. CP | STV Machinery","og_description":"La Taponadora Autom\u00e1tica para Tapones de Pl\u00e1stico Mod. CP es una m\u00e1quina dise\u00f1ada para cerrar recipientes de vidrio con tapones de pl\u00e1stico a presi\u00f3n.","og_url":"https:\/\/www.stvmachinery.it\/es\/macchinari\/cerradoras-twist-off-y-cerradoras-tapas-plastico\/tapadora-lineal-para-tapas-de-plastico-mod-cp\/","og_site_name":"STV Machinery","article_modified_time":"2025-11-24T12:53:33+00:00","og_image":[{"width":1200,"height":1200,"url":"https:\/\/www.stvmachinery.it\/wp-content\/uploads\/2024\/03\/Tappatrice-per-Tappi-in-Plastica-Press-On.webp","type":"image\/webp"}],"twitter_card":"summary_large_image","schema":{"@context":"https:\/\/schema.org","@graph":[{"@type":"WebPage","@id":"https:\/\/www.stvmachinery.it\/es\/macchinari\/cerradoras-twist-off-y-cerradoras-tapas-plastico\/tapadora-lineal-para-tapas-de-plastico-mod-cp\/","url":"https:\/\/www.stvmachinery.it\/es\/macchinari\/cerradoras-twist-off-y-cerradoras-tapas-plastico\/tapadora-lineal-para-tapas-de-plastico-mod-cp\/","name":"Tapadora Lineal para tapas de Plastico Mod. CP | STV Machinery","isPartOf":{"@id":"https:\/\/www.stvmachinery.it\/es\/#website"},"primaryImageOfPage":{"@id":"https:\/\/www.stvmachinery.it\/es\/macchinari\/cerradoras-twist-off-y-cerradoras-tapas-plastico\/tapadora-lineal-para-tapas-de-plastico-mod-cp\/#primaryimage"},"image":{"@id":"https:\/\/www.stvmachinery.it\/es\/macchinari\/cerradoras-twist-off-y-cerradoras-tapas-plastico\/tapadora-lineal-para-tapas-de-plastico-mod-cp\/#primaryimage"},"thumbnailUrl":"https:\/\/www.stvmachinery.it\/wp-content\/uploads\/2024\/03\/Tappatrice-per-Tappi-in-Plastica-Press-On.webp","datePublished":"2024-03-28T15:53:55+00:00","dateModified":"2025-11-24T12:53:33+00:00","description":"La Taponadora Autom\u00e1tica para Tapones de Pl\u00e1stico Mod. CP es una m\u00e1quina dise\u00f1ada para cerrar recipientes de vidrio con tapones de pl\u00e1stico a presi\u00f3n.","breadcrumb":{"@id":"https:\/\/www.stvmachinery.it\/es\/macchinari\/cerradoras-twist-off-y-cerradoras-tapas-plastico\/tapadora-lineal-para-tapas-de-plastico-mod-cp\/#breadcrumb"},"inLanguage":"es","potentialAction":[{"@type":"ReadAction","target":["https:\/\/www.stvmachinery.it\/es\/macchinari\/cerradoras-twist-off-y-cerradoras-tapas-plastico\/tapadora-lineal-para-tapas-de-plastico-mod-cp\/"]}]},{"@type":"ImageObject","inLanguage":"es","@id":"https:\/\/www.stvmachinery.it\/es\/macchinari\/cerradoras-twist-off-y-cerradoras-tapas-plastico\/tapadora-lineal-para-tapas-de-plastico-mod-cp\/#primaryimage","url":"https:\/\/www.stvmachinery.it\/wp-content\/uploads\/2024\/03\/Tappatrice-per-Tappi-in-Plastica-Press-On.webp","contentUrl":"https:\/\/www.stvmachinery.it\/wp-content\/uploads\/2024\/03\/Tappatrice-per-Tappi-in-Plastica-Press-On.webp","width":1200,"height":1200},{"@type":"BreadcrumbList","@id":"https:\/\/www.stvmachinery.it\/es\/macchinari\/cerradoras-twist-off-y-cerradoras-tapas-plastico\/tapadora-lineal-para-tapas-de-plastico-mod-cp\/#breadcrumb","itemListElement":[{"@type":"ListItem","position":1,"name":"Home","item":"https:\/\/www.stvmachinery.it\/es\/stv-machinery\/"},{"@type":"ListItem","position":2,"name":"Maquinaria","item":"https:\/\/www.stvmachinery.it\/es\/maquinaria\/"},{"@type":"ListItem","position":3,"name":"Tapadora Lineal para tapas de Plastico Mod. CP"}]},{"@type":"WebSite","@id":"https:\/\/www.stvmachinery.it\/es\/#website","url":"https:\/\/www.stvmachinery.it\/es\/","name":"STV Machinery","description":"Macchine ed impianti per l\u2019industria agroalimentare e conserviera","publisher":{"@id":"https:\/\/www.stvmachinery.it\/es\/#organization"},"potentialAction":[{"@type":"SearchAction","target":{"@type":"EntryPoint","urlTemplate":"https:\/\/www.stvmachinery.it\/es\/?s={search_term_string}"},"query-input":"required name=search_term_string"}],"inLanguage":"es"},{"@type":"Organization","@id":"https:\/\/www.stvmachinery.it\/es\/#organization","name":"S.T.V. di Salati Giovanni & C. \u2013 S.n.c.","alternateName":"STV Machinery","url":"https:\/\/www.stvmachinery.it\/es\/","logo":{"@type":"ImageObject","inLanguage":"es","@id":"https:\/\/www.stvmachinery.it\/es\/#\/schema\/logo\/image\/","url":"https:\/\/www.stvmachinery.it\/wp-content\/uploads\/2021\/06\/stv-machinery-logo-positivo.png","contentUrl":"https:\/\/www.stvmachinery.it\/wp-content\/uploads\/2021\/06\/stv-machinery-logo-positivo.png","width":481,"height":233,"caption":"S.T.V. di Salati Giovanni & C. \u2013 S.n.c."},"image":{"@id":"https:\/\/www.stvmachinery.it\/es\/#\/schema\/logo\/image\/"},"sameAs":["https:\/\/it.linkedin.com\/company\/stv-machinery","https:\/\/www.youtube.com\/channel\/UCceMPa8POjTOmZeA2_KUoeg"]}]}},"_links":{"self":[{"href":"https:\/\/www.stvmachinery.it\/es\/wp-json\/wp\/v2\/product\/10043","targetHints":{"allow":["GET"]}}],"collection":[{"href":"https:\/\/www.stvmachinery.it\/es\/wp-json\/wp\/v2\/product"}],"about":[{"href":"https:\/\/www.stvmachinery.it\/es\/wp-json\/wp\/v2\/types\/product"}],"version-history":[{"count":9,"href":"https:\/\/www.stvmachinery.it\/es\/wp-json\/wp\/v2\/product\/10043\/revisions"}],"predecessor-version":[{"id":11240,"href":"https:\/\/www.stvmachinery.it\/es\/wp-json\/wp\/v2\/product\/10043\/revisions\/11240"}],"wp:featuredmedia":[{"embeddable":true,"href":"https:\/\/www.stvmachinery.it\/es\/wp-json\/wp\/v2\/media\/9243"}],"wp:attachment":[{"href":"https:\/\/www.stvmachinery.it\/es\/wp-json\/wp\/v2\/media?parent=10043"}],"wp:term":[{"taxonomy":"product_cat","embeddable":true,"href":"https:\/\/www.stvmachinery.it\/es\/wp-json\/wp\/v2\/product_cat?post=10043"},{"taxonomy":"product_tag","embeddable":true,"href":"https:\/\/www.stvmachinery.it\/es\/wp-json\/wp\/v2\/product_tag?post=10043"}],"curies":[{"name":"wp","href":"https:\/\/api.w.org\/{rel}","templated":true}]}}