{"id":10079,"date":"2024-03-22T16:24:52","date_gmt":"2024-03-22T15:24:52","guid":{"rendered":"https:\/\/www.stvmachinery.it\/macchinari\/sin%20categor\u00eda\/llenadora-lineal-automatica-por-gravedad-mod-rgl5\/"},"modified":"2025-11-24T16:09:19","modified_gmt":"2025-11-24T15:09:19","slug":"llenadora-lineal-automatica-por-gravedad-mod-rgl5","status":"publish","type":"product","link":"https:\/\/www.stvmachinery.it\/es\/macchinari\/dosadoras-lineales-y-rotativas\/llenadora-lineal-automatica-por-gravedad-mod-rgl5\/","title":{"rendered":"Llenadora Lineal Autom\u00e1tica por Gravedad Mod. RGL5"},"content":{"rendered":"\t\t<div data-elementor-type=\"product-post\" data-elementor-id=\"10079\" class=\"elementor elementor-10079 elementor-8445\" data-elementor-post-type=\"product\">\n\t\t\t\t<div class=\"elementor-element elementor-element-3d9c987 e-flex e-con-boxed e-con e-parent\" data-id=\"3d9c987\" data-element_type=\"container\">\n\t\t\t\t\t<div class=\"e-con-inner\">\n\t\t\t\t<div class=\"elementor-element elementor-element-cac9042 elementor-widget elementor-widget-video\" data-id=\"cac9042\" data-element_type=\"widget\" data-settings=\"{&quot;youtube_url&quot;:&quot;https:\\\/\\\/youtu.be\\\/Zxju687xues?feature=shared&quot;,&quot;video_type&quot;:&quot;youtube&quot;,&quot;controls&quot;:&quot;yes&quot;}\" data-widget_type=\"video.default\">\n\t\t\t\t<div class=\"elementor-widget-container\">\n\t\t\t<style>\/*! elementor - v3.21.0 - 08-05-2024 *\/\n.elementor-widget-video .elementor-widget-container{overflow:hidden;transform:translateZ(0)}.elementor-widget-video .elementor-wrapper{aspect-ratio:var(--video-aspect-ratio)}.elementor-widget-video .elementor-wrapper iframe,.elementor-widget-video .elementor-wrapper video{height:100%;width:100%;display:flex;border:none;background-color:#000}@supports not (aspect-ratio:1\/1){.elementor-widget-video .elementor-wrapper{position:relative;overflow:hidden;height:0;padding-bottom:calc(100% \/ var(--video-aspect-ratio))}.elementor-widget-video .elementor-wrapper iframe,.elementor-widget-video .elementor-wrapper video{position:absolute;top:0;right:0;bottom:0;left:0}}.elementor-widget-video .elementor-open-inline .elementor-custom-embed-image-overlay{position:absolute;top:0;right:0;bottom:0;left:0;background-size:cover;background-position:50%}.elementor-widget-video .elementor-custom-embed-image-overlay{cursor:pointer;text-align:center}.elementor-widget-video .elementor-custom-embed-image-overlay:hover .elementor-custom-embed-play i{opacity:1}.elementor-widget-video .elementor-custom-embed-image-overlay img{display:block;width:100%;aspect-ratio:var(--video-aspect-ratio);-o-object-fit:cover;object-fit:cover;-o-object-position:center center;object-position:center center}@supports not (aspect-ratio:1\/1){.elementor-widget-video .elementor-custom-embed-image-overlay{position:relative;overflow:hidden;height:0;padding-bottom:calc(100% \/ var(--video-aspect-ratio))}.elementor-widget-video .elementor-custom-embed-image-overlay img{position:absolute;top:0;right:0;bottom:0;left:0}}.elementor-widget-video .e-hosted-video .elementor-video{-o-object-fit:cover;object-fit:cover}.e-con-inner>.elementor-widget-video,.e-con>.elementor-widget-video{width:var(--container-widget-width);--flex-grow:var(--container-widget-flex-grow)}<\/style>\t\t<div class=\"elementor-wrapper elementor-open-inline\">\n\t\t\t<div class=\"elementor-video\"><\/div>\t\t<\/div>\n\t\t\t\t<\/div>\n\t\t\t\t<\/div>\n\t\t\t\t\t<\/div>\n\t\t\t\t<\/div>\n\t\t<div class=\"elementor-element elementor-element-46a5c91 e-flex e-con-boxed e-con e-parent\" data-id=\"46a5c91\" data-element_type=\"container\" id=\"caratteristiche\">\n\t\t\t\t\t<div class=\"e-con-inner\">\n\t\t\t\t<div class=\"elementor-element elementor-element-7aea20b elementor-widget elementor-widget-text-editor\" data-id=\"7aea20b\" data-element_type=\"widget\" data-widget_type=\"text-editor.default\">\n\t\t\t\t<div class=\"elementor-widget-container\">\n\t\t\t<style>\/*! elementor - v3.21.0 - 08-05-2024 *\/\n.elementor-widget-text-editor.elementor-drop-cap-view-stacked .elementor-drop-cap{background-color:#69727d;color:#fff}.elementor-widget-text-editor.elementor-drop-cap-view-framed .elementor-drop-cap{color:#69727d;border:3px solid;background-color:transparent}.elementor-widget-text-editor:not(.elementor-drop-cap-view-default) .elementor-drop-cap{margin-top:8px}.elementor-widget-text-editor:not(.elementor-drop-cap-view-default) .elementor-drop-cap-letter{width:1em;height:1em}.elementor-widget-text-editor .elementor-drop-cap{float:left;text-align:center;line-height:1;font-size:50px}.elementor-widget-text-editor .elementor-drop-cap-letter{display:inline-block}<\/style>\t\t\t\t<h3 class=\"product-item-title\">Principio de funcionamiento<\/h3>\n<p>Alimentaci\u00f3n por cinta <strong>transportadora y grupo de posicionamiento de envases<\/strong> bajo las v\u00e1lvulas de llenado con sinf\u00edn de polizene y soportes de regulaci\u00f3n seg\u00fan el di\u00e1metro de los envases.<br \/>La <strong>cantidad<\/strong> de producto a rellenar es <strong>regulable<\/strong> a trav\u00e9s de panel del usuario dependiendo del tipo de frasco que se est\u00e1 elaborando.<\/p>\n<p>Una vez la operaci\u00f3n se finaliza, los frascos son trasladados de la <strong>cinta transportadora<\/strong>, que es la misma de la que alimenta las m\u00e1quinas sucesivas.<br \/>Despu\u00e9s de su puesta en marcha y la relativa regularizaci\u00f3n, <strong>la m\u00e1quina no necesita asistencia de un operador.<\/strong><\/p>\n\t\t\t\t\t\t<\/div>\n\t\t\t\t<\/div>\n\t\t\t\t\t<\/div>\n\t\t\t\t<\/div>\n\t\t<div class=\"elementor-element elementor-element-7bffd7d e-flex e-con-boxed e-con e-parent\" data-id=\"7bffd7d\" data-element_type=\"container\" data-settings=\"{&quot;background_background&quot;:&quot;classic&quot;}\">\n\t\t\t\t\t<div class=\"e-con-inner\">\n\t\t\t\t<div class=\"elementor-element elementor-element-a84dc14 elementor-widget elementor-widget-text-editor\" data-id=\"a84dc14\" data-element_type=\"widget\" data-widget_type=\"text-editor.default\">\n\t\t\t\t<div class=\"elementor-widget-container\">\n\t\t\t\t\t\t\t<h3 class=\"product-item-title\">Caracter\u00edsticas Constructivas<\/h3>\n<ul>\n<li><strong>Base<\/strong> con plancha de soporte en acero al carbono, estructura y revestimiento total con puerta de inspecci\u00f3n en acero inox.<\/li>\n<li>La base reagrupa el <strong>sistema de regularizaci\u00f3n<\/strong> en altura del grupo de llenado y el grupo tratamiento aire completo de electrov\u00e1lvulas.<\/li>\n<li><strong>N. 5 v\u00e1lvulas de llenado<\/strong> accionadas por cilindros neum\u00e1ticos para la bajada de las v\u00e1lvulas en los frascos y la sucesiva subida.<\/li>\n<li><strong>Tanque del producto<\/strong> con control nivel tr\u00e1mite sonda conectada a las v\u00e1lvulas tr\u00e1mite tubos flexibles.<\/li>\n<li><strong>Transportador<\/strong> con cadena table-top en acero inox montada sobre listones de material anti fricci\u00f3n, gu\u00edas de contenci\u00f3n regulables.<\/li>\n<li>El <strong>grupo dosificaci\u00f3n<\/strong> se puede regularizar seg\u00fan los frascos mediante un cilindro hidr\u00e1ulico con volante.<\/li>\n<li><strong>1 vis<\/strong> sin f\u00edn en dotaci\u00f3n para un formato de frascos.<\/li>\n<li><strong>Panel el\u00e9ctrico <\/strong>de control en acero inoxidable.\u2028 M\u00f3dulo para conexi\u00f3n remota<\/li>\n<li><strong>Protecci\u00f3n contra accidentes<\/strong> seg\u00fan las normas CE<\/li>\n<li>Realizaci\u00f3n de la m\u00e1quina en <strong>acero inox AISI 304<\/strong> con acabado externo \u201cscotch brite\u201d, excepto algunos detalles construidos con material diferente id\u00f3neo a su correcto funcionamiento.<\/li>\n<li>La m\u00e1quina se puede <strong>regular<\/strong> para trabajar formatos de envases con <strong>dimensiones diferentes. <\/strong><\/li>\n<\/ul>\n\t\t\t\t\t\t<\/div>\n\t\t\t\t<\/div>\n\t\t\t\t\t<\/div>\n\t\t\t\t<\/div>\n\t\t<div class=\"elementor-element elementor-element-29845a2 e-flex e-con-boxed e-con e-parent\" data-id=\"29845a2\" data-element_type=\"container\" data-settings=\"{&quot;background_background&quot;:&quot;classic&quot;}\">\n\t\t\t\t\t<div class=\"e-con-inner\">\n\t\t\t\t<div class=\"elementor-element elementor-element-a16b40d elementor-widget elementor-widget-heading\" data-id=\"a16b40d\" data-element_type=\"widget\" data-widget_type=\"heading.default\">\n\t\t\t\t<div class=\"elementor-widget-container\">\n\t\t\t<style>\/*! elementor - v3.21.0 - 08-05-2024 *\/\n.elementor-heading-title{padding:0;margin:0;line-height:1}.elementor-widget-heading .elementor-heading-title[class*=elementor-size-]>a{color:inherit;font-size:inherit;line-height:inherit}.elementor-widget-heading .elementor-heading-title.elementor-size-small{font-size:15px}.elementor-widget-heading .elementor-heading-title.elementor-size-medium{font-size:19px}.elementor-widget-heading .elementor-heading-title.elementor-size-large{font-size:29px}.elementor-widget-heading .elementor-heading-title.elementor-size-xl{font-size:39px}.elementor-widget-heading .elementor-heading-title.elementor-size-xxl{font-size:59px}<\/style><h4 class=\"elementor-heading-title elementor-size-default\">Datos T\u00e9cnicos<\/h4>\t\t<\/div>\n\t\t\t\t<\/div>\n\t\t\t\t<div class=\"elementor-element elementor-element-9dbb767 elementor-widget elementor-widget-ld_table\" data-id=\"9dbb767\" data-element_type=\"widget\" data-widget_type=\"ld_table.default\">\n\t\t\t\t<div class=\"elementor-widget-container\">\n\t\t\t<table><tr><td class=\"elementor-repeater-item-4be9d2e\">Capacidad<\/td><td class=\"elementor-repeater-item-485afe4\">2.500 frascos\/hora aprox. de 250 ml<\/td><\/tr><tr><td class=\"elementor-repeater-item-72c5074\">Dimensiones de los frascos<\/td><td class=\"elementor-repeater-item-0f05e35\">h min. = mm 50 <br>h max = mm 250<br>\u00d8 min. = mm 43<br>\u00d8 max = mm 107  <\/td><\/tr><tr><td class=\"elementor-repeater-item-94eec40\">Dimensiones frascos recorrido<\/td><td class=\"elementor-repeater-item-c7c5fd3\">\u00d8 max = mm 140 <br>h max = mm 250<\/td><\/tr><tr><td class=\"elementor-repeater-item-510be3e\">Longitud<\/td><td class=\"elementor-repeater-item-721abc6\">3.000 mm<\/td><\/tr><tr><td class=\"elementor-repeater-item-37c0e5b\">Anchura<\/td><td class=\"elementor-repeater-item-6409f1a\">1.100 mm<\/td><\/tr><tr><td class=\"elementor-repeater-item-d918673\">Potencia instalada<\/td><td class=\"elementor-repeater-item-3ab17d1\">kW 0,84 aprox.<\/td><\/tr><\/table>\t\t<\/div>\n\t\t\t\t<\/div>\n\t\t\t\t\t<\/div>\n\t\t\t\t<\/div>\n\t\t\t\t<\/div>\n\t\t","protected":false},"excerpt":{"rendered":"<p>Maquina id\u00f3nea al llenado de <strong>PRODUCTOS LIQUIDOS en frascos de vidrio, metal o PET<\/strong>.<br \/>\nAlimentaci\u00f3n tr\u00e1mite cinta transportadora y grupo de posici\u00f3n frascos bajo las v\u00e1lvulas de dosificaci\u00f3n con vis sinf\u00edn en polizene y soportes de regularizaci\u00f3n seg\u00fan el di\u00e1metro de los frascos.<\/p>\n<p><a class=\"pulsanterosso\" href=\"#caratteristiche\">Caracter\u00edsticas T\u00e9cnicas<\/a><\/p>\n","protected":false},"featured_media":9164,"template":"","meta":{"inline_featured_image":false},"product_cat":[98],"product_tag":[],"class_list":{"0":"post-10079","1":"product","2":"type-product","3":"status-publish","4":"has-post-thumbnail","6":"product_cat-dosadoras-lineales-y-rotativas","7":"pa_applicazione-productos-liquidos","8":"pa_funzionamento-automatico-es","9":"pa_settore-alimentario","11":"first","12":"instock","13":"shipping-taxable","14":"product-type-simple"},"yoast_head":"<!-- This site is optimized with the Yoast SEO plugin v22.7 - https:\/\/yoast.com\/wordpress\/plugins\/seo\/ -->\n<title>Llenadora Lineal Autom\u00e1tica por Gravedad Mod. RGL5 | STV Machinery<\/title>\n<meta name=\"description\" content=\"Nuestra Llenadora Lineal Autom\u00e1tica por Gravedad es una m\u00e1quina apta para el llenado de PRODUCTOS L\u00cdQUIDOS en envases de vidrio, metal o PET\" \/>\n<meta name=\"robots\" content=\"index, follow, max-snippet:-1, max-image-preview:large, max-video-preview:-1\" \/>\n<link rel=\"canonical\" href=\"https:\/\/www.stvmachinery.it\/es\/macchinari\/dosadoras-lineales-y-rotativas\/llenadora-lineal-automatica-por-gravedad-mod-rgl5\/\" \/>\n<meta property=\"og:locale\" content=\"es_ES\" \/>\n<meta property=\"og:type\" content=\"article\" \/>\n<meta property=\"og:title\" content=\"Llenadora Lineal Autom\u00e1tica por Gravedad Mod. RGL5 | STV Machinery\" \/>\n<meta property=\"og:description\" content=\"Nuestra Llenadora Lineal Autom\u00e1tica por Gravedad es una m\u00e1quina apta para el llenado de PRODUCTOS L\u00cdQUIDOS en envases de vidrio, metal o PET\" \/>\n<meta property=\"og:url\" content=\"https:\/\/www.stvmachinery.it\/es\/macchinari\/dosadoras-lineales-y-rotativas\/llenadora-lineal-automatica-por-gravedad-mod-rgl5\/\" \/>\n<meta property=\"og:site_name\" content=\"STV Machinery\" \/>\n<meta property=\"article:modified_time\" content=\"2025-11-24T15:09:19+00:00\" \/>\n<meta property=\"og:image\" content=\"https:\/\/www.stvmachinery.it\/wp-content\/uploads\/2024\/03\/Riempitrice-Automatica-Lineare-a-Gravita.webp\" \/>\n\t<meta property=\"og:image:width\" content=\"1200\" \/>\n\t<meta property=\"og:image:height\" content=\"1200\" \/>\n\t<meta property=\"og:image:type\" content=\"image\/webp\" \/>\n<meta name=\"twitter:card\" content=\"summary_large_image\" \/>\n<script type=\"application\/ld+json\" class=\"yoast-schema-graph\">{\"@context\":\"https:\/\/schema.org\",\"@graph\":[{\"@type\":\"WebPage\",\"@id\":\"https:\/\/www.stvmachinery.it\/es\/macchinari\/dosadoras-lineales-y-rotativas\/llenadora-lineal-automatica-por-gravedad-mod-rgl5\/\",\"url\":\"https:\/\/www.stvmachinery.it\/es\/macchinari\/dosadoras-lineales-y-rotativas\/llenadora-lineal-automatica-por-gravedad-mod-rgl5\/\",\"name\":\"Llenadora Lineal Autom\u00e1tica por Gravedad Mod. RGL5 | STV Machinery\",\"isPartOf\":{\"@id\":\"https:\/\/www.stvmachinery.it\/es\/#website\"},\"primaryImageOfPage\":{\"@id\":\"https:\/\/www.stvmachinery.it\/es\/macchinari\/dosadoras-lineales-y-rotativas\/llenadora-lineal-automatica-por-gravedad-mod-rgl5\/#primaryimage\"},\"image\":{\"@id\":\"https:\/\/www.stvmachinery.it\/es\/macchinari\/dosadoras-lineales-y-rotativas\/llenadora-lineal-automatica-por-gravedad-mod-rgl5\/#primaryimage\"},\"thumbnailUrl\":\"https:\/\/www.stvmachinery.it\/wp-content\/uploads\/2024\/03\/Riempitrice-Automatica-Lineare-a-Gravita.webp\",\"datePublished\":\"2024-03-22T15:24:52+00:00\",\"dateModified\":\"2025-11-24T15:09:19+00:00\",\"description\":\"Nuestra Llenadora Lineal Autom\u00e1tica por Gravedad es una m\u00e1quina apta para el llenado de PRODUCTOS L\u00cdQUIDOS en envases de vidrio, metal o PET\",\"breadcrumb\":{\"@id\":\"https:\/\/www.stvmachinery.it\/es\/macchinari\/dosadoras-lineales-y-rotativas\/llenadora-lineal-automatica-por-gravedad-mod-rgl5\/#breadcrumb\"},\"inLanguage\":\"es\",\"potentialAction\":[{\"@type\":\"ReadAction\",\"target\":[\"https:\/\/www.stvmachinery.it\/es\/macchinari\/dosadoras-lineales-y-rotativas\/llenadora-lineal-automatica-por-gravedad-mod-rgl5\/\"]}]},{\"@type\":\"ImageObject\",\"inLanguage\":\"es\",\"@id\":\"https:\/\/www.stvmachinery.it\/es\/macchinari\/dosadoras-lineales-y-rotativas\/llenadora-lineal-automatica-por-gravedad-mod-rgl5\/#primaryimage\",\"url\":\"https:\/\/www.stvmachinery.it\/wp-content\/uploads\/2024\/03\/Riempitrice-Automatica-Lineare-a-Gravita.webp\",\"contentUrl\":\"https:\/\/www.stvmachinery.it\/wp-content\/uploads\/2024\/03\/Riempitrice-Automatica-Lineare-a-Gravita.webp\",\"width\":1200,\"height\":1200},{\"@type\":\"BreadcrumbList\",\"@id\":\"https:\/\/www.stvmachinery.it\/es\/macchinari\/dosadoras-lineales-y-rotativas\/llenadora-lineal-automatica-por-gravedad-mod-rgl5\/#breadcrumb\",\"itemListElement\":[{\"@type\":\"ListItem\",\"position\":1,\"name\":\"Home\",\"item\":\"https:\/\/www.stvmachinery.it\/es\/stv-machinery\/\"},{\"@type\":\"ListItem\",\"position\":2,\"name\":\"Maquinaria\",\"item\":\"https:\/\/www.stvmachinery.it\/es\/maquinaria\/\"},{\"@type\":\"ListItem\",\"position\":3,\"name\":\"Llenadora Lineal Autom\u00e1tica por Gravedad Mod. RGL5\"}]},{\"@type\":\"WebSite\",\"@id\":\"https:\/\/www.stvmachinery.it\/es\/#website\",\"url\":\"https:\/\/www.stvmachinery.it\/es\/\",\"name\":\"STV Machinery\",\"description\":\"Macchine ed impianti per l\u2019industria agroalimentare e conserviera\",\"publisher\":{\"@id\":\"https:\/\/www.stvmachinery.it\/es\/#organization\"},\"potentialAction\":[{\"@type\":\"SearchAction\",\"target\":{\"@type\":\"EntryPoint\",\"urlTemplate\":\"https:\/\/www.stvmachinery.it\/es\/?s={search_term_string}\"},\"query-input\":\"required name=search_term_string\"}],\"inLanguage\":\"es\"},{\"@type\":\"Organization\",\"@id\":\"https:\/\/www.stvmachinery.it\/es\/#organization\",\"name\":\"S.T.V. di Salati Giovanni & C. \u2013 S.n.c.\",\"alternateName\":\"STV Machinery\",\"url\":\"https:\/\/www.stvmachinery.it\/es\/\",\"logo\":{\"@type\":\"ImageObject\",\"inLanguage\":\"es\",\"@id\":\"https:\/\/www.stvmachinery.it\/es\/#\/schema\/logo\/image\/\",\"url\":\"https:\/\/www.stvmachinery.it\/wp-content\/uploads\/2021\/06\/stv-machinery-logo-positivo.png\",\"contentUrl\":\"https:\/\/www.stvmachinery.it\/wp-content\/uploads\/2021\/06\/stv-machinery-logo-positivo.png\",\"width\":481,\"height\":233,\"caption\":\"S.T.V. di Salati Giovanni & C. \u2013 S.n.c.\"},\"image\":{\"@id\":\"https:\/\/www.stvmachinery.it\/es\/#\/schema\/logo\/image\/\"},\"sameAs\":[\"https:\/\/it.linkedin.com\/company\/stv-machinery\",\"https:\/\/www.youtube.com\/channel\/UCceMPa8POjTOmZeA2_KUoeg\"]}]}<\/script>\n<!-- \/ Yoast SEO plugin. -->","yoast_head_json":{"title":"Llenadora Lineal Autom\u00e1tica por Gravedad Mod. RGL5 | STV Machinery","description":"Nuestra Llenadora Lineal Autom\u00e1tica por Gravedad es una m\u00e1quina apta para el llenado de PRODUCTOS L\u00cdQUIDOS en envases de vidrio, metal o PET","robots":{"index":"index","follow":"follow","max-snippet":"max-snippet:-1","max-image-preview":"max-image-preview:large","max-video-preview":"max-video-preview:-1"},"canonical":"https:\/\/www.stvmachinery.it\/es\/macchinari\/dosadoras-lineales-y-rotativas\/llenadora-lineal-automatica-por-gravedad-mod-rgl5\/","og_locale":"es_ES","og_type":"article","og_title":"Llenadora Lineal Autom\u00e1tica por Gravedad Mod. RGL5 | STV Machinery","og_description":"Nuestra Llenadora Lineal Autom\u00e1tica por Gravedad es una m\u00e1quina apta para el llenado de PRODUCTOS L\u00cdQUIDOS en envases de vidrio, metal o PET","og_url":"https:\/\/www.stvmachinery.it\/es\/macchinari\/dosadoras-lineales-y-rotativas\/llenadora-lineal-automatica-por-gravedad-mod-rgl5\/","og_site_name":"STV Machinery","article_modified_time":"2025-11-24T15:09:19+00:00","og_image":[{"width":1200,"height":1200,"url":"https:\/\/www.stvmachinery.it\/wp-content\/uploads\/2024\/03\/Riempitrice-Automatica-Lineare-a-Gravita.webp","type":"image\/webp"}],"twitter_card":"summary_large_image","schema":{"@context":"https:\/\/schema.org","@graph":[{"@type":"WebPage","@id":"https:\/\/www.stvmachinery.it\/es\/macchinari\/dosadoras-lineales-y-rotativas\/llenadora-lineal-automatica-por-gravedad-mod-rgl5\/","url":"https:\/\/www.stvmachinery.it\/es\/macchinari\/dosadoras-lineales-y-rotativas\/llenadora-lineal-automatica-por-gravedad-mod-rgl5\/","name":"Llenadora Lineal Autom\u00e1tica por Gravedad Mod. RGL5 | STV Machinery","isPartOf":{"@id":"https:\/\/www.stvmachinery.it\/es\/#website"},"primaryImageOfPage":{"@id":"https:\/\/www.stvmachinery.it\/es\/macchinari\/dosadoras-lineales-y-rotativas\/llenadora-lineal-automatica-por-gravedad-mod-rgl5\/#primaryimage"},"image":{"@id":"https:\/\/www.stvmachinery.it\/es\/macchinari\/dosadoras-lineales-y-rotativas\/llenadora-lineal-automatica-por-gravedad-mod-rgl5\/#primaryimage"},"thumbnailUrl":"https:\/\/www.stvmachinery.it\/wp-content\/uploads\/2024\/03\/Riempitrice-Automatica-Lineare-a-Gravita.webp","datePublished":"2024-03-22T15:24:52+00:00","dateModified":"2025-11-24T15:09:19+00:00","description":"Nuestra Llenadora Lineal Autom\u00e1tica por Gravedad es una m\u00e1quina apta para el llenado de PRODUCTOS L\u00cdQUIDOS en envases de vidrio, metal o PET","breadcrumb":{"@id":"https:\/\/www.stvmachinery.it\/es\/macchinari\/dosadoras-lineales-y-rotativas\/llenadora-lineal-automatica-por-gravedad-mod-rgl5\/#breadcrumb"},"inLanguage":"es","potentialAction":[{"@type":"ReadAction","target":["https:\/\/www.stvmachinery.it\/es\/macchinari\/dosadoras-lineales-y-rotativas\/llenadora-lineal-automatica-por-gravedad-mod-rgl5\/"]}]},{"@type":"ImageObject","inLanguage":"es","@id":"https:\/\/www.stvmachinery.it\/es\/macchinari\/dosadoras-lineales-y-rotativas\/llenadora-lineal-automatica-por-gravedad-mod-rgl5\/#primaryimage","url":"https:\/\/www.stvmachinery.it\/wp-content\/uploads\/2024\/03\/Riempitrice-Automatica-Lineare-a-Gravita.webp","contentUrl":"https:\/\/www.stvmachinery.it\/wp-content\/uploads\/2024\/03\/Riempitrice-Automatica-Lineare-a-Gravita.webp","width":1200,"height":1200},{"@type":"BreadcrumbList","@id":"https:\/\/www.stvmachinery.it\/es\/macchinari\/dosadoras-lineales-y-rotativas\/llenadora-lineal-automatica-por-gravedad-mod-rgl5\/#breadcrumb","itemListElement":[{"@type":"ListItem","position":1,"name":"Home","item":"https:\/\/www.stvmachinery.it\/es\/stv-machinery\/"},{"@type":"ListItem","position":2,"name":"Maquinaria","item":"https:\/\/www.stvmachinery.it\/es\/maquinaria\/"},{"@type":"ListItem","position":3,"name":"Llenadora Lineal Autom\u00e1tica por Gravedad Mod. RGL5"}]},{"@type":"WebSite","@id":"https:\/\/www.stvmachinery.it\/es\/#website","url":"https:\/\/www.stvmachinery.it\/es\/","name":"STV Machinery","description":"Macchine ed impianti per l\u2019industria agroalimentare e conserviera","publisher":{"@id":"https:\/\/www.stvmachinery.it\/es\/#organization"},"potentialAction":[{"@type":"SearchAction","target":{"@type":"EntryPoint","urlTemplate":"https:\/\/www.stvmachinery.it\/es\/?s={search_term_string}"},"query-input":"required name=search_term_string"}],"inLanguage":"es"},{"@type":"Organization","@id":"https:\/\/www.stvmachinery.it\/es\/#organization","name":"S.T.V. di Salati Giovanni & C. \u2013 S.n.c.","alternateName":"STV Machinery","url":"https:\/\/www.stvmachinery.it\/es\/","logo":{"@type":"ImageObject","inLanguage":"es","@id":"https:\/\/www.stvmachinery.it\/es\/#\/schema\/logo\/image\/","url":"https:\/\/www.stvmachinery.it\/wp-content\/uploads\/2021\/06\/stv-machinery-logo-positivo.png","contentUrl":"https:\/\/www.stvmachinery.it\/wp-content\/uploads\/2021\/06\/stv-machinery-logo-positivo.png","width":481,"height":233,"caption":"S.T.V. di Salati Giovanni & C. \u2013 S.n.c."},"image":{"@id":"https:\/\/www.stvmachinery.it\/es\/#\/schema\/logo\/image\/"},"sameAs":["https:\/\/it.linkedin.com\/company\/stv-machinery","https:\/\/www.youtube.com\/channel\/UCceMPa8POjTOmZeA2_KUoeg"]}]}},"_links":{"self":[{"href":"https:\/\/www.stvmachinery.it\/es\/wp-json\/wp\/v2\/product\/10079","targetHints":{"allow":["GET"]}}],"collection":[{"href":"https:\/\/www.stvmachinery.it\/es\/wp-json\/wp\/v2\/product"}],"about":[{"href":"https:\/\/www.stvmachinery.it\/es\/wp-json\/wp\/v2\/types\/product"}],"version-history":[{"count":9,"href":"https:\/\/www.stvmachinery.it\/es\/wp-json\/wp\/v2\/product\/10079\/revisions"}],"predecessor-version":[{"id":11363,"href":"https:\/\/www.stvmachinery.it\/es\/wp-json\/wp\/v2\/product\/10079\/revisions\/11363"}],"wp:featuredmedia":[{"embeddable":true,"href":"https:\/\/www.stvmachinery.it\/es\/wp-json\/wp\/v2\/media\/9164"}],"wp:attachment":[{"href":"https:\/\/www.stvmachinery.it\/es\/wp-json\/wp\/v2\/media?parent=10079"}],"wp:term":[{"taxonomy":"product_cat","embeddable":true,"href":"https:\/\/www.stvmachinery.it\/es\/wp-json\/wp\/v2\/product_cat?post=10079"},{"taxonomy":"product_tag","embeddable":true,"href":"https:\/\/www.stvmachinery.it\/es\/wp-json\/wp\/v2\/product_tag?post=10079"}],"curies":[{"name":"wp","href":"https:\/\/api.w.org\/{rel}","templated":true}]}}