{"id":10088,"date":"2024-03-22T10:46:59","date_gmt":"2024-03-22T09:46:59","guid":{"rendered":"https:\/\/www.stvmachinery.it\/macchinari\/sin%20categor\u00eda\/dosador-volumetrico-lineal-mod-dvl-ut-con-valvulas-de-sumersion\/"},"modified":"2025-11-24T15:37:35","modified_gmt":"2025-11-24T14:37:35","slug":"dosador-volumetrico-lineal-mod-dvl-ut-con-valvulas-de-sumersion","status":"publish","type":"product","link":"https:\/\/www.stvmachinery.it\/es\/macchinari\/dosadoras-lineales-y-rotativas\/dosador-volumetrico-lineal-mod-dvl-ut-con-valvulas-de-sumersion\/","title":{"rendered":"Dosador Volum\u00e9trico Lineal Mod. DVL-UT con V\u00e1lvulas de Sumersion"},"content":{"rendered":"\t\t<div data-elementor-type=\"product-post\" data-elementor-id=\"10088\" class=\"elementor elementor-10088 elementor-8414\" data-elementor-post-type=\"product\">\n\t\t\t\t<div class=\"elementor-element elementor-element-46a5c91 e-flex e-con-boxed e-con e-parent\" data-id=\"46a5c91\" data-element_type=\"container\" id=\"caratteristiche\">\n\t\t\t\t\t<div class=\"e-con-inner\">\n\t\t\t\t<div class=\"elementor-element elementor-element-7aea20b elementor-widget elementor-widget-text-editor\" data-id=\"7aea20b\" data-element_type=\"widget\" data-widget_type=\"text-editor.default\">\n\t\t\t\t<div class=\"elementor-widget-container\">\n\t\t\t<style>\/*! elementor - v3.21.0 - 08-05-2024 *\/\n.elementor-widget-text-editor.elementor-drop-cap-view-stacked .elementor-drop-cap{background-color:#69727d;color:#fff}.elementor-widget-text-editor.elementor-drop-cap-view-framed .elementor-drop-cap{color:#69727d;border:3px solid;background-color:transparent}.elementor-widget-text-editor:not(.elementor-drop-cap-view-default) .elementor-drop-cap{margin-top:8px}.elementor-widget-text-editor:not(.elementor-drop-cap-view-default) .elementor-drop-cap-letter{width:1em;height:1em}.elementor-widget-text-editor .elementor-drop-cap{float:left;text-align:center;line-height:1;font-size:50px}.elementor-widget-text-editor .elementor-drop-cap-letter{display:inline-block}<\/style>\t\t\t\t<h3 class=\"product-item-title\">Principio de funcionamiento<\/h3>\n<p>Alimentaci\u00f3n de contenedores mediante cinta transportadora y grupo de posicionamiento bajo las v\u00e1lvulas de dosificaci\u00f3n con sinf\u00edn de polizene y soportes de regulaci\u00f3n seg\u00fan el di\u00e1metro de los contenedores.<br \/>Al final del llenado, los recipientes son trasladados por la cinta transportadora, que tambi\u00e9n es la de alimentaci\u00f3n, a las siguientes m\u00e1quinas.<\/p>\n<p>Los pistones dosificadores, act\u00faan en el proceso predeterminado e indicado electr\u00f3nicamente del panel operador con <strong>display LCD pantalla t\u00e1ctil a color de 6\u2019\u2019<\/strong>.Funcionan como aspiradores del producto del tanque y lo empujan, tr\u00e1mite las v\u00e1lvulas desviadoras hacia las segundas v\u00e1lvulas que se sumergen para llenar desde el fondo del frasco, a fin de <strong>evitar formaci\u00f3n de burbujas de aire durante el llenado<\/strong> de productos viscosos tipo, mayonesas, salsas densas, etc, adem\u00e1s de salpicaduras durante el llenado de producto liquido tipo zumo de fruta, n\u00e9ctares, etc.<\/p>\n<p>Las v\u00e1lvulas que se sumergen est\u00e1n dotadas de un dispositivo que consiente vaciar completamente las boquillas evitando que el producto se quede en espera. Las mismas efect\u00faan el llenado desde el fondo y se conectan a un ejecutor mec\u00e1nico accionado por un motor brushless, esto permite regular su velocidad seg\u00fan el tipo de producto\/frasco que se est\u00e1 elaborando.<br \/>La <strong>cantidad del producto dosificado se configura desde el cuadro el\u00e9ctrico<\/strong> seg\u00fan las instrucciones preestablecidas y en base al tipo de frasco que se est\u00e1 elaborando. La precisi\u00f3n de la dosis puede ser alcanzada, si es necesario, interviniendo en el panel operador, <strong>aunque est\u00e9 en movimiento.<\/strong>  <\/p>\n\t\t\t\t\t\t<\/div>\n\t\t\t\t<\/div>\n\t\t\t\t\t<\/div>\n\t\t\t\t<\/div>\n\t\t<div class=\"elementor-element elementor-element-7bffd7d e-flex e-con-boxed e-con e-parent\" data-id=\"7bffd7d\" data-element_type=\"container\">\n\t\t\t\t\t<div class=\"e-con-inner\">\n\t\t\t\t<div class=\"elementor-element elementor-element-a84dc14 elementor-widget elementor-widget-text-editor\" data-id=\"a84dc14\" data-element_type=\"widget\" data-widget_type=\"text-editor.default\">\n\t\t\t\t<div class=\"elementor-widget-container\">\n\t\t\t\t\t\t\t<h3 class=\"product-item-title\">Caracter\u00edsticas Constructivas<\/h3>\n<ul>\n<li>Base con plancha de soporte en acero al carbonio, estructura y revestimiento total con puerta de inspecci\u00f2n en acero inox.<\/li>\n<li>Fabricada en <strong>acero inox AISI 304<\/strong>. <br \/>Partes en contacto con el producto en <strong>acero inox AISI 316<\/strong>, excepto el grifo fabricado en material especial id\u00f2neo al contacto con los alimentos.<\/li>\n<li>Tanque del producto en forma U con control nivel tr\u00e0mite sonda.<\/li>\n<li>Grupos dosificadores compuestos por cabezales con v\u00e1lvulas desviadoras y cilindros coaxiales con sus pistones y actuadores mec\u00e1nicos accionados por motores brushless. En la versi\u00f3n con 2 grupos dosificadores, la altura de los grupos dosificadores es <strong>regulable en altura<\/strong> mediante un gato electromec\u00e1nico seg\u00fan el formato de los contenedores.<\/li>\n<li><strong>Cinta transportadora con cadena table-top<\/strong> en a acero inox montada sobre tiras en material anti fricci\u00f2n y guias de contenci\u00f2n regulable.<\/li>\n<li>Un vis sin fin en dotaci\u00f2n para un formato envase.<\/li>\n<li>Cuadro el\u00e9ctrico de mandos en acero inox.<\/li>\n<li><strong>Protecci\u00f3n contra accidentes<\/strong> seg\u00fan las normas CE<\/li>\n<\/ul>\n<p>A pedido y seg\u00f9n la tipologia de producto, la m\u00e0quina puede ser dotada inclusive de agitador horizontal y\/o grupo dosage del aceite (para pesto, pat\u00e8, etc.) a fin de evitar la oxidaci\u00f2n del producto).<\/p>\n\t\t\t\t\t\t<\/div>\n\t\t\t\t<\/div>\n\t\t\t\t\t<\/div>\n\t\t\t\t<\/div>\n\t\t<div class=\"elementor-element elementor-element-c7ed517 e-flex e-con-boxed e-con e-parent\" data-id=\"c7ed517\" data-element_type=\"container\" data-settings=\"{&quot;background_background&quot;:&quot;classic&quot;}\">\n\t\t\t\t\t<div class=\"e-con-inner\">\n\t\t\t\t<div class=\"elementor-element elementor-element-116f8a5 elementor-widget elementor-widget-heading\" data-id=\"116f8a5\" data-element_type=\"widget\" data-widget_type=\"heading.default\">\n\t\t\t\t<div class=\"elementor-widget-container\">\n\t\t\t<style>\/*! elementor - v3.21.0 - 08-05-2024 *\/\n.elementor-heading-title{padding:0;margin:0;line-height:1}.elementor-widget-heading .elementor-heading-title[class*=elementor-size-]>a{color:inherit;font-size:inherit;line-height:inherit}.elementor-widget-heading .elementor-heading-title.elementor-size-small{font-size:15px}.elementor-widget-heading .elementor-heading-title.elementor-size-medium{font-size:19px}.elementor-widget-heading .elementor-heading-title.elementor-size-large{font-size:29px}.elementor-widget-heading .elementor-heading-title.elementor-size-xl{font-size:39px}.elementor-widget-heading .elementor-heading-title.elementor-size-xxl{font-size:59px}<\/style><h4 class=\"elementor-heading-title elementor-size-default\">Modelos<\/h4>\t\t<\/div>\n\t\t\t\t<\/div>\n\t\t\t\t<div class=\"elementor-element elementor-element-d9120d9 elementor-widget elementor-widget-text-editor\" data-id=\"d9120d9\" data-element_type=\"widget\" data-widget_type=\"text-editor.default\">\n\t\t\t\t<div class=\"elementor-widget-container\">\n\t\t\t\t\t\t\t<p>La m\u00e1quina es disponible en los siguientes modelos<\/p>\n<ul>\n<li><strong>Mod. DVL2-UT <\/strong> (con 2 grupos dosificadores) para una capacidad de 4.500 frascos\/hora de 100 gr (productos densos y semi densos) \/ 2.500 frascos\/hora de 100 gr (productos liquidos)<\/li>\n<li><strong>Mod. DVL3-UT <\/strong> (con 3 grupos dosificadores) para una capacidad de 5.500 frascos\/hora de 100 gr (productos densos y semi densos) \/ 3.500 frascos\/hora de 100 gr (productos liquidos)<\/li>\n<li><strong>Mod. DVL4-UT <\/strong> (con 4 grupos dosificadores) para una capacidad de 6.500 frascos\/hora de 100 gr (productos densos y semi densos) \/ 4.500 frascos\/hora de 100 gr (productos liquidos)<\/li>\n<li><strong>Mod. DVL6-UT <\/strong> (con 6 grupos dosificadores) para una capacidad de 8.500 frascos\/hora de 100 gr (productos densos y semi densos) \/ 5.500 frascos\/hora de 100 gr (productos liquidos)<\/li>\n<li><strong>Mod. DVL8-UT <\/strong> (con 8 grupos dosificadores) para una capacidad de 9.500 frascos\/hora de 100 gr (productos densos y semi densos) \/ 6.500 frascos\/hora de 100 gr (productos liquidos)<\/li>\n<\/ul>\n\t\t\t\t\t\t<\/div>\n\t\t\t\t<\/div>\n\t\t\t\t\t<\/div>\n\t\t\t\t<\/div>\n\t\t<div class=\"elementor-element elementor-element-b862990 e-flex e-con-boxed e-con e-parent\" data-id=\"b862990\" data-element_type=\"container\" data-settings=\"{&quot;background_background&quot;:&quot;classic&quot;}\">\n\t\t\t\t\t<div class=\"e-con-inner\">\n\t\t\t\t<div class=\"elementor-element elementor-element-bb5a09f elementor-widget elementor-widget-heading\" data-id=\"bb5a09f\" data-element_type=\"widget\" data-widget_type=\"heading.default\">\n\t\t\t\t<div class=\"elementor-widget-container\">\n\t\t\t<h4 class=\"elementor-heading-title elementor-size-default\">Video<\/h4>\t\t<\/div>\n\t\t\t\t<\/div>\n\t\t\t\t<div class=\"elementor-element elementor-element-8326f34 elementor-widget elementor-widget-video\" data-id=\"8326f34\" data-element_type=\"widget\" data-settings=\"{&quot;youtube_url&quot;:&quot;https:\\\/\\\/youtu.be\\\/qGYJOXgGhEE&quot;,&quot;video_type&quot;:&quot;youtube&quot;,&quot;controls&quot;:&quot;yes&quot;}\" data-widget_type=\"video.default\">\n\t\t\t\t<div class=\"elementor-widget-container\">\n\t\t\t<style>\/*! elementor - v3.21.0 - 08-05-2024 *\/\n.elementor-widget-video .elementor-widget-container{overflow:hidden;transform:translateZ(0)}.elementor-widget-video .elementor-wrapper{aspect-ratio:var(--video-aspect-ratio)}.elementor-widget-video .elementor-wrapper iframe,.elementor-widget-video .elementor-wrapper video{height:100%;width:100%;display:flex;border:none;background-color:#000}@supports not (aspect-ratio:1\/1){.elementor-widget-video .elementor-wrapper{position:relative;overflow:hidden;height:0;padding-bottom:calc(100% \/ var(--video-aspect-ratio))}.elementor-widget-video .elementor-wrapper iframe,.elementor-widget-video .elementor-wrapper video{position:absolute;top:0;right:0;bottom:0;left:0}}.elementor-widget-video .elementor-open-inline .elementor-custom-embed-image-overlay{position:absolute;top:0;right:0;bottom:0;left:0;background-size:cover;background-position:50%}.elementor-widget-video .elementor-custom-embed-image-overlay{cursor:pointer;text-align:center}.elementor-widget-video .elementor-custom-embed-image-overlay:hover .elementor-custom-embed-play i{opacity:1}.elementor-widget-video .elementor-custom-embed-image-overlay img{display:block;width:100%;aspect-ratio:var(--video-aspect-ratio);-o-object-fit:cover;object-fit:cover;-o-object-position:center center;object-position:center center}@supports not (aspect-ratio:1\/1){.elementor-widget-video .elementor-custom-embed-image-overlay{position:relative;overflow:hidden;height:0;padding-bottom:calc(100% \/ var(--video-aspect-ratio))}.elementor-widget-video .elementor-custom-embed-image-overlay img{position:absolute;top:0;right:0;bottom:0;left:0}}.elementor-widget-video .e-hosted-video .elementor-video{-o-object-fit:cover;object-fit:cover}.e-con-inner>.elementor-widget-video,.e-con>.elementor-widget-video{width:var(--container-widget-width);--flex-grow:var(--container-widget-flex-grow)}<\/style>\t\t<div class=\"elementor-wrapper elementor-open-inline\">\n\t\t\t<div class=\"elementor-video\"><\/div>\t\t<\/div>\n\t\t\t\t<\/div>\n\t\t\t\t<\/div>\n\t\t\t\t\t<\/div>\n\t\t\t\t<\/div>\n\t\t\t\t<\/div>\n\t\t","protected":false},"excerpt":{"rendered":"<p>M\u00e1quina proyectada al <strong>llenado de productos densos o semi densos<\/strong> (salsas, cremas, pat\u00e9s, pesto genov\u00e9s, mayonesas, concentrado de tomate, mermelada, confitura, miel, etc) <strong>en frascos de vidrio, lata o PET<\/strong>.<\/p>\n<p><a class=\"pulsanterosso\" href=\"#caratteristiche\">Caracter\u00edsticas T\u00e9cnicas<\/a><\/p>\n","protected":false},"featured_media":9122,"template":"","meta":{"inline_featured_image":false},"product_cat":[98],"product_tag":[],"class_list":{"0":"post-10088","1":"product","2":"type-product","3":"status-publish","4":"has-post-thumbnail","6":"product_cat-dosadoras-lineales-y-rotativas","7":"pa_applicazione-productos-densos-y-semi-densos","8":"pa_funzionamento-automatico-es","9":"pa_settore-alimentario","10":"pa_settore-cosmetica-y-detergencia-es","11":"pa_settore-quimica-y-fertilizantes","13":"first","14":"instock","15":"shipping-taxable","16":"product-type-simple"},"yoast_head":"<!-- This site is optimized with the Yoast SEO plugin v22.7 - https:\/\/yoast.com\/wordpress\/plugins\/seo\/ -->\n<title>Dosador Volum\u00e9trico Lineal Mod. DVL-UT con V\u00e1lvulas de Sumersion | STV Machinery<\/title>\n<meta name=\"description\" content=\"El Dosador Volum\u00e9trico Lineal de STV Machinery es una m\u00e1quina adecuada para el llenado de productos densos y semidensos en envases de vidrio, metal o PET.\" \/>\n<meta name=\"robots\" content=\"index, follow, max-snippet:-1, max-image-preview:large, max-video-preview:-1\" \/>\n<link rel=\"canonical\" href=\"https:\/\/www.stvmachinery.it\/es\/macchinari\/dosadoras-lineales-y-rotativas\/dosador-volumetrico-lineal-mod-dvl-ut-con-valvulas-de-sumersion\/\" \/>\n<meta property=\"og:locale\" content=\"es_ES\" \/>\n<meta property=\"og:type\" content=\"article\" \/>\n<meta property=\"og:title\" content=\"Dosador Volum\u00e9trico Lineal Mod. DVL-UT con V\u00e1lvulas de Sumersion | STV Machinery\" \/>\n<meta property=\"og:description\" content=\"El Dosador Volum\u00e9trico Lineal de STV Machinery es una m\u00e1quina adecuada para el llenado de productos densos y semidensos en envases de vidrio, metal o PET.\" \/>\n<meta property=\"og:url\" content=\"https:\/\/www.stvmachinery.it\/es\/macchinari\/dosadoras-lineales-y-rotativas\/dosador-volumetrico-lineal-mod-dvl-ut-con-valvulas-de-sumersion\/\" \/>\n<meta property=\"og:site_name\" content=\"STV Machinery\" \/>\n<meta property=\"article:modified_time\" content=\"2025-11-24T14:37:35+00:00\" \/>\n<meta property=\"og:image\" content=\"https:\/\/www.stvmachinery.it\/wp-content\/uploads\/2024\/03\/Dosatore-Volumetrico-Lineare-Mod.-DVL-UT.webp\" \/>\n\t<meta property=\"og:image:width\" content=\"1200\" \/>\n\t<meta property=\"og:image:height\" content=\"1200\" \/>\n\t<meta property=\"og:image:type\" content=\"image\/webp\" \/>\n<meta name=\"twitter:card\" content=\"summary_large_image\" \/>\n<meta name=\"twitter:label1\" content=\"Tiempo de lectura\" \/>\n\t<meta name=\"twitter:data1\" content=\"3 minutos\" \/>\n<script type=\"application\/ld+json\" class=\"yoast-schema-graph\">{\"@context\":\"https:\/\/schema.org\",\"@graph\":[{\"@type\":\"WebPage\",\"@id\":\"https:\/\/www.stvmachinery.it\/es\/macchinari\/dosadoras-lineales-y-rotativas\/dosador-volumetrico-lineal-mod-dvl-ut-con-valvulas-de-sumersion\/\",\"url\":\"https:\/\/www.stvmachinery.it\/es\/macchinari\/dosadoras-lineales-y-rotativas\/dosador-volumetrico-lineal-mod-dvl-ut-con-valvulas-de-sumersion\/\",\"name\":\"Dosador Volum\u00e9trico Lineal Mod. DVL-UT con V\u00e1lvulas de Sumersion | STV Machinery\",\"isPartOf\":{\"@id\":\"https:\/\/www.stvmachinery.it\/es\/#website\"},\"primaryImageOfPage\":{\"@id\":\"https:\/\/www.stvmachinery.it\/es\/macchinari\/dosadoras-lineales-y-rotativas\/dosador-volumetrico-lineal-mod-dvl-ut-con-valvulas-de-sumersion\/#primaryimage\"},\"image\":{\"@id\":\"https:\/\/www.stvmachinery.it\/es\/macchinari\/dosadoras-lineales-y-rotativas\/dosador-volumetrico-lineal-mod-dvl-ut-con-valvulas-de-sumersion\/#primaryimage\"},\"thumbnailUrl\":\"https:\/\/www.stvmachinery.it\/wp-content\/uploads\/2024\/03\/Dosatore-Volumetrico-Lineare-Mod.-DVL-UT.webp\",\"datePublished\":\"2024-03-22T09:46:59+00:00\",\"dateModified\":\"2025-11-24T14:37:35+00:00\",\"description\":\"El Dosador Volum\u00e9trico Lineal de STV Machinery es una m\u00e1quina adecuada para el llenado de productos densos y semidensos en envases de vidrio, metal o PET.\",\"breadcrumb\":{\"@id\":\"https:\/\/www.stvmachinery.it\/es\/macchinari\/dosadoras-lineales-y-rotativas\/dosador-volumetrico-lineal-mod-dvl-ut-con-valvulas-de-sumersion\/#breadcrumb\"},\"inLanguage\":\"es\",\"potentialAction\":[{\"@type\":\"ReadAction\",\"target\":[\"https:\/\/www.stvmachinery.it\/es\/macchinari\/dosadoras-lineales-y-rotativas\/dosador-volumetrico-lineal-mod-dvl-ut-con-valvulas-de-sumersion\/\"]}]},{\"@type\":\"ImageObject\",\"inLanguage\":\"es\",\"@id\":\"https:\/\/www.stvmachinery.it\/es\/macchinari\/dosadoras-lineales-y-rotativas\/dosador-volumetrico-lineal-mod-dvl-ut-con-valvulas-de-sumersion\/#primaryimage\",\"url\":\"https:\/\/www.stvmachinery.it\/wp-content\/uploads\/2024\/03\/Dosatore-Volumetrico-Lineare-Mod.-DVL-UT.webp\",\"contentUrl\":\"https:\/\/www.stvmachinery.it\/wp-content\/uploads\/2024\/03\/Dosatore-Volumetrico-Lineare-Mod.-DVL-UT.webp\",\"width\":1200,\"height\":1200},{\"@type\":\"BreadcrumbList\",\"@id\":\"https:\/\/www.stvmachinery.it\/es\/macchinari\/dosadoras-lineales-y-rotativas\/dosador-volumetrico-lineal-mod-dvl-ut-con-valvulas-de-sumersion\/#breadcrumb\",\"itemListElement\":[{\"@type\":\"ListItem\",\"position\":1,\"name\":\"Home\",\"item\":\"https:\/\/www.stvmachinery.it\/es\/stv-machinery\/\"},{\"@type\":\"ListItem\",\"position\":2,\"name\":\"Maquinaria\",\"item\":\"https:\/\/www.stvmachinery.it\/es\/maquinaria\/\"},{\"@type\":\"ListItem\",\"position\":3,\"name\":\"Dosador Volum\u00e9trico Lineal Mod. DVL-UT con V\u00e1lvulas de Sumersion\"}]},{\"@type\":\"WebSite\",\"@id\":\"https:\/\/www.stvmachinery.it\/es\/#website\",\"url\":\"https:\/\/www.stvmachinery.it\/es\/\",\"name\":\"STV Machinery\",\"description\":\"Macchine ed impianti per l\u2019industria agroalimentare e conserviera\",\"publisher\":{\"@id\":\"https:\/\/www.stvmachinery.it\/es\/#organization\"},\"potentialAction\":[{\"@type\":\"SearchAction\",\"target\":{\"@type\":\"EntryPoint\",\"urlTemplate\":\"https:\/\/www.stvmachinery.it\/es\/?s={search_term_string}\"},\"query-input\":\"required name=search_term_string\"}],\"inLanguage\":\"es\"},{\"@type\":\"Organization\",\"@id\":\"https:\/\/www.stvmachinery.it\/es\/#organization\",\"name\":\"S.T.V. di Salati Giovanni & C. \u2013 S.n.c.\",\"alternateName\":\"STV Machinery\",\"url\":\"https:\/\/www.stvmachinery.it\/es\/\",\"logo\":{\"@type\":\"ImageObject\",\"inLanguage\":\"es\",\"@id\":\"https:\/\/www.stvmachinery.it\/es\/#\/schema\/logo\/image\/\",\"url\":\"https:\/\/www.stvmachinery.it\/wp-content\/uploads\/2021\/06\/stv-machinery-logo-positivo.png\",\"contentUrl\":\"https:\/\/www.stvmachinery.it\/wp-content\/uploads\/2021\/06\/stv-machinery-logo-positivo.png\",\"width\":481,\"height\":233,\"caption\":\"S.T.V. di Salati Giovanni & C. \u2013 S.n.c.\"},\"image\":{\"@id\":\"https:\/\/www.stvmachinery.it\/es\/#\/schema\/logo\/image\/\"},\"sameAs\":[\"https:\/\/it.linkedin.com\/company\/stv-machinery\",\"https:\/\/www.youtube.com\/channel\/UCceMPa8POjTOmZeA2_KUoeg\"]}]}<\/script>\n<!-- \/ Yoast SEO plugin. -->","yoast_head_json":{"title":"Dosador Volum\u00e9trico Lineal Mod. DVL-UT con V\u00e1lvulas de Sumersion | STV Machinery","description":"El Dosador Volum\u00e9trico Lineal de STV Machinery es una m\u00e1quina adecuada para el llenado de productos densos y semidensos en envases de vidrio, metal o PET.","robots":{"index":"index","follow":"follow","max-snippet":"max-snippet:-1","max-image-preview":"max-image-preview:large","max-video-preview":"max-video-preview:-1"},"canonical":"https:\/\/www.stvmachinery.it\/es\/macchinari\/dosadoras-lineales-y-rotativas\/dosador-volumetrico-lineal-mod-dvl-ut-con-valvulas-de-sumersion\/","og_locale":"es_ES","og_type":"article","og_title":"Dosador Volum\u00e9trico Lineal Mod. DVL-UT con V\u00e1lvulas de Sumersion | STV Machinery","og_description":"El Dosador Volum\u00e9trico Lineal de STV Machinery es una m\u00e1quina adecuada para el llenado de productos densos y semidensos en envases de vidrio, metal o PET.","og_url":"https:\/\/www.stvmachinery.it\/es\/macchinari\/dosadoras-lineales-y-rotativas\/dosador-volumetrico-lineal-mod-dvl-ut-con-valvulas-de-sumersion\/","og_site_name":"STV Machinery","article_modified_time":"2025-11-24T14:37:35+00:00","og_image":[{"width":1200,"height":1200,"url":"https:\/\/www.stvmachinery.it\/wp-content\/uploads\/2024\/03\/Dosatore-Volumetrico-Lineare-Mod.-DVL-UT.webp","type":"image\/webp"}],"twitter_card":"summary_large_image","twitter_misc":{"Tiempo de lectura":"3 minutos"},"schema":{"@context":"https:\/\/schema.org","@graph":[{"@type":"WebPage","@id":"https:\/\/www.stvmachinery.it\/es\/macchinari\/dosadoras-lineales-y-rotativas\/dosador-volumetrico-lineal-mod-dvl-ut-con-valvulas-de-sumersion\/","url":"https:\/\/www.stvmachinery.it\/es\/macchinari\/dosadoras-lineales-y-rotativas\/dosador-volumetrico-lineal-mod-dvl-ut-con-valvulas-de-sumersion\/","name":"Dosador Volum\u00e9trico Lineal Mod. DVL-UT con V\u00e1lvulas de Sumersion | STV Machinery","isPartOf":{"@id":"https:\/\/www.stvmachinery.it\/es\/#website"},"primaryImageOfPage":{"@id":"https:\/\/www.stvmachinery.it\/es\/macchinari\/dosadoras-lineales-y-rotativas\/dosador-volumetrico-lineal-mod-dvl-ut-con-valvulas-de-sumersion\/#primaryimage"},"image":{"@id":"https:\/\/www.stvmachinery.it\/es\/macchinari\/dosadoras-lineales-y-rotativas\/dosador-volumetrico-lineal-mod-dvl-ut-con-valvulas-de-sumersion\/#primaryimage"},"thumbnailUrl":"https:\/\/www.stvmachinery.it\/wp-content\/uploads\/2024\/03\/Dosatore-Volumetrico-Lineare-Mod.-DVL-UT.webp","datePublished":"2024-03-22T09:46:59+00:00","dateModified":"2025-11-24T14:37:35+00:00","description":"El Dosador Volum\u00e9trico Lineal de STV Machinery es una m\u00e1quina adecuada para el llenado de productos densos y semidensos en envases de vidrio, metal o PET.","breadcrumb":{"@id":"https:\/\/www.stvmachinery.it\/es\/macchinari\/dosadoras-lineales-y-rotativas\/dosador-volumetrico-lineal-mod-dvl-ut-con-valvulas-de-sumersion\/#breadcrumb"},"inLanguage":"es","potentialAction":[{"@type":"ReadAction","target":["https:\/\/www.stvmachinery.it\/es\/macchinari\/dosadoras-lineales-y-rotativas\/dosador-volumetrico-lineal-mod-dvl-ut-con-valvulas-de-sumersion\/"]}]},{"@type":"ImageObject","inLanguage":"es","@id":"https:\/\/www.stvmachinery.it\/es\/macchinari\/dosadoras-lineales-y-rotativas\/dosador-volumetrico-lineal-mod-dvl-ut-con-valvulas-de-sumersion\/#primaryimage","url":"https:\/\/www.stvmachinery.it\/wp-content\/uploads\/2024\/03\/Dosatore-Volumetrico-Lineare-Mod.-DVL-UT.webp","contentUrl":"https:\/\/www.stvmachinery.it\/wp-content\/uploads\/2024\/03\/Dosatore-Volumetrico-Lineare-Mod.-DVL-UT.webp","width":1200,"height":1200},{"@type":"BreadcrumbList","@id":"https:\/\/www.stvmachinery.it\/es\/macchinari\/dosadoras-lineales-y-rotativas\/dosador-volumetrico-lineal-mod-dvl-ut-con-valvulas-de-sumersion\/#breadcrumb","itemListElement":[{"@type":"ListItem","position":1,"name":"Home","item":"https:\/\/www.stvmachinery.it\/es\/stv-machinery\/"},{"@type":"ListItem","position":2,"name":"Maquinaria","item":"https:\/\/www.stvmachinery.it\/es\/maquinaria\/"},{"@type":"ListItem","position":3,"name":"Dosador Volum\u00e9trico Lineal Mod. DVL-UT con V\u00e1lvulas de Sumersion"}]},{"@type":"WebSite","@id":"https:\/\/www.stvmachinery.it\/es\/#website","url":"https:\/\/www.stvmachinery.it\/es\/","name":"STV Machinery","description":"Macchine ed impianti per l\u2019industria agroalimentare e conserviera","publisher":{"@id":"https:\/\/www.stvmachinery.it\/es\/#organization"},"potentialAction":[{"@type":"SearchAction","target":{"@type":"EntryPoint","urlTemplate":"https:\/\/www.stvmachinery.it\/es\/?s={search_term_string}"},"query-input":"required name=search_term_string"}],"inLanguage":"es"},{"@type":"Organization","@id":"https:\/\/www.stvmachinery.it\/es\/#organization","name":"S.T.V. di Salati Giovanni & C. \u2013 S.n.c.","alternateName":"STV Machinery","url":"https:\/\/www.stvmachinery.it\/es\/","logo":{"@type":"ImageObject","inLanguage":"es","@id":"https:\/\/www.stvmachinery.it\/es\/#\/schema\/logo\/image\/","url":"https:\/\/www.stvmachinery.it\/wp-content\/uploads\/2021\/06\/stv-machinery-logo-positivo.png","contentUrl":"https:\/\/www.stvmachinery.it\/wp-content\/uploads\/2021\/06\/stv-machinery-logo-positivo.png","width":481,"height":233,"caption":"S.T.V. di Salati Giovanni & C. \u2013 S.n.c."},"image":{"@id":"https:\/\/www.stvmachinery.it\/es\/#\/schema\/logo\/image\/"},"sameAs":["https:\/\/it.linkedin.com\/company\/stv-machinery","https:\/\/www.youtube.com\/channel\/UCceMPa8POjTOmZeA2_KUoeg"]}]}},"_links":{"self":[{"href":"https:\/\/www.stvmachinery.it\/es\/wp-json\/wp\/v2\/product\/10088","targetHints":{"allow":["GET"]}}],"collection":[{"href":"https:\/\/www.stvmachinery.it\/es\/wp-json\/wp\/v2\/product"}],"about":[{"href":"https:\/\/www.stvmachinery.it\/es\/wp-json\/wp\/v2\/types\/product"}],"version-history":[{"count":5,"href":"https:\/\/www.stvmachinery.it\/es\/wp-json\/wp\/v2\/product\/10088\/revisions"}],"predecessor-version":[{"id":11336,"href":"https:\/\/www.stvmachinery.it\/es\/wp-json\/wp\/v2\/product\/10088\/revisions\/11336"}],"wp:featuredmedia":[{"embeddable":true,"href":"https:\/\/www.stvmachinery.it\/es\/wp-json\/wp\/v2\/media\/9122"}],"wp:attachment":[{"href":"https:\/\/www.stvmachinery.it\/es\/wp-json\/wp\/v2\/media?parent=10088"}],"wp:term":[{"taxonomy":"product_cat","embeddable":true,"href":"https:\/\/www.stvmachinery.it\/es\/wp-json\/wp\/v2\/product_cat?post=10088"},{"taxonomy":"product_tag","embeddable":true,"href":"https:\/\/www.stvmachinery.it\/es\/wp-json\/wp\/v2\/product_tag?post=10088"}],"curies":[{"name":"wp","href":"https:\/\/api.w.org\/{rel}","templated":true}]}}