{"id":10092,"date":"2024-03-22T09:26:45","date_gmt":"2024-03-22T08:26:45","guid":{"rendered":"https:\/\/www.stvmachinery.it\/macchinari\/sin%20categor\u00eda\/piston-filler-mod-drp\/"},"modified":"2025-11-24T16:02:06","modified_gmt":"2025-11-24T15:02:06","slug":"piston-filler-mod-drp","status":"publish","type":"product","link":"https:\/\/www.stvmachinery.it\/es\/macchinari\/dosadoras-lineales-y-rotativas\/piston-filler-mod-drp\/","title":{"rendered":"Piston Filler Mod. DRP"},"content":{"rendered":"\t\t<div data-elementor-type=\"product-post\" data-elementor-id=\"10092\" class=\"elementor elementor-10092 elementor-8396\" data-elementor-post-type=\"product\">\n\t\t\t\t<div class=\"elementor-element elementor-element-46a5c91 e-flex e-con-boxed e-con e-parent\" data-id=\"46a5c91\" data-element_type=\"container\" id=\"caratteristiche\">\n\t\t\t\t\t<div class=\"e-con-inner\">\n\t\t\t\t<div class=\"elementor-element elementor-element-7aea20b elementor-widget elementor-widget-text-editor\" data-id=\"7aea20b\" data-element_type=\"widget\" data-widget_type=\"text-editor.default\">\n\t\t\t\t<div class=\"elementor-widget-container\">\n\t\t\t<style>\/*! elementor - v3.21.0 - 08-05-2024 *\/\n.elementor-widget-text-editor.elementor-drop-cap-view-stacked .elementor-drop-cap{background-color:#69727d;color:#fff}.elementor-widget-text-editor.elementor-drop-cap-view-framed .elementor-drop-cap{color:#69727d;border:3px solid;background-color:transparent}.elementor-widget-text-editor:not(.elementor-drop-cap-view-default) .elementor-drop-cap{margin-top:8px}.elementor-widget-text-editor:not(.elementor-drop-cap-view-default) .elementor-drop-cap-letter{width:1em;height:1em}.elementor-widget-text-editor .elementor-drop-cap{float:left;text-align:center;line-height:1;font-size:50px}.elementor-widget-text-editor .elementor-drop-cap-letter{display:inline-block}<\/style>\t\t\t\t<h3 class=\"product-item-title\">Principio de funcionamiento<\/h3>\n<p>Durante la rotaci\u00f3n de la m\u00e1quina, en una primera fase tr\u00e1mite la leva de comando de pistones se efect\u00faa el llenado del cilindro aspirando el producto del tanque, en la segunda fase el producto se transfiere en el frasco una boquilla del cuerpo del ala v\u00e1lvula desviadora.<\/p>\n<p>La <strong>dosis de producto<\/strong> se <strong>configura desde el cuadro el\u00e9ctrico<\/strong> tramite una leva motorizada en base al tipo de frasco que se elabore.<\/p>\n<p>Una vez se cambia formato, la precisi\u00f3n de la dosis puede ser alcanzada en caso de necesidad, actuando desde el panel operador inclusive cuando la m\u00e1quina est\u00e1 en fase de movimiento.<br \/>Cuando el frasco se ha llenado, se traslada mediante estrella en el transportador de salida (que es el mismo de alimentaci\u00f3n) <strong>y se env\u00eda a las m\u00e1quinas sucesivas.<\/strong><\/p>\n\t\t\t\t\t\t<\/div>\n\t\t\t\t<\/div>\n\t\t\t\t<div class=\"elementor-element elementor-element-f23acf2 elementor-widget elementor-widget-ld_button\" data-id=\"f23acf2\" data-element_type=\"widget\" data-widget_type=\"ld_button.default\">\n\t\t\t\t<div class=\"elementor-widget-container\">\n\t\t\t\n\t\t\t<a\n\t\t\t\thref=\"https:\/\/www.stvmachinery.it\/cataloghi\/STV-Rotary-Piston-Filler.pdf\" target=\"_blank\"class=\"elementor-button btn btn-solid btn-icon-shaped btn-has-label\"\t\t\t>\n\t\t\t\t\t\t\t\t\t<span data-text=\"Descarga la ficha de la m\u00e1quina\" class=\"btn-txt\">\n\t\t\t\t\t\tDescarga la ficha de la m\u00e1quina\t\t\t\t\t<\/span>\n\t\t\t\t\t\t\t\t\t\t\t<\/a>\n\t\t\t\t\t<\/div>\n\t\t\t\t<\/div>\n\t\t\t\t\t<\/div>\n\t\t\t\t<\/div>\n\t\t<div class=\"elementor-element elementor-element-7bffd7d e-flex e-con-boxed e-con e-parent\" data-id=\"7bffd7d\" data-element_type=\"container\">\n\t\t\t\t\t<div class=\"e-con-inner\">\n\t\t\t\t<div class=\"elementor-element elementor-element-a84dc14 elementor-widget elementor-widget-text-editor\" data-id=\"a84dc14\" data-element_type=\"widget\" data-widget_type=\"text-editor.default\">\n\t\t\t\t<div class=\"elementor-widget-container\">\n\t\t\t\t\t\t\t<h3 class=\"product-item-title\">Caracter\u00edsticas Constructivas<\/h3>\n<ul>\n<li>Base con placa de soporte en acero de carbono. Estructura y revestimiento total con puertas de inspecci\u00f3n en acero inox AISI 304.<\/li>\n<li>Carrusel giratorio superior, soporte del tanque y soporte de pistones con dispositivos electromec\u00e1nico para regular la altura.<\/li>\n<li>Tanque del producto en acero inox AISI 316 brillante a espejo internamente con control de nivel.<\/li>\n<li>Cada unidad de dosificaci\u00f3n est\u00e1 compuesta por un cilindro coaxial con pist\u00f3n, una v\u00e1lvula de cuerpo en acero inox AISI 316 y una v\u00e1lvula en material especial.<\/li>\n<li>Carrusel giratorio inferior para frascos.<br \/>Equipo para un tama\u00f1o de frascos suministrado con la m\u00e1quina.<\/li>\n<li>Cambio r\u00e1pido del equipo para un frasco de diferente di\u00e1metro.<\/li>\n<li>Cuadro el\u00e9ctrico de mandos en acero inox.<\/li>\n<li>Sistema de protecci\u00f3n de seguridad seg\u00fan las normas CE.\n<p>La versi\u00f3n de base corresponde al modelo DRP, que est\u00e1 equipado con carrusel giratorio inferior con placas fijas para el soporte de frascos.<\/p>\n<\/li>\n<\/ul>\n\t\t\t\t\t\t<\/div>\n\t\t\t\t<\/div>\n\t\t\t\t\t<\/div>\n\t\t\t\t<\/div>\n\t\t<div class=\"elementor-element elementor-element-c7ed517 e-flex e-con-boxed e-con e-parent\" data-id=\"c7ed517\" data-element_type=\"container\" data-settings=\"{&quot;background_background&quot;:&quot;classic&quot;}\">\n\t\t\t\t\t<div class=\"e-con-inner\">\n\t\t\t\t<div class=\"elementor-element elementor-element-116f8a5 elementor-widget elementor-widget-heading\" data-id=\"116f8a5\" data-element_type=\"widget\" data-widget_type=\"heading.default\">\n\t\t\t\t<div class=\"elementor-widget-container\">\n\t\t\t<style>\/*! elementor - v3.21.0 - 08-05-2024 *\/\n.elementor-heading-title{padding:0;margin:0;line-height:1}.elementor-widget-heading .elementor-heading-title[class*=elementor-size-]>a{color:inherit;font-size:inherit;line-height:inherit}.elementor-widget-heading .elementor-heading-title.elementor-size-small{font-size:15px}.elementor-widget-heading .elementor-heading-title.elementor-size-medium{font-size:19px}.elementor-widget-heading .elementor-heading-title.elementor-size-large{font-size:29px}.elementor-widget-heading .elementor-heading-title.elementor-size-xl{font-size:39px}.elementor-widget-heading .elementor-heading-title.elementor-size-xxl{font-size:59px}<\/style><h4 class=\"elementor-heading-title elementor-size-default\">Opcionales<\/h4>\t\t<\/div>\n\t\t\t\t<\/div>\n\t\t\t\t<div class=\"elementor-element elementor-element-d9120d9 elementor-widget elementor-widget-text-editor\" data-id=\"d9120d9\" data-element_type=\"widget\" data-widget_type=\"text-editor.default\">\n\t\t\t\t<div class=\"elementor-widget-container\">\n\t\t\t\t\t\t\t<p><strong>PARA PRODUCTOS VISCOUS<\/strong> (mayonesa o salsas densas) 2 VERSIONES DE LLENADOR DE PISTON SON DISPONIBLES, AMBAS PERMITEN LLENAR FRASCOS, desde el fondo, para evitar la posible formaci\u00f3n de burbujas de aire:<\/p>\n<ul>\n<li><strong>VERSION DRP\/PMM<\/strong> con carrusel giratorio inferior soporte de los platillos m\u00f3viles accionados gracias a una leva mec\u00e1nica.<\/li>\n<li><strong>VERSION DRP\/PME<\/strong> con carrusel giratorio inferior soporte de los platillos m\u00f3viles con eleva-platillos gesti\u00f3n electr\u00f3nica (<strong>patentado por STV<\/strong>)<\/li>\n<\/ul>\n<p>El sistema gesti\u00f3n electr\u00f3nica permite efectuar el cambio de formato autom\u00e1ticamente, seleccionando recetas predefinidas de la <strong>pantalla t\u00e1ctil<\/strong> con un ahorro significativo de tiempo.<br \/>Adem\u00e1s, el volumen de llenado es ajustable tambi\u00e9n microm\u00e9tricamente con la m\u00e1quina en movimiento.<br \/>Este sistema consiente un notable ahorro de tiempo a la hora de cambiar formatos.<\/p>\n\t\t\t\t\t\t<\/div>\n\t\t\t\t<\/div>\n\t\t\t\t\t<\/div>\n\t\t\t\t<\/div>\n\t\t<div class=\"elementor-element elementor-element-39d7cb1 e-flex e-con-boxed e-con e-parent\" data-id=\"39d7cb1\" data-element_type=\"container\" data-settings=\"{&quot;background_background&quot;:&quot;classic&quot;}\">\n\t\t\t\t\t<div class=\"e-con-inner\">\n\t\t\t\t<div class=\"elementor-element elementor-element-e78a0f1 elementor-widget elementor-widget-heading\" data-id=\"e78a0f1\" data-element_type=\"widget\" data-widget_type=\"heading.default\">\n\t\t\t\t<div class=\"elementor-widget-container\">\n\t\t\t<h4 class=\"elementor-heading-title elementor-size-default\">Datos T\u00e9cnicos<\/h4>\t\t<\/div>\n\t\t\t\t<\/div>\n\t\t\t\t<div class=\"elementor-element elementor-element-023a0a3 elementor-widget elementor-widget-ld_table\" data-id=\"023a0a3\" data-element_type=\"widget\" data-widget_type=\"ld_table.default\">\n\t\t\t\t<div class=\"elementor-widget-container\">\n\t\t\t<table><tr><td class=\"elementor-repeater-item-d804713\">Capacidad<\/td><td class=\"elementor-repeater-item-ad5b077\">media-elevada dependiendo del n\u00b0 de pistones (6, 8, 12, 20, 24 hasta 40) <\/td><\/tr><tr><td class=\"elementor-repeater-item-72c5074\">Potencia instalada<\/td><td class=\"elementor-repeater-item-0f05e35\">kW 3 aprox.<\/td><\/tr><tr><td class=\"elementor-repeater-item-4be9d2e\">Longitud<\/td><td class=\"elementor-repeater-item-485afe4\">3.000 mm aprox.<\/td><\/tr><tr><td class=\"elementor-repeater-item-17bf94c\">Anchura<\/td><td class=\"elementor-repeater-item-fc43756\">1.800 mm aprox.<\/td><\/tr><\/table>\t\t<\/div>\n\t\t\t\t<\/div>\n\t\t\t\t\t<\/div>\n\t\t\t\t<\/div>\n\t\t<div class=\"elementor-element elementor-element-b862990 e-flex e-con-boxed e-con e-parent\" data-id=\"b862990\" data-element_type=\"container\" data-settings=\"{&quot;background_background&quot;:&quot;classic&quot;}\">\n\t\t\t\t\t<div class=\"e-con-inner\">\n\t\t\t\t<div class=\"elementor-element elementor-element-bb5a09f elementor-widget elementor-widget-heading\" data-id=\"bb5a09f\" data-element_type=\"widget\" data-widget_type=\"heading.default\">\n\t\t\t\t<div class=\"elementor-widget-container\">\n\t\t\t<h4 class=\"elementor-heading-title elementor-size-default\">Video<\/h4>\t\t<\/div>\n\t\t\t\t<\/div>\n\t\t\t\t<div class=\"elementor-element elementor-element-8326f34 elementor-widget elementor-widget-video\" data-id=\"8326f34\" data-element_type=\"widget\" data-settings=\"{&quot;youtube_url&quot;:&quot;https:\\\/\\\/youtu.be\\\/nUsw8K0UNns&quot;,&quot;video_type&quot;:&quot;youtube&quot;,&quot;controls&quot;:&quot;yes&quot;}\" data-widget_type=\"video.default\">\n\t\t\t\t<div class=\"elementor-widget-container\">\n\t\t\t<style>\/*! elementor - v3.21.0 - 08-05-2024 *\/\n.elementor-widget-video .elementor-widget-container{overflow:hidden;transform:translateZ(0)}.elementor-widget-video .elementor-wrapper{aspect-ratio:var(--video-aspect-ratio)}.elementor-widget-video .elementor-wrapper iframe,.elementor-widget-video .elementor-wrapper video{height:100%;width:100%;display:flex;border:none;background-color:#000}@supports not (aspect-ratio:1\/1){.elementor-widget-video .elementor-wrapper{position:relative;overflow:hidden;height:0;padding-bottom:calc(100% \/ var(--video-aspect-ratio))}.elementor-widget-video .elementor-wrapper iframe,.elementor-widget-video .elementor-wrapper video{position:absolute;top:0;right:0;bottom:0;left:0}}.elementor-widget-video .elementor-open-inline .elementor-custom-embed-image-overlay{position:absolute;top:0;right:0;bottom:0;left:0;background-size:cover;background-position:50%}.elementor-widget-video .elementor-custom-embed-image-overlay{cursor:pointer;text-align:center}.elementor-widget-video .elementor-custom-embed-image-overlay:hover .elementor-custom-embed-play i{opacity:1}.elementor-widget-video .elementor-custom-embed-image-overlay img{display:block;width:100%;aspect-ratio:var(--video-aspect-ratio);-o-object-fit:cover;object-fit:cover;-o-object-position:center center;object-position:center center}@supports not (aspect-ratio:1\/1){.elementor-widget-video .elementor-custom-embed-image-overlay{position:relative;overflow:hidden;height:0;padding-bottom:calc(100% \/ var(--video-aspect-ratio))}.elementor-widget-video .elementor-custom-embed-image-overlay img{position:absolute;top:0;right:0;bottom:0;left:0}}.elementor-widget-video .e-hosted-video .elementor-video{-o-object-fit:cover;object-fit:cover}.e-con-inner>.elementor-widget-video,.e-con>.elementor-widget-video{width:var(--container-widget-width);--flex-grow:var(--container-widget-flex-grow)}<\/style>\t\t<div class=\"elementor-wrapper elementor-open-inline\">\n\t\t\t<div class=\"elementor-video\"><\/div>\t\t<\/div>\n\t\t\t\t<\/div>\n\t\t\t\t<\/div>\n\t\t\t\t\t<\/div>\n\t\t\t\t<\/div>\n\t\t\t\t<\/div>\n\t\t","protected":false},"excerpt":{"rendered":"<p>Representa una soluci\u00f3n \u00f3ptima para el <strong>llenado de frascos de vidrio, met\u00e1licos o en pl\u00e1stico tipo PET con productos densos o semi densos, tambi\u00e9n pueden contener partes s\u00f3lidas<\/strong> (concentrado y salsa de tomate, k\u00e9tchup, mayonesa, mostaza, salsa bolo\u00f1esa, pat\u00e9, mermelada, pur\u00e9s, cremas, baby food, etc.<br \/>\nAlimentaci\u00f3n tr\u00e1mite cinta transportadora y c\u00f3clea para el recorrido de los frascos y estrella transferida que posiciona los frascos bajo los dispensadores de llenado.<\/p>\n<p><a class=\"pulsanterosso\" href=\"#caratteristiche\">Caracter\u00edsticas T\u00e9cnicas<\/a><\/p>\n","protected":false},"featured_media":9107,"template":"","meta":{"inline_featured_image":false},"product_cat":[98],"product_tag":[],"class_list":{"0":"post-10092","1":"product","2":"type-product","3":"status-publish","4":"has-post-thumbnail","6":"product_cat-dosadoras-lineales-y-rotativas","7":"pa_applicazione-productos-densos-y-semi-densos","8":"pa_funzionamento-automatico-es","9":"pa_settore-alimentario","10":"pa_settore-cosmetica-y-detergencia-es","11":"pa_settore-quimica-y-fertilizantes","13":"first","14":"instock","15":"shipping-taxable","16":"product-type-simple"},"yoast_head":"<!-- This site is optimized with the Yoast SEO plugin v22.7 - https:\/\/yoast.com\/wordpress\/plugins\/seo\/ -->\n<title>Piston Filler Mod. DRP | STV Machinery<\/title>\n<meta name=\"description\" content=\"La Piston Filler es una m\u00e1quina id\u00f3nea para el llenado de recipientes de vidrio, metal o pl\u00e1stico PET con productos densos o semidensos.\" \/>\n<meta name=\"robots\" content=\"index, follow, max-snippet:-1, max-image-preview:large, max-video-preview:-1\" \/>\n<link rel=\"canonical\" href=\"https:\/\/www.stvmachinery.it\/es\/macchinari\/dosadoras-lineales-y-rotativas\/piston-filler-mod-drp\/\" \/>\n<meta property=\"og:locale\" content=\"es_ES\" \/>\n<meta property=\"og:type\" content=\"article\" \/>\n<meta property=\"og:title\" content=\"Piston Filler Mod. DRP | STV Machinery\" \/>\n<meta property=\"og:description\" content=\"La Piston Filler es una m\u00e1quina id\u00f3nea para el llenado de recipientes de vidrio, metal o pl\u00e1stico PET con productos densos o semidensos.\" \/>\n<meta property=\"og:url\" content=\"https:\/\/www.stvmachinery.it\/es\/macchinari\/dosadoras-lineales-y-rotativas\/piston-filler-mod-drp\/\" \/>\n<meta property=\"og:site_name\" content=\"STV Machinery\" \/>\n<meta property=\"article:modified_time\" content=\"2025-11-24T15:02:06+00:00\" \/>\n<meta property=\"og:image\" content=\"https:\/\/www.stvmachinery.it\/wp-content\/uploads\/2024\/03\/Piston-Filler-DRP.webp\" \/>\n\t<meta property=\"og:image:width\" content=\"1200\" \/>\n\t<meta property=\"og:image:height\" content=\"1200\" \/>\n\t<meta property=\"og:image:type\" content=\"image\/webp\" \/>\n<meta name=\"twitter:card\" content=\"summary_large_image\" \/>\n<script type=\"application\/ld+json\" class=\"yoast-schema-graph\">{\"@context\":\"https:\/\/schema.org\",\"@graph\":[{\"@type\":\"WebPage\",\"@id\":\"https:\/\/www.stvmachinery.it\/es\/macchinari\/dosadoras-lineales-y-rotativas\/piston-filler-mod-drp\/\",\"url\":\"https:\/\/www.stvmachinery.it\/es\/macchinari\/dosadoras-lineales-y-rotativas\/piston-filler-mod-drp\/\",\"name\":\"Piston Filler Mod. DRP | STV Machinery\",\"isPartOf\":{\"@id\":\"https:\/\/www.stvmachinery.it\/es\/#website\"},\"primaryImageOfPage\":{\"@id\":\"https:\/\/www.stvmachinery.it\/es\/macchinari\/dosadoras-lineales-y-rotativas\/piston-filler-mod-drp\/#primaryimage\"},\"image\":{\"@id\":\"https:\/\/www.stvmachinery.it\/es\/macchinari\/dosadoras-lineales-y-rotativas\/piston-filler-mod-drp\/#primaryimage\"},\"thumbnailUrl\":\"https:\/\/www.stvmachinery.it\/wp-content\/uploads\/2024\/03\/Piston-Filler-DRP.webp\",\"datePublished\":\"2024-03-22T08:26:45+00:00\",\"dateModified\":\"2025-11-24T15:02:06+00:00\",\"description\":\"La Piston Filler es una m\u00e1quina id\u00f3nea para el llenado de recipientes de vidrio, metal o pl\u00e1stico PET con productos densos o semidensos.\",\"breadcrumb\":{\"@id\":\"https:\/\/www.stvmachinery.it\/es\/macchinari\/dosadoras-lineales-y-rotativas\/piston-filler-mod-drp\/#breadcrumb\"},\"inLanguage\":\"es\",\"potentialAction\":[{\"@type\":\"ReadAction\",\"target\":[\"https:\/\/www.stvmachinery.it\/es\/macchinari\/dosadoras-lineales-y-rotativas\/piston-filler-mod-drp\/\"]}]},{\"@type\":\"ImageObject\",\"inLanguage\":\"es\",\"@id\":\"https:\/\/www.stvmachinery.it\/es\/macchinari\/dosadoras-lineales-y-rotativas\/piston-filler-mod-drp\/#primaryimage\",\"url\":\"https:\/\/www.stvmachinery.it\/wp-content\/uploads\/2024\/03\/Piston-Filler-DRP.webp\",\"contentUrl\":\"https:\/\/www.stvmachinery.it\/wp-content\/uploads\/2024\/03\/Piston-Filler-DRP.webp\",\"width\":1200,\"height\":1200},{\"@type\":\"BreadcrumbList\",\"@id\":\"https:\/\/www.stvmachinery.it\/es\/macchinari\/dosadoras-lineales-y-rotativas\/piston-filler-mod-drp\/#breadcrumb\",\"itemListElement\":[{\"@type\":\"ListItem\",\"position\":1,\"name\":\"Home\",\"item\":\"https:\/\/www.stvmachinery.it\/es\/stv-machinery\/\"},{\"@type\":\"ListItem\",\"position\":2,\"name\":\"Maquinaria\",\"item\":\"https:\/\/www.stvmachinery.it\/es\/maquinaria\/\"},{\"@type\":\"ListItem\",\"position\":3,\"name\":\"Piston Filler Mod. DRP\"}]},{\"@type\":\"WebSite\",\"@id\":\"https:\/\/www.stvmachinery.it\/es\/#website\",\"url\":\"https:\/\/www.stvmachinery.it\/es\/\",\"name\":\"STV Machinery\",\"description\":\"Macchine ed impianti per l\u2019industria agroalimentare e conserviera\",\"publisher\":{\"@id\":\"https:\/\/www.stvmachinery.it\/es\/#organization\"},\"potentialAction\":[{\"@type\":\"SearchAction\",\"target\":{\"@type\":\"EntryPoint\",\"urlTemplate\":\"https:\/\/www.stvmachinery.it\/es\/?s={search_term_string}\"},\"query-input\":\"required name=search_term_string\"}],\"inLanguage\":\"es\"},{\"@type\":\"Organization\",\"@id\":\"https:\/\/www.stvmachinery.it\/es\/#organization\",\"name\":\"S.T.V. di Salati Giovanni & C. \u2013 S.n.c.\",\"alternateName\":\"STV Machinery\",\"url\":\"https:\/\/www.stvmachinery.it\/es\/\",\"logo\":{\"@type\":\"ImageObject\",\"inLanguage\":\"es\",\"@id\":\"https:\/\/www.stvmachinery.it\/es\/#\/schema\/logo\/image\/\",\"url\":\"https:\/\/www.stvmachinery.it\/wp-content\/uploads\/2021\/06\/stv-machinery-logo-positivo.png\",\"contentUrl\":\"https:\/\/www.stvmachinery.it\/wp-content\/uploads\/2021\/06\/stv-machinery-logo-positivo.png\",\"width\":481,\"height\":233,\"caption\":\"S.T.V. di Salati Giovanni & C. \u2013 S.n.c.\"},\"image\":{\"@id\":\"https:\/\/www.stvmachinery.it\/es\/#\/schema\/logo\/image\/\"},\"sameAs\":[\"https:\/\/it.linkedin.com\/company\/stv-machinery\",\"https:\/\/www.youtube.com\/channel\/UCceMPa8POjTOmZeA2_KUoeg\"]}]}<\/script>\n<!-- \/ Yoast SEO plugin. -->","yoast_head_json":{"title":"Piston Filler Mod. DRP | STV Machinery","description":"La Piston Filler es una m\u00e1quina id\u00f3nea para el llenado de recipientes de vidrio, metal o pl\u00e1stico PET con productos densos o semidensos.","robots":{"index":"index","follow":"follow","max-snippet":"max-snippet:-1","max-image-preview":"max-image-preview:large","max-video-preview":"max-video-preview:-1"},"canonical":"https:\/\/www.stvmachinery.it\/es\/macchinari\/dosadoras-lineales-y-rotativas\/piston-filler-mod-drp\/","og_locale":"es_ES","og_type":"article","og_title":"Piston Filler Mod. DRP | STV Machinery","og_description":"La Piston Filler es una m\u00e1quina id\u00f3nea para el llenado de recipientes de vidrio, metal o pl\u00e1stico PET con productos densos o semidensos.","og_url":"https:\/\/www.stvmachinery.it\/es\/macchinari\/dosadoras-lineales-y-rotativas\/piston-filler-mod-drp\/","og_site_name":"STV Machinery","article_modified_time":"2025-11-24T15:02:06+00:00","og_image":[{"width":1200,"height":1200,"url":"https:\/\/www.stvmachinery.it\/wp-content\/uploads\/2024\/03\/Piston-Filler-DRP.webp","type":"image\/webp"}],"twitter_card":"summary_large_image","schema":{"@context":"https:\/\/schema.org","@graph":[{"@type":"WebPage","@id":"https:\/\/www.stvmachinery.it\/es\/macchinari\/dosadoras-lineales-y-rotativas\/piston-filler-mod-drp\/","url":"https:\/\/www.stvmachinery.it\/es\/macchinari\/dosadoras-lineales-y-rotativas\/piston-filler-mod-drp\/","name":"Piston Filler Mod. DRP | STV Machinery","isPartOf":{"@id":"https:\/\/www.stvmachinery.it\/es\/#website"},"primaryImageOfPage":{"@id":"https:\/\/www.stvmachinery.it\/es\/macchinari\/dosadoras-lineales-y-rotativas\/piston-filler-mod-drp\/#primaryimage"},"image":{"@id":"https:\/\/www.stvmachinery.it\/es\/macchinari\/dosadoras-lineales-y-rotativas\/piston-filler-mod-drp\/#primaryimage"},"thumbnailUrl":"https:\/\/www.stvmachinery.it\/wp-content\/uploads\/2024\/03\/Piston-Filler-DRP.webp","datePublished":"2024-03-22T08:26:45+00:00","dateModified":"2025-11-24T15:02:06+00:00","description":"La Piston Filler es una m\u00e1quina id\u00f3nea para el llenado de recipientes de vidrio, metal o pl\u00e1stico PET con productos densos o semidensos.","breadcrumb":{"@id":"https:\/\/www.stvmachinery.it\/es\/macchinari\/dosadoras-lineales-y-rotativas\/piston-filler-mod-drp\/#breadcrumb"},"inLanguage":"es","potentialAction":[{"@type":"ReadAction","target":["https:\/\/www.stvmachinery.it\/es\/macchinari\/dosadoras-lineales-y-rotativas\/piston-filler-mod-drp\/"]}]},{"@type":"ImageObject","inLanguage":"es","@id":"https:\/\/www.stvmachinery.it\/es\/macchinari\/dosadoras-lineales-y-rotativas\/piston-filler-mod-drp\/#primaryimage","url":"https:\/\/www.stvmachinery.it\/wp-content\/uploads\/2024\/03\/Piston-Filler-DRP.webp","contentUrl":"https:\/\/www.stvmachinery.it\/wp-content\/uploads\/2024\/03\/Piston-Filler-DRP.webp","width":1200,"height":1200},{"@type":"BreadcrumbList","@id":"https:\/\/www.stvmachinery.it\/es\/macchinari\/dosadoras-lineales-y-rotativas\/piston-filler-mod-drp\/#breadcrumb","itemListElement":[{"@type":"ListItem","position":1,"name":"Home","item":"https:\/\/www.stvmachinery.it\/es\/stv-machinery\/"},{"@type":"ListItem","position":2,"name":"Maquinaria","item":"https:\/\/www.stvmachinery.it\/es\/maquinaria\/"},{"@type":"ListItem","position":3,"name":"Piston Filler Mod. DRP"}]},{"@type":"WebSite","@id":"https:\/\/www.stvmachinery.it\/es\/#website","url":"https:\/\/www.stvmachinery.it\/es\/","name":"STV Machinery","description":"Macchine ed impianti per l\u2019industria agroalimentare e conserviera","publisher":{"@id":"https:\/\/www.stvmachinery.it\/es\/#organization"},"potentialAction":[{"@type":"SearchAction","target":{"@type":"EntryPoint","urlTemplate":"https:\/\/www.stvmachinery.it\/es\/?s={search_term_string}"},"query-input":"required name=search_term_string"}],"inLanguage":"es"},{"@type":"Organization","@id":"https:\/\/www.stvmachinery.it\/es\/#organization","name":"S.T.V. di Salati Giovanni & C. \u2013 S.n.c.","alternateName":"STV Machinery","url":"https:\/\/www.stvmachinery.it\/es\/","logo":{"@type":"ImageObject","inLanguage":"es","@id":"https:\/\/www.stvmachinery.it\/es\/#\/schema\/logo\/image\/","url":"https:\/\/www.stvmachinery.it\/wp-content\/uploads\/2021\/06\/stv-machinery-logo-positivo.png","contentUrl":"https:\/\/www.stvmachinery.it\/wp-content\/uploads\/2021\/06\/stv-machinery-logo-positivo.png","width":481,"height":233,"caption":"S.T.V. di Salati Giovanni & C. \u2013 S.n.c."},"image":{"@id":"https:\/\/www.stvmachinery.it\/es\/#\/schema\/logo\/image\/"},"sameAs":["https:\/\/it.linkedin.com\/company\/stv-machinery","https:\/\/www.youtube.com\/channel\/UCceMPa8POjTOmZeA2_KUoeg"]}]}},"_links":{"self":[{"href":"https:\/\/www.stvmachinery.it\/es\/wp-json\/wp\/v2\/product\/10092","targetHints":{"allow":["GET"]}}],"collection":[{"href":"https:\/\/www.stvmachinery.it\/es\/wp-json\/wp\/v2\/product"}],"about":[{"href":"https:\/\/www.stvmachinery.it\/es\/wp-json\/wp\/v2\/types\/product"}],"version-history":[{"count":8,"href":"https:\/\/www.stvmachinery.it\/es\/wp-json\/wp\/v2\/product\/10092\/revisions"}],"predecessor-version":[{"id":11355,"href":"https:\/\/www.stvmachinery.it\/es\/wp-json\/wp\/v2\/product\/10092\/revisions\/11355"}],"wp:featuredmedia":[{"embeddable":true,"href":"https:\/\/www.stvmachinery.it\/es\/wp-json\/wp\/v2\/media\/9107"}],"wp:attachment":[{"href":"https:\/\/www.stvmachinery.it\/es\/wp-json\/wp\/v2\/media?parent=10092"}],"wp:term":[{"taxonomy":"product_cat","embeddable":true,"href":"https:\/\/www.stvmachinery.it\/es\/wp-json\/wp\/v2\/product_cat?post=10092"},{"taxonomy":"product_tag","embeddable":true,"href":"https:\/\/www.stvmachinery.it\/es\/wp-json\/wp\/v2\/product_tag?post=10092"}],"curies":[{"name":"wp","href":"https:\/\/api.w.org\/{rel}","templated":true}]}}