{"id":10097,"date":"2024-03-18T14:32:47","date_gmt":"2024-03-18T13:32:47","guid":{"rendered":"https:\/\/www.stvmachinery.it\/macchinari\/sin%20categor\u00eda\/mesa-de-llenado-motorizada-con-dos-cintas-transportadoras\/"},"modified":"2025-12-12T10:13:51","modified_gmt":"2025-12-12T09:13:51","slug":"mesa-de-llenado-motorizada-con-dos-cintas-transportadoras","status":"publish","type":"product","link":"https:\/\/www.stvmachinery.it\/es\/macchinari\/llenadoras-universales\/mesa-de-llenado-motorizada-con-dos-cintas-transportadoras\/","title":{"rendered":"Mesa de llenado motorizada con dos cintas transportadoras"},"content":{"rendered":"\t\t<div data-elementor-type=\"product-post\" data-elementor-id=\"10097\" class=\"elementor elementor-10097 elementor-8383\" data-elementor-post-type=\"product\">\n\t\t\t\t<div class=\"elementor-element elementor-element-4b18a62 e-flex e-con-boxed e-con e-parent\" data-id=\"4b18a62\" data-element_type=\"container\" id=\"caratteristiche\">\n\t\t\t\t\t<div class=\"e-con-inner\">\n\t\t\t\t<div class=\"elementor-element elementor-element-aeb6f31 elementor-widget elementor-widget-text-editor\" data-id=\"aeb6f31\" data-element_type=\"widget\" data-widget_type=\"text-editor.default\">\n\t\t\t\t<div class=\"elementor-widget-container\">\n\t\t\t<style>\/*! elementor - v3.21.0 - 08-05-2024 *\/\n.elementor-widget-text-editor.elementor-drop-cap-view-stacked .elementor-drop-cap{background-color:#69727d;color:#fff}.elementor-widget-text-editor.elementor-drop-cap-view-framed .elementor-drop-cap{color:#69727d;border:3px solid;background-color:transparent}.elementor-widget-text-editor:not(.elementor-drop-cap-view-default) .elementor-drop-cap{margin-top:8px}.elementor-widget-text-editor:not(.elementor-drop-cap-view-default) .elementor-drop-cap-letter{width:1em;height:1em}.elementor-widget-text-editor .elementor-drop-cap{float:left;text-align:center;line-height:1;font-size:50px}.elementor-widget-text-editor .elementor-drop-cap-letter{display:inline-block}<\/style>\t\t\t\t<h3>Caracter\u00edsticas Constructivas<\/h3>\n<ul>\n<li>Estructura perfilada de <strong>acero AISI 304<\/strong> con pies regulables en altura.<\/li>\n<li>N. 2 tanques de recogida de producto (L=3.000 mm c\/u) con la forma. Una hoja perforada con la posibilidad extraerla del fondo de los tanques.<\/li>\n<li>Dos cintas transportadoras mesa top en acero inox con motivador instalados en el centro de la mesa: uno para la alimentaci\u00f3n de los frascos vac\u00edos (provienen de la sopladora o de una mesa de alimentaci\u00f3n si la hay) y el otro para la colmadora de vac\u00edo.<\/li>\n<li>Cuadro el\u00e9ctrico de mandos en acero inox.<\/li>\n<\/ul>\n\t\t\t\t\t\t<\/div>\n\t\t\t\t<\/div>\n\t\t\t\t\t<\/div>\n\t\t\t\t<\/div>\n\t\t<div class=\"elementor-element elementor-element-06be501 e-flex e-con-boxed e-con e-parent\" data-id=\"06be501\" data-element_type=\"container\" data-settings=\"{&quot;background_background&quot;:&quot;classic&quot;}\">\n\t\t\t\t\t<div class=\"e-con-inner\">\n\t\t\t\t<div class=\"elementor-element elementor-element-d9bca75 elementor-widget elementor-widget-heading\" data-id=\"d9bca75\" data-element_type=\"widget\" data-widget_type=\"heading.default\">\n\t\t\t\t<div class=\"elementor-widget-container\">\n\t\t\t<style>\/*! elementor - v3.21.0 - 08-05-2024 *\/\n.elementor-heading-title{padding:0;margin:0;line-height:1}.elementor-widget-heading .elementor-heading-title[class*=elementor-size-]>a{color:inherit;font-size:inherit;line-height:inherit}.elementor-widget-heading .elementor-heading-title.elementor-size-small{font-size:15px}.elementor-widget-heading .elementor-heading-title.elementor-size-medium{font-size:19px}.elementor-widget-heading .elementor-heading-title.elementor-size-large{font-size:29px}.elementor-widget-heading .elementor-heading-title.elementor-size-xl{font-size:39px}.elementor-widget-heading .elementor-heading-title.elementor-size-xxl{font-size:59px}<\/style><h4 class=\"elementor-heading-title elementor-size-default\">Opcional<\/h4>\t\t<\/div>\n\t\t\t\t<\/div>\n\t\t\t\t<div class=\"elementor-element elementor-element-a6d337d elementor-widget elementor-widget-text-editor\" data-id=\"a6d337d\" data-element_type=\"widget\" data-widget_type=\"text-editor.default\">\n\t\t\t\t<div class=\"elementor-widget-container\">\n\t\t\t\t\t\t\t<p>A petici\u00f3n del cliente, la m\u00e1quina puede ser dotada de <strong>MESA DE Alimentaci\u00f3n FRASCO VACIO<\/strong> di\u00e1metro 1.000 mm en acero inox AISI 304 con la base circular de pl\u00e1stico (polietileno).<\/p>\n\t\t\t\t\t\t<\/div>\n\t\t\t\t<\/div>\n\t\t\t\t\t<\/div>\n\t\t\t\t<\/div>\n\t\t<div class=\"elementor-element elementor-element-8b4590b e-flex e-con-boxed e-con e-parent\" data-id=\"8b4590b\" data-element_type=\"container\" data-settings=\"{&quot;background_background&quot;:&quot;classic&quot;}\">\n\t\t\t\t\t<div class=\"e-con-inner\">\n\t\t\t\t<div class=\"elementor-element elementor-element-817eb1b elementor-widget elementor-widget-heading\" data-id=\"817eb1b\" data-element_type=\"widget\" data-widget_type=\"heading.default\">\n\t\t\t\t<div class=\"elementor-widget-container\">\n\t\t\t<h4 class=\"elementor-heading-title elementor-size-default\">Datos T\u00e9cnicos<\/h4>\t\t<\/div>\n\t\t\t\t<\/div>\n\t\t\t\t<div class=\"elementor-element elementor-element-9c28e1d elementor-widget elementor-widget-ld_table\" data-id=\"9c28e1d\" data-element_type=\"widget\" data-widget_type=\"ld_table.default\">\n\t\t\t\t<div class=\"elementor-widget-container\">\n\t\t\t<table><tr><td class=\"elementor-repeater-item-d804713\">Potencia instalada<\/td><td class=\"elementor-repeater-item-ad5b077\">kW 0,74<\/td><\/tr><tr><td class=\"elementor-repeater-item-72c5074\">Longitud<\/td><td class=\"elementor-repeater-item-0f05e35\">5.500 mm<\/td><\/tr><tr><td class=\"elementor-repeater-item-4be9d2e\">Anchura<\/td><td class=\"elementor-repeater-item-485afe4\">1.350 mm<\/td><\/tr><\/table>\t\t<\/div>\n\t\t\t\t<\/div>\n\t\t\t\t\t<\/div>\n\t\t\t\t<\/div>\n\t\t\t\t<\/div>\n\t\t","protected":false},"excerpt":{"rendered":"<p>Mesa motorizada adaptada al <strong>llenado manual de frascos en vidrio, hojalata o PET<\/strong> con <strong>productos s\u00f3lidos<\/strong> como verdura y fruta (alcachofa, pimientos, alcaparras, hortalizas en salmuera, olivas, setas, tomates secos, cebollas, pescado, cerezas, etc) filetes de pescado. Dicha m\u00e1quina es indicada especialmente para satisfacer <strong>exigencias productivas peque\u00f1as y medias,<\/strong> combinada con la <strong>Colmadora de vac\u00edo Mod. LV2<\/strong> o el <strong>Monobloque<\/strong> en la configuraci\u00f3n con <strong>grupo colmadora de vac\u00edo<\/strong> para l\u00edquidos como (aceite, vinagre, salmuera, jarabe) + <strong>grupo cierre envases<\/strong>.<\/p>\n<p><a class=\"pulsanterosso\" href=\"#caratteristiche\">Caracter\u00edsticas T\u00e9cnicas<\/a><\/p>\n","protected":false},"featured_media":9098,"template":"","meta":{"inline_featured_image":false},"product_cat":[103],"product_tag":[],"class_list":{"0":"post-10097","1":"product","2":"type-product","3":"status-publish","4":"has-post-thumbnail","6":"product_cat-llenadoras-universales","7":"pa_applicazione-productos-solidos","8":"pa_funzionamento-automatico-es","9":"pa_settore-alimentario","11":"first","12":"instock","13":"shipping-taxable","14":"product-type-simple"},"yoast_head":"<!-- This site is optimized with the Yoast SEO plugin v22.7 - https:\/\/yoast.com\/wordpress\/plugins\/seo\/ -->\n<title>Mesa de llenado motorizada con dos cintas transportadoras | STV Machinery<\/title>\n<meta name=\"description\" content=\"Mesa de llenado motorizada adecuada para el llenado manual de recipientes de vidrio, metal o PET con productos s\u00f3lidos como verduras y frutas, filetes de pescado, etc.\" \/>\n<meta name=\"robots\" content=\"index, follow, max-snippet:-1, max-image-preview:large, max-video-preview:-1\" \/>\n<link rel=\"canonical\" href=\"https:\/\/www.stvmachinery.it\/es\/macchinari\/llenadoras-universales\/mesa-de-llenado-motorizada-con-dos-cintas-transportadoras\/\" \/>\n<meta property=\"og:locale\" content=\"es_ES\" \/>\n<meta property=\"og:type\" content=\"article\" \/>\n<meta property=\"og:title\" content=\"Mesa de llenado motorizada con dos cintas transportadoras | STV Machinery\" \/>\n<meta property=\"og:description\" content=\"Mesa de llenado motorizada adecuada para el llenado manual de recipientes de vidrio, metal o PET con productos s\u00f3lidos como verduras y frutas, filetes de pescado, etc.\" \/>\n<meta property=\"og:url\" content=\"https:\/\/www.stvmachinery.it\/es\/macchinari\/llenadoras-universales\/mesa-de-llenado-motorizada-con-dos-cintas-transportadoras\/\" \/>\n<meta property=\"og:site_name\" content=\"STV Machinery\" \/>\n<meta property=\"article:modified_time\" content=\"2025-12-12T09:13:51+00:00\" \/>\n<meta property=\"og:image\" content=\"https:\/\/www.stvmachinery.it\/wp-content\/uploads\/2024\/03\/Tavolo-di-riempimento-motorizzato-a-due-trasportatori.webp\" \/>\n\t<meta property=\"og:image:width\" content=\"1200\" \/>\n\t<meta property=\"og:image:height\" content=\"1200\" \/>\n\t<meta property=\"og:image:type\" content=\"image\/webp\" \/>\n<meta name=\"twitter:card\" content=\"summary_large_image\" \/>\n<script type=\"application\/ld+json\" class=\"yoast-schema-graph\">{\"@context\":\"https:\/\/schema.org\",\"@graph\":[{\"@type\":\"WebPage\",\"@id\":\"https:\/\/www.stvmachinery.it\/es\/macchinari\/llenadoras-universales\/mesa-de-llenado-motorizada-con-dos-cintas-transportadoras\/\",\"url\":\"https:\/\/www.stvmachinery.it\/es\/macchinari\/llenadoras-universales\/mesa-de-llenado-motorizada-con-dos-cintas-transportadoras\/\",\"name\":\"Mesa de llenado motorizada con dos cintas transportadoras | STV Machinery\",\"isPartOf\":{\"@id\":\"https:\/\/www.stvmachinery.it\/es\/#website\"},\"primaryImageOfPage\":{\"@id\":\"https:\/\/www.stvmachinery.it\/es\/macchinari\/llenadoras-universales\/mesa-de-llenado-motorizada-con-dos-cintas-transportadoras\/#primaryimage\"},\"image\":{\"@id\":\"https:\/\/www.stvmachinery.it\/es\/macchinari\/llenadoras-universales\/mesa-de-llenado-motorizada-con-dos-cintas-transportadoras\/#primaryimage\"},\"thumbnailUrl\":\"https:\/\/www.stvmachinery.it\/wp-content\/uploads\/2024\/03\/Tavolo-di-riempimento-motorizzato-a-due-trasportatori.webp\",\"datePublished\":\"2024-03-18T13:32:47+00:00\",\"dateModified\":\"2025-12-12T09:13:51+00:00\",\"description\":\"Mesa de llenado motorizada adecuada para el llenado manual de recipientes de vidrio, metal o PET con productos s\u00f3lidos como verduras y frutas, filetes de pescado, etc.\",\"breadcrumb\":{\"@id\":\"https:\/\/www.stvmachinery.it\/es\/macchinari\/llenadoras-universales\/mesa-de-llenado-motorizada-con-dos-cintas-transportadoras\/#breadcrumb\"},\"inLanguage\":\"es\",\"potentialAction\":[{\"@type\":\"ReadAction\",\"target\":[\"https:\/\/www.stvmachinery.it\/es\/macchinari\/llenadoras-universales\/mesa-de-llenado-motorizada-con-dos-cintas-transportadoras\/\"]}]},{\"@type\":\"ImageObject\",\"inLanguage\":\"es\",\"@id\":\"https:\/\/www.stvmachinery.it\/es\/macchinari\/llenadoras-universales\/mesa-de-llenado-motorizada-con-dos-cintas-transportadoras\/#primaryimage\",\"url\":\"https:\/\/www.stvmachinery.it\/wp-content\/uploads\/2024\/03\/Tavolo-di-riempimento-motorizzato-a-due-trasportatori.webp\",\"contentUrl\":\"https:\/\/www.stvmachinery.it\/wp-content\/uploads\/2024\/03\/Tavolo-di-riempimento-motorizzato-a-due-trasportatori.webp\",\"width\":1200,\"height\":1200},{\"@type\":\"BreadcrumbList\",\"@id\":\"https:\/\/www.stvmachinery.it\/es\/macchinari\/llenadoras-universales\/mesa-de-llenado-motorizada-con-dos-cintas-transportadoras\/#breadcrumb\",\"itemListElement\":[{\"@type\":\"ListItem\",\"position\":1,\"name\":\"Home\",\"item\":\"https:\/\/www.stvmachinery.it\/es\/stv-machinery\/\"},{\"@type\":\"ListItem\",\"position\":2,\"name\":\"Maquinaria\",\"item\":\"https:\/\/www.stvmachinery.it\/es\/maquinaria\/\"},{\"@type\":\"ListItem\",\"position\":3,\"name\":\"Mesa de llenado motorizada con dos cintas transportadoras\"}]},{\"@type\":\"WebSite\",\"@id\":\"https:\/\/www.stvmachinery.it\/es\/#website\",\"url\":\"https:\/\/www.stvmachinery.it\/es\/\",\"name\":\"STV Machinery\",\"description\":\"Macchine ed impianti per l\u2019industria agroalimentare e conserviera\",\"publisher\":{\"@id\":\"https:\/\/www.stvmachinery.it\/es\/#organization\"},\"potentialAction\":[{\"@type\":\"SearchAction\",\"target\":{\"@type\":\"EntryPoint\",\"urlTemplate\":\"https:\/\/www.stvmachinery.it\/es\/?s={search_term_string}\"},\"query-input\":\"required name=search_term_string\"}],\"inLanguage\":\"es\"},{\"@type\":\"Organization\",\"@id\":\"https:\/\/www.stvmachinery.it\/es\/#organization\",\"name\":\"S.T.V. di Salati Giovanni & C. \u2013 S.n.c.\",\"alternateName\":\"STV Machinery\",\"url\":\"https:\/\/www.stvmachinery.it\/es\/\",\"logo\":{\"@type\":\"ImageObject\",\"inLanguage\":\"es\",\"@id\":\"https:\/\/www.stvmachinery.it\/es\/#\/schema\/logo\/image\/\",\"url\":\"https:\/\/www.stvmachinery.it\/wp-content\/uploads\/2021\/06\/stv-machinery-logo-positivo.png\",\"contentUrl\":\"https:\/\/www.stvmachinery.it\/wp-content\/uploads\/2021\/06\/stv-machinery-logo-positivo.png\",\"width\":481,\"height\":233,\"caption\":\"S.T.V. di Salati Giovanni & C. \u2013 S.n.c.\"},\"image\":{\"@id\":\"https:\/\/www.stvmachinery.it\/es\/#\/schema\/logo\/image\/\"},\"sameAs\":[\"https:\/\/it.linkedin.com\/company\/stv-machinery\",\"https:\/\/www.youtube.com\/channel\/UCceMPa8POjTOmZeA2_KUoeg\"]}]}<\/script>\n<!-- \/ Yoast SEO plugin. -->","yoast_head_json":{"title":"Mesa de llenado motorizada con dos cintas transportadoras | STV Machinery","description":"Mesa de llenado motorizada adecuada para el llenado manual de recipientes de vidrio, metal o PET con productos s\u00f3lidos como verduras y frutas, filetes de pescado, etc.","robots":{"index":"index","follow":"follow","max-snippet":"max-snippet:-1","max-image-preview":"max-image-preview:large","max-video-preview":"max-video-preview:-1"},"canonical":"https:\/\/www.stvmachinery.it\/es\/macchinari\/llenadoras-universales\/mesa-de-llenado-motorizada-con-dos-cintas-transportadoras\/","og_locale":"es_ES","og_type":"article","og_title":"Mesa de llenado motorizada con dos cintas transportadoras | STV Machinery","og_description":"Mesa de llenado motorizada adecuada para el llenado manual de recipientes de vidrio, metal o PET con productos s\u00f3lidos como verduras y frutas, filetes de pescado, etc.","og_url":"https:\/\/www.stvmachinery.it\/es\/macchinari\/llenadoras-universales\/mesa-de-llenado-motorizada-con-dos-cintas-transportadoras\/","og_site_name":"STV Machinery","article_modified_time":"2025-12-12T09:13:51+00:00","og_image":[{"width":1200,"height":1200,"url":"https:\/\/www.stvmachinery.it\/wp-content\/uploads\/2024\/03\/Tavolo-di-riempimento-motorizzato-a-due-trasportatori.webp","type":"image\/webp"}],"twitter_card":"summary_large_image","schema":{"@context":"https:\/\/schema.org","@graph":[{"@type":"WebPage","@id":"https:\/\/www.stvmachinery.it\/es\/macchinari\/llenadoras-universales\/mesa-de-llenado-motorizada-con-dos-cintas-transportadoras\/","url":"https:\/\/www.stvmachinery.it\/es\/macchinari\/llenadoras-universales\/mesa-de-llenado-motorizada-con-dos-cintas-transportadoras\/","name":"Mesa de llenado motorizada con dos cintas transportadoras | STV Machinery","isPartOf":{"@id":"https:\/\/www.stvmachinery.it\/es\/#website"},"primaryImageOfPage":{"@id":"https:\/\/www.stvmachinery.it\/es\/macchinari\/llenadoras-universales\/mesa-de-llenado-motorizada-con-dos-cintas-transportadoras\/#primaryimage"},"image":{"@id":"https:\/\/www.stvmachinery.it\/es\/macchinari\/llenadoras-universales\/mesa-de-llenado-motorizada-con-dos-cintas-transportadoras\/#primaryimage"},"thumbnailUrl":"https:\/\/www.stvmachinery.it\/wp-content\/uploads\/2024\/03\/Tavolo-di-riempimento-motorizzato-a-due-trasportatori.webp","datePublished":"2024-03-18T13:32:47+00:00","dateModified":"2025-12-12T09:13:51+00:00","description":"Mesa de llenado motorizada adecuada para el llenado manual de recipientes de vidrio, metal o PET con productos s\u00f3lidos como verduras y frutas, filetes de pescado, etc.","breadcrumb":{"@id":"https:\/\/www.stvmachinery.it\/es\/macchinari\/llenadoras-universales\/mesa-de-llenado-motorizada-con-dos-cintas-transportadoras\/#breadcrumb"},"inLanguage":"es","potentialAction":[{"@type":"ReadAction","target":["https:\/\/www.stvmachinery.it\/es\/macchinari\/llenadoras-universales\/mesa-de-llenado-motorizada-con-dos-cintas-transportadoras\/"]}]},{"@type":"ImageObject","inLanguage":"es","@id":"https:\/\/www.stvmachinery.it\/es\/macchinari\/llenadoras-universales\/mesa-de-llenado-motorizada-con-dos-cintas-transportadoras\/#primaryimage","url":"https:\/\/www.stvmachinery.it\/wp-content\/uploads\/2024\/03\/Tavolo-di-riempimento-motorizzato-a-due-trasportatori.webp","contentUrl":"https:\/\/www.stvmachinery.it\/wp-content\/uploads\/2024\/03\/Tavolo-di-riempimento-motorizzato-a-due-trasportatori.webp","width":1200,"height":1200},{"@type":"BreadcrumbList","@id":"https:\/\/www.stvmachinery.it\/es\/macchinari\/llenadoras-universales\/mesa-de-llenado-motorizada-con-dos-cintas-transportadoras\/#breadcrumb","itemListElement":[{"@type":"ListItem","position":1,"name":"Home","item":"https:\/\/www.stvmachinery.it\/es\/stv-machinery\/"},{"@type":"ListItem","position":2,"name":"Maquinaria","item":"https:\/\/www.stvmachinery.it\/es\/maquinaria\/"},{"@type":"ListItem","position":3,"name":"Mesa de llenado motorizada con dos cintas transportadoras"}]},{"@type":"WebSite","@id":"https:\/\/www.stvmachinery.it\/es\/#website","url":"https:\/\/www.stvmachinery.it\/es\/","name":"STV Machinery","description":"Macchine ed impianti per l\u2019industria agroalimentare e conserviera","publisher":{"@id":"https:\/\/www.stvmachinery.it\/es\/#organization"},"potentialAction":[{"@type":"SearchAction","target":{"@type":"EntryPoint","urlTemplate":"https:\/\/www.stvmachinery.it\/es\/?s={search_term_string}"},"query-input":"required name=search_term_string"}],"inLanguage":"es"},{"@type":"Organization","@id":"https:\/\/www.stvmachinery.it\/es\/#organization","name":"S.T.V. di Salati Giovanni & C. \u2013 S.n.c.","alternateName":"STV Machinery","url":"https:\/\/www.stvmachinery.it\/es\/","logo":{"@type":"ImageObject","inLanguage":"es","@id":"https:\/\/www.stvmachinery.it\/es\/#\/schema\/logo\/image\/","url":"https:\/\/www.stvmachinery.it\/wp-content\/uploads\/2021\/06\/stv-machinery-logo-positivo.png","contentUrl":"https:\/\/www.stvmachinery.it\/wp-content\/uploads\/2021\/06\/stv-machinery-logo-positivo.png","width":481,"height":233,"caption":"S.T.V. di Salati Giovanni & C. \u2013 S.n.c."},"image":{"@id":"https:\/\/www.stvmachinery.it\/es\/#\/schema\/logo\/image\/"},"sameAs":["https:\/\/it.linkedin.com\/company\/stv-machinery","https:\/\/www.youtube.com\/channel\/UCceMPa8POjTOmZeA2_KUoeg"]}]}},"_links":{"self":[{"href":"https:\/\/www.stvmachinery.it\/es\/wp-json\/wp\/v2\/product\/10097","targetHints":{"allow":["GET"]}}],"collection":[{"href":"https:\/\/www.stvmachinery.it\/es\/wp-json\/wp\/v2\/product"}],"about":[{"href":"https:\/\/www.stvmachinery.it\/es\/wp-json\/wp\/v2\/types\/product"}],"version-history":[{"count":7,"href":"https:\/\/www.stvmachinery.it\/es\/wp-json\/wp\/v2\/product\/10097\/revisions"}],"predecessor-version":[{"id":11448,"href":"https:\/\/www.stvmachinery.it\/es\/wp-json\/wp\/v2\/product\/10097\/revisions\/11448"}],"wp:featuredmedia":[{"embeddable":true,"href":"https:\/\/www.stvmachinery.it\/es\/wp-json\/wp\/v2\/media\/9098"}],"wp:attachment":[{"href":"https:\/\/www.stvmachinery.it\/es\/wp-json\/wp\/v2\/media?parent=10097"}],"wp:term":[{"taxonomy":"product_cat","embeddable":true,"href":"https:\/\/www.stvmachinery.it\/es\/wp-json\/wp\/v2\/product_cat?post=10097"},{"taxonomy":"product_tag","embeddable":true,"href":"https:\/\/www.stvmachinery.it\/es\/wp-json\/wp\/v2\/product_tag?post=10097"}],"curies":[{"name":"wp","href":"https:\/\/api.w.org\/{rel}","templated":true}]}}