{"id":10108,"date":"2024-03-18T12:44:46","date_gmt":"2024-03-18T11:44:46","guid":{"rendered":"https:\/\/www.stvmachinery.it\/macchinari\/sin%20categor\u00eda\/volcador-soplador-de-aire-y-o-vapor\/"},"modified":"2025-11-24T16:27:30","modified_gmt":"2025-11-24T15:27:30","slug":"volcador-soplador-de-aire-y-o-vapor","status":"publish","type":"product","link":"https:\/\/www.stvmachinery.it\/es\/macchinari\/lavadoras-secadoras-sopladoras-higienizadoras\/volcador-soplador-de-aire-y-o-vapor\/","title":{"rendered":"Volcador soplador de aire y\/o vapor"},"content":{"rendered":"\t\t<div data-elementor-type=\"product-post\" data-elementor-id=\"10108\" class=\"elementor elementor-10108 elementor-8361\" data-elementor-post-type=\"product\">\n\t\t\t\t<div class=\"elementor-element elementor-element-6862582 e-flex e-con-boxed e-con e-parent\" data-id=\"6862582\" data-element_type=\"container\">\n\t\t\t\t\t<div class=\"e-con-inner\">\n\t\t\t\t<div class=\"elementor-element elementor-element-5f5a5a2 elementor-widget elementor-widget-video\" data-id=\"5f5a5a2\" data-element_type=\"widget\" data-settings=\"{&quot;youtube_url&quot;:&quot;https:\\\/\\\/youtu.be\\\/9-tZgR2FGYU?feature=shared&quot;,&quot;start&quot;:0,&quot;end&quot;:44,&quot;video_type&quot;:&quot;youtube&quot;,&quot;controls&quot;:&quot;yes&quot;}\" data-widget_type=\"video.default\">\n\t\t\t\t<div class=\"elementor-widget-container\">\n\t\t\t<style>\/*! elementor - v3.21.0 - 08-05-2024 *\/\n.elementor-widget-video .elementor-widget-container{overflow:hidden;transform:translateZ(0)}.elementor-widget-video .elementor-wrapper{aspect-ratio:var(--video-aspect-ratio)}.elementor-widget-video .elementor-wrapper iframe,.elementor-widget-video .elementor-wrapper video{height:100%;width:100%;display:flex;border:none;background-color:#000}@supports not (aspect-ratio:1\/1){.elementor-widget-video .elementor-wrapper{position:relative;overflow:hidden;height:0;padding-bottom:calc(100% \/ var(--video-aspect-ratio))}.elementor-widget-video .elementor-wrapper iframe,.elementor-widget-video .elementor-wrapper video{position:absolute;top:0;right:0;bottom:0;left:0}}.elementor-widget-video .elementor-open-inline .elementor-custom-embed-image-overlay{position:absolute;top:0;right:0;bottom:0;left:0;background-size:cover;background-position:50%}.elementor-widget-video .elementor-custom-embed-image-overlay{cursor:pointer;text-align:center}.elementor-widget-video .elementor-custom-embed-image-overlay:hover .elementor-custom-embed-play i{opacity:1}.elementor-widget-video .elementor-custom-embed-image-overlay img{display:block;width:100%;aspect-ratio:var(--video-aspect-ratio);-o-object-fit:cover;object-fit:cover;-o-object-position:center center;object-position:center center}@supports not (aspect-ratio:1\/1){.elementor-widget-video .elementor-custom-embed-image-overlay{position:relative;overflow:hidden;height:0;padding-bottom:calc(100% \/ var(--video-aspect-ratio))}.elementor-widget-video .elementor-custom-embed-image-overlay img{position:absolute;top:0;right:0;bottom:0;left:0}}.elementor-widget-video .e-hosted-video .elementor-video{-o-object-fit:cover;object-fit:cover}.e-con-inner>.elementor-widget-video,.e-con>.elementor-widget-video{width:var(--container-widget-width);--flex-grow:var(--container-widget-flex-grow)}<\/style>\t\t<div class=\"elementor-wrapper elementor-open-inline\">\n\t\t\t<div class=\"elementor-video\"><\/div>\t\t<\/div>\n\t\t\t\t<\/div>\n\t\t\t\t<\/div>\n\t\t\t\t\t<\/div>\n\t\t\t\t<\/div>\n\t\t<div class=\"elementor-element elementor-element-59c4d64 e-flex e-con-boxed e-con e-parent\" data-id=\"59c4d64\" data-element_type=\"container\" id=\"caratteristiche\">\n\t\t\t\t\t<div class=\"e-con-inner\">\n\t\t\t\t<div class=\"elementor-element elementor-element-d2b95ff elementor-widget elementor-widget-text-editor\" data-id=\"d2b95ff\" data-element_type=\"widget\" data-widget_type=\"text-editor.default\">\n\t\t\t\t<div class=\"elementor-widget-container\">\n\t\t\t<style>\/*! elementor - v3.21.0 - 08-05-2024 *\/\n.elementor-widget-text-editor.elementor-drop-cap-view-stacked .elementor-drop-cap{background-color:#69727d;color:#fff}.elementor-widget-text-editor.elementor-drop-cap-view-framed .elementor-drop-cap{color:#69727d;border:3px solid;background-color:transparent}.elementor-widget-text-editor:not(.elementor-drop-cap-view-default) .elementor-drop-cap{margin-top:8px}.elementor-widget-text-editor:not(.elementor-drop-cap-view-default) .elementor-drop-cap-letter{width:1em;height:1em}.elementor-widget-text-editor .elementor-drop-cap{float:left;text-align:center;line-height:1;font-size:50px}.elementor-widget-text-editor .elementor-drop-cap-letter{display:inline-block}<\/style>\t\t\t\t<h3>Caracter\u00edsticas Constructivas<\/h3>\n<ul>\n<li>Estructura en <strong>acero inox AISI 304<\/strong> con pies de apoyo regulables en altura.<\/li>\n<li>Cinta transportadora a una v\u00eda con cadena table-top en acero inox, gu\u00edas que se adaptan seg\u00fan las diferentes medidas de los recipientes, en la parte inicial motorizada mediante moto variador.<\/li>\n<li>Grupo de volquete a 180\u00b0.<\/li>\n<li>Serie de boquillas soplador aire.<\/li>\n<li>Electro ventilador.<br \/>Conducto recogida impurezas.<\/li>\n<li>Cuadro el\u00e9ctrico de mandos en acero inox.<\/li>\n<li><strong>Protecci\u00f3n contra accidentes<\/strong> seg\u00fan las normas CE<\/li>\n<li>Fabricaci\u00f3n en <strong>acero inox AISI 304<\/strong>, excepto algunas partes que son realizadas en material id\u00f3neo al correcto funcionamiento.<\/li>\n<\/ul>\n\t\t\t\t\t\t<\/div>\n\t\t\t\t<\/div>\n\t\t\t\t\t<\/div>\n\t\t\t\t<\/div>\n\t\t<div class=\"elementor-element elementor-element-06be501 e-flex e-con-boxed e-con e-parent\" data-id=\"06be501\" data-element_type=\"container\" data-settings=\"{&quot;background_background&quot;:&quot;classic&quot;}\">\n\t\t\t\t\t<div class=\"e-con-inner\">\n\t\t\t\t<div class=\"elementor-element elementor-element-d9bca75 elementor-widget elementor-widget-heading\" data-id=\"d9bca75\" data-element_type=\"widget\" data-widget_type=\"heading.default\">\n\t\t\t\t<div class=\"elementor-widget-container\">\n\t\t\t<style>\/*! elementor - v3.21.0 - 08-05-2024 *\/\n.elementor-heading-title{padding:0;margin:0;line-height:1}.elementor-widget-heading .elementor-heading-title[class*=elementor-size-]>a{color:inherit;font-size:inherit;line-height:inherit}.elementor-widget-heading .elementor-heading-title.elementor-size-small{font-size:15px}.elementor-widget-heading .elementor-heading-title.elementor-size-medium{font-size:19px}.elementor-widget-heading .elementor-heading-title.elementor-size-large{font-size:29px}.elementor-widget-heading .elementor-heading-title.elementor-size-xl{font-size:39px}.elementor-widget-heading .elementor-heading-title.elementor-size-xxl{font-size:59px}<\/style><h4 class=\"elementor-heading-title elementor-size-default\">Opcional<\/h4>\t\t<\/div>\n\t\t\t\t<\/div>\n\t\t\t\t<div class=\"elementor-element elementor-element-a6d337d elementor-widget elementor-widget-text-editor\" data-id=\"a6d337d\" data-element_type=\"widget\" data-widget_type=\"text-editor.default\">\n\t\t\t\t<div class=\"elementor-widget-container\">\n\t\t\t\t\t\t\t<p>Seg\u00fan la necesidad, la m\u00e1quina puede ser dotada:<\/p>\n<ul>\n<li><strong>GRUPO SOPLADORA VAPOR:<\/strong> compuesta por un colector con boquillas y electrov\u00e1lvula para la apertura vapor en cada ciclo de trabajo.<\/li>\n<li><strong>MESA DE Alimentaci\u00f3n FRASCOS VACIOS<\/strong> di\u00e1metro 1.000 mm en acero inox AISI 304 con tabla circular en material pl\u00e1stico (polietileno). <\/li>\n<\/ul>\n\t\t\t\t\t\t<\/div>\n\t\t\t\t<\/div>\n\t\t\t\t\t<\/div>\n\t\t\t\t<\/div>\n\t\t<div class=\"elementor-element elementor-element-e369793 e-flex e-con-boxed e-con e-parent\" data-id=\"e369793\" data-element_type=\"container\" data-settings=\"{&quot;background_background&quot;:&quot;classic&quot;}\">\n\t\t\t\t\t<div class=\"e-con-inner\">\n\t\t\t\t<div class=\"elementor-element elementor-element-444b64b elementor-widget elementor-widget-heading\" data-id=\"444b64b\" data-element_type=\"widget\" data-widget_type=\"heading.default\">\n\t\t\t\t<div class=\"elementor-widget-container\">\n\t\t\t<h4 class=\"elementor-heading-title elementor-size-default\">Datos T\u00e9cnicos<\/h4>\t\t<\/div>\n\t\t\t\t<\/div>\n\t\t\t\t<div class=\"elementor-element elementor-element-d7679d2 elementor-widget elementor-widget-ld_table\" data-id=\"d7679d2\" data-element_type=\"widget\" data-widget_type=\"ld_table.default\">\n\t\t\t\t<div class=\"elementor-widget-container\">\n\t\t\t<table><tr><td class=\"elementor-repeater-item-4be9d2e\">Capacidad<\/td><td class=\"elementor-repeater-item-485afe4\">2.700 frascos\/hora approx. da 314 ml (diam.60 mm)<\/td><\/tr><tr><td class=\"elementor-repeater-item-72c5074\">Potencia instalada<\/td><td class=\"elementor-repeater-item-0f05e35\">kW 2,65 aprox.<\/td><\/tr><tr><td class=\"elementor-repeater-item-510be3e\">Longitud<\/td><td class=\"elementor-repeater-item-721abc6\">4.500 mm aprox.<\/td><\/tr><tr><td class=\"elementor-repeater-item-379837c\">Anchura<\/td><td class=\"elementor-repeater-item-5780731\">1.400 mm aprox.<\/td><\/tr><\/table>\t\t<\/div>\n\t\t\t\t<\/div>\n\t\t\t\t\t<\/div>\n\t\t\t\t<\/div>\n\t\t\t\t<\/div>\n\t\t","protected":false},"excerpt":{"rendered":"<p>M\u00e1quina id\u00f3nea para <strong>eliminar las impurezas en el interno de los frascos vac\u00edos<\/strong> en vidrio, metal o PET, antes de llenarlos con el producto.<\/p>\n<p>Los recipientes se env\u00edan a la cinta transportadora, que alimenta el volquete a 180\u00b0, el cual, con movimiento alternado, posiciona los recipientes encima de una serie de boquillas que soplan aire que genera un electro ventilador.<br \/>\nEl grupo de volquete est\u00e1 construido de gu\u00edas regulables en varios formatos de recipientes, dichas gu\u00edas act\u00faan como una pinza mediante cilindros neum\u00e1ticos.<br \/>\nLas fotoc\u00e9lulas controlan la formaci\u00f3n de la l\u00ednea de recipientes, una vez la l\u00ednea se completa, da un impulso al motor el\u00e9ctrico dirigido por un invertir para efectuar el volquete y trae los recipientes en posici\u00f3n de soplado con aire.<\/p>\n<p>Una vez la operaci\u00f3n se ha casi finalizado, los recipientes se reposicionan en la cinta transportadora para enviarlos al llenado.<\/p>\n<p><a class=\"pulsanterosso\" href=\"#caratteristiche\">Caracter\u00edsticas T\u00e9cnicas<\/a><\/p>\n","protected":false},"featured_media":9077,"template":"","meta":{"inline_featured_image":false},"product_cat":[99],"product_tag":[],"class_list":{"0":"post-10108","1":"product","2":"type-product","3":"status-publish","4":"has-post-thumbnail","6":"product_cat-lavadoras-secadoras-sopladoras-higienizadoras","7":"pa_applicazione-contenedores-vacios","8":"pa_funzionamento-automatico-es","9":"pa_settore-alimentario","10":"pa_settore-cosmetica-y-detergencia-es","11":"pa_settore-quimica-y-fertilizantes","13":"first","14":"instock","15":"shipping-taxable","16":"product-type-simple"},"yoast_head":"<!-- This site is optimized with the Yoast SEO plugin v22.7 - https:\/\/yoast.com\/wordpress\/plugins\/seo\/ -->\n<title>Volcador soplador de aire y\/o vapor | STV Machinery<\/title>\n<meta name=\"description\" content=\"M\u00e1quina id\u00f3nea para eliminar las impurezas en el interno de los frascos vac\u00edos en vidrio, metal o PET, antes de llenarlos con el producto. Descubre mas!\" \/>\n<meta name=\"robots\" content=\"index, follow, max-snippet:-1, max-image-preview:large, max-video-preview:-1\" \/>\n<link rel=\"canonical\" href=\"https:\/\/www.stvmachinery.it\/es\/macchinari\/lavadoras-secadoras-sopladoras-higienizadoras\/volcador-soplador-de-aire-y-o-vapor\/\" \/>\n<meta property=\"og:locale\" content=\"es_ES\" \/>\n<meta property=\"og:type\" content=\"article\" \/>\n<meta property=\"og:title\" content=\"Volcador soplador de aire y\/o vapor | STV Machinery\" \/>\n<meta property=\"og:description\" content=\"M\u00e1quina id\u00f3nea para eliminar las impurezas en el interno de los frascos vac\u00edos en vidrio, metal o PET, antes de llenarlos con el producto. Descubre mas!\" \/>\n<meta property=\"og:url\" content=\"https:\/\/www.stvmachinery.it\/es\/macchinari\/lavadoras-secadoras-sopladoras-higienizadoras\/volcador-soplador-de-aire-y-o-vapor\/\" \/>\n<meta property=\"og:site_name\" content=\"STV Machinery\" \/>\n<meta property=\"article:modified_time\" content=\"2025-11-24T15:27:30+00:00\" \/>\n<meta property=\"og:image\" content=\"https:\/\/www.stvmachinery.it\/wp-content\/uploads\/2024\/03\/Ribaltatore-soffiatore-ad-aria-eo-vapore.webp\" \/>\n\t<meta property=\"og:image:width\" content=\"1200\" \/>\n\t<meta property=\"og:image:height\" content=\"1200\" \/>\n\t<meta property=\"og:image:type\" content=\"image\/webp\" \/>\n<meta name=\"twitter:card\" content=\"summary_large_image\" \/>\n<script type=\"application\/ld+json\" class=\"yoast-schema-graph\">{\"@context\":\"https:\/\/schema.org\",\"@graph\":[{\"@type\":\"WebPage\",\"@id\":\"https:\/\/www.stvmachinery.it\/es\/macchinari\/lavadoras-secadoras-sopladoras-higienizadoras\/volcador-soplador-de-aire-y-o-vapor\/\",\"url\":\"https:\/\/www.stvmachinery.it\/es\/macchinari\/lavadoras-secadoras-sopladoras-higienizadoras\/volcador-soplador-de-aire-y-o-vapor\/\",\"name\":\"Volcador soplador de aire y\/o vapor | STV Machinery\",\"isPartOf\":{\"@id\":\"https:\/\/www.stvmachinery.it\/es\/#website\"},\"primaryImageOfPage\":{\"@id\":\"https:\/\/www.stvmachinery.it\/es\/macchinari\/lavadoras-secadoras-sopladoras-higienizadoras\/volcador-soplador-de-aire-y-o-vapor\/#primaryimage\"},\"image\":{\"@id\":\"https:\/\/www.stvmachinery.it\/es\/macchinari\/lavadoras-secadoras-sopladoras-higienizadoras\/volcador-soplador-de-aire-y-o-vapor\/#primaryimage\"},\"thumbnailUrl\":\"https:\/\/www.stvmachinery.it\/wp-content\/uploads\/2024\/03\/Ribaltatore-soffiatore-ad-aria-eo-vapore.webp\",\"datePublished\":\"2024-03-18T11:44:46+00:00\",\"dateModified\":\"2025-11-24T15:27:30+00:00\",\"description\":\"M\u00e1quina id\u00f3nea para eliminar las impurezas en el interno de los frascos vac\u00edos en vidrio, metal o PET, antes de llenarlos con el producto. Descubre mas!\",\"breadcrumb\":{\"@id\":\"https:\/\/www.stvmachinery.it\/es\/macchinari\/lavadoras-secadoras-sopladoras-higienizadoras\/volcador-soplador-de-aire-y-o-vapor\/#breadcrumb\"},\"inLanguage\":\"es\",\"potentialAction\":[{\"@type\":\"ReadAction\",\"target\":[\"https:\/\/www.stvmachinery.it\/es\/macchinari\/lavadoras-secadoras-sopladoras-higienizadoras\/volcador-soplador-de-aire-y-o-vapor\/\"]}]},{\"@type\":\"ImageObject\",\"inLanguage\":\"es\",\"@id\":\"https:\/\/www.stvmachinery.it\/es\/macchinari\/lavadoras-secadoras-sopladoras-higienizadoras\/volcador-soplador-de-aire-y-o-vapor\/#primaryimage\",\"url\":\"https:\/\/www.stvmachinery.it\/wp-content\/uploads\/2024\/03\/Ribaltatore-soffiatore-ad-aria-eo-vapore.webp\",\"contentUrl\":\"https:\/\/www.stvmachinery.it\/wp-content\/uploads\/2024\/03\/Ribaltatore-soffiatore-ad-aria-eo-vapore.webp\",\"width\":1200,\"height\":1200},{\"@type\":\"BreadcrumbList\",\"@id\":\"https:\/\/www.stvmachinery.it\/es\/macchinari\/lavadoras-secadoras-sopladoras-higienizadoras\/volcador-soplador-de-aire-y-o-vapor\/#breadcrumb\",\"itemListElement\":[{\"@type\":\"ListItem\",\"position\":1,\"name\":\"Home\",\"item\":\"https:\/\/www.stvmachinery.it\/es\/stv-machinery\/\"},{\"@type\":\"ListItem\",\"position\":2,\"name\":\"Maquinaria\",\"item\":\"https:\/\/www.stvmachinery.it\/es\/maquinaria\/\"},{\"@type\":\"ListItem\",\"position\":3,\"name\":\"Volcador soplador de aire y\/o vapor\"}]},{\"@type\":\"WebSite\",\"@id\":\"https:\/\/www.stvmachinery.it\/es\/#website\",\"url\":\"https:\/\/www.stvmachinery.it\/es\/\",\"name\":\"STV Machinery\",\"description\":\"Macchine ed impianti per l\u2019industria agroalimentare e conserviera\",\"publisher\":{\"@id\":\"https:\/\/www.stvmachinery.it\/es\/#organization\"},\"potentialAction\":[{\"@type\":\"SearchAction\",\"target\":{\"@type\":\"EntryPoint\",\"urlTemplate\":\"https:\/\/www.stvmachinery.it\/es\/?s={search_term_string}\"},\"query-input\":\"required name=search_term_string\"}],\"inLanguage\":\"es\"},{\"@type\":\"Organization\",\"@id\":\"https:\/\/www.stvmachinery.it\/es\/#organization\",\"name\":\"S.T.V. di Salati Giovanni & C. \u2013 S.n.c.\",\"alternateName\":\"STV Machinery\",\"url\":\"https:\/\/www.stvmachinery.it\/es\/\",\"logo\":{\"@type\":\"ImageObject\",\"inLanguage\":\"es\",\"@id\":\"https:\/\/www.stvmachinery.it\/es\/#\/schema\/logo\/image\/\",\"url\":\"https:\/\/www.stvmachinery.it\/wp-content\/uploads\/2021\/06\/stv-machinery-logo-positivo.png\",\"contentUrl\":\"https:\/\/www.stvmachinery.it\/wp-content\/uploads\/2021\/06\/stv-machinery-logo-positivo.png\",\"width\":481,\"height\":233,\"caption\":\"S.T.V. di Salati Giovanni & C. \u2013 S.n.c.\"},\"image\":{\"@id\":\"https:\/\/www.stvmachinery.it\/es\/#\/schema\/logo\/image\/\"},\"sameAs\":[\"https:\/\/it.linkedin.com\/company\/stv-machinery\",\"https:\/\/www.youtube.com\/channel\/UCceMPa8POjTOmZeA2_KUoeg\"]}]}<\/script>\n<!-- \/ Yoast SEO plugin. -->","yoast_head_json":{"title":"Volcador soplador de aire y\/o vapor | STV Machinery","description":"M\u00e1quina id\u00f3nea para eliminar las impurezas en el interno de los frascos vac\u00edos en vidrio, metal o PET, antes de llenarlos con el producto. Descubre mas!","robots":{"index":"index","follow":"follow","max-snippet":"max-snippet:-1","max-image-preview":"max-image-preview:large","max-video-preview":"max-video-preview:-1"},"canonical":"https:\/\/www.stvmachinery.it\/es\/macchinari\/lavadoras-secadoras-sopladoras-higienizadoras\/volcador-soplador-de-aire-y-o-vapor\/","og_locale":"es_ES","og_type":"article","og_title":"Volcador soplador de aire y\/o vapor | STV Machinery","og_description":"M\u00e1quina id\u00f3nea para eliminar las impurezas en el interno de los frascos vac\u00edos en vidrio, metal o PET, antes de llenarlos con el producto. Descubre mas!","og_url":"https:\/\/www.stvmachinery.it\/es\/macchinari\/lavadoras-secadoras-sopladoras-higienizadoras\/volcador-soplador-de-aire-y-o-vapor\/","og_site_name":"STV Machinery","article_modified_time":"2025-11-24T15:27:30+00:00","og_image":[{"width":1200,"height":1200,"url":"https:\/\/www.stvmachinery.it\/wp-content\/uploads\/2024\/03\/Ribaltatore-soffiatore-ad-aria-eo-vapore.webp","type":"image\/webp"}],"twitter_card":"summary_large_image","schema":{"@context":"https:\/\/schema.org","@graph":[{"@type":"WebPage","@id":"https:\/\/www.stvmachinery.it\/es\/macchinari\/lavadoras-secadoras-sopladoras-higienizadoras\/volcador-soplador-de-aire-y-o-vapor\/","url":"https:\/\/www.stvmachinery.it\/es\/macchinari\/lavadoras-secadoras-sopladoras-higienizadoras\/volcador-soplador-de-aire-y-o-vapor\/","name":"Volcador soplador de aire y\/o vapor | STV Machinery","isPartOf":{"@id":"https:\/\/www.stvmachinery.it\/es\/#website"},"primaryImageOfPage":{"@id":"https:\/\/www.stvmachinery.it\/es\/macchinari\/lavadoras-secadoras-sopladoras-higienizadoras\/volcador-soplador-de-aire-y-o-vapor\/#primaryimage"},"image":{"@id":"https:\/\/www.stvmachinery.it\/es\/macchinari\/lavadoras-secadoras-sopladoras-higienizadoras\/volcador-soplador-de-aire-y-o-vapor\/#primaryimage"},"thumbnailUrl":"https:\/\/www.stvmachinery.it\/wp-content\/uploads\/2024\/03\/Ribaltatore-soffiatore-ad-aria-eo-vapore.webp","datePublished":"2024-03-18T11:44:46+00:00","dateModified":"2025-11-24T15:27:30+00:00","description":"M\u00e1quina id\u00f3nea para eliminar las impurezas en el interno de los frascos vac\u00edos en vidrio, metal o PET, antes de llenarlos con el producto. Descubre mas!","breadcrumb":{"@id":"https:\/\/www.stvmachinery.it\/es\/macchinari\/lavadoras-secadoras-sopladoras-higienizadoras\/volcador-soplador-de-aire-y-o-vapor\/#breadcrumb"},"inLanguage":"es","potentialAction":[{"@type":"ReadAction","target":["https:\/\/www.stvmachinery.it\/es\/macchinari\/lavadoras-secadoras-sopladoras-higienizadoras\/volcador-soplador-de-aire-y-o-vapor\/"]}]},{"@type":"ImageObject","inLanguage":"es","@id":"https:\/\/www.stvmachinery.it\/es\/macchinari\/lavadoras-secadoras-sopladoras-higienizadoras\/volcador-soplador-de-aire-y-o-vapor\/#primaryimage","url":"https:\/\/www.stvmachinery.it\/wp-content\/uploads\/2024\/03\/Ribaltatore-soffiatore-ad-aria-eo-vapore.webp","contentUrl":"https:\/\/www.stvmachinery.it\/wp-content\/uploads\/2024\/03\/Ribaltatore-soffiatore-ad-aria-eo-vapore.webp","width":1200,"height":1200},{"@type":"BreadcrumbList","@id":"https:\/\/www.stvmachinery.it\/es\/macchinari\/lavadoras-secadoras-sopladoras-higienizadoras\/volcador-soplador-de-aire-y-o-vapor\/#breadcrumb","itemListElement":[{"@type":"ListItem","position":1,"name":"Home","item":"https:\/\/www.stvmachinery.it\/es\/stv-machinery\/"},{"@type":"ListItem","position":2,"name":"Maquinaria","item":"https:\/\/www.stvmachinery.it\/es\/maquinaria\/"},{"@type":"ListItem","position":3,"name":"Volcador soplador de aire y\/o vapor"}]},{"@type":"WebSite","@id":"https:\/\/www.stvmachinery.it\/es\/#website","url":"https:\/\/www.stvmachinery.it\/es\/","name":"STV Machinery","description":"Macchine ed impianti per l\u2019industria agroalimentare e conserviera","publisher":{"@id":"https:\/\/www.stvmachinery.it\/es\/#organization"},"potentialAction":[{"@type":"SearchAction","target":{"@type":"EntryPoint","urlTemplate":"https:\/\/www.stvmachinery.it\/es\/?s={search_term_string}"},"query-input":"required name=search_term_string"}],"inLanguage":"es"},{"@type":"Organization","@id":"https:\/\/www.stvmachinery.it\/es\/#organization","name":"S.T.V. di Salati Giovanni & C. \u2013 S.n.c.","alternateName":"STV Machinery","url":"https:\/\/www.stvmachinery.it\/es\/","logo":{"@type":"ImageObject","inLanguage":"es","@id":"https:\/\/www.stvmachinery.it\/es\/#\/schema\/logo\/image\/","url":"https:\/\/www.stvmachinery.it\/wp-content\/uploads\/2021\/06\/stv-machinery-logo-positivo.png","contentUrl":"https:\/\/www.stvmachinery.it\/wp-content\/uploads\/2021\/06\/stv-machinery-logo-positivo.png","width":481,"height":233,"caption":"S.T.V. di Salati Giovanni & C. \u2013 S.n.c."},"image":{"@id":"https:\/\/www.stvmachinery.it\/es\/#\/schema\/logo\/image\/"},"sameAs":["https:\/\/it.linkedin.com\/company\/stv-machinery","https:\/\/www.youtube.com\/channel\/UCceMPa8POjTOmZeA2_KUoeg"]}]}},"_links":{"self":[{"href":"https:\/\/www.stvmachinery.it\/es\/wp-json\/wp\/v2\/product\/10108","targetHints":{"allow":["GET"]}}],"collection":[{"href":"https:\/\/www.stvmachinery.it\/es\/wp-json\/wp\/v2\/product"}],"about":[{"href":"https:\/\/www.stvmachinery.it\/es\/wp-json\/wp\/v2\/types\/product"}],"version-history":[{"count":8,"href":"https:\/\/www.stvmachinery.it\/es\/wp-json\/wp\/v2\/product\/10108\/revisions"}],"predecessor-version":[{"id":11378,"href":"https:\/\/www.stvmachinery.it\/es\/wp-json\/wp\/v2\/product\/10108\/revisions\/11378"}],"wp:featuredmedia":[{"embeddable":true,"href":"https:\/\/www.stvmachinery.it\/es\/wp-json\/wp\/v2\/media\/9077"}],"wp:attachment":[{"href":"https:\/\/www.stvmachinery.it\/es\/wp-json\/wp\/v2\/media?parent=10108"}],"wp:term":[{"taxonomy":"product_cat","embeddable":true,"href":"https:\/\/www.stvmachinery.it\/es\/wp-json\/wp\/v2\/product_cat?post=10108"},{"taxonomy":"product_tag","embeddable":true,"href":"https:\/\/www.stvmachinery.it\/es\/wp-json\/wp\/v2\/product_tag?post=10108"}],"curies":[{"name":"wp","href":"https:\/\/api.w.org\/{rel}","templated":true}]}}