{"id":10113,"date":"2024-03-18T11:48:02","date_gmt":"2024-03-18T10:48:02","guid":{"rendered":"https:\/\/www.stvmachinery.it\/macchinari\/sin%20categor\u00eda\/higienizadora-sopladora-volteadora-a-tapones\/"},"modified":"2025-11-24T16:45:52","modified_gmt":"2025-11-24T15:45:52","slug":"higienizadora-sopladora-volteadora-a-tapones","status":"publish","type":"product","link":"https:\/\/www.stvmachinery.it\/es\/macchinari\/lavadoras-secadoras-sopladoras-higienizadoras\/higienizadora-sopladora-volteadora-a-tapones\/","title":{"rendered":"Higienizadora Sopladora Volteadora a tapones"},"content":{"rendered":"\t\t<div data-elementor-type=\"product-post\" data-elementor-id=\"10113\" class=\"elementor elementor-10113 elementor-8346\" data-elementor-post-type=\"product\">\n\t\t\t\t<div class=\"elementor-element elementor-element-59c4d64 e-flex e-con-boxed e-con e-parent\" data-id=\"59c4d64\" data-element_type=\"container\" id=\"caratteristiche\">\n\t\t\t\t\t<div class=\"e-con-inner\">\n\t\t\t\t<div class=\"elementor-element elementor-element-d2b95ff elementor-widget elementor-widget-text-editor\" data-id=\"d2b95ff\" data-element_type=\"widget\" data-widget_type=\"text-editor.default\">\n\t\t\t\t<div class=\"elementor-widget-container\">\n\t\t\t<style>\/*! elementor - v3.21.0 - 08-05-2024 *\/\n.elementor-widget-text-editor.elementor-drop-cap-view-stacked .elementor-drop-cap{background-color:#69727d;color:#fff}.elementor-widget-text-editor.elementor-drop-cap-view-framed .elementor-drop-cap{color:#69727d;border:3px solid;background-color:transparent}.elementor-widget-text-editor:not(.elementor-drop-cap-view-default) .elementor-drop-cap{margin-top:8px}.elementor-widget-text-editor:not(.elementor-drop-cap-view-default) .elementor-drop-cap-letter{width:1em;height:1em}.elementor-widget-text-editor .elementor-drop-cap{float:left;text-align:center;line-height:1;font-size:50px}.elementor-widget-text-editor .elementor-drop-cap-letter{display:inline-block}<\/style>\t\t\t\t<h3>Caracter\u00edsticas Constructivas<\/h3>\n<ul>\n<li>Plataforma en chapa de acero inox con pies de apoyo ajustable en altura, portante un par de cadenas biplanares que se oponen con tampones en goma (elast\u00f3mero) guiado por las l\u00edneas de rodadura en polietileno de alta densidad.<\/li>\n<li>Motorizaci\u00f3n mediante moto reductor controlado por inverter.<\/li>\n<li>Lubrificaci\u00f3n centralizada manual mediante central.<\/li>\n<li>Soplador por anillo para soplar aire continuamente.<\/li>\n<li>Colector de soplar AIRE\/VAPOR\/AIRE e instrumentaci\u00f3n de control para inyecci\u00f3n chorro de vapor (en caso de necesidad).<\/li>\n<li>Tanque en acero inox para la recogida de las impurezas.<br \/>N. 2 cintas transportadoras en acero inox.<\/li>\n<li>Cobertura frascos en acero inox sita en la cinta de salida.<\/li>\n<li>Cuadro el\u00e9ctrico de mandos en acero inox.<\/li>\n<li><strong>Protecci\u00f3n contra accidentes<\/strong> seg\u00fan las normas CE<\/li>\n<li>Construcci\u00f3n en <strong>acero inox AISI 304<\/strong>, excepto algunas partes de materiales diferentes id\u00f3nea a su funcionamiento.<\/li>\n<\/ul>\n\t\t\t\t\t\t<\/div>\n\t\t\t\t<\/div>\n\t\t\t\t\t<\/div>\n\t\t\t\t<\/div>\n\t\t<div class=\"elementor-element elementor-element-06be501 e-flex e-con-boxed e-con e-parent\" data-id=\"06be501\" data-element_type=\"container\" data-settings=\"{&quot;background_background&quot;:&quot;classic&quot;}\">\n\t\t\t\t\t<div class=\"e-con-inner\">\n\t\t\t\t<div class=\"elementor-element elementor-element-d9bca75 elementor-widget elementor-widget-heading\" data-id=\"d9bca75\" data-element_type=\"widget\" data-widget_type=\"heading.default\">\n\t\t\t\t<div class=\"elementor-widget-container\">\n\t\t\t<style>\/*! elementor - v3.21.0 - 08-05-2024 *\/\n.elementor-heading-title{padding:0;margin:0;line-height:1}.elementor-widget-heading .elementor-heading-title[class*=elementor-size-]>a{color:inherit;font-size:inherit;line-height:inherit}.elementor-widget-heading .elementor-heading-title.elementor-size-small{font-size:15px}.elementor-widget-heading .elementor-heading-title.elementor-size-medium{font-size:19px}.elementor-widget-heading .elementor-heading-title.elementor-size-large{font-size:29px}.elementor-widget-heading .elementor-heading-title.elementor-size-xl{font-size:39px}.elementor-widget-heading .elementor-heading-title.elementor-size-xxl{font-size:59px}<\/style><h4 class=\"elementor-heading-title elementor-size-default\">Opcional<\/h4>\t\t<\/div>\n\t\t\t\t<\/div>\n\t\t\t\t<div class=\"elementor-element elementor-element-a6d337d elementor-widget elementor-widget-text-editor\" data-id=\"a6d337d\" data-element_type=\"widget\" data-widget_type=\"text-editor.default\">\n\t\t\t\t<div class=\"elementor-widget-container\">\n\t\t\t\t\t\t\t<p>Seg\u00fan la necesidad, la m\u00e1quina puede ser entregada con <strong>MESA DE ALIMENTACION FRASCOS VACIOS<\/strong> di\u00e1metro 1.000 mm en acero inox AISI 304 con tabla circular en material pl\u00e1stico (polietileno). <\/p>\n\t\t\t\t\t\t<\/div>\n\t\t\t\t<\/div>\n\t\t\t\t\t<\/div>\n\t\t\t\t<\/div>\n\t\t<div class=\"elementor-element elementor-element-e369793 e-flex e-con-boxed e-con e-parent\" data-id=\"e369793\" data-element_type=\"container\" data-settings=\"{&quot;background_background&quot;:&quot;classic&quot;}\">\n\t\t\t\t\t<div class=\"e-con-inner\">\n\t\t\t\t<div class=\"elementor-element elementor-element-444b64b elementor-widget elementor-widget-heading\" data-id=\"444b64b\" data-element_type=\"widget\" data-widget_type=\"heading.default\">\n\t\t\t\t<div class=\"elementor-widget-container\">\n\t\t\t<h4 class=\"elementor-heading-title elementor-size-default\">Datos T\u00e9cnicos<\/h4>\t\t<\/div>\n\t\t\t\t<\/div>\n\t\t\t\t<div class=\"elementor-element elementor-element-d7679d2 elementor-widget elementor-widget-ld_table\" data-id=\"d7679d2\" data-element_type=\"widget\" data-widget_type=\"ld_table.default\">\n\t\t\t\t<div class=\"elementor-widget-container\">\n\t\t\t<table><tr><td class=\"elementor-repeater-item-4be9d2e\">Capacidad<\/td><td class=\"elementor-repeater-item-485afe4\">2.000 frascos\/hora aprox. de 314 ml<\/td><\/tr><tr><td class=\"elementor-repeater-item-72c5074\">Potencia instalada<\/td><td class=\"elementor-repeater-item-0f05e35\">4,29 kW aprox.<\/td><\/tr><tr><td class=\"elementor-repeater-item-510be3e\">Longitud<\/td><td class=\"elementor-repeater-item-721abc6\">3.700 mm aprox.<\/td><\/tr><tr><td class=\"elementor-repeater-item-379837c\">Anchura<\/td><td class=\"elementor-repeater-item-5780731\">1.600 mm aprox. (incluyendo las cintas)<\/td><\/tr><\/table>\t\t<\/div>\n\t\t\t\t<\/div>\n\t\t\t\t\t<\/div>\n\t\t\t\t<\/div>\n\t\t<div class=\"elementor-element elementor-element-000f20f e-flex e-con-boxed e-con e-parent\" data-id=\"000f20f\" data-element_type=\"container\" data-settings=\"{&quot;background_background&quot;:&quot;classic&quot;}\">\n\t\t\t\t\t<div class=\"e-con-inner\">\n\t\t\t\t<div class=\"elementor-element elementor-element-c1bc190 elementor-widget elementor-widget-heading\" data-id=\"c1bc190\" data-element_type=\"widget\" data-widget_type=\"heading.default\">\n\t\t\t\t<div class=\"elementor-widget-container\">\n\t\t\t<h4 class=\"elementor-heading-title elementor-size-default\">Video<\/h4>\t\t<\/div>\n\t\t\t\t<\/div>\n\t\t\t\t<div class=\"elementor-element elementor-element-bb5e231 elementor-widget elementor-widget-video\" data-id=\"bb5e231\" data-element_type=\"widget\" data-settings=\"{&quot;youtube_url&quot;:&quot;https:\\\/\\\/youtu.be\\\/Iy9RwqTSiyQ&quot;,&quot;video_type&quot;:&quot;youtube&quot;,&quot;controls&quot;:&quot;yes&quot;}\" data-widget_type=\"video.default\">\n\t\t\t\t<div class=\"elementor-widget-container\">\n\t\t\t<style>\/*! elementor - v3.21.0 - 08-05-2024 *\/\n.elementor-widget-video .elementor-widget-container{overflow:hidden;transform:translateZ(0)}.elementor-widget-video .elementor-wrapper{aspect-ratio:var(--video-aspect-ratio)}.elementor-widget-video .elementor-wrapper iframe,.elementor-widget-video .elementor-wrapper video{height:100%;width:100%;display:flex;border:none;background-color:#000}@supports not (aspect-ratio:1\/1){.elementor-widget-video .elementor-wrapper{position:relative;overflow:hidden;height:0;padding-bottom:calc(100% \/ var(--video-aspect-ratio))}.elementor-widget-video .elementor-wrapper iframe,.elementor-widget-video .elementor-wrapper video{position:absolute;top:0;right:0;bottom:0;left:0}}.elementor-widget-video .elementor-open-inline .elementor-custom-embed-image-overlay{position:absolute;top:0;right:0;bottom:0;left:0;background-size:cover;background-position:50%}.elementor-widget-video .elementor-custom-embed-image-overlay{cursor:pointer;text-align:center}.elementor-widget-video .elementor-custom-embed-image-overlay:hover .elementor-custom-embed-play i{opacity:1}.elementor-widget-video .elementor-custom-embed-image-overlay img{display:block;width:100%;aspect-ratio:var(--video-aspect-ratio);-o-object-fit:cover;object-fit:cover;-o-object-position:center center;object-position:center center}@supports not (aspect-ratio:1\/1){.elementor-widget-video .elementor-custom-embed-image-overlay{position:relative;overflow:hidden;height:0;padding-bottom:calc(100% \/ var(--video-aspect-ratio))}.elementor-widget-video .elementor-custom-embed-image-overlay img{position:absolute;top:0;right:0;bottom:0;left:0}}.elementor-widget-video .e-hosted-video .elementor-video{-o-object-fit:cover;object-fit:cover}.e-con-inner>.elementor-widget-video,.e-con>.elementor-widget-video{width:var(--container-widget-width);--flex-grow:var(--container-widget-flex-grow)}<\/style>\t\t<div class=\"elementor-wrapper elementor-open-inline\">\n\t\t\t<div class=\"elementor-video\"><\/div>\t\t<\/div>\n\t\t\t\t<\/div>\n\t\t\t\t<\/div>\n\t\t\t\t\t<\/div>\n\t\t\t\t<\/div>\n\t\t\t\t<\/div>\n\t\t","protected":false},"excerpt":{"rendered":"<p>M\u00e1quina id\u00f3nea para <strong>eliminar las impurezas en el interno de los frascos vac\u00edos<\/strong> en vidrio, metal o PET, antes de llenarlos con el producto.<\/p>\n<p>Los frascos se env\u00edan a las cintas transportadoras que alimentan el par de cadenas biplanarias con tampones.<br \/>\nEl aire sopla continuamente de acuerdo con el <strong>ciclo AIRE\/VAPOR\/AIRE<\/strong> en caso de no ser solicitado el vapor, s\u00f3lo se puede utilizar aire.<br \/>\nLa distancia entre los tampones elastom\u00e8ricos aplicados a las cadenas puede ser ajustado contempor\u00e1neamente y simult\u00e1neamente en el recorrido de la m\u00e1quina, adapt\u00e1ndola a las dimensiones de los frascos.<br \/>\nDespu\u00e9s del ajuste, los frascos se reposicionan en la cinta transportadora para ser enviada al llenado.<\/p>\n<div><a class=\"pulsanterosso\" href=\"#caratteristiche\">Caracter\u00edsticas T\u00e9cnicas<\/a><\/div>\n","protected":false},"featured_media":9065,"template":"","meta":{"inline_featured_image":false},"product_cat":[99],"product_tag":[],"class_list":{"0":"post-10113","1":"product","2":"type-product","3":"status-publish","4":"has-post-thumbnail","6":"product_cat-lavadoras-secadoras-sopladoras-higienizadoras","7":"pa_applicazione-contenedores-vacios","8":"pa_funzionamento-automatico-es","9":"pa_settore-alimentario","10":"pa_settore-cosmetica-y-detergencia-es","11":"pa_settore-quimica-y-fertilizantes","13":"first","14":"instock","15":"shipping-taxable","16":"product-type-simple"},"yoast_head":"<!-- This site is optimized with the Yoast SEO plugin v22.7 - https:\/\/yoast.com\/wordpress\/plugins\/seo\/ -->\n<title>Higienizadora Sopladora Volteadora a tapones | STV Machinery<\/title>\n<meta name=\"description\" content=\"La Higienizadora Sopladora Volteadora a tapones es una m\u00e1quina id\u00f3nea para eliminar impuridades en el interior de frascos vac\u00edos en vidrio, metal o PET antes del llenado con el producto.\" \/>\n<meta name=\"robots\" content=\"index, follow, max-snippet:-1, max-image-preview:large, max-video-preview:-1\" \/>\n<link rel=\"canonical\" href=\"https:\/\/www.stvmachinery.it\/es\/macchinari\/lavadoras-secadoras-sopladoras-higienizadoras\/higienizadora-sopladora-volteadora-a-tapones\/\" \/>\n<meta property=\"og:locale\" content=\"es_ES\" \/>\n<meta property=\"og:type\" content=\"article\" \/>\n<meta property=\"og:title\" content=\"Higienizadora Sopladora Volteadora a tapones | STV Machinery\" \/>\n<meta property=\"og:description\" content=\"La Higienizadora Sopladora Volteadora a tapones es una m\u00e1quina id\u00f3nea para eliminar impuridades en el interior de frascos vac\u00edos en vidrio, metal o PET antes del llenado con el producto.\" \/>\n<meta property=\"og:url\" content=\"https:\/\/www.stvmachinery.it\/es\/macchinari\/lavadoras-secadoras-sopladoras-higienizadoras\/higienizadora-sopladora-volteadora-a-tapones\/\" \/>\n<meta property=\"og:site_name\" content=\"STV Machinery\" \/>\n<meta property=\"article:modified_time\" content=\"2025-11-24T15:45:52+00:00\" \/>\n<meta property=\"og:image\" content=\"https:\/\/www.stvmachinery.it\/wp-content\/uploads\/2024\/03\/Soffiatrice-capovolgitrice-a-tamponi.webp\" \/>\n\t<meta property=\"og:image:width\" content=\"1200\" \/>\n\t<meta property=\"og:image:height\" content=\"1200\" \/>\n\t<meta property=\"og:image:type\" content=\"image\/webp\" \/>\n<meta name=\"twitter:card\" content=\"summary_large_image\" \/>\n<script type=\"application\/ld+json\" class=\"yoast-schema-graph\">{\"@context\":\"https:\/\/schema.org\",\"@graph\":[{\"@type\":\"WebPage\",\"@id\":\"https:\/\/www.stvmachinery.it\/es\/macchinari\/lavadoras-secadoras-sopladoras-higienizadoras\/higienizadora-sopladora-volteadora-a-tapones\/\",\"url\":\"https:\/\/www.stvmachinery.it\/es\/macchinari\/lavadoras-secadoras-sopladoras-higienizadoras\/higienizadora-sopladora-volteadora-a-tapones\/\",\"name\":\"Higienizadora Sopladora Volteadora a tapones | STV Machinery\",\"isPartOf\":{\"@id\":\"https:\/\/www.stvmachinery.it\/es\/#website\"},\"primaryImageOfPage\":{\"@id\":\"https:\/\/www.stvmachinery.it\/es\/macchinari\/lavadoras-secadoras-sopladoras-higienizadoras\/higienizadora-sopladora-volteadora-a-tapones\/#primaryimage\"},\"image\":{\"@id\":\"https:\/\/www.stvmachinery.it\/es\/macchinari\/lavadoras-secadoras-sopladoras-higienizadoras\/higienizadora-sopladora-volteadora-a-tapones\/#primaryimage\"},\"thumbnailUrl\":\"https:\/\/www.stvmachinery.it\/wp-content\/uploads\/2024\/03\/Soffiatrice-capovolgitrice-a-tamponi.webp\",\"datePublished\":\"2024-03-18T10:48:02+00:00\",\"dateModified\":\"2025-11-24T15:45:52+00:00\",\"description\":\"La Higienizadora Sopladora Volteadora a tapones es una m\u00e1quina id\u00f3nea para eliminar impuridades en el interior de frascos vac\u00edos en vidrio, metal o PET antes del llenado con el producto.\",\"breadcrumb\":{\"@id\":\"https:\/\/www.stvmachinery.it\/es\/macchinari\/lavadoras-secadoras-sopladoras-higienizadoras\/higienizadora-sopladora-volteadora-a-tapones\/#breadcrumb\"},\"inLanguage\":\"es\",\"potentialAction\":[{\"@type\":\"ReadAction\",\"target\":[\"https:\/\/www.stvmachinery.it\/es\/macchinari\/lavadoras-secadoras-sopladoras-higienizadoras\/higienizadora-sopladora-volteadora-a-tapones\/\"]}]},{\"@type\":\"ImageObject\",\"inLanguage\":\"es\",\"@id\":\"https:\/\/www.stvmachinery.it\/es\/macchinari\/lavadoras-secadoras-sopladoras-higienizadoras\/higienizadora-sopladora-volteadora-a-tapones\/#primaryimage\",\"url\":\"https:\/\/www.stvmachinery.it\/wp-content\/uploads\/2024\/03\/Soffiatrice-capovolgitrice-a-tamponi.webp\",\"contentUrl\":\"https:\/\/www.stvmachinery.it\/wp-content\/uploads\/2024\/03\/Soffiatrice-capovolgitrice-a-tamponi.webp\",\"width\":1200,\"height\":1200},{\"@type\":\"BreadcrumbList\",\"@id\":\"https:\/\/www.stvmachinery.it\/es\/macchinari\/lavadoras-secadoras-sopladoras-higienizadoras\/higienizadora-sopladora-volteadora-a-tapones\/#breadcrumb\",\"itemListElement\":[{\"@type\":\"ListItem\",\"position\":1,\"name\":\"Home\",\"item\":\"https:\/\/www.stvmachinery.it\/es\/stv-machinery\/\"},{\"@type\":\"ListItem\",\"position\":2,\"name\":\"Maquinaria\",\"item\":\"https:\/\/www.stvmachinery.it\/es\/maquinaria\/\"},{\"@type\":\"ListItem\",\"position\":3,\"name\":\"Higienizadora Sopladora Volteadora a tapones\"}]},{\"@type\":\"WebSite\",\"@id\":\"https:\/\/www.stvmachinery.it\/es\/#website\",\"url\":\"https:\/\/www.stvmachinery.it\/es\/\",\"name\":\"STV Machinery\",\"description\":\"Macchine ed impianti per l\u2019industria agroalimentare e conserviera\",\"publisher\":{\"@id\":\"https:\/\/www.stvmachinery.it\/es\/#organization\"},\"potentialAction\":[{\"@type\":\"SearchAction\",\"target\":{\"@type\":\"EntryPoint\",\"urlTemplate\":\"https:\/\/www.stvmachinery.it\/es\/?s={search_term_string}\"},\"query-input\":\"required name=search_term_string\"}],\"inLanguage\":\"es\"},{\"@type\":\"Organization\",\"@id\":\"https:\/\/www.stvmachinery.it\/es\/#organization\",\"name\":\"S.T.V. di Salati Giovanni & C. \u2013 S.n.c.\",\"alternateName\":\"STV Machinery\",\"url\":\"https:\/\/www.stvmachinery.it\/es\/\",\"logo\":{\"@type\":\"ImageObject\",\"inLanguage\":\"es\",\"@id\":\"https:\/\/www.stvmachinery.it\/es\/#\/schema\/logo\/image\/\",\"url\":\"https:\/\/www.stvmachinery.it\/wp-content\/uploads\/2021\/06\/stv-machinery-logo-positivo.png\",\"contentUrl\":\"https:\/\/www.stvmachinery.it\/wp-content\/uploads\/2021\/06\/stv-machinery-logo-positivo.png\",\"width\":481,\"height\":233,\"caption\":\"S.T.V. di Salati Giovanni & C. \u2013 S.n.c.\"},\"image\":{\"@id\":\"https:\/\/www.stvmachinery.it\/es\/#\/schema\/logo\/image\/\"},\"sameAs\":[\"https:\/\/it.linkedin.com\/company\/stv-machinery\",\"https:\/\/www.youtube.com\/channel\/UCceMPa8POjTOmZeA2_KUoeg\"]}]}<\/script>\n<!-- \/ Yoast SEO plugin. -->","yoast_head_json":{"title":"Higienizadora Sopladora Volteadora a tapones | STV Machinery","description":"La Higienizadora Sopladora Volteadora a tapones es una m\u00e1quina id\u00f3nea para eliminar impuridades en el interior de frascos vac\u00edos en vidrio, metal o PET antes del llenado con el producto.","robots":{"index":"index","follow":"follow","max-snippet":"max-snippet:-1","max-image-preview":"max-image-preview:large","max-video-preview":"max-video-preview:-1"},"canonical":"https:\/\/www.stvmachinery.it\/es\/macchinari\/lavadoras-secadoras-sopladoras-higienizadoras\/higienizadora-sopladora-volteadora-a-tapones\/","og_locale":"es_ES","og_type":"article","og_title":"Higienizadora Sopladora Volteadora a tapones | STV Machinery","og_description":"La Higienizadora Sopladora Volteadora a tapones es una m\u00e1quina id\u00f3nea para eliminar impuridades en el interior de frascos vac\u00edos en vidrio, metal o PET antes del llenado con el producto.","og_url":"https:\/\/www.stvmachinery.it\/es\/macchinari\/lavadoras-secadoras-sopladoras-higienizadoras\/higienizadora-sopladora-volteadora-a-tapones\/","og_site_name":"STV Machinery","article_modified_time":"2025-11-24T15:45:52+00:00","og_image":[{"width":1200,"height":1200,"url":"https:\/\/www.stvmachinery.it\/wp-content\/uploads\/2024\/03\/Soffiatrice-capovolgitrice-a-tamponi.webp","type":"image\/webp"}],"twitter_card":"summary_large_image","schema":{"@context":"https:\/\/schema.org","@graph":[{"@type":"WebPage","@id":"https:\/\/www.stvmachinery.it\/es\/macchinari\/lavadoras-secadoras-sopladoras-higienizadoras\/higienizadora-sopladora-volteadora-a-tapones\/","url":"https:\/\/www.stvmachinery.it\/es\/macchinari\/lavadoras-secadoras-sopladoras-higienizadoras\/higienizadora-sopladora-volteadora-a-tapones\/","name":"Higienizadora Sopladora Volteadora a tapones | STV Machinery","isPartOf":{"@id":"https:\/\/www.stvmachinery.it\/es\/#website"},"primaryImageOfPage":{"@id":"https:\/\/www.stvmachinery.it\/es\/macchinari\/lavadoras-secadoras-sopladoras-higienizadoras\/higienizadora-sopladora-volteadora-a-tapones\/#primaryimage"},"image":{"@id":"https:\/\/www.stvmachinery.it\/es\/macchinari\/lavadoras-secadoras-sopladoras-higienizadoras\/higienizadora-sopladora-volteadora-a-tapones\/#primaryimage"},"thumbnailUrl":"https:\/\/www.stvmachinery.it\/wp-content\/uploads\/2024\/03\/Soffiatrice-capovolgitrice-a-tamponi.webp","datePublished":"2024-03-18T10:48:02+00:00","dateModified":"2025-11-24T15:45:52+00:00","description":"La Higienizadora Sopladora Volteadora a tapones es una m\u00e1quina id\u00f3nea para eliminar impuridades en el interior de frascos vac\u00edos en vidrio, metal o PET antes del llenado con el producto.","breadcrumb":{"@id":"https:\/\/www.stvmachinery.it\/es\/macchinari\/lavadoras-secadoras-sopladoras-higienizadoras\/higienizadora-sopladora-volteadora-a-tapones\/#breadcrumb"},"inLanguage":"es","potentialAction":[{"@type":"ReadAction","target":["https:\/\/www.stvmachinery.it\/es\/macchinari\/lavadoras-secadoras-sopladoras-higienizadoras\/higienizadora-sopladora-volteadora-a-tapones\/"]}]},{"@type":"ImageObject","inLanguage":"es","@id":"https:\/\/www.stvmachinery.it\/es\/macchinari\/lavadoras-secadoras-sopladoras-higienizadoras\/higienizadora-sopladora-volteadora-a-tapones\/#primaryimage","url":"https:\/\/www.stvmachinery.it\/wp-content\/uploads\/2024\/03\/Soffiatrice-capovolgitrice-a-tamponi.webp","contentUrl":"https:\/\/www.stvmachinery.it\/wp-content\/uploads\/2024\/03\/Soffiatrice-capovolgitrice-a-tamponi.webp","width":1200,"height":1200},{"@type":"BreadcrumbList","@id":"https:\/\/www.stvmachinery.it\/es\/macchinari\/lavadoras-secadoras-sopladoras-higienizadoras\/higienizadora-sopladora-volteadora-a-tapones\/#breadcrumb","itemListElement":[{"@type":"ListItem","position":1,"name":"Home","item":"https:\/\/www.stvmachinery.it\/es\/stv-machinery\/"},{"@type":"ListItem","position":2,"name":"Maquinaria","item":"https:\/\/www.stvmachinery.it\/es\/maquinaria\/"},{"@type":"ListItem","position":3,"name":"Higienizadora Sopladora Volteadora a tapones"}]},{"@type":"WebSite","@id":"https:\/\/www.stvmachinery.it\/es\/#website","url":"https:\/\/www.stvmachinery.it\/es\/","name":"STV Machinery","description":"Macchine ed impianti per l\u2019industria agroalimentare e conserviera","publisher":{"@id":"https:\/\/www.stvmachinery.it\/es\/#organization"},"potentialAction":[{"@type":"SearchAction","target":{"@type":"EntryPoint","urlTemplate":"https:\/\/www.stvmachinery.it\/es\/?s={search_term_string}"},"query-input":"required name=search_term_string"}],"inLanguage":"es"},{"@type":"Organization","@id":"https:\/\/www.stvmachinery.it\/es\/#organization","name":"S.T.V. di Salati Giovanni & C. \u2013 S.n.c.","alternateName":"STV Machinery","url":"https:\/\/www.stvmachinery.it\/es\/","logo":{"@type":"ImageObject","inLanguage":"es","@id":"https:\/\/www.stvmachinery.it\/es\/#\/schema\/logo\/image\/","url":"https:\/\/www.stvmachinery.it\/wp-content\/uploads\/2021\/06\/stv-machinery-logo-positivo.png","contentUrl":"https:\/\/www.stvmachinery.it\/wp-content\/uploads\/2021\/06\/stv-machinery-logo-positivo.png","width":481,"height":233,"caption":"S.T.V. di Salati Giovanni & C. \u2013 S.n.c."},"image":{"@id":"https:\/\/www.stvmachinery.it\/es\/#\/schema\/logo\/image\/"},"sameAs":["https:\/\/it.linkedin.com\/company\/stv-machinery","https:\/\/www.youtube.com\/channel\/UCceMPa8POjTOmZeA2_KUoeg"]}]}},"_links":{"self":[{"href":"https:\/\/www.stvmachinery.it\/es\/wp-json\/wp\/v2\/product\/10113","targetHints":{"allow":["GET"]}}],"collection":[{"href":"https:\/\/www.stvmachinery.it\/es\/wp-json\/wp\/v2\/product"}],"about":[{"href":"https:\/\/www.stvmachinery.it\/es\/wp-json\/wp\/v2\/types\/product"}],"version-history":[{"count":6,"href":"https:\/\/www.stvmachinery.it\/es\/wp-json\/wp\/v2\/product\/10113\/revisions"}],"predecessor-version":[{"id":11393,"href":"https:\/\/www.stvmachinery.it\/es\/wp-json\/wp\/v2\/product\/10113\/revisions\/11393"}],"wp:featuredmedia":[{"embeddable":true,"href":"https:\/\/www.stvmachinery.it\/es\/wp-json\/wp\/v2\/media\/9065"}],"wp:attachment":[{"href":"https:\/\/www.stvmachinery.it\/es\/wp-json\/wp\/v2\/media?parent=10113"}],"wp:term":[{"taxonomy":"product_cat","embeddable":true,"href":"https:\/\/www.stvmachinery.it\/es\/wp-json\/wp\/v2\/product_cat?post=10113"},{"taxonomy":"product_tag","embeddable":true,"href":"https:\/\/www.stvmachinery.it\/es\/wp-json\/wp\/v2\/product_tag?post=10113"}],"curies":[{"name":"wp","href":"https:\/\/api.w.org\/{rel}","templated":true}]}}