{"id":10118,"date":"2024-03-18T11:25:33","date_gmt":"2024-03-18T10:25:33","guid":{"rendered":"https:\/\/www.stvmachinery.it\/macchinari\/sin%20categor\u00eda\/sopladora-aire-vapor-a-twist\/"},"modified":"2025-11-24T16:39:02","modified_gmt":"2025-11-24T15:39:02","slug":"sopladora-aire-vapor-a-twist","status":"publish","type":"product","link":"https:\/\/www.stvmachinery.it\/es\/macchinari\/lavadoras-secadoras-sopladoras-higienizadoras\/sopladora-aire-vapor-a-twist\/","title":{"rendered":"Sopladora aire\/vapor a Twist"},"content":{"rendered":"\t\t<div data-elementor-type=\"product-post\" data-elementor-id=\"10118\" class=\"elementor elementor-10118 elementor-8336\" data-elementor-post-type=\"product\">\n\t\t\t\t<div class=\"elementor-element elementor-element-1294ff5 e-flex e-con-boxed e-con e-parent\" data-id=\"1294ff5\" data-element_type=\"container\" id=\"caratteristiche\">\n\t\t\t\t\t<div class=\"e-con-inner\">\n\t\t\t\t<div class=\"elementor-element elementor-element-3c4470c elementor-widget elementor-widget-text-editor\" data-id=\"3c4470c\" data-element_type=\"widget\" data-widget_type=\"text-editor.default\">\n\t\t\t\t<div class=\"elementor-widget-container\">\n\t\t\t<style>\/*! elementor - v3.21.0 - 08-05-2024 *\/\n.elementor-widget-text-editor.elementor-drop-cap-view-stacked .elementor-drop-cap{background-color:#69727d;color:#fff}.elementor-widget-text-editor.elementor-drop-cap-view-framed .elementor-drop-cap{color:#69727d;border:3px solid;background-color:transparent}.elementor-widget-text-editor:not(.elementor-drop-cap-view-default) .elementor-drop-cap{margin-top:8px}.elementor-widget-text-editor:not(.elementor-drop-cap-view-default) .elementor-drop-cap-letter{width:1em;height:1em}.elementor-widget-text-editor .elementor-drop-cap{float:left;text-align:center;line-height:1;font-size:50px}.elementor-widget-text-editor .elementor-drop-cap-letter{display:inline-block}<\/style>\t\t\t\t<h3>Principio de funcionamiento<\/h3>\n<p>En el <strong>primer paso del twist<\/strong> los frascos rotan a 180\u00b0 y se posicionan encima de una serie de boquillas que soplan aire que genera un electro ventilador, succesivamente en la <strong>2\u00b0 fase<\/strong> un colector con instrumentaci\u00f2n de control inyecta un chorro de vapor (en caso no sea solicitado, el colector de vapor no se instala). Successivamente los frascos entran en el <strong>3\u00b0 estadio del twist<\/strong>, donde giran de nuevo a 180\u00b0 y salen en posici\u00f2n de llenado. <\/p>\n<p>El cambio de formato se realiza sustituyendo el twist, fijado sobre soportes situados al interno del chasis, tr\u00e0mite a los volantes se adaptan al empujador al nuevo di\u00e0mero del frasco.<\/p>\n\t\t\t\t\t\t<\/div>\n\t\t\t\t<\/div>\n\t\t\t\t\t<\/div>\n\t\t\t\t<\/div>\n\t\t<div class=\"elementor-element elementor-element-59c4d64 e-flex e-con-boxed e-con e-parent\" data-id=\"59c4d64\" data-element_type=\"container\">\n\t\t\t\t\t<div class=\"e-con-inner\">\n\t\t\t\t<div class=\"elementor-element elementor-element-d2b95ff elementor-widget elementor-widget-text-editor\" data-id=\"d2b95ff\" data-element_type=\"widget\" data-widget_type=\"text-editor.default\">\n\t\t\t\t<div class=\"elementor-widget-container\">\n\t\t\t\t\t\t\t<h3>Caracter\u00edsticas Constructivas<\/h3>\n<ul>\n<li>Estructura en acero inox AISI 304 con apertura y pies de apoyo regulables en altura.<\/li>\n<li>Grupo espintor.<\/li>\n<li>Electro-ventilador.<\/li>\n<li>Dispositivo inyecci\u00f2n vapor (si se solicita).<\/li>\n<li>N.1 twist en dotaci\u00f2n para N. 1 formato de frasco.<\/li>\n<li>Cuadro el\u00e9ctrico de mandos en acero inox.<\/li>\n<li>Sistema de protecci\u00f3n de seguridad seg\u00fan las normas CE.<\/li>\n<\/ul>\n\t\t\t\t\t\t<\/div>\n\t\t\t\t<\/div>\n\t\t\t\t\t<\/div>\n\t\t\t\t<\/div>\n\t\t<div class=\"elementor-element elementor-element-06be501 e-flex e-con-boxed e-con e-parent\" data-id=\"06be501\" data-element_type=\"container\" data-settings=\"{&quot;background_background&quot;:&quot;classic&quot;}\">\n\t\t\t\t\t<div class=\"e-con-inner\">\n\t\t\t\t<div class=\"elementor-element elementor-element-d9bca75 elementor-widget elementor-widget-heading\" data-id=\"d9bca75\" data-element_type=\"widget\" data-widget_type=\"heading.default\">\n\t\t\t\t<div class=\"elementor-widget-container\">\n\t\t\t<style>\/*! elementor - v3.21.0 - 08-05-2024 *\/\n.elementor-heading-title{padding:0;margin:0;line-height:1}.elementor-widget-heading .elementor-heading-title[class*=elementor-size-]>a{color:inherit;font-size:inherit;line-height:inherit}.elementor-widget-heading .elementor-heading-title.elementor-size-small{font-size:15px}.elementor-widget-heading .elementor-heading-title.elementor-size-medium{font-size:19px}.elementor-widget-heading .elementor-heading-title.elementor-size-large{font-size:29px}.elementor-widget-heading .elementor-heading-title.elementor-size-xl{font-size:39px}.elementor-widget-heading .elementor-heading-title.elementor-size-xxl{font-size:59px}<\/style><h4 class=\"elementor-heading-title elementor-size-default\">Opcional<\/h4>\t\t<\/div>\n\t\t\t\t<\/div>\n\t\t\t\t<div class=\"elementor-element elementor-element-a6d337d elementor-widget elementor-widget-text-editor\" data-id=\"a6d337d\" data-element_type=\"widget\" data-widget_type=\"text-editor.default\">\n\t\t\t\t<div class=\"elementor-widget-container\">\n\t\t\t\t\t\t\t<p>A pedido, la m\u00e0quina puede ser dotada de una <strong>MESA DE Alimentaci\u00f3n FRASCOS VACIOS<\/strong> di\u00e1metro 1.000 mm en acero inox AISI 304 con tabla circular en material pl\u00e1stico (polietileno). <\/p>\n\t\t\t\t\t\t<\/div>\n\t\t\t\t<\/div>\n\t\t\t\t\t<\/div>\n\t\t\t\t<\/div>\n\t\t<div class=\"elementor-element elementor-element-e369793 e-flex e-con-boxed e-con e-parent\" data-id=\"e369793\" data-element_type=\"container\" data-settings=\"{&quot;background_background&quot;:&quot;classic&quot;}\">\n\t\t\t\t\t<div class=\"e-con-inner\">\n\t\t\t\t<div class=\"elementor-element elementor-element-444b64b elementor-widget elementor-widget-heading\" data-id=\"444b64b\" data-element_type=\"widget\" data-widget_type=\"heading.default\">\n\t\t\t\t<div class=\"elementor-widget-container\">\n\t\t\t<h4 class=\"elementor-heading-title elementor-size-default\">Datos T\u00e9cnicos<\/h4>\t\t<\/div>\n\t\t\t\t<\/div>\n\t\t\t\t<div class=\"elementor-element elementor-element-d7679d2 elementor-widget elementor-widget-ld_table\" data-id=\"d7679d2\" data-element_type=\"widget\" data-widget_type=\"ld_table.default\">\n\t\t\t\t<div class=\"elementor-widget-container\">\n\t\t\t<table><tr><td class=\"elementor-repeater-item-4be9d2e\">Capacidad<\/td><td class=\"elementor-repeater-item-485afe4\">6.000 frascos\/hora de 314 ml<\/td><\/tr><tr><td class=\"elementor-repeater-item-72c5074\">Potencia instalada<\/td><td class=\"elementor-repeater-item-0f05e35\">kW 2,60<\/td><\/tr><tr><td class=\"elementor-repeater-item-510be3e\">Longitud<\/td><td class=\"elementor-repeater-item-721abc6\">3.000 mm<\/td><\/tr><tr><td class=\"elementor-repeater-item-379837c\">Anchura<\/td><td class=\"elementor-repeater-item-5780731\">500 mm<\/td><\/tr><\/table>\t\t<\/div>\n\t\t\t\t<\/div>\n\t\t\t\t\t<\/div>\n\t\t\t\t<\/div>\n\t\t<div class=\"elementor-element elementor-element-000f20f e-flex e-con-boxed e-con e-parent\" data-id=\"000f20f\" data-element_type=\"container\" data-settings=\"{&quot;background_background&quot;:&quot;classic&quot;}\">\n\t\t\t\t\t<div class=\"e-con-inner\">\n\t\t\t\t<div class=\"elementor-element elementor-element-c1bc190 elementor-widget elementor-widget-heading\" data-id=\"c1bc190\" data-element_type=\"widget\" data-widget_type=\"heading.default\">\n\t\t\t\t<div class=\"elementor-widget-container\">\n\t\t\t<h4 class=\"elementor-heading-title elementor-size-default\">Video<\/h4>\t\t<\/div>\n\t\t\t\t<\/div>\n\t\t\t\t<div class=\"elementor-element elementor-element-bb5e231 elementor-widget elementor-widget-video\" data-id=\"bb5e231\" data-element_type=\"widget\" data-settings=\"{&quot;youtube_url&quot;:&quot;https:\\\/\\\/youtu.be\\\/Z18hUlg5i8s&quot;,&quot;video_type&quot;:&quot;youtube&quot;,&quot;controls&quot;:&quot;yes&quot;}\" data-widget_type=\"video.default\">\n\t\t\t\t<div class=\"elementor-widget-container\">\n\t\t\t<style>\/*! elementor - v3.21.0 - 08-05-2024 *\/\n.elementor-widget-video .elementor-widget-container{overflow:hidden;transform:translateZ(0)}.elementor-widget-video .elementor-wrapper{aspect-ratio:var(--video-aspect-ratio)}.elementor-widget-video .elementor-wrapper iframe,.elementor-widget-video .elementor-wrapper video{height:100%;width:100%;display:flex;border:none;background-color:#000}@supports not (aspect-ratio:1\/1){.elementor-widget-video .elementor-wrapper{position:relative;overflow:hidden;height:0;padding-bottom:calc(100% \/ var(--video-aspect-ratio))}.elementor-widget-video .elementor-wrapper iframe,.elementor-widget-video .elementor-wrapper video{position:absolute;top:0;right:0;bottom:0;left:0}}.elementor-widget-video .elementor-open-inline .elementor-custom-embed-image-overlay{position:absolute;top:0;right:0;bottom:0;left:0;background-size:cover;background-position:50%}.elementor-widget-video .elementor-custom-embed-image-overlay{cursor:pointer;text-align:center}.elementor-widget-video .elementor-custom-embed-image-overlay:hover .elementor-custom-embed-play i{opacity:1}.elementor-widget-video .elementor-custom-embed-image-overlay img{display:block;width:100%;aspect-ratio:var(--video-aspect-ratio);-o-object-fit:cover;object-fit:cover;-o-object-position:center center;object-position:center center}@supports not (aspect-ratio:1\/1){.elementor-widget-video .elementor-custom-embed-image-overlay{position:relative;overflow:hidden;height:0;padding-bottom:calc(100% \/ var(--video-aspect-ratio))}.elementor-widget-video .elementor-custom-embed-image-overlay img{position:absolute;top:0;right:0;bottom:0;left:0}}.elementor-widget-video .e-hosted-video .elementor-video{-o-object-fit:cover;object-fit:cover}.e-con-inner>.elementor-widget-video,.e-con>.elementor-widget-video{width:var(--container-widget-width);--flex-grow:var(--container-widget-flex-grow)}<\/style>\t\t<div class=\"elementor-wrapper elementor-open-inline\">\n\t\t\t<div class=\"elementor-video\"><\/div>\t\t<\/div>\n\t\t\t\t<\/div>\n\t\t\t\t<\/div>\n\t\t\t\t\t<\/div>\n\t\t\t\t<\/div>\n\t\t\t\t<\/div>\n\t\t","protected":false},"excerpt":{"rendered":"<p>M\u00e1quina id\u00f3nea para eliminar las impurezas en el interno de los frascos vac\u00edos en vidrio, metal o PET, antes de llenarlos con el producto.<br \/>\nLos frascos vienen posicionados en un <strong>twist en acero inox AISI 304<\/strong> con guias en polizeno tr\u00e0mite un empujador configurable sobre di\u00e0metro del frasco y con velocidad variable.<\/p>\n<div><a class=\"pulsanterosso\" href=\"#caratteristiche\">Caracter\u00edsticas T\u00e9cnicas<\/a><\/div>\n","protected":false},"featured_media":9062,"template":"","meta":{"inline_featured_image":false},"product_cat":[99],"product_tag":[],"class_list":{"0":"post-10118","1":"product","2":"type-product","3":"status-publish","4":"has-post-thumbnail","6":"product_cat-lavadoras-secadoras-sopladoras-higienizadoras","7":"pa_applicazione-contenedores-vacios","8":"pa_funzionamento-automatico-es","9":"pa_settore-alimentario","10":"pa_settore-cosmetica-y-detergencia-es","11":"pa_settore-quimica-y-fertilizantes","13":"first","14":"instock","15":"shipping-taxable","16":"product-type-simple"},"yoast_head":"<!-- This site is optimized with the Yoast SEO plugin v22.7 - https:\/\/yoast.com\/wordpress\/plugins\/seo\/ -->\n<title>Sopladora aire\/vapor a Twist | STV Machinery<\/title>\n<meta name=\"description\" content=\"La Sopladora aire\/vapor a Twist es id\u00f3nea para eliminar las impurezas en el interno de los frascos vac\u00edos en vidrio, metal o PET, antes de llenarlos con el producto.\" \/>\n<meta name=\"robots\" content=\"index, follow, max-snippet:-1, max-image-preview:large, max-video-preview:-1\" \/>\n<link rel=\"canonical\" href=\"https:\/\/www.stvmachinery.it\/es\/macchinari\/lavadoras-secadoras-sopladoras-higienizadoras\/sopladora-aire-vapor-a-twist\/\" \/>\n<meta property=\"og:locale\" content=\"es_ES\" \/>\n<meta property=\"og:type\" content=\"article\" \/>\n<meta property=\"og:title\" content=\"Sopladora aire\/vapor a Twist | STV Machinery\" \/>\n<meta property=\"og:description\" content=\"La Sopladora aire\/vapor a Twist es id\u00f3nea para eliminar las impurezas en el interno de los frascos vac\u00edos en vidrio, metal o PET, antes de llenarlos con el producto.\" \/>\n<meta property=\"og:url\" content=\"https:\/\/www.stvmachinery.it\/es\/macchinari\/lavadoras-secadoras-sopladoras-higienizadoras\/sopladora-aire-vapor-a-twist\/\" \/>\n<meta property=\"og:site_name\" content=\"STV Machinery\" \/>\n<meta property=\"article:modified_time\" content=\"2025-11-24T15:39:02+00:00\" \/>\n<meta property=\"og:image\" content=\"https:\/\/www.stvmachinery.it\/wp-content\/uploads\/2024\/03\/Soffiatrice-ariavapore-a-twist.webp\" \/>\n\t<meta property=\"og:image:width\" content=\"1200\" \/>\n\t<meta property=\"og:image:height\" content=\"1200\" \/>\n\t<meta property=\"og:image:type\" content=\"image\/webp\" \/>\n<meta name=\"twitter:card\" content=\"summary_large_image\" \/>\n<script type=\"application\/ld+json\" class=\"yoast-schema-graph\">{\"@context\":\"https:\/\/schema.org\",\"@graph\":[{\"@type\":\"WebPage\",\"@id\":\"https:\/\/www.stvmachinery.it\/es\/macchinari\/lavadoras-secadoras-sopladoras-higienizadoras\/sopladora-aire-vapor-a-twist\/\",\"url\":\"https:\/\/www.stvmachinery.it\/es\/macchinari\/lavadoras-secadoras-sopladoras-higienizadoras\/sopladora-aire-vapor-a-twist\/\",\"name\":\"Sopladora aire\/vapor a Twist | STV Machinery\",\"isPartOf\":{\"@id\":\"https:\/\/www.stvmachinery.it\/es\/#website\"},\"primaryImageOfPage\":{\"@id\":\"https:\/\/www.stvmachinery.it\/es\/macchinari\/lavadoras-secadoras-sopladoras-higienizadoras\/sopladora-aire-vapor-a-twist\/#primaryimage\"},\"image\":{\"@id\":\"https:\/\/www.stvmachinery.it\/es\/macchinari\/lavadoras-secadoras-sopladoras-higienizadoras\/sopladora-aire-vapor-a-twist\/#primaryimage\"},\"thumbnailUrl\":\"https:\/\/www.stvmachinery.it\/wp-content\/uploads\/2024\/03\/Soffiatrice-ariavapore-a-twist.webp\",\"datePublished\":\"2024-03-18T10:25:33+00:00\",\"dateModified\":\"2025-11-24T15:39:02+00:00\",\"description\":\"La Sopladora aire\/vapor a Twist es id\u00f3nea para eliminar las impurezas en el interno de los frascos vac\u00edos en vidrio, metal o PET, antes de llenarlos con el producto.\",\"breadcrumb\":{\"@id\":\"https:\/\/www.stvmachinery.it\/es\/macchinari\/lavadoras-secadoras-sopladoras-higienizadoras\/sopladora-aire-vapor-a-twist\/#breadcrumb\"},\"inLanguage\":\"es\",\"potentialAction\":[{\"@type\":\"ReadAction\",\"target\":[\"https:\/\/www.stvmachinery.it\/es\/macchinari\/lavadoras-secadoras-sopladoras-higienizadoras\/sopladora-aire-vapor-a-twist\/\"]}]},{\"@type\":\"ImageObject\",\"inLanguage\":\"es\",\"@id\":\"https:\/\/www.stvmachinery.it\/es\/macchinari\/lavadoras-secadoras-sopladoras-higienizadoras\/sopladora-aire-vapor-a-twist\/#primaryimage\",\"url\":\"https:\/\/www.stvmachinery.it\/wp-content\/uploads\/2024\/03\/Soffiatrice-ariavapore-a-twist.webp\",\"contentUrl\":\"https:\/\/www.stvmachinery.it\/wp-content\/uploads\/2024\/03\/Soffiatrice-ariavapore-a-twist.webp\",\"width\":1200,\"height\":1200},{\"@type\":\"BreadcrumbList\",\"@id\":\"https:\/\/www.stvmachinery.it\/es\/macchinari\/lavadoras-secadoras-sopladoras-higienizadoras\/sopladora-aire-vapor-a-twist\/#breadcrumb\",\"itemListElement\":[{\"@type\":\"ListItem\",\"position\":1,\"name\":\"Home\",\"item\":\"https:\/\/www.stvmachinery.it\/es\/stv-machinery\/\"},{\"@type\":\"ListItem\",\"position\":2,\"name\":\"Maquinaria\",\"item\":\"https:\/\/www.stvmachinery.it\/es\/maquinaria\/\"},{\"@type\":\"ListItem\",\"position\":3,\"name\":\"Sopladora aire\/vapor a Twist\"}]},{\"@type\":\"WebSite\",\"@id\":\"https:\/\/www.stvmachinery.it\/es\/#website\",\"url\":\"https:\/\/www.stvmachinery.it\/es\/\",\"name\":\"STV Machinery\",\"description\":\"Macchine ed impianti per l\u2019industria agroalimentare e conserviera\",\"publisher\":{\"@id\":\"https:\/\/www.stvmachinery.it\/es\/#organization\"},\"potentialAction\":[{\"@type\":\"SearchAction\",\"target\":{\"@type\":\"EntryPoint\",\"urlTemplate\":\"https:\/\/www.stvmachinery.it\/es\/?s={search_term_string}\"},\"query-input\":\"required name=search_term_string\"}],\"inLanguage\":\"es\"},{\"@type\":\"Organization\",\"@id\":\"https:\/\/www.stvmachinery.it\/es\/#organization\",\"name\":\"S.T.V. di Salati Giovanni & C. \u2013 S.n.c.\",\"alternateName\":\"STV Machinery\",\"url\":\"https:\/\/www.stvmachinery.it\/es\/\",\"logo\":{\"@type\":\"ImageObject\",\"inLanguage\":\"es\",\"@id\":\"https:\/\/www.stvmachinery.it\/es\/#\/schema\/logo\/image\/\",\"url\":\"https:\/\/www.stvmachinery.it\/wp-content\/uploads\/2021\/06\/stv-machinery-logo-positivo.png\",\"contentUrl\":\"https:\/\/www.stvmachinery.it\/wp-content\/uploads\/2021\/06\/stv-machinery-logo-positivo.png\",\"width\":481,\"height\":233,\"caption\":\"S.T.V. di Salati Giovanni & C. \u2013 S.n.c.\"},\"image\":{\"@id\":\"https:\/\/www.stvmachinery.it\/es\/#\/schema\/logo\/image\/\"},\"sameAs\":[\"https:\/\/it.linkedin.com\/company\/stv-machinery\",\"https:\/\/www.youtube.com\/channel\/UCceMPa8POjTOmZeA2_KUoeg\"]}]}<\/script>\n<!-- \/ Yoast SEO plugin. -->","yoast_head_json":{"title":"Sopladora aire\/vapor a Twist | STV Machinery","description":"La Sopladora aire\/vapor a Twist es id\u00f3nea para eliminar las impurezas en el interno de los frascos vac\u00edos en vidrio, metal o PET, antes de llenarlos con el producto.","robots":{"index":"index","follow":"follow","max-snippet":"max-snippet:-1","max-image-preview":"max-image-preview:large","max-video-preview":"max-video-preview:-1"},"canonical":"https:\/\/www.stvmachinery.it\/es\/macchinari\/lavadoras-secadoras-sopladoras-higienizadoras\/sopladora-aire-vapor-a-twist\/","og_locale":"es_ES","og_type":"article","og_title":"Sopladora aire\/vapor a Twist | STV Machinery","og_description":"La Sopladora aire\/vapor a Twist es id\u00f3nea para eliminar las impurezas en el interno de los frascos vac\u00edos en vidrio, metal o PET, antes de llenarlos con el producto.","og_url":"https:\/\/www.stvmachinery.it\/es\/macchinari\/lavadoras-secadoras-sopladoras-higienizadoras\/sopladora-aire-vapor-a-twist\/","og_site_name":"STV Machinery","article_modified_time":"2025-11-24T15:39:02+00:00","og_image":[{"width":1200,"height":1200,"url":"https:\/\/www.stvmachinery.it\/wp-content\/uploads\/2024\/03\/Soffiatrice-ariavapore-a-twist.webp","type":"image\/webp"}],"twitter_card":"summary_large_image","schema":{"@context":"https:\/\/schema.org","@graph":[{"@type":"WebPage","@id":"https:\/\/www.stvmachinery.it\/es\/macchinari\/lavadoras-secadoras-sopladoras-higienizadoras\/sopladora-aire-vapor-a-twist\/","url":"https:\/\/www.stvmachinery.it\/es\/macchinari\/lavadoras-secadoras-sopladoras-higienizadoras\/sopladora-aire-vapor-a-twist\/","name":"Sopladora aire\/vapor a Twist | STV Machinery","isPartOf":{"@id":"https:\/\/www.stvmachinery.it\/es\/#website"},"primaryImageOfPage":{"@id":"https:\/\/www.stvmachinery.it\/es\/macchinari\/lavadoras-secadoras-sopladoras-higienizadoras\/sopladora-aire-vapor-a-twist\/#primaryimage"},"image":{"@id":"https:\/\/www.stvmachinery.it\/es\/macchinari\/lavadoras-secadoras-sopladoras-higienizadoras\/sopladora-aire-vapor-a-twist\/#primaryimage"},"thumbnailUrl":"https:\/\/www.stvmachinery.it\/wp-content\/uploads\/2024\/03\/Soffiatrice-ariavapore-a-twist.webp","datePublished":"2024-03-18T10:25:33+00:00","dateModified":"2025-11-24T15:39:02+00:00","description":"La Sopladora aire\/vapor a Twist es id\u00f3nea para eliminar las impurezas en el interno de los frascos vac\u00edos en vidrio, metal o PET, antes de llenarlos con el producto.","breadcrumb":{"@id":"https:\/\/www.stvmachinery.it\/es\/macchinari\/lavadoras-secadoras-sopladoras-higienizadoras\/sopladora-aire-vapor-a-twist\/#breadcrumb"},"inLanguage":"es","potentialAction":[{"@type":"ReadAction","target":["https:\/\/www.stvmachinery.it\/es\/macchinari\/lavadoras-secadoras-sopladoras-higienizadoras\/sopladora-aire-vapor-a-twist\/"]}]},{"@type":"ImageObject","inLanguage":"es","@id":"https:\/\/www.stvmachinery.it\/es\/macchinari\/lavadoras-secadoras-sopladoras-higienizadoras\/sopladora-aire-vapor-a-twist\/#primaryimage","url":"https:\/\/www.stvmachinery.it\/wp-content\/uploads\/2024\/03\/Soffiatrice-ariavapore-a-twist.webp","contentUrl":"https:\/\/www.stvmachinery.it\/wp-content\/uploads\/2024\/03\/Soffiatrice-ariavapore-a-twist.webp","width":1200,"height":1200},{"@type":"BreadcrumbList","@id":"https:\/\/www.stvmachinery.it\/es\/macchinari\/lavadoras-secadoras-sopladoras-higienizadoras\/sopladora-aire-vapor-a-twist\/#breadcrumb","itemListElement":[{"@type":"ListItem","position":1,"name":"Home","item":"https:\/\/www.stvmachinery.it\/es\/stv-machinery\/"},{"@type":"ListItem","position":2,"name":"Maquinaria","item":"https:\/\/www.stvmachinery.it\/es\/maquinaria\/"},{"@type":"ListItem","position":3,"name":"Sopladora aire\/vapor a Twist"}]},{"@type":"WebSite","@id":"https:\/\/www.stvmachinery.it\/es\/#website","url":"https:\/\/www.stvmachinery.it\/es\/","name":"STV Machinery","description":"Macchine ed impianti per l\u2019industria agroalimentare e conserviera","publisher":{"@id":"https:\/\/www.stvmachinery.it\/es\/#organization"},"potentialAction":[{"@type":"SearchAction","target":{"@type":"EntryPoint","urlTemplate":"https:\/\/www.stvmachinery.it\/es\/?s={search_term_string}"},"query-input":"required name=search_term_string"}],"inLanguage":"es"},{"@type":"Organization","@id":"https:\/\/www.stvmachinery.it\/es\/#organization","name":"S.T.V. di Salati Giovanni & C. \u2013 S.n.c.","alternateName":"STV Machinery","url":"https:\/\/www.stvmachinery.it\/es\/","logo":{"@type":"ImageObject","inLanguage":"es","@id":"https:\/\/www.stvmachinery.it\/es\/#\/schema\/logo\/image\/","url":"https:\/\/www.stvmachinery.it\/wp-content\/uploads\/2021\/06\/stv-machinery-logo-positivo.png","contentUrl":"https:\/\/www.stvmachinery.it\/wp-content\/uploads\/2021\/06\/stv-machinery-logo-positivo.png","width":481,"height":233,"caption":"S.T.V. di Salati Giovanni & C. \u2013 S.n.c."},"image":{"@id":"https:\/\/www.stvmachinery.it\/es\/#\/schema\/logo\/image\/"},"sameAs":["https:\/\/it.linkedin.com\/company\/stv-machinery","https:\/\/www.youtube.com\/channel\/UCceMPa8POjTOmZeA2_KUoeg"]}]}},"_links":{"self":[{"href":"https:\/\/www.stvmachinery.it\/es\/wp-json\/wp\/v2\/product\/10118","targetHints":{"allow":["GET"]}}],"collection":[{"href":"https:\/\/www.stvmachinery.it\/es\/wp-json\/wp\/v2\/product"}],"about":[{"href":"https:\/\/www.stvmachinery.it\/es\/wp-json\/wp\/v2\/types\/product"}],"version-history":[{"count":8,"href":"https:\/\/www.stvmachinery.it\/es\/wp-json\/wp\/v2\/product\/10118\/revisions"}],"predecessor-version":[{"id":11387,"href":"https:\/\/www.stvmachinery.it\/es\/wp-json\/wp\/v2\/product\/10118\/revisions\/11387"}],"wp:featuredmedia":[{"embeddable":true,"href":"https:\/\/www.stvmachinery.it\/es\/wp-json\/wp\/v2\/media\/9062"}],"wp:attachment":[{"href":"https:\/\/www.stvmachinery.it\/es\/wp-json\/wp\/v2\/media?parent=10118"}],"wp:term":[{"taxonomy":"product_cat","embeddable":true,"href":"https:\/\/www.stvmachinery.it\/es\/wp-json\/wp\/v2\/product_cat?post=10118"},{"taxonomy":"product_tag","embeddable":true,"href":"https:\/\/www.stvmachinery.it\/es\/wp-json\/wp\/v2\/product_tag?post=10118"}],"curies":[{"name":"wp","href":"https:\/\/api.w.org\/{rel}","templated":true}]}}