{"id":10123,"date":"2024-03-18T10:47:07","date_gmt":"2024-03-18T09:47:07","guid":{"rendered":"https:\/\/www.stvmachinery.it\/macchinari\/sin%20categor\u00eda\/lavadoras-sistema-rotativo-para-frascos-vacios\/"},"modified":"2025-11-24T16:19:06","modified_gmt":"2025-11-24T15:19:06","slug":"lavadoras-sistema-rotativo-para-frascos-vacios","status":"publish","type":"product","link":"https:\/\/www.stvmachinery.it\/es\/macchinari\/lavadoras-secadoras-sopladoras-higienizadoras\/lavadoras-sistema-rotativo-para-frascos-vacios\/","title":{"rendered":"Lavadoras Sistema Rotativo para Frascos Vacios"},"content":{"rendered":"\t\t<div data-elementor-type=\"product-post\" data-elementor-id=\"10123\" class=\"elementor elementor-10123 elementor-8315\" data-elementor-post-type=\"product\">\n\t\t\t\t<div class=\"elementor-element elementor-element-1294ff5 e-flex e-con-boxed e-con e-parent\" data-id=\"1294ff5\" data-element_type=\"container\" id=\"caratteristiche\">\n\t\t\t\t\t<div class=\"e-con-inner\">\n\t\t\t\t<div class=\"elementor-element elementor-element-3c4470c elementor-widget elementor-widget-text-editor\" data-id=\"3c4470c\" data-element_type=\"widget\" data-widget_type=\"text-editor.default\">\n\t\t\t\t<div class=\"elementor-widget-container\">\n\t\t\t<style>\/*! elementor - v3.21.0 - 08-05-2024 *\/\n.elementor-widget-text-editor.elementor-drop-cap-view-stacked .elementor-drop-cap{background-color:#69727d;color:#fff}.elementor-widget-text-editor.elementor-drop-cap-view-framed .elementor-drop-cap{color:#69727d;border:3px solid;background-color:transparent}.elementor-widget-text-editor:not(.elementor-drop-cap-view-default) .elementor-drop-cap{margin-top:8px}.elementor-widget-text-editor:not(.elementor-drop-cap-view-default) .elementor-drop-cap-letter{width:1em;height:1em}.elementor-widget-text-editor .elementor-drop-cap{float:left;text-align:center;line-height:1;font-size:50px}.elementor-widget-text-editor .elementor-drop-cap-letter{display:inline-block}<\/style>\t\t\t\t<h3>Ciclo de trabajo<\/h3>\n<p>El ciclo se compone en 3 fases: <strong><\/strong><\/p>\n<ol>\n<li>En la <strong>primera fase<\/strong> el lavado se obtiene tr\u00e1mite boquillas a proyecci\u00f3n alimentadas por una bomba centrifuga a baja presi\u00f3n y proyectada por filtros. La bomba est\u00e1 alimentada con agua que contiene la tolva dotada de tope de lleno, alimentada con agua de red del cliente y con serpent\u00edn a vapor para el calentamiento del agua, completo de term\u00f3stato para la regularizaci\u00f3n de la temperatura, term\u00f3metro, filtro, electrov\u00e1lvula y descargador de condensaci\u00f3n. <\/li>\n<li>En la <strong>segunda fase<\/strong> el vapor se inyecta al interno de los frascos. Un colector de distribuci\u00f3n vapor completo de electrov\u00e1lvula controla el flujo del vapor. <\/li>\n<li>En la <strong>tercera fase<\/strong> los frascos vienen soplados continuamente con aire producido por una sopladora a anillo y por un colector soplador dotado de boquillas. La sopladora est\u00e1 dotada de un filtro de aire especial. <\/li>\n<\/ol>\n\t\t\t\t\t\t<\/div>\n\t\t\t\t<\/div>\n\t\t\t\t\t<\/div>\n\t\t\t\t<\/div>\n\t\t<div class=\"elementor-element elementor-element-59c4d64 e-flex e-con-boxed e-con e-parent\" data-id=\"59c4d64\" data-element_type=\"container\">\n\t\t\t\t\t<div class=\"e-con-inner\">\n\t\t\t\t<div class=\"elementor-element elementor-element-d2b95ff elementor-widget elementor-widget-text-editor\" data-id=\"d2b95ff\" data-element_type=\"widget\" data-widget_type=\"text-editor.default\">\n\t\t\t\t<div class=\"elementor-widget-container\">\n\t\t\t\t\t\t\t<h3>Caracter\u00edsticas Constructivas<\/h3>\n<ul>\n<li>Estructura en chapa de <strong>acero inox AISI 304<\/strong> con pies de apoyo regulables en altura portadora de un par de cadenas biplanares contra puestas con tampones de goma guiados dentro de pistas de deslizamiento en polietileno de alta densidad.<\/li>\n<li>Las <strong>distancias<\/strong> entre tampones en elast\u00f3mero aplicados sobre las cadenas son <strong>regulables<\/strong> tr\u00e1mite moto reductor teledirigido por el panel operador, contempor\u00e1neamente y simult\u00e1neamente en todo el recorrido de la m\u00e1quina, adapt\u00e1ndola a las dimensiones de los frascos (no es necesario un equipo suplementario para el cambio formato).<\/li>\n<li><strong>Motorizaci\u00f3n<\/strong> mediante moto reductor controlado por inverter.<\/li>\n<li><strong>N. 2 cintas transportadoras<\/strong> (una de entrada y una de salida).<\/li>\n<li><strong>Lubrificaci\u00f3n centralizada.<\/strong><\/li>\n<li>Cuadro el\u00e9ctrico de mandos en acero inox.<\/li>\n<li><strong>Protecci\u00f3n anti riesgos<\/strong> a norma CE.<\/li>\n<li>Construcci\u00f3n en <strong>acero inox AISI 304<\/strong>, excepto algunas partes construidas en material diferente id\u00f3neo a su funcionamiento.<\/li>\n<\/ul>\n\t\t\t\t\t\t<\/div>\n\t\t\t\t<\/div>\n\t\t\t\t\t<\/div>\n\t\t\t\t<\/div>\n\t\t<div class=\"elementor-element elementor-element-06be501 e-flex e-con-boxed e-con e-parent\" data-id=\"06be501\" data-element_type=\"container\" data-settings=\"{&quot;background_background&quot;:&quot;classic&quot;}\">\n\t\t\t\t\t<div class=\"e-con-inner\">\n\t\t\t\t<div class=\"elementor-element elementor-element-d9bca75 elementor-widget elementor-widget-heading\" data-id=\"d9bca75\" data-element_type=\"widget\" data-widget_type=\"heading.default\">\n\t\t\t\t<div class=\"elementor-widget-container\">\n\t\t\t<style>\/*! elementor - v3.21.0 - 08-05-2024 *\/\n.elementor-heading-title{padding:0;margin:0;line-height:1}.elementor-widget-heading .elementor-heading-title[class*=elementor-size-]>a{color:inherit;font-size:inherit;line-height:inherit}.elementor-widget-heading .elementor-heading-title.elementor-size-small{font-size:15px}.elementor-widget-heading .elementor-heading-title.elementor-size-medium{font-size:19px}.elementor-widget-heading .elementor-heading-title.elementor-size-large{font-size:29px}.elementor-widget-heading .elementor-heading-title.elementor-size-xl{font-size:39px}.elementor-widget-heading .elementor-heading-title.elementor-size-xxl{font-size:59px}<\/style><h4 class=\"elementor-heading-title elementor-size-default\">Opcional<\/h4>\t\t<\/div>\n\t\t\t\t<\/div>\n\t\t\t\t<div class=\"elementor-element elementor-element-a6d337d elementor-widget elementor-widget-text-editor\" data-id=\"a6d337d\" data-element_type=\"widget\" data-widget_type=\"text-editor.default\">\n\t\t\t\t<div class=\"elementor-widget-container\">\n\t\t\t\t\t\t\t<p>Seg\u00fan la solicitud, la m\u00e1quina puede ser dotada con <strong>MESA de ALIMENTACION ENVASES VACIOS<\/strong> (di\u00e1metro 1000 mm) en acero inox AISI 304 con base circular en material pl\u00e1stico (polietileno).<\/p>\n\t\t\t\t\t\t<\/div>\n\t\t\t\t<\/div>\n\t\t\t\t\t<\/div>\n\t\t\t\t<\/div>\n\t\t<div class=\"elementor-element elementor-element-e369793 e-flex e-con-boxed e-con e-parent\" data-id=\"e369793\" data-element_type=\"container\" data-settings=\"{&quot;background_background&quot;:&quot;classic&quot;}\">\n\t\t\t\t\t<div class=\"e-con-inner\">\n\t\t\t\t<div class=\"elementor-element elementor-element-444b64b elementor-widget elementor-widget-heading\" data-id=\"444b64b\" data-element_type=\"widget\" data-widget_type=\"heading.default\">\n\t\t\t\t<div class=\"elementor-widget-container\">\n\t\t\t<h4 class=\"elementor-heading-title elementor-size-default\">Datos T\u00e9cnicos<\/h4>\t\t<\/div>\n\t\t\t\t<\/div>\n\t\t\t\t<div class=\"elementor-element elementor-element-d7679d2 elementor-widget elementor-widget-ld_table\" data-id=\"d7679d2\" data-element_type=\"widget\" data-widget_type=\"ld_table.default\">\n\t\t\t\t<div class=\"elementor-widget-container\">\n\t\t\t<table><tr><td class=\"elementor-repeater-item-4be9d2e\">Longitud<\/td><td class=\"elementor-repeater-item-485afe4\">4.700 mm<\/td><\/tr><tr><td class=\"elementor-repeater-item-72c5074\">Anchura<\/td><td class=\"elementor-repeater-item-0f05e35\">1.600 mm<\/td><\/tr><tr><td class=\"elementor-repeater-item-94eec40\">Produzione<\/td><td class=\"elementor-repeater-item-c7c5fd3\">12.000 envases\/hora de 314 ml<\/td><\/tr><tr><td class=\"elementor-repeater-item-510be3e\">Consumo de agua<\/td><td class=\"elementor-repeater-item-721abc6\">aprox. 20 litros\/minuto<\/td><\/tr><tr><td class=\"elementor-repeater-item-37c0e5b\">Consumo de vapor<\/td><td class=\"elementor-repeater-item-6409f1a\">aprox. 130 kg\/h<\/td><\/tr><tr><td class=\"elementor-repeater-item-d918673\">Potencia instalada<\/td><td class=\"elementor-repeater-item-3ab17d1\">aprox. 4,51 kW<\/td><\/tr><\/table>\t\t<\/div>\n\t\t\t\t<\/div>\n\t\t\t\t\t<\/div>\n\t\t\t\t<\/div>\n\t\t\t\t<\/div>\n\t\t","protected":false},"excerpt":{"rendered":"<p>M\u00e1quina id\u00f3nea a eliminar la suciedad del interior de los envases en vidrio, hojalata o PET antes del llenado con el producto.<\/p>\n<p><a class=\"pulsanterosso\" href=\"#caratteristiche\">Caracter\u00edsticas T\u00e9cnicas<\/a><\/p>\n","protected":false},"featured_media":9059,"template":"","meta":{"inline_featured_image":false},"product_cat":[99],"product_tag":[],"class_list":{"0":"post-10123","1":"product","2":"type-product","3":"status-publish","4":"has-post-thumbnail","6":"product_cat-lavadoras-secadoras-sopladoras-higienizadoras","7":"pa_applicazione-contenedores-vacios","8":"pa_funzionamento-automatico-es","9":"pa_settore-alimentario","10":"pa_settore-cosmetica-y-detergencia-es","11":"pa_settore-quimica-y-fertilizantes","13":"first","14":"instock","15":"shipping-taxable","16":"product-type-simple"},"yoast_head":"<!-- This site is optimized with the Yoast SEO plugin v22.7 - https:\/\/yoast.com\/wordpress\/plugins\/seo\/ -->\n<title>Lavadoras Sistema Rotativo para Frascos Vacios | STV Machinery<\/title>\n<meta name=\"description\" content=\"M\u00e1quina id\u00f3nea a eliminar la suciedad del interior de los envases en vidrio, hojalata o PET antes del llenado con el producto.\" \/>\n<meta name=\"robots\" content=\"index, follow, max-snippet:-1, max-image-preview:large, max-video-preview:-1\" \/>\n<link rel=\"canonical\" href=\"https:\/\/www.stvmachinery.it\/es\/macchinari\/lavadoras-secadoras-sopladoras-higienizadoras\/lavadoras-sistema-rotativo-para-frascos-vacios\/\" \/>\n<meta property=\"og:locale\" content=\"es_ES\" \/>\n<meta property=\"og:type\" content=\"article\" \/>\n<meta property=\"og:title\" content=\"Lavadoras Sistema Rotativo para Frascos Vacios | STV Machinery\" \/>\n<meta property=\"og:description\" content=\"M\u00e1quina id\u00f3nea a eliminar la suciedad del interior de los envases en vidrio, hojalata o PET antes del llenado con el producto.\" \/>\n<meta property=\"og:url\" content=\"https:\/\/www.stvmachinery.it\/es\/macchinari\/lavadoras-secadoras-sopladoras-higienizadoras\/lavadoras-sistema-rotativo-para-frascos-vacios\/\" \/>\n<meta property=\"og:site_name\" content=\"STV Machinery\" \/>\n<meta property=\"article:modified_time\" content=\"2025-11-24T15:19:06+00:00\" \/>\n<meta property=\"og:image\" content=\"https:\/\/www.stvmachinery.it\/wp-content\/uploads\/2024\/03\/Lavatrice-a-tamponi-per-contenitori-vuoti.webp\" \/>\n\t<meta property=\"og:image:width\" content=\"1200\" \/>\n\t<meta property=\"og:image:height\" content=\"1200\" \/>\n\t<meta property=\"og:image:type\" content=\"image\/webp\" \/>\n<meta name=\"twitter:card\" content=\"summary_large_image\" \/>\n<script type=\"application\/ld+json\" class=\"yoast-schema-graph\">{\"@context\":\"https:\/\/schema.org\",\"@graph\":[{\"@type\":\"WebPage\",\"@id\":\"https:\/\/www.stvmachinery.it\/es\/macchinari\/lavadoras-secadoras-sopladoras-higienizadoras\/lavadoras-sistema-rotativo-para-frascos-vacios\/\",\"url\":\"https:\/\/www.stvmachinery.it\/es\/macchinari\/lavadoras-secadoras-sopladoras-higienizadoras\/lavadoras-sistema-rotativo-para-frascos-vacios\/\",\"name\":\"Lavadoras Sistema Rotativo para Frascos Vacios | STV Machinery\",\"isPartOf\":{\"@id\":\"https:\/\/www.stvmachinery.it\/es\/#website\"},\"primaryImageOfPage\":{\"@id\":\"https:\/\/www.stvmachinery.it\/es\/macchinari\/lavadoras-secadoras-sopladoras-higienizadoras\/lavadoras-sistema-rotativo-para-frascos-vacios\/#primaryimage\"},\"image\":{\"@id\":\"https:\/\/www.stvmachinery.it\/es\/macchinari\/lavadoras-secadoras-sopladoras-higienizadoras\/lavadoras-sistema-rotativo-para-frascos-vacios\/#primaryimage\"},\"thumbnailUrl\":\"https:\/\/www.stvmachinery.it\/wp-content\/uploads\/2024\/03\/Lavatrice-a-tamponi-per-contenitori-vuoti.webp\",\"datePublished\":\"2024-03-18T09:47:07+00:00\",\"dateModified\":\"2025-11-24T15:19:06+00:00\",\"description\":\"M\u00e1quina id\u00f3nea a eliminar la suciedad del interior de los envases en vidrio, hojalata o PET antes del llenado con el producto.\",\"breadcrumb\":{\"@id\":\"https:\/\/www.stvmachinery.it\/es\/macchinari\/lavadoras-secadoras-sopladoras-higienizadoras\/lavadoras-sistema-rotativo-para-frascos-vacios\/#breadcrumb\"},\"inLanguage\":\"es\",\"potentialAction\":[{\"@type\":\"ReadAction\",\"target\":[\"https:\/\/www.stvmachinery.it\/es\/macchinari\/lavadoras-secadoras-sopladoras-higienizadoras\/lavadoras-sistema-rotativo-para-frascos-vacios\/\"]}]},{\"@type\":\"ImageObject\",\"inLanguage\":\"es\",\"@id\":\"https:\/\/www.stvmachinery.it\/es\/macchinari\/lavadoras-secadoras-sopladoras-higienizadoras\/lavadoras-sistema-rotativo-para-frascos-vacios\/#primaryimage\",\"url\":\"https:\/\/www.stvmachinery.it\/wp-content\/uploads\/2024\/03\/Lavatrice-a-tamponi-per-contenitori-vuoti.webp\",\"contentUrl\":\"https:\/\/www.stvmachinery.it\/wp-content\/uploads\/2024\/03\/Lavatrice-a-tamponi-per-contenitori-vuoti.webp\",\"width\":1200,\"height\":1200},{\"@type\":\"BreadcrumbList\",\"@id\":\"https:\/\/www.stvmachinery.it\/es\/macchinari\/lavadoras-secadoras-sopladoras-higienizadoras\/lavadoras-sistema-rotativo-para-frascos-vacios\/#breadcrumb\",\"itemListElement\":[{\"@type\":\"ListItem\",\"position\":1,\"name\":\"Home\",\"item\":\"https:\/\/www.stvmachinery.it\/es\/stv-machinery\/\"},{\"@type\":\"ListItem\",\"position\":2,\"name\":\"Maquinaria\",\"item\":\"https:\/\/www.stvmachinery.it\/es\/maquinaria\/\"},{\"@type\":\"ListItem\",\"position\":3,\"name\":\"Lavadoras Sistema Rotativo para Frascos Vacios\"}]},{\"@type\":\"WebSite\",\"@id\":\"https:\/\/www.stvmachinery.it\/es\/#website\",\"url\":\"https:\/\/www.stvmachinery.it\/es\/\",\"name\":\"STV Machinery\",\"description\":\"Macchine ed impianti per l\u2019industria agroalimentare e conserviera\",\"publisher\":{\"@id\":\"https:\/\/www.stvmachinery.it\/es\/#organization\"},\"potentialAction\":[{\"@type\":\"SearchAction\",\"target\":{\"@type\":\"EntryPoint\",\"urlTemplate\":\"https:\/\/www.stvmachinery.it\/es\/?s={search_term_string}\"},\"query-input\":\"required name=search_term_string\"}],\"inLanguage\":\"es\"},{\"@type\":\"Organization\",\"@id\":\"https:\/\/www.stvmachinery.it\/es\/#organization\",\"name\":\"S.T.V. di Salati Giovanni & C. \u2013 S.n.c.\",\"alternateName\":\"STV Machinery\",\"url\":\"https:\/\/www.stvmachinery.it\/es\/\",\"logo\":{\"@type\":\"ImageObject\",\"inLanguage\":\"es\",\"@id\":\"https:\/\/www.stvmachinery.it\/es\/#\/schema\/logo\/image\/\",\"url\":\"https:\/\/www.stvmachinery.it\/wp-content\/uploads\/2021\/06\/stv-machinery-logo-positivo.png\",\"contentUrl\":\"https:\/\/www.stvmachinery.it\/wp-content\/uploads\/2021\/06\/stv-machinery-logo-positivo.png\",\"width\":481,\"height\":233,\"caption\":\"S.T.V. di Salati Giovanni & C. \u2013 S.n.c.\"},\"image\":{\"@id\":\"https:\/\/www.stvmachinery.it\/es\/#\/schema\/logo\/image\/\"},\"sameAs\":[\"https:\/\/it.linkedin.com\/company\/stv-machinery\",\"https:\/\/www.youtube.com\/channel\/UCceMPa8POjTOmZeA2_KUoeg\"]}]}<\/script>\n<!-- \/ Yoast SEO plugin. -->","yoast_head_json":{"title":"Lavadoras Sistema Rotativo para Frascos Vacios | STV Machinery","description":"M\u00e1quina id\u00f3nea a eliminar la suciedad del interior de los envases en vidrio, hojalata o PET antes del llenado con el producto.","robots":{"index":"index","follow":"follow","max-snippet":"max-snippet:-1","max-image-preview":"max-image-preview:large","max-video-preview":"max-video-preview:-1"},"canonical":"https:\/\/www.stvmachinery.it\/es\/macchinari\/lavadoras-secadoras-sopladoras-higienizadoras\/lavadoras-sistema-rotativo-para-frascos-vacios\/","og_locale":"es_ES","og_type":"article","og_title":"Lavadoras Sistema Rotativo para Frascos Vacios | STV Machinery","og_description":"M\u00e1quina id\u00f3nea a eliminar la suciedad del interior de los envases en vidrio, hojalata o PET antes del llenado con el producto.","og_url":"https:\/\/www.stvmachinery.it\/es\/macchinari\/lavadoras-secadoras-sopladoras-higienizadoras\/lavadoras-sistema-rotativo-para-frascos-vacios\/","og_site_name":"STV Machinery","article_modified_time":"2025-11-24T15:19:06+00:00","og_image":[{"width":1200,"height":1200,"url":"https:\/\/www.stvmachinery.it\/wp-content\/uploads\/2024\/03\/Lavatrice-a-tamponi-per-contenitori-vuoti.webp","type":"image\/webp"}],"twitter_card":"summary_large_image","schema":{"@context":"https:\/\/schema.org","@graph":[{"@type":"WebPage","@id":"https:\/\/www.stvmachinery.it\/es\/macchinari\/lavadoras-secadoras-sopladoras-higienizadoras\/lavadoras-sistema-rotativo-para-frascos-vacios\/","url":"https:\/\/www.stvmachinery.it\/es\/macchinari\/lavadoras-secadoras-sopladoras-higienizadoras\/lavadoras-sistema-rotativo-para-frascos-vacios\/","name":"Lavadoras Sistema Rotativo para Frascos Vacios | STV Machinery","isPartOf":{"@id":"https:\/\/www.stvmachinery.it\/es\/#website"},"primaryImageOfPage":{"@id":"https:\/\/www.stvmachinery.it\/es\/macchinari\/lavadoras-secadoras-sopladoras-higienizadoras\/lavadoras-sistema-rotativo-para-frascos-vacios\/#primaryimage"},"image":{"@id":"https:\/\/www.stvmachinery.it\/es\/macchinari\/lavadoras-secadoras-sopladoras-higienizadoras\/lavadoras-sistema-rotativo-para-frascos-vacios\/#primaryimage"},"thumbnailUrl":"https:\/\/www.stvmachinery.it\/wp-content\/uploads\/2024\/03\/Lavatrice-a-tamponi-per-contenitori-vuoti.webp","datePublished":"2024-03-18T09:47:07+00:00","dateModified":"2025-11-24T15:19:06+00:00","description":"M\u00e1quina id\u00f3nea a eliminar la suciedad del interior de los envases en vidrio, hojalata o PET antes del llenado con el producto.","breadcrumb":{"@id":"https:\/\/www.stvmachinery.it\/es\/macchinari\/lavadoras-secadoras-sopladoras-higienizadoras\/lavadoras-sistema-rotativo-para-frascos-vacios\/#breadcrumb"},"inLanguage":"es","potentialAction":[{"@type":"ReadAction","target":["https:\/\/www.stvmachinery.it\/es\/macchinari\/lavadoras-secadoras-sopladoras-higienizadoras\/lavadoras-sistema-rotativo-para-frascos-vacios\/"]}]},{"@type":"ImageObject","inLanguage":"es","@id":"https:\/\/www.stvmachinery.it\/es\/macchinari\/lavadoras-secadoras-sopladoras-higienizadoras\/lavadoras-sistema-rotativo-para-frascos-vacios\/#primaryimage","url":"https:\/\/www.stvmachinery.it\/wp-content\/uploads\/2024\/03\/Lavatrice-a-tamponi-per-contenitori-vuoti.webp","contentUrl":"https:\/\/www.stvmachinery.it\/wp-content\/uploads\/2024\/03\/Lavatrice-a-tamponi-per-contenitori-vuoti.webp","width":1200,"height":1200},{"@type":"BreadcrumbList","@id":"https:\/\/www.stvmachinery.it\/es\/macchinari\/lavadoras-secadoras-sopladoras-higienizadoras\/lavadoras-sistema-rotativo-para-frascos-vacios\/#breadcrumb","itemListElement":[{"@type":"ListItem","position":1,"name":"Home","item":"https:\/\/www.stvmachinery.it\/es\/stv-machinery\/"},{"@type":"ListItem","position":2,"name":"Maquinaria","item":"https:\/\/www.stvmachinery.it\/es\/maquinaria\/"},{"@type":"ListItem","position":3,"name":"Lavadoras Sistema Rotativo para Frascos Vacios"}]},{"@type":"WebSite","@id":"https:\/\/www.stvmachinery.it\/es\/#website","url":"https:\/\/www.stvmachinery.it\/es\/","name":"STV Machinery","description":"Macchine ed impianti per l\u2019industria agroalimentare e conserviera","publisher":{"@id":"https:\/\/www.stvmachinery.it\/es\/#organization"},"potentialAction":[{"@type":"SearchAction","target":{"@type":"EntryPoint","urlTemplate":"https:\/\/www.stvmachinery.it\/es\/?s={search_term_string}"},"query-input":"required name=search_term_string"}],"inLanguage":"es"},{"@type":"Organization","@id":"https:\/\/www.stvmachinery.it\/es\/#organization","name":"S.T.V. di Salati Giovanni & C. \u2013 S.n.c.","alternateName":"STV Machinery","url":"https:\/\/www.stvmachinery.it\/es\/","logo":{"@type":"ImageObject","inLanguage":"es","@id":"https:\/\/www.stvmachinery.it\/es\/#\/schema\/logo\/image\/","url":"https:\/\/www.stvmachinery.it\/wp-content\/uploads\/2021\/06\/stv-machinery-logo-positivo.png","contentUrl":"https:\/\/www.stvmachinery.it\/wp-content\/uploads\/2021\/06\/stv-machinery-logo-positivo.png","width":481,"height":233,"caption":"S.T.V. di Salati Giovanni & C. \u2013 S.n.c."},"image":{"@id":"https:\/\/www.stvmachinery.it\/es\/#\/schema\/logo\/image\/"},"sameAs":["https:\/\/it.linkedin.com\/company\/stv-machinery","https:\/\/www.youtube.com\/channel\/UCceMPa8POjTOmZeA2_KUoeg"]}]}},"_links":{"self":[{"href":"https:\/\/www.stvmachinery.it\/es\/wp-json\/wp\/v2\/product\/10123","targetHints":{"allow":["GET"]}}],"collection":[{"href":"https:\/\/www.stvmachinery.it\/es\/wp-json\/wp\/v2\/product"}],"about":[{"href":"https:\/\/www.stvmachinery.it\/es\/wp-json\/wp\/v2\/types\/product"}],"version-history":[{"count":6,"href":"https:\/\/www.stvmachinery.it\/es\/wp-json\/wp\/v2\/product\/10123\/revisions"}],"predecessor-version":[{"id":11370,"href":"https:\/\/www.stvmachinery.it\/es\/wp-json\/wp\/v2\/product\/10123\/revisions\/11370"}],"wp:featuredmedia":[{"embeddable":true,"href":"https:\/\/www.stvmachinery.it\/es\/wp-json\/wp\/v2\/media\/9059"}],"wp:attachment":[{"href":"https:\/\/www.stvmachinery.it\/es\/wp-json\/wp\/v2\/media?parent=10123"}],"wp:term":[{"taxonomy":"product_cat","embeddable":true,"href":"https:\/\/www.stvmachinery.it\/es\/wp-json\/wp\/v2\/product_cat?post=10123"},{"taxonomy":"product_tag","embeddable":true,"href":"https:\/\/www.stvmachinery.it\/es\/wp-json\/wp\/v2\/product_tag?post=10123"}],"curies":[{"name":"wp","href":"https:\/\/api.w.org\/{rel}","templated":true}]}}