{"id":10128,"date":"2024-03-18T10:22:16","date_gmt":"2024-03-18T09:22:16","guid":{"rendered":"https:\/\/www.stvmachinery.it\/macchinari\/sin%20categor\u00eda\/tanque-horizontal-de-coccion-y-mezcla\/"},"modified":"2025-12-12T09:12:52","modified_gmt":"2025-12-12T08:12:52","slug":"tanque-horizontal-de-coccion-y-mezcla","status":"publish","type":"product","link":"https:\/\/www.stvmachinery.it\/es\/macchinari\/preparacion-productos\/tanque-horizontal-de-coccion-y-mezcla\/","title":{"rendered":"Tanque Horizontal de Coccion y Mezcla"},"content":{"rendered":"\t\t<div data-elementor-type=\"product-post\" data-elementor-id=\"10128\" class=\"elementor elementor-10128 elementor-8305\" data-elementor-post-type=\"product\">\n\t\t\t\t<div class=\"elementor-element elementor-element-46a5c91 e-flex e-con-boxed e-con e-parent\" data-id=\"46a5c91\" data-element_type=\"container\" id=\"caratteristiche\">\n\t\t\t\t\t<div class=\"e-con-inner\">\n\t\t\t\t<div class=\"elementor-element elementor-element-7aea20b elementor-widget elementor-widget-text-editor\" data-id=\"7aea20b\" data-element_type=\"widget\" data-widget_type=\"text-editor.default\">\n\t\t\t\t<div class=\"elementor-widget-container\">\n\t\t\t<style>\/*! elementor - v3.21.0 - 08-05-2024 *\/\n.elementor-widget-text-editor.elementor-drop-cap-view-stacked .elementor-drop-cap{background-color:#69727d;color:#fff}.elementor-widget-text-editor.elementor-drop-cap-view-framed .elementor-drop-cap{color:#69727d;border:3px solid;background-color:transparent}.elementor-widget-text-editor:not(.elementor-drop-cap-view-default) .elementor-drop-cap{margin-top:8px}.elementor-widget-text-editor:not(.elementor-drop-cap-view-default) .elementor-drop-cap-letter{width:1em;height:1em}.elementor-widget-text-editor .elementor-drop-cap{float:left;text-align:center;line-height:1;font-size:50px}.elementor-widget-text-editor .elementor-drop-cap-letter{display:inline-block}<\/style>\t\t\t\t<h3 class=\"product-item-title\">Caracter\u00edsticas Constructivas<\/h3>\n<ul>\n<li>Fabricaci\u00f3n en acero inox AISI 304, excepto las partes que est\u00e1n en contacto con el producto que son en AISI 316 brillante como espejo.<\/li>\n<li>Estructura a forma de u reforzado, pies regulables en altura.<\/li>\n<li>Bandas de espesor 40\/10 con soportes inox para \u00e1rbol agitador.<\/li>\n<li>Capacidad variable seg\u00fan la necesidad exigida.<\/li>\n<li>Semi-tapa Semi-tapa articulado para introducir producto con micro de seguridad en el momento de la apertura de la tapa.<\/li>\n<li>Agitador interno en forma de espiral contrapuesta dirigida por un moto reductor.<\/li>\n<li>N. 1 escape en un lado de Dn80 con v\u00e1lvula manual a mariposa.<\/li>\n<li>Sonda de temperatura PT100 a contacto con el producto.<br \/>C\u00e1mara de calentamiento a vapor.<\/li>\n<li>Aislamiento con lana de roca espesor 30 mm.<\/li>\n<li>Grupo de vapor compuesto por: filtro, v\u00e1lvula manual de interceptaci\u00f3n vapor, v\u00e1lvula neum\u00e1tica, man\u00f3metro, v\u00e1lvula de seguridad, descargador de condensaci\u00f3n y v\u00e1lvula de retenci\u00f3n.<\/li>\n<li>Cuadro el\u00e9ctrico de mandos en acero inox.<\/li>\n<\/ul>\n\t\t\t\t\t\t<\/div>\n\t\t\t\t<\/div>\n\t\t\t\t\t<\/div>\n\t\t\t\t<\/div>\n\t\t<div class=\"elementor-element elementor-element-c7ed517 e-flex e-con-boxed e-con e-parent\" data-id=\"c7ed517\" data-element_type=\"container\" data-settings=\"{&quot;background_background&quot;:&quot;classic&quot;}\">\n\t\t\t\t\t<div class=\"e-con-inner\">\n\t\t\t\t<div class=\"elementor-element elementor-element-116f8a5 elementor-widget elementor-widget-heading\" data-id=\"116f8a5\" data-element_type=\"widget\" data-widget_type=\"heading.default\">\n\t\t\t\t<div class=\"elementor-widget-container\">\n\t\t\t<style>\/*! elementor - v3.21.0 - 08-05-2024 *\/\n.elementor-heading-title{padding:0;margin:0;line-height:1}.elementor-widget-heading .elementor-heading-title[class*=elementor-size-]>a{color:inherit;font-size:inherit;line-height:inherit}.elementor-widget-heading .elementor-heading-title.elementor-size-small{font-size:15px}.elementor-widget-heading .elementor-heading-title.elementor-size-medium{font-size:19px}.elementor-widget-heading .elementor-heading-title.elementor-size-large{font-size:29px}.elementor-widget-heading .elementor-heading-title.elementor-size-xl{font-size:39px}.elementor-widget-heading .elementor-heading-title.elementor-size-xxl{font-size:59px}<\/style><h4 class=\"elementor-heading-title elementor-size-default\">Opcional<\/h4>\t\t<\/div>\n\t\t\t\t<\/div>\n\t\t\t\t<div class=\"elementor-element elementor-element-617364b elementor-widget elementor-widget-text-editor\" data-id=\"617364b\" data-element_type=\"widget\" data-widget_type=\"text-editor.default\">\n\t\t\t\t<div class=\"elementor-widget-container\">\n\t\t\t\t\t\t\t<p>A pedido el tanque puede ser dotado completo con <strong>BOMBA NEUMATICA <\/strong> montada sobre ruedas de soporte, con instrumentaci\u00f3n para trabajar autom\u00e1ticamente con la llenadora y el tanque.<\/p>\n\t\t\t\t\t\t<\/div>\n\t\t\t\t<\/div>\n\t\t\t\t\t<\/div>\n\t\t\t\t<\/div>\n\t\t\t\t<\/div>\n\t\t","protected":false},"excerpt":{"rendered":"<p>Equipo id\u00f2neo para la preparaci\u00f2n con cocci\u00f2n y mezcla de productos como salsas, etc.<\/p>\n<p><a class=\"pulsanterosso\" href=\"#caratteristiche\">Caracter\u00edsticas T\u00e9cnicas<\/a><\/p>\n","protected":false},"featured_media":9050,"template":"","meta":{"inline_featured_image":false},"product_cat":[102],"product_tag":[],"class_list":{"0":"post-10128","1":"product","2":"type-product","3":"status-publish","4":"has-post-thumbnail","6":"product_cat-preparacion-productos","7":"pa_applicazione-productos-densos-y-semi-densos","8":"pa_funzionamento-automatico-es","9":"pa_settore-alimentario","11":"first","12":"instock","13":"shipping-taxable","14":"product-type-simple"},"yoast_head":"<!-- This site is optimized with the Yoast SEO plugin v22.7 - https:\/\/yoast.com\/wordpress\/plugins\/seo\/ -->\n<title>Tanque Horizontal de Coccion y Mezcla | STV Machinery<\/title>\n<meta name=\"description\" content=\"La Tanque Horizontal de Coccion y Mezcla es un equipo id\u00f2neo para la preparaci\u00f2n con cocci\u00f2n y mezcla de productos como salsas, etc.\" \/>\n<meta name=\"robots\" content=\"index, follow, max-snippet:-1, max-image-preview:large, max-video-preview:-1\" \/>\n<link rel=\"canonical\" href=\"https:\/\/www.stvmachinery.it\/es\/macchinari\/preparacion-productos\/tanque-horizontal-de-coccion-y-mezcla\/\" \/>\n<meta property=\"og:locale\" content=\"es_ES\" \/>\n<meta property=\"og:type\" content=\"article\" \/>\n<meta property=\"og:title\" content=\"Tanque Horizontal de Coccion y Mezcla | STV Machinery\" \/>\n<meta property=\"og:description\" content=\"La Tanque Horizontal de Coccion y Mezcla es un equipo id\u00f2neo para la preparaci\u00f2n con cocci\u00f2n y mezcla de productos como salsas, etc.\" \/>\n<meta property=\"og:url\" content=\"https:\/\/www.stvmachinery.it\/es\/macchinari\/preparacion-productos\/tanque-horizontal-de-coccion-y-mezcla\/\" \/>\n<meta property=\"og:site_name\" content=\"STV Machinery\" \/>\n<meta property=\"article:modified_time\" content=\"2025-12-12T08:12:52+00:00\" \/>\n<meta property=\"og:image\" content=\"https:\/\/www.stvmachinery.it\/wp-content\/uploads\/2024\/03\/Bacinella-orizzontale-di-cottura-e-miscelazione-1.webp\" \/>\n\t<meta property=\"og:image:width\" content=\"1200\" \/>\n\t<meta property=\"og:image:height\" content=\"1200\" \/>\n\t<meta property=\"og:image:type\" content=\"image\/webp\" \/>\n<meta name=\"twitter:card\" content=\"summary_large_image\" \/>\n<meta name=\"twitter:label1\" content=\"Tiempo de lectura\" \/>\n\t<meta name=\"twitter:data1\" content=\"1 minuto\" \/>\n<script type=\"application\/ld+json\" class=\"yoast-schema-graph\">{\"@context\":\"https:\/\/schema.org\",\"@graph\":[{\"@type\":\"WebPage\",\"@id\":\"https:\/\/www.stvmachinery.it\/es\/macchinari\/preparacion-productos\/tanque-horizontal-de-coccion-y-mezcla\/\",\"url\":\"https:\/\/www.stvmachinery.it\/es\/macchinari\/preparacion-productos\/tanque-horizontal-de-coccion-y-mezcla\/\",\"name\":\"Tanque Horizontal de Coccion y Mezcla | STV Machinery\",\"isPartOf\":{\"@id\":\"https:\/\/www.stvmachinery.it\/es\/#website\"},\"primaryImageOfPage\":{\"@id\":\"https:\/\/www.stvmachinery.it\/es\/macchinari\/preparacion-productos\/tanque-horizontal-de-coccion-y-mezcla\/#primaryimage\"},\"image\":{\"@id\":\"https:\/\/www.stvmachinery.it\/es\/macchinari\/preparacion-productos\/tanque-horizontal-de-coccion-y-mezcla\/#primaryimage\"},\"thumbnailUrl\":\"https:\/\/www.stvmachinery.it\/wp-content\/uploads\/2024\/03\/Bacinella-orizzontale-di-cottura-e-miscelazione-1.webp\",\"datePublished\":\"2024-03-18T09:22:16+00:00\",\"dateModified\":\"2025-12-12T08:12:52+00:00\",\"description\":\"La Tanque Horizontal de Coccion y Mezcla es un equipo id\u00f2neo para la preparaci\u00f2n con cocci\u00f2n y mezcla de productos como salsas, etc.\",\"breadcrumb\":{\"@id\":\"https:\/\/www.stvmachinery.it\/es\/macchinari\/preparacion-productos\/tanque-horizontal-de-coccion-y-mezcla\/#breadcrumb\"},\"inLanguage\":\"es\",\"potentialAction\":[{\"@type\":\"ReadAction\",\"target\":[\"https:\/\/www.stvmachinery.it\/es\/macchinari\/preparacion-productos\/tanque-horizontal-de-coccion-y-mezcla\/\"]}]},{\"@type\":\"ImageObject\",\"inLanguage\":\"es\",\"@id\":\"https:\/\/www.stvmachinery.it\/es\/macchinari\/preparacion-productos\/tanque-horizontal-de-coccion-y-mezcla\/#primaryimage\",\"url\":\"https:\/\/www.stvmachinery.it\/wp-content\/uploads\/2024\/03\/Bacinella-orizzontale-di-cottura-e-miscelazione-1.webp\",\"contentUrl\":\"https:\/\/www.stvmachinery.it\/wp-content\/uploads\/2024\/03\/Bacinella-orizzontale-di-cottura-e-miscelazione-1.webp\",\"width\":1200,\"height\":1200},{\"@type\":\"BreadcrumbList\",\"@id\":\"https:\/\/www.stvmachinery.it\/es\/macchinari\/preparacion-productos\/tanque-horizontal-de-coccion-y-mezcla\/#breadcrumb\",\"itemListElement\":[{\"@type\":\"ListItem\",\"position\":1,\"name\":\"Home\",\"item\":\"https:\/\/www.stvmachinery.it\/es\/stv-machinery\/\"},{\"@type\":\"ListItem\",\"position\":2,\"name\":\"Maquinaria\",\"item\":\"https:\/\/www.stvmachinery.it\/es\/maquinaria\/\"},{\"@type\":\"ListItem\",\"position\":3,\"name\":\"Tanque Horizontal de Coccion y Mezcla\"}]},{\"@type\":\"WebSite\",\"@id\":\"https:\/\/www.stvmachinery.it\/es\/#website\",\"url\":\"https:\/\/www.stvmachinery.it\/es\/\",\"name\":\"STV Machinery\",\"description\":\"Macchine ed impianti per l\u2019industria agroalimentare e conserviera\",\"publisher\":{\"@id\":\"https:\/\/www.stvmachinery.it\/es\/#organization\"},\"potentialAction\":[{\"@type\":\"SearchAction\",\"target\":{\"@type\":\"EntryPoint\",\"urlTemplate\":\"https:\/\/www.stvmachinery.it\/es\/?s={search_term_string}\"},\"query-input\":\"required name=search_term_string\"}],\"inLanguage\":\"es\"},{\"@type\":\"Organization\",\"@id\":\"https:\/\/www.stvmachinery.it\/es\/#organization\",\"name\":\"S.T.V. di Salati Giovanni & C. \u2013 S.n.c.\",\"alternateName\":\"STV Machinery\",\"url\":\"https:\/\/www.stvmachinery.it\/es\/\",\"logo\":{\"@type\":\"ImageObject\",\"inLanguage\":\"es\",\"@id\":\"https:\/\/www.stvmachinery.it\/es\/#\/schema\/logo\/image\/\",\"url\":\"https:\/\/www.stvmachinery.it\/wp-content\/uploads\/2021\/06\/stv-machinery-logo-positivo.png\",\"contentUrl\":\"https:\/\/www.stvmachinery.it\/wp-content\/uploads\/2021\/06\/stv-machinery-logo-positivo.png\",\"width\":481,\"height\":233,\"caption\":\"S.T.V. di Salati Giovanni & C. \u2013 S.n.c.\"},\"image\":{\"@id\":\"https:\/\/www.stvmachinery.it\/es\/#\/schema\/logo\/image\/\"},\"sameAs\":[\"https:\/\/it.linkedin.com\/company\/stv-machinery\",\"https:\/\/www.youtube.com\/channel\/UCceMPa8POjTOmZeA2_KUoeg\"]}]}<\/script>\n<!-- \/ Yoast SEO plugin. -->","yoast_head_json":{"title":"Tanque Horizontal de Coccion y Mezcla | STV Machinery","description":"La Tanque Horizontal de Coccion y Mezcla es un equipo id\u00f2neo para la preparaci\u00f2n con cocci\u00f2n y mezcla de productos como salsas, etc.","robots":{"index":"index","follow":"follow","max-snippet":"max-snippet:-1","max-image-preview":"max-image-preview:large","max-video-preview":"max-video-preview:-1"},"canonical":"https:\/\/www.stvmachinery.it\/es\/macchinari\/preparacion-productos\/tanque-horizontal-de-coccion-y-mezcla\/","og_locale":"es_ES","og_type":"article","og_title":"Tanque Horizontal de Coccion y Mezcla | STV Machinery","og_description":"La Tanque Horizontal de Coccion y Mezcla es un equipo id\u00f2neo para la preparaci\u00f2n con cocci\u00f2n y mezcla de productos como salsas, etc.","og_url":"https:\/\/www.stvmachinery.it\/es\/macchinari\/preparacion-productos\/tanque-horizontal-de-coccion-y-mezcla\/","og_site_name":"STV Machinery","article_modified_time":"2025-12-12T08:12:52+00:00","og_image":[{"width":1200,"height":1200,"url":"https:\/\/www.stvmachinery.it\/wp-content\/uploads\/2024\/03\/Bacinella-orizzontale-di-cottura-e-miscelazione-1.webp","type":"image\/webp"}],"twitter_card":"summary_large_image","twitter_misc":{"Tiempo de lectura":"1 minuto"},"schema":{"@context":"https:\/\/schema.org","@graph":[{"@type":"WebPage","@id":"https:\/\/www.stvmachinery.it\/es\/macchinari\/preparacion-productos\/tanque-horizontal-de-coccion-y-mezcla\/","url":"https:\/\/www.stvmachinery.it\/es\/macchinari\/preparacion-productos\/tanque-horizontal-de-coccion-y-mezcla\/","name":"Tanque Horizontal de Coccion y Mezcla | STV Machinery","isPartOf":{"@id":"https:\/\/www.stvmachinery.it\/es\/#website"},"primaryImageOfPage":{"@id":"https:\/\/www.stvmachinery.it\/es\/macchinari\/preparacion-productos\/tanque-horizontal-de-coccion-y-mezcla\/#primaryimage"},"image":{"@id":"https:\/\/www.stvmachinery.it\/es\/macchinari\/preparacion-productos\/tanque-horizontal-de-coccion-y-mezcla\/#primaryimage"},"thumbnailUrl":"https:\/\/www.stvmachinery.it\/wp-content\/uploads\/2024\/03\/Bacinella-orizzontale-di-cottura-e-miscelazione-1.webp","datePublished":"2024-03-18T09:22:16+00:00","dateModified":"2025-12-12T08:12:52+00:00","description":"La Tanque Horizontal de Coccion y Mezcla es un equipo id\u00f2neo para la preparaci\u00f2n con cocci\u00f2n y mezcla de productos como salsas, etc.","breadcrumb":{"@id":"https:\/\/www.stvmachinery.it\/es\/macchinari\/preparacion-productos\/tanque-horizontal-de-coccion-y-mezcla\/#breadcrumb"},"inLanguage":"es","potentialAction":[{"@type":"ReadAction","target":["https:\/\/www.stvmachinery.it\/es\/macchinari\/preparacion-productos\/tanque-horizontal-de-coccion-y-mezcla\/"]}]},{"@type":"ImageObject","inLanguage":"es","@id":"https:\/\/www.stvmachinery.it\/es\/macchinari\/preparacion-productos\/tanque-horizontal-de-coccion-y-mezcla\/#primaryimage","url":"https:\/\/www.stvmachinery.it\/wp-content\/uploads\/2024\/03\/Bacinella-orizzontale-di-cottura-e-miscelazione-1.webp","contentUrl":"https:\/\/www.stvmachinery.it\/wp-content\/uploads\/2024\/03\/Bacinella-orizzontale-di-cottura-e-miscelazione-1.webp","width":1200,"height":1200},{"@type":"BreadcrumbList","@id":"https:\/\/www.stvmachinery.it\/es\/macchinari\/preparacion-productos\/tanque-horizontal-de-coccion-y-mezcla\/#breadcrumb","itemListElement":[{"@type":"ListItem","position":1,"name":"Home","item":"https:\/\/www.stvmachinery.it\/es\/stv-machinery\/"},{"@type":"ListItem","position":2,"name":"Maquinaria","item":"https:\/\/www.stvmachinery.it\/es\/maquinaria\/"},{"@type":"ListItem","position":3,"name":"Tanque Horizontal de Coccion y Mezcla"}]},{"@type":"WebSite","@id":"https:\/\/www.stvmachinery.it\/es\/#website","url":"https:\/\/www.stvmachinery.it\/es\/","name":"STV Machinery","description":"Macchine ed impianti per l\u2019industria agroalimentare e conserviera","publisher":{"@id":"https:\/\/www.stvmachinery.it\/es\/#organization"},"potentialAction":[{"@type":"SearchAction","target":{"@type":"EntryPoint","urlTemplate":"https:\/\/www.stvmachinery.it\/es\/?s={search_term_string}"},"query-input":"required name=search_term_string"}],"inLanguage":"es"},{"@type":"Organization","@id":"https:\/\/www.stvmachinery.it\/es\/#organization","name":"S.T.V. di Salati Giovanni & C. \u2013 S.n.c.","alternateName":"STV Machinery","url":"https:\/\/www.stvmachinery.it\/es\/","logo":{"@type":"ImageObject","inLanguage":"es","@id":"https:\/\/www.stvmachinery.it\/es\/#\/schema\/logo\/image\/","url":"https:\/\/www.stvmachinery.it\/wp-content\/uploads\/2021\/06\/stv-machinery-logo-positivo.png","contentUrl":"https:\/\/www.stvmachinery.it\/wp-content\/uploads\/2021\/06\/stv-machinery-logo-positivo.png","width":481,"height":233,"caption":"S.T.V. di Salati Giovanni & C. \u2013 S.n.c."},"image":{"@id":"https:\/\/www.stvmachinery.it\/es\/#\/schema\/logo\/image\/"},"sameAs":["https:\/\/it.linkedin.com\/company\/stv-machinery","https:\/\/www.youtube.com\/channel\/UCceMPa8POjTOmZeA2_KUoeg"]}]}},"_links":{"self":[{"href":"https:\/\/www.stvmachinery.it\/es\/wp-json\/wp\/v2\/product\/10128","targetHints":{"allow":["GET"]}}],"collection":[{"href":"https:\/\/www.stvmachinery.it\/es\/wp-json\/wp\/v2\/product"}],"about":[{"href":"https:\/\/www.stvmachinery.it\/es\/wp-json\/wp\/v2\/types\/product"}],"version-history":[{"count":3,"href":"https:\/\/www.stvmachinery.it\/es\/wp-json\/wp\/v2\/product\/10128\/revisions"}],"predecessor-version":[{"id":11415,"href":"https:\/\/www.stvmachinery.it\/es\/wp-json\/wp\/v2\/product\/10128\/revisions\/11415"}],"wp:featuredmedia":[{"embeddable":true,"href":"https:\/\/www.stvmachinery.it\/es\/wp-json\/wp\/v2\/media\/9050"}],"wp:attachment":[{"href":"https:\/\/www.stvmachinery.it\/es\/wp-json\/wp\/v2\/media?parent=10128"}],"wp:term":[{"taxonomy":"product_cat","embeddable":true,"href":"https:\/\/www.stvmachinery.it\/es\/wp-json\/wp\/v2\/product_cat?post=10128"},{"taxonomy":"product_tag","embeddable":true,"href":"https:\/\/www.stvmachinery.it\/es\/wp-json\/wp\/v2\/product_tag?post=10128"}],"curies":[{"name":"wp","href":"https:\/\/api.w.org\/{rel}","templated":true}]}}