{"id":10763,"date":"2024-10-14T15:29:07","date_gmt":"2024-10-14T14:29:07","guid":{"rendered":"https:\/\/www.stvmachinery.it\/?post_type=product&#038;p=10763"},"modified":"2025-11-24T14:05:35","modified_gmt":"2025-11-24T13:05:35","slug":"colmadora-por-gravedad-mod-clg","status":"publish","type":"product","link":"https:\/\/www.stvmachinery.it\/es\/macchinari\/llenadoras-por-gravedad\/colmadora-por-gravedad-mod-clg\/","title":{"rendered":"Llenadora por gravedad Mod. CLG"},"content":{"rendered":"\t\t<div data-elementor-type=\"product-post\" data-elementor-id=\"10763\" class=\"elementor elementor-10763 elementor-10761\" data-elementor-post-type=\"product\">\n\t\t\t\t<div class=\"elementor-element elementor-element-46a5c91 e-flex e-con-boxed e-con e-parent\" data-id=\"46a5c91\" data-element_type=\"container\" id=\"caratteristiche\">\n\t\t\t\t\t<div class=\"e-con-inner\">\n\t\t\t\t<div class=\"elementor-element elementor-element-7aea20b elementor-widget elementor-widget-text-editor\" data-id=\"7aea20b\" data-element_type=\"widget\" data-widget_type=\"text-editor.default\">\n\t\t\t\t<div class=\"elementor-widget-container\">\n\t\t\t<style>\/*! elementor - v3.21.0 - 08-05-2024 *\/\n.elementor-widget-text-editor.elementor-drop-cap-view-stacked .elementor-drop-cap{background-color:#69727d;color:#fff}.elementor-widget-text-editor.elementor-drop-cap-view-framed .elementor-drop-cap{color:#69727d;border:3px solid;background-color:transparent}.elementor-widget-text-editor:not(.elementor-drop-cap-view-default) .elementor-drop-cap{margin-top:8px}.elementor-widget-text-editor:not(.elementor-drop-cap-view-default) .elementor-drop-cap-letter{width:1em;height:1em}.elementor-widget-text-editor .elementor-drop-cap{float:left;text-align:center;line-height:1;font-size:50px}.elementor-widget-text-editor .elementor-drop-cap-letter{display:inline-block}<\/style>\t\t\t\t<h3 class=\"product-item-title\">Principio de funcionamiento<\/h3>\n<p>Los contenedores, previamente rellenados con producto s\u00f3lido mediante una <a href=\"https:\/\/www.stvmachinery.it\/es\/macchinari\/llenadoras-universales\/mesa-de-llenado-motorizada-con-dos-cintas-transportadoras\/\"><strong>Mesa de llenado motorizada<\/strong><\/a> o la <a href=\"https:\/\/www.stvmachinery.it\/es\/macchinari\/llenadoras-universales\/llenadora-a-vibracion-mod-rpn\/\"><strong>Llenadora por Vibraci\u00f3n modelo RPN, <\/strong><\/a> y procedentes del transportador, son rellenados con el l\u00edquido de conservaci\u00f3n. Tras la puesta en marcha y los ajustes correspondientes, la m\u00e1quina no requiere la intervenci\u00f3n del operador.<\/p>\n\t\t\t\t\t\t<\/div>\n\t\t\t\t<\/div>\n\t\t\t\t\t<\/div>\n\t\t\t\t<\/div>\n\t\t<div class=\"elementor-element elementor-element-7bffd7d e-flex e-con-boxed e-con e-parent\" data-id=\"7bffd7d\" data-element_type=\"container\" data-settings=\"{&quot;background_background&quot;:&quot;classic&quot;}\">\n\t\t\t\t\t<div class=\"e-con-inner\">\n\t\t\t\t<div class=\"elementor-element elementor-element-a84dc14 elementor-widget elementor-widget-text-editor\" data-id=\"a84dc14\" data-element_type=\"widget\" data-widget_type=\"text-editor.default\">\n\t\t\t\t<div class=\"elementor-widget-container\">\n\t\t\t\t\t\t\t<h3 class=\"product-item-title\">Caracter\u00edsticas Constructivas<\/h3>\n<ul>\n<li><strong>Estructura<\/strong> principal de chapa conformada.<\/li>\n<li><strong>Dep\u00f3sito<\/strong> para la recogida del l\u00edquido de gobierno con un colector de llenado en la parte superior, protegido por una tapa de inspecci\u00f3n.<\/li>\n<li><strong>Transportador<\/strong> de cadena motorizado con velocidad variable, fabricado en acero inoxidable de malla, con motor de velocidad variable y gu\u00edas laterales ajustables para diferentes formatos.<\/li>\n<li><strong>Controlador<\/strong> de nivel que recibe las se\u00f1ales de los comandos preconfigurados en el panel el\u00e9ctrico y permite la alimentaci\u00f3n autom\u00e1tica de la m\u00e1quina mediante bomba o por gravedad.<\/li>\n<li><strong>Serpent\u00edn<\/strong> de vapor con instrumentaci\u00f3n para regular el calentamiento del l\u00edquido de gobierno.<\/li>\n<li><strong>Bomba<\/strong> con filtro de aspiraci\u00f3n que env\u00eda el l\u00edquido directamente al colector de llenado.<\/li>\n<li><strong>Colector de llenado<\/strong> de altura ajustable seg\u00fan el tama\u00f1o del contenedor.<\/li>\n<li>La m\u00e1quina es <strong>regulable<\/strong> para poder tratar formatos de diferentes dimensiones.<\/li>\n<li>T\u00fanel de <strong>protecci\u00f3n<\/strong> de chapa que cubre el colector de llenado.<\/li>\n<li><strong>Panel el\u00e9ctrico <\/strong>de control en acero inoxidable.\u2028 M\u00f3dulo para conexi\u00f3n remota<\/li>\n<li>Fabricaci\u00f3n en acero inox 304, excepto algunos detalles fabricados en materiales adaptados a cada funcionamiento.<\/li>\n<\/ul>\n\t\t\t\t\t\t<\/div>\n\t\t\t\t<\/div>\n\t\t\t\t\t<\/div>\n\t\t\t\t<\/div>\n\t\t<div class=\"elementor-element elementor-element-29845a2 e-flex e-con-boxed e-con e-parent\" data-id=\"29845a2\" data-element_type=\"container\" data-settings=\"{&quot;background_background&quot;:&quot;classic&quot;}\">\n\t\t\t\t\t<div class=\"e-con-inner\">\n\t\t\t\t<div class=\"elementor-element elementor-element-a16b40d elementor-widget elementor-widget-heading\" data-id=\"a16b40d\" data-element_type=\"widget\" data-widget_type=\"heading.default\">\n\t\t\t\t<div class=\"elementor-widget-container\">\n\t\t\t<style>\/*! elementor - v3.21.0 - 08-05-2024 *\/\n.elementor-heading-title{padding:0;margin:0;line-height:1}.elementor-widget-heading .elementor-heading-title[class*=elementor-size-]>a{color:inherit;font-size:inherit;line-height:inherit}.elementor-widget-heading .elementor-heading-title.elementor-size-small{font-size:15px}.elementor-widget-heading .elementor-heading-title.elementor-size-medium{font-size:19px}.elementor-widget-heading .elementor-heading-title.elementor-size-large{font-size:29px}.elementor-widget-heading .elementor-heading-title.elementor-size-xl{font-size:39px}.elementor-widget-heading .elementor-heading-title.elementor-size-xxl{font-size:59px}<\/style><h4 class=\"elementor-heading-title elementor-size-default\">Modelos disponibles<\/h4>\t\t<\/div>\n\t\t\t\t<\/div>\n\t\t\t\t<div class=\"elementor-element elementor-element-f61d320 elementor-widget elementor-widget-text-editor\" data-id=\"f61d320\" data-element_type=\"widget\" data-widget_type=\"text-editor.default\">\n\t\t\t\t<div class=\"elementor-widget-container\">\n\t\t\t\t\t\t\t<p>Las colmadoras por gravedad de la gama CLG est\u00e1n disponibles en los siguientes modelos:<\/p>\n<ul>\n<li><strong>Mod. CLG150 <\/strong> con una capacidad de aproximadamente 8.000 contenedores\/hora de 314 ml \u00d8 67 mm<\/li>\n<li><strong>Mod. CLG700 <\/strong> con una capacidad de aproximadamente 36.000 contenedores\/hora de 314 ml \u00d8 67 mm<\/li>\n<\/ul>\n\t\t\t\t\t\t<\/div>\n\t\t\t\t<\/div>\n\t\t\t\t\t<\/div>\n\t\t\t\t<\/div>\n\t\t<div class=\"elementor-element elementor-element-6db0687 e-flex e-con-boxed e-con e-parent\" data-id=\"6db0687\" data-element_type=\"container\" data-settings=\"{&quot;background_background&quot;:&quot;classic&quot;}\">\n\t\t\t\t\t<div class=\"e-con-inner\">\n\t\t\t\t<div class=\"elementor-element elementor-element-caadbbd elementor-widget elementor-widget-heading\" data-id=\"caadbbd\" data-element_type=\"widget\" data-widget_type=\"heading.default\">\n\t\t\t\t<div class=\"elementor-widget-container\">\n\t\t\t<h4 class=\"elementor-heading-title elementor-size-default\">Datos T\u00e9cnicos<\/h4>\t\t<\/div>\n\t\t\t\t<\/div>\n\t\t\t\t<div class=\"elementor-element elementor-element-b66fe22 elementor-widget elementor-widget-ld_table\" data-id=\"b66fe22\" data-element_type=\"widget\" data-widget_type=\"ld_table.default\">\n\t\t\t\t<div class=\"elementor-widget-container\">\n\t\t\t<table><tr><td class=\"elementor-repeater-item-510be3e\">Longitud<\/td><td class=\"elementor-repeater-item-721abc6\">De 3.000 mm a 7.350 mm<\/td><\/tr><tr><td class=\"elementor-repeater-item-37c0e5b\">Anchura<\/td><td class=\"elementor-repeater-item-6409f1a\">Aproximadamente 780 mm (todos los modelos)<\/td><\/tr><tr><td class=\"elementor-repeater-item-d918673\">Potencia instalada<\/td><td class=\"elementor-repeater-item-3ab17d1\">Seg\u00fan el modelo<\/td><\/tr><\/table>\t\t<\/div>\n\t\t\t\t<\/div>\n\t\t\t\t\t<\/div>\n\t\t\t\t<\/div>\n\t\t\t\t<\/div>\n\t\t","protected":false},"excerpt":{"rendered":"<p>Dise\u00f1ada para el <strong>llenado de l\u00edquidos de conservaci\u00f3n<\/strong> como salmuera y mezclas de agua, sal y vinagre en frascos de vidrio y latas que contienen productos s\u00f3lidos como pescado, aceitunas, pimientos, alcaparras, alcachofas, guisantes, frijoles, y m\u00e1s.<\/p>\n<p><a class=\"pulsanterosso\" href=\"#caratteristiche\">Caracter\u00edsticas T\u00e9cnicas<\/a><\/p>\n","protected":false},"featured_media":10769,"template":"","meta":{"inline_featured_image":false},"product_cat":[142],"product_tag":[],"class_list":{"0":"post-10763","1":"product","2":"type-product","3":"status-publish","4":"has-post-thumbnail","6":"product_cat-llenadoras-por-gravedad","7":"pa_applicazione-productos-solidos","8":"pa_funzionamento-automatico-es","9":"pa_settore-alimentario","11":"first","12":"instock","13":"shipping-taxable","14":"product-type-simple"},"yoast_head":"<!-- This site is optimized with the Yoast SEO plugin v22.7 - https:\/\/yoast.com\/wordpress\/plugins\/seo\/ -->\n<title>Llenadora por gravedad Mod. CLG | STV Machinery<\/title>\n<meta name=\"description\" content=\"La llenadora por gravedad CLG ejecuta el llenado de frascos y cajas con productos s\u00f3lidos utilizando l\u00edquidos de gobierno.\" \/>\n<meta name=\"robots\" content=\"index, follow, max-snippet:-1, max-image-preview:large, max-video-preview:-1\" \/>\n<link rel=\"canonical\" href=\"https:\/\/www.stvmachinery.it\/es\/macchinari\/llenadoras-por-gravedad\/colmadora-por-gravedad-mod-clg\/\" \/>\n<meta property=\"og:locale\" content=\"es_ES\" \/>\n<meta property=\"og:type\" content=\"article\" \/>\n<meta property=\"og:title\" content=\"Llenadora por gravedad Mod. CLG | STV Machinery\" \/>\n<meta property=\"og:description\" content=\"La llenadora por gravedad CLG ejecuta el llenado de frascos y cajas con productos s\u00f3lidos utilizando l\u00edquidos de gobierno.\" \/>\n<meta property=\"og:url\" content=\"https:\/\/www.stvmachinery.it\/es\/macchinari\/llenadoras-por-gravedad\/colmadora-por-gravedad-mod-clg\/\" \/>\n<meta property=\"og:site_name\" content=\"STV Machinery\" \/>\n<meta property=\"article:modified_time\" content=\"2025-11-24T13:05:35+00:00\" \/>\n<meta property=\"og:image\" content=\"https:\/\/www.stvmachinery.it\/wp-content\/uploads\/2024\/10\/Colmatrice-a-Gravita-CLG.webp\" \/>\n\t<meta property=\"og:image:width\" content=\"1200\" \/>\n\t<meta property=\"og:image:height\" content=\"1200\" \/>\n\t<meta property=\"og:image:type\" content=\"image\/webp\" \/>\n<meta name=\"twitter:card\" content=\"summary_large_image\" \/>\n<script type=\"application\/ld+json\" class=\"yoast-schema-graph\">{\"@context\":\"https:\/\/schema.org\",\"@graph\":[{\"@type\":\"WebPage\",\"@id\":\"https:\/\/www.stvmachinery.it\/es\/macchinari\/llenadoras-por-gravedad\/colmadora-por-gravedad-mod-clg\/\",\"url\":\"https:\/\/www.stvmachinery.it\/es\/macchinari\/llenadoras-por-gravedad\/colmadora-por-gravedad-mod-clg\/\",\"name\":\"Llenadora por gravedad Mod. CLG | STV Machinery\",\"isPartOf\":{\"@id\":\"https:\/\/www.stvmachinery.it\/es\/#website\"},\"primaryImageOfPage\":{\"@id\":\"https:\/\/www.stvmachinery.it\/es\/macchinari\/llenadoras-por-gravedad\/colmadora-por-gravedad-mod-clg\/#primaryimage\"},\"image\":{\"@id\":\"https:\/\/www.stvmachinery.it\/es\/macchinari\/llenadoras-por-gravedad\/colmadora-por-gravedad-mod-clg\/#primaryimage\"},\"thumbnailUrl\":\"https:\/\/www.stvmachinery.it\/wp-content\/uploads\/2024\/10\/Colmatrice-a-Gravita-CLG.webp\",\"datePublished\":\"2024-10-14T14:29:07+00:00\",\"dateModified\":\"2025-11-24T13:05:35+00:00\",\"description\":\"La llenadora por gravedad CLG ejecuta el llenado de frascos y cajas con productos s\u00f3lidos utilizando l\u00edquidos de gobierno.\",\"breadcrumb\":{\"@id\":\"https:\/\/www.stvmachinery.it\/es\/macchinari\/llenadoras-por-gravedad\/colmadora-por-gravedad-mod-clg\/#breadcrumb\"},\"inLanguage\":\"es\",\"potentialAction\":[{\"@type\":\"ReadAction\",\"target\":[\"https:\/\/www.stvmachinery.it\/es\/macchinari\/llenadoras-por-gravedad\/colmadora-por-gravedad-mod-clg\/\"]}]},{\"@type\":\"ImageObject\",\"inLanguage\":\"es\",\"@id\":\"https:\/\/www.stvmachinery.it\/es\/macchinari\/llenadoras-por-gravedad\/colmadora-por-gravedad-mod-clg\/#primaryimage\",\"url\":\"https:\/\/www.stvmachinery.it\/wp-content\/uploads\/2024\/10\/Colmatrice-a-Gravita-CLG.webp\",\"contentUrl\":\"https:\/\/www.stvmachinery.it\/wp-content\/uploads\/2024\/10\/Colmatrice-a-Gravita-CLG.webp\",\"width\":1200,\"height\":1200},{\"@type\":\"BreadcrumbList\",\"@id\":\"https:\/\/www.stvmachinery.it\/es\/macchinari\/llenadoras-por-gravedad\/colmadora-por-gravedad-mod-clg\/#breadcrumb\",\"itemListElement\":[{\"@type\":\"ListItem\",\"position\":1,\"name\":\"Home\",\"item\":\"https:\/\/www.stvmachinery.it\/es\/stv-machinery\/\"},{\"@type\":\"ListItem\",\"position\":2,\"name\":\"Maquinaria\",\"item\":\"https:\/\/www.stvmachinery.it\/es\/maquinaria\/\"},{\"@type\":\"ListItem\",\"position\":3,\"name\":\"Llenadora por gravedad Mod. CLG\"}]},{\"@type\":\"WebSite\",\"@id\":\"https:\/\/www.stvmachinery.it\/es\/#website\",\"url\":\"https:\/\/www.stvmachinery.it\/es\/\",\"name\":\"STV Machinery\",\"description\":\"Macchine ed impianti per l\u2019industria agroalimentare e conserviera\",\"publisher\":{\"@id\":\"https:\/\/www.stvmachinery.it\/es\/#organization\"},\"potentialAction\":[{\"@type\":\"SearchAction\",\"target\":{\"@type\":\"EntryPoint\",\"urlTemplate\":\"https:\/\/www.stvmachinery.it\/es\/?s={search_term_string}\"},\"query-input\":\"required name=search_term_string\"}],\"inLanguage\":\"es\"},{\"@type\":\"Organization\",\"@id\":\"https:\/\/www.stvmachinery.it\/es\/#organization\",\"name\":\"S.T.V. di Salati Giovanni & C. \u2013 S.n.c.\",\"alternateName\":\"STV Machinery\",\"url\":\"https:\/\/www.stvmachinery.it\/es\/\",\"logo\":{\"@type\":\"ImageObject\",\"inLanguage\":\"es\",\"@id\":\"https:\/\/www.stvmachinery.it\/es\/#\/schema\/logo\/image\/\",\"url\":\"https:\/\/www.stvmachinery.it\/wp-content\/uploads\/2021\/06\/stv-machinery-logo-positivo.png\",\"contentUrl\":\"https:\/\/www.stvmachinery.it\/wp-content\/uploads\/2021\/06\/stv-machinery-logo-positivo.png\",\"width\":481,\"height\":233,\"caption\":\"S.T.V. di Salati Giovanni & C. \u2013 S.n.c.\"},\"image\":{\"@id\":\"https:\/\/www.stvmachinery.it\/es\/#\/schema\/logo\/image\/\"},\"sameAs\":[\"https:\/\/it.linkedin.com\/company\/stv-machinery\",\"https:\/\/www.youtube.com\/channel\/UCceMPa8POjTOmZeA2_KUoeg\"]}]}<\/script>\n<!-- \/ Yoast SEO plugin. -->","yoast_head_json":{"title":"Llenadora por gravedad Mod. CLG | STV Machinery","description":"La llenadora por gravedad CLG ejecuta el llenado de frascos y cajas con productos s\u00f3lidos utilizando l\u00edquidos de gobierno.","robots":{"index":"index","follow":"follow","max-snippet":"max-snippet:-1","max-image-preview":"max-image-preview:large","max-video-preview":"max-video-preview:-1"},"canonical":"https:\/\/www.stvmachinery.it\/es\/macchinari\/llenadoras-por-gravedad\/colmadora-por-gravedad-mod-clg\/","og_locale":"es_ES","og_type":"article","og_title":"Llenadora por gravedad Mod. CLG | STV Machinery","og_description":"La llenadora por gravedad CLG ejecuta el llenado de frascos y cajas con productos s\u00f3lidos utilizando l\u00edquidos de gobierno.","og_url":"https:\/\/www.stvmachinery.it\/es\/macchinari\/llenadoras-por-gravedad\/colmadora-por-gravedad-mod-clg\/","og_site_name":"STV Machinery","article_modified_time":"2025-11-24T13:05:35+00:00","og_image":[{"width":1200,"height":1200,"url":"https:\/\/www.stvmachinery.it\/wp-content\/uploads\/2024\/10\/Colmatrice-a-Gravita-CLG.webp","type":"image\/webp"}],"twitter_card":"summary_large_image","schema":{"@context":"https:\/\/schema.org","@graph":[{"@type":"WebPage","@id":"https:\/\/www.stvmachinery.it\/es\/macchinari\/llenadoras-por-gravedad\/colmadora-por-gravedad-mod-clg\/","url":"https:\/\/www.stvmachinery.it\/es\/macchinari\/llenadoras-por-gravedad\/colmadora-por-gravedad-mod-clg\/","name":"Llenadora por gravedad Mod. CLG | STV Machinery","isPartOf":{"@id":"https:\/\/www.stvmachinery.it\/es\/#website"},"primaryImageOfPage":{"@id":"https:\/\/www.stvmachinery.it\/es\/macchinari\/llenadoras-por-gravedad\/colmadora-por-gravedad-mod-clg\/#primaryimage"},"image":{"@id":"https:\/\/www.stvmachinery.it\/es\/macchinari\/llenadoras-por-gravedad\/colmadora-por-gravedad-mod-clg\/#primaryimage"},"thumbnailUrl":"https:\/\/www.stvmachinery.it\/wp-content\/uploads\/2024\/10\/Colmatrice-a-Gravita-CLG.webp","datePublished":"2024-10-14T14:29:07+00:00","dateModified":"2025-11-24T13:05:35+00:00","description":"La llenadora por gravedad CLG ejecuta el llenado de frascos y cajas con productos s\u00f3lidos utilizando l\u00edquidos de gobierno.","breadcrumb":{"@id":"https:\/\/www.stvmachinery.it\/es\/macchinari\/llenadoras-por-gravedad\/colmadora-por-gravedad-mod-clg\/#breadcrumb"},"inLanguage":"es","potentialAction":[{"@type":"ReadAction","target":["https:\/\/www.stvmachinery.it\/es\/macchinari\/llenadoras-por-gravedad\/colmadora-por-gravedad-mod-clg\/"]}]},{"@type":"ImageObject","inLanguage":"es","@id":"https:\/\/www.stvmachinery.it\/es\/macchinari\/llenadoras-por-gravedad\/colmadora-por-gravedad-mod-clg\/#primaryimage","url":"https:\/\/www.stvmachinery.it\/wp-content\/uploads\/2024\/10\/Colmatrice-a-Gravita-CLG.webp","contentUrl":"https:\/\/www.stvmachinery.it\/wp-content\/uploads\/2024\/10\/Colmatrice-a-Gravita-CLG.webp","width":1200,"height":1200},{"@type":"BreadcrumbList","@id":"https:\/\/www.stvmachinery.it\/es\/macchinari\/llenadoras-por-gravedad\/colmadora-por-gravedad-mod-clg\/#breadcrumb","itemListElement":[{"@type":"ListItem","position":1,"name":"Home","item":"https:\/\/www.stvmachinery.it\/es\/stv-machinery\/"},{"@type":"ListItem","position":2,"name":"Maquinaria","item":"https:\/\/www.stvmachinery.it\/es\/maquinaria\/"},{"@type":"ListItem","position":3,"name":"Llenadora por gravedad Mod. CLG"}]},{"@type":"WebSite","@id":"https:\/\/www.stvmachinery.it\/es\/#website","url":"https:\/\/www.stvmachinery.it\/es\/","name":"STV Machinery","description":"Macchine ed impianti per l\u2019industria agroalimentare e conserviera","publisher":{"@id":"https:\/\/www.stvmachinery.it\/es\/#organization"},"potentialAction":[{"@type":"SearchAction","target":{"@type":"EntryPoint","urlTemplate":"https:\/\/www.stvmachinery.it\/es\/?s={search_term_string}"},"query-input":"required name=search_term_string"}],"inLanguage":"es"},{"@type":"Organization","@id":"https:\/\/www.stvmachinery.it\/es\/#organization","name":"S.T.V. di Salati Giovanni & C. \u2013 S.n.c.","alternateName":"STV Machinery","url":"https:\/\/www.stvmachinery.it\/es\/","logo":{"@type":"ImageObject","inLanguage":"es","@id":"https:\/\/www.stvmachinery.it\/es\/#\/schema\/logo\/image\/","url":"https:\/\/www.stvmachinery.it\/wp-content\/uploads\/2021\/06\/stv-machinery-logo-positivo.png","contentUrl":"https:\/\/www.stvmachinery.it\/wp-content\/uploads\/2021\/06\/stv-machinery-logo-positivo.png","width":481,"height":233,"caption":"S.T.V. di Salati Giovanni & C. \u2013 S.n.c."},"image":{"@id":"https:\/\/www.stvmachinery.it\/es\/#\/schema\/logo\/image\/"},"sameAs":["https:\/\/it.linkedin.com\/company\/stv-machinery","https:\/\/www.youtube.com\/channel\/UCceMPa8POjTOmZeA2_KUoeg"]}]}},"_links":{"self":[{"href":"https:\/\/www.stvmachinery.it\/es\/wp-json\/wp\/v2\/product\/10763","targetHints":{"allow":["GET"]}}],"collection":[{"href":"https:\/\/www.stvmachinery.it\/es\/wp-json\/wp\/v2\/product"}],"about":[{"href":"https:\/\/www.stvmachinery.it\/es\/wp-json\/wp\/v2\/types\/product"}],"version-history":[{"count":16,"href":"https:\/\/www.stvmachinery.it\/es\/wp-json\/wp\/v2\/product\/10763\/revisions"}],"predecessor-version":[{"id":11252,"href":"https:\/\/www.stvmachinery.it\/es\/wp-json\/wp\/v2\/product\/10763\/revisions\/11252"}],"wp:featuredmedia":[{"embeddable":true,"href":"https:\/\/www.stvmachinery.it\/es\/wp-json\/wp\/v2\/media\/10769"}],"wp:attachment":[{"href":"https:\/\/www.stvmachinery.it\/es\/wp-json\/wp\/v2\/media?parent=10763"}],"wp:term":[{"taxonomy":"product_cat","embeddable":true,"href":"https:\/\/www.stvmachinery.it\/es\/wp-json\/wp\/v2\/product_cat?post=10763"},{"taxonomy":"product_tag","embeddable":true,"href":"https:\/\/www.stvmachinery.it\/es\/wp-json\/wp\/v2\/product_tag?post=10763"}],"curies":[{"name":"wp","href":"https:\/\/api.w.org\/{rel}","templated":true}]}}