{"id":11900,"date":"2026-01-12T10:29:22","date_gmt":"2026-01-12T09:29:22","guid":{"rendered":"https:\/\/www.stvmachinery.it\/?post_type=product&#038;p=11900"},"modified":"2026-01-16T10:06:28","modified_gmt":"2026-01-16T09:06:28","slug":"llenadora-semi-automatica-a-gravedad-mod-rg1","status":"publish","type":"product","link":"https:\/\/www.stvmachinery.it\/es\/macchinari\/llenadoras\/llenadora-semi-automatica-a-gravedad-mod-rg1\/","title":{"rendered":"Llenadora Semi-automatica a Gravedad Mod. RG1"},"content":{"rendered":"\t\t<div data-elementor-type=\"product-post\" data-elementor-id=\"11900\" class=\"elementor elementor-11900 elementor-11898\" data-elementor-post-type=\"product\">\n\t\t\t\t<div class=\"elementor-element elementor-element-46a5c91 e-flex e-con-boxed e-con e-parent\" data-id=\"46a5c91\" data-element_type=\"container\" id=\"caratteristiche\">\n\t\t\t\t\t<div class=\"e-con-inner\">\n\t\t\t\t<div class=\"elementor-element elementor-element-7aea20b elementor-widget elementor-widget-text-editor\" data-id=\"7aea20b\" data-element_type=\"widget\" data-widget_type=\"text-editor.default\">\n\t\t\t\t<div class=\"elementor-widget-container\">\n\t\t\t<style>\/*! elementor - v3.21.0 - 08-05-2024 *\/\n.elementor-widget-text-editor.elementor-drop-cap-view-stacked .elementor-drop-cap{background-color:#69727d;color:#fff}.elementor-widget-text-editor.elementor-drop-cap-view-framed .elementor-drop-cap{color:#69727d;border:3px solid;background-color:transparent}.elementor-widget-text-editor:not(.elementor-drop-cap-view-default) .elementor-drop-cap{margin-top:8px}.elementor-widget-text-editor:not(.elementor-drop-cap-view-default) .elementor-drop-cap-letter{width:1em;height:1em}.elementor-widget-text-editor .elementor-drop-cap{float:left;text-align:center;line-height:1;font-size:50px}.elementor-widget-text-editor .elementor-drop-cap-letter{display:inline-block}<\/style>\t\t\t\t<h3 class=\"product-item-title\">Producci\u00f3n<\/h3>\n<p>Aprox <strong>200\/250 tarros de cristal \/ hora<\/strong> (Producci\u00f3n variable seg\u00fan el tipo de producto y de la velocidad del operador<\/p>\n\t\t\t\t\t\t<\/div>\n\t\t\t\t<\/div>\n\t\t\t\t\t<\/div>\n\t\t\t\t<\/div>\n\t\t\t\t<\/div>\n\t\t","protected":false},"excerpt":{"rendered":"<p>Nuestra <strong>llenadora por gravedad<\/strong>, fiable y f\u00e1cil de usar, permite llenar con extrema precisi\u00f3n <strong>productos l\u00edquidos<\/strong>, como por ejemplo zumos de fruta, en <strong>envases de vidrio, metal o PET<\/strong>.<br \/>\nLa v\u00e1lvula de llenado es <strong>regulable en altura<\/strong> seg\u00fan las dimensiones del envase a procesar.\u2028Dep\u00f3sito del producto conectado a la v\u00e1lvula de llenado mediante tubo flexible.<\/p>\n<p><a class=\"pulsanterosso\" href=\"#caratteristiche\">Caracter\u00edsticas T\u00e9cnicas<\/a><\/p>\n","protected":false},"featured_media":11992,"template":"","meta":{"inline_featured_image":false},"product_cat":[173],"product_tag":[],"class_list":{"0":"post-11900","1":"product","2":"type-product","3":"status-publish","4":"has-post-thumbnail","6":"product_cat-llenadoras","7":"pa_applicazione-productos-liquidos","8":"pa_funzionamento-semiautomatico-es","9":"pa_settore-alimentario","10":"pa_settore-cosmetica-y-detergencia-es","11":"pa_settore-quimica-y-fertilizantes","13":"first","14":"instock","15":"shipping-taxable","16":"product-type-simple"},"yoast_head":"<!-- This site is optimized with the Yoast SEO plugin v22.7 - https:\/\/yoast.com\/wordpress\/plugins\/seo\/ -->\n<title>Llenadora Semi-automatica a Gravedad Mod. RG1 | STV Machinery<\/title>\n<meta name=\"description\" content=\"Nuestra llenadora por gravedad permite llenar con extrema precisi\u00f3n productos l\u00edquidos, como por ejemplo zumos de fruta, en envases de vidrio, metal o PET.\" \/>\n<meta name=\"robots\" content=\"index, follow, max-snippet:-1, max-image-preview:large, max-video-preview:-1\" \/>\n<link rel=\"canonical\" href=\"https:\/\/www.stvmachinery.it\/es\/macchinari\/llenadoras\/llenadora-semi-automatica-a-gravedad-mod-rg1\/\" \/>\n<meta property=\"og:locale\" content=\"es_ES\" \/>\n<meta property=\"og:type\" content=\"article\" \/>\n<meta property=\"og:title\" content=\"Llenadora Semi-automatica a Gravedad Mod. RG1 | STV Machinery\" \/>\n<meta property=\"og:description\" content=\"Nuestra llenadora por gravedad permite llenar con extrema precisi\u00f3n productos l\u00edquidos, como por ejemplo zumos de fruta, en envases de vidrio, metal o PET.\" \/>\n<meta property=\"og:url\" content=\"https:\/\/www.stvmachinery.it\/es\/macchinari\/llenadoras\/llenadora-semi-automatica-a-gravedad-mod-rg1\/\" \/>\n<meta property=\"og:site_name\" content=\"STV Machinery\" \/>\n<meta property=\"article:modified_time\" content=\"2026-01-16T09:06:28+00:00\" \/>\n<meta property=\"og:image\" content=\"https:\/\/www.stvmachinery.it\/wp-content\/uploads\/2026\/01\/Riempitrice-semiautomatica-a-gravita-Mod.-RG1.webp\" \/>\n\t<meta property=\"og:image:width\" content=\"1200\" \/>\n\t<meta property=\"og:image:height\" content=\"1200\" \/>\n\t<meta property=\"og:image:type\" content=\"image\/webp\" \/>\n<meta name=\"twitter:card\" content=\"summary_large_image\" \/>\n<meta name=\"twitter:label1\" content=\"Tiempo de lectura\" \/>\n\t<meta name=\"twitter:data1\" content=\"1 minuto\" \/>\n<script type=\"application\/ld+json\" class=\"yoast-schema-graph\">{\"@context\":\"https:\/\/schema.org\",\"@graph\":[{\"@type\":\"WebPage\",\"@id\":\"https:\/\/www.stvmachinery.it\/es\/macchinari\/llenadoras\/llenadora-semi-automatica-a-gravedad-mod-rg1\/\",\"url\":\"https:\/\/www.stvmachinery.it\/es\/macchinari\/llenadoras\/llenadora-semi-automatica-a-gravedad-mod-rg1\/\",\"name\":\"Llenadora Semi-automatica a Gravedad Mod. RG1 | STV Machinery\",\"isPartOf\":{\"@id\":\"https:\/\/www.stvmachinery.it\/es\/#website\"},\"primaryImageOfPage\":{\"@id\":\"https:\/\/www.stvmachinery.it\/es\/macchinari\/llenadoras\/llenadora-semi-automatica-a-gravedad-mod-rg1\/#primaryimage\"},\"image\":{\"@id\":\"https:\/\/www.stvmachinery.it\/es\/macchinari\/llenadoras\/llenadora-semi-automatica-a-gravedad-mod-rg1\/#primaryimage\"},\"thumbnailUrl\":\"https:\/\/www.stvmachinery.it\/wp-content\/uploads\/2026\/01\/Riempitrice-semi-automatica-a-gravita-RG1.webp\",\"datePublished\":\"2026-01-12T09:29:22+00:00\",\"dateModified\":\"2026-01-16T09:06:28+00:00\",\"description\":\"Nuestra llenadora por gravedad permite llenar con extrema precisi\u00f3n productos l\u00edquidos, como por ejemplo zumos de fruta, en envases de vidrio, metal o PET.\",\"breadcrumb\":{\"@id\":\"https:\/\/www.stvmachinery.it\/es\/macchinari\/llenadoras\/llenadora-semi-automatica-a-gravedad-mod-rg1\/#breadcrumb\"},\"inLanguage\":\"es\",\"potentialAction\":[{\"@type\":\"ReadAction\",\"target\":[\"https:\/\/www.stvmachinery.it\/es\/macchinari\/llenadoras\/llenadora-semi-automatica-a-gravedad-mod-rg1\/\"]}]},{\"@type\":\"ImageObject\",\"inLanguage\":\"es\",\"@id\":\"https:\/\/www.stvmachinery.it\/es\/macchinari\/llenadoras\/llenadora-semi-automatica-a-gravedad-mod-rg1\/#primaryimage\",\"url\":\"https:\/\/www.stvmachinery.it\/wp-content\/uploads\/2026\/01\/Riempitrice-semi-automatica-a-gravita-RG1.webp\",\"contentUrl\":\"https:\/\/www.stvmachinery.it\/wp-content\/uploads\/2026\/01\/Riempitrice-semi-automatica-a-gravita-RG1.webp\",\"width\":1200,\"height\":1200},{\"@type\":\"BreadcrumbList\",\"@id\":\"https:\/\/www.stvmachinery.it\/es\/macchinari\/llenadoras\/llenadora-semi-automatica-a-gravedad-mod-rg1\/#breadcrumb\",\"itemListElement\":[{\"@type\":\"ListItem\",\"position\":1,\"name\":\"Home\",\"item\":\"https:\/\/www.stvmachinery.it\/es\/stv-machinery\/\"},{\"@type\":\"ListItem\",\"position\":2,\"name\":\"Maquinaria\",\"item\":\"https:\/\/www.stvmachinery.it\/es\/maquinaria\/\"},{\"@type\":\"ListItem\",\"position\":3,\"name\":\"Llenadora Semi-automatica a Gravedad Mod. RG1\"}]},{\"@type\":\"WebSite\",\"@id\":\"https:\/\/www.stvmachinery.it\/es\/#website\",\"url\":\"https:\/\/www.stvmachinery.it\/es\/\",\"name\":\"STV Machinery\",\"description\":\"Macchine ed impianti per l\u2019industria agroalimentare e conserviera\",\"publisher\":{\"@id\":\"https:\/\/www.stvmachinery.it\/es\/#organization\"},\"potentialAction\":[{\"@type\":\"SearchAction\",\"target\":{\"@type\":\"EntryPoint\",\"urlTemplate\":\"https:\/\/www.stvmachinery.it\/es\/?s={search_term_string}\"},\"query-input\":\"required name=search_term_string\"}],\"inLanguage\":\"es\"},{\"@type\":\"Organization\",\"@id\":\"https:\/\/www.stvmachinery.it\/es\/#organization\",\"name\":\"S.T.V. di Salati Giovanni & C. \u2013 S.n.c.\",\"alternateName\":\"STV Machinery\",\"url\":\"https:\/\/www.stvmachinery.it\/es\/\",\"logo\":{\"@type\":\"ImageObject\",\"inLanguage\":\"es\",\"@id\":\"https:\/\/www.stvmachinery.it\/es\/#\/schema\/logo\/image\/\",\"url\":\"https:\/\/www.stvmachinery.it\/wp-content\/uploads\/2021\/06\/stv-machinery-logo-positivo.png\",\"contentUrl\":\"https:\/\/www.stvmachinery.it\/wp-content\/uploads\/2021\/06\/stv-machinery-logo-positivo.png\",\"width\":481,\"height\":233,\"caption\":\"S.T.V. di Salati Giovanni & C. \u2013 S.n.c.\"},\"image\":{\"@id\":\"https:\/\/www.stvmachinery.it\/es\/#\/schema\/logo\/image\/\"},\"sameAs\":[\"https:\/\/it.linkedin.com\/company\/stv-machinery\",\"https:\/\/www.youtube.com\/channel\/UCceMPa8POjTOmZeA2_KUoeg\"]}]}<\/script>\n<!-- \/ Yoast SEO plugin. -->","yoast_head_json":{"title":"Llenadora Semi-automatica a Gravedad Mod. RG1 | STV Machinery","description":"Nuestra llenadora por gravedad permite llenar con extrema precisi\u00f3n productos l\u00edquidos, como por ejemplo zumos de fruta, en envases de vidrio, metal o PET.","robots":{"index":"index","follow":"follow","max-snippet":"max-snippet:-1","max-image-preview":"max-image-preview:large","max-video-preview":"max-video-preview:-1"},"canonical":"https:\/\/www.stvmachinery.it\/es\/macchinari\/llenadoras\/llenadora-semi-automatica-a-gravedad-mod-rg1\/","og_locale":"es_ES","og_type":"article","og_title":"Llenadora Semi-automatica a Gravedad Mod. RG1 | STV Machinery","og_description":"Nuestra llenadora por gravedad permite llenar con extrema precisi\u00f3n productos l\u00edquidos, como por ejemplo zumos de fruta, en envases de vidrio, metal o PET.","og_url":"https:\/\/www.stvmachinery.it\/es\/macchinari\/llenadoras\/llenadora-semi-automatica-a-gravedad-mod-rg1\/","og_site_name":"STV Machinery","article_modified_time":"2026-01-16T09:06:28+00:00","og_image":[{"width":1200,"height":1200,"url":"https:\/\/www.stvmachinery.it\/wp-content\/uploads\/2026\/01\/Riempitrice-semiautomatica-a-gravita-Mod.-RG1.webp","type":"image\/webp"}],"twitter_card":"summary_large_image","twitter_misc":{"Tiempo de lectura":"1 minuto"},"schema":{"@context":"https:\/\/schema.org","@graph":[{"@type":"WebPage","@id":"https:\/\/www.stvmachinery.it\/es\/macchinari\/llenadoras\/llenadora-semi-automatica-a-gravedad-mod-rg1\/","url":"https:\/\/www.stvmachinery.it\/es\/macchinari\/llenadoras\/llenadora-semi-automatica-a-gravedad-mod-rg1\/","name":"Llenadora Semi-automatica a Gravedad Mod. RG1 | STV Machinery","isPartOf":{"@id":"https:\/\/www.stvmachinery.it\/es\/#website"},"primaryImageOfPage":{"@id":"https:\/\/www.stvmachinery.it\/es\/macchinari\/llenadoras\/llenadora-semi-automatica-a-gravedad-mod-rg1\/#primaryimage"},"image":{"@id":"https:\/\/www.stvmachinery.it\/es\/macchinari\/llenadoras\/llenadora-semi-automatica-a-gravedad-mod-rg1\/#primaryimage"},"thumbnailUrl":"https:\/\/www.stvmachinery.it\/wp-content\/uploads\/2026\/01\/Riempitrice-semi-automatica-a-gravita-RG1.webp","datePublished":"2026-01-12T09:29:22+00:00","dateModified":"2026-01-16T09:06:28+00:00","description":"Nuestra llenadora por gravedad permite llenar con extrema precisi\u00f3n productos l\u00edquidos, como por ejemplo zumos de fruta, en envases de vidrio, metal o PET.","breadcrumb":{"@id":"https:\/\/www.stvmachinery.it\/es\/macchinari\/llenadoras\/llenadora-semi-automatica-a-gravedad-mod-rg1\/#breadcrumb"},"inLanguage":"es","potentialAction":[{"@type":"ReadAction","target":["https:\/\/www.stvmachinery.it\/es\/macchinari\/llenadoras\/llenadora-semi-automatica-a-gravedad-mod-rg1\/"]}]},{"@type":"ImageObject","inLanguage":"es","@id":"https:\/\/www.stvmachinery.it\/es\/macchinari\/llenadoras\/llenadora-semi-automatica-a-gravedad-mod-rg1\/#primaryimage","url":"https:\/\/www.stvmachinery.it\/wp-content\/uploads\/2026\/01\/Riempitrice-semi-automatica-a-gravita-RG1.webp","contentUrl":"https:\/\/www.stvmachinery.it\/wp-content\/uploads\/2026\/01\/Riempitrice-semi-automatica-a-gravita-RG1.webp","width":1200,"height":1200},{"@type":"BreadcrumbList","@id":"https:\/\/www.stvmachinery.it\/es\/macchinari\/llenadoras\/llenadora-semi-automatica-a-gravedad-mod-rg1\/#breadcrumb","itemListElement":[{"@type":"ListItem","position":1,"name":"Home","item":"https:\/\/www.stvmachinery.it\/es\/stv-machinery\/"},{"@type":"ListItem","position":2,"name":"Maquinaria","item":"https:\/\/www.stvmachinery.it\/es\/maquinaria\/"},{"@type":"ListItem","position":3,"name":"Llenadora Semi-automatica a Gravedad Mod. RG1"}]},{"@type":"WebSite","@id":"https:\/\/www.stvmachinery.it\/es\/#website","url":"https:\/\/www.stvmachinery.it\/es\/","name":"STV Machinery","description":"Macchine ed impianti per l\u2019industria agroalimentare e conserviera","publisher":{"@id":"https:\/\/www.stvmachinery.it\/es\/#organization"},"potentialAction":[{"@type":"SearchAction","target":{"@type":"EntryPoint","urlTemplate":"https:\/\/www.stvmachinery.it\/es\/?s={search_term_string}"},"query-input":"required name=search_term_string"}],"inLanguage":"es"},{"@type":"Organization","@id":"https:\/\/www.stvmachinery.it\/es\/#organization","name":"S.T.V. di Salati Giovanni & C. \u2013 S.n.c.","alternateName":"STV Machinery","url":"https:\/\/www.stvmachinery.it\/es\/","logo":{"@type":"ImageObject","inLanguage":"es","@id":"https:\/\/www.stvmachinery.it\/es\/#\/schema\/logo\/image\/","url":"https:\/\/www.stvmachinery.it\/wp-content\/uploads\/2021\/06\/stv-machinery-logo-positivo.png","contentUrl":"https:\/\/www.stvmachinery.it\/wp-content\/uploads\/2021\/06\/stv-machinery-logo-positivo.png","width":481,"height":233,"caption":"S.T.V. di Salati Giovanni & C. \u2013 S.n.c."},"image":{"@id":"https:\/\/www.stvmachinery.it\/es\/#\/schema\/logo\/image\/"},"sameAs":["https:\/\/it.linkedin.com\/company\/stv-machinery","https:\/\/www.youtube.com\/channel\/UCceMPa8POjTOmZeA2_KUoeg"]}]}},"_links":{"self":[{"href":"https:\/\/www.stvmachinery.it\/es\/wp-json\/wp\/v2\/product\/11900","targetHints":{"allow":["GET"]}}],"collection":[{"href":"https:\/\/www.stvmachinery.it\/es\/wp-json\/wp\/v2\/product"}],"about":[{"href":"https:\/\/www.stvmachinery.it\/es\/wp-json\/wp\/v2\/types\/product"}],"version-history":[{"count":4,"href":"https:\/\/www.stvmachinery.it\/es\/wp-json\/wp\/v2\/product\/11900\/revisions"}],"predecessor-version":[{"id":11927,"href":"https:\/\/www.stvmachinery.it\/es\/wp-json\/wp\/v2\/product\/11900\/revisions\/11927"}],"wp:featuredmedia":[{"embeddable":true,"href":"https:\/\/www.stvmachinery.it\/es\/wp-json\/wp\/v2\/media\/11992"}],"wp:attachment":[{"href":"https:\/\/www.stvmachinery.it\/es\/wp-json\/wp\/v2\/media?parent=11900"}],"wp:term":[{"taxonomy":"product_cat","embeddable":true,"href":"https:\/\/www.stvmachinery.it\/es\/wp-json\/wp\/v2\/product_cat?post=11900"},{"taxonomy":"product_tag","embeddable":true,"href":"https:\/\/www.stvmachinery.it\/es\/wp-json\/wp\/v2\/product_tag?post=11900"}],"curies":[{"name":"wp","href":"https:\/\/api.w.org\/{rel}","templated":true}]}}