{"id":9985,"date":"2024-04-02T14:58:50","date_gmt":"2024-04-02T13:58:50","guid":{"rendered":"https:\/\/www.stvmachinery.it\/macchinari\/sin%20categor\u00eda\/detector-de-metales\/"},"modified":"2025-11-24T15:13:36","modified_gmt":"2025-11-24T14:13:36","slug":"detector-de-metales","status":"publish","type":"product","link":"https:\/\/www.stvmachinery.it\/es\/macchinari\/control-metales\/detector-de-metales\/","title":{"rendered":"Detector de Metales"},"content":{"rendered":"\t\t<div data-elementor-type=\"product-post\" data-elementor-id=\"9985\" class=\"elementor elementor-9985 elementor-8713\" data-elementor-post-type=\"product\">\n\t\t\t\t<div class=\"elementor-element elementor-element-46a5c91 e-flex e-con-boxed e-con e-parent\" data-id=\"46a5c91\" data-element_type=\"container\" id=\"caratteristiche\">\n\t\t\t\t\t<div class=\"e-con-inner\">\n\t\t\t\t<div class=\"elementor-element elementor-element-7aea20b elementor-widget elementor-widget-text-editor\" data-id=\"7aea20b\" data-element_type=\"widget\" data-widget_type=\"text-editor.default\">\n\t\t\t\t<div class=\"elementor-widget-container\">\n\t\t\t<style>\/*! elementor - v3.21.0 - 08-05-2024 *\/\n.elementor-widget-text-editor.elementor-drop-cap-view-stacked .elementor-drop-cap{background-color:#69727d;color:#fff}.elementor-widget-text-editor.elementor-drop-cap-view-framed .elementor-drop-cap{color:#69727d;border:3px solid;background-color:transparent}.elementor-widget-text-editor:not(.elementor-drop-cap-view-default) .elementor-drop-cap{margin-top:8px}.elementor-widget-text-editor:not(.elementor-drop-cap-view-default) .elementor-drop-cap-letter{width:1em;height:1em}.elementor-widget-text-editor .elementor-drop-cap{float:left;text-align:center;line-height:1;font-size:50px}.elementor-widget-text-editor .elementor-drop-cap-letter{display:inline-block}<\/style>\t\t\t\t<h3 class=\"product-item-title\">Principio de funcionamiento<\/h3>\n<p>Al pasaje de un contenedor no id\u00f3neo en el t\u00fanel de la central electr\u00f3nica la cinta transportadora <strong>se para<\/strong> y una <strong>se\u00f1al ac\u00fastica<\/strong> avisa al usuario.<\/p>\n<p>El usuario, una vez eliminado el contenedor que ha salido de la central, pone en marcha la cinta transportadora de nuevo.<\/p>\n\t\t\t\t\t\t<\/div>\n\t\t\t\t<\/div>\n\t\t\t\t\t<\/div>\n\t\t\t\t<\/div>\n\t\t<div class=\"elementor-element elementor-element-86a0b96 e-flex e-con-boxed e-con e-parent\" data-id=\"86a0b96\" data-element_type=\"container\">\n\t\t\t\t\t<div class=\"e-con-inner\">\n\t\t\t\t<div class=\"elementor-element elementor-element-4cfc641 elementor-widget elementor-widget-text-editor\" data-id=\"4cfc641\" data-element_type=\"widget\" data-widget_type=\"text-editor.default\">\n\t\t\t\t<div class=\"elementor-widget-container\">\n\t\t\t\t\t\t\t<h3 class=\"product-item-title\">Caracter\u00edsticas Constructivas<\/h3>\n<ul>\n<li><strong>Central electr\u00f3nica<\/strong> compuesta de un envase de grande resistencia en forma de t\u00fanel para el pasaje de los envases que han de ser controlados.<\/li>\n<li><strong>Panel frontal de mandos<\/strong> con teclado de membrana para la configuraci\u00f3n de par\u00e1metros de trabajo y pantalla tipo LCD para visualizar los par\u00e1metros.<\/li>\n<li><strong>Cinta transportadora<\/strong> con estructura en placa de acero inox espesor 2,5mm con la forma y material id\u00f3neo a un correcto funcionamiento en la zona donde se monta el detector de metales.<\/li>\n<li><strong>Cadena mesa-top<\/strong> en polipropileno con agujas de soporte en la parte de regreso montada en la estructura.<\/li>\n<li><strong>Gu\u00edas de contenci\u00f3n<\/strong> montadas sobre soportes ajustables seg\u00fan los diferentes tama\u00f1os de los envases.<\/li>\n<li>Cabezal accionado por el motor de velocidad variable.<\/li>\n<li>Cabezal neutro.<\/li>\n<li>Dispositivo de expulsi\u00f3n.<\/li>\n<\/ul>\n\t\t\t\t\t\t<\/div>\n\t\t\t\t<\/div>\n\t\t\t\t\t<\/div>\n\t\t\t\t<\/div>\n\t\t<div class=\"elementor-element elementor-element-30982cd e-flex e-con-boxed e-con e-parent\" data-id=\"30982cd\" data-element_type=\"container\" data-settings=\"{&quot;background_background&quot;:&quot;classic&quot;}\">\n\t\t\t\t\t<div class=\"e-con-inner\">\n\t\t\t\t<div class=\"elementor-element elementor-element-412ab7a elementor-widget elementor-widget-text-editor\" data-id=\"412ab7a\" data-element_type=\"widget\" data-widget_type=\"text-editor.default\">\n\t\t\t\t<div class=\"elementor-widget-container\">\n\t\t\t\t\t\t\t<h3 class=\"product-item-title\">Opcional<\/h3>\n<p>A pedido, la m\u00e1quina puede ser dotada de <strong>EXPULSION AUTOMATICA<\/strong> y <strong>TABLA RECOGIDA FRASCOS RECHAZADOS<\/strong>.<\/p>\n\t\t\t\t\t\t<\/div>\n\t\t\t\t<\/div>\n\t\t\t\t\t<\/div>\n\t\t\t\t<\/div>\n\t\t<div class=\"elementor-element elementor-element-e95b650 e-flex e-con-boxed e-con e-parent\" data-id=\"e95b650\" data-element_type=\"container\">\n\t\t\t\t\t<div class=\"e-con-inner\">\n\t\t\t\t<div class=\"elementor-element elementor-element-02e0a45 elementor-widget elementor-widget-heading\" data-id=\"02e0a45\" data-element_type=\"widget\" data-widget_type=\"heading.default\">\n\t\t\t\t<div class=\"elementor-widget-container\">\n\t\t\t<style>\/*! elementor - v3.21.0 - 08-05-2024 *\/\n.elementor-heading-title{padding:0;margin:0;line-height:1}.elementor-widget-heading .elementor-heading-title[class*=elementor-size-]>a{color:inherit;font-size:inherit;line-height:inherit}.elementor-widget-heading .elementor-heading-title.elementor-size-small{font-size:15px}.elementor-widget-heading .elementor-heading-title.elementor-size-medium{font-size:19px}.elementor-widget-heading .elementor-heading-title.elementor-size-large{font-size:29px}.elementor-widget-heading .elementor-heading-title.elementor-size-xl{font-size:39px}.elementor-widget-heading .elementor-heading-title.elementor-size-xxl{font-size:59px}<\/style><h4 class=\"elementor-heading-title elementor-size-default\">Datos T\u00e9cnicos<\/h4>\t\t<\/div>\n\t\t\t\t<\/div>\n\t\t\t\t<div class=\"elementor-element elementor-element-4399734 elementor-widget elementor-widget-ld_table\" data-id=\"4399734\" data-element_type=\"widget\" data-widget_type=\"ld_table.default\">\n\t\t\t\t<div class=\"elementor-widget-container\">\n\t\t\t<table><tr><td class=\"elementor-repeater-item-d918673\">Potencia instalada<\/td><td class=\"elementor-repeater-item-b958ccc\">kW 0,25<\/td><\/tr><tr><td class=\"elementor-repeater-item-78380da\">Longitud<\/td><td class=\"elementor-repeater-item-a74bb3f\">3.500 mm<\/td><\/tr><\/table>\t\t<\/div>\n\t\t\t\t<\/div>\n\t\t\t\t\t<\/div>\n\t\t\t\t<\/div>\n\t\t\t\t<\/div>\n\t\t","protected":false},"excerpt":{"rendered":"<p>Equipo que <strong>detecta<\/strong> eventuales <strong>restos met\u00e1licos<\/strong> en el interno de los frascos llenos y abiertos.<\/p>\n<p><a class=\"pulsanterosso\" href=\"#caratteristiche\">Caracter\u00edsticas T\u00e9cnicas<\/a><\/p>\n","protected":false},"featured_media":9351,"template":"","meta":{"inline_featured_image":false},"product_cat":[97],"product_tag":[],"class_list":{"0":"post-9985","1":"product","2":"type-product","3":"status-publish","4":"has-post-thumbnail","6":"product_cat-control-metales","7":"pa_applicazione-contenedores-llenos","8":"pa_funzionamento-automatico-es","9":"pa_settore-alimentario","10":"pa_settore-cosmetica-y-detergencia-es","11":"pa_settore-quimica-y-fertilizantes","13":"first","14":"instock","15":"shipping-taxable","16":"product-type-simple"},"yoast_head":"<!-- This site is optimized with the Yoast SEO plugin v22.7 - https:\/\/yoast.com\/wordpress\/plugins\/seo\/ -->\n<title>Detector de Metales | STV Machinery<\/title>\n<meta name=\"description\" content=\"El Detector de Metales de STV Machinery es una m\u00e1quina apta para la detecci\u00f3n de eventuales cuerpos met\u00e1licos en el interior de recipientes llenos y abiertos.\" \/>\n<meta name=\"robots\" content=\"index, follow, max-snippet:-1, max-image-preview:large, max-video-preview:-1\" \/>\n<link rel=\"canonical\" href=\"https:\/\/www.stvmachinery.it\/es\/macchinari\/control-metales\/detector-de-metales\/\" \/>\n<meta property=\"og:locale\" content=\"es_ES\" \/>\n<meta property=\"og:type\" content=\"article\" \/>\n<meta property=\"og:title\" content=\"Detector de Metales | STV Machinery\" \/>\n<meta property=\"og:description\" content=\"El Detector de Metales de STV Machinery es una m\u00e1quina apta para la detecci\u00f3n de eventuales cuerpos met\u00e1licos en el interior de recipientes llenos y abiertos.\" \/>\n<meta property=\"og:url\" content=\"https:\/\/www.stvmachinery.it\/es\/macchinari\/control-metales\/detector-de-metales\/\" \/>\n<meta property=\"og:site_name\" content=\"STV Machinery\" \/>\n<meta property=\"article:modified_time\" content=\"2025-11-24T14:13:36+00:00\" \/>\n<meta property=\"og:image\" content=\"https:\/\/www.stvmachinery.it\/wp-content\/uploads\/2024\/04\/metal-detector-stv.webp\" \/>\n\t<meta property=\"og:image:width\" content=\"1200\" \/>\n\t<meta property=\"og:image:height\" content=\"1200\" \/>\n\t<meta property=\"og:image:type\" content=\"image\/webp\" \/>\n<meta name=\"twitter:card\" content=\"summary_large_image\" \/>\n<script type=\"application\/ld+json\" class=\"yoast-schema-graph\">{\"@context\":\"https:\/\/schema.org\",\"@graph\":[{\"@type\":\"WebPage\",\"@id\":\"https:\/\/www.stvmachinery.it\/es\/macchinari\/control-metales\/detector-de-metales\/\",\"url\":\"https:\/\/www.stvmachinery.it\/es\/macchinari\/control-metales\/detector-de-metales\/\",\"name\":\"Detector de Metales | STV Machinery\",\"isPartOf\":{\"@id\":\"https:\/\/www.stvmachinery.it\/es\/#website\"},\"primaryImageOfPage\":{\"@id\":\"https:\/\/www.stvmachinery.it\/es\/macchinari\/control-metales\/detector-de-metales\/#primaryimage\"},\"image\":{\"@id\":\"https:\/\/www.stvmachinery.it\/es\/macchinari\/control-metales\/detector-de-metales\/#primaryimage\"},\"thumbnailUrl\":\"https:\/\/www.stvmachinery.it\/wp-content\/uploads\/2024\/04\/metal-detector-stv.webp\",\"datePublished\":\"2024-04-02T13:58:50+00:00\",\"dateModified\":\"2025-11-24T14:13:36+00:00\",\"description\":\"El Detector de Metales de STV Machinery es una m\u00e1quina apta para la detecci\u00f3n de eventuales cuerpos met\u00e1licos en el interior de recipientes llenos y abiertos.\",\"breadcrumb\":{\"@id\":\"https:\/\/www.stvmachinery.it\/es\/macchinari\/control-metales\/detector-de-metales\/#breadcrumb\"},\"inLanguage\":\"es\",\"potentialAction\":[{\"@type\":\"ReadAction\",\"target\":[\"https:\/\/www.stvmachinery.it\/es\/macchinari\/control-metales\/detector-de-metales\/\"]}]},{\"@type\":\"ImageObject\",\"inLanguage\":\"es\",\"@id\":\"https:\/\/www.stvmachinery.it\/es\/macchinari\/control-metales\/detector-de-metales\/#primaryimage\",\"url\":\"https:\/\/www.stvmachinery.it\/wp-content\/uploads\/2024\/04\/metal-detector-stv.webp\",\"contentUrl\":\"https:\/\/www.stvmachinery.it\/wp-content\/uploads\/2024\/04\/metal-detector-stv.webp\",\"width\":1200,\"height\":1200},{\"@type\":\"BreadcrumbList\",\"@id\":\"https:\/\/www.stvmachinery.it\/es\/macchinari\/control-metales\/detector-de-metales\/#breadcrumb\",\"itemListElement\":[{\"@type\":\"ListItem\",\"position\":1,\"name\":\"Home\",\"item\":\"https:\/\/www.stvmachinery.it\/es\/stv-machinery\/\"},{\"@type\":\"ListItem\",\"position\":2,\"name\":\"Maquinaria\",\"item\":\"https:\/\/www.stvmachinery.it\/es\/maquinaria\/\"},{\"@type\":\"ListItem\",\"position\":3,\"name\":\"Detector de Metales\"}]},{\"@type\":\"WebSite\",\"@id\":\"https:\/\/www.stvmachinery.it\/es\/#website\",\"url\":\"https:\/\/www.stvmachinery.it\/es\/\",\"name\":\"STV Machinery\",\"description\":\"Macchine ed impianti per l\u2019industria agroalimentare e conserviera\",\"publisher\":{\"@id\":\"https:\/\/www.stvmachinery.it\/es\/#organization\"},\"potentialAction\":[{\"@type\":\"SearchAction\",\"target\":{\"@type\":\"EntryPoint\",\"urlTemplate\":\"https:\/\/www.stvmachinery.it\/es\/?s={search_term_string}\"},\"query-input\":\"required name=search_term_string\"}],\"inLanguage\":\"es\"},{\"@type\":\"Organization\",\"@id\":\"https:\/\/www.stvmachinery.it\/es\/#organization\",\"name\":\"S.T.V. di Salati Giovanni & C. \u2013 S.n.c.\",\"alternateName\":\"STV Machinery\",\"url\":\"https:\/\/www.stvmachinery.it\/es\/\",\"logo\":{\"@type\":\"ImageObject\",\"inLanguage\":\"es\",\"@id\":\"https:\/\/www.stvmachinery.it\/es\/#\/schema\/logo\/image\/\",\"url\":\"https:\/\/www.stvmachinery.it\/wp-content\/uploads\/2021\/06\/stv-machinery-logo-positivo.png\",\"contentUrl\":\"https:\/\/www.stvmachinery.it\/wp-content\/uploads\/2021\/06\/stv-machinery-logo-positivo.png\",\"width\":481,\"height\":233,\"caption\":\"S.T.V. di Salati Giovanni & C. \u2013 S.n.c.\"},\"image\":{\"@id\":\"https:\/\/www.stvmachinery.it\/es\/#\/schema\/logo\/image\/\"},\"sameAs\":[\"https:\/\/it.linkedin.com\/company\/stv-machinery\",\"https:\/\/www.youtube.com\/channel\/UCceMPa8POjTOmZeA2_KUoeg\"]}]}<\/script>\n<!-- \/ Yoast SEO plugin. -->","yoast_head_json":{"title":"Detector de Metales | STV Machinery","description":"El Detector de Metales de STV Machinery es una m\u00e1quina apta para la detecci\u00f3n de eventuales cuerpos met\u00e1licos en el interior de recipientes llenos y abiertos.","robots":{"index":"index","follow":"follow","max-snippet":"max-snippet:-1","max-image-preview":"max-image-preview:large","max-video-preview":"max-video-preview:-1"},"canonical":"https:\/\/www.stvmachinery.it\/es\/macchinari\/control-metales\/detector-de-metales\/","og_locale":"es_ES","og_type":"article","og_title":"Detector de Metales | STV Machinery","og_description":"El Detector de Metales de STV Machinery es una m\u00e1quina apta para la detecci\u00f3n de eventuales cuerpos met\u00e1licos en el interior de recipientes llenos y abiertos.","og_url":"https:\/\/www.stvmachinery.it\/es\/macchinari\/control-metales\/detector-de-metales\/","og_site_name":"STV Machinery","article_modified_time":"2025-11-24T14:13:36+00:00","og_image":[{"width":1200,"height":1200,"url":"https:\/\/www.stvmachinery.it\/wp-content\/uploads\/2024\/04\/metal-detector-stv.webp","type":"image\/webp"}],"twitter_card":"summary_large_image","schema":{"@context":"https:\/\/schema.org","@graph":[{"@type":"WebPage","@id":"https:\/\/www.stvmachinery.it\/es\/macchinari\/control-metales\/detector-de-metales\/","url":"https:\/\/www.stvmachinery.it\/es\/macchinari\/control-metales\/detector-de-metales\/","name":"Detector de Metales | STV Machinery","isPartOf":{"@id":"https:\/\/www.stvmachinery.it\/es\/#website"},"primaryImageOfPage":{"@id":"https:\/\/www.stvmachinery.it\/es\/macchinari\/control-metales\/detector-de-metales\/#primaryimage"},"image":{"@id":"https:\/\/www.stvmachinery.it\/es\/macchinari\/control-metales\/detector-de-metales\/#primaryimage"},"thumbnailUrl":"https:\/\/www.stvmachinery.it\/wp-content\/uploads\/2024\/04\/metal-detector-stv.webp","datePublished":"2024-04-02T13:58:50+00:00","dateModified":"2025-11-24T14:13:36+00:00","description":"El Detector de Metales de STV Machinery es una m\u00e1quina apta para la detecci\u00f3n de eventuales cuerpos met\u00e1licos en el interior de recipientes llenos y abiertos.","breadcrumb":{"@id":"https:\/\/www.stvmachinery.it\/es\/macchinari\/control-metales\/detector-de-metales\/#breadcrumb"},"inLanguage":"es","potentialAction":[{"@type":"ReadAction","target":["https:\/\/www.stvmachinery.it\/es\/macchinari\/control-metales\/detector-de-metales\/"]}]},{"@type":"ImageObject","inLanguage":"es","@id":"https:\/\/www.stvmachinery.it\/es\/macchinari\/control-metales\/detector-de-metales\/#primaryimage","url":"https:\/\/www.stvmachinery.it\/wp-content\/uploads\/2024\/04\/metal-detector-stv.webp","contentUrl":"https:\/\/www.stvmachinery.it\/wp-content\/uploads\/2024\/04\/metal-detector-stv.webp","width":1200,"height":1200},{"@type":"BreadcrumbList","@id":"https:\/\/www.stvmachinery.it\/es\/macchinari\/control-metales\/detector-de-metales\/#breadcrumb","itemListElement":[{"@type":"ListItem","position":1,"name":"Home","item":"https:\/\/www.stvmachinery.it\/es\/stv-machinery\/"},{"@type":"ListItem","position":2,"name":"Maquinaria","item":"https:\/\/www.stvmachinery.it\/es\/maquinaria\/"},{"@type":"ListItem","position":3,"name":"Detector de Metales"}]},{"@type":"WebSite","@id":"https:\/\/www.stvmachinery.it\/es\/#website","url":"https:\/\/www.stvmachinery.it\/es\/","name":"STV Machinery","description":"Macchine ed impianti per l\u2019industria agroalimentare e conserviera","publisher":{"@id":"https:\/\/www.stvmachinery.it\/es\/#organization"},"potentialAction":[{"@type":"SearchAction","target":{"@type":"EntryPoint","urlTemplate":"https:\/\/www.stvmachinery.it\/es\/?s={search_term_string}"},"query-input":"required name=search_term_string"}],"inLanguage":"es"},{"@type":"Organization","@id":"https:\/\/www.stvmachinery.it\/es\/#organization","name":"S.T.V. di Salati Giovanni & C. \u2013 S.n.c.","alternateName":"STV Machinery","url":"https:\/\/www.stvmachinery.it\/es\/","logo":{"@type":"ImageObject","inLanguage":"es","@id":"https:\/\/www.stvmachinery.it\/es\/#\/schema\/logo\/image\/","url":"https:\/\/www.stvmachinery.it\/wp-content\/uploads\/2021\/06\/stv-machinery-logo-positivo.png","contentUrl":"https:\/\/www.stvmachinery.it\/wp-content\/uploads\/2021\/06\/stv-machinery-logo-positivo.png","width":481,"height":233,"caption":"S.T.V. di Salati Giovanni & C. \u2013 S.n.c."},"image":{"@id":"https:\/\/www.stvmachinery.it\/es\/#\/schema\/logo\/image\/"},"sameAs":["https:\/\/it.linkedin.com\/company\/stv-machinery","https:\/\/www.youtube.com\/channel\/UCceMPa8POjTOmZeA2_KUoeg"]}]}},"_links":{"self":[{"href":"https:\/\/www.stvmachinery.it\/es\/wp-json\/wp\/v2\/product\/9985","targetHints":{"allow":["GET"]}}],"collection":[{"href":"https:\/\/www.stvmachinery.it\/es\/wp-json\/wp\/v2\/product"}],"about":[{"href":"https:\/\/www.stvmachinery.it\/es\/wp-json\/wp\/v2\/types\/product"}],"version-history":[{"count":5,"href":"https:\/\/www.stvmachinery.it\/es\/wp-json\/wp\/v2\/product\/9985\/revisions"}],"predecessor-version":[{"id":11309,"href":"https:\/\/www.stvmachinery.it\/es\/wp-json\/wp\/v2\/product\/9985\/revisions\/11309"}],"wp:featuredmedia":[{"embeddable":true,"href":"https:\/\/www.stvmachinery.it\/es\/wp-json\/wp\/v2\/media\/9351"}],"wp:attachment":[{"href":"https:\/\/www.stvmachinery.it\/es\/wp-json\/wp\/v2\/media?parent=9985"}],"wp:term":[{"taxonomy":"product_cat","embeddable":true,"href":"https:\/\/www.stvmachinery.it\/es\/wp-json\/wp\/v2\/product_cat?post=9985"},{"taxonomy":"product_tag","embeddable":true,"href":"https:\/\/www.stvmachinery.it\/es\/wp-json\/wp\/v2\/product_tag?post=9985"}],"curies":[{"name":"wp","href":"https:\/\/api.w.org\/{rel}","templated":true}]}}