{"id":12007,"date":"2026-05-11T13:32:19","date_gmt":"2026-05-11T12:32:19","guid":{"rendered":"https:\/\/www.stvmachinery.it\/innovation-numerique-et-productive-fabrication-additive-et-cybersecurite-pour-la-croissance-industrielle\/"},"modified":"2026-05-11T13:47:40","modified_gmt":"2026-05-11T12:47:40","slug":"innovation-numerique-et-productive-fabrication-additive-et-cybersecurite-pour-la-croissance-industrielle","status":"publish","type":"page","link":"https:\/\/www.stvmachinery.it\/fr\/innovation-numerique-et-productive-fabrication-additive-et-cybersecurite-pour-la-croissance-industrielle\/","title":{"rendered":"Innovation num\u00e9rique et productive : fabrication additive et cybers\u00e9curit\u00e9 pour la croissance industrielle"},"content":{"rendered":"\t\t<div data-elementor-type=\"wp-page\" data-elementor-id=\"12007\" class=\"elementor elementor-12007 elementor-11994\" data-elementor-post-type=\"page\">\n\t\t\t\t\t\t<section class=\"elementor-section elementor-top-section elementor-element elementor-element-f10702a elementor-section-boxed elementor-section-height-default elementor-section-height-default\" data-id=\"f10702a\" data-element_type=\"section\">\n\t\t\t\t\t\t<div class=\"elementor-container elementor-column-gap-default\">\n\t\t\t\t\t<div class=\"elementor-column elementor-col-100 elementor-top-column elementor-element elementor-element-827d6a7\" data-id=\"827d6a7\" data-element_type=\"column\">\n\t\t\t<div class=\"elementor-widget-wrap elementor-element-populated\">\n\t\t\t\t\t\t<div class=\"elementor-element elementor-element-426bf9f elementor-widget elementor-widget-hub_fancy_heading lqd-el-has-inner-anim\" data-id=\"426bf9f\" data-element_type=\"widget\" data-settings=\"{&quot;split_type&quot;:&quot;chars, words&quot;,&quot;enable_split&quot;:&quot;true&quot;}\" data-widget_type=\"hub_fancy_heading.default\">\n\t\t\t\t<div class=\"elementor-widget-container\">\n\t\t\t\n\t\t<div id=\"ld-fancy-heading-6a029cdf74184\" class=\"ld-fancy-heading pos-rel\">\n\t\t\t<h5 class=\"ld-fh-element d-inline-block pos-rel  elementor-heading-title lqd-highlight-classic lqd-highlight-grow-left lqd-split-chars h5\"  data-split-text=\"true\" data-split-options='{\"type\":\"chars, words\"}'> Innovation num\u00e9rique et productive : fabrication additive et cybers\u00e9curit\u00e9 pour la croissance industrielle\n<\/h5>\t\t<\/div>\n\n\t\t\t\t<\/div>\n\t\t\t\t<\/div>\n\t\t<div class=\"elementor-element elementor-element-0227057 e-con-full e-flex e-con e-parent\" data-id=\"0227057\" data-element_type=\"container\">\n\t\t<div class=\"elementor-element elementor-element-c38f08d e-flex e-con-boxed e-con e-child\" data-id=\"c38f08d\" data-element_type=\"container\">\n\t\t\t\t\t<div class=\"e-con-inner\">\n\t\t\t\t<div class=\"elementor-element elementor-element-030b2a5 elementor-widget elementor-widget-text-editor\" data-id=\"030b2a5\" data-element_type=\"widget\" data-widget_type=\"text-editor.default\">\n\t\t\t\t<div class=\"elementor-widget-container\">\n\t\t\t<style>\/*! elementor - v3.21.0 - 08-05-2024 *\/\n.elementor-widget-text-editor.elementor-drop-cap-view-stacked .elementor-drop-cap{background-color:#69727d;color:#fff}.elementor-widget-text-editor.elementor-drop-cap-view-framed .elementor-drop-cap{color:#69727d;border:3px solid;background-color:transparent}.elementor-widget-text-editor:not(.elementor-drop-cap-view-default) .elementor-drop-cap{margin-top:8px}.elementor-widget-text-editor:not(.elementor-drop-cap-view-default) .elementor-drop-cap-letter{width:1em;height:1em}.elementor-widget-text-editor .elementor-drop-cap{float:left;text-align:center;line-height:1;font-size:50px}.elementor-widget-text-editor .elementor-drop-cap-letter{display:inline-block}<\/style>\t\t\t\t<p>STV Machinery a r\u00e9alis\u00e9 un projet <strong>d\u2019innovation num\u00e9rique<\/strong> et <strong>productive<\/strong> gr\u00e2ce aux contributions europ\u00e9ennes de la R\u00e9gion \u00c9milie-Romagne.<\/p>\n<p>L\u2019intervention a introduit de nouvelles technologies dans une perspective <strong>Industrie 4.0<\/strong>, dans le but de renforcer l\u2019efficacit\u00e9 des processus de production, l\u2019int\u00e9gration num\u00e9rique et la <strong>s\u00e9curit\u00e9 informatique de l\u2019entreprise.<\/strong><\/p>\n<p>Le projet a pr\u00e9vu l\u2019adoption de solutions de fabrication additive par impression 3D, l\u2019int\u00e9gration des syst\u00e8mes CAD\/CAM, le renforcement de la cybers\u00e9curit\u00e9 et la cr\u00e9ation d\u2019une nouvelle salle serveurs, contribuant ainsi \u00e0 la croissance technologique et industrielle de l\u2019entreprise.<\/p>\n\t\t\t\t\t\t<\/div>\n\t\t\t\t<\/div>\n\t\t\t\t<div class=\"elementor-element elementor-element-af95d72 elementor-widget elementor-widget-image\" data-id=\"af95d72\" data-element_type=\"widget\" data-widget_type=\"image.default\">\n\t\t\t\t<div class=\"elementor-widget-container\">\n\t\t\t<style>\/*! elementor - v3.21.0 - 08-05-2024 *\/\n.elementor-widget-image{text-align:center}.elementor-widget-image a{display:inline-block}.elementor-widget-image a img[src$=\".svg\"]{width:48px}.elementor-widget-image img{vertical-align:middle;display:inline-block}<\/style>\t\t\t\t\t\t\t\t\t\t<img fetchpriority=\"high\" decoding=\"async\" width=\"1030\" height=\"215\" src=\"https:\/\/www.stvmachinery.it\/wp-content\/uploads\/2024\/05\/finanziamenti-emilia-romagna.jpg\" class=\"attachment-full size-full wp-image-9900\" alt=\"\" srcset=\"https:\/\/www.stvmachinery.it\/wp-content\/uploads\/2024\/05\/finanziamenti-emilia-romagna.jpg 1030w, https:\/\/www.stvmachinery.it\/wp-content\/uploads\/2024\/05\/finanziamenti-emilia-romagna-300x63.jpg 300w, https:\/\/www.stvmachinery.it\/wp-content\/uploads\/2024\/05\/finanziamenti-emilia-romagna-1024x214.jpg 1024w, https:\/\/www.stvmachinery.it\/wp-content\/uploads\/2024\/05\/finanziamenti-emilia-romagna-600x125.jpg 600w\" sizes=\"(max-width: 1030px) 100vw, 1030px\" \/>\t\t\t\t\t\t\t\t\t\t\t\t\t<\/div>\n\t\t\t\t<\/div>\n\t\t\t\t\t<\/div>\n\t\t\t\t<\/div>\n\t\t\t\t<\/div>\n\t\t\t\t\t<\/div>\n\t\t<\/div>\n\t\t\t\t\t<\/div>\n\t\t<\/section>\n\t\t\t\t<\/div>\n\t\t","protected":false},"excerpt":{"rendered":"<p>Innovation num\u00e9rique et productive : fabrication additive et cybers\u00e9curit\u00e9 pour la croissance industrielle STV Machinery a r\u00e9alis\u00e9 un projet d\u2019innovation num\u00e9rique et productive gr\u00e2ce aux contributions europ\u00e9ennes de la R\u00e9gion \u00c9milie-Romagne. L\u2019intervention a introduit de nouvelles technologies dans une perspective Industrie 4.0, dans le but de renforcer l\u2019efficacit\u00e9 des processus de production, l\u2019int\u00e9gration num\u00e9rique et [&hellip;]<\/p>\n","protected":false},"author":1,"featured_media":0,"parent":0,"menu_order":0,"comment_status":"closed","ping_status":"closed","template":"","meta":{"inline_featured_image":false,"footnotes":""},"class_list":["post-12007","page","type-page","status-publish","hentry"],"yoast_head":"<!-- This site is optimized with the Yoast SEO plugin v22.7 - https:\/\/yoast.com\/wordpress\/plugins\/seo\/ -->\n<title>Innovation num\u00e9rique et productive : fabrication additive et cybers\u00e9curit\u00e9 pour la croissance industrielle | STV Machinery<\/title>\n<meta name=\"description\" content=\"STV Machinery a r\u00e9alis\u00e9 un projet d\u2019innovation num\u00e9rique et productive gr\u00e2ce aux contributions europ\u00e9ennes de la R\u00e9gion \u00c9milie-Romagne.\" \/>\n<meta name=\"robots\" content=\"index, follow, max-snippet:-1, max-image-preview:large, max-video-preview:-1\" \/>\n<link rel=\"canonical\" href=\"https:\/\/www.stvmachinery.it\/fr\/innovation-numerique-et-productive-fabrication-additive-et-cybersecurite-pour-la-croissance-industrielle\/\" \/>\n<meta property=\"og:locale\" content=\"fr_FR\" \/>\n<meta property=\"og:type\" content=\"article\" \/>\n<meta property=\"og:title\" content=\"Innovation num\u00e9rique et productive : fabrication additive et cybers\u00e9curit\u00e9 pour la croissance industrielle | STV Machinery\" \/>\n<meta property=\"og:description\" content=\"STV Machinery a r\u00e9alis\u00e9 un projet d\u2019innovation num\u00e9rique et productive gr\u00e2ce aux contributions europ\u00e9ennes de la R\u00e9gion \u00c9milie-Romagne.\" \/>\n<meta property=\"og:url\" content=\"https:\/\/www.stvmachinery.it\/fr\/innovation-numerique-et-productive-fabrication-additive-et-cybersecurite-pour-la-croissance-industrielle\/\" \/>\n<meta property=\"og:site_name\" content=\"STV Machinery\" \/>\n<meta property=\"article:modified_time\" content=\"2026-05-11T12:47:40+00:00\" \/>\n<meta property=\"og:image\" content=\"https:\/\/www.stvmachinery.it\/wp-content\/uploads\/2024\/03\/imm-cond-social.jpg\" \/>\n\t<meta property=\"og:image:width\" content=\"1200\" \/>\n\t<meta property=\"og:image:height\" content=\"675\" \/>\n\t<meta property=\"og:image:type\" content=\"image\/jpeg\" \/>\n<meta name=\"twitter:card\" content=\"summary_large_image\" \/>\n<meta name=\"twitter:label1\" content=\"Dur\u00e9e de lecture estim\u00e9e\" \/>\n\t<meta name=\"twitter:data1\" content=\"1 minute\" \/>\n<script type=\"application\/ld+json\" class=\"yoast-schema-graph\">{\"@context\":\"https:\/\/schema.org\",\"@graph\":[{\"@type\":\"WebPage\",\"@id\":\"https:\/\/www.stvmachinery.it\/fr\/innovation-numerique-et-productive-fabrication-additive-et-cybersecurite-pour-la-croissance-industrielle\/\",\"url\":\"https:\/\/www.stvmachinery.it\/fr\/innovation-numerique-et-productive-fabrication-additive-et-cybersecurite-pour-la-croissance-industrielle\/\",\"name\":\"Innovation num\u00e9rique et productive : fabrication additive et cybers\u00e9curit\u00e9 pour la croissance industrielle | STV Machinery\",\"isPartOf\":{\"@id\":\"https:\/\/www.stvmachinery.it\/fr\/#website\"},\"datePublished\":\"2026-05-11T12:32:19+00:00\",\"dateModified\":\"2026-05-11T12:47:40+00:00\",\"description\":\"STV Machinery a r\u00e9alis\u00e9 un projet d\u2019innovation num\u00e9rique et productive gr\u00e2ce aux contributions europ\u00e9ennes de la R\u00e9gion \u00c9milie-Romagne.\",\"breadcrumb\":{\"@id\":\"https:\/\/www.stvmachinery.it\/fr\/innovation-numerique-et-productive-fabrication-additive-et-cybersecurite-pour-la-croissance-industrielle\/#breadcrumb\"},\"inLanguage\":\"fr-FR\",\"potentialAction\":[{\"@type\":\"ReadAction\",\"target\":[\"https:\/\/www.stvmachinery.it\/fr\/innovation-numerique-et-productive-fabrication-additive-et-cybersecurite-pour-la-croissance-industrielle\/\"]}]},{\"@type\":\"BreadcrumbList\",\"@id\":\"https:\/\/www.stvmachinery.it\/fr\/innovation-numerique-et-productive-fabrication-additive-et-cybersecurite-pour-la-croissance-industrielle\/#breadcrumb\",\"itemListElement\":[{\"@type\":\"ListItem\",\"position\":1,\"name\":\"Home\",\"item\":\"https:\/\/www.stvmachinery.it\/fr\/stv-machinery\/\"},{\"@type\":\"ListItem\",\"position\":2,\"name\":\"Innovation num\u00e9rique et productive : fabrication additive et cybers\u00e9curit\u00e9 pour la croissance industrielle\"}]},{\"@type\":\"WebSite\",\"@id\":\"https:\/\/www.stvmachinery.it\/fr\/#website\",\"url\":\"https:\/\/www.stvmachinery.it\/fr\/\",\"name\":\"STV Machinery\",\"description\":\"Macchine ed impianti per l\u2019industria agroalimentare e conserviera\",\"publisher\":{\"@id\":\"https:\/\/www.stvmachinery.it\/fr\/#organization\"},\"potentialAction\":[{\"@type\":\"SearchAction\",\"target\":{\"@type\":\"EntryPoint\",\"urlTemplate\":\"https:\/\/www.stvmachinery.it\/fr\/?s={search_term_string}\"},\"query-input\":\"required name=search_term_string\"}],\"inLanguage\":\"fr-FR\"},{\"@type\":\"Organization\",\"@id\":\"https:\/\/www.stvmachinery.it\/fr\/#organization\",\"name\":\"S.T.V. di Salati Giovanni & C. \u2013 S.n.c.\",\"alternateName\":\"STV Machinery\",\"url\":\"https:\/\/www.stvmachinery.it\/fr\/\",\"logo\":{\"@type\":\"ImageObject\",\"inLanguage\":\"fr-FR\",\"@id\":\"https:\/\/www.stvmachinery.it\/fr\/#\/schema\/logo\/image\/\",\"url\":\"https:\/\/www.stvmachinery.it\/wp-content\/uploads\/2021\/06\/stv-machinery-logo-positivo.png\",\"contentUrl\":\"https:\/\/www.stvmachinery.it\/wp-content\/uploads\/2021\/06\/stv-machinery-logo-positivo.png\",\"width\":481,\"height\":233,\"caption\":\"S.T.V. di Salati Giovanni & C. \u2013 S.n.c.\"},\"image\":{\"@id\":\"https:\/\/www.stvmachinery.it\/fr\/#\/schema\/logo\/image\/\"},\"sameAs\":[\"https:\/\/it.linkedin.com\/company\/stv-machinery\",\"https:\/\/www.youtube.com\/channel\/UCceMPa8POjTOmZeA2_KUoeg\"]}]}<\/script>\n<!-- \/ Yoast SEO plugin. -->","yoast_head_json":{"title":"Innovation num\u00e9rique et productive : fabrication additive et cybers\u00e9curit\u00e9 pour la croissance industrielle | STV Machinery","description":"STV Machinery a r\u00e9alis\u00e9 un projet d\u2019innovation num\u00e9rique et productive gr\u00e2ce aux contributions europ\u00e9ennes de la R\u00e9gion \u00c9milie-Romagne.","robots":{"index":"index","follow":"follow","max-snippet":"max-snippet:-1","max-image-preview":"max-image-preview:large","max-video-preview":"max-video-preview:-1"},"canonical":"https:\/\/www.stvmachinery.it\/fr\/innovation-numerique-et-productive-fabrication-additive-et-cybersecurite-pour-la-croissance-industrielle\/","og_locale":"fr_FR","og_type":"article","og_title":"Innovation num\u00e9rique et productive : fabrication additive et cybers\u00e9curit\u00e9 pour la croissance industrielle | STV Machinery","og_description":"STV Machinery a r\u00e9alis\u00e9 un projet d\u2019innovation num\u00e9rique et productive gr\u00e2ce aux contributions europ\u00e9ennes de la R\u00e9gion \u00c9milie-Romagne.","og_url":"https:\/\/www.stvmachinery.it\/fr\/innovation-numerique-et-productive-fabrication-additive-et-cybersecurite-pour-la-croissance-industrielle\/","og_site_name":"STV Machinery","article_modified_time":"2026-05-11T12:47:40+00:00","og_image":[{"width":1200,"height":675,"url":"https:\/\/www.stvmachinery.it\/wp-content\/uploads\/2024\/03\/imm-cond-social.jpg","type":"image\/jpeg"}],"twitter_card":"summary_large_image","twitter_misc":{"Dur\u00e9e de lecture estim\u00e9e":"1 minute"},"schema":{"@context":"https:\/\/schema.org","@graph":[{"@type":"WebPage","@id":"https:\/\/www.stvmachinery.it\/fr\/innovation-numerique-et-productive-fabrication-additive-et-cybersecurite-pour-la-croissance-industrielle\/","url":"https:\/\/www.stvmachinery.it\/fr\/innovation-numerique-et-productive-fabrication-additive-et-cybersecurite-pour-la-croissance-industrielle\/","name":"Innovation num\u00e9rique et productive : fabrication additive et cybers\u00e9curit\u00e9 pour la croissance industrielle | STV Machinery","isPartOf":{"@id":"https:\/\/www.stvmachinery.it\/fr\/#website"},"datePublished":"2026-05-11T12:32:19+00:00","dateModified":"2026-05-11T12:47:40+00:00","description":"STV Machinery a r\u00e9alis\u00e9 un projet d\u2019innovation num\u00e9rique et productive gr\u00e2ce aux contributions europ\u00e9ennes de la R\u00e9gion \u00c9milie-Romagne.","breadcrumb":{"@id":"https:\/\/www.stvmachinery.it\/fr\/innovation-numerique-et-productive-fabrication-additive-et-cybersecurite-pour-la-croissance-industrielle\/#breadcrumb"},"inLanguage":"fr-FR","potentialAction":[{"@type":"ReadAction","target":["https:\/\/www.stvmachinery.it\/fr\/innovation-numerique-et-productive-fabrication-additive-et-cybersecurite-pour-la-croissance-industrielle\/"]}]},{"@type":"BreadcrumbList","@id":"https:\/\/www.stvmachinery.it\/fr\/innovation-numerique-et-productive-fabrication-additive-et-cybersecurite-pour-la-croissance-industrielle\/#breadcrumb","itemListElement":[{"@type":"ListItem","position":1,"name":"Home","item":"https:\/\/www.stvmachinery.it\/fr\/stv-machinery\/"},{"@type":"ListItem","position":2,"name":"Innovation num\u00e9rique et productive : fabrication additive et cybers\u00e9curit\u00e9 pour la croissance industrielle"}]},{"@type":"WebSite","@id":"https:\/\/www.stvmachinery.it\/fr\/#website","url":"https:\/\/www.stvmachinery.it\/fr\/","name":"STV Machinery","description":"Macchine ed impianti per l\u2019industria agroalimentare e conserviera","publisher":{"@id":"https:\/\/www.stvmachinery.it\/fr\/#organization"},"potentialAction":[{"@type":"SearchAction","target":{"@type":"EntryPoint","urlTemplate":"https:\/\/www.stvmachinery.it\/fr\/?s={search_term_string}"},"query-input":"required name=search_term_string"}],"inLanguage":"fr-FR"},{"@type":"Organization","@id":"https:\/\/www.stvmachinery.it\/fr\/#organization","name":"S.T.V. di Salati Giovanni & C. \u2013 S.n.c.","alternateName":"STV Machinery","url":"https:\/\/www.stvmachinery.it\/fr\/","logo":{"@type":"ImageObject","inLanguage":"fr-FR","@id":"https:\/\/www.stvmachinery.it\/fr\/#\/schema\/logo\/image\/","url":"https:\/\/www.stvmachinery.it\/wp-content\/uploads\/2021\/06\/stv-machinery-logo-positivo.png","contentUrl":"https:\/\/www.stvmachinery.it\/wp-content\/uploads\/2021\/06\/stv-machinery-logo-positivo.png","width":481,"height":233,"caption":"S.T.V. di Salati Giovanni & C. \u2013 S.n.c."},"image":{"@id":"https:\/\/www.stvmachinery.it\/fr\/#\/schema\/logo\/image\/"},"sameAs":["https:\/\/it.linkedin.com\/company\/stv-machinery","https:\/\/www.youtube.com\/channel\/UCceMPa8POjTOmZeA2_KUoeg"]}]}},"_links":{"self":[{"href":"https:\/\/www.stvmachinery.it\/fr\/wp-json\/wp\/v2\/pages\/12007","targetHints":{"allow":["GET"]}}],"collection":[{"href":"https:\/\/www.stvmachinery.it\/fr\/wp-json\/wp\/v2\/pages"}],"about":[{"href":"https:\/\/www.stvmachinery.it\/fr\/wp-json\/wp\/v2\/types\/page"}],"author":[{"embeddable":true,"href":"https:\/\/www.stvmachinery.it\/fr\/wp-json\/wp\/v2\/users\/1"}],"replies":[{"embeddable":true,"href":"https:\/\/www.stvmachinery.it\/fr\/wp-json\/wp\/v2\/comments?post=12007"}],"version-history":[{"count":3,"href":"https:\/\/www.stvmachinery.it\/fr\/wp-json\/wp\/v2\/pages\/12007\/revisions"}],"predecessor-version":[{"id":12010,"href":"https:\/\/www.stvmachinery.it\/fr\/wp-json\/wp\/v2\/pages\/12007\/revisions\/12010"}],"wp:attachment":[{"href":"https:\/\/www.stvmachinery.it\/fr\/wp-json\/wp\/v2\/media?parent=12007"}],"curies":[{"name":"wp","href":"https:\/\/api.w.org\/{rel}","templated":true}]}}