{"id":10549,"date":"2024-03-05T14:56:39","date_gmt":"2024-03-05T13:56:39","guid":{"rendered":"https:\/\/www.stvmachinery.it\/macchinari\/non%20class\u00e9\/cuves-de-preparation-de-sauces\/"},"modified":"2025-12-12T09:40:51","modified_gmt":"2025-12-12T08:40:51","slug":"cuves-de-preparation-de-sauces","status":"publish","type":"product","link":"https:\/\/www.stvmachinery.it\/fr\/macchinari\/preparation-des-produits\/cuves-de-preparation-de-sauces\/","title":{"rendered":"Cuves de preparation de sauces"},"content":{"rendered":"\t\t<div data-elementor-type=\"product-post\" data-elementor-id=\"10549\" class=\"elementor elementor-10549 elementor-7621\" data-elementor-post-type=\"product\">\n\t\t\t\t<div class=\"elementor-element elementor-element-1294ff5 e-flex e-con-boxed e-con e-parent\" data-id=\"1294ff5\" data-element_type=\"container\" id=\"caratteristiche\">\n\t\t\t\t\t<div class=\"e-con-inner\">\n\t\t\t\t<div class=\"elementor-element elementor-element-3c4470c elementor-widget elementor-widget-text-editor\" data-id=\"3c4470c\" data-element_type=\"widget\" data-widget_type=\"text-editor.default\">\n\t\t\t\t<div class=\"elementor-widget-container\">\n\t\t\t<style>\/*! elementor - v3.21.0 - 08-05-2024 *\/\n.elementor-widget-text-editor.elementor-drop-cap-view-stacked .elementor-drop-cap{background-color:#69727d;color:#fff}.elementor-widget-text-editor.elementor-drop-cap-view-framed .elementor-drop-cap{color:#69727d;border:3px solid;background-color:transparent}.elementor-widget-text-editor:not(.elementor-drop-cap-view-default) .elementor-drop-cap{margin-top:8px}.elementor-widget-text-editor:not(.elementor-drop-cap-view-default) .elementor-drop-cap-letter{width:1em;height:1em}.elementor-widget-text-editor .elementor-drop-cap{float:left;text-align:center;line-height:1;font-size:50px}.elementor-widget-text-editor .elementor-drop-cap-letter{display:inline-block}<\/style>\t\t\t\t<h3>Caract\u00e9ristiques de fabrication<\/h3>\n<p>Fabrication compl\u00e8tement en <strong>acier inox AISI 304<\/strong> avec les partis en contact avec le produit fabriqu\u00e9es en <strong>acier inox AISI 316<\/strong>. Le projet de ce type de machines est personnalis\u00e9 selon les exigences du Client, donc les donn\u00e9es techniques changent sur la base des caract\u00e9ristiques demand\u00e9es. <\/p>\n\t\t\t\t\t\t<\/div>\n\t\t\t\t<\/div>\n\t\t\t\t\t<\/div>\n\t\t\t\t<\/div>\n\t\t<div class=\"elementor-element elementor-element-06be501 e-flex e-con-boxed e-con e-parent\" data-id=\"06be501\" data-element_type=\"container\" data-settings=\"{&quot;background_background&quot;:&quot;classic&quot;}\">\n\t\t\t\t\t<div class=\"e-con-inner\">\n\t\t\t\t<div class=\"elementor-element elementor-element-d9bca75 elementor-widget elementor-widget-heading\" data-id=\"d9bca75\" data-element_type=\"widget\" data-widget_type=\"heading.default\">\n\t\t\t\t<div class=\"elementor-widget-container\">\n\t\t\t<style>\/*! elementor - v3.21.0 - 08-05-2024 *\/\n.elementor-heading-title{padding:0;margin:0;line-height:1}.elementor-widget-heading .elementor-heading-title[class*=elementor-size-]>a{color:inherit;font-size:inherit;line-height:inherit}.elementor-widget-heading .elementor-heading-title.elementor-size-small{font-size:15px}.elementor-widget-heading .elementor-heading-title.elementor-size-medium{font-size:19px}.elementor-widget-heading .elementor-heading-title.elementor-size-large{font-size:29px}.elementor-widget-heading .elementor-heading-title.elementor-size-xl{font-size:39px}.elementor-widget-heading .elementor-heading-title.elementor-size-xxl{font-size:59px}<\/style><h4 class=\"elementor-heading-title elementor-size-default\">Optionnels<br><\/h4>\t\t<\/div>\n\t\t\t\t<\/div>\n\t\t\t\t<div class=\"elementor-element elementor-element-a6d337d elementor-widget elementor-widget-text-editor\" data-id=\"a6d337d\" data-element_type=\"widget\" data-widget_type=\"text-editor.default\">\n\t\t\t\t<div class=\"elementor-widget-container\">\n\t\t\t\t\t\t\t<p>Sur demande elles peuvent \u00eatre fournies avec des <strong>accessoires pour la cuisson du produit.<\/strong><\/p>\n\t\t\t\t\t\t<\/div>\n\t\t\t\t<\/div>\n\t\t\t\t\t<\/div>\n\t\t\t\t<\/div>\n\t\t\t\t<\/div>\n\t\t","protected":false},"excerpt":{"rendered":"<p>Machine particuli\u00e8rement indiqu\u00e9 pour la pr\u00e9paration de sauces et d\u2019autres produits denses et semi-denses \u00e0 base de viande, l\u00e9gumes, etc.<\/p>\n<p><a class=\"pulsanterosso\" href=\"#caratteristiche\">Caract\u00e9ristiques techniques<\/a><\/p>\n","protected":false},"featured_media":8932,"template":"","meta":{"inline_featured_image":false},"product_cat":[124],"product_tag":[],"class_list":{"0":"post-10549","1":"product","2":"type-product","3":"status-publish","4":"has-post-thumbnail","6":"product_cat-preparation-des-produits","7":"pa_applicazione-produits-denses-et-semi-denses","8":"pa_funzionamento-automatique","9":"pa_settore-alimentaire","11":"first","12":"instock","13":"shipping-taxable","14":"product-type-simple"},"yoast_head":"<!-- This site is optimized with the Yoast SEO plugin v22.7 - https:\/\/yoast.com\/wordpress\/plugins\/seo\/ -->\n<title>Cuves de preparation de sauces | STV Machinery<\/title>\n<meta name=\"description\" content=\"Machine particuli\u00e8rement indiqu\u00e9 pour la pr\u00e9paration de sauces et d&#039;autres produits denses et semi-denses \u00e0 base de viande, l\u00e9gumes, etc.\" \/>\n<meta name=\"robots\" content=\"index, follow, max-snippet:-1, max-image-preview:large, max-video-preview:-1\" \/>\n<link rel=\"canonical\" href=\"https:\/\/www.stvmachinery.it\/fr\/macchinari\/preparation-des-produits\/cuves-de-preparation-de-sauces\/\" \/>\n<meta property=\"og:locale\" content=\"fr_FR\" \/>\n<meta property=\"og:type\" content=\"article\" \/>\n<meta property=\"og:title\" content=\"Cuves de preparation de sauces | STV Machinery\" \/>\n<meta property=\"og:description\" content=\"Machine particuli\u00e8rement indiqu\u00e9 pour la pr\u00e9paration de sauces et d&#039;autres produits denses et semi-denses \u00e0 base de viande, l\u00e9gumes, etc.\" \/>\n<meta property=\"og:url\" content=\"https:\/\/www.stvmachinery.it\/fr\/macchinari\/preparation-des-produits\/cuves-de-preparation-de-sauces\/\" \/>\n<meta property=\"og:site_name\" content=\"STV Machinery\" \/>\n<meta property=\"article:modified_time\" content=\"2025-12-12T08:40:51+00:00\" \/>\n<meta property=\"og:image\" content=\"https:\/\/www.stvmachinery.it\/wp-content\/uploads\/2024\/03\/Vasche-di-preparazione-salse-e-sughi.webp\" \/>\n\t<meta property=\"og:image:width\" content=\"1200\" \/>\n\t<meta property=\"og:image:height\" content=\"1200\" \/>\n\t<meta property=\"og:image:type\" content=\"image\/webp\" \/>\n<meta name=\"twitter:card\" content=\"summary_large_image\" \/>\n<meta name=\"twitter:label1\" content=\"Dur\u00e9e de lecture estim\u00e9e\" \/>\n\t<meta name=\"twitter:data1\" content=\"1 minute\" \/>\n<script type=\"application\/ld+json\" class=\"yoast-schema-graph\">{\"@context\":\"https:\/\/schema.org\",\"@graph\":[{\"@type\":\"WebPage\",\"@id\":\"https:\/\/www.stvmachinery.it\/fr\/macchinari\/preparation-des-produits\/cuves-de-preparation-de-sauces\/\",\"url\":\"https:\/\/www.stvmachinery.it\/fr\/macchinari\/preparation-des-produits\/cuves-de-preparation-de-sauces\/\",\"name\":\"Cuves de preparation de sauces | STV Machinery\",\"isPartOf\":{\"@id\":\"https:\/\/www.stvmachinery.it\/fr\/#website\"},\"primaryImageOfPage\":{\"@id\":\"https:\/\/www.stvmachinery.it\/fr\/macchinari\/preparation-des-produits\/cuves-de-preparation-de-sauces\/#primaryimage\"},\"image\":{\"@id\":\"https:\/\/www.stvmachinery.it\/fr\/macchinari\/preparation-des-produits\/cuves-de-preparation-de-sauces\/#primaryimage\"},\"thumbnailUrl\":\"https:\/\/www.stvmachinery.it\/wp-content\/uploads\/2024\/03\/Vasche-di-preparazione-salse-e-sughi.webp\",\"datePublished\":\"2024-03-05T13:56:39+00:00\",\"dateModified\":\"2025-12-12T08:40:51+00:00\",\"description\":\"Machine particuli\u00e8rement indiqu\u00e9 pour la pr\u00e9paration de sauces et d'autres produits denses et semi-denses \u00e0 base de viande, l\u00e9gumes, etc.\",\"breadcrumb\":{\"@id\":\"https:\/\/www.stvmachinery.it\/fr\/macchinari\/preparation-des-produits\/cuves-de-preparation-de-sauces\/#breadcrumb\"},\"inLanguage\":\"fr-FR\",\"potentialAction\":[{\"@type\":\"ReadAction\",\"target\":[\"https:\/\/www.stvmachinery.it\/fr\/macchinari\/preparation-des-produits\/cuves-de-preparation-de-sauces\/\"]}]},{\"@type\":\"ImageObject\",\"inLanguage\":\"fr-FR\",\"@id\":\"https:\/\/www.stvmachinery.it\/fr\/macchinari\/preparation-des-produits\/cuves-de-preparation-de-sauces\/#primaryimage\",\"url\":\"https:\/\/www.stvmachinery.it\/wp-content\/uploads\/2024\/03\/Vasche-di-preparazione-salse-e-sughi.webp\",\"contentUrl\":\"https:\/\/www.stvmachinery.it\/wp-content\/uploads\/2024\/03\/Vasche-di-preparazione-salse-e-sughi.webp\",\"width\":1200,\"height\":1200},{\"@type\":\"BreadcrumbList\",\"@id\":\"https:\/\/www.stvmachinery.it\/fr\/macchinari\/preparation-des-produits\/cuves-de-preparation-de-sauces\/#breadcrumb\",\"itemListElement\":[{\"@type\":\"ListItem\",\"position\":1,\"name\":\"Home\",\"item\":\"https:\/\/www.stvmachinery.it\/fr\/stv-machinery\/\"},{\"@type\":\"ListItem\",\"position\":2,\"name\":\"Machines\",\"item\":\"https:\/\/www.stvmachinery.it\/fr\/machines\/\"},{\"@type\":\"ListItem\",\"position\":3,\"name\":\"Cuves de preparation de sauces\"}]},{\"@type\":\"WebSite\",\"@id\":\"https:\/\/www.stvmachinery.it\/fr\/#website\",\"url\":\"https:\/\/www.stvmachinery.it\/fr\/\",\"name\":\"STV Machinery\",\"description\":\"Macchine ed impianti per l\u2019industria agroalimentare e conserviera\",\"publisher\":{\"@id\":\"https:\/\/www.stvmachinery.it\/fr\/#organization\"},\"potentialAction\":[{\"@type\":\"SearchAction\",\"target\":{\"@type\":\"EntryPoint\",\"urlTemplate\":\"https:\/\/www.stvmachinery.it\/fr\/?s={search_term_string}\"},\"query-input\":\"required name=search_term_string\"}],\"inLanguage\":\"fr-FR\"},{\"@type\":\"Organization\",\"@id\":\"https:\/\/www.stvmachinery.it\/fr\/#organization\",\"name\":\"S.T.V. di Salati Giovanni & C. \u2013 S.n.c.\",\"alternateName\":\"STV Machinery\",\"url\":\"https:\/\/www.stvmachinery.it\/fr\/\",\"logo\":{\"@type\":\"ImageObject\",\"inLanguage\":\"fr-FR\",\"@id\":\"https:\/\/www.stvmachinery.it\/fr\/#\/schema\/logo\/image\/\",\"url\":\"https:\/\/www.stvmachinery.it\/wp-content\/uploads\/2021\/06\/stv-machinery-logo-positivo.png\",\"contentUrl\":\"https:\/\/www.stvmachinery.it\/wp-content\/uploads\/2021\/06\/stv-machinery-logo-positivo.png\",\"width\":481,\"height\":233,\"caption\":\"S.T.V. di Salati Giovanni & C. \u2013 S.n.c.\"},\"image\":{\"@id\":\"https:\/\/www.stvmachinery.it\/fr\/#\/schema\/logo\/image\/\"},\"sameAs\":[\"https:\/\/it.linkedin.com\/company\/stv-machinery\",\"https:\/\/www.youtube.com\/channel\/UCceMPa8POjTOmZeA2_KUoeg\"]}]}<\/script>\n<!-- \/ Yoast SEO plugin. -->","yoast_head_json":{"title":"Cuves de preparation de sauces | STV Machinery","description":"Machine particuli\u00e8rement indiqu\u00e9 pour la pr\u00e9paration de sauces et d'autres produits denses et semi-denses \u00e0 base de viande, l\u00e9gumes, etc.","robots":{"index":"index","follow":"follow","max-snippet":"max-snippet:-1","max-image-preview":"max-image-preview:large","max-video-preview":"max-video-preview:-1"},"canonical":"https:\/\/www.stvmachinery.it\/fr\/macchinari\/preparation-des-produits\/cuves-de-preparation-de-sauces\/","og_locale":"fr_FR","og_type":"article","og_title":"Cuves de preparation de sauces | STV Machinery","og_description":"Machine particuli\u00e8rement indiqu\u00e9 pour la pr\u00e9paration de sauces et d'autres produits denses et semi-denses \u00e0 base de viande, l\u00e9gumes, etc.","og_url":"https:\/\/www.stvmachinery.it\/fr\/macchinari\/preparation-des-produits\/cuves-de-preparation-de-sauces\/","og_site_name":"STV Machinery","article_modified_time":"2025-12-12T08:40:51+00:00","og_image":[{"width":1200,"height":1200,"url":"https:\/\/www.stvmachinery.it\/wp-content\/uploads\/2024\/03\/Vasche-di-preparazione-salse-e-sughi.webp","type":"image\/webp"}],"twitter_card":"summary_large_image","twitter_misc":{"Dur\u00e9e de lecture estim\u00e9e":"1 minute"},"schema":{"@context":"https:\/\/schema.org","@graph":[{"@type":"WebPage","@id":"https:\/\/www.stvmachinery.it\/fr\/macchinari\/preparation-des-produits\/cuves-de-preparation-de-sauces\/","url":"https:\/\/www.stvmachinery.it\/fr\/macchinari\/preparation-des-produits\/cuves-de-preparation-de-sauces\/","name":"Cuves de preparation de sauces | STV Machinery","isPartOf":{"@id":"https:\/\/www.stvmachinery.it\/fr\/#website"},"primaryImageOfPage":{"@id":"https:\/\/www.stvmachinery.it\/fr\/macchinari\/preparation-des-produits\/cuves-de-preparation-de-sauces\/#primaryimage"},"image":{"@id":"https:\/\/www.stvmachinery.it\/fr\/macchinari\/preparation-des-produits\/cuves-de-preparation-de-sauces\/#primaryimage"},"thumbnailUrl":"https:\/\/www.stvmachinery.it\/wp-content\/uploads\/2024\/03\/Vasche-di-preparazione-salse-e-sughi.webp","datePublished":"2024-03-05T13:56:39+00:00","dateModified":"2025-12-12T08:40:51+00:00","description":"Machine particuli\u00e8rement indiqu\u00e9 pour la pr\u00e9paration de sauces et d'autres produits denses et semi-denses \u00e0 base de viande, l\u00e9gumes, etc.","breadcrumb":{"@id":"https:\/\/www.stvmachinery.it\/fr\/macchinari\/preparation-des-produits\/cuves-de-preparation-de-sauces\/#breadcrumb"},"inLanguage":"fr-FR","potentialAction":[{"@type":"ReadAction","target":["https:\/\/www.stvmachinery.it\/fr\/macchinari\/preparation-des-produits\/cuves-de-preparation-de-sauces\/"]}]},{"@type":"ImageObject","inLanguage":"fr-FR","@id":"https:\/\/www.stvmachinery.it\/fr\/macchinari\/preparation-des-produits\/cuves-de-preparation-de-sauces\/#primaryimage","url":"https:\/\/www.stvmachinery.it\/wp-content\/uploads\/2024\/03\/Vasche-di-preparazione-salse-e-sughi.webp","contentUrl":"https:\/\/www.stvmachinery.it\/wp-content\/uploads\/2024\/03\/Vasche-di-preparazione-salse-e-sughi.webp","width":1200,"height":1200},{"@type":"BreadcrumbList","@id":"https:\/\/www.stvmachinery.it\/fr\/macchinari\/preparation-des-produits\/cuves-de-preparation-de-sauces\/#breadcrumb","itemListElement":[{"@type":"ListItem","position":1,"name":"Home","item":"https:\/\/www.stvmachinery.it\/fr\/stv-machinery\/"},{"@type":"ListItem","position":2,"name":"Machines","item":"https:\/\/www.stvmachinery.it\/fr\/machines\/"},{"@type":"ListItem","position":3,"name":"Cuves de preparation de sauces"}]},{"@type":"WebSite","@id":"https:\/\/www.stvmachinery.it\/fr\/#website","url":"https:\/\/www.stvmachinery.it\/fr\/","name":"STV Machinery","description":"Macchine ed impianti per l\u2019industria agroalimentare e conserviera","publisher":{"@id":"https:\/\/www.stvmachinery.it\/fr\/#organization"},"potentialAction":[{"@type":"SearchAction","target":{"@type":"EntryPoint","urlTemplate":"https:\/\/www.stvmachinery.it\/fr\/?s={search_term_string}"},"query-input":"required name=search_term_string"}],"inLanguage":"fr-FR"},{"@type":"Organization","@id":"https:\/\/www.stvmachinery.it\/fr\/#organization","name":"S.T.V. di Salati Giovanni & C. \u2013 S.n.c.","alternateName":"STV Machinery","url":"https:\/\/www.stvmachinery.it\/fr\/","logo":{"@type":"ImageObject","inLanguage":"fr-FR","@id":"https:\/\/www.stvmachinery.it\/fr\/#\/schema\/logo\/image\/","url":"https:\/\/www.stvmachinery.it\/wp-content\/uploads\/2021\/06\/stv-machinery-logo-positivo.png","contentUrl":"https:\/\/www.stvmachinery.it\/wp-content\/uploads\/2021\/06\/stv-machinery-logo-positivo.png","width":481,"height":233,"caption":"S.T.V. di Salati Giovanni & C. \u2013 S.n.c."},"image":{"@id":"https:\/\/www.stvmachinery.it\/fr\/#\/schema\/logo\/image\/"},"sameAs":["https:\/\/it.linkedin.com\/company\/stv-machinery","https:\/\/www.youtube.com\/channel\/UCceMPa8POjTOmZeA2_KUoeg"]}]}},"_links":{"self":[{"href":"https:\/\/www.stvmachinery.it\/fr\/wp-json\/wp\/v2\/product\/10549","targetHints":{"allow":["GET"]}}],"collection":[{"href":"https:\/\/www.stvmachinery.it\/fr\/wp-json\/wp\/v2\/product"}],"about":[{"href":"https:\/\/www.stvmachinery.it\/fr\/wp-json\/wp\/v2\/types\/product"}],"version-history":[{"count":6,"href":"https:\/\/www.stvmachinery.it\/fr\/wp-json\/wp\/v2\/product\/10549\/revisions"}],"predecessor-version":[{"id":11429,"href":"https:\/\/www.stvmachinery.it\/fr\/wp-json\/wp\/v2\/product\/10549\/revisions\/11429"}],"wp:featuredmedia":[{"embeddable":true,"href":"https:\/\/www.stvmachinery.it\/fr\/wp-json\/wp\/v2\/media\/8932"}],"wp:attachment":[{"href":"https:\/\/www.stvmachinery.it\/fr\/wp-json\/wp\/v2\/media?parent=10549"}],"wp:term":[{"taxonomy":"product_cat","embeddable":true,"href":"https:\/\/www.stvmachinery.it\/fr\/wp-json\/wp\/v2\/product_cat?post=10549"},{"taxonomy":"product_tag","embeddable":true,"href":"https:\/\/www.stvmachinery.it\/fr\/wp-json\/wp\/v2\/product_tag?post=10549"}],"curies":[{"name":"wp","href":"https:\/\/api.w.org\/{rel}","templated":true}]}}