{"id":10564,"date":"2024-03-18T10:47:07","date_gmt":"2024-03-18T09:47:07","guid":{"rendered":"https:\/\/www.stvmachinery.it\/macchinari\/non%20class\u00e9\/laveuse-a-tampons-pour-recipients-vides\/"},"modified":"2025-11-24T16:17:28","modified_gmt":"2025-11-24T15:17:28","slug":"laveuse-a-tampons-pour-recipients-vides","status":"publish","type":"product","link":"https:\/\/www.stvmachinery.it\/fr\/macchinari\/laveuses-secheuses-souffleuses\/laveuse-a-tampons-pour-recipients-vides\/","title":{"rendered":"Laveuse \u00e0 tampons pour recipients vides"},"content":{"rendered":"\t\t<div data-elementor-type=\"product-post\" data-elementor-id=\"10564\" class=\"elementor elementor-10564 elementor-8315\" data-elementor-post-type=\"product\">\n\t\t\t\t<div class=\"elementor-element elementor-element-1294ff5 e-flex e-con-boxed e-con e-parent\" data-id=\"1294ff5\" data-element_type=\"container\" id=\"caratteristiche\">\n\t\t\t\t\t<div class=\"e-con-inner\">\n\t\t\t\t<div class=\"elementor-element elementor-element-3c4470c elementor-widget elementor-widget-text-editor\" data-id=\"3c4470c\" data-element_type=\"widget\" data-widget_type=\"text-editor.default\">\n\t\t\t\t<div class=\"elementor-widget-container\">\n\t\t\t<style>\/*! elementor - v3.21.0 - 08-05-2024 *\/\n.elementor-widget-text-editor.elementor-drop-cap-view-stacked .elementor-drop-cap{background-color:#69727d;color:#fff}.elementor-widget-text-editor.elementor-drop-cap-view-framed .elementor-drop-cap{color:#69727d;border:3px solid;background-color:transparent}.elementor-widget-text-editor:not(.elementor-drop-cap-view-default) .elementor-drop-cap{margin-top:8px}.elementor-widget-text-editor:not(.elementor-drop-cap-view-default) .elementor-drop-cap-letter{width:1em;height:1em}.elementor-widget-text-editor .elementor-drop-cap{float:left;text-align:center;line-height:1;font-size:50px}.elementor-widget-text-editor .elementor-drop-cap-letter{display:inline-block}<\/style>\t\t\t\t<h3>Cycle de travail<\/h3>\n<p>Le cycle se compose de <strong>3 phases<\/strong>: <\/p>\n<ol>\n<li><strong>1\u00e8re phase:<\/strong> lavage par des buses aliment\u00e9es par une pompe centrifuge \u00e0 basse pression prot\u00e9g\u00e9e par des filtres. La pompe est aliment\u00e9e par l&#8217;eau contenue dans la tr\u00e9mie \u00e9quip\u00e9e d&#8217;un dispositif de trop plein. L&#8217;eau provient du r\u00e9seau du Client. La pompe est \u00e9quip\u00e9e d&#8217;un serpentin \u00e0 vapeur pour le r\u00e9chauffage de l&#8217;eau, d&#8217;un thermostat pour le r\u00e9glage de la temp\u00e9rature de l&#8217;eau, d&#8217;un thermom\u00e8tre, d&#8217;un filtre, d&#8217;une \u00e9lectrovanne et d&#8217;un dispositif de d\u00e9charge de condensat. <\/li>\n<li><strong>2\u00e8me phase:<\/strong> l&#8217;int\u00e9rieur des r\u00e9cipients est inject\u00e9 par un flux de vapeur contr\u00f4l\u00e9 par un collecteur de distribution de vapeur \u00e9quip\u00e9e d\u2019\u00e9lectrovanne. <\/li>\n<li><strong>3\u00e8me phase:<\/strong> soufflage des r\u00e9cipients en continu par l&#8217;air g\u00e9n\u00e9r\u00e9 par une soufflante \u00e0 anneau et un collecteur de soufflage \u00e9quip\u00e9 de buses. La soufflante est \u00e9quip\u00e9e d&#8217;un filtre \u00e0 air sp\u00e9cial. <\/li>\n<\/ol>\n\t\t\t\t\t\t<\/div>\n\t\t\t\t<\/div>\n\t\t\t\t\t<\/div>\n\t\t\t\t<\/div>\n\t\t<div class=\"elementor-element elementor-element-59c4d64 e-flex e-con-boxed e-con e-parent\" data-id=\"59c4d64\" data-element_type=\"container\">\n\t\t\t\t\t<div class=\"e-con-inner\">\n\t\t\t\t<div class=\"elementor-element elementor-element-d2b95ff elementor-widget elementor-widget-text-editor\" data-id=\"d2b95ff\" data-element_type=\"widget\" data-widget_type=\"text-editor.default\">\n\t\t\t\t<div class=\"elementor-widget-container\">\n\t\t\t\t\t\t\t<h3>Caract\u00e9ristiques de fabrication<\/h3>\n<ul>\n<li>Soubassement en t\u00f4le <strong>d\u2019acier inox<\/strong> avec des pieds r\u00e9glables en hauteur sur lequel est install\u00e9e une paire de cha\u00eenes biplan oppos\u00e9es avec des tampons en caoutchouc guid\u00e9es par des pistes de glissement en poly\u00e9thyl\u00e8ne d\u2019haute densit\u00e9.<\/li>\n<li>La <strong>distance<\/strong> entre les tampons en \u00e9lastom\u00e8re install\u00e9s sur les cha\u00eenes est <strong>r\u00e9glable<\/strong> par un motor\u00e9ducteur contr\u00f4l\u00e9 par le panneau operateur en m\u00eame temps et en simultan\u00e9e sur toute la trajectoire de la machine en l\u2019adaptant aux dimensions des r\u00e9cipients (il ne faut pas d\u2019\u00e9quipements suppl\u00e9mentaires pour le changement de format).<\/li>\n<li><strong>Motorisation<\/strong> par motor\u00e9ducteurs contr\u00f4l\u00e9s par variateur de vitesse. <\/li>\n<li>Deux <strong>convoyeurs<\/strong> (un pour l\u2019alimentation et l\u2019autre pour l\u2019\u00e9vacuation des r\u00e9cipients). <\/li>\n<li><strong>Lubrification centralis\u00e9e. <br \/><\/strong><\/li>\n<li>Panneau \u00e9lectrique de commande en acier inox. <\/li>\n<li>Syst\u00e8me de <strong>protection de s\u00e9curit\u00e9<\/strong> selon les normes CE.<\/li>\n<li>Fabrication en acier inox <strong>AISI 304<\/strong> sauf quelques parties qui sont en mat\u00e9riel diff\u00e9rent indiqu\u00e9 pour leur bon fonctionnement. <\/li>\n<\/ul>\n\t\t\t\t\t\t<\/div>\n\t\t\t\t<\/div>\n\t\t\t\t\t<\/div>\n\t\t\t\t<\/div>\n\t\t<div class=\"elementor-element elementor-element-06be501 e-flex e-con-boxed e-con e-parent\" data-id=\"06be501\" data-element_type=\"container\" data-settings=\"{&quot;background_background&quot;:&quot;classic&quot;}\">\n\t\t\t\t\t<div class=\"e-con-inner\">\n\t\t\t\t<div class=\"elementor-element elementor-element-d9bca75 elementor-widget elementor-widget-heading\" data-id=\"d9bca75\" data-element_type=\"widget\" data-widget_type=\"heading.default\">\n\t\t\t\t<div class=\"elementor-widget-container\">\n\t\t\t<style>\/*! elementor - v3.21.0 - 08-05-2024 *\/\n.elementor-heading-title{padding:0;margin:0;line-height:1}.elementor-widget-heading .elementor-heading-title[class*=elementor-size-]>a{color:inherit;font-size:inherit;line-height:inherit}.elementor-widget-heading .elementor-heading-title.elementor-size-small{font-size:15px}.elementor-widget-heading .elementor-heading-title.elementor-size-medium{font-size:19px}.elementor-widget-heading .elementor-heading-title.elementor-size-large{font-size:29px}.elementor-widget-heading .elementor-heading-title.elementor-size-xl{font-size:39px}.elementor-widget-heading .elementor-heading-title.elementor-size-xxl{font-size:59px}<\/style><h4 class=\"elementor-heading-title elementor-size-default\">Optionnels<br><\/h4>\t\t<\/div>\n\t\t\t\t<\/div>\n\t\t\t\t<div class=\"elementor-element elementor-element-a6d337d elementor-widget elementor-widget-text-editor\" data-id=\"a6d337d\" data-element_type=\"widget\" data-widget_type=\"text-editor.default\">\n\t\t\t\t<div class=\"elementor-widget-container\">\n\t\t\t\t\t\t\t<p>Sur demande, la machine peut \u00eatre fournie avec une <strong>TABLE D&#8217;ALIMENTATION RECIPIENTS<\/strong> (diam. 1.000 mm) en acier inox AISI 304 avec plan circulaire en plastique (poly\u00e9thyl\u00e8ne).<\/p>\n\t\t\t\t\t\t<\/div>\n\t\t\t\t<\/div>\n\t\t\t\t\t<\/div>\n\t\t\t\t<\/div>\n\t\t<div class=\"elementor-element elementor-element-e369793 e-flex e-con-boxed e-con e-parent\" data-id=\"e369793\" data-element_type=\"container\" data-settings=\"{&quot;background_background&quot;:&quot;classic&quot;}\">\n\t\t\t\t\t<div class=\"e-con-inner\">\n\t\t\t\t<div class=\"elementor-element elementor-element-444b64b elementor-widget elementor-widget-heading\" data-id=\"444b64b\" data-element_type=\"widget\" data-widget_type=\"heading.default\">\n\t\t\t\t<div class=\"elementor-widget-container\">\n\t\t\t<h4 class=\"elementor-heading-title elementor-size-default\">Donn\u00e9es techniques<\/h4>\t\t<\/div>\n\t\t\t\t<\/div>\n\t\t\t\t<div class=\"elementor-element elementor-element-d7679d2 elementor-widget elementor-widget-ld_table\" data-id=\"d7679d2\" data-element_type=\"widget\" data-widget_type=\"ld_table.default\">\n\t\t\t\t<div class=\"elementor-widget-container\">\n\t\t\t<table><tr><td class=\"elementor-repeater-item-4be9d2e\">Longueur<\/td><td class=\"elementor-repeater-item-485afe4\">4.700 mm<\/td><\/tr><tr><td class=\"elementor-repeater-item-72c5074\">Largeur<\/td><td class=\"elementor-repeater-item-0f05e35\">1.600 mm<\/td><\/tr><tr><td class=\"elementor-repeater-item-94eec40\">Produzione<\/td><td class=\"elementor-repeater-item-c7c5fd3\">12.000 contenants\/heure de 314 ml<\/td><\/tr><tr><td class=\"elementor-repeater-item-510be3e\">Consommation d\u2019eau<\/td><td class=\"elementor-repeater-item-721abc6\">env. 20 litres\/minute<\/td><\/tr><tr><td class=\"elementor-repeater-item-37c0e5b\">Consommation de vapeur<\/td><td class=\"elementor-repeater-item-6409f1a\">env. 130 kg\/h<\/td><\/tr><tr><td class=\"elementor-repeater-item-d918673\">Puissance install\u00e9e<\/td><td class=\"elementor-repeater-item-3ab17d1\">env. 4,51 kW<\/td><\/tr><\/table>\t\t<\/div>\n\t\t\t\t<\/div>\n\t\t\t\t\t<\/div>\n\t\t\t\t<\/div>\n\t\t\t\t<\/div>\n\t\t","protected":false},"excerpt":{"rendered":"<p>Machine apte au nettoyage avec lavage et injection de vapeur \u00e0 l\u2019int\u00e9rieur des r\u00e9cipients vides en verre, PET ou m\u00e9tal avant le remplissage.<\/p>\n<p><a class=\"pulsanterosso\" href=\"#caratteristiche\">Caract\u00e9ristiques techniques<\/a><\/p>\n","protected":false},"featured_media":9058,"template":"","meta":{"inline_featured_image":false},"product_cat":[121],"product_tag":[],"class_list":{"0":"post-10564","1":"product","2":"type-product","3":"status-publish","4":"has-post-thumbnail","6":"product_cat-laveuses-secheuses-souffleuses","7":"pa_applicazione-contenants-vides","8":"pa_funzionamento-automatique","9":"pa_settore-alimentaire","10":"pa_settore-chimie-et-engrais","11":"pa_settore-cosmetique-et-detergence-fr","13":"first","14":"instock","15":"shipping-taxable","16":"product-type-simple"},"yoast_head":"<!-- This site is optimized with the Yoast SEO plugin v22.7 - https:\/\/yoast.com\/wordpress\/plugins\/seo\/ -->\n<title>Laveuse \u00e0 tampons pour recipients vides | STV Machinery<\/title>\n<meta name=\"description\" content=\"Machine apte au nettoyage avec lavage et injection de vapeur \u00e0 l\u2019int\u00e9rieur des r\u00e9cipients vides en verre, PET ou m\u00e9tal avant le remplissage.\" \/>\n<meta name=\"robots\" content=\"index, follow, max-snippet:-1, max-image-preview:large, max-video-preview:-1\" \/>\n<link rel=\"canonical\" href=\"https:\/\/www.stvmachinery.it\/fr\/macchinari\/laveuses-secheuses-souffleuses\/laveuse-a-tampons-pour-recipients-vides\/\" \/>\n<meta property=\"og:locale\" content=\"fr_FR\" \/>\n<meta property=\"og:type\" content=\"article\" \/>\n<meta property=\"og:title\" content=\"Laveuse \u00e0 tampons pour recipients vides | STV Machinery\" \/>\n<meta property=\"og:description\" content=\"Machine apte au nettoyage avec lavage et injection de vapeur \u00e0 l\u2019int\u00e9rieur des r\u00e9cipients vides en verre, PET ou m\u00e9tal avant le remplissage.\" \/>\n<meta property=\"og:url\" content=\"https:\/\/www.stvmachinery.it\/fr\/macchinari\/laveuses-secheuses-souffleuses\/laveuse-a-tampons-pour-recipients-vides\/\" \/>\n<meta property=\"og:site_name\" content=\"STV Machinery\" \/>\n<meta property=\"article:modified_time\" content=\"2025-11-24T15:17:28+00:00\" \/>\n<meta property=\"og:image\" content=\"https:\/\/www.stvmachinery.it\/wp-content\/uploads\/2024\/03\/Lavatrice-a-tamponi-per-contenitori-vuoti.webp\" \/>\n\t<meta property=\"og:image:width\" content=\"1200\" \/>\n\t<meta property=\"og:image:height\" content=\"1200\" \/>\n\t<meta property=\"og:image:type\" content=\"image\/webp\" \/>\n<meta name=\"twitter:card\" content=\"summary_large_image\" \/>\n<script type=\"application\/ld+json\" class=\"yoast-schema-graph\">{\"@context\":\"https:\/\/schema.org\",\"@graph\":[{\"@type\":\"WebPage\",\"@id\":\"https:\/\/www.stvmachinery.it\/fr\/macchinari\/laveuses-secheuses-souffleuses\/laveuse-a-tampons-pour-recipients-vides\/\",\"url\":\"https:\/\/www.stvmachinery.it\/fr\/macchinari\/laveuses-secheuses-souffleuses\/laveuse-a-tampons-pour-recipients-vides\/\",\"name\":\"Laveuse \u00e0 tampons pour recipients vides | STV Machinery\",\"isPartOf\":{\"@id\":\"https:\/\/www.stvmachinery.it\/fr\/#website\"},\"primaryImageOfPage\":{\"@id\":\"https:\/\/www.stvmachinery.it\/fr\/macchinari\/laveuses-secheuses-souffleuses\/laveuse-a-tampons-pour-recipients-vides\/#primaryimage\"},\"image\":{\"@id\":\"https:\/\/www.stvmachinery.it\/fr\/macchinari\/laveuses-secheuses-souffleuses\/laveuse-a-tampons-pour-recipients-vides\/#primaryimage\"},\"thumbnailUrl\":\"https:\/\/www.stvmachinery.it\/wp-content\/uploads\/2024\/03\/Lavatrice-a-tamponi-per-contenitori-vuoti.webp\",\"datePublished\":\"2024-03-18T09:47:07+00:00\",\"dateModified\":\"2025-11-24T15:17:28+00:00\",\"description\":\"Machine apte au nettoyage avec lavage et injection de vapeur \u00e0 l\u2019int\u00e9rieur des r\u00e9cipients vides en verre, PET ou m\u00e9tal avant le remplissage.\",\"breadcrumb\":{\"@id\":\"https:\/\/www.stvmachinery.it\/fr\/macchinari\/laveuses-secheuses-souffleuses\/laveuse-a-tampons-pour-recipients-vides\/#breadcrumb\"},\"inLanguage\":\"fr-FR\",\"potentialAction\":[{\"@type\":\"ReadAction\",\"target\":[\"https:\/\/www.stvmachinery.it\/fr\/macchinari\/laveuses-secheuses-souffleuses\/laveuse-a-tampons-pour-recipients-vides\/\"]}]},{\"@type\":\"ImageObject\",\"inLanguage\":\"fr-FR\",\"@id\":\"https:\/\/www.stvmachinery.it\/fr\/macchinari\/laveuses-secheuses-souffleuses\/laveuse-a-tampons-pour-recipients-vides\/#primaryimage\",\"url\":\"https:\/\/www.stvmachinery.it\/wp-content\/uploads\/2024\/03\/Lavatrice-a-tamponi-per-contenitori-vuoti.webp\",\"contentUrl\":\"https:\/\/www.stvmachinery.it\/wp-content\/uploads\/2024\/03\/Lavatrice-a-tamponi-per-contenitori-vuoti.webp\",\"width\":1200,\"height\":1200},{\"@type\":\"BreadcrumbList\",\"@id\":\"https:\/\/www.stvmachinery.it\/fr\/macchinari\/laveuses-secheuses-souffleuses\/laveuse-a-tampons-pour-recipients-vides\/#breadcrumb\",\"itemListElement\":[{\"@type\":\"ListItem\",\"position\":1,\"name\":\"Home\",\"item\":\"https:\/\/www.stvmachinery.it\/fr\/stv-machinery\/\"},{\"@type\":\"ListItem\",\"position\":2,\"name\":\"Machines\",\"item\":\"https:\/\/www.stvmachinery.it\/fr\/machines\/\"},{\"@type\":\"ListItem\",\"position\":3,\"name\":\"Laveuse \u00e0 tampons pour recipients vides\"}]},{\"@type\":\"WebSite\",\"@id\":\"https:\/\/www.stvmachinery.it\/fr\/#website\",\"url\":\"https:\/\/www.stvmachinery.it\/fr\/\",\"name\":\"STV Machinery\",\"description\":\"Macchine ed impianti per l\u2019industria agroalimentare e conserviera\",\"publisher\":{\"@id\":\"https:\/\/www.stvmachinery.it\/fr\/#organization\"},\"potentialAction\":[{\"@type\":\"SearchAction\",\"target\":{\"@type\":\"EntryPoint\",\"urlTemplate\":\"https:\/\/www.stvmachinery.it\/fr\/?s={search_term_string}\"},\"query-input\":\"required name=search_term_string\"}],\"inLanguage\":\"fr-FR\"},{\"@type\":\"Organization\",\"@id\":\"https:\/\/www.stvmachinery.it\/fr\/#organization\",\"name\":\"S.T.V. di Salati Giovanni & C. \u2013 S.n.c.\",\"alternateName\":\"STV Machinery\",\"url\":\"https:\/\/www.stvmachinery.it\/fr\/\",\"logo\":{\"@type\":\"ImageObject\",\"inLanguage\":\"fr-FR\",\"@id\":\"https:\/\/www.stvmachinery.it\/fr\/#\/schema\/logo\/image\/\",\"url\":\"https:\/\/www.stvmachinery.it\/wp-content\/uploads\/2021\/06\/stv-machinery-logo-positivo.png\",\"contentUrl\":\"https:\/\/www.stvmachinery.it\/wp-content\/uploads\/2021\/06\/stv-machinery-logo-positivo.png\",\"width\":481,\"height\":233,\"caption\":\"S.T.V. di Salati Giovanni & C. \u2013 S.n.c.\"},\"image\":{\"@id\":\"https:\/\/www.stvmachinery.it\/fr\/#\/schema\/logo\/image\/\"},\"sameAs\":[\"https:\/\/it.linkedin.com\/company\/stv-machinery\",\"https:\/\/www.youtube.com\/channel\/UCceMPa8POjTOmZeA2_KUoeg\"]}]}<\/script>\n<!-- \/ Yoast SEO plugin. -->","yoast_head_json":{"title":"Laveuse \u00e0 tampons pour recipients vides | STV Machinery","description":"Machine apte au nettoyage avec lavage et injection de vapeur \u00e0 l\u2019int\u00e9rieur des r\u00e9cipients vides en verre, PET ou m\u00e9tal avant le remplissage.","robots":{"index":"index","follow":"follow","max-snippet":"max-snippet:-1","max-image-preview":"max-image-preview:large","max-video-preview":"max-video-preview:-1"},"canonical":"https:\/\/www.stvmachinery.it\/fr\/macchinari\/laveuses-secheuses-souffleuses\/laveuse-a-tampons-pour-recipients-vides\/","og_locale":"fr_FR","og_type":"article","og_title":"Laveuse \u00e0 tampons pour recipients vides | STV Machinery","og_description":"Machine apte au nettoyage avec lavage et injection de vapeur \u00e0 l\u2019int\u00e9rieur des r\u00e9cipients vides en verre, PET ou m\u00e9tal avant le remplissage.","og_url":"https:\/\/www.stvmachinery.it\/fr\/macchinari\/laveuses-secheuses-souffleuses\/laveuse-a-tampons-pour-recipients-vides\/","og_site_name":"STV Machinery","article_modified_time":"2025-11-24T15:17:28+00:00","og_image":[{"width":1200,"height":1200,"url":"https:\/\/www.stvmachinery.it\/wp-content\/uploads\/2024\/03\/Lavatrice-a-tamponi-per-contenitori-vuoti.webp","type":"image\/webp"}],"twitter_card":"summary_large_image","schema":{"@context":"https:\/\/schema.org","@graph":[{"@type":"WebPage","@id":"https:\/\/www.stvmachinery.it\/fr\/macchinari\/laveuses-secheuses-souffleuses\/laveuse-a-tampons-pour-recipients-vides\/","url":"https:\/\/www.stvmachinery.it\/fr\/macchinari\/laveuses-secheuses-souffleuses\/laveuse-a-tampons-pour-recipients-vides\/","name":"Laveuse \u00e0 tampons pour recipients vides | STV Machinery","isPartOf":{"@id":"https:\/\/www.stvmachinery.it\/fr\/#website"},"primaryImageOfPage":{"@id":"https:\/\/www.stvmachinery.it\/fr\/macchinari\/laveuses-secheuses-souffleuses\/laveuse-a-tampons-pour-recipients-vides\/#primaryimage"},"image":{"@id":"https:\/\/www.stvmachinery.it\/fr\/macchinari\/laveuses-secheuses-souffleuses\/laveuse-a-tampons-pour-recipients-vides\/#primaryimage"},"thumbnailUrl":"https:\/\/www.stvmachinery.it\/wp-content\/uploads\/2024\/03\/Lavatrice-a-tamponi-per-contenitori-vuoti.webp","datePublished":"2024-03-18T09:47:07+00:00","dateModified":"2025-11-24T15:17:28+00:00","description":"Machine apte au nettoyage avec lavage et injection de vapeur \u00e0 l\u2019int\u00e9rieur des r\u00e9cipients vides en verre, PET ou m\u00e9tal avant le remplissage.","breadcrumb":{"@id":"https:\/\/www.stvmachinery.it\/fr\/macchinari\/laveuses-secheuses-souffleuses\/laveuse-a-tampons-pour-recipients-vides\/#breadcrumb"},"inLanguage":"fr-FR","potentialAction":[{"@type":"ReadAction","target":["https:\/\/www.stvmachinery.it\/fr\/macchinari\/laveuses-secheuses-souffleuses\/laveuse-a-tampons-pour-recipients-vides\/"]}]},{"@type":"ImageObject","inLanguage":"fr-FR","@id":"https:\/\/www.stvmachinery.it\/fr\/macchinari\/laveuses-secheuses-souffleuses\/laveuse-a-tampons-pour-recipients-vides\/#primaryimage","url":"https:\/\/www.stvmachinery.it\/wp-content\/uploads\/2024\/03\/Lavatrice-a-tamponi-per-contenitori-vuoti.webp","contentUrl":"https:\/\/www.stvmachinery.it\/wp-content\/uploads\/2024\/03\/Lavatrice-a-tamponi-per-contenitori-vuoti.webp","width":1200,"height":1200},{"@type":"BreadcrumbList","@id":"https:\/\/www.stvmachinery.it\/fr\/macchinari\/laveuses-secheuses-souffleuses\/laveuse-a-tampons-pour-recipients-vides\/#breadcrumb","itemListElement":[{"@type":"ListItem","position":1,"name":"Home","item":"https:\/\/www.stvmachinery.it\/fr\/stv-machinery\/"},{"@type":"ListItem","position":2,"name":"Machines","item":"https:\/\/www.stvmachinery.it\/fr\/machines\/"},{"@type":"ListItem","position":3,"name":"Laveuse \u00e0 tampons pour recipients vides"}]},{"@type":"WebSite","@id":"https:\/\/www.stvmachinery.it\/fr\/#website","url":"https:\/\/www.stvmachinery.it\/fr\/","name":"STV Machinery","description":"Macchine ed impianti per l\u2019industria agroalimentare e conserviera","publisher":{"@id":"https:\/\/www.stvmachinery.it\/fr\/#organization"},"potentialAction":[{"@type":"SearchAction","target":{"@type":"EntryPoint","urlTemplate":"https:\/\/www.stvmachinery.it\/fr\/?s={search_term_string}"},"query-input":"required name=search_term_string"}],"inLanguage":"fr-FR"},{"@type":"Organization","@id":"https:\/\/www.stvmachinery.it\/fr\/#organization","name":"S.T.V. di Salati Giovanni & C. \u2013 S.n.c.","alternateName":"STV Machinery","url":"https:\/\/www.stvmachinery.it\/fr\/","logo":{"@type":"ImageObject","inLanguage":"fr-FR","@id":"https:\/\/www.stvmachinery.it\/fr\/#\/schema\/logo\/image\/","url":"https:\/\/www.stvmachinery.it\/wp-content\/uploads\/2021\/06\/stv-machinery-logo-positivo.png","contentUrl":"https:\/\/www.stvmachinery.it\/wp-content\/uploads\/2021\/06\/stv-machinery-logo-positivo.png","width":481,"height":233,"caption":"S.T.V. di Salati Giovanni & C. \u2013 S.n.c."},"image":{"@id":"https:\/\/www.stvmachinery.it\/fr\/#\/schema\/logo\/image\/"},"sameAs":["https:\/\/it.linkedin.com\/company\/stv-machinery","https:\/\/www.youtube.com\/channel\/UCceMPa8POjTOmZeA2_KUoeg"]}]}},"_links":{"self":[{"href":"https:\/\/www.stvmachinery.it\/fr\/wp-json\/wp\/v2\/product\/10564","targetHints":{"allow":["GET"]}}],"collection":[{"href":"https:\/\/www.stvmachinery.it\/fr\/wp-json\/wp\/v2\/product"}],"about":[{"href":"https:\/\/www.stvmachinery.it\/fr\/wp-json\/wp\/v2\/types\/product"}],"version-history":[{"count":9,"href":"https:\/\/www.stvmachinery.it\/fr\/wp-json\/wp\/v2\/product\/10564\/revisions"}],"predecessor-version":[{"id":11368,"href":"https:\/\/www.stvmachinery.it\/fr\/wp-json\/wp\/v2\/product\/10564\/revisions\/11368"}],"wp:featuredmedia":[{"embeddable":true,"href":"https:\/\/www.stvmachinery.it\/fr\/wp-json\/wp\/v2\/media\/9058"}],"wp:attachment":[{"href":"https:\/\/www.stvmachinery.it\/fr\/wp-json\/wp\/v2\/media?parent=10564"}],"wp:term":[{"taxonomy":"product_cat","embeddable":true,"href":"https:\/\/www.stvmachinery.it\/fr\/wp-json\/wp\/v2\/product_cat?post=10564"},{"taxonomy":"product_tag","embeddable":true,"href":"https:\/\/www.stvmachinery.it\/fr\/wp-json\/wp\/v2\/product_tag?post=10564"}],"curies":[{"name":"wp","href":"https:\/\/api.w.org\/{rel}","templated":true}]}}