{"id":10584,"date":"2024-03-18T11:48:02","date_gmt":"2024-03-18T10:48:02","guid":{"rendered":"https:\/\/www.stvmachinery.it\/macchinari\/non%20class\u00e9\/souffleuse-renverseuse-air-vapeur-a-tampons\/"},"modified":"2025-11-24T16:44:34","modified_gmt":"2025-11-24T15:44:34","slug":"souffleuse-renverseuse-air-vapeur-a-tampons","status":"publish","type":"product","link":"https:\/\/www.stvmachinery.it\/fr\/macchinari\/laveuses-secheuses-souffleuses\/souffleuse-renverseuse-air-vapeur-a-tampons\/","title":{"rendered":"Souffleuse renverseuse air\/vapeur \u00e0 tampons"},"content":{"rendered":"\t\t<div data-elementor-type=\"product-post\" data-elementor-id=\"10584\" class=\"elementor elementor-10584 elementor-8346\" data-elementor-post-type=\"product\">\n\t\t\t\t<div class=\"elementor-element elementor-element-59c4d64 e-flex e-con-boxed e-con e-parent\" data-id=\"59c4d64\" data-element_type=\"container\" id=\"caratteristiche\">\n\t\t\t\t\t<div class=\"e-con-inner\">\n\t\t\t\t<div class=\"elementor-element elementor-element-d2b95ff elementor-widget elementor-widget-text-editor\" data-id=\"d2b95ff\" data-element_type=\"widget\" data-widget_type=\"text-editor.default\">\n\t\t\t\t<div class=\"elementor-widget-container\">\n\t\t\t<style>\/*! elementor - v3.21.0 - 08-05-2024 *\/\n.elementor-widget-text-editor.elementor-drop-cap-view-stacked .elementor-drop-cap{background-color:#69727d;color:#fff}.elementor-widget-text-editor.elementor-drop-cap-view-framed .elementor-drop-cap{color:#69727d;border:3px solid;background-color:transparent}.elementor-widget-text-editor:not(.elementor-drop-cap-view-default) .elementor-drop-cap{margin-top:8px}.elementor-widget-text-editor:not(.elementor-drop-cap-view-default) .elementor-drop-cap-letter{width:1em;height:1em}.elementor-widget-text-editor .elementor-drop-cap{float:left;text-align:center;line-height:1;font-size:50px}.elementor-widget-text-editor .elementor-drop-cap-letter{display:inline-block}<\/style>\t\t\t\t<h3>Caract\u00e9ristiques de fabrication<\/h3>\n<ul>\n<li>Structure en t\u00f4le profil\u00e9e avec des pieds de soutien r\u00e9glables en hauteur qui porte une couple des chaines bi-planaires opposantes avec des tampons en \u00e9lastom\u00e8re qui court \u00e0 l&#8217;int\u00e9rieur de pistes de glissement en poly\u00e9thyl\u00e8ne de haute densit\u00e9. <\/li>\n<li>Motorisation par motor\u00e9ducteurs contr\u00f4l\u00e9s par inverter. <\/li>\n<li>Lubrification centralis\u00e9e et manuelle au moyen d&#8217;une unit\u00e9 de contr\u00f4le \u00e9lectrique. <\/li>\n<li>Soufflage en continu obtenu au moyen d\u2019une souffleuse \u00e0 anneau. <\/li>\n<li>Collecteur de soufflage AIR \/ VAPEUR \/ AIR (si demand\u00e9) et instrumentation de contr\u00f4le pour l\u2019injection de la vapeur. <\/li>\n<li>Cuve en acier inox de r\u00e9colte impuret\u00e9s.\n<p>N\u00b0 2 convoyeurs en acier inox. <\/li>\n<li>Couverture en acier inox sur le convoyeur de sortie. <\/li>\n<li>Panneau \u00e9lectrique de commande en acier inox. <\/li>\n<li><strong>Syst\u00e8me de protection de s\u00e9curit\u00e9<\/strong> selon les normes CE.<\/li>\n<li>Fabrication en <strong>acier inox AISI 304<\/strong> sauf quelques parties qui sont dans un mat\u00e9riel diff\u00e8rent indiqu\u00e9 pour leur bon fonctionnement.<\/li>\n<\/ul>\n\t\t\t\t\t\t<\/div>\n\t\t\t\t<\/div>\n\t\t\t\t\t<\/div>\n\t\t\t\t<\/div>\n\t\t<div class=\"elementor-element elementor-element-06be501 e-flex e-con-boxed e-con e-parent\" data-id=\"06be501\" data-element_type=\"container\" data-settings=\"{&quot;background_background&quot;:&quot;classic&quot;}\">\n\t\t\t\t\t<div class=\"e-con-inner\">\n\t\t\t\t<div class=\"elementor-element elementor-element-d9bca75 elementor-widget elementor-widget-heading\" data-id=\"d9bca75\" data-element_type=\"widget\" data-widget_type=\"heading.default\">\n\t\t\t\t<div class=\"elementor-widget-container\">\n\t\t\t<style>\/*! elementor - v3.21.0 - 08-05-2024 *\/\n.elementor-heading-title{padding:0;margin:0;line-height:1}.elementor-widget-heading .elementor-heading-title[class*=elementor-size-]>a{color:inherit;font-size:inherit;line-height:inherit}.elementor-widget-heading .elementor-heading-title.elementor-size-small{font-size:15px}.elementor-widget-heading .elementor-heading-title.elementor-size-medium{font-size:19px}.elementor-widget-heading .elementor-heading-title.elementor-size-large{font-size:29px}.elementor-widget-heading .elementor-heading-title.elementor-size-xl{font-size:39px}.elementor-widget-heading .elementor-heading-title.elementor-size-xxl{font-size:59px}<\/style><h4 class=\"elementor-heading-title elementor-size-default\">Optionnels<br><\/h4>\t\t<\/div>\n\t\t\t\t<\/div>\n\t\t\t\t<div class=\"elementor-element elementor-element-a6d337d elementor-widget elementor-widget-text-editor\" data-id=\"a6d337d\" data-element_type=\"widget\" data-widget_type=\"text-editor.default\">\n\t\t\t\t<div class=\"elementor-widget-container\">\n\t\t\t\t\t\t\t<p>Sur demande, la machine peut \u00eatre fournie avec une <strong>TABLE D&#8217;ALIMENTATION RECIPIENTS<\/strong> diam. 1.000 mm en acier inox AISI 304 avec plan circulaire en plastique (poly\u00e9thyl\u00e8ne). <\/p>\n\t\t\t\t\t\t<\/div>\n\t\t\t\t<\/div>\n\t\t\t\t\t<\/div>\n\t\t\t\t<\/div>\n\t\t<div class=\"elementor-element elementor-element-e369793 e-flex e-con-boxed e-con e-parent\" data-id=\"e369793\" data-element_type=\"container\" data-settings=\"{&quot;background_background&quot;:&quot;classic&quot;}\">\n\t\t\t\t\t<div class=\"e-con-inner\">\n\t\t\t\t<div class=\"elementor-element elementor-element-444b64b elementor-widget elementor-widget-heading\" data-id=\"444b64b\" data-element_type=\"widget\" data-widget_type=\"heading.default\">\n\t\t\t\t<div class=\"elementor-widget-container\">\n\t\t\t<h4 class=\"elementor-heading-title elementor-size-default\">Donn\u00e9es techniques<\/h4>\t\t<\/div>\n\t\t\t\t<\/div>\n\t\t\t\t<div class=\"elementor-element elementor-element-d7679d2 elementor-widget elementor-widget-ld_table\" data-id=\"d7679d2\" data-element_type=\"widget\" data-widget_type=\"ld_table.default\">\n\t\t\t\t<div class=\"elementor-widget-container\">\n\t\t\t<table><tr><td class=\"elementor-repeater-item-4be9d2e\">Capacit\u00e9<\/td><td class=\"elementor-repeater-item-485afe4\">12.000 r\u00e9cipients\/heure environ de 314 ml<\/td><\/tr><tr><td class=\"elementor-repeater-item-72c5074\">Puissance install\u00e9e<\/td><td class=\"elementor-repeater-item-0f05e35\">4,29 kW environ<\/td><\/tr><tr><td class=\"elementor-repeater-item-510be3e\">Longueur<\/td><td class=\"elementor-repeater-item-721abc6\">3.700 mm environ<\/td><\/tr><tr><td class=\"elementor-repeater-item-379837c\">Largeur<\/td><td class=\"elementor-repeater-item-5780731\">1.600 mm environ (convoyeurs inclus)<\/td><\/tr><\/table>\t\t<\/div>\n\t\t\t\t<\/div>\n\t\t\t\t\t<\/div>\n\t\t\t\t<\/div>\n\t\t<div class=\"elementor-element elementor-element-000f20f e-flex e-con-boxed e-con e-parent\" data-id=\"000f20f\" data-element_type=\"container\" data-settings=\"{&quot;background_background&quot;:&quot;classic&quot;}\">\n\t\t\t\t\t<div class=\"e-con-inner\">\n\t\t\t\t<div class=\"elementor-element elementor-element-c1bc190 elementor-widget elementor-widget-heading\" data-id=\"c1bc190\" data-element_type=\"widget\" data-widget_type=\"heading.default\">\n\t\t\t\t<div class=\"elementor-widget-container\">\n\t\t\t<h4 class=\"elementor-heading-title elementor-size-default\">Video<\/h4>\t\t<\/div>\n\t\t\t\t<\/div>\n\t\t\t\t<div class=\"elementor-element elementor-element-bb5e231 elementor-widget elementor-widget-video\" data-id=\"bb5e231\" data-element_type=\"widget\" data-settings=\"{&quot;youtube_url&quot;:&quot;https:\\\/\\\/youtu.be\\\/Iy9RwqTSiyQ&quot;,&quot;video_type&quot;:&quot;youtube&quot;,&quot;controls&quot;:&quot;yes&quot;}\" data-widget_type=\"video.default\">\n\t\t\t\t<div class=\"elementor-widget-container\">\n\t\t\t<style>\/*! elementor - v3.21.0 - 08-05-2024 *\/\n.elementor-widget-video .elementor-widget-container{overflow:hidden;transform:translateZ(0)}.elementor-widget-video .elementor-wrapper{aspect-ratio:var(--video-aspect-ratio)}.elementor-widget-video .elementor-wrapper iframe,.elementor-widget-video .elementor-wrapper video{height:100%;width:100%;display:flex;border:none;background-color:#000}@supports not (aspect-ratio:1\/1){.elementor-widget-video .elementor-wrapper{position:relative;overflow:hidden;height:0;padding-bottom:calc(100% \/ var(--video-aspect-ratio))}.elementor-widget-video .elementor-wrapper iframe,.elementor-widget-video .elementor-wrapper video{position:absolute;top:0;right:0;bottom:0;left:0}}.elementor-widget-video .elementor-open-inline .elementor-custom-embed-image-overlay{position:absolute;top:0;right:0;bottom:0;left:0;background-size:cover;background-position:50%}.elementor-widget-video .elementor-custom-embed-image-overlay{cursor:pointer;text-align:center}.elementor-widget-video .elementor-custom-embed-image-overlay:hover .elementor-custom-embed-play i{opacity:1}.elementor-widget-video .elementor-custom-embed-image-overlay img{display:block;width:100%;aspect-ratio:var(--video-aspect-ratio);-o-object-fit:cover;object-fit:cover;-o-object-position:center center;object-position:center center}@supports not (aspect-ratio:1\/1){.elementor-widget-video .elementor-custom-embed-image-overlay{position:relative;overflow:hidden;height:0;padding-bottom:calc(100% \/ var(--video-aspect-ratio))}.elementor-widget-video .elementor-custom-embed-image-overlay img{position:absolute;top:0;right:0;bottom:0;left:0}}.elementor-widget-video .e-hosted-video .elementor-video{-o-object-fit:cover;object-fit:cover}.e-con-inner>.elementor-widget-video,.e-con>.elementor-widget-video{width:var(--container-widget-width);--flex-grow:var(--container-widget-flex-grow)}<\/style>\t\t<div class=\"elementor-wrapper elementor-open-inline\">\n\t\t\t<div class=\"elementor-video\"><\/div>\t\t<\/div>\n\t\t\t\t<\/div>\n\t\t\t\t<\/div>\n\t\t\t\t\t<\/div>\n\t\t\t\t<\/div>\n\t\t\t\t<\/div>\n\t\t","protected":false},"excerpt":{"rendered":"<p>Machine apte \u00e0 <strong>\u00e9liminer les impuret\u00e9s \u00e0 l\u2019int\u00e9rieur des r\u00e9cipients vides en verre<\/strong>. m\u00e9tal ou PET avant le remplissage.<\/p>\n<p>Les r\u00e9cipients sont transport\u00e9s par le convoyeur qui alimente une couple de chaines bi-planaires avec des tampons. Le soufflage est effectu\u00e9 en continu selon le cycle AIR \/ VAPEUR \/ AIR, mais selon la n\u00e9cessit\u00e9 il est possible d\u2019utiliser seulement l\u2019air. La distance entre les tampons en \u00e9lastom\u00e8re install\u00e9s sur les cha\u00eenes est r\u00e9glable en m\u00eame temps et en simultan\u00e9e sur toute la trajectoire de la machine en l\u2019adaptant aux dimensions des r\u00e9cipients. \u00c0 la fin du cycle le r\u00e9cipients sont transport\u00e9s par le convoyeur aux machines suivantes.<\/p>\n<div><a class=\"pulsanterosso\" href=\"#caratteristiche\">Caract\u00e9ristiques techniques<\/a><\/div>\n","protected":false},"featured_media":9064,"template":"","meta":{"inline_featured_image":false},"product_cat":[121],"product_tag":[],"class_list":{"0":"post-10584","1":"product","2":"type-product","3":"status-publish","4":"has-post-thumbnail","6":"product_cat-laveuses-secheuses-souffleuses","7":"pa_applicazione-contenants-vides","8":"pa_funzionamento-automatique","9":"pa_settore-alimentaire","10":"pa_settore-chimie-et-engrais","11":"pa_settore-cosmetique-et-detergence-fr","13":"first","14":"instock","15":"shipping-taxable","16":"product-type-simple"},"yoast_head":"<!-- This site is optimized with the Yoast SEO plugin v22.7 - https:\/\/yoast.com\/wordpress\/plugins\/seo\/ -->\n<title>Souffleuse renverseuse air\/vapeur \u00e0 tampons | STV Machinery<\/title>\n<meta name=\"description\" content=\"La Souffleuse renverseuse air\/vapeur \u00e0 tampons est une Machine utilis\u00e9e pour \u00e9liminer les impuret\u00e9s \u00e0 l&#039;int\u00e9rieur de r\u00e9cipients vides.\" \/>\n<meta name=\"robots\" content=\"index, follow, max-snippet:-1, max-image-preview:large, max-video-preview:-1\" \/>\n<link rel=\"canonical\" href=\"https:\/\/www.stvmachinery.it\/fr\/macchinari\/laveuses-secheuses-souffleuses\/souffleuse-renverseuse-air-vapeur-a-tampons\/\" \/>\n<meta property=\"og:locale\" content=\"fr_FR\" \/>\n<meta property=\"og:type\" content=\"article\" \/>\n<meta property=\"og:title\" content=\"Souffleuse renverseuse air\/vapeur \u00e0 tampons | STV Machinery\" \/>\n<meta property=\"og:description\" content=\"La Souffleuse renverseuse air\/vapeur \u00e0 tampons est une Machine utilis\u00e9e pour \u00e9liminer les impuret\u00e9s \u00e0 l&#039;int\u00e9rieur de r\u00e9cipients vides.\" \/>\n<meta property=\"og:url\" content=\"https:\/\/www.stvmachinery.it\/fr\/macchinari\/laveuses-secheuses-souffleuses\/souffleuse-renverseuse-air-vapeur-a-tampons\/\" \/>\n<meta property=\"og:site_name\" content=\"STV Machinery\" \/>\n<meta property=\"article:modified_time\" content=\"2025-11-24T15:44:34+00:00\" \/>\n<meta property=\"og:image\" content=\"https:\/\/www.stvmachinery.it\/wp-content\/uploads\/2024\/03\/Soffiatrice-capovolgitrice-a-tamponi.webp\" \/>\n\t<meta property=\"og:image:width\" content=\"1200\" \/>\n\t<meta property=\"og:image:height\" content=\"1200\" \/>\n\t<meta property=\"og:image:type\" content=\"image\/webp\" \/>\n<meta name=\"twitter:card\" content=\"summary_large_image\" \/>\n<script type=\"application\/ld+json\" class=\"yoast-schema-graph\">{\"@context\":\"https:\/\/schema.org\",\"@graph\":[{\"@type\":\"WebPage\",\"@id\":\"https:\/\/www.stvmachinery.it\/fr\/macchinari\/laveuses-secheuses-souffleuses\/souffleuse-renverseuse-air-vapeur-a-tampons\/\",\"url\":\"https:\/\/www.stvmachinery.it\/fr\/macchinari\/laveuses-secheuses-souffleuses\/souffleuse-renverseuse-air-vapeur-a-tampons\/\",\"name\":\"Souffleuse renverseuse air\/vapeur \u00e0 tampons | STV Machinery\",\"isPartOf\":{\"@id\":\"https:\/\/www.stvmachinery.it\/fr\/#website\"},\"primaryImageOfPage\":{\"@id\":\"https:\/\/www.stvmachinery.it\/fr\/macchinari\/laveuses-secheuses-souffleuses\/souffleuse-renverseuse-air-vapeur-a-tampons\/#primaryimage\"},\"image\":{\"@id\":\"https:\/\/www.stvmachinery.it\/fr\/macchinari\/laveuses-secheuses-souffleuses\/souffleuse-renverseuse-air-vapeur-a-tampons\/#primaryimage\"},\"thumbnailUrl\":\"https:\/\/www.stvmachinery.it\/wp-content\/uploads\/2024\/03\/Soffiatrice-capovolgitrice-a-tamponi.webp\",\"datePublished\":\"2024-03-18T10:48:02+00:00\",\"dateModified\":\"2025-11-24T15:44:34+00:00\",\"description\":\"La Souffleuse renverseuse air\/vapeur \u00e0 tampons est une Machine utilis\u00e9e pour \u00e9liminer les impuret\u00e9s \u00e0 l'int\u00e9rieur de r\u00e9cipients vides.\",\"breadcrumb\":{\"@id\":\"https:\/\/www.stvmachinery.it\/fr\/macchinari\/laveuses-secheuses-souffleuses\/souffleuse-renverseuse-air-vapeur-a-tampons\/#breadcrumb\"},\"inLanguage\":\"fr-FR\",\"potentialAction\":[{\"@type\":\"ReadAction\",\"target\":[\"https:\/\/www.stvmachinery.it\/fr\/macchinari\/laveuses-secheuses-souffleuses\/souffleuse-renverseuse-air-vapeur-a-tampons\/\"]}]},{\"@type\":\"ImageObject\",\"inLanguage\":\"fr-FR\",\"@id\":\"https:\/\/www.stvmachinery.it\/fr\/macchinari\/laveuses-secheuses-souffleuses\/souffleuse-renverseuse-air-vapeur-a-tampons\/#primaryimage\",\"url\":\"https:\/\/www.stvmachinery.it\/wp-content\/uploads\/2024\/03\/Soffiatrice-capovolgitrice-a-tamponi.webp\",\"contentUrl\":\"https:\/\/www.stvmachinery.it\/wp-content\/uploads\/2024\/03\/Soffiatrice-capovolgitrice-a-tamponi.webp\",\"width\":1200,\"height\":1200},{\"@type\":\"BreadcrumbList\",\"@id\":\"https:\/\/www.stvmachinery.it\/fr\/macchinari\/laveuses-secheuses-souffleuses\/souffleuse-renverseuse-air-vapeur-a-tampons\/#breadcrumb\",\"itemListElement\":[{\"@type\":\"ListItem\",\"position\":1,\"name\":\"Home\",\"item\":\"https:\/\/www.stvmachinery.it\/fr\/stv-machinery\/\"},{\"@type\":\"ListItem\",\"position\":2,\"name\":\"Machines\",\"item\":\"https:\/\/www.stvmachinery.it\/fr\/machines\/\"},{\"@type\":\"ListItem\",\"position\":3,\"name\":\"Souffleuse renverseuse air\/vapeur \u00e0 tampons\"}]},{\"@type\":\"WebSite\",\"@id\":\"https:\/\/www.stvmachinery.it\/fr\/#website\",\"url\":\"https:\/\/www.stvmachinery.it\/fr\/\",\"name\":\"STV Machinery\",\"description\":\"Macchine ed impianti per l\u2019industria agroalimentare e conserviera\",\"publisher\":{\"@id\":\"https:\/\/www.stvmachinery.it\/fr\/#organization\"},\"potentialAction\":[{\"@type\":\"SearchAction\",\"target\":{\"@type\":\"EntryPoint\",\"urlTemplate\":\"https:\/\/www.stvmachinery.it\/fr\/?s={search_term_string}\"},\"query-input\":\"required name=search_term_string\"}],\"inLanguage\":\"fr-FR\"},{\"@type\":\"Organization\",\"@id\":\"https:\/\/www.stvmachinery.it\/fr\/#organization\",\"name\":\"S.T.V. di Salati Giovanni & C. \u2013 S.n.c.\",\"alternateName\":\"STV Machinery\",\"url\":\"https:\/\/www.stvmachinery.it\/fr\/\",\"logo\":{\"@type\":\"ImageObject\",\"inLanguage\":\"fr-FR\",\"@id\":\"https:\/\/www.stvmachinery.it\/fr\/#\/schema\/logo\/image\/\",\"url\":\"https:\/\/www.stvmachinery.it\/wp-content\/uploads\/2021\/06\/stv-machinery-logo-positivo.png\",\"contentUrl\":\"https:\/\/www.stvmachinery.it\/wp-content\/uploads\/2021\/06\/stv-machinery-logo-positivo.png\",\"width\":481,\"height\":233,\"caption\":\"S.T.V. di Salati Giovanni & C. \u2013 S.n.c.\"},\"image\":{\"@id\":\"https:\/\/www.stvmachinery.it\/fr\/#\/schema\/logo\/image\/\"},\"sameAs\":[\"https:\/\/it.linkedin.com\/company\/stv-machinery\",\"https:\/\/www.youtube.com\/channel\/UCceMPa8POjTOmZeA2_KUoeg\"]}]}<\/script>\n<!-- \/ Yoast SEO plugin. -->","yoast_head_json":{"title":"Souffleuse renverseuse air\/vapeur \u00e0 tampons | STV Machinery","description":"La Souffleuse renverseuse air\/vapeur \u00e0 tampons est une Machine utilis\u00e9e pour \u00e9liminer les impuret\u00e9s \u00e0 l'int\u00e9rieur de r\u00e9cipients vides.","robots":{"index":"index","follow":"follow","max-snippet":"max-snippet:-1","max-image-preview":"max-image-preview:large","max-video-preview":"max-video-preview:-1"},"canonical":"https:\/\/www.stvmachinery.it\/fr\/macchinari\/laveuses-secheuses-souffleuses\/souffleuse-renverseuse-air-vapeur-a-tampons\/","og_locale":"fr_FR","og_type":"article","og_title":"Souffleuse renverseuse air\/vapeur \u00e0 tampons | STV Machinery","og_description":"La Souffleuse renverseuse air\/vapeur \u00e0 tampons est une Machine utilis\u00e9e pour \u00e9liminer les impuret\u00e9s \u00e0 l'int\u00e9rieur de r\u00e9cipients vides.","og_url":"https:\/\/www.stvmachinery.it\/fr\/macchinari\/laveuses-secheuses-souffleuses\/souffleuse-renverseuse-air-vapeur-a-tampons\/","og_site_name":"STV Machinery","article_modified_time":"2025-11-24T15:44:34+00:00","og_image":[{"width":1200,"height":1200,"url":"https:\/\/www.stvmachinery.it\/wp-content\/uploads\/2024\/03\/Soffiatrice-capovolgitrice-a-tamponi.webp","type":"image\/webp"}],"twitter_card":"summary_large_image","schema":{"@context":"https:\/\/schema.org","@graph":[{"@type":"WebPage","@id":"https:\/\/www.stvmachinery.it\/fr\/macchinari\/laveuses-secheuses-souffleuses\/souffleuse-renverseuse-air-vapeur-a-tampons\/","url":"https:\/\/www.stvmachinery.it\/fr\/macchinari\/laveuses-secheuses-souffleuses\/souffleuse-renverseuse-air-vapeur-a-tampons\/","name":"Souffleuse renverseuse air\/vapeur \u00e0 tampons | STV Machinery","isPartOf":{"@id":"https:\/\/www.stvmachinery.it\/fr\/#website"},"primaryImageOfPage":{"@id":"https:\/\/www.stvmachinery.it\/fr\/macchinari\/laveuses-secheuses-souffleuses\/souffleuse-renverseuse-air-vapeur-a-tampons\/#primaryimage"},"image":{"@id":"https:\/\/www.stvmachinery.it\/fr\/macchinari\/laveuses-secheuses-souffleuses\/souffleuse-renverseuse-air-vapeur-a-tampons\/#primaryimage"},"thumbnailUrl":"https:\/\/www.stvmachinery.it\/wp-content\/uploads\/2024\/03\/Soffiatrice-capovolgitrice-a-tamponi.webp","datePublished":"2024-03-18T10:48:02+00:00","dateModified":"2025-11-24T15:44:34+00:00","description":"La Souffleuse renverseuse air\/vapeur \u00e0 tampons est une Machine utilis\u00e9e pour \u00e9liminer les impuret\u00e9s \u00e0 l'int\u00e9rieur de r\u00e9cipients vides.","breadcrumb":{"@id":"https:\/\/www.stvmachinery.it\/fr\/macchinari\/laveuses-secheuses-souffleuses\/souffleuse-renverseuse-air-vapeur-a-tampons\/#breadcrumb"},"inLanguage":"fr-FR","potentialAction":[{"@type":"ReadAction","target":["https:\/\/www.stvmachinery.it\/fr\/macchinari\/laveuses-secheuses-souffleuses\/souffleuse-renverseuse-air-vapeur-a-tampons\/"]}]},{"@type":"ImageObject","inLanguage":"fr-FR","@id":"https:\/\/www.stvmachinery.it\/fr\/macchinari\/laveuses-secheuses-souffleuses\/souffleuse-renverseuse-air-vapeur-a-tampons\/#primaryimage","url":"https:\/\/www.stvmachinery.it\/wp-content\/uploads\/2024\/03\/Soffiatrice-capovolgitrice-a-tamponi.webp","contentUrl":"https:\/\/www.stvmachinery.it\/wp-content\/uploads\/2024\/03\/Soffiatrice-capovolgitrice-a-tamponi.webp","width":1200,"height":1200},{"@type":"BreadcrumbList","@id":"https:\/\/www.stvmachinery.it\/fr\/macchinari\/laveuses-secheuses-souffleuses\/souffleuse-renverseuse-air-vapeur-a-tampons\/#breadcrumb","itemListElement":[{"@type":"ListItem","position":1,"name":"Home","item":"https:\/\/www.stvmachinery.it\/fr\/stv-machinery\/"},{"@type":"ListItem","position":2,"name":"Machines","item":"https:\/\/www.stvmachinery.it\/fr\/machines\/"},{"@type":"ListItem","position":3,"name":"Souffleuse renverseuse air\/vapeur \u00e0 tampons"}]},{"@type":"WebSite","@id":"https:\/\/www.stvmachinery.it\/fr\/#website","url":"https:\/\/www.stvmachinery.it\/fr\/","name":"STV Machinery","description":"Macchine ed impianti per l\u2019industria agroalimentare e conserviera","publisher":{"@id":"https:\/\/www.stvmachinery.it\/fr\/#organization"},"potentialAction":[{"@type":"SearchAction","target":{"@type":"EntryPoint","urlTemplate":"https:\/\/www.stvmachinery.it\/fr\/?s={search_term_string}"},"query-input":"required name=search_term_string"}],"inLanguage":"fr-FR"},{"@type":"Organization","@id":"https:\/\/www.stvmachinery.it\/fr\/#organization","name":"S.T.V. di Salati Giovanni & C. \u2013 S.n.c.","alternateName":"STV Machinery","url":"https:\/\/www.stvmachinery.it\/fr\/","logo":{"@type":"ImageObject","inLanguage":"fr-FR","@id":"https:\/\/www.stvmachinery.it\/fr\/#\/schema\/logo\/image\/","url":"https:\/\/www.stvmachinery.it\/wp-content\/uploads\/2021\/06\/stv-machinery-logo-positivo.png","contentUrl":"https:\/\/www.stvmachinery.it\/wp-content\/uploads\/2021\/06\/stv-machinery-logo-positivo.png","width":481,"height":233,"caption":"S.T.V. di Salati Giovanni & C. \u2013 S.n.c."},"image":{"@id":"https:\/\/www.stvmachinery.it\/fr\/#\/schema\/logo\/image\/"},"sameAs":["https:\/\/it.linkedin.com\/company\/stv-machinery","https:\/\/www.youtube.com\/channel\/UCceMPa8POjTOmZeA2_KUoeg"]}]}},"_links":{"self":[{"href":"https:\/\/www.stvmachinery.it\/fr\/wp-json\/wp\/v2\/product\/10584","targetHints":{"allow":["GET"]}}],"collection":[{"href":"https:\/\/www.stvmachinery.it\/fr\/wp-json\/wp\/v2\/product"}],"about":[{"href":"https:\/\/www.stvmachinery.it\/fr\/wp-json\/wp\/v2\/types\/product"}],"version-history":[{"count":6,"href":"https:\/\/www.stvmachinery.it\/fr\/wp-json\/wp\/v2\/product\/10584\/revisions"}],"predecessor-version":[{"id":11391,"href":"https:\/\/www.stvmachinery.it\/fr\/wp-json\/wp\/v2\/product\/10584\/revisions\/11391"}],"wp:featuredmedia":[{"embeddable":true,"href":"https:\/\/www.stvmachinery.it\/fr\/wp-json\/wp\/v2\/media\/9064"}],"wp:attachment":[{"href":"https:\/\/www.stvmachinery.it\/fr\/wp-json\/wp\/v2\/media?parent=10584"}],"wp:term":[{"taxonomy":"product_cat","embeddable":true,"href":"https:\/\/www.stvmachinery.it\/fr\/wp-json\/wp\/v2\/product_cat?post=10584"},{"taxonomy":"product_tag","embeddable":true,"href":"https:\/\/www.stvmachinery.it\/fr\/wp-json\/wp\/v2\/product_tag?post=10584"}],"curies":[{"name":"wp","href":"https:\/\/api.w.org\/{rel}","templated":true}]}}