{"id":10589,"date":"2024-03-18T12:44:46","date_gmt":"2024-03-18T11:44:46","guid":{"rendered":"https:\/\/www.stvmachinery.it\/macchinari\/non%20class\u00e9\/renverseuse-souffleuse-a-air-et-ou-vapeur\/"},"modified":"2025-11-24T16:25:31","modified_gmt":"2025-11-24T15:25:31","slug":"renverseuse-souffleuse-a-air-et-ou-vapeur","status":"publish","type":"product","link":"https:\/\/www.stvmachinery.it\/fr\/macchinari\/laveuses-secheuses-souffleuses\/renverseuse-souffleuse-a-air-et-ou-vapeur\/","title":{"rendered":"Renverseuse souffleuse \u00e0 air et\/ou vapeur"},"content":{"rendered":"\t\t<div data-elementor-type=\"product-post\" data-elementor-id=\"10589\" class=\"elementor elementor-10589 elementor-8361\" data-elementor-post-type=\"product\">\n\t\t\t\t<div class=\"elementor-element elementor-element-6862582 e-flex e-con-boxed e-con e-parent\" data-id=\"6862582\" data-element_type=\"container\">\n\t\t\t\t\t<div class=\"e-con-inner\">\n\t\t\t\t<div class=\"elementor-element elementor-element-5f5a5a2 elementor-widget elementor-widget-video\" data-id=\"5f5a5a2\" data-element_type=\"widget\" data-settings=\"{&quot;youtube_url&quot;:&quot;https:\\\/\\\/youtu.be\\\/9-tZgR2FGYU?feature=shared&quot;,&quot;start&quot;:0,&quot;end&quot;:44,&quot;video_type&quot;:&quot;youtube&quot;,&quot;controls&quot;:&quot;yes&quot;}\" data-widget_type=\"video.default\">\n\t\t\t\t<div class=\"elementor-widget-container\">\n\t\t\t<style>\/*! elementor - v3.21.0 - 08-05-2024 *\/\n.elementor-widget-video .elementor-widget-container{overflow:hidden;transform:translateZ(0)}.elementor-widget-video .elementor-wrapper{aspect-ratio:var(--video-aspect-ratio)}.elementor-widget-video .elementor-wrapper iframe,.elementor-widget-video .elementor-wrapper video{height:100%;width:100%;display:flex;border:none;background-color:#000}@supports not (aspect-ratio:1\/1){.elementor-widget-video .elementor-wrapper{position:relative;overflow:hidden;height:0;padding-bottom:calc(100% \/ var(--video-aspect-ratio))}.elementor-widget-video .elementor-wrapper iframe,.elementor-widget-video .elementor-wrapper video{position:absolute;top:0;right:0;bottom:0;left:0}}.elementor-widget-video .elementor-open-inline .elementor-custom-embed-image-overlay{position:absolute;top:0;right:0;bottom:0;left:0;background-size:cover;background-position:50%}.elementor-widget-video .elementor-custom-embed-image-overlay{cursor:pointer;text-align:center}.elementor-widget-video .elementor-custom-embed-image-overlay:hover .elementor-custom-embed-play i{opacity:1}.elementor-widget-video .elementor-custom-embed-image-overlay img{display:block;width:100%;aspect-ratio:var(--video-aspect-ratio);-o-object-fit:cover;object-fit:cover;-o-object-position:center center;object-position:center center}@supports not (aspect-ratio:1\/1){.elementor-widget-video .elementor-custom-embed-image-overlay{position:relative;overflow:hidden;height:0;padding-bottom:calc(100% \/ var(--video-aspect-ratio))}.elementor-widget-video .elementor-custom-embed-image-overlay img{position:absolute;top:0;right:0;bottom:0;left:0}}.elementor-widget-video .e-hosted-video .elementor-video{-o-object-fit:cover;object-fit:cover}.e-con-inner>.elementor-widget-video,.e-con>.elementor-widget-video{width:var(--container-widget-width);--flex-grow:var(--container-widget-flex-grow)}<\/style>\t\t<div class=\"elementor-wrapper elementor-open-inline\">\n\t\t\t<div class=\"elementor-video\"><\/div>\t\t<\/div>\n\t\t\t\t<\/div>\n\t\t\t\t<\/div>\n\t\t\t\t\t<\/div>\n\t\t\t\t<\/div>\n\t\t<div class=\"elementor-element elementor-element-59c4d64 e-flex e-con-boxed e-con e-parent\" data-id=\"59c4d64\" data-element_type=\"container\" id=\"caratteristiche\">\n\t\t\t\t\t<div class=\"e-con-inner\">\n\t\t\t\t<div class=\"elementor-element elementor-element-d2b95ff elementor-widget elementor-widget-text-editor\" data-id=\"d2b95ff\" data-element_type=\"widget\" data-widget_type=\"text-editor.default\">\n\t\t\t\t<div class=\"elementor-widget-container\">\n\t\t\t<style>\/*! elementor - v3.21.0 - 08-05-2024 *\/\n.elementor-widget-text-editor.elementor-drop-cap-view-stacked .elementor-drop-cap{background-color:#69727d;color:#fff}.elementor-widget-text-editor.elementor-drop-cap-view-framed .elementor-drop-cap{color:#69727d;border:3px solid;background-color:transparent}.elementor-widget-text-editor:not(.elementor-drop-cap-view-default) .elementor-drop-cap{margin-top:8px}.elementor-widget-text-editor:not(.elementor-drop-cap-view-default) .elementor-drop-cap-letter{width:1em;height:1em}.elementor-widget-text-editor .elementor-drop-cap{float:left;text-align:center;line-height:1;font-size:50px}.elementor-widget-text-editor .elementor-drop-cap-letter{display:inline-block}<\/style>\t\t\t\t<h3>Caract\u00e9ristiques de fabrication<\/h3>\n<ul>\n<li>Structure en <strong>acier inox AISI 304<\/strong> avec pieds de soutien r\u00e9glables en hauteur. <\/li>\n<li>Convoyeur \u00e0 une voie avec cha\u00eene table-top en acier inox, guides de contenance mont\u00e9es sur des supports r\u00e9glables pour les differents formats de r\u00e9cipient, t\u00eate motoris\u00e9e, t\u00eate fou. <\/li>\n<li>Groupe de renversement \u00e0 180\u00b0.<\/li>\n<li>S\u00e9rie d&#8217;injecteurs d&#8217;air. <\/li>\n<li>\u00c9lectro-ventilateur. Petit canal de r\u00e9colte impuret\u00e9s. <\/li>\n<li>Panneau \u00e9lectrique de commande en acier inox. <\/li>\n<li><strong>Syst\u00e8me de protection de s\u00e9curit\u00e9<\/strong> selon les normes CE.<\/li>\n<li>Fabrication en acier inox <strong>AISI 304<\/strong>, sauf quelques parties qui sont en mat\u00e9riel diff\u00e9rent apte \u00e0 leur bon fonctionnement. <\/li>\n<\/ul>\n\t\t\t\t\t\t<\/div>\n\t\t\t\t<\/div>\n\t\t\t\t\t<\/div>\n\t\t\t\t<\/div>\n\t\t<div class=\"elementor-element elementor-element-06be501 e-flex e-con-boxed e-con e-parent\" data-id=\"06be501\" data-element_type=\"container\" data-settings=\"{&quot;background_background&quot;:&quot;classic&quot;}\">\n\t\t\t\t\t<div class=\"e-con-inner\">\n\t\t\t\t<div class=\"elementor-element elementor-element-d9bca75 elementor-widget elementor-widget-heading\" data-id=\"d9bca75\" data-element_type=\"widget\" data-widget_type=\"heading.default\">\n\t\t\t\t<div class=\"elementor-widget-container\">\n\t\t\t<style>\/*! elementor - v3.21.0 - 08-05-2024 *\/\n.elementor-heading-title{padding:0;margin:0;line-height:1}.elementor-widget-heading .elementor-heading-title[class*=elementor-size-]>a{color:inherit;font-size:inherit;line-height:inherit}.elementor-widget-heading .elementor-heading-title.elementor-size-small{font-size:15px}.elementor-widget-heading .elementor-heading-title.elementor-size-medium{font-size:19px}.elementor-widget-heading .elementor-heading-title.elementor-size-large{font-size:29px}.elementor-widget-heading .elementor-heading-title.elementor-size-xl{font-size:39px}.elementor-widget-heading .elementor-heading-title.elementor-size-xxl{font-size:59px}<\/style><h4 class=\"elementor-heading-title elementor-size-default\">Optionnels<br><\/h4>\t\t<\/div>\n\t\t\t\t<\/div>\n\t\t\t\t<div class=\"elementor-element elementor-element-a6d337d elementor-widget elementor-widget-text-editor\" data-id=\"a6d337d\" data-element_type=\"widget\" data-widget_type=\"text-editor.default\">\n\t\t\t\t<div class=\"elementor-widget-container\">\n\t\t\t\t\t\t\t<p>Sur demande, la machine peut \u00eatre fournie avec:<\/p>\n<ul>\n<li><strong>GROUPE DE SOUFFLAGE VAPEUR<\/strong> compos\u00e9 par un collecteur avec des injecteurs et une \u00e9lectrovanne pour l\u2019ouverture de la vapeur \u00e0 chaque cycle de travail.<\/li>\n<li><strong>TABLE D&#8217;ALIMENTATION RECIPIENTS<\/strong> diam. 1.000 mm en acier inox AISI 304 avec plan circulaire en plastique (poly\u00e9thyl\u00e8ne). <\/li>\n<\/ul>\n\t\t\t\t\t\t<\/div>\n\t\t\t\t<\/div>\n\t\t\t\t\t<\/div>\n\t\t\t\t<\/div>\n\t\t<div class=\"elementor-element elementor-element-e369793 e-flex e-con-boxed e-con e-parent\" data-id=\"e369793\" data-element_type=\"container\" data-settings=\"{&quot;background_background&quot;:&quot;classic&quot;}\">\n\t\t\t\t\t<div class=\"e-con-inner\">\n\t\t\t\t<div class=\"elementor-element elementor-element-444b64b elementor-widget elementor-widget-heading\" data-id=\"444b64b\" data-element_type=\"widget\" data-widget_type=\"heading.default\">\n\t\t\t\t<div class=\"elementor-widget-container\">\n\t\t\t<h4 class=\"elementor-heading-title elementor-size-default\">Donn\u00e9es techniques<\/h4>\t\t<\/div>\n\t\t\t\t<\/div>\n\t\t\t\t<div class=\"elementor-element elementor-element-d7679d2 elementor-widget elementor-widget-ld_table\" data-id=\"d7679d2\" data-element_type=\"widget\" data-widget_type=\"ld_table.default\">\n\t\t\t\t<div class=\"elementor-widget-container\">\n\t\t\t<table><tr><td class=\"elementor-repeater-item-4be9d2e\">Capacit\u00e9<\/td><td class=\"elementor-repeater-item-485afe4\">2.700 r\u00e9cipients\/h environ de 314 ml (diam.60 mm)<\/td><\/tr><tr><td class=\"elementor-repeater-item-72c5074\">Puissance install\u00e9e<\/td><td class=\"elementor-repeater-item-0f05e35\">kW 2,65 environ<\/td><\/tr><tr><td class=\"elementor-repeater-item-510be3e\">Longueur<\/td><td class=\"elementor-repeater-item-721abc6\">4.500 mm environ<\/td><\/tr><tr><td class=\"elementor-repeater-item-379837c\">Largeur<\/td><td class=\"elementor-repeater-item-5780731\">1.400 mm environ<\/td><\/tr><\/table>\t\t<\/div>\n\t\t\t\t<\/div>\n\t\t\t\t\t<\/div>\n\t\t\t\t<\/div>\n\t\t\t\t<\/div>\n\t\t","protected":false},"excerpt":{"rendered":"<p>Machine apte \u00e0 <strong>\u00e9liminer les impuret\u00e9s \u00e0 l\u2019int\u00e9rieur des r\u00e9cipients vides en verre<\/strong>. m\u00e9tal ou PET avant le remplissage.<\/p>\n<p>Les r\u00e9cipients sont tranport\u00e9s sur un convoyeur qui alimente le groupe de renversement \u00e0 180\u00b0. Ce groupe, par un mouvement altern\u00e9, positionne les r\u00e9cipients au-dessus de la s\u00e9rie d\u2019injecteurs pour le soufflage de l\u2019air g\u00e9n\u00e9r\u00e9e par un \u00e9lectro-ventilateur. Le groupe de renversement est compos\u00e9 par des guides r\u00e9glables pour les diff\u00e9rents formats de r\u00e9cipients, ces guides fonctionnent comme des pinces au moyen de cylindres pneumatiques. Les photocellules contr\u00f4lent la formation de la ligne des r\u00e9cipients, ensuite, apr\u00e8s sa formation, un contact \u00e9lectrique donne l\u2019impulsion au moteur \u00e9lectrique contr\u00f4l\u00e9 par inverter d\u2019effectuer le renversement et de positionner les r\u00e9cipients pour le soufflage avec l\u2019air.<\/p>\n<p>\u00c0 ce point-ci les r\u00e9cipients sont tranport\u00e9s par le convoyeur \u00e0 la Remplisseuse.<\/p>\n<p><a class=\"pulsanterosso\" href=\"#caratteristiche\">Caract\u00e9ristiques techniques<\/a><\/p>\n","protected":false},"featured_media":9076,"template":"","meta":{"inline_featured_image":false},"product_cat":[121],"product_tag":[],"class_list":{"0":"post-10589","1":"product","2":"type-product","3":"status-publish","4":"has-post-thumbnail","6":"product_cat-laveuses-secheuses-souffleuses","7":"pa_applicazione-contenants-vides","8":"pa_funzionamento-automatique","9":"pa_settore-alimentaire","10":"pa_settore-chimie-et-engrais","11":"pa_settore-cosmetique-et-detergence-fr","13":"first","14":"instock","15":"shipping-taxable","16":"product-type-simple"},"yoast_head":"<!-- This site is optimized with the Yoast SEO plugin v22.7 - https:\/\/yoast.com\/wordpress\/plugins\/seo\/ -->\n<title>Renverseuse souffleuse \u00e0 air et\/ou vapeur | STV Machinery<\/title>\n<meta name=\"description\" content=\"Machine adapt\u00e9e \u00e0 l\u2019\u00e9limination des impuret\u00e9s \u00e0 l\u2019int\u00e9rieur de contenants vides en verre, m\u00e9tal ou PET avant leur remplissage avec le produit. D\u00e9couvrez-en plus !\" \/>\n<meta name=\"robots\" content=\"index, follow, max-snippet:-1, max-image-preview:large, max-video-preview:-1\" \/>\n<link rel=\"canonical\" href=\"https:\/\/www.stvmachinery.it\/fr\/macchinari\/laveuses-secheuses-souffleuses\/renverseuse-souffleuse-a-air-et-ou-vapeur\/\" \/>\n<meta property=\"og:locale\" content=\"fr_FR\" \/>\n<meta property=\"og:type\" content=\"article\" \/>\n<meta property=\"og:title\" content=\"Renverseuse souffleuse \u00e0 air et\/ou vapeur | STV Machinery\" \/>\n<meta property=\"og:description\" content=\"Machine adapt\u00e9e \u00e0 l\u2019\u00e9limination des impuret\u00e9s \u00e0 l\u2019int\u00e9rieur de contenants vides en verre, m\u00e9tal ou PET avant leur remplissage avec le produit. D\u00e9couvrez-en plus !\" \/>\n<meta property=\"og:url\" content=\"https:\/\/www.stvmachinery.it\/fr\/macchinari\/laveuses-secheuses-souffleuses\/renverseuse-souffleuse-a-air-et-ou-vapeur\/\" \/>\n<meta property=\"og:site_name\" content=\"STV Machinery\" \/>\n<meta property=\"article:modified_time\" content=\"2025-11-24T15:25:31+00:00\" \/>\n<meta property=\"og:image\" content=\"https:\/\/www.stvmachinery.it\/wp-content\/uploads\/2024\/03\/Ribaltatore-soffiatore-ad-aria-eo-vapore.webp\" \/>\n\t<meta property=\"og:image:width\" content=\"1200\" \/>\n\t<meta property=\"og:image:height\" content=\"1200\" \/>\n\t<meta property=\"og:image:type\" content=\"image\/webp\" \/>\n<meta name=\"twitter:card\" content=\"summary_large_image\" \/>\n<script type=\"application\/ld+json\" class=\"yoast-schema-graph\">{\"@context\":\"https:\/\/schema.org\",\"@graph\":[{\"@type\":\"WebPage\",\"@id\":\"https:\/\/www.stvmachinery.it\/fr\/macchinari\/laveuses-secheuses-souffleuses\/renverseuse-souffleuse-a-air-et-ou-vapeur\/\",\"url\":\"https:\/\/www.stvmachinery.it\/fr\/macchinari\/laveuses-secheuses-souffleuses\/renverseuse-souffleuse-a-air-et-ou-vapeur\/\",\"name\":\"Renverseuse souffleuse \u00e0 air et\/ou vapeur | STV Machinery\",\"isPartOf\":{\"@id\":\"https:\/\/www.stvmachinery.it\/fr\/#website\"},\"primaryImageOfPage\":{\"@id\":\"https:\/\/www.stvmachinery.it\/fr\/macchinari\/laveuses-secheuses-souffleuses\/renverseuse-souffleuse-a-air-et-ou-vapeur\/#primaryimage\"},\"image\":{\"@id\":\"https:\/\/www.stvmachinery.it\/fr\/macchinari\/laveuses-secheuses-souffleuses\/renverseuse-souffleuse-a-air-et-ou-vapeur\/#primaryimage\"},\"thumbnailUrl\":\"https:\/\/www.stvmachinery.it\/wp-content\/uploads\/2024\/03\/Ribaltatore-soffiatore-ad-aria-eo-vapore.webp\",\"datePublished\":\"2024-03-18T11:44:46+00:00\",\"dateModified\":\"2025-11-24T15:25:31+00:00\",\"description\":\"Machine adapt\u00e9e \u00e0 l\u2019\u00e9limination des impuret\u00e9s \u00e0 l\u2019int\u00e9rieur de contenants vides en verre, m\u00e9tal ou PET avant leur remplissage avec le produit. D\u00e9couvrez-en plus !\",\"breadcrumb\":{\"@id\":\"https:\/\/www.stvmachinery.it\/fr\/macchinari\/laveuses-secheuses-souffleuses\/renverseuse-souffleuse-a-air-et-ou-vapeur\/#breadcrumb\"},\"inLanguage\":\"fr-FR\",\"potentialAction\":[{\"@type\":\"ReadAction\",\"target\":[\"https:\/\/www.stvmachinery.it\/fr\/macchinari\/laveuses-secheuses-souffleuses\/renverseuse-souffleuse-a-air-et-ou-vapeur\/\"]}]},{\"@type\":\"ImageObject\",\"inLanguage\":\"fr-FR\",\"@id\":\"https:\/\/www.stvmachinery.it\/fr\/macchinari\/laveuses-secheuses-souffleuses\/renverseuse-souffleuse-a-air-et-ou-vapeur\/#primaryimage\",\"url\":\"https:\/\/www.stvmachinery.it\/wp-content\/uploads\/2024\/03\/Ribaltatore-soffiatore-ad-aria-eo-vapore.webp\",\"contentUrl\":\"https:\/\/www.stvmachinery.it\/wp-content\/uploads\/2024\/03\/Ribaltatore-soffiatore-ad-aria-eo-vapore.webp\",\"width\":1200,\"height\":1200},{\"@type\":\"BreadcrumbList\",\"@id\":\"https:\/\/www.stvmachinery.it\/fr\/macchinari\/laveuses-secheuses-souffleuses\/renverseuse-souffleuse-a-air-et-ou-vapeur\/#breadcrumb\",\"itemListElement\":[{\"@type\":\"ListItem\",\"position\":1,\"name\":\"Home\",\"item\":\"https:\/\/www.stvmachinery.it\/fr\/stv-machinery\/\"},{\"@type\":\"ListItem\",\"position\":2,\"name\":\"Machines\",\"item\":\"https:\/\/www.stvmachinery.it\/fr\/machines\/\"},{\"@type\":\"ListItem\",\"position\":3,\"name\":\"Renverseuse souffleuse \u00e0 air et\/ou vapeur\"}]},{\"@type\":\"WebSite\",\"@id\":\"https:\/\/www.stvmachinery.it\/fr\/#website\",\"url\":\"https:\/\/www.stvmachinery.it\/fr\/\",\"name\":\"STV Machinery\",\"description\":\"Macchine ed impianti per l\u2019industria agroalimentare e conserviera\",\"publisher\":{\"@id\":\"https:\/\/www.stvmachinery.it\/fr\/#organization\"},\"potentialAction\":[{\"@type\":\"SearchAction\",\"target\":{\"@type\":\"EntryPoint\",\"urlTemplate\":\"https:\/\/www.stvmachinery.it\/fr\/?s={search_term_string}\"},\"query-input\":\"required name=search_term_string\"}],\"inLanguage\":\"fr-FR\"},{\"@type\":\"Organization\",\"@id\":\"https:\/\/www.stvmachinery.it\/fr\/#organization\",\"name\":\"S.T.V. di Salati Giovanni & C. \u2013 S.n.c.\",\"alternateName\":\"STV Machinery\",\"url\":\"https:\/\/www.stvmachinery.it\/fr\/\",\"logo\":{\"@type\":\"ImageObject\",\"inLanguage\":\"fr-FR\",\"@id\":\"https:\/\/www.stvmachinery.it\/fr\/#\/schema\/logo\/image\/\",\"url\":\"https:\/\/www.stvmachinery.it\/wp-content\/uploads\/2021\/06\/stv-machinery-logo-positivo.png\",\"contentUrl\":\"https:\/\/www.stvmachinery.it\/wp-content\/uploads\/2021\/06\/stv-machinery-logo-positivo.png\",\"width\":481,\"height\":233,\"caption\":\"S.T.V. di Salati Giovanni & C. \u2013 S.n.c.\"},\"image\":{\"@id\":\"https:\/\/www.stvmachinery.it\/fr\/#\/schema\/logo\/image\/\"},\"sameAs\":[\"https:\/\/it.linkedin.com\/company\/stv-machinery\",\"https:\/\/www.youtube.com\/channel\/UCceMPa8POjTOmZeA2_KUoeg\"]}]}<\/script>\n<!-- \/ Yoast SEO plugin. -->","yoast_head_json":{"title":"Renverseuse souffleuse \u00e0 air et\/ou vapeur | STV Machinery","description":"Machine adapt\u00e9e \u00e0 l\u2019\u00e9limination des impuret\u00e9s \u00e0 l\u2019int\u00e9rieur de contenants vides en verre, m\u00e9tal ou PET avant leur remplissage avec le produit. D\u00e9couvrez-en plus !","robots":{"index":"index","follow":"follow","max-snippet":"max-snippet:-1","max-image-preview":"max-image-preview:large","max-video-preview":"max-video-preview:-1"},"canonical":"https:\/\/www.stvmachinery.it\/fr\/macchinari\/laveuses-secheuses-souffleuses\/renverseuse-souffleuse-a-air-et-ou-vapeur\/","og_locale":"fr_FR","og_type":"article","og_title":"Renverseuse souffleuse \u00e0 air et\/ou vapeur | STV Machinery","og_description":"Machine adapt\u00e9e \u00e0 l\u2019\u00e9limination des impuret\u00e9s \u00e0 l\u2019int\u00e9rieur de contenants vides en verre, m\u00e9tal ou PET avant leur remplissage avec le produit. D\u00e9couvrez-en plus !","og_url":"https:\/\/www.stvmachinery.it\/fr\/macchinari\/laveuses-secheuses-souffleuses\/renverseuse-souffleuse-a-air-et-ou-vapeur\/","og_site_name":"STV Machinery","article_modified_time":"2025-11-24T15:25:31+00:00","og_image":[{"width":1200,"height":1200,"url":"https:\/\/www.stvmachinery.it\/wp-content\/uploads\/2024\/03\/Ribaltatore-soffiatore-ad-aria-eo-vapore.webp","type":"image\/webp"}],"twitter_card":"summary_large_image","schema":{"@context":"https:\/\/schema.org","@graph":[{"@type":"WebPage","@id":"https:\/\/www.stvmachinery.it\/fr\/macchinari\/laveuses-secheuses-souffleuses\/renverseuse-souffleuse-a-air-et-ou-vapeur\/","url":"https:\/\/www.stvmachinery.it\/fr\/macchinari\/laveuses-secheuses-souffleuses\/renverseuse-souffleuse-a-air-et-ou-vapeur\/","name":"Renverseuse souffleuse \u00e0 air et\/ou vapeur | STV Machinery","isPartOf":{"@id":"https:\/\/www.stvmachinery.it\/fr\/#website"},"primaryImageOfPage":{"@id":"https:\/\/www.stvmachinery.it\/fr\/macchinari\/laveuses-secheuses-souffleuses\/renverseuse-souffleuse-a-air-et-ou-vapeur\/#primaryimage"},"image":{"@id":"https:\/\/www.stvmachinery.it\/fr\/macchinari\/laveuses-secheuses-souffleuses\/renverseuse-souffleuse-a-air-et-ou-vapeur\/#primaryimage"},"thumbnailUrl":"https:\/\/www.stvmachinery.it\/wp-content\/uploads\/2024\/03\/Ribaltatore-soffiatore-ad-aria-eo-vapore.webp","datePublished":"2024-03-18T11:44:46+00:00","dateModified":"2025-11-24T15:25:31+00:00","description":"Machine adapt\u00e9e \u00e0 l\u2019\u00e9limination des impuret\u00e9s \u00e0 l\u2019int\u00e9rieur de contenants vides en verre, m\u00e9tal ou PET avant leur remplissage avec le produit. D\u00e9couvrez-en plus !","breadcrumb":{"@id":"https:\/\/www.stvmachinery.it\/fr\/macchinari\/laveuses-secheuses-souffleuses\/renverseuse-souffleuse-a-air-et-ou-vapeur\/#breadcrumb"},"inLanguage":"fr-FR","potentialAction":[{"@type":"ReadAction","target":["https:\/\/www.stvmachinery.it\/fr\/macchinari\/laveuses-secheuses-souffleuses\/renverseuse-souffleuse-a-air-et-ou-vapeur\/"]}]},{"@type":"ImageObject","inLanguage":"fr-FR","@id":"https:\/\/www.stvmachinery.it\/fr\/macchinari\/laveuses-secheuses-souffleuses\/renverseuse-souffleuse-a-air-et-ou-vapeur\/#primaryimage","url":"https:\/\/www.stvmachinery.it\/wp-content\/uploads\/2024\/03\/Ribaltatore-soffiatore-ad-aria-eo-vapore.webp","contentUrl":"https:\/\/www.stvmachinery.it\/wp-content\/uploads\/2024\/03\/Ribaltatore-soffiatore-ad-aria-eo-vapore.webp","width":1200,"height":1200},{"@type":"BreadcrumbList","@id":"https:\/\/www.stvmachinery.it\/fr\/macchinari\/laveuses-secheuses-souffleuses\/renverseuse-souffleuse-a-air-et-ou-vapeur\/#breadcrumb","itemListElement":[{"@type":"ListItem","position":1,"name":"Home","item":"https:\/\/www.stvmachinery.it\/fr\/stv-machinery\/"},{"@type":"ListItem","position":2,"name":"Machines","item":"https:\/\/www.stvmachinery.it\/fr\/machines\/"},{"@type":"ListItem","position":3,"name":"Renverseuse souffleuse \u00e0 air et\/ou vapeur"}]},{"@type":"WebSite","@id":"https:\/\/www.stvmachinery.it\/fr\/#website","url":"https:\/\/www.stvmachinery.it\/fr\/","name":"STV Machinery","description":"Macchine ed impianti per l\u2019industria agroalimentare e conserviera","publisher":{"@id":"https:\/\/www.stvmachinery.it\/fr\/#organization"},"potentialAction":[{"@type":"SearchAction","target":{"@type":"EntryPoint","urlTemplate":"https:\/\/www.stvmachinery.it\/fr\/?s={search_term_string}"},"query-input":"required name=search_term_string"}],"inLanguage":"fr-FR"},{"@type":"Organization","@id":"https:\/\/www.stvmachinery.it\/fr\/#organization","name":"S.T.V. di Salati Giovanni & C. \u2013 S.n.c.","alternateName":"STV Machinery","url":"https:\/\/www.stvmachinery.it\/fr\/","logo":{"@type":"ImageObject","inLanguage":"fr-FR","@id":"https:\/\/www.stvmachinery.it\/fr\/#\/schema\/logo\/image\/","url":"https:\/\/www.stvmachinery.it\/wp-content\/uploads\/2021\/06\/stv-machinery-logo-positivo.png","contentUrl":"https:\/\/www.stvmachinery.it\/wp-content\/uploads\/2021\/06\/stv-machinery-logo-positivo.png","width":481,"height":233,"caption":"S.T.V. di Salati Giovanni & C. \u2013 S.n.c."},"image":{"@id":"https:\/\/www.stvmachinery.it\/fr\/#\/schema\/logo\/image\/"},"sameAs":["https:\/\/it.linkedin.com\/company\/stv-machinery","https:\/\/www.youtube.com\/channel\/UCceMPa8POjTOmZeA2_KUoeg"]}]}},"_links":{"self":[{"href":"https:\/\/www.stvmachinery.it\/fr\/wp-json\/wp\/v2\/product\/10589","targetHints":{"allow":["GET"]}}],"collection":[{"href":"https:\/\/www.stvmachinery.it\/fr\/wp-json\/wp\/v2\/product"}],"about":[{"href":"https:\/\/www.stvmachinery.it\/fr\/wp-json\/wp\/v2\/types\/product"}],"version-history":[{"count":12,"href":"https:\/\/www.stvmachinery.it\/fr\/wp-json\/wp\/v2\/product\/10589\/revisions"}],"predecessor-version":[{"id":11377,"href":"https:\/\/www.stvmachinery.it\/fr\/wp-json\/wp\/v2\/product\/10589\/revisions\/11377"}],"wp:featuredmedia":[{"embeddable":true,"href":"https:\/\/www.stvmachinery.it\/fr\/wp-json\/wp\/v2\/media\/9076"}],"wp:attachment":[{"href":"https:\/\/www.stvmachinery.it\/fr\/wp-json\/wp\/v2\/media?parent=10589"}],"wp:term":[{"taxonomy":"product_cat","embeddable":true,"href":"https:\/\/www.stvmachinery.it\/fr\/wp-json\/wp\/v2\/product_cat?post=10589"},{"taxonomy":"product_tag","embeddable":true,"href":"https:\/\/www.stvmachinery.it\/fr\/wp-json\/wp\/v2\/product_tag?post=10589"}],"curies":[{"name":"wp","href":"https:\/\/api.w.org\/{rel}","templated":true}]}}