{"id":10595,"date":"2024-03-18T13:49:40","date_gmt":"2024-03-18T12:49:40","guid":{"rendered":"https:\/\/www.stvmachinery.it\/macchinari\/non%20class\u00e9\/remplisseuse-a-vibration-mod-rpn\/"},"modified":"2025-12-12T10:01:18","modified_gmt":"2025-12-12T09:01:18","slug":"remplisseuse-a-vibration-mod-rpn","status":"publish","type":"product","link":"https:\/\/www.stvmachinery.it\/fr\/macchinari\/remplisseuses-universelles\/remplisseuse-a-vibration-mod-rpn\/","title":{"rendered":"Remplisseuse \u00e0 vibration Mod. RPN"},"content":{"rendered":"\t\t<div data-elementor-type=\"product-post\" data-elementor-id=\"10595\" class=\"elementor elementor-10595 elementor-8377\" data-elementor-post-type=\"product\">\n\t\t\t\t<div class=\"elementor-element elementor-element-59c4d64 e-flex e-con-boxed e-con e-parent\" data-id=\"59c4d64\" data-element_type=\"container\" id=\"caratteristiche\">\n\t\t\t\t\t<div class=\"e-con-inner\">\n\t\t\t\t<div class=\"elementor-element elementor-element-d2b95ff elementor-widget elementor-widget-text-editor\" data-id=\"d2b95ff\" data-element_type=\"widget\" data-widget_type=\"text-editor.default\">\n\t\t\t\t<div class=\"elementor-widget-container\">\n\t\t\t<style>\/*! elementor - v3.21.0 - 08-05-2024 *\/\n.elementor-widget-text-editor.elementor-drop-cap-view-stacked .elementor-drop-cap{background-color:#69727d;color:#fff}.elementor-widget-text-editor.elementor-drop-cap-view-framed .elementor-drop-cap{color:#69727d;border:3px solid;background-color:transparent}.elementor-widget-text-editor:not(.elementor-drop-cap-view-default) .elementor-drop-cap{margin-top:8px}.elementor-widget-text-editor:not(.elementor-drop-cap-view-default) .elementor-drop-cap-letter{width:1em;height:1em}.elementor-widget-text-editor .elementor-drop-cap{float:left;text-align:center;line-height:1;font-size:50px}.elementor-widget-text-editor .elementor-drop-cap-letter{display:inline-block}<\/style>\t\t\t\t<h3>Fonctionnement<\/h3>\n<p>Le syst\u00e8me de remplissage, qui se r\u00e9alise \u00e0 travers le r\u00e9glages de la vitesse et de <strong> l\u2019intensit\u00e9 des vibrations<\/strong> (variables par rapport aux dimensions des r\u00e9cipients), permet de r\u00e9gler la quantit\u00e9 du produit \u00e0 remplir. <\/p>\n<p>Les r\u00e9cipients avancent sur un convoyeur \u00e0 courroie trap\u00e9zo\u00efdale et ils arrivent dans la zone de remplissage. Le produit aliment\u00e9 par l&#8217;\u00e9l\u00e9vateur col-de-cygne est d\u00e9charg\u00e9 sur le dispositif de distribution d\u00e9licatement est apr\u00e8s il est transf\u00e9r\u00e9 sur la tr\u00e9mie de remplissage sans dommages \u00e0 son integrit\u00e9. <\/p>\n<p>\u00c0 ce point-ci, le produit contenu dans la tr\u00e9mie de remplissage entre dans les r\u00e9cipients qui sont <strong>remplis sans s&#8217;arr\u00eater.<\/strong> Pendant la phase de remplissage les r\u00e9cipients sont <strong>soumis \u00e0 des vibrations<\/strong> par moyen de dispositifs mecaniques, soit lat\u00e9ralement et soit du fond, afin de permettre au produit de se bien <strong>distribuer dans les r\u00e9cipients<\/strong>. Ensuite, ceux-ci atteignent la zone o\u00f9, par des guides vibrantes inclin\u00e9es, <strong>le produit en exc\u00e8s est expuls\u00e9<\/strong>. <\/p>\n<p>Apr\u00e8s l&#8217;\u00e9coulage les r\u00e9cipients sont redress\u00e9s et soumis \u00e0 des jets d&#8217;air engendr\u00e9s par un electroventilateur afin <strong>d&#8217;\u00e9liminer des restes \u00e9ventuels de produit<\/strong> coll\u00e9s \u00e0 la paroi ext\u00e9rieure des r\u00e9cipients.<\/p>\n\t\t\t\t\t\t<\/div>\n\t\t\t\t<\/div>\n\t\t\t\t\t<\/div>\n\t\t\t\t<\/div>\n\t\t<div class=\"elementor-element elementor-element-4b18a62 e-flex e-con-boxed e-con e-parent\" data-id=\"4b18a62\" data-element_type=\"container\">\n\t\t\t\t\t<div class=\"e-con-inner\">\n\t\t\t\t<div class=\"elementor-element elementor-element-aeb6f31 elementor-widget elementor-widget-text-editor\" data-id=\"aeb6f31\" data-element_type=\"widget\" data-widget_type=\"text-editor.default\">\n\t\t\t\t<div class=\"elementor-widget-container\">\n\t\t\t\t\t\t\t<h3>Caract\u00e9ristiques de fabrication<\/h3>\n<ul>\n<li>Structure en acier inox AISI 304. <\/li>\n<li>El\u00e9vateur col-de-cygne \u00e0 godets en mat\u00e9riel plastique alimentaire. <\/li>\n<li>Bassin de r\u00e9colte du produit pour l&#8217;alimentation de l&#8217;\u00e9l\u00e9vateur. <\/li>\n<li>Tr\u00e9mie \u00e0 vibration pour le remplissage du produit. <\/li>\n<li>Convoyeur \u00e0 courroie pour l&#8217;avancement des r\u00e9cipients. <\/li>\n<li>Convoyeur de r\u00e9cup\u00e9ration du produit en exc\u00e8s. <\/li>\n<li>Motorisation par motovariateur \u00e0 vitesse variable. <\/li>\n<li>Panneau \u00e9lectrique de commande en acier inox. <\/li>\n<\/ul>\n\t\t\t\t\t\t<\/div>\n\t\t\t\t<\/div>\n\t\t\t\t\t<\/div>\n\t\t\t\t<\/div>\n\t\t<div class=\"elementor-element elementor-element-06be501 e-flex e-con-boxed e-con e-parent\" data-id=\"06be501\" data-element_type=\"container\" data-settings=\"{&quot;background_background&quot;:&quot;classic&quot;}\">\n\t\t\t\t\t<div class=\"e-con-inner\">\n\t\t\t\t<div class=\"elementor-element elementor-element-d9bca75 elementor-widget elementor-widget-heading\" data-id=\"d9bca75\" data-element_type=\"widget\" data-widget_type=\"heading.default\">\n\t\t\t\t<div class=\"elementor-widget-container\">\n\t\t\t<style>\/*! elementor - v3.21.0 - 08-05-2024 *\/\n.elementor-heading-title{padding:0;margin:0;line-height:1}.elementor-widget-heading .elementor-heading-title[class*=elementor-size-]>a{color:inherit;font-size:inherit;line-height:inherit}.elementor-widget-heading .elementor-heading-title.elementor-size-small{font-size:15px}.elementor-widget-heading .elementor-heading-title.elementor-size-medium{font-size:19px}.elementor-widget-heading .elementor-heading-title.elementor-size-large{font-size:29px}.elementor-widget-heading .elementor-heading-title.elementor-size-xl{font-size:39px}.elementor-widget-heading .elementor-heading-title.elementor-size-xxl{font-size:59px}<\/style><h4 class=\"elementor-heading-title elementor-size-default\">Mod\u00e8les disponibles<\/h4>\t\t<\/div>\n\t\t\t\t<\/div>\n\t\t\t\t<div class=\"elementor-element elementor-element-a6d337d elementor-widget elementor-widget-text-editor\" data-id=\"a6d337d\" data-element_type=\"widget\" data-widget_type=\"text-editor.default\">\n\t\t\t\t<div class=\"elementor-widget-container\">\n\t\t\t\t\t\t\t<p><strong>La machine est disponible en 2 mod\u00e8les:<\/strong><\/p>\n<ul>\n<li><strong>Mod. RPN 750 <\/strong> &#8211; Cadence max <strong>6.000 r\u00e9cipients\/heure<\/strong> environ de 314 ml.<\/li>\n<li><strong>Mod. RPN 1500 <\/strong> &#8211; Cadence max <strong>14.000 r\u00e9cipients\/heure<\/strong> environ de 314 ml<\/li>\n<\/ul>\n\t\t\t\t\t\t<\/div>\n\t\t\t\t<\/div>\n\t\t\t\t\t<\/div>\n\t\t\t\t<\/div>\n\t\t<div class=\"elementor-element elementor-element-e369793 e-flex e-con-boxed e-con e-parent\" data-id=\"e369793\" data-element_type=\"container\" data-settings=\"{&quot;background_background&quot;:&quot;classic&quot;}\">\n\t\t\t\t\t<div class=\"e-con-inner\">\n\t\t\t\t<div class=\"elementor-element elementor-element-444b64b elementor-widget elementor-widget-heading\" data-id=\"444b64b\" data-element_type=\"widget\" data-widget_type=\"heading.default\">\n\t\t\t\t<div class=\"elementor-widget-container\">\n\t\t\t<h4 class=\"elementor-heading-title elementor-size-default\">Video<\/h4>\t\t<\/div>\n\t\t\t\t<\/div>\n\t\t\t\t<div class=\"elementor-element elementor-element-a7fcea6 elementor-widget elementor-widget-video\" data-id=\"a7fcea6\" data-element_type=\"widget\" data-settings=\"{&quot;youtube_url&quot;:&quot;https:\\\/\\\/youtu.be\\\/VbEtCrPklFQ&quot;,&quot;video_type&quot;:&quot;youtube&quot;,&quot;controls&quot;:&quot;yes&quot;}\" data-widget_type=\"video.default\">\n\t\t\t\t<div class=\"elementor-widget-container\">\n\t\t\t<style>\/*! elementor - v3.21.0 - 08-05-2024 *\/\n.elementor-widget-video .elementor-widget-container{overflow:hidden;transform:translateZ(0)}.elementor-widget-video .elementor-wrapper{aspect-ratio:var(--video-aspect-ratio)}.elementor-widget-video .elementor-wrapper iframe,.elementor-widget-video .elementor-wrapper video{height:100%;width:100%;display:flex;border:none;background-color:#000}@supports not (aspect-ratio:1\/1){.elementor-widget-video .elementor-wrapper{position:relative;overflow:hidden;height:0;padding-bottom:calc(100% \/ var(--video-aspect-ratio))}.elementor-widget-video .elementor-wrapper iframe,.elementor-widget-video .elementor-wrapper video{position:absolute;top:0;right:0;bottom:0;left:0}}.elementor-widget-video .elementor-open-inline .elementor-custom-embed-image-overlay{position:absolute;top:0;right:0;bottom:0;left:0;background-size:cover;background-position:50%}.elementor-widget-video .elementor-custom-embed-image-overlay{cursor:pointer;text-align:center}.elementor-widget-video .elementor-custom-embed-image-overlay:hover .elementor-custom-embed-play i{opacity:1}.elementor-widget-video .elementor-custom-embed-image-overlay img{display:block;width:100%;aspect-ratio:var(--video-aspect-ratio);-o-object-fit:cover;object-fit:cover;-o-object-position:center center;object-position:center center}@supports not (aspect-ratio:1\/1){.elementor-widget-video .elementor-custom-embed-image-overlay{position:relative;overflow:hidden;height:0;padding-bottom:calc(100% \/ var(--video-aspect-ratio))}.elementor-widget-video .elementor-custom-embed-image-overlay img{position:absolute;top:0;right:0;bottom:0;left:0}}.elementor-widget-video .e-hosted-video .elementor-video{-o-object-fit:cover;object-fit:cover}.e-con-inner>.elementor-widget-video,.e-con>.elementor-widget-video{width:var(--container-widget-width);--flex-grow:var(--container-widget-flex-grow)}<\/style>\t\t<div class=\"elementor-wrapper elementor-open-inline\">\n\t\t\t<div class=\"elementor-video\"><\/div>\t\t<\/div>\n\t\t\t\t<\/div>\n\t\t\t\t<\/div>\n\t\t\t\t\t<\/div>\n\t\t\t\t<\/div>\n\t\t\t\t<\/div>\n\t\t","protected":false},"excerpt":{"rendered":"<p><strong>Remplisseuse automatique<\/strong> en ligne apte au remplissage de bo\u00eetes ou des pots avec <strong>fruits ou l\u00e9gumes<\/strong> tels que artichauts, poivrons, c\u00e2pres, olives, champignons, tomates s\u00e8ches, oignions, l\u00e9gumes et fruits en morceaux etc. avec un poids minimum <strong>de 100 gr \u00e0 5 kilos<\/strong>.<\/p>\n<p><a class=\"pulsanterosso\" href=\"#caratteristiche\">Caract\u00e9ristiques techniques<\/a><\/p>\n","protected":false},"featured_media":10373,"template":"","meta":{"inline_featured_image":false},"product_cat":[125],"product_tag":[],"class_list":{"0":"post-10595","1":"product","2":"type-product","3":"status-publish","4":"has-post-thumbnail","6":"product_cat-remplisseuses-universelles","7":"pa_applicazione-produits-solides","8":"pa_funzionamento-automatique","9":"pa_settore-alimentaire","11":"first","12":"instock","13":"shipping-taxable","14":"product-type-simple"},"yoast_head":"<!-- This site is optimized with the Yoast SEO plugin v22.7 - https:\/\/yoast.com\/wordpress\/plugins\/seo\/ -->\n<title>Remplisseuse \u00e0 vibration Mod. RPN | STV Machinery<\/title>\n<meta name=\"description\" content=\"Remplisseuse automatique adapt\u00e9e au remplissage de contenants en verre, m\u00e9tal ou PET de l\u00e9gumes et de fruits, avec un poids minimal variable de 100 g \u00e0 5 kg.\" \/>\n<meta name=\"robots\" content=\"index, follow, max-snippet:-1, max-image-preview:large, max-video-preview:-1\" \/>\n<link rel=\"canonical\" href=\"https:\/\/www.stvmachinery.it\/fr\/macchinari\/remplisseuses-universelles\/remplisseuse-a-vibration-mod-rpn\/\" \/>\n<meta property=\"og:locale\" content=\"fr_FR\" \/>\n<meta property=\"og:type\" content=\"article\" \/>\n<meta property=\"og:title\" content=\"Remplisseuse \u00e0 vibration Mod. RPN | STV Machinery\" \/>\n<meta property=\"og:description\" content=\"Remplisseuse automatique adapt\u00e9e au remplissage de contenants en verre, m\u00e9tal ou PET de l\u00e9gumes et de fruits, avec un poids minimal variable de 100 g \u00e0 5 kg.\" \/>\n<meta property=\"og:url\" content=\"https:\/\/www.stvmachinery.it\/fr\/macchinari\/remplisseuses-universelles\/remplisseuse-a-vibration-mod-rpn\/\" \/>\n<meta property=\"og:site_name\" content=\"STV Machinery\" \/>\n<meta property=\"article:modified_time\" content=\"2025-12-12T09:01:18+00:00\" \/>\n<meta property=\"og:image\" content=\"https:\/\/www.stvmachinery.it\/wp-content\/uploads\/2024\/03\/Riempitrice-prodotto-a-vibrazione-Mod-RPN-1500.webp\" \/>\n\t<meta property=\"og:image:width\" content=\"1200\" \/>\n\t<meta property=\"og:image:height\" content=\"1200\" \/>\n\t<meta property=\"og:image:type\" content=\"image\/webp\" \/>\n<meta name=\"twitter:card\" content=\"summary_large_image\" \/>\n<script type=\"application\/ld+json\" class=\"yoast-schema-graph\">{\"@context\":\"https:\/\/schema.org\",\"@graph\":[{\"@type\":\"WebPage\",\"@id\":\"https:\/\/www.stvmachinery.it\/fr\/macchinari\/remplisseuses-universelles\/remplisseuse-a-vibration-mod-rpn\/\",\"url\":\"https:\/\/www.stvmachinery.it\/fr\/macchinari\/remplisseuses-universelles\/remplisseuse-a-vibration-mod-rpn\/\",\"name\":\"Remplisseuse \u00e0 vibration Mod. RPN | STV Machinery\",\"isPartOf\":{\"@id\":\"https:\/\/www.stvmachinery.it\/fr\/#website\"},\"primaryImageOfPage\":{\"@id\":\"https:\/\/www.stvmachinery.it\/fr\/macchinari\/remplisseuses-universelles\/remplisseuse-a-vibration-mod-rpn\/#primaryimage\"},\"image\":{\"@id\":\"https:\/\/www.stvmachinery.it\/fr\/macchinari\/remplisseuses-universelles\/remplisseuse-a-vibration-mod-rpn\/#primaryimage\"},\"thumbnailUrl\":\"https:\/\/www.stvmachinery.it\/wp-content\/uploads\/2024\/03\/Riempitrice-prodotto-a-vibrazione-Mod-RPN-1500.webp\",\"datePublished\":\"2024-03-18T12:49:40+00:00\",\"dateModified\":\"2025-12-12T09:01:18+00:00\",\"description\":\"Remplisseuse automatique adapt\u00e9e au remplissage de contenants en verre, m\u00e9tal ou PET de l\u00e9gumes et de fruits, avec un poids minimal variable de 100 g \u00e0 5 kg.\",\"breadcrumb\":{\"@id\":\"https:\/\/www.stvmachinery.it\/fr\/macchinari\/remplisseuses-universelles\/remplisseuse-a-vibration-mod-rpn\/#breadcrumb\"},\"inLanguage\":\"fr-FR\",\"potentialAction\":[{\"@type\":\"ReadAction\",\"target\":[\"https:\/\/www.stvmachinery.it\/fr\/macchinari\/remplisseuses-universelles\/remplisseuse-a-vibration-mod-rpn\/\"]}]},{\"@type\":\"ImageObject\",\"inLanguage\":\"fr-FR\",\"@id\":\"https:\/\/www.stvmachinery.it\/fr\/macchinari\/remplisseuses-universelles\/remplisseuse-a-vibration-mod-rpn\/#primaryimage\",\"url\":\"https:\/\/www.stvmachinery.it\/wp-content\/uploads\/2024\/03\/Riempitrice-prodotto-a-vibrazione-Mod-RPN-1500.webp\",\"contentUrl\":\"https:\/\/www.stvmachinery.it\/wp-content\/uploads\/2024\/03\/Riempitrice-prodotto-a-vibrazione-Mod-RPN-1500.webp\",\"width\":1200,\"height\":1200},{\"@type\":\"BreadcrumbList\",\"@id\":\"https:\/\/www.stvmachinery.it\/fr\/macchinari\/remplisseuses-universelles\/remplisseuse-a-vibration-mod-rpn\/#breadcrumb\",\"itemListElement\":[{\"@type\":\"ListItem\",\"position\":1,\"name\":\"Home\",\"item\":\"https:\/\/www.stvmachinery.it\/fr\/stv-machinery\/\"},{\"@type\":\"ListItem\",\"position\":2,\"name\":\"Machines\",\"item\":\"https:\/\/www.stvmachinery.it\/fr\/machines\/\"},{\"@type\":\"ListItem\",\"position\":3,\"name\":\"Remplisseuse \u00e0 vibration Mod. RPN\"}]},{\"@type\":\"WebSite\",\"@id\":\"https:\/\/www.stvmachinery.it\/fr\/#website\",\"url\":\"https:\/\/www.stvmachinery.it\/fr\/\",\"name\":\"STV Machinery\",\"description\":\"Macchine ed impianti per l\u2019industria agroalimentare e conserviera\",\"publisher\":{\"@id\":\"https:\/\/www.stvmachinery.it\/fr\/#organization\"},\"potentialAction\":[{\"@type\":\"SearchAction\",\"target\":{\"@type\":\"EntryPoint\",\"urlTemplate\":\"https:\/\/www.stvmachinery.it\/fr\/?s={search_term_string}\"},\"query-input\":\"required name=search_term_string\"}],\"inLanguage\":\"fr-FR\"},{\"@type\":\"Organization\",\"@id\":\"https:\/\/www.stvmachinery.it\/fr\/#organization\",\"name\":\"S.T.V. di Salati Giovanni & C. \u2013 S.n.c.\",\"alternateName\":\"STV Machinery\",\"url\":\"https:\/\/www.stvmachinery.it\/fr\/\",\"logo\":{\"@type\":\"ImageObject\",\"inLanguage\":\"fr-FR\",\"@id\":\"https:\/\/www.stvmachinery.it\/fr\/#\/schema\/logo\/image\/\",\"url\":\"https:\/\/www.stvmachinery.it\/wp-content\/uploads\/2021\/06\/stv-machinery-logo-positivo.png\",\"contentUrl\":\"https:\/\/www.stvmachinery.it\/wp-content\/uploads\/2021\/06\/stv-machinery-logo-positivo.png\",\"width\":481,\"height\":233,\"caption\":\"S.T.V. di Salati Giovanni & C. \u2013 S.n.c.\"},\"image\":{\"@id\":\"https:\/\/www.stvmachinery.it\/fr\/#\/schema\/logo\/image\/\"},\"sameAs\":[\"https:\/\/it.linkedin.com\/company\/stv-machinery\",\"https:\/\/www.youtube.com\/channel\/UCceMPa8POjTOmZeA2_KUoeg\"]}]}<\/script>\n<!-- \/ Yoast SEO plugin. -->","yoast_head_json":{"title":"Remplisseuse \u00e0 vibration Mod. RPN | STV Machinery","description":"Remplisseuse automatique adapt\u00e9e au remplissage de contenants en verre, m\u00e9tal ou PET de l\u00e9gumes et de fruits, avec un poids minimal variable de 100 g \u00e0 5 kg.","robots":{"index":"index","follow":"follow","max-snippet":"max-snippet:-1","max-image-preview":"max-image-preview:large","max-video-preview":"max-video-preview:-1"},"canonical":"https:\/\/www.stvmachinery.it\/fr\/macchinari\/remplisseuses-universelles\/remplisseuse-a-vibration-mod-rpn\/","og_locale":"fr_FR","og_type":"article","og_title":"Remplisseuse \u00e0 vibration Mod. RPN | STV Machinery","og_description":"Remplisseuse automatique adapt\u00e9e au remplissage de contenants en verre, m\u00e9tal ou PET de l\u00e9gumes et de fruits, avec un poids minimal variable de 100 g \u00e0 5 kg.","og_url":"https:\/\/www.stvmachinery.it\/fr\/macchinari\/remplisseuses-universelles\/remplisseuse-a-vibration-mod-rpn\/","og_site_name":"STV Machinery","article_modified_time":"2025-12-12T09:01:18+00:00","og_image":[{"width":1200,"height":1200,"url":"https:\/\/www.stvmachinery.it\/wp-content\/uploads\/2024\/03\/Riempitrice-prodotto-a-vibrazione-Mod-RPN-1500.webp","type":"image\/webp"}],"twitter_card":"summary_large_image","schema":{"@context":"https:\/\/schema.org","@graph":[{"@type":"WebPage","@id":"https:\/\/www.stvmachinery.it\/fr\/macchinari\/remplisseuses-universelles\/remplisseuse-a-vibration-mod-rpn\/","url":"https:\/\/www.stvmachinery.it\/fr\/macchinari\/remplisseuses-universelles\/remplisseuse-a-vibration-mod-rpn\/","name":"Remplisseuse \u00e0 vibration Mod. RPN | STV Machinery","isPartOf":{"@id":"https:\/\/www.stvmachinery.it\/fr\/#website"},"primaryImageOfPage":{"@id":"https:\/\/www.stvmachinery.it\/fr\/macchinari\/remplisseuses-universelles\/remplisseuse-a-vibration-mod-rpn\/#primaryimage"},"image":{"@id":"https:\/\/www.stvmachinery.it\/fr\/macchinari\/remplisseuses-universelles\/remplisseuse-a-vibration-mod-rpn\/#primaryimage"},"thumbnailUrl":"https:\/\/www.stvmachinery.it\/wp-content\/uploads\/2024\/03\/Riempitrice-prodotto-a-vibrazione-Mod-RPN-1500.webp","datePublished":"2024-03-18T12:49:40+00:00","dateModified":"2025-12-12T09:01:18+00:00","description":"Remplisseuse automatique adapt\u00e9e au remplissage de contenants en verre, m\u00e9tal ou PET de l\u00e9gumes et de fruits, avec un poids minimal variable de 100 g \u00e0 5 kg.","breadcrumb":{"@id":"https:\/\/www.stvmachinery.it\/fr\/macchinari\/remplisseuses-universelles\/remplisseuse-a-vibration-mod-rpn\/#breadcrumb"},"inLanguage":"fr-FR","potentialAction":[{"@type":"ReadAction","target":["https:\/\/www.stvmachinery.it\/fr\/macchinari\/remplisseuses-universelles\/remplisseuse-a-vibration-mod-rpn\/"]}]},{"@type":"ImageObject","inLanguage":"fr-FR","@id":"https:\/\/www.stvmachinery.it\/fr\/macchinari\/remplisseuses-universelles\/remplisseuse-a-vibration-mod-rpn\/#primaryimage","url":"https:\/\/www.stvmachinery.it\/wp-content\/uploads\/2024\/03\/Riempitrice-prodotto-a-vibrazione-Mod-RPN-1500.webp","contentUrl":"https:\/\/www.stvmachinery.it\/wp-content\/uploads\/2024\/03\/Riempitrice-prodotto-a-vibrazione-Mod-RPN-1500.webp","width":1200,"height":1200},{"@type":"BreadcrumbList","@id":"https:\/\/www.stvmachinery.it\/fr\/macchinari\/remplisseuses-universelles\/remplisseuse-a-vibration-mod-rpn\/#breadcrumb","itemListElement":[{"@type":"ListItem","position":1,"name":"Home","item":"https:\/\/www.stvmachinery.it\/fr\/stv-machinery\/"},{"@type":"ListItem","position":2,"name":"Machines","item":"https:\/\/www.stvmachinery.it\/fr\/machines\/"},{"@type":"ListItem","position":3,"name":"Remplisseuse \u00e0 vibration Mod. RPN"}]},{"@type":"WebSite","@id":"https:\/\/www.stvmachinery.it\/fr\/#website","url":"https:\/\/www.stvmachinery.it\/fr\/","name":"STV Machinery","description":"Macchine ed impianti per l\u2019industria agroalimentare e conserviera","publisher":{"@id":"https:\/\/www.stvmachinery.it\/fr\/#organization"},"potentialAction":[{"@type":"SearchAction","target":{"@type":"EntryPoint","urlTemplate":"https:\/\/www.stvmachinery.it\/fr\/?s={search_term_string}"},"query-input":"required name=search_term_string"}],"inLanguage":"fr-FR"},{"@type":"Organization","@id":"https:\/\/www.stvmachinery.it\/fr\/#organization","name":"S.T.V. di Salati Giovanni & C. \u2013 S.n.c.","alternateName":"STV Machinery","url":"https:\/\/www.stvmachinery.it\/fr\/","logo":{"@type":"ImageObject","inLanguage":"fr-FR","@id":"https:\/\/www.stvmachinery.it\/fr\/#\/schema\/logo\/image\/","url":"https:\/\/www.stvmachinery.it\/wp-content\/uploads\/2021\/06\/stv-machinery-logo-positivo.png","contentUrl":"https:\/\/www.stvmachinery.it\/wp-content\/uploads\/2021\/06\/stv-machinery-logo-positivo.png","width":481,"height":233,"caption":"S.T.V. di Salati Giovanni & C. \u2013 S.n.c."},"image":{"@id":"https:\/\/www.stvmachinery.it\/fr\/#\/schema\/logo\/image\/"},"sameAs":["https:\/\/it.linkedin.com\/company\/stv-machinery","https:\/\/www.youtube.com\/channel\/UCceMPa8POjTOmZeA2_KUoeg"]}]}},"_links":{"self":[{"href":"https:\/\/www.stvmachinery.it\/fr\/wp-json\/wp\/v2\/product\/10595","targetHints":{"allow":["GET"]}}],"collection":[{"href":"https:\/\/www.stvmachinery.it\/fr\/wp-json\/wp\/v2\/product"}],"about":[{"href":"https:\/\/www.stvmachinery.it\/fr\/wp-json\/wp\/v2\/types\/product"}],"version-history":[{"count":9,"href":"https:\/\/www.stvmachinery.it\/fr\/wp-json\/wp\/v2\/product\/10595\/revisions"}],"predecessor-version":[{"id":11437,"href":"https:\/\/www.stvmachinery.it\/fr\/wp-json\/wp\/v2\/product\/10595\/revisions\/11437"}],"wp:featuredmedia":[{"embeddable":true,"href":"https:\/\/www.stvmachinery.it\/fr\/wp-json\/wp\/v2\/media\/10373"}],"wp:attachment":[{"href":"https:\/\/www.stvmachinery.it\/fr\/wp-json\/wp\/v2\/media?parent=10595"}],"wp:term":[{"taxonomy":"product_cat","embeddable":true,"href":"https:\/\/www.stvmachinery.it\/fr\/wp-json\/wp\/v2\/product_cat?post=10595"},{"taxonomy":"product_tag","embeddable":true,"href":"https:\/\/www.stvmachinery.it\/fr\/wp-json\/wp\/v2\/product_tag?post=10595"}],"curies":[{"name":"wp","href":"https:\/\/api.w.org\/{rel}","templated":true}]}}