{"id":10603,"date":"2024-03-18T14:32:47","date_gmt":"2024-03-18T13:32:47","guid":{"rendered":"https:\/\/www.stvmachinery.it\/macchinari\/non%20class\u00e9\/table-de-remplissage-motorisee-avec-deux-convoyeurs\/"},"modified":"2025-12-12T10:11:42","modified_gmt":"2025-12-12T09:11:42","slug":"table-de-remplissage-motorisee-avec-deux-convoyeurs","status":"publish","type":"product","link":"https:\/\/www.stvmachinery.it\/fr\/macchinari\/remplisseuses-universelles\/table-de-remplissage-motorisee-avec-deux-convoyeurs\/","title":{"rendered":"Table de remplissage motoris\u00e9e avec deux convoyeurs"},"content":{"rendered":"\t\t<div data-elementor-type=\"product-post\" data-elementor-id=\"10603\" class=\"elementor elementor-10603 elementor-8383\" data-elementor-post-type=\"product\">\n\t\t\t\t<div class=\"elementor-element elementor-element-4b18a62 e-flex e-con-boxed e-con e-parent\" data-id=\"4b18a62\" data-element_type=\"container\" id=\"caratteristiche\">\n\t\t\t\t\t<div class=\"e-con-inner\">\n\t\t\t\t<div class=\"elementor-element elementor-element-aeb6f31 elementor-widget elementor-widget-text-editor\" data-id=\"aeb6f31\" data-element_type=\"widget\" data-widget_type=\"text-editor.default\">\n\t\t\t\t<div class=\"elementor-widget-container\">\n\t\t\t<style>\/*! elementor - v3.21.0 - 08-05-2024 *\/\n.elementor-widget-text-editor.elementor-drop-cap-view-stacked .elementor-drop-cap{background-color:#69727d;color:#fff}.elementor-widget-text-editor.elementor-drop-cap-view-framed .elementor-drop-cap{color:#69727d;border:3px solid;background-color:transparent}.elementor-widget-text-editor:not(.elementor-drop-cap-view-default) .elementor-drop-cap{margin-top:8px}.elementor-widget-text-editor:not(.elementor-drop-cap-view-default) .elementor-drop-cap-letter{width:1em;height:1em}.elementor-widget-text-editor .elementor-drop-cap{float:left;text-align:center;line-height:1;font-size:50px}.elementor-widget-text-editor .elementor-drop-cap-letter{display:inline-block}<\/style>\t\t\t\t<h3>Caract\u00e9ristiques de fabrication<\/h3>\n<ul>\n<li>Structure de support en <strong>acier inox AISI 304<\/strong> avec des pieds r\u00e9glables en hauteur. <\/li>\n<li>Deux cuves de r\u00e9colte produit (longueur = 3.000 mm chacune) \u00e9quip\u00e9es avec une t\u00f4le perfor\u00e9e sur le fond qu&#8217;on peut enlever. <\/li>\n<li>Deux convoyeurs avec cha\u00eene table top en acier inox motoris\u00e9s par motovariateur et install\u00e9 au centre de la table (un pour l\u2019alimentation des r\u00e9cipients vides (qui arivent de la Souffleuse ou de la Table d&#8217;alimentation motoris\u00e9e, l\u2019autre pour l\u2019\u00e9vacuation des r\u00e9cipients remplis vers la Juteuse sous vide).<\/li>\n<li>Panneau \u00e9lectrique de commande en acier inox. <\/li>\n<\/ul>\n\t\t\t\t\t\t<\/div>\n\t\t\t\t<\/div>\n\t\t\t\t\t<\/div>\n\t\t\t\t<\/div>\n\t\t<div class=\"elementor-element elementor-element-06be501 e-flex e-con-boxed e-con e-parent\" data-id=\"06be501\" data-element_type=\"container\" data-settings=\"{&quot;background_background&quot;:&quot;classic&quot;}\">\n\t\t\t\t\t<div class=\"e-con-inner\">\n\t\t\t\t<div class=\"elementor-element elementor-element-d9bca75 elementor-widget elementor-widget-heading\" data-id=\"d9bca75\" data-element_type=\"widget\" data-widget_type=\"heading.default\">\n\t\t\t\t<div class=\"elementor-widget-container\">\n\t\t\t<style>\/*! elementor - v3.21.0 - 08-05-2024 *\/\n.elementor-heading-title{padding:0;margin:0;line-height:1}.elementor-widget-heading .elementor-heading-title[class*=elementor-size-]>a{color:inherit;font-size:inherit;line-height:inherit}.elementor-widget-heading .elementor-heading-title.elementor-size-small{font-size:15px}.elementor-widget-heading .elementor-heading-title.elementor-size-medium{font-size:19px}.elementor-widget-heading .elementor-heading-title.elementor-size-large{font-size:29px}.elementor-widget-heading .elementor-heading-title.elementor-size-xl{font-size:39px}.elementor-widget-heading .elementor-heading-title.elementor-size-xxl{font-size:59px}<\/style><h4 class=\"elementor-heading-title elementor-size-default\">Optionnels<br><\/h4>\t\t<\/div>\n\t\t\t\t<\/div>\n\t\t\t\t<div class=\"elementor-element elementor-element-a6d337d elementor-widget elementor-widget-text-editor\" data-id=\"a6d337d\" data-element_type=\"widget\" data-widget_type=\"text-editor.default\">\n\t\t\t\t<div class=\"elementor-widget-container\">\n\t\t\t\t\t\t\t<p>Sur demande, la machine peut \u00eatre fournie avec une <strong>TABLE D&#8217;ALIMENTATION RECIPIENTS<\/strong> (diam. 1.000 mm) en acier inox AISI 304 avec plan circulaire en mat\u00e8riel plastique (poly\u00e9thyl\u00e8ne).<\/p>\n\t\t\t\t\t\t<\/div>\n\t\t\t\t<\/div>\n\t\t\t\t\t<\/div>\n\t\t\t\t<\/div>\n\t\t<div class=\"elementor-element elementor-element-8b4590b e-flex e-con-boxed e-con e-parent\" data-id=\"8b4590b\" data-element_type=\"container\" data-settings=\"{&quot;background_background&quot;:&quot;classic&quot;}\">\n\t\t\t\t\t<div class=\"e-con-inner\">\n\t\t\t\t<div class=\"elementor-element elementor-element-817eb1b elementor-widget elementor-widget-heading\" data-id=\"817eb1b\" data-element_type=\"widget\" data-widget_type=\"heading.default\">\n\t\t\t\t<div class=\"elementor-widget-container\">\n\t\t\t<h4 class=\"elementor-heading-title elementor-size-default\">Donn\u00e9es techniques<\/h4>\t\t<\/div>\n\t\t\t\t<\/div>\n\t\t\t\t<div class=\"elementor-element elementor-element-9c28e1d elementor-widget elementor-widget-ld_table\" data-id=\"9c28e1d\" data-element_type=\"widget\" data-widget_type=\"ld_table.default\">\n\t\t\t\t<div class=\"elementor-widget-container\">\n\t\t\t<table><tr><td class=\"elementor-repeater-item-d804713\">Puissance install\u00e9e<\/td><td class=\"elementor-repeater-item-ad5b077\">kW 0,74<\/td><\/tr><tr><td class=\"elementor-repeater-item-72c5074\">Longueur<\/td><td class=\"elementor-repeater-item-0f05e35\">5.500 mm<\/td><\/tr><tr><td class=\"elementor-repeater-item-4be9d2e\">Largeur<\/td><td class=\"elementor-repeater-item-485afe4\">1.350 mm<\/td><\/tr><\/table>\t\t<\/div>\n\t\t\t\t<\/div>\n\t\t\t\t\t<\/div>\n\t\t\t\t<\/div>\n\t\t\t\t<\/div>\n\t\t","protected":false},"excerpt":{"rendered":"<p>Table motoris\u00e9e apte au <strong>remplissage manuel des r\u00e9cipients en verre, m\u00e9tallique o PET<\/strong> avec des <strong>produits solides<\/strong> tels que l\u00e9gumes et fruit: artichauts, poivrons, c\u00e2pres, cornichons, olives, champignons, tomates s\u00e9ch\u00e9es, oignons, p\u00eaches, cerises, filets de poisson, etc. Cette machine est particuli\u00e8rement indiqu\u00e9e pour r\u00e9pondre aux <strong>besoins des petites et moyennes production<\/strong>, en combinaison avec la <strong>Juteuse \u00e0 vide mod.LV2<\/strong> ou le <strong>Monobloc<\/strong> dans la configuration avec le <strong>Groupe de jutage<\/strong> sous vide pour le liquides (huile, vinaigre, saumure, sirop) + <strong>Groupe de fermeture des r\u00e9cipients<\/strong>.<\/p>\n<p><a class=\"pulsanterosso\" href=\"#caratteristiche\">Caract\u00e9ristiques techniques<\/a><\/p>\n","protected":false},"featured_media":9097,"template":"","meta":{"inline_featured_image":false},"product_cat":[125],"product_tag":[],"class_list":{"0":"post-10603","1":"product","2":"type-product","3":"status-publish","4":"has-post-thumbnail","6":"product_cat-remplisseuses-universelles","7":"pa_applicazione-produits-solides","8":"pa_funzionamento-automatique","9":"pa_settore-alimentaire","11":"first","12":"instock","13":"shipping-taxable","14":"product-type-simple"},"yoast_head":"<!-- This site is optimized with the Yoast SEO plugin v22.7 - https:\/\/yoast.com\/wordpress\/plugins\/seo\/ -->\n<title>Table de remplissage motoris\u00e9e avec deux convoyeurs | STV Machinery<\/title>\n<meta name=\"description\" content=\"Table motoris\u00e9e apte au remplissage manuel des r\u00e9cipients en verre, m\u00e9tallique o PET avec des produits solides.\" \/>\n<meta name=\"robots\" content=\"index, follow, max-snippet:-1, max-image-preview:large, max-video-preview:-1\" \/>\n<link rel=\"canonical\" href=\"https:\/\/www.stvmachinery.it\/fr\/macchinari\/remplisseuses-universelles\/table-de-remplissage-motorisee-avec-deux-convoyeurs\/\" \/>\n<meta property=\"og:locale\" content=\"fr_FR\" \/>\n<meta property=\"og:type\" content=\"article\" \/>\n<meta property=\"og:title\" content=\"Table de remplissage motoris\u00e9e avec deux convoyeurs | STV Machinery\" \/>\n<meta property=\"og:description\" content=\"Table motoris\u00e9e apte au remplissage manuel des r\u00e9cipients en verre, m\u00e9tallique o PET avec des produits solides.\" \/>\n<meta property=\"og:url\" content=\"https:\/\/www.stvmachinery.it\/fr\/macchinari\/remplisseuses-universelles\/table-de-remplissage-motorisee-avec-deux-convoyeurs\/\" \/>\n<meta property=\"og:site_name\" content=\"STV Machinery\" \/>\n<meta property=\"article:modified_time\" content=\"2025-12-12T09:11:42+00:00\" \/>\n<meta property=\"og:image\" content=\"https:\/\/www.stvmachinery.it\/wp-content\/uploads\/2024\/03\/Tavolo-di-riempimento-motorizzato-a-due-trasportatori.webp\" \/>\n\t<meta property=\"og:image:width\" content=\"1200\" \/>\n\t<meta property=\"og:image:height\" content=\"1200\" \/>\n\t<meta property=\"og:image:type\" content=\"image\/webp\" \/>\n<meta name=\"twitter:card\" content=\"summary_large_image\" \/>\n<script type=\"application\/ld+json\" class=\"yoast-schema-graph\">{\"@context\":\"https:\/\/schema.org\",\"@graph\":[{\"@type\":\"WebPage\",\"@id\":\"https:\/\/www.stvmachinery.it\/fr\/macchinari\/remplisseuses-universelles\/table-de-remplissage-motorisee-avec-deux-convoyeurs\/\",\"url\":\"https:\/\/www.stvmachinery.it\/fr\/macchinari\/remplisseuses-universelles\/table-de-remplissage-motorisee-avec-deux-convoyeurs\/\",\"name\":\"Table de remplissage motoris\u00e9e avec deux convoyeurs | STV Machinery\",\"isPartOf\":{\"@id\":\"https:\/\/www.stvmachinery.it\/fr\/#website\"},\"primaryImageOfPage\":{\"@id\":\"https:\/\/www.stvmachinery.it\/fr\/macchinari\/remplisseuses-universelles\/table-de-remplissage-motorisee-avec-deux-convoyeurs\/#primaryimage\"},\"image\":{\"@id\":\"https:\/\/www.stvmachinery.it\/fr\/macchinari\/remplisseuses-universelles\/table-de-remplissage-motorisee-avec-deux-convoyeurs\/#primaryimage\"},\"thumbnailUrl\":\"https:\/\/www.stvmachinery.it\/wp-content\/uploads\/2024\/03\/Tavolo-di-riempimento-motorizzato-a-due-trasportatori.webp\",\"datePublished\":\"2024-03-18T13:32:47+00:00\",\"dateModified\":\"2025-12-12T09:11:42+00:00\",\"description\":\"Table motoris\u00e9e apte au remplissage manuel des r\u00e9cipients en verre, m\u00e9tallique o PET avec des produits solides.\",\"breadcrumb\":{\"@id\":\"https:\/\/www.stvmachinery.it\/fr\/macchinari\/remplisseuses-universelles\/table-de-remplissage-motorisee-avec-deux-convoyeurs\/#breadcrumb\"},\"inLanguage\":\"fr-FR\",\"potentialAction\":[{\"@type\":\"ReadAction\",\"target\":[\"https:\/\/www.stvmachinery.it\/fr\/macchinari\/remplisseuses-universelles\/table-de-remplissage-motorisee-avec-deux-convoyeurs\/\"]}]},{\"@type\":\"ImageObject\",\"inLanguage\":\"fr-FR\",\"@id\":\"https:\/\/www.stvmachinery.it\/fr\/macchinari\/remplisseuses-universelles\/table-de-remplissage-motorisee-avec-deux-convoyeurs\/#primaryimage\",\"url\":\"https:\/\/www.stvmachinery.it\/wp-content\/uploads\/2024\/03\/Tavolo-di-riempimento-motorizzato-a-due-trasportatori.webp\",\"contentUrl\":\"https:\/\/www.stvmachinery.it\/wp-content\/uploads\/2024\/03\/Tavolo-di-riempimento-motorizzato-a-due-trasportatori.webp\",\"width\":1200,\"height\":1200},{\"@type\":\"BreadcrumbList\",\"@id\":\"https:\/\/www.stvmachinery.it\/fr\/macchinari\/remplisseuses-universelles\/table-de-remplissage-motorisee-avec-deux-convoyeurs\/#breadcrumb\",\"itemListElement\":[{\"@type\":\"ListItem\",\"position\":1,\"name\":\"Home\",\"item\":\"https:\/\/www.stvmachinery.it\/fr\/stv-machinery\/\"},{\"@type\":\"ListItem\",\"position\":2,\"name\":\"Machines\",\"item\":\"https:\/\/www.stvmachinery.it\/fr\/machines\/\"},{\"@type\":\"ListItem\",\"position\":3,\"name\":\"Table de remplissage motoris\u00e9e avec deux convoyeurs\"}]},{\"@type\":\"WebSite\",\"@id\":\"https:\/\/www.stvmachinery.it\/fr\/#website\",\"url\":\"https:\/\/www.stvmachinery.it\/fr\/\",\"name\":\"STV Machinery\",\"description\":\"Macchine ed impianti per l\u2019industria agroalimentare e conserviera\",\"publisher\":{\"@id\":\"https:\/\/www.stvmachinery.it\/fr\/#organization\"},\"potentialAction\":[{\"@type\":\"SearchAction\",\"target\":{\"@type\":\"EntryPoint\",\"urlTemplate\":\"https:\/\/www.stvmachinery.it\/fr\/?s={search_term_string}\"},\"query-input\":\"required name=search_term_string\"}],\"inLanguage\":\"fr-FR\"},{\"@type\":\"Organization\",\"@id\":\"https:\/\/www.stvmachinery.it\/fr\/#organization\",\"name\":\"S.T.V. di Salati Giovanni & C. \u2013 S.n.c.\",\"alternateName\":\"STV Machinery\",\"url\":\"https:\/\/www.stvmachinery.it\/fr\/\",\"logo\":{\"@type\":\"ImageObject\",\"inLanguage\":\"fr-FR\",\"@id\":\"https:\/\/www.stvmachinery.it\/fr\/#\/schema\/logo\/image\/\",\"url\":\"https:\/\/www.stvmachinery.it\/wp-content\/uploads\/2021\/06\/stv-machinery-logo-positivo.png\",\"contentUrl\":\"https:\/\/www.stvmachinery.it\/wp-content\/uploads\/2021\/06\/stv-machinery-logo-positivo.png\",\"width\":481,\"height\":233,\"caption\":\"S.T.V. di Salati Giovanni & C. \u2013 S.n.c.\"},\"image\":{\"@id\":\"https:\/\/www.stvmachinery.it\/fr\/#\/schema\/logo\/image\/\"},\"sameAs\":[\"https:\/\/it.linkedin.com\/company\/stv-machinery\",\"https:\/\/www.youtube.com\/channel\/UCceMPa8POjTOmZeA2_KUoeg\"]}]}<\/script>\n<!-- \/ Yoast SEO plugin. -->","yoast_head_json":{"title":"Table de remplissage motoris\u00e9e avec deux convoyeurs | STV Machinery","description":"Table motoris\u00e9e apte au remplissage manuel des r\u00e9cipients en verre, m\u00e9tallique o PET avec des produits solides.","robots":{"index":"index","follow":"follow","max-snippet":"max-snippet:-1","max-image-preview":"max-image-preview:large","max-video-preview":"max-video-preview:-1"},"canonical":"https:\/\/www.stvmachinery.it\/fr\/macchinari\/remplisseuses-universelles\/table-de-remplissage-motorisee-avec-deux-convoyeurs\/","og_locale":"fr_FR","og_type":"article","og_title":"Table de remplissage motoris\u00e9e avec deux convoyeurs | STV Machinery","og_description":"Table motoris\u00e9e apte au remplissage manuel des r\u00e9cipients en verre, m\u00e9tallique o PET avec des produits solides.","og_url":"https:\/\/www.stvmachinery.it\/fr\/macchinari\/remplisseuses-universelles\/table-de-remplissage-motorisee-avec-deux-convoyeurs\/","og_site_name":"STV Machinery","article_modified_time":"2025-12-12T09:11:42+00:00","og_image":[{"width":1200,"height":1200,"url":"https:\/\/www.stvmachinery.it\/wp-content\/uploads\/2024\/03\/Tavolo-di-riempimento-motorizzato-a-due-trasportatori.webp","type":"image\/webp"}],"twitter_card":"summary_large_image","schema":{"@context":"https:\/\/schema.org","@graph":[{"@type":"WebPage","@id":"https:\/\/www.stvmachinery.it\/fr\/macchinari\/remplisseuses-universelles\/table-de-remplissage-motorisee-avec-deux-convoyeurs\/","url":"https:\/\/www.stvmachinery.it\/fr\/macchinari\/remplisseuses-universelles\/table-de-remplissage-motorisee-avec-deux-convoyeurs\/","name":"Table de remplissage motoris\u00e9e avec deux convoyeurs | STV Machinery","isPartOf":{"@id":"https:\/\/www.stvmachinery.it\/fr\/#website"},"primaryImageOfPage":{"@id":"https:\/\/www.stvmachinery.it\/fr\/macchinari\/remplisseuses-universelles\/table-de-remplissage-motorisee-avec-deux-convoyeurs\/#primaryimage"},"image":{"@id":"https:\/\/www.stvmachinery.it\/fr\/macchinari\/remplisseuses-universelles\/table-de-remplissage-motorisee-avec-deux-convoyeurs\/#primaryimage"},"thumbnailUrl":"https:\/\/www.stvmachinery.it\/wp-content\/uploads\/2024\/03\/Tavolo-di-riempimento-motorizzato-a-due-trasportatori.webp","datePublished":"2024-03-18T13:32:47+00:00","dateModified":"2025-12-12T09:11:42+00:00","description":"Table motoris\u00e9e apte au remplissage manuel des r\u00e9cipients en verre, m\u00e9tallique o PET avec des produits solides.","breadcrumb":{"@id":"https:\/\/www.stvmachinery.it\/fr\/macchinari\/remplisseuses-universelles\/table-de-remplissage-motorisee-avec-deux-convoyeurs\/#breadcrumb"},"inLanguage":"fr-FR","potentialAction":[{"@type":"ReadAction","target":["https:\/\/www.stvmachinery.it\/fr\/macchinari\/remplisseuses-universelles\/table-de-remplissage-motorisee-avec-deux-convoyeurs\/"]}]},{"@type":"ImageObject","inLanguage":"fr-FR","@id":"https:\/\/www.stvmachinery.it\/fr\/macchinari\/remplisseuses-universelles\/table-de-remplissage-motorisee-avec-deux-convoyeurs\/#primaryimage","url":"https:\/\/www.stvmachinery.it\/wp-content\/uploads\/2024\/03\/Tavolo-di-riempimento-motorizzato-a-due-trasportatori.webp","contentUrl":"https:\/\/www.stvmachinery.it\/wp-content\/uploads\/2024\/03\/Tavolo-di-riempimento-motorizzato-a-due-trasportatori.webp","width":1200,"height":1200},{"@type":"BreadcrumbList","@id":"https:\/\/www.stvmachinery.it\/fr\/macchinari\/remplisseuses-universelles\/table-de-remplissage-motorisee-avec-deux-convoyeurs\/#breadcrumb","itemListElement":[{"@type":"ListItem","position":1,"name":"Home","item":"https:\/\/www.stvmachinery.it\/fr\/stv-machinery\/"},{"@type":"ListItem","position":2,"name":"Machines","item":"https:\/\/www.stvmachinery.it\/fr\/machines\/"},{"@type":"ListItem","position":3,"name":"Table de remplissage motoris\u00e9e avec deux convoyeurs"}]},{"@type":"WebSite","@id":"https:\/\/www.stvmachinery.it\/fr\/#website","url":"https:\/\/www.stvmachinery.it\/fr\/","name":"STV Machinery","description":"Macchine ed impianti per l\u2019industria agroalimentare e conserviera","publisher":{"@id":"https:\/\/www.stvmachinery.it\/fr\/#organization"},"potentialAction":[{"@type":"SearchAction","target":{"@type":"EntryPoint","urlTemplate":"https:\/\/www.stvmachinery.it\/fr\/?s={search_term_string}"},"query-input":"required name=search_term_string"}],"inLanguage":"fr-FR"},{"@type":"Organization","@id":"https:\/\/www.stvmachinery.it\/fr\/#organization","name":"S.T.V. di Salati Giovanni & C. \u2013 S.n.c.","alternateName":"STV Machinery","url":"https:\/\/www.stvmachinery.it\/fr\/","logo":{"@type":"ImageObject","inLanguage":"fr-FR","@id":"https:\/\/www.stvmachinery.it\/fr\/#\/schema\/logo\/image\/","url":"https:\/\/www.stvmachinery.it\/wp-content\/uploads\/2021\/06\/stv-machinery-logo-positivo.png","contentUrl":"https:\/\/www.stvmachinery.it\/wp-content\/uploads\/2021\/06\/stv-machinery-logo-positivo.png","width":481,"height":233,"caption":"S.T.V. di Salati Giovanni & C. \u2013 S.n.c."},"image":{"@id":"https:\/\/www.stvmachinery.it\/fr\/#\/schema\/logo\/image\/"},"sameAs":["https:\/\/it.linkedin.com\/company\/stv-machinery","https:\/\/www.youtube.com\/channel\/UCceMPa8POjTOmZeA2_KUoeg"]}]}},"_links":{"self":[{"href":"https:\/\/www.stvmachinery.it\/fr\/wp-json\/wp\/v2\/product\/10603","targetHints":{"allow":["GET"]}}],"collection":[{"href":"https:\/\/www.stvmachinery.it\/fr\/wp-json\/wp\/v2\/product"}],"about":[{"href":"https:\/\/www.stvmachinery.it\/fr\/wp-json\/wp\/v2\/types\/product"}],"version-history":[{"count":9,"href":"https:\/\/www.stvmachinery.it\/fr\/wp-json\/wp\/v2\/product\/10603\/revisions"}],"predecessor-version":[{"id":11447,"href":"https:\/\/www.stvmachinery.it\/fr\/wp-json\/wp\/v2\/product\/10603\/revisions\/11447"}],"wp:featuredmedia":[{"embeddable":true,"href":"https:\/\/www.stvmachinery.it\/fr\/wp-json\/wp\/v2\/media\/9097"}],"wp:attachment":[{"href":"https:\/\/www.stvmachinery.it\/fr\/wp-json\/wp\/v2\/media?parent=10603"}],"wp:term":[{"taxonomy":"product_cat","embeddable":true,"href":"https:\/\/www.stvmachinery.it\/fr\/wp-json\/wp\/v2\/product_cat?post=10603"},{"taxonomy":"product_tag","embeddable":true,"href":"https:\/\/www.stvmachinery.it\/fr\/wp-json\/wp\/v2\/product_tag?post=10603"}],"curies":[{"name":"wp","href":"https:\/\/api.w.org\/{rel}","templated":true}]}}