{"id":10615,"date":"2024-03-22T10:46:59","date_gmt":"2024-03-22T09:46:59","guid":{"rendered":"https:\/\/www.stvmachinery.it\/macchinari\/non%20class\u00e9\/doseuse-volumetrique-automatique-lineaire-mod-dvl-ut-avec-vannes-a-immersion\/"},"modified":"2025-11-24T15:34:44","modified_gmt":"2025-11-24T14:34:44","slug":"doseuse-volumetrique-automatique-lineaire-mod-dvl-ut-avec-vannes-a-immersion","status":"publish","type":"product","link":"https:\/\/www.stvmachinery.it\/fr\/macchinari\/doseuses-lineaires-et-rotatives\/doseuse-volumetrique-automatique-lineaire-mod-dvl-ut-avec-vannes-a-immersion\/","title":{"rendered":"Doseuse volumetrique automatique lineaire mod. DVL-UT avec vannes \u00e0 immersion"},"content":{"rendered":"\t\t<div data-elementor-type=\"product-post\" data-elementor-id=\"10615\" class=\"elementor elementor-10615 elementor-8414\" data-elementor-post-type=\"product\">\n\t\t\t\t<div class=\"elementor-element elementor-element-46a5c91 e-flex e-con-boxed e-con e-parent\" data-id=\"46a5c91\" data-element_type=\"container\" id=\"caratteristiche\">\n\t\t\t\t\t<div class=\"e-con-inner\">\n\t\t\t\t<div class=\"elementor-element elementor-element-7aea20b elementor-widget elementor-widget-text-editor\" data-id=\"7aea20b\" data-element_type=\"widget\" data-widget_type=\"text-editor.default\">\n\t\t\t\t<div class=\"elementor-widget-container\">\n\t\t\t<style>\/*! elementor - v3.21.0 - 08-05-2024 *\/\n.elementor-widget-text-editor.elementor-drop-cap-view-stacked .elementor-drop-cap{background-color:#69727d;color:#fff}.elementor-widget-text-editor.elementor-drop-cap-view-framed .elementor-drop-cap{color:#69727d;border:3px solid;background-color:transparent}.elementor-widget-text-editor:not(.elementor-drop-cap-view-default) .elementor-drop-cap{margin-top:8px}.elementor-widget-text-editor:not(.elementor-drop-cap-view-default) .elementor-drop-cap-letter{width:1em;height:1em}.elementor-widget-text-editor .elementor-drop-cap{float:left;text-align:center;line-height:1;font-size:50px}.elementor-widget-text-editor .elementor-drop-cap-letter{display:inline-block}<\/style>\t\t\t\t<h3 class=\"product-item-title\">Fonctionnement<\/h3>\n<p>Alimentation des r\u00e9cipients par un ruban convoyeur et un dispositif pour leur positionnement sous les vannes doseuses avec une vis sans fin en polyz\u00e8ne et des supports de r\u00e9glage selon le diam\u00e8tre des r\u00e9cipients. Apr\u00e8s le remplissage les r\u00e9cipients sont convoy\u00e9s par le m\u00eame ruban aux machines suivantes.<\/p>\n<p>Les pistons doseurs, int\u00e9gr\u00e9s avec les actionneurs, ont une course pr\u00e9fix\u00e9e et r\u00e9gl\u00e9e \u00e9lectroniquement par le panneau operateur avec \u00e9cran <strong>LCD Touch Screen \u00e0 couleurs de 6\u201d<\/strong>. Ils font aspirer le produit du r\u00e9servoir et le poussent, par les vannes d\u00e9viatrices, aux deuxi\u00e8mes vannes \u00e0 immersion pour le remplissage du fond du r\u00e9cipient afin <strong>d\u2019\u00e9viter la possibilit\u00e9 de formation de boules d\u2019air dans le cas de produits visqueux<\/strong> (type mayonnaise, sauces denses, etc.) et \/ ou d&#8217; \u00e9claboussures dans le cas de produits liquides (jus de fruits, etc.). <\/p>\n<p>Les vannes \u00e0 immersion sont \u00e9quip\u00e9es d\u2019un dispositif qui permet de vider compl\u00e8tement les buses en \u00e9vitant que du produit reste en suspension. Les vannes effectuent le remplissage du fond et sont connect\u00e9es \u00e0 un actionneur m\u00e9canique actionn\u00e9 par un moteur brushless : ce syst\u00e8me permet de r\u00e9gler la vitesse de remont\u00e9e des vannes selon le type de produit\/r\u00e9cipient \u00e0 remplir. Le volume de remplissage est r\u00e9glable au moyen du panneau \u00e9lectrique selon les recettes pr\u00e9-ins\u00e9r\u00e9es et selon le format du r\u00e9cipient \u00e0 remplir. La pr\u00e9cision de remplissage peut \u00eatre perfectionn\u00e9e, si n\u00e9cessaire, en intervenant sur le panneau operateur m\u00eame <strong>avec la machine en mouvement.<\/strong>  <\/p>\n\t\t\t\t\t\t<\/div>\n\t\t\t\t<\/div>\n\t\t\t\t\t<\/div>\n\t\t\t\t<\/div>\n\t\t<div class=\"elementor-element elementor-element-7bffd7d e-flex e-con-boxed e-con e-parent\" data-id=\"7bffd7d\" data-element_type=\"container\">\n\t\t\t\t\t<div class=\"e-con-inner\">\n\t\t\t\t<div class=\"elementor-element elementor-element-a84dc14 elementor-widget elementor-widget-text-editor\" data-id=\"a84dc14\" data-element_type=\"widget\" data-widget_type=\"text-editor.default\">\n\t\t\t\t<div class=\"elementor-widget-container\">\n\t\t\t\t\t\t\t<h3 class=\"product-item-title\">Caract\u00e9ristiques de fabrication<\/h3>\n<ul>\n<li>Soubassement avec plaque de support en acier au carbone, structure et rev\u00eatement total avec porte d\u2019inspection en acier inox. <\/li>\n<li>Fabrication en acier inox <strong>AISI 304<\/strong>. Parties en contact avec le produit fabriqu\u00e9es en acier inox <strong>AISI 316<\/strong>, sauf le robinet qui est en mat\u00e9riel sp\u00e9cial apte au contact avec les produits alimentaires. <\/li>\n<li>R\u00e9servoir du produit \u00e0 berceau avec contr\u00f4le de niveau par sonde. <\/li>\n<li>Groupes doseurs compos\u00e9s de t\u00eates avec vannes d\u00e9viatrices et cylindres coaxiales avec leurs pistons et d\u2019actionneurs m\u00e9caniques actionn\u00e9s par des moteurs brushless ; dans le mod\u00e8le avec deux groupes doseurs leur <strong>hauteur est r\u00e9glable<\/strong> par un v\u00e9rin \u00e9lectrom\u00e9canique selon les dimensions des r\u00e9cipients. <\/li>\n<li><strong>Convoyeur avec cha\u00eene table top<\/strong> en acier inox mont\u00e9e sur des barres en mat\u00e9riel antifriction avec des guides de contenance r\u00e9glables. <\/li>\n<li>Une vis sans fin incluse pour un format de r\u00e9cipient. <\/li>\n<li>Panneau \u00e9lectrique de commande en acier inox. <\/li>\n<li><strong>Syst\u00e8me de protection de s\u00e9curit\u00e9<\/strong> selon les normes CE.<\/li>\n<\/ul>\n<p>Sur demande et selon le type de produit la machine peut \u00eatre fournie avec melangeur horizontal et \/ ou groupe dosage huile (pour &#8220;pesto alla Genovese&#8221;, pat\u00e9, etc. afin d&#8217;\u00e9viter l&#8217;oxydation du produit).<\/p>\n\t\t\t\t\t\t<\/div>\n\t\t\t\t<\/div>\n\t\t\t\t\t<\/div>\n\t\t\t\t<\/div>\n\t\t<div class=\"elementor-element elementor-element-c7ed517 e-flex e-con-boxed e-con e-parent\" data-id=\"c7ed517\" data-element_type=\"container\" data-settings=\"{&quot;background_background&quot;:&quot;classic&quot;}\">\n\t\t\t\t\t<div class=\"e-con-inner\">\n\t\t\t\t<div class=\"elementor-element elementor-element-116f8a5 elementor-widget elementor-widget-heading\" data-id=\"116f8a5\" data-element_type=\"widget\" data-widget_type=\"heading.default\">\n\t\t\t\t<div class=\"elementor-widget-container\">\n\t\t\t<style>\/*! elementor - v3.21.0 - 08-05-2024 *\/\n.elementor-heading-title{padding:0;margin:0;line-height:1}.elementor-widget-heading .elementor-heading-title[class*=elementor-size-]>a{color:inherit;font-size:inherit;line-height:inherit}.elementor-widget-heading .elementor-heading-title.elementor-size-small{font-size:15px}.elementor-widget-heading .elementor-heading-title.elementor-size-medium{font-size:19px}.elementor-widget-heading .elementor-heading-title.elementor-size-large{font-size:29px}.elementor-widget-heading .elementor-heading-title.elementor-size-xl{font-size:39px}.elementor-widget-heading .elementor-heading-title.elementor-size-xxl{font-size:59px}<\/style><h4 class=\"elementor-heading-title elementor-size-default\">Mod\u00e8les<\/h4>\t\t<\/div>\n\t\t\t\t<\/div>\n\t\t\t\t<div class=\"elementor-element elementor-element-d9120d9 elementor-widget elementor-widget-text-editor\" data-id=\"d9120d9\" data-element_type=\"widget\" data-widget_type=\"text-editor.default\">\n\t\t\t\t<div class=\"elementor-widget-container\">\n\t\t\t\t\t\t\t<p>La machine est disponible dans les mod\u00e8les suivants : <\/p>\n<ul>\n<li><strong>Mod. DVL2-UT <\/strong> (avec 2 groupes doseurs) pour une cadence de 4.500 r\u00e9cipients\/heure environ de 100 gr (produits denses et semi-denses) \/ 3.000 r\u00e9cipients\/heure environ de 100 gr (produits liquides).<\/li>\n<li><strong>Mod. DVL3-UT <\/strong> (avec 3 groupes doseurs) pour une cadence de 5.500 r\u00e9cipients\/heure environ de 100 gr (produits denses et semi-denses) \/ 4.000 r\u00e9cipients\/heure environ de 100 gr (produits liquides).<\/li>\n<li><strong>Mod. DVL4-UT <\/strong> (avec 4 groupes doseurs) pour une cadence de 6.500 r\u00e9cipients\/heure de 100 gr (produits denses et semi-denses) \/ 5.000 r\u00e9cipients\/heure environ de 100 gr (produits liquides).<\/li>\n<li><strong>Mod. DVL6-UT <\/strong> (avec 6 groupes doseurs) pour une cadence de 8.500 r\u00e9cipients\/heure de 100 gr (produits denses et semi-denses) \/ 6.000 r\u00e9cipients\/heure environ de 100 gr (produits liquides). <\/li>\n<li><strong>Mod. DVL8-UT <\/strong> (avec 8 groupes doseurs) pour une cadence de 9.500 r\u00e9cipients\/heure de 100 gr (produits denses et semi-denses) \/ 6.500 r\u00e9cipients\/heure environ de 100 gr (produits liquides).<\/li>\n<\/ul>\n\t\t\t\t\t\t<\/div>\n\t\t\t\t<\/div>\n\t\t\t\t\t<\/div>\n\t\t\t\t<\/div>\n\t\t<div class=\"elementor-element elementor-element-b862990 e-flex e-con-boxed e-con e-parent\" data-id=\"b862990\" data-element_type=\"container\" data-settings=\"{&quot;background_background&quot;:&quot;classic&quot;}\">\n\t\t\t\t\t<div class=\"e-con-inner\">\n\t\t\t\t<div class=\"elementor-element elementor-element-bb5a09f elementor-widget elementor-widget-heading\" data-id=\"bb5a09f\" data-element_type=\"widget\" data-widget_type=\"heading.default\">\n\t\t\t\t<div class=\"elementor-widget-container\">\n\t\t\t<h4 class=\"elementor-heading-title elementor-size-default\">Video<\/h4>\t\t<\/div>\n\t\t\t\t<\/div>\n\t\t\t\t<div class=\"elementor-element elementor-element-8326f34 elementor-widget elementor-widget-video\" data-id=\"8326f34\" data-element_type=\"widget\" data-settings=\"{&quot;youtube_url&quot;:&quot;https:\\\/\\\/youtu.be\\\/qGYJOXgGhEE&quot;,&quot;video_type&quot;:&quot;youtube&quot;,&quot;controls&quot;:&quot;yes&quot;}\" data-widget_type=\"video.default\">\n\t\t\t\t<div class=\"elementor-widget-container\">\n\t\t\t<style>\/*! elementor - v3.21.0 - 08-05-2024 *\/\n.elementor-widget-video .elementor-widget-container{overflow:hidden;transform:translateZ(0)}.elementor-widget-video .elementor-wrapper{aspect-ratio:var(--video-aspect-ratio)}.elementor-widget-video .elementor-wrapper iframe,.elementor-widget-video .elementor-wrapper video{height:100%;width:100%;display:flex;border:none;background-color:#000}@supports not (aspect-ratio:1\/1){.elementor-widget-video .elementor-wrapper{position:relative;overflow:hidden;height:0;padding-bottom:calc(100% \/ var(--video-aspect-ratio))}.elementor-widget-video .elementor-wrapper iframe,.elementor-widget-video .elementor-wrapper video{position:absolute;top:0;right:0;bottom:0;left:0}}.elementor-widget-video .elementor-open-inline .elementor-custom-embed-image-overlay{position:absolute;top:0;right:0;bottom:0;left:0;background-size:cover;background-position:50%}.elementor-widget-video .elementor-custom-embed-image-overlay{cursor:pointer;text-align:center}.elementor-widget-video .elementor-custom-embed-image-overlay:hover .elementor-custom-embed-play i{opacity:1}.elementor-widget-video .elementor-custom-embed-image-overlay img{display:block;width:100%;aspect-ratio:var(--video-aspect-ratio);-o-object-fit:cover;object-fit:cover;-o-object-position:center center;object-position:center center}@supports not (aspect-ratio:1\/1){.elementor-widget-video .elementor-custom-embed-image-overlay{position:relative;overflow:hidden;height:0;padding-bottom:calc(100% \/ var(--video-aspect-ratio))}.elementor-widget-video .elementor-custom-embed-image-overlay img{position:absolute;top:0;right:0;bottom:0;left:0}}.elementor-widget-video .e-hosted-video .elementor-video{-o-object-fit:cover;object-fit:cover}.e-con-inner>.elementor-widget-video,.e-con>.elementor-widget-video{width:var(--container-widget-width);--flex-grow:var(--container-widget-flex-grow)}<\/style>\t\t<div class=\"elementor-wrapper elementor-open-inline\">\n\t\t\t<div class=\"elementor-video\"><\/div>\t\t<\/div>\n\t\t\t\t<\/div>\n\t\t\t\t<\/div>\n\t\t\t\t\t<\/div>\n\t\t\t\t<\/div>\n\t\t\t\t<\/div>\n\t\t","protected":false},"excerpt":{"rendered":"<p>Machine apte au <strong>remplissage de r\u00e9cipients en verre, m\u00e9tal ou PET<\/strong> avec des <strong>produits denses et semi-denses<\/strong> (sauces, cr\u00e8mes, pat\u00e8, \u201cpesto alla Genovese\u201d, mayonnaise, sauce de tomate, moutarde, confitures, miel, etc.). <\/p>\n<p><a class=\"pulsanterosso\" href=\"#caratteristiche\">Caract\u00e9ristiques techniques<\/a><\/p>\n","protected":false},"featured_media":9121,"template":"","meta":{"inline_featured_image":false},"product_cat":[120],"product_tag":[],"class_list":{"0":"post-10615","1":"product","2":"type-product","3":"status-publish","4":"has-post-thumbnail","6":"product_cat-doseuses-lineaires-et-rotatives","7":"pa_applicazione-produits-denses-et-semi-denses","8":"pa_funzionamento-automatique","9":"pa_settore-alimentaire","10":"pa_settore-chimie-et-engrais","11":"pa_settore-cosmetique-et-detergence-fr","13":"first","14":"instock","15":"shipping-taxable","16":"product-type-simple"},"yoast_head":"<!-- This site is optimized with the Yoast SEO plugin v22.7 - https:\/\/yoast.com\/wordpress\/plugins\/seo\/ -->\n<title>Doseuse volumetrique automatique lineaire mod. DVL-UT | STV Machinery<\/title>\n<meta name=\"description\" content=\"Doseuse volumetrique automatique lineaire apte au remplissage de r\u00e9cipients en verre, m\u00e9tal ou PET avec des produits denses et semi-denses.\" \/>\n<meta name=\"robots\" content=\"index, follow, max-snippet:-1, max-image-preview:large, max-video-preview:-1\" \/>\n<link rel=\"canonical\" href=\"https:\/\/www.stvmachinery.it\/fr\/macchinari\/doseuses-lineaires-et-rotatives\/doseuse-volumetrique-automatique-lineaire-mod-dvl-ut-avec-vannes-a-immersion\/\" \/>\n<meta property=\"og:locale\" content=\"fr_FR\" \/>\n<meta property=\"og:type\" content=\"article\" \/>\n<meta property=\"og:title\" content=\"Doseuse volumetrique automatique lineaire mod. DVL-UT | STV Machinery\" \/>\n<meta property=\"og:description\" content=\"Doseuse volumetrique automatique lineaire apte au remplissage de r\u00e9cipients en verre, m\u00e9tal ou PET avec des produits denses et semi-denses.\" \/>\n<meta property=\"og:url\" content=\"https:\/\/www.stvmachinery.it\/fr\/macchinari\/doseuses-lineaires-et-rotatives\/doseuse-volumetrique-automatique-lineaire-mod-dvl-ut-avec-vannes-a-immersion\/\" \/>\n<meta property=\"og:site_name\" content=\"STV Machinery\" \/>\n<meta property=\"article:modified_time\" content=\"2025-11-24T14:34:44+00:00\" \/>\n<meta property=\"og:image\" content=\"https:\/\/www.stvmachinery.it\/wp-content\/uploads\/2024\/03\/Dosatore-Volumetrico-Lineare-Mod.-DVL-UT.webp\" \/>\n\t<meta property=\"og:image:width\" content=\"1200\" \/>\n\t<meta property=\"og:image:height\" content=\"1200\" \/>\n\t<meta property=\"og:image:type\" content=\"image\/webp\" \/>\n<meta name=\"twitter:card\" content=\"summary_large_image\" \/>\n<meta name=\"twitter:label1\" content=\"Dur\u00e9e de lecture estim\u00e9e\" \/>\n\t<meta name=\"twitter:data1\" content=\"4 minutes\" \/>\n<script type=\"application\/ld+json\" class=\"yoast-schema-graph\">{\"@context\":\"https:\/\/schema.org\",\"@graph\":[{\"@type\":\"WebPage\",\"@id\":\"https:\/\/www.stvmachinery.it\/fr\/macchinari\/doseuses-lineaires-et-rotatives\/doseuse-volumetrique-automatique-lineaire-mod-dvl-ut-avec-vannes-a-immersion\/\",\"url\":\"https:\/\/www.stvmachinery.it\/fr\/macchinari\/doseuses-lineaires-et-rotatives\/doseuse-volumetrique-automatique-lineaire-mod-dvl-ut-avec-vannes-a-immersion\/\",\"name\":\"Doseuse volumetrique automatique lineaire mod. DVL-UT | STV Machinery\",\"isPartOf\":{\"@id\":\"https:\/\/www.stvmachinery.it\/fr\/#website\"},\"primaryImageOfPage\":{\"@id\":\"https:\/\/www.stvmachinery.it\/fr\/macchinari\/doseuses-lineaires-et-rotatives\/doseuse-volumetrique-automatique-lineaire-mod-dvl-ut-avec-vannes-a-immersion\/#primaryimage\"},\"image\":{\"@id\":\"https:\/\/www.stvmachinery.it\/fr\/macchinari\/doseuses-lineaires-et-rotatives\/doseuse-volumetrique-automatique-lineaire-mod-dvl-ut-avec-vannes-a-immersion\/#primaryimage\"},\"thumbnailUrl\":\"https:\/\/www.stvmachinery.it\/wp-content\/uploads\/2024\/03\/Dosatore-Volumetrico-Lineare-Mod.-DVL-UT.webp\",\"datePublished\":\"2024-03-22T09:46:59+00:00\",\"dateModified\":\"2025-11-24T14:34:44+00:00\",\"description\":\"Doseuse volumetrique automatique lineaire apte au remplissage de r\u00e9cipients en verre, m\u00e9tal ou PET avec des produits denses et semi-denses.\",\"breadcrumb\":{\"@id\":\"https:\/\/www.stvmachinery.it\/fr\/macchinari\/doseuses-lineaires-et-rotatives\/doseuse-volumetrique-automatique-lineaire-mod-dvl-ut-avec-vannes-a-immersion\/#breadcrumb\"},\"inLanguage\":\"fr-FR\",\"potentialAction\":[{\"@type\":\"ReadAction\",\"target\":[\"https:\/\/www.stvmachinery.it\/fr\/macchinari\/doseuses-lineaires-et-rotatives\/doseuse-volumetrique-automatique-lineaire-mod-dvl-ut-avec-vannes-a-immersion\/\"]}]},{\"@type\":\"ImageObject\",\"inLanguage\":\"fr-FR\",\"@id\":\"https:\/\/www.stvmachinery.it\/fr\/macchinari\/doseuses-lineaires-et-rotatives\/doseuse-volumetrique-automatique-lineaire-mod-dvl-ut-avec-vannes-a-immersion\/#primaryimage\",\"url\":\"https:\/\/www.stvmachinery.it\/wp-content\/uploads\/2024\/03\/Dosatore-Volumetrico-Lineare-Mod.-DVL-UT.webp\",\"contentUrl\":\"https:\/\/www.stvmachinery.it\/wp-content\/uploads\/2024\/03\/Dosatore-Volumetrico-Lineare-Mod.-DVL-UT.webp\",\"width\":1200,\"height\":1200},{\"@type\":\"BreadcrumbList\",\"@id\":\"https:\/\/www.stvmachinery.it\/fr\/macchinari\/doseuses-lineaires-et-rotatives\/doseuse-volumetrique-automatique-lineaire-mod-dvl-ut-avec-vannes-a-immersion\/#breadcrumb\",\"itemListElement\":[{\"@type\":\"ListItem\",\"position\":1,\"name\":\"Home\",\"item\":\"https:\/\/www.stvmachinery.it\/fr\/stv-machinery\/\"},{\"@type\":\"ListItem\",\"position\":2,\"name\":\"Machines\",\"item\":\"https:\/\/www.stvmachinery.it\/fr\/machines\/\"},{\"@type\":\"ListItem\",\"position\":3,\"name\":\"Doseuse volumetrique automatique lineaire mod. DVL-UT avec vannes \u00e0 immersion\"}]},{\"@type\":\"WebSite\",\"@id\":\"https:\/\/www.stvmachinery.it\/fr\/#website\",\"url\":\"https:\/\/www.stvmachinery.it\/fr\/\",\"name\":\"STV Machinery\",\"description\":\"Macchine ed impianti per l\u2019industria agroalimentare e conserviera\",\"publisher\":{\"@id\":\"https:\/\/www.stvmachinery.it\/fr\/#organization\"},\"potentialAction\":[{\"@type\":\"SearchAction\",\"target\":{\"@type\":\"EntryPoint\",\"urlTemplate\":\"https:\/\/www.stvmachinery.it\/fr\/?s={search_term_string}\"},\"query-input\":\"required name=search_term_string\"}],\"inLanguage\":\"fr-FR\"},{\"@type\":\"Organization\",\"@id\":\"https:\/\/www.stvmachinery.it\/fr\/#organization\",\"name\":\"S.T.V. di Salati Giovanni & C. \u2013 S.n.c.\",\"alternateName\":\"STV Machinery\",\"url\":\"https:\/\/www.stvmachinery.it\/fr\/\",\"logo\":{\"@type\":\"ImageObject\",\"inLanguage\":\"fr-FR\",\"@id\":\"https:\/\/www.stvmachinery.it\/fr\/#\/schema\/logo\/image\/\",\"url\":\"https:\/\/www.stvmachinery.it\/wp-content\/uploads\/2021\/06\/stv-machinery-logo-positivo.png\",\"contentUrl\":\"https:\/\/www.stvmachinery.it\/wp-content\/uploads\/2021\/06\/stv-machinery-logo-positivo.png\",\"width\":481,\"height\":233,\"caption\":\"S.T.V. di Salati Giovanni & C. \u2013 S.n.c.\"},\"image\":{\"@id\":\"https:\/\/www.stvmachinery.it\/fr\/#\/schema\/logo\/image\/\"},\"sameAs\":[\"https:\/\/it.linkedin.com\/company\/stv-machinery\",\"https:\/\/www.youtube.com\/channel\/UCceMPa8POjTOmZeA2_KUoeg\"]}]}<\/script>\n<!-- \/ Yoast SEO plugin. -->","yoast_head_json":{"title":"Doseuse volumetrique automatique lineaire mod. DVL-UT | STV Machinery","description":"Doseuse volumetrique automatique lineaire apte au remplissage de r\u00e9cipients en verre, m\u00e9tal ou PET avec des produits denses et semi-denses.","robots":{"index":"index","follow":"follow","max-snippet":"max-snippet:-1","max-image-preview":"max-image-preview:large","max-video-preview":"max-video-preview:-1"},"canonical":"https:\/\/www.stvmachinery.it\/fr\/macchinari\/doseuses-lineaires-et-rotatives\/doseuse-volumetrique-automatique-lineaire-mod-dvl-ut-avec-vannes-a-immersion\/","og_locale":"fr_FR","og_type":"article","og_title":"Doseuse volumetrique automatique lineaire mod. DVL-UT | STV Machinery","og_description":"Doseuse volumetrique automatique lineaire apte au remplissage de r\u00e9cipients en verre, m\u00e9tal ou PET avec des produits denses et semi-denses.","og_url":"https:\/\/www.stvmachinery.it\/fr\/macchinari\/doseuses-lineaires-et-rotatives\/doseuse-volumetrique-automatique-lineaire-mod-dvl-ut-avec-vannes-a-immersion\/","og_site_name":"STV Machinery","article_modified_time":"2025-11-24T14:34:44+00:00","og_image":[{"width":1200,"height":1200,"url":"https:\/\/www.stvmachinery.it\/wp-content\/uploads\/2024\/03\/Dosatore-Volumetrico-Lineare-Mod.-DVL-UT.webp","type":"image\/webp"}],"twitter_card":"summary_large_image","twitter_misc":{"Dur\u00e9e de lecture estim\u00e9e":"4 minutes"},"schema":{"@context":"https:\/\/schema.org","@graph":[{"@type":"WebPage","@id":"https:\/\/www.stvmachinery.it\/fr\/macchinari\/doseuses-lineaires-et-rotatives\/doseuse-volumetrique-automatique-lineaire-mod-dvl-ut-avec-vannes-a-immersion\/","url":"https:\/\/www.stvmachinery.it\/fr\/macchinari\/doseuses-lineaires-et-rotatives\/doseuse-volumetrique-automatique-lineaire-mod-dvl-ut-avec-vannes-a-immersion\/","name":"Doseuse volumetrique automatique lineaire mod. DVL-UT | STV Machinery","isPartOf":{"@id":"https:\/\/www.stvmachinery.it\/fr\/#website"},"primaryImageOfPage":{"@id":"https:\/\/www.stvmachinery.it\/fr\/macchinari\/doseuses-lineaires-et-rotatives\/doseuse-volumetrique-automatique-lineaire-mod-dvl-ut-avec-vannes-a-immersion\/#primaryimage"},"image":{"@id":"https:\/\/www.stvmachinery.it\/fr\/macchinari\/doseuses-lineaires-et-rotatives\/doseuse-volumetrique-automatique-lineaire-mod-dvl-ut-avec-vannes-a-immersion\/#primaryimage"},"thumbnailUrl":"https:\/\/www.stvmachinery.it\/wp-content\/uploads\/2024\/03\/Dosatore-Volumetrico-Lineare-Mod.-DVL-UT.webp","datePublished":"2024-03-22T09:46:59+00:00","dateModified":"2025-11-24T14:34:44+00:00","description":"Doseuse volumetrique automatique lineaire apte au remplissage de r\u00e9cipients en verre, m\u00e9tal ou PET avec des produits denses et semi-denses.","breadcrumb":{"@id":"https:\/\/www.stvmachinery.it\/fr\/macchinari\/doseuses-lineaires-et-rotatives\/doseuse-volumetrique-automatique-lineaire-mod-dvl-ut-avec-vannes-a-immersion\/#breadcrumb"},"inLanguage":"fr-FR","potentialAction":[{"@type":"ReadAction","target":["https:\/\/www.stvmachinery.it\/fr\/macchinari\/doseuses-lineaires-et-rotatives\/doseuse-volumetrique-automatique-lineaire-mod-dvl-ut-avec-vannes-a-immersion\/"]}]},{"@type":"ImageObject","inLanguage":"fr-FR","@id":"https:\/\/www.stvmachinery.it\/fr\/macchinari\/doseuses-lineaires-et-rotatives\/doseuse-volumetrique-automatique-lineaire-mod-dvl-ut-avec-vannes-a-immersion\/#primaryimage","url":"https:\/\/www.stvmachinery.it\/wp-content\/uploads\/2024\/03\/Dosatore-Volumetrico-Lineare-Mod.-DVL-UT.webp","contentUrl":"https:\/\/www.stvmachinery.it\/wp-content\/uploads\/2024\/03\/Dosatore-Volumetrico-Lineare-Mod.-DVL-UT.webp","width":1200,"height":1200},{"@type":"BreadcrumbList","@id":"https:\/\/www.stvmachinery.it\/fr\/macchinari\/doseuses-lineaires-et-rotatives\/doseuse-volumetrique-automatique-lineaire-mod-dvl-ut-avec-vannes-a-immersion\/#breadcrumb","itemListElement":[{"@type":"ListItem","position":1,"name":"Home","item":"https:\/\/www.stvmachinery.it\/fr\/stv-machinery\/"},{"@type":"ListItem","position":2,"name":"Machines","item":"https:\/\/www.stvmachinery.it\/fr\/machines\/"},{"@type":"ListItem","position":3,"name":"Doseuse volumetrique automatique lineaire mod. DVL-UT avec vannes \u00e0 immersion"}]},{"@type":"WebSite","@id":"https:\/\/www.stvmachinery.it\/fr\/#website","url":"https:\/\/www.stvmachinery.it\/fr\/","name":"STV Machinery","description":"Macchine ed impianti per l\u2019industria agroalimentare e conserviera","publisher":{"@id":"https:\/\/www.stvmachinery.it\/fr\/#organization"},"potentialAction":[{"@type":"SearchAction","target":{"@type":"EntryPoint","urlTemplate":"https:\/\/www.stvmachinery.it\/fr\/?s={search_term_string}"},"query-input":"required name=search_term_string"}],"inLanguage":"fr-FR"},{"@type":"Organization","@id":"https:\/\/www.stvmachinery.it\/fr\/#organization","name":"S.T.V. di Salati Giovanni & C. \u2013 S.n.c.","alternateName":"STV Machinery","url":"https:\/\/www.stvmachinery.it\/fr\/","logo":{"@type":"ImageObject","inLanguage":"fr-FR","@id":"https:\/\/www.stvmachinery.it\/fr\/#\/schema\/logo\/image\/","url":"https:\/\/www.stvmachinery.it\/wp-content\/uploads\/2021\/06\/stv-machinery-logo-positivo.png","contentUrl":"https:\/\/www.stvmachinery.it\/wp-content\/uploads\/2021\/06\/stv-machinery-logo-positivo.png","width":481,"height":233,"caption":"S.T.V. di Salati Giovanni & C. \u2013 S.n.c."},"image":{"@id":"https:\/\/www.stvmachinery.it\/fr\/#\/schema\/logo\/image\/"},"sameAs":["https:\/\/it.linkedin.com\/company\/stv-machinery","https:\/\/www.youtube.com\/channel\/UCceMPa8POjTOmZeA2_KUoeg"]}]}},"_links":{"self":[{"href":"https:\/\/www.stvmachinery.it\/fr\/wp-json\/wp\/v2\/product\/10615","targetHints":{"allow":["GET"]}}],"collection":[{"href":"https:\/\/www.stvmachinery.it\/fr\/wp-json\/wp\/v2\/product"}],"about":[{"href":"https:\/\/www.stvmachinery.it\/fr\/wp-json\/wp\/v2\/types\/product"}],"version-history":[{"count":7,"href":"https:\/\/www.stvmachinery.it\/fr\/wp-json\/wp\/v2\/product\/10615\/revisions"}],"predecessor-version":[{"id":11334,"href":"https:\/\/www.stvmachinery.it\/fr\/wp-json\/wp\/v2\/product\/10615\/revisions\/11334"}],"wp:featuredmedia":[{"embeddable":true,"href":"https:\/\/www.stvmachinery.it\/fr\/wp-json\/wp\/v2\/media\/9121"}],"wp:attachment":[{"href":"https:\/\/www.stvmachinery.it\/fr\/wp-json\/wp\/v2\/media?parent=10615"}],"wp:term":[{"taxonomy":"product_cat","embeddable":true,"href":"https:\/\/www.stvmachinery.it\/fr\/wp-json\/wp\/v2\/product_cat?post=10615"},{"taxonomy":"product_tag","embeddable":true,"href":"https:\/\/www.stvmachinery.it\/fr\/wp-json\/wp\/v2\/product_tag?post=10615"}],"curies":[{"name":"wp","href":"https:\/\/api.w.org\/{rel}","templated":true}]}}