{"id":10619,"date":"2024-03-22T14:30:08","date_gmt":"2024-03-22T13:30:08","guid":{"rendered":"https:\/\/www.stvmachinery.it\/macchinari\/non%20class\u00e9\/doseuse-volumetrique-automatique-lineaire-mod-dvl\/"},"modified":"2025-11-24T15:19:52","modified_gmt":"2025-11-24T14:19:52","slug":"doseuse-volumetrique-automatique-lineaire-mod-dvl","status":"publish","type":"product","link":"https:\/\/www.stvmachinery.it\/fr\/macchinari\/doseuses-lineaires-et-rotatives\/doseuse-volumetrique-automatique-lineaire-mod-dvl\/","title":{"rendered":"Doseuse volumetrique automatique lineaire Mod. DVL"},"content":{"rendered":"\t\t<div data-elementor-type=\"product-post\" data-elementor-id=\"10619\" class=\"elementor elementor-10619 elementor-8428\" data-elementor-post-type=\"product\">\n\t\t\t\t<div class=\"elementor-element elementor-element-46a5c91 e-flex e-con-boxed e-con e-parent\" data-id=\"46a5c91\" data-element_type=\"container\" id=\"caratteristiche\">\n\t\t\t\t\t<div class=\"e-con-inner\">\n\t\t\t\t<div class=\"elementor-element elementor-element-7aea20b elementor-widget elementor-widget-text-editor\" data-id=\"7aea20b\" data-element_type=\"widget\" data-widget_type=\"text-editor.default\">\n\t\t\t\t<div class=\"elementor-widget-container\">\n\t\t\t<style>\/*! elementor - v3.21.0 - 08-05-2024 *\/\n.elementor-widget-text-editor.elementor-drop-cap-view-stacked .elementor-drop-cap{background-color:#69727d;color:#fff}.elementor-widget-text-editor.elementor-drop-cap-view-framed .elementor-drop-cap{color:#69727d;border:3px solid;background-color:transparent}.elementor-widget-text-editor:not(.elementor-drop-cap-view-default) .elementor-drop-cap{margin-top:8px}.elementor-widget-text-editor:not(.elementor-drop-cap-view-default) .elementor-drop-cap-letter{width:1em;height:1em}.elementor-widget-text-editor .elementor-drop-cap{float:left;text-align:center;line-height:1;font-size:50px}.elementor-widget-text-editor .elementor-drop-cap-letter{display:inline-block}<\/style>\t\t\t\t<h3 class=\"product-item-title\">Fonctionnement<\/h3>\n<p>Le cylindre pneumatique \u00e0 double effet, solidaire au piston doseur qui a une course pr\u00e9d\u00e9termin\u00e9e, fait aspirer le produit du r\u00e9servoir et le pousse dans le r\u00e9cipient par la vanne d\u00e9viatrice.<\/p>\n<p>Le volume de remplissage est r\u00e9glable par un <strong>volant sp\u00e9cial<\/strong>. Le groupe doseur est <strong>r\u00e9glable en hauteur<\/strong> selon l&#8217;hauteur des r\u00e9cipients par un v\u00e9rin avec volant. Apr\u00e8s la mise en marche et les r\u00e9glages n\u00e9cessaires la machine <strong>ne n\u00e9cessite pas de l\u2019assistance de l\u2019op\u00e9rateur.<\/strong><\/p>\n\t\t\t\t\t\t<\/div>\n\t\t\t\t<\/div>\n\t\t\t\t\t<\/div>\n\t\t\t\t<\/div>\n\t\t<div class=\"elementor-element elementor-element-7bffd7d e-flex e-con-boxed e-con e-parent\" data-id=\"7bffd7d\" data-element_type=\"container\">\n\t\t\t\t\t<div class=\"e-con-inner\">\n\t\t\t\t<div class=\"elementor-element elementor-element-a84dc14 elementor-widget elementor-widget-text-editor\" data-id=\"a84dc14\" data-element_type=\"widget\" data-widget_type=\"text-editor.default\">\n\t\t\t\t<div class=\"elementor-widget-container\">\n\t\t\t\t\t\t\t<h3 class=\"product-item-title\">Caract\u00e9ristiques de fabrication<\/h3>\n<ul>\n<li>Soubassement avec plaque de support en acier au carbone, structure et rev\u00eatement total avec porte d\u2019inspection en <strong>acier inox. <\/strong> <\/li>\n<li>Alimentation par convoyeur \u00e0 bande et groupe de positionnement des conteneurs sous les vannes de dosage (\u00e0 partir du mod\u00e8le \u00e9quip\u00e9 de 2 vannes, il est n\u00e9cessaire d&#8217;avoir une vis sans fin en polyz\u00e8ne pour chaque format diff\u00e9rent de conteneur, une est fournie avec la machine).<\/li>\n<li><strong>Groupe\/s doseur\/s<\/strong> compos\u00e9\/s par un cylindre coaxiale pour le produit avec son piston pneumatique et par une t\u00eate avec vanne d\u00e9viatrice.<\/li>\n<li><strong>R\u00e9servoir du produit<\/strong> avec sonde pour le contr\u00f4le de niveau (dans les mod\u00e8les DVL1 et DVL2 le r\u00e9servoir est vertical, dans les mod\u00e8les DVL3 et DVL4 il est \u00e0 berceau).<\/li>\n<li><strong>Convoyeur<\/strong> avec cha\u00eene table top en acier inox mont\u00e9e sur des barres de mat\u00e9riel antifriction avec des guides de contenance r\u00e9glables.<\/li>\n<li><strong>Panneau \u00e9lectrique de commande<\/strong> en acier inox. <\/li>\n<li><strong>Syst\u00e8me de protection de s\u00e9curit\u00e9<\/strong> selon les normes CE.<\/li>\n<li>Fabrication en <strong>acier inox AISI 304<\/strong> sauf quelques parties qui sont en mat\u00e9riel diff\u00e9rent apte \u00e0 leur bon fonctionnement.<\/li>\n<\/ul>\n<p>Sur demande et selon le type de produit la machine peut \u00eatre fournie avec <strong>melangeur et \/ ou groupe dosage huile<\/strong> (pour &#8220;pesto alla Genovese&#8221;, pat\u00e9, etc. afin d&#8217;\u00e9viter l&#8217;oxydation).<\/p>\n\t\t\t\t\t\t<\/div>\n\t\t\t\t<\/div>\n\t\t\t\t\t<\/div>\n\t\t\t\t<\/div>\n\t\t<div class=\"elementor-element elementor-element-c7ed517 e-flex e-con-boxed e-con e-parent\" data-id=\"c7ed517\" data-element_type=\"container\" data-settings=\"{&quot;background_background&quot;:&quot;classic&quot;}\">\n\t\t\t\t\t<div class=\"e-con-inner\">\n\t\t\t\t<div class=\"elementor-element elementor-element-116f8a5 elementor-widget elementor-widget-heading\" data-id=\"116f8a5\" data-element_type=\"widget\" data-widget_type=\"heading.default\">\n\t\t\t\t<div class=\"elementor-widget-container\">\n\t\t\t<style>\/*! elementor - v3.21.0 - 08-05-2024 *\/\n.elementor-heading-title{padding:0;margin:0;line-height:1}.elementor-widget-heading .elementor-heading-title[class*=elementor-size-]>a{color:inherit;font-size:inherit;line-height:inherit}.elementor-widget-heading .elementor-heading-title.elementor-size-small{font-size:15px}.elementor-widget-heading .elementor-heading-title.elementor-size-medium{font-size:19px}.elementor-widget-heading .elementor-heading-title.elementor-size-large{font-size:29px}.elementor-widget-heading .elementor-heading-title.elementor-size-xl{font-size:39px}.elementor-widget-heading .elementor-heading-title.elementor-size-xxl{font-size:59px}<\/style><h4 class=\"elementor-heading-title elementor-size-default\">Mod\u00e8les<\/h4>\t\t<\/div>\n\t\t\t\t<\/div>\n\t\t\t\t<div class=\"elementor-element elementor-element-d9120d9 elementor-widget elementor-widget-text-editor\" data-id=\"d9120d9\" data-element_type=\"widget\" data-widget_type=\"text-editor.default\">\n\t\t\t\t<div class=\"elementor-widget-container\">\n\t\t\t\t\t\t\t<p>La machine est disponible dans les mod\u00e8les suivants : <\/p>\n<ul>\n<li><strong>Mod. DVL1 <\/strong> (avec 1 groupe doseur) pour une cadence de 1.600 r\u00e9cipients\/heure de 100 gr<\/li>\n<li><strong>Mod. DVL2 <\/strong> (avec 2 groupes doseurs) pour une cadence de 3.500 r\u00e9cipients\/heure de 100 gr<\/li>\n<li><strong>Mod. DVL3 <\/strong> (avec 3 groupes doseurs) pour une cadence de 4.500 r\u00e9cipients\/heure de 100 gr<\/li>\n<li><strong>Mod. DVL4 <\/strong> (avec 4 groupes doseurs) pour une cadence de 5.500 r\u00e9cipients\/heure de 100 gr<\/li>\n<\/ul>\n\t\t\t\t\t\t<\/div>\n\t\t\t\t<\/div>\n\t\t\t\t\t<\/div>\n\t\t\t\t<\/div>\n\t\t<div class=\"elementor-element elementor-element-b862990 e-flex e-con-boxed e-con e-parent\" data-id=\"b862990\" data-element_type=\"container\" data-settings=\"{&quot;background_background&quot;:&quot;classic&quot;}\">\n\t\t\t\t\t<div class=\"e-con-inner\">\n\t\t\t\t<div class=\"elementor-element elementor-element-bb5a09f elementor-widget elementor-widget-heading\" data-id=\"bb5a09f\" data-element_type=\"widget\" data-widget_type=\"heading.default\">\n\t\t\t\t<div class=\"elementor-widget-container\">\n\t\t\t<h4 class=\"elementor-heading-title elementor-size-default\">Video<\/h4>\t\t<\/div>\n\t\t\t\t<\/div>\n\t\t\t\t<div class=\"elementor-element elementor-element-8326f34 elementor-widget elementor-widget-video\" data-id=\"8326f34\" data-element_type=\"widget\" data-settings=\"{&quot;youtube_url&quot;:&quot;https:\\\/\\\/youtu.be\\\/Z18hUlg5i8s&quot;,&quot;video_type&quot;:&quot;youtube&quot;,&quot;controls&quot;:&quot;yes&quot;}\" data-widget_type=\"video.default\">\n\t\t\t\t<div class=\"elementor-widget-container\">\n\t\t\t<style>\/*! elementor - v3.21.0 - 08-05-2024 *\/\n.elementor-widget-video .elementor-widget-container{overflow:hidden;transform:translateZ(0)}.elementor-widget-video .elementor-wrapper{aspect-ratio:var(--video-aspect-ratio)}.elementor-widget-video .elementor-wrapper iframe,.elementor-widget-video .elementor-wrapper video{height:100%;width:100%;display:flex;border:none;background-color:#000}@supports not (aspect-ratio:1\/1){.elementor-widget-video .elementor-wrapper{position:relative;overflow:hidden;height:0;padding-bottom:calc(100% \/ var(--video-aspect-ratio))}.elementor-widget-video .elementor-wrapper iframe,.elementor-widget-video .elementor-wrapper video{position:absolute;top:0;right:0;bottom:0;left:0}}.elementor-widget-video .elementor-open-inline .elementor-custom-embed-image-overlay{position:absolute;top:0;right:0;bottom:0;left:0;background-size:cover;background-position:50%}.elementor-widget-video .elementor-custom-embed-image-overlay{cursor:pointer;text-align:center}.elementor-widget-video .elementor-custom-embed-image-overlay:hover .elementor-custom-embed-play i{opacity:1}.elementor-widget-video .elementor-custom-embed-image-overlay img{display:block;width:100%;aspect-ratio:var(--video-aspect-ratio);-o-object-fit:cover;object-fit:cover;-o-object-position:center center;object-position:center center}@supports not (aspect-ratio:1\/1){.elementor-widget-video .elementor-custom-embed-image-overlay{position:relative;overflow:hidden;height:0;padding-bottom:calc(100% \/ var(--video-aspect-ratio))}.elementor-widget-video .elementor-custom-embed-image-overlay img{position:absolute;top:0;right:0;bottom:0;left:0}}.elementor-widget-video .e-hosted-video .elementor-video{-o-object-fit:cover;object-fit:cover}.e-con-inner>.elementor-widget-video,.e-con>.elementor-widget-video{width:var(--container-widget-width);--flex-grow:var(--container-widget-flex-grow)}<\/style>\t\t<div class=\"elementor-wrapper elementor-open-inline\">\n\t\t\t<div class=\"elementor-video\"><\/div>\t\t<\/div>\n\t\t\t\t<\/div>\n\t\t\t\t<\/div>\n\t\t\t\t\t<\/div>\n\t\t\t\t<\/div>\n\t\t\t\t<\/div>\n\t\t","protected":false},"excerpt":{"rendered":"<p>Machine apte au remplissage de <b>r\u00e9cipients en verre, m\u00e9tal ou PET<\/b> avec des <b>produits denses et semi-denses<\/b> (sauces, cr\u00e8mes, pat\u00e8, \u201cpesto alla Genovese\u201d, mayonnaise, sauce de tomate, moutarde, confitures, miel, etc.) contenant aussi des petits moreceaux.<\/p>\n<p><a class=\"pulsanterosso\" href=\"#caratteristiche\">Caract\u00e9ristiques techniques<\/a><\/p>\n","protected":false},"featured_media":9145,"template":"","meta":{"inline_featured_image":false},"product_cat":[120],"product_tag":[],"class_list":{"0":"post-10619","1":"product","2":"type-product","3":"status-publish","4":"has-post-thumbnail","6":"product_cat-doseuses-lineaires-et-rotatives","7":"pa_applicazione-produits-denses-et-semi-denses","8":"pa_funzionamento-automatique","9":"pa_settore-alimentaire","10":"pa_settore-chimie-et-engrais","11":"pa_settore-cosmetique-et-detergence-fr","13":"first","14":"instock","15":"shipping-taxable","16":"product-type-simple"},"yoast_head":"<!-- This site is optimized with the Yoast SEO plugin v22.7 - https:\/\/yoast.com\/wordpress\/plugins\/seo\/ -->\n<title>Doseuse volumetrique automatique lineaire Mod. DVL | STV Machinery<\/title>\n<meta name=\"description\" content=\"Le doseur volum\u00e9trique automatique est une machine adapt\u00e9e au remplissage de produits denses et semi-denses dans des contenants, pour des petites et moyennes productions.\" \/>\n<meta name=\"robots\" content=\"index, follow, max-snippet:-1, max-image-preview:large, max-video-preview:-1\" \/>\n<link rel=\"canonical\" href=\"https:\/\/www.stvmachinery.it\/fr\/macchinari\/doseuses-lineaires-et-rotatives\/doseuse-volumetrique-automatique-lineaire-mod-dvl\/\" \/>\n<meta property=\"og:locale\" content=\"fr_FR\" \/>\n<meta property=\"og:type\" content=\"article\" \/>\n<meta property=\"og:title\" content=\"Doseuse volumetrique automatique lineaire Mod. DVL | STV Machinery\" \/>\n<meta property=\"og:description\" content=\"Le doseur volum\u00e9trique automatique est une machine adapt\u00e9e au remplissage de produits denses et semi-denses dans des contenants, pour des petites et moyennes productions.\" \/>\n<meta property=\"og:url\" content=\"https:\/\/www.stvmachinery.it\/fr\/macchinari\/doseuses-lineaires-et-rotatives\/doseuse-volumetrique-automatique-lineaire-mod-dvl\/\" \/>\n<meta property=\"og:site_name\" content=\"STV Machinery\" \/>\n<meta property=\"article:modified_time\" content=\"2025-11-24T14:19:52+00:00\" \/>\n<meta property=\"og:image\" content=\"https:\/\/www.stvmachinery.it\/wp-content\/uploads\/2024\/03\/dosatore-automatico-lineare.webp\" \/>\n\t<meta property=\"og:image:width\" content=\"1200\" \/>\n\t<meta property=\"og:image:height\" content=\"1200\" \/>\n\t<meta property=\"og:image:type\" content=\"image\/webp\" \/>\n<meta name=\"twitter:card\" content=\"summary_large_image\" \/>\n<meta name=\"twitter:label1\" content=\"Dur\u00e9e de lecture estim\u00e9e\" \/>\n\t<meta name=\"twitter:data1\" content=\"3 minutes\" \/>\n<script type=\"application\/ld+json\" class=\"yoast-schema-graph\">{\"@context\":\"https:\/\/schema.org\",\"@graph\":[{\"@type\":\"WebPage\",\"@id\":\"https:\/\/www.stvmachinery.it\/fr\/macchinari\/doseuses-lineaires-et-rotatives\/doseuse-volumetrique-automatique-lineaire-mod-dvl\/\",\"url\":\"https:\/\/www.stvmachinery.it\/fr\/macchinari\/doseuses-lineaires-et-rotatives\/doseuse-volumetrique-automatique-lineaire-mod-dvl\/\",\"name\":\"Doseuse volumetrique automatique lineaire Mod. DVL | STV Machinery\",\"isPartOf\":{\"@id\":\"https:\/\/www.stvmachinery.it\/fr\/#website\"},\"primaryImageOfPage\":{\"@id\":\"https:\/\/www.stvmachinery.it\/fr\/macchinari\/doseuses-lineaires-et-rotatives\/doseuse-volumetrique-automatique-lineaire-mod-dvl\/#primaryimage\"},\"image\":{\"@id\":\"https:\/\/www.stvmachinery.it\/fr\/macchinari\/doseuses-lineaires-et-rotatives\/doseuse-volumetrique-automatique-lineaire-mod-dvl\/#primaryimage\"},\"thumbnailUrl\":\"https:\/\/www.stvmachinery.it\/wp-content\/uploads\/2024\/03\/dosatore-automatico-lineare.webp\",\"datePublished\":\"2024-03-22T13:30:08+00:00\",\"dateModified\":\"2025-11-24T14:19:52+00:00\",\"description\":\"Le doseur volum\u00e9trique automatique est une machine adapt\u00e9e au remplissage de produits denses et semi-denses dans des contenants, pour des petites et moyennes productions.\",\"breadcrumb\":{\"@id\":\"https:\/\/www.stvmachinery.it\/fr\/macchinari\/doseuses-lineaires-et-rotatives\/doseuse-volumetrique-automatique-lineaire-mod-dvl\/#breadcrumb\"},\"inLanguage\":\"fr-FR\",\"potentialAction\":[{\"@type\":\"ReadAction\",\"target\":[\"https:\/\/www.stvmachinery.it\/fr\/macchinari\/doseuses-lineaires-et-rotatives\/doseuse-volumetrique-automatique-lineaire-mod-dvl\/\"]}]},{\"@type\":\"ImageObject\",\"inLanguage\":\"fr-FR\",\"@id\":\"https:\/\/www.stvmachinery.it\/fr\/macchinari\/doseuses-lineaires-et-rotatives\/doseuse-volumetrique-automatique-lineaire-mod-dvl\/#primaryimage\",\"url\":\"https:\/\/www.stvmachinery.it\/wp-content\/uploads\/2024\/03\/dosatore-automatico-lineare.webp\",\"contentUrl\":\"https:\/\/www.stvmachinery.it\/wp-content\/uploads\/2024\/03\/dosatore-automatico-lineare.webp\",\"width\":1200,\"height\":1200},{\"@type\":\"BreadcrumbList\",\"@id\":\"https:\/\/www.stvmachinery.it\/fr\/macchinari\/doseuses-lineaires-et-rotatives\/doseuse-volumetrique-automatique-lineaire-mod-dvl\/#breadcrumb\",\"itemListElement\":[{\"@type\":\"ListItem\",\"position\":1,\"name\":\"Home\",\"item\":\"https:\/\/www.stvmachinery.it\/fr\/stv-machinery\/\"},{\"@type\":\"ListItem\",\"position\":2,\"name\":\"Machines\",\"item\":\"https:\/\/www.stvmachinery.it\/fr\/machines\/\"},{\"@type\":\"ListItem\",\"position\":3,\"name\":\"Doseuse volumetrique automatique lineaire Mod. DVL\"}]},{\"@type\":\"WebSite\",\"@id\":\"https:\/\/www.stvmachinery.it\/fr\/#website\",\"url\":\"https:\/\/www.stvmachinery.it\/fr\/\",\"name\":\"STV Machinery\",\"description\":\"Macchine ed impianti per l\u2019industria agroalimentare e conserviera\",\"publisher\":{\"@id\":\"https:\/\/www.stvmachinery.it\/fr\/#organization\"},\"potentialAction\":[{\"@type\":\"SearchAction\",\"target\":{\"@type\":\"EntryPoint\",\"urlTemplate\":\"https:\/\/www.stvmachinery.it\/fr\/?s={search_term_string}\"},\"query-input\":\"required name=search_term_string\"}],\"inLanguage\":\"fr-FR\"},{\"@type\":\"Organization\",\"@id\":\"https:\/\/www.stvmachinery.it\/fr\/#organization\",\"name\":\"S.T.V. di Salati Giovanni & C. \u2013 S.n.c.\",\"alternateName\":\"STV Machinery\",\"url\":\"https:\/\/www.stvmachinery.it\/fr\/\",\"logo\":{\"@type\":\"ImageObject\",\"inLanguage\":\"fr-FR\",\"@id\":\"https:\/\/www.stvmachinery.it\/fr\/#\/schema\/logo\/image\/\",\"url\":\"https:\/\/www.stvmachinery.it\/wp-content\/uploads\/2021\/06\/stv-machinery-logo-positivo.png\",\"contentUrl\":\"https:\/\/www.stvmachinery.it\/wp-content\/uploads\/2021\/06\/stv-machinery-logo-positivo.png\",\"width\":481,\"height\":233,\"caption\":\"S.T.V. di Salati Giovanni & C. \u2013 S.n.c.\"},\"image\":{\"@id\":\"https:\/\/www.stvmachinery.it\/fr\/#\/schema\/logo\/image\/\"},\"sameAs\":[\"https:\/\/it.linkedin.com\/company\/stv-machinery\",\"https:\/\/www.youtube.com\/channel\/UCceMPa8POjTOmZeA2_KUoeg\"]}]}<\/script>\n<!-- \/ Yoast SEO plugin. -->","yoast_head_json":{"title":"Doseuse volumetrique automatique lineaire Mod. DVL | STV Machinery","description":"Le doseur volum\u00e9trique automatique est une machine adapt\u00e9e au remplissage de produits denses et semi-denses dans des contenants, pour des petites et moyennes productions.","robots":{"index":"index","follow":"follow","max-snippet":"max-snippet:-1","max-image-preview":"max-image-preview:large","max-video-preview":"max-video-preview:-1"},"canonical":"https:\/\/www.stvmachinery.it\/fr\/macchinari\/doseuses-lineaires-et-rotatives\/doseuse-volumetrique-automatique-lineaire-mod-dvl\/","og_locale":"fr_FR","og_type":"article","og_title":"Doseuse volumetrique automatique lineaire Mod. DVL | STV Machinery","og_description":"Le doseur volum\u00e9trique automatique est une machine adapt\u00e9e au remplissage de produits denses et semi-denses dans des contenants, pour des petites et moyennes productions.","og_url":"https:\/\/www.stvmachinery.it\/fr\/macchinari\/doseuses-lineaires-et-rotatives\/doseuse-volumetrique-automatique-lineaire-mod-dvl\/","og_site_name":"STV Machinery","article_modified_time":"2025-11-24T14:19:52+00:00","og_image":[{"width":1200,"height":1200,"url":"https:\/\/www.stvmachinery.it\/wp-content\/uploads\/2024\/03\/dosatore-automatico-lineare.webp","type":"image\/webp"}],"twitter_card":"summary_large_image","twitter_misc":{"Dur\u00e9e de lecture estim\u00e9e":"3 minutes"},"schema":{"@context":"https:\/\/schema.org","@graph":[{"@type":"WebPage","@id":"https:\/\/www.stvmachinery.it\/fr\/macchinari\/doseuses-lineaires-et-rotatives\/doseuse-volumetrique-automatique-lineaire-mod-dvl\/","url":"https:\/\/www.stvmachinery.it\/fr\/macchinari\/doseuses-lineaires-et-rotatives\/doseuse-volumetrique-automatique-lineaire-mod-dvl\/","name":"Doseuse volumetrique automatique lineaire Mod. DVL | STV Machinery","isPartOf":{"@id":"https:\/\/www.stvmachinery.it\/fr\/#website"},"primaryImageOfPage":{"@id":"https:\/\/www.stvmachinery.it\/fr\/macchinari\/doseuses-lineaires-et-rotatives\/doseuse-volumetrique-automatique-lineaire-mod-dvl\/#primaryimage"},"image":{"@id":"https:\/\/www.stvmachinery.it\/fr\/macchinari\/doseuses-lineaires-et-rotatives\/doseuse-volumetrique-automatique-lineaire-mod-dvl\/#primaryimage"},"thumbnailUrl":"https:\/\/www.stvmachinery.it\/wp-content\/uploads\/2024\/03\/dosatore-automatico-lineare.webp","datePublished":"2024-03-22T13:30:08+00:00","dateModified":"2025-11-24T14:19:52+00:00","description":"Le doseur volum\u00e9trique automatique est une machine adapt\u00e9e au remplissage de produits denses et semi-denses dans des contenants, pour des petites et moyennes productions.","breadcrumb":{"@id":"https:\/\/www.stvmachinery.it\/fr\/macchinari\/doseuses-lineaires-et-rotatives\/doseuse-volumetrique-automatique-lineaire-mod-dvl\/#breadcrumb"},"inLanguage":"fr-FR","potentialAction":[{"@type":"ReadAction","target":["https:\/\/www.stvmachinery.it\/fr\/macchinari\/doseuses-lineaires-et-rotatives\/doseuse-volumetrique-automatique-lineaire-mod-dvl\/"]}]},{"@type":"ImageObject","inLanguage":"fr-FR","@id":"https:\/\/www.stvmachinery.it\/fr\/macchinari\/doseuses-lineaires-et-rotatives\/doseuse-volumetrique-automatique-lineaire-mod-dvl\/#primaryimage","url":"https:\/\/www.stvmachinery.it\/wp-content\/uploads\/2024\/03\/dosatore-automatico-lineare.webp","contentUrl":"https:\/\/www.stvmachinery.it\/wp-content\/uploads\/2024\/03\/dosatore-automatico-lineare.webp","width":1200,"height":1200},{"@type":"BreadcrumbList","@id":"https:\/\/www.stvmachinery.it\/fr\/macchinari\/doseuses-lineaires-et-rotatives\/doseuse-volumetrique-automatique-lineaire-mod-dvl\/#breadcrumb","itemListElement":[{"@type":"ListItem","position":1,"name":"Home","item":"https:\/\/www.stvmachinery.it\/fr\/stv-machinery\/"},{"@type":"ListItem","position":2,"name":"Machines","item":"https:\/\/www.stvmachinery.it\/fr\/machines\/"},{"@type":"ListItem","position":3,"name":"Doseuse volumetrique automatique lineaire Mod. DVL"}]},{"@type":"WebSite","@id":"https:\/\/www.stvmachinery.it\/fr\/#website","url":"https:\/\/www.stvmachinery.it\/fr\/","name":"STV Machinery","description":"Macchine ed impianti per l\u2019industria agroalimentare e conserviera","publisher":{"@id":"https:\/\/www.stvmachinery.it\/fr\/#organization"},"potentialAction":[{"@type":"SearchAction","target":{"@type":"EntryPoint","urlTemplate":"https:\/\/www.stvmachinery.it\/fr\/?s={search_term_string}"},"query-input":"required name=search_term_string"}],"inLanguage":"fr-FR"},{"@type":"Organization","@id":"https:\/\/www.stvmachinery.it\/fr\/#organization","name":"S.T.V. di Salati Giovanni & C. \u2013 S.n.c.","alternateName":"STV Machinery","url":"https:\/\/www.stvmachinery.it\/fr\/","logo":{"@type":"ImageObject","inLanguage":"fr-FR","@id":"https:\/\/www.stvmachinery.it\/fr\/#\/schema\/logo\/image\/","url":"https:\/\/www.stvmachinery.it\/wp-content\/uploads\/2021\/06\/stv-machinery-logo-positivo.png","contentUrl":"https:\/\/www.stvmachinery.it\/wp-content\/uploads\/2021\/06\/stv-machinery-logo-positivo.png","width":481,"height":233,"caption":"S.T.V. di Salati Giovanni & C. \u2013 S.n.c."},"image":{"@id":"https:\/\/www.stvmachinery.it\/fr\/#\/schema\/logo\/image\/"},"sameAs":["https:\/\/it.linkedin.com\/company\/stv-machinery","https:\/\/www.youtube.com\/channel\/UCceMPa8POjTOmZeA2_KUoeg"]}]}},"_links":{"self":[{"href":"https:\/\/www.stvmachinery.it\/fr\/wp-json\/wp\/v2\/product\/10619","targetHints":{"allow":["GET"]}}],"collection":[{"href":"https:\/\/www.stvmachinery.it\/fr\/wp-json\/wp\/v2\/product"}],"about":[{"href":"https:\/\/www.stvmachinery.it\/fr\/wp-json\/wp\/v2\/types\/product"}],"version-history":[{"count":4,"href":"https:\/\/www.stvmachinery.it\/fr\/wp-json\/wp\/v2\/product\/10619\/revisions"}],"predecessor-version":[{"id":11315,"href":"https:\/\/www.stvmachinery.it\/fr\/wp-json\/wp\/v2\/product\/10619\/revisions\/11315"}],"wp:featuredmedia":[{"embeddable":true,"href":"https:\/\/www.stvmachinery.it\/fr\/wp-json\/wp\/v2\/media\/9145"}],"wp:attachment":[{"href":"https:\/\/www.stvmachinery.it\/fr\/wp-json\/wp\/v2\/media?parent=10619"}],"wp:term":[{"taxonomy":"product_cat","embeddable":true,"href":"https:\/\/www.stvmachinery.it\/fr\/wp-json\/wp\/v2\/product_cat?post=10619"},{"taxonomy":"product_tag","embeddable":true,"href":"https:\/\/www.stvmachinery.it\/fr\/wp-json\/wp\/v2\/product_tag?post=10619"}],"curies":[{"name":"wp","href":"https:\/\/api.w.org\/{rel}","templated":true}]}}