{"id":10622,"date":"2024-03-22T16:24:52","date_gmt":"2024-03-22T15:24:52","guid":{"rendered":"https:\/\/www.stvmachinery.it\/macchinari\/non%20class\u00e9\/remplisseuse-automatique-lineaire-a-gravite-mod-rgl5\/"},"modified":"2025-11-24T16:07:13","modified_gmt":"2025-11-24T15:07:13","slug":"remplisseuse-automatique-lineaire-a-gravite-mod-rgl5","status":"publish","type":"product","link":"https:\/\/www.stvmachinery.it\/fr\/macchinari\/doseuses-lineaires-et-rotatives\/remplisseuse-automatique-lineaire-a-gravite-mod-rgl5\/","title":{"rendered":"Remplisseuse automatique lineaire \u00e0 gravit\u00e9 Mod. RGL5"},"content":{"rendered":"\t\t<div data-elementor-type=\"product-post\" data-elementor-id=\"10622\" class=\"elementor elementor-10622 elementor-8445\" data-elementor-post-type=\"product\">\n\t\t\t\t<div class=\"elementor-element elementor-element-3d9c987 e-flex e-con-boxed e-con e-parent\" data-id=\"3d9c987\" data-element_type=\"container\">\n\t\t\t\t\t<div class=\"e-con-inner\">\n\t\t\t\t<div class=\"elementor-element elementor-element-cac9042 elementor-widget elementor-widget-video\" data-id=\"cac9042\" data-element_type=\"widget\" data-settings=\"{&quot;youtube_url&quot;:&quot;https:\\\/\\\/youtu.be\\\/Zxju687xues?feature=shared&quot;,&quot;video_type&quot;:&quot;youtube&quot;,&quot;controls&quot;:&quot;yes&quot;}\" data-widget_type=\"video.default\">\n\t\t\t\t<div class=\"elementor-widget-container\">\n\t\t\t<style>\/*! elementor - v3.21.0 - 08-05-2024 *\/\n.elementor-widget-video .elementor-widget-container{overflow:hidden;transform:translateZ(0)}.elementor-widget-video .elementor-wrapper{aspect-ratio:var(--video-aspect-ratio)}.elementor-widget-video .elementor-wrapper iframe,.elementor-widget-video .elementor-wrapper video{height:100%;width:100%;display:flex;border:none;background-color:#000}@supports not (aspect-ratio:1\/1){.elementor-widget-video .elementor-wrapper{position:relative;overflow:hidden;height:0;padding-bottom:calc(100% \/ var(--video-aspect-ratio))}.elementor-widget-video .elementor-wrapper iframe,.elementor-widget-video .elementor-wrapper video{position:absolute;top:0;right:0;bottom:0;left:0}}.elementor-widget-video .elementor-open-inline .elementor-custom-embed-image-overlay{position:absolute;top:0;right:0;bottom:0;left:0;background-size:cover;background-position:50%}.elementor-widget-video .elementor-custom-embed-image-overlay{cursor:pointer;text-align:center}.elementor-widget-video .elementor-custom-embed-image-overlay:hover .elementor-custom-embed-play i{opacity:1}.elementor-widget-video .elementor-custom-embed-image-overlay img{display:block;width:100%;aspect-ratio:var(--video-aspect-ratio);-o-object-fit:cover;object-fit:cover;-o-object-position:center center;object-position:center center}@supports not (aspect-ratio:1\/1){.elementor-widget-video .elementor-custom-embed-image-overlay{position:relative;overflow:hidden;height:0;padding-bottom:calc(100% \/ var(--video-aspect-ratio))}.elementor-widget-video .elementor-custom-embed-image-overlay img{position:absolute;top:0;right:0;bottom:0;left:0}}.elementor-widget-video .e-hosted-video .elementor-video{-o-object-fit:cover;object-fit:cover}.e-con-inner>.elementor-widget-video,.e-con>.elementor-widget-video{width:var(--container-widget-width);--flex-grow:var(--container-widget-flex-grow)}<\/style>\t\t<div class=\"elementor-wrapper elementor-open-inline\">\n\t\t\t<div class=\"elementor-video\"><\/div>\t\t<\/div>\n\t\t\t\t<\/div>\n\t\t\t\t<\/div>\n\t\t\t\t\t<\/div>\n\t\t\t\t<\/div>\n\t\t<div class=\"elementor-element elementor-element-46a5c91 e-flex e-con-boxed e-con e-parent\" data-id=\"46a5c91\" data-element_type=\"container\" id=\"caratteristiche\">\n\t\t\t\t\t<div class=\"e-con-inner\">\n\t\t\t\t<div class=\"elementor-element elementor-element-7aea20b elementor-widget elementor-widget-text-editor\" data-id=\"7aea20b\" data-element_type=\"widget\" data-widget_type=\"text-editor.default\">\n\t\t\t\t<div class=\"elementor-widget-container\">\n\t\t\t<style>\/*! elementor - v3.21.0 - 08-05-2024 *\/\n.elementor-widget-text-editor.elementor-drop-cap-view-stacked .elementor-drop-cap{background-color:#69727d;color:#fff}.elementor-widget-text-editor.elementor-drop-cap-view-framed .elementor-drop-cap{color:#69727d;border:3px solid;background-color:transparent}.elementor-widget-text-editor:not(.elementor-drop-cap-view-default) .elementor-drop-cap{margin-top:8px}.elementor-widget-text-editor:not(.elementor-drop-cap-view-default) .elementor-drop-cap-letter{width:1em;height:1em}.elementor-widget-text-editor .elementor-drop-cap{float:left;text-align:center;line-height:1;font-size:50px}.elementor-widget-text-editor .elementor-drop-cap-letter{display:inline-block}<\/style>\t\t\t\t<h3 class=\"product-item-title\">Fonctionnement<\/h3>\n<p>Alimentation par <strong>convoyeur et groupe de positionnement des contenants<\/strong> sous les vannes de remplissage, \u00e9quip\u00e9 d&#8217;une vis sans fin en polyz\u00e8ne et de supports de r\u00e9glage adaptables au diam\u00e8tre des contenants. La <strong>quantit\u00e9<\/strong> de produit \u00e0 remplir est <strong>r\u00e9glable<\/strong> depuis le panneau op\u00e9rateur en fonction du type de contenant.<\/p>\n<p>\u00c0 la fin du remplissage les r\u00e9cipients sont aliment\u00e9s par le <strong>convoyeur<\/strong>, qui est le m\u00eame de l\u2019alimentation, aux autres machines de la ligne. Apr\u00e8s la mise en marche et les r\u00e9glages n\u00e9cessaires la machine <strong>ne n\u00e9cessite pas de l\u2019assistance de l\u2019op\u00e9rateur. <\/strong><\/p>\n\t\t\t\t\t\t<\/div>\n\t\t\t\t<\/div>\n\t\t\t\t\t<\/div>\n\t\t\t\t<\/div>\n\t\t<div class=\"elementor-element elementor-element-7bffd7d e-flex e-con-boxed e-con e-parent\" data-id=\"7bffd7d\" data-element_type=\"container\" data-settings=\"{&quot;background_background&quot;:&quot;classic&quot;}\">\n\t\t\t\t\t<div class=\"e-con-inner\">\n\t\t\t\t<div class=\"elementor-element elementor-element-a84dc14 elementor-widget elementor-widget-text-editor\" data-id=\"a84dc14\" data-element_type=\"widget\" data-widget_type=\"text-editor.default\">\n\t\t\t\t<div class=\"elementor-widget-container\">\n\t\t\t\t\t\t\t<h3 class=\"product-item-title\">Caract\u00e9ristiques de fabrication<\/h3>\n<ul>\n<li><strong>Soubassement<\/strong> avec plaque de support en acier au carbone, structure et rev\u00eatement total avec portes d\u2019inspection en acier inox.<\/li>\n<li>Le soubassement renferme le syst\u00e8me de <strong>r\u00e9glage en hauteur<\/strong> du groupe de remplissage et le groupe traitement air complet d\u2019\u00e9lectrovannes. <\/li>\n<li><strong>Q.t\u00e9 5 vannes de remplissage<\/strong> actionn\u00e9es par des cylindres pneumatiques pour la descente des vannes \u00e0 l\u2019int\u00e9rieur les r\u00e9cipients et leur remont\u00e9e. <\/li>\n<li><strong>R\u00e9servoir du produit<\/strong> avec contr\u00f4le de niveau par sonde connect\u00e9e aux vannes de remplissage par des tuyaux flexibles. <\/li>\n<li><strong>Convoyeur<\/strong> avec cha\u00eene table top en acier inox mont\u00e9e sur des barres en mat\u00e9riel antifriction avec des guides de contenance r\u00e9glables. <\/li>\n<li>Le <strong>groupe doseur<\/strong> est r\u00e9glable en hauteur en fonction des conteneurs \u00e0 l&#8217;aide d&#8217;un v\u00e9rin \u00e0 volant.<\/li>\n<li>Une <strong>vis sans fin<\/strong> incluse pour un format de r\u00e9cipient. <\/li>\n<li><strong>Tableau \u00e9lectrique<\/strong> de commande.<\/li>\n<li><strong>Syst\u00e8me de protection de s\u00e9curit\u00e9<\/strong> selon les normes CE.<\/li>\n<li>Fabrication en acier inox <strong>AISI 304<\/strong> avec finissage ext\u00e9rieur \u02bascotch brite\u02ba sauf quelques parties qui sont en mat\u00e9riel diff\u00e9rent indiqu\u00e9 pour leur bon fonctionnement. <\/li>\n<li>La machine est <strong>r\u00e9glable<\/strong> pour traiter des <strong>formats de r\u00e9cipients de dimensions diff\u00e9rentes.<\/strong><\/li>\n<\/ul>\n\t\t\t\t\t\t<\/div>\n\t\t\t\t<\/div>\n\t\t\t\t\t<\/div>\n\t\t\t\t<\/div>\n\t\t<div class=\"elementor-element elementor-element-29845a2 e-flex e-con-boxed e-con e-parent\" data-id=\"29845a2\" data-element_type=\"container\" data-settings=\"{&quot;background_background&quot;:&quot;classic&quot;}\">\n\t\t\t\t\t<div class=\"e-con-inner\">\n\t\t\t\t<div class=\"elementor-element elementor-element-a16b40d elementor-widget elementor-widget-heading\" data-id=\"a16b40d\" data-element_type=\"widget\" data-widget_type=\"heading.default\">\n\t\t\t\t<div class=\"elementor-widget-container\">\n\t\t\t<style>\/*! elementor - v3.21.0 - 08-05-2024 *\/\n.elementor-heading-title{padding:0;margin:0;line-height:1}.elementor-widget-heading .elementor-heading-title[class*=elementor-size-]>a{color:inherit;font-size:inherit;line-height:inherit}.elementor-widget-heading .elementor-heading-title.elementor-size-small{font-size:15px}.elementor-widget-heading .elementor-heading-title.elementor-size-medium{font-size:19px}.elementor-widget-heading .elementor-heading-title.elementor-size-large{font-size:29px}.elementor-widget-heading .elementor-heading-title.elementor-size-xl{font-size:39px}.elementor-widget-heading .elementor-heading-title.elementor-size-xxl{font-size:59px}<\/style><h4 class=\"elementor-heading-title elementor-size-default\">Donn\u00e9es techniques<\/h4>\t\t<\/div>\n\t\t\t\t<\/div>\n\t\t\t\t<div class=\"elementor-element elementor-element-9dbb767 elementor-widget elementor-widget-ld_table\" data-id=\"9dbb767\" data-element_type=\"widget\" data-widget_type=\"ld_table.default\">\n\t\t\t\t<div class=\"elementor-widget-container\">\n\t\t\t<table><tr><td class=\"elementor-repeater-item-4be9d2e\">Capacit\u00e9<\/td><td class=\"elementor-repeater-item-485afe4\">2.500 r\u00e9cipients \/ heure environ de 250 ml<\/td><\/tr><tr><td class=\"elementor-repeater-item-72c5074\">Dimensions r\u00e9cipients<\/td><td class=\"elementor-repeater-item-0f05e35\">h min. = mm 50 <br>h max = mm 250<br>\u00d8 min. = mm 43<br>\u00d8 max = mm 107  <\/td><\/tr><tr><td class=\"elementor-repeater-item-94eec40\">Dimensions r\u00e9cipients en by-pass<\/td><td class=\"elementor-repeater-item-c7c5fd3\">\u00d8 max = mm 140 <br>h max = mm 250<\/td><\/tr><tr><td class=\"elementor-repeater-item-510be3e\">Longueur<\/td><td class=\"elementor-repeater-item-721abc6\">3.000 mm<\/td><\/tr><tr><td class=\"elementor-repeater-item-37c0e5b\">Largeur<\/td><td class=\"elementor-repeater-item-6409f1a\">1.100 mm<\/td><\/tr><tr><td class=\"elementor-repeater-item-d918673\">Puissance install\u00e9e<\/td><td class=\"elementor-repeater-item-3ab17d1\">kW 0,84 environ<\/td><\/tr><\/table>\t\t<\/div>\n\t\t\t\t<\/div>\n\t\t\t\t\t<\/div>\n\t\t\t\t<\/div>\n\t\t\t\t<\/div>\n\t\t","protected":false},"excerpt":{"rendered":"<p>Machine apte au <strong>remplissage de r\u00e9cipients en verre, m\u00e9tal ou PET avec des PRODUITS LIQUIDES<\/strong>. Alimentation des r\u00e9cipients par un ruban convoyeur et un dispositif pour leur positionnement sous les vannes doseuses avec une vis sans fin en polyz\u00e8ne et des supports de r\u00e9glage selon le diam\u00e8tre des r\u00e9cipients.<\/p>\n<p><a class=\"pulsanterosso\" href=\"#caratteristiche\">Caract\u00e9ristiques techniques<\/a><\/p>\n","protected":false},"featured_media":9163,"template":"","meta":{"inline_featured_image":false},"product_cat":[120],"product_tag":[],"class_list":{"0":"post-10622","1":"product","2":"type-product","3":"status-publish","4":"has-post-thumbnail","6":"product_cat-doseuses-lineaires-et-rotatives","7":"pa_applicazione-produits-liquides","8":"pa_funzionamento-automatique","9":"pa_settore-alimentaire","11":"first","12":"instock","13":"shipping-taxable","14":"product-type-simple"},"yoast_head":"<!-- This site is optimized with the Yoast SEO plugin v22.7 - https:\/\/yoast.com\/wordpress\/plugins\/seo\/ -->\n<title>Remplisseuse automatique lineaire \u00e0 gravit\u00e9 Mod. RGL5 | STV Machinery<\/title>\n<meta name=\"description\" content=\"La Remplisseuse automatique lineaire \u00e0 gravit\u00e9 est une machine apte au remplissage de r\u00e9cipients en verre, m\u00e9tal ou PET avec des PRODUITS LIQUIDES\" \/>\n<meta name=\"robots\" content=\"index, follow, max-snippet:-1, max-image-preview:large, max-video-preview:-1\" \/>\n<link rel=\"canonical\" href=\"https:\/\/www.stvmachinery.it\/fr\/macchinari\/doseuses-lineaires-et-rotatives\/remplisseuse-automatique-lineaire-a-gravite-mod-rgl5\/\" \/>\n<meta property=\"og:locale\" content=\"fr_FR\" \/>\n<meta property=\"og:type\" content=\"article\" \/>\n<meta property=\"og:title\" content=\"Remplisseuse automatique lineaire \u00e0 gravit\u00e9 Mod. RGL5 | STV Machinery\" \/>\n<meta property=\"og:description\" content=\"La Remplisseuse automatique lineaire \u00e0 gravit\u00e9 est une machine apte au remplissage de r\u00e9cipients en verre, m\u00e9tal ou PET avec des PRODUITS LIQUIDES\" \/>\n<meta property=\"og:url\" content=\"https:\/\/www.stvmachinery.it\/fr\/macchinari\/doseuses-lineaires-et-rotatives\/remplisseuse-automatique-lineaire-a-gravite-mod-rgl5\/\" \/>\n<meta property=\"og:site_name\" content=\"STV Machinery\" \/>\n<meta property=\"article:modified_time\" content=\"2025-11-24T15:07:13+00:00\" \/>\n<meta property=\"og:image\" content=\"https:\/\/www.stvmachinery.it\/wp-content\/uploads\/2024\/03\/Riempitrice-Automatica-Lineare-a-Gravita.webp\" \/>\n\t<meta property=\"og:image:width\" content=\"1200\" \/>\n\t<meta property=\"og:image:height\" content=\"1200\" \/>\n\t<meta property=\"og:image:type\" content=\"image\/webp\" \/>\n<meta name=\"twitter:card\" content=\"summary_large_image\" \/>\n<script type=\"application\/ld+json\" class=\"yoast-schema-graph\">{\"@context\":\"https:\/\/schema.org\",\"@graph\":[{\"@type\":\"WebPage\",\"@id\":\"https:\/\/www.stvmachinery.it\/fr\/macchinari\/doseuses-lineaires-et-rotatives\/remplisseuse-automatique-lineaire-a-gravite-mod-rgl5\/\",\"url\":\"https:\/\/www.stvmachinery.it\/fr\/macchinari\/doseuses-lineaires-et-rotatives\/remplisseuse-automatique-lineaire-a-gravite-mod-rgl5\/\",\"name\":\"Remplisseuse automatique lineaire \u00e0 gravit\u00e9 Mod. RGL5 | STV Machinery\",\"isPartOf\":{\"@id\":\"https:\/\/www.stvmachinery.it\/fr\/#website\"},\"primaryImageOfPage\":{\"@id\":\"https:\/\/www.stvmachinery.it\/fr\/macchinari\/doseuses-lineaires-et-rotatives\/remplisseuse-automatique-lineaire-a-gravite-mod-rgl5\/#primaryimage\"},\"image\":{\"@id\":\"https:\/\/www.stvmachinery.it\/fr\/macchinari\/doseuses-lineaires-et-rotatives\/remplisseuse-automatique-lineaire-a-gravite-mod-rgl5\/#primaryimage\"},\"thumbnailUrl\":\"https:\/\/www.stvmachinery.it\/wp-content\/uploads\/2024\/03\/Riempitrice-Automatica-Lineare-a-Gravita.webp\",\"datePublished\":\"2024-03-22T15:24:52+00:00\",\"dateModified\":\"2025-11-24T15:07:13+00:00\",\"description\":\"La Remplisseuse automatique lineaire \u00e0 gravit\u00e9 est une machine apte au remplissage de r\u00e9cipients en verre, m\u00e9tal ou PET avec des PRODUITS LIQUIDES\",\"breadcrumb\":{\"@id\":\"https:\/\/www.stvmachinery.it\/fr\/macchinari\/doseuses-lineaires-et-rotatives\/remplisseuse-automatique-lineaire-a-gravite-mod-rgl5\/#breadcrumb\"},\"inLanguage\":\"fr-FR\",\"potentialAction\":[{\"@type\":\"ReadAction\",\"target\":[\"https:\/\/www.stvmachinery.it\/fr\/macchinari\/doseuses-lineaires-et-rotatives\/remplisseuse-automatique-lineaire-a-gravite-mod-rgl5\/\"]}]},{\"@type\":\"ImageObject\",\"inLanguage\":\"fr-FR\",\"@id\":\"https:\/\/www.stvmachinery.it\/fr\/macchinari\/doseuses-lineaires-et-rotatives\/remplisseuse-automatique-lineaire-a-gravite-mod-rgl5\/#primaryimage\",\"url\":\"https:\/\/www.stvmachinery.it\/wp-content\/uploads\/2024\/03\/Riempitrice-Automatica-Lineare-a-Gravita.webp\",\"contentUrl\":\"https:\/\/www.stvmachinery.it\/wp-content\/uploads\/2024\/03\/Riempitrice-Automatica-Lineare-a-Gravita.webp\",\"width\":1200,\"height\":1200},{\"@type\":\"BreadcrumbList\",\"@id\":\"https:\/\/www.stvmachinery.it\/fr\/macchinari\/doseuses-lineaires-et-rotatives\/remplisseuse-automatique-lineaire-a-gravite-mod-rgl5\/#breadcrumb\",\"itemListElement\":[{\"@type\":\"ListItem\",\"position\":1,\"name\":\"Home\",\"item\":\"https:\/\/www.stvmachinery.it\/fr\/stv-machinery\/\"},{\"@type\":\"ListItem\",\"position\":2,\"name\":\"Machines\",\"item\":\"https:\/\/www.stvmachinery.it\/fr\/machines\/\"},{\"@type\":\"ListItem\",\"position\":3,\"name\":\"Remplisseuse automatique lineaire \u00e0 gravit\u00e9 Mod. RGL5\"}]},{\"@type\":\"WebSite\",\"@id\":\"https:\/\/www.stvmachinery.it\/fr\/#website\",\"url\":\"https:\/\/www.stvmachinery.it\/fr\/\",\"name\":\"STV Machinery\",\"description\":\"Macchine ed impianti per l\u2019industria agroalimentare e conserviera\",\"publisher\":{\"@id\":\"https:\/\/www.stvmachinery.it\/fr\/#organization\"},\"potentialAction\":[{\"@type\":\"SearchAction\",\"target\":{\"@type\":\"EntryPoint\",\"urlTemplate\":\"https:\/\/www.stvmachinery.it\/fr\/?s={search_term_string}\"},\"query-input\":\"required name=search_term_string\"}],\"inLanguage\":\"fr-FR\"},{\"@type\":\"Organization\",\"@id\":\"https:\/\/www.stvmachinery.it\/fr\/#organization\",\"name\":\"S.T.V. di Salati Giovanni & C. \u2013 S.n.c.\",\"alternateName\":\"STV Machinery\",\"url\":\"https:\/\/www.stvmachinery.it\/fr\/\",\"logo\":{\"@type\":\"ImageObject\",\"inLanguage\":\"fr-FR\",\"@id\":\"https:\/\/www.stvmachinery.it\/fr\/#\/schema\/logo\/image\/\",\"url\":\"https:\/\/www.stvmachinery.it\/wp-content\/uploads\/2021\/06\/stv-machinery-logo-positivo.png\",\"contentUrl\":\"https:\/\/www.stvmachinery.it\/wp-content\/uploads\/2021\/06\/stv-machinery-logo-positivo.png\",\"width\":481,\"height\":233,\"caption\":\"S.T.V. di Salati Giovanni & C. \u2013 S.n.c.\"},\"image\":{\"@id\":\"https:\/\/www.stvmachinery.it\/fr\/#\/schema\/logo\/image\/\"},\"sameAs\":[\"https:\/\/it.linkedin.com\/company\/stv-machinery\",\"https:\/\/www.youtube.com\/channel\/UCceMPa8POjTOmZeA2_KUoeg\"]}]}<\/script>\n<!-- \/ Yoast SEO plugin. -->","yoast_head_json":{"title":"Remplisseuse automatique lineaire \u00e0 gravit\u00e9 Mod. RGL5 | STV Machinery","description":"La Remplisseuse automatique lineaire \u00e0 gravit\u00e9 est une machine apte au remplissage de r\u00e9cipients en verre, m\u00e9tal ou PET avec des PRODUITS LIQUIDES","robots":{"index":"index","follow":"follow","max-snippet":"max-snippet:-1","max-image-preview":"max-image-preview:large","max-video-preview":"max-video-preview:-1"},"canonical":"https:\/\/www.stvmachinery.it\/fr\/macchinari\/doseuses-lineaires-et-rotatives\/remplisseuse-automatique-lineaire-a-gravite-mod-rgl5\/","og_locale":"fr_FR","og_type":"article","og_title":"Remplisseuse automatique lineaire \u00e0 gravit\u00e9 Mod. RGL5 | STV Machinery","og_description":"La Remplisseuse automatique lineaire \u00e0 gravit\u00e9 est une machine apte au remplissage de r\u00e9cipients en verre, m\u00e9tal ou PET avec des PRODUITS LIQUIDES","og_url":"https:\/\/www.stvmachinery.it\/fr\/macchinari\/doseuses-lineaires-et-rotatives\/remplisseuse-automatique-lineaire-a-gravite-mod-rgl5\/","og_site_name":"STV Machinery","article_modified_time":"2025-11-24T15:07:13+00:00","og_image":[{"width":1200,"height":1200,"url":"https:\/\/www.stvmachinery.it\/wp-content\/uploads\/2024\/03\/Riempitrice-Automatica-Lineare-a-Gravita.webp","type":"image\/webp"}],"twitter_card":"summary_large_image","schema":{"@context":"https:\/\/schema.org","@graph":[{"@type":"WebPage","@id":"https:\/\/www.stvmachinery.it\/fr\/macchinari\/doseuses-lineaires-et-rotatives\/remplisseuse-automatique-lineaire-a-gravite-mod-rgl5\/","url":"https:\/\/www.stvmachinery.it\/fr\/macchinari\/doseuses-lineaires-et-rotatives\/remplisseuse-automatique-lineaire-a-gravite-mod-rgl5\/","name":"Remplisseuse automatique lineaire \u00e0 gravit\u00e9 Mod. RGL5 | STV Machinery","isPartOf":{"@id":"https:\/\/www.stvmachinery.it\/fr\/#website"},"primaryImageOfPage":{"@id":"https:\/\/www.stvmachinery.it\/fr\/macchinari\/doseuses-lineaires-et-rotatives\/remplisseuse-automatique-lineaire-a-gravite-mod-rgl5\/#primaryimage"},"image":{"@id":"https:\/\/www.stvmachinery.it\/fr\/macchinari\/doseuses-lineaires-et-rotatives\/remplisseuse-automatique-lineaire-a-gravite-mod-rgl5\/#primaryimage"},"thumbnailUrl":"https:\/\/www.stvmachinery.it\/wp-content\/uploads\/2024\/03\/Riempitrice-Automatica-Lineare-a-Gravita.webp","datePublished":"2024-03-22T15:24:52+00:00","dateModified":"2025-11-24T15:07:13+00:00","description":"La Remplisseuse automatique lineaire \u00e0 gravit\u00e9 est une machine apte au remplissage de r\u00e9cipients en verre, m\u00e9tal ou PET avec des PRODUITS LIQUIDES","breadcrumb":{"@id":"https:\/\/www.stvmachinery.it\/fr\/macchinari\/doseuses-lineaires-et-rotatives\/remplisseuse-automatique-lineaire-a-gravite-mod-rgl5\/#breadcrumb"},"inLanguage":"fr-FR","potentialAction":[{"@type":"ReadAction","target":["https:\/\/www.stvmachinery.it\/fr\/macchinari\/doseuses-lineaires-et-rotatives\/remplisseuse-automatique-lineaire-a-gravite-mod-rgl5\/"]}]},{"@type":"ImageObject","inLanguage":"fr-FR","@id":"https:\/\/www.stvmachinery.it\/fr\/macchinari\/doseuses-lineaires-et-rotatives\/remplisseuse-automatique-lineaire-a-gravite-mod-rgl5\/#primaryimage","url":"https:\/\/www.stvmachinery.it\/wp-content\/uploads\/2024\/03\/Riempitrice-Automatica-Lineare-a-Gravita.webp","contentUrl":"https:\/\/www.stvmachinery.it\/wp-content\/uploads\/2024\/03\/Riempitrice-Automatica-Lineare-a-Gravita.webp","width":1200,"height":1200},{"@type":"BreadcrumbList","@id":"https:\/\/www.stvmachinery.it\/fr\/macchinari\/doseuses-lineaires-et-rotatives\/remplisseuse-automatique-lineaire-a-gravite-mod-rgl5\/#breadcrumb","itemListElement":[{"@type":"ListItem","position":1,"name":"Home","item":"https:\/\/www.stvmachinery.it\/fr\/stv-machinery\/"},{"@type":"ListItem","position":2,"name":"Machines","item":"https:\/\/www.stvmachinery.it\/fr\/machines\/"},{"@type":"ListItem","position":3,"name":"Remplisseuse automatique lineaire \u00e0 gravit\u00e9 Mod. RGL5"}]},{"@type":"WebSite","@id":"https:\/\/www.stvmachinery.it\/fr\/#website","url":"https:\/\/www.stvmachinery.it\/fr\/","name":"STV Machinery","description":"Macchine ed impianti per l\u2019industria agroalimentare e conserviera","publisher":{"@id":"https:\/\/www.stvmachinery.it\/fr\/#organization"},"potentialAction":[{"@type":"SearchAction","target":{"@type":"EntryPoint","urlTemplate":"https:\/\/www.stvmachinery.it\/fr\/?s={search_term_string}"},"query-input":"required name=search_term_string"}],"inLanguage":"fr-FR"},{"@type":"Organization","@id":"https:\/\/www.stvmachinery.it\/fr\/#organization","name":"S.T.V. di Salati Giovanni & C. \u2013 S.n.c.","alternateName":"STV Machinery","url":"https:\/\/www.stvmachinery.it\/fr\/","logo":{"@type":"ImageObject","inLanguage":"fr-FR","@id":"https:\/\/www.stvmachinery.it\/fr\/#\/schema\/logo\/image\/","url":"https:\/\/www.stvmachinery.it\/wp-content\/uploads\/2021\/06\/stv-machinery-logo-positivo.png","contentUrl":"https:\/\/www.stvmachinery.it\/wp-content\/uploads\/2021\/06\/stv-machinery-logo-positivo.png","width":481,"height":233,"caption":"S.T.V. di Salati Giovanni & C. \u2013 S.n.c."},"image":{"@id":"https:\/\/www.stvmachinery.it\/fr\/#\/schema\/logo\/image\/"},"sameAs":["https:\/\/it.linkedin.com\/company\/stv-machinery","https:\/\/www.youtube.com\/channel\/UCceMPa8POjTOmZeA2_KUoeg"]}]}},"_links":{"self":[{"href":"https:\/\/www.stvmachinery.it\/fr\/wp-json\/wp\/v2\/product\/10622","targetHints":{"allow":["GET"]}}],"collection":[{"href":"https:\/\/www.stvmachinery.it\/fr\/wp-json\/wp\/v2\/product"}],"about":[{"href":"https:\/\/www.stvmachinery.it\/fr\/wp-json\/wp\/v2\/types\/product"}],"version-history":[{"count":10,"href":"https:\/\/www.stvmachinery.it\/fr\/wp-json\/wp\/v2\/product\/10622\/revisions"}],"predecessor-version":[{"id":11361,"href":"https:\/\/www.stvmachinery.it\/fr\/wp-json\/wp\/v2\/product\/10622\/revisions\/11361"}],"wp:featuredmedia":[{"embeddable":true,"href":"https:\/\/www.stvmachinery.it\/fr\/wp-json\/wp\/v2\/media\/9163"}],"wp:attachment":[{"href":"https:\/\/www.stvmachinery.it\/fr\/wp-json\/wp\/v2\/media?parent=10622"}],"wp:term":[{"taxonomy":"product_cat","embeddable":true,"href":"https:\/\/www.stvmachinery.it\/fr\/wp-json\/wp\/v2\/product_cat?post=10622"},{"taxonomy":"product_tag","embeddable":true,"href":"https:\/\/www.stvmachinery.it\/fr\/wp-json\/wp\/v2\/product_tag?post=10622"}],"curies":[{"name":"wp","href":"https:\/\/api.w.org\/{rel}","templated":true}]}}