{"id":10634,"date":"2024-03-27T13:47:09","date_gmt":"2024-03-27T12:47:09","guid":{"rendered":"https:\/\/www.stvmachinery.it\/macchinari\/non%20class\u00e9\/juteuse-automatique-lineaire-sous-vide-mod-lv2\/"},"modified":"2025-11-24T14:16:46","modified_gmt":"2025-11-24T13:16:46","slug":"juteuse-automatique-lineaire-sous-vide-mod-lv2","status":"publish","type":"product","link":"https:\/\/www.stvmachinery.it\/fr\/macchinari\/juteuses-sous-vide\/juteuse-automatique-lineaire-sous-vide-mod-lv2\/","title":{"rendered":"Juteuse automatique lineaire sous vide Mod. LV2"},"content":{"rendered":"\t\t<div data-elementor-type=\"product-post\" data-elementor-id=\"10634\" class=\"elementor elementor-10634 elementor-8469\" data-elementor-post-type=\"product\">\n\t\t\t\t<div class=\"elementor-element elementor-element-46a5c91 e-flex e-con-boxed e-con e-parent\" data-id=\"46a5c91\" data-element_type=\"container\" id=\"caratteristiche\">\n\t\t\t\t\t<div class=\"e-con-inner\">\n\t\t\t\t<div class=\"elementor-element elementor-element-7aea20b elementor-widget elementor-widget-text-editor\" data-id=\"7aea20b\" data-element_type=\"widget\" data-widget_type=\"text-editor.default\">\n\t\t\t\t<div class=\"elementor-widget-container\">\n\t\t\t<style>\/*! elementor - v3.21.0 - 08-05-2024 *\/\n.elementor-widget-text-editor.elementor-drop-cap-view-stacked .elementor-drop-cap{background-color:#69727d;color:#fff}.elementor-widget-text-editor.elementor-drop-cap-view-framed .elementor-drop-cap{color:#69727d;border:3px solid;background-color:transparent}.elementor-widget-text-editor:not(.elementor-drop-cap-view-default) .elementor-drop-cap{margin-top:8px}.elementor-widget-text-editor:not(.elementor-drop-cap-view-default) .elementor-drop-cap-letter{width:1em;height:1em}.elementor-widget-text-editor .elementor-drop-cap{float:left;text-align:center;line-height:1;font-size:50px}.elementor-widget-text-editor .elementor-drop-cap-letter{display:inline-block}<\/style>\t\t\t\t<h3 class=\"product-item-title\">Fonctionnement<\/h3>\n<p>Apr\u00e8s le remplissage le produit solide avec (au moyen de la Table de Remplissage motoris\u00e9e ou de la Remplisseuse \u00e0 Vibration) les r\u00e9cipients sont aliment\u00e9s \u00e0 la Juteuse par un convoyeur et un groupe qui les positionne sous les vannes de jutage avec une vis sans fin en polyz\u00e8ne et des supports r\u00e9glables selon le diam\u00e8tre des r\u00e9cipients. <\/p>\n<p>\u00c0 ce point-ci les vannes, au moyen des cylindres pneumatique, descendent et se posent sur les r\u00e9cipients, en faisant commencer les op\u00e9rations de jutage ainsi r\u00e9sum\u00e9es : <\/p>\n<ul>\n<li>Formation du vide. <\/li>\n<li>Remplissage sous vide avec le liquide. <\/li>\n<li>Interruption du vide \u00e0 travers le contact avec l\u2019air ambiant. <\/li>\n<\/ul>\n<p>Apr\u00e8s le jutage les r\u00e9cipients sont convoy\u00e9s \u00e0 la Capsuleuse. Rapidit\u00e9 du syst\u00e8me de changement de format pour des r\u00e9cipients de diam\u00e8tre et hauteur diff\u00e9rents. Apr\u00e8s la mise en marche et les r\u00e9glages n\u00e9cessaires la machine ne n\u00e9cessite pas de l\u2019assistance de l\u2019op\u00e9rateur.<\/p>\n\t\t\t\t\t\t<\/div>\n\t\t\t\t<\/div>\n\t\t\t\t<div class=\"elementor-element elementor-element-5781023 elementor-widget elementor-widget-ld_button\" data-id=\"5781023\" data-element_type=\"widget\" data-widget_type=\"ld_button.default\">\n\t\t\t\t<div class=\"elementor-widget-container\">\n\t\t\t\n\t\t\t<a\n\t\t\t\thref=\"https:\/\/www.stvmachinery.it\/cataloghi\/STV-Vacuum-Filler.pdf\" target=\"_blank\"class=\"elementor-button btn btn-solid btn-icon-shaped btn-has-label\"\t\t\t>\n\t\t\t\t\t\t\t\t\t<span data-text=\"Fiche technique\" class=\"btn-txt\">\n\t\t\t\t\t\tFiche technique\t\t\t\t\t<\/span>\n\t\t\t\t\t\t\t\t\t\t\t<\/a>\n\t\t\t\t\t<\/div>\n\t\t\t\t<\/div>\n\t\t\t\t\t<\/div>\n\t\t\t\t<\/div>\n\t\t<div class=\"elementor-element elementor-element-7bffd7d e-flex e-con-boxed e-con e-parent\" data-id=\"7bffd7d\" data-element_type=\"container\" data-settings=\"{&quot;background_background&quot;:&quot;classic&quot;}\">\n\t\t\t\t\t<div class=\"e-con-inner\">\n\t\t\t\t<div class=\"elementor-element elementor-element-a84dc14 elementor-widget elementor-widget-text-editor\" data-id=\"a84dc14\" data-element_type=\"widget\" data-widget_type=\"text-editor.default\">\n\t\t\t\t<div class=\"elementor-widget-container\">\n\t\t\t\t\t\t\t<h3 class=\"product-item-title\">Caract\u00e9ristiques de fabrication<\/h3>\n<ul>\n<li><strong>Soubassement<\/strong> avec pieds de support r\u00e9glables en hauteur, plaque de support en acier au carbone, structure et rev\u00eatement total avec portes d\u2019inspection en acier inox. Le soubassement renferme une pompe pour le vide \u00e0 anneau liquide et le groupe traitement de l\u2019air complet d\u2019\u00e9lectrovannes <\/li>\n<li><strong>R\u00e9servoir<\/strong> du produit avec flotteur pour le contr\u00f4le du niveau du liquide.<\/li>\n<li><strong>R\u00e9servoir du vide<\/strong> connect\u00e9 \u00e0 la pompe, complet de mesureur de vide, \u00e9coutille pour le nettoyage et vanne de d\u00e9chargement.<\/li>\n<li><strong>Deux (2) vannes sp\u00e9ciales (brevet STV)<\/strong> sans joints frottants pour le jutage des r\u00e9cipients avec le liquide Les vannes sont connect\u00e9es avec des tuyaux flexibles au r\u00e9servoir du vide et au r\u00e9servoir du liquide.<\/li>\n<li><strong>Groupe vannes<\/strong> complet de cylindres pneumatiques de mont\u00e9e \/ descente, install\u00e9 sur une colonne portante, avec un volant pour le r\u00e9glage en hauteur.<\/li>\n<li><strong>Convoyeur<\/strong> avec cha\u00eene table top en acier inox mont\u00e9e sur des barres en mat\u00e9riel anti-friction avec des guides de contenance r\u00e9glables. <\/li>\n<li><strong>Une seule motorisation<\/strong> permet le mouvement de toutes les parties m\u00e9caniques de la machine.<\/li>\n<li>Pr\u00e9disposition de la machine \u00e0 \u00eatre <strong>aliment\u00e9e par pompe ou chute<\/strong>.<\/li>\n<li><strong>Une vis sans fin<\/strong> fournie avec la machine pour un format de r\u00e9cipient.<\/li>\n<li><strong>Panneau \u00e9lectrique de commande<\/strong> en acier inox. <\/li>\n<li>Fabrication en <strong>acier inox AISI 304<\/strong> sauf quelques parties qui sont en mat\u00e9riel diff\u00e9rent apte \u00e0 leur bon fonctionnement.<\/li>\n<li><strong>Syst\u00e8me de protection de s\u00e9curit\u00e9<\/strong> selon les normes CE.<\/li>\n<\/ul>\n\t\t\t\t\t\t<\/div>\n\t\t\t\t<\/div>\n\t\t\t\t\t<\/div>\n\t\t\t\t<\/div>\n\t\t<div class=\"elementor-element elementor-element-29845a2 e-flex e-con-boxed e-con e-parent\" data-id=\"29845a2\" data-element_type=\"container\" data-settings=\"{&quot;background_background&quot;:&quot;classic&quot;}\">\n\t\t\t\t\t<div class=\"e-con-inner\">\n\t\t\t\t<div class=\"elementor-element elementor-element-a16b40d elementor-widget elementor-widget-heading\" data-id=\"a16b40d\" data-element_type=\"widget\" data-widget_type=\"heading.default\">\n\t\t\t\t<div class=\"elementor-widget-container\">\n\t\t\t<style>\/*! elementor - v3.21.0 - 08-05-2024 *\/\n.elementor-heading-title{padding:0;margin:0;line-height:1}.elementor-widget-heading .elementor-heading-title[class*=elementor-size-]>a{color:inherit;font-size:inherit;line-height:inherit}.elementor-widget-heading .elementor-heading-title.elementor-size-small{font-size:15px}.elementor-widget-heading .elementor-heading-title.elementor-size-medium{font-size:19px}.elementor-widget-heading .elementor-heading-title.elementor-size-large{font-size:29px}.elementor-widget-heading .elementor-heading-title.elementor-size-xl{font-size:39px}.elementor-widget-heading .elementor-heading-title.elementor-size-xxl{font-size:59px}<\/style><h4 class=\"elementor-heading-title elementor-size-default\">Donn\u00e9es techniques<\/h4>\t\t<\/div>\n\t\t\t\t<\/div>\n\t\t\t\t<div class=\"elementor-element elementor-element-9dbb767 elementor-widget elementor-widget-ld_table\" data-id=\"9dbb767\" data-element_type=\"widget\" data-widget_type=\"ld_table.default\">\n\t\t\t\t<div class=\"elementor-widget-container\">\n\t\t\t<table><tr><td class=\"elementor-repeater-item-4be9d2e\">Capacit\u00e9<\/td><td class=\"elementor-repeater-item-485afe4\">1000 r\u00e9cipients \/heure environ de 314 ml<\/td><\/tr><tr><td class=\"elementor-repeater-item-d918673\">Puissance install\u00e9e<\/td><td class=\"elementor-repeater-item-3ab17d1\">kW 3,60 environ<\/td><\/tr><tr><td class=\"elementor-repeater-item-510be3e\">Longueur<\/td><td class=\"elementor-repeater-item-721abc6\">3.000 mm<\/td><\/tr><tr><td class=\"elementor-repeater-item-37c0e5b\">Largeur<\/td><td class=\"elementor-repeater-item-6409f1a\"> 1.100 mm<\/td><\/tr><\/table>\t\t<\/div>\n\t\t\t\t<\/div>\n\t\t\t\t\t<\/div>\n\t\t\t\t<\/div>\n\t\t<div class=\"elementor-element elementor-element-9beed57 e-flex e-con-boxed e-con e-parent\" data-id=\"9beed57\" data-element_type=\"container\" data-settings=\"{&quot;background_background&quot;:&quot;classic&quot;}\">\n\t\t\t\t\t<div class=\"e-con-inner\">\n\t\t\t\t<div class=\"elementor-element elementor-element-8bdd603 elementor-widget elementor-widget-heading\" data-id=\"8bdd603\" data-element_type=\"widget\" data-widget_type=\"heading.default\">\n\t\t\t\t<div class=\"elementor-widget-container\">\n\t\t\t<h4 class=\"elementor-heading-title elementor-size-default\">Video<\/h4>\t\t<\/div>\n\t\t\t\t<\/div>\n\t\t\t\t<div class=\"elementor-element elementor-element-6930231 elementor-widget elementor-widget-video\" data-id=\"6930231\" data-element_type=\"widget\" data-settings=\"{&quot;youtube_url&quot;:&quot;https:\\\/\\\/youtu.be\\\/TGzZ63otHFo&quot;,&quot;video_type&quot;:&quot;youtube&quot;,&quot;controls&quot;:&quot;yes&quot;}\" data-widget_type=\"video.default\">\n\t\t\t\t<div class=\"elementor-widget-container\">\n\t\t\t<style>\/*! elementor - v3.21.0 - 08-05-2024 *\/\n.elementor-widget-video .elementor-widget-container{overflow:hidden;transform:translateZ(0)}.elementor-widget-video .elementor-wrapper{aspect-ratio:var(--video-aspect-ratio)}.elementor-widget-video .elementor-wrapper iframe,.elementor-widget-video .elementor-wrapper video{height:100%;width:100%;display:flex;border:none;background-color:#000}@supports not (aspect-ratio:1\/1){.elementor-widget-video .elementor-wrapper{position:relative;overflow:hidden;height:0;padding-bottom:calc(100% \/ var(--video-aspect-ratio))}.elementor-widget-video .elementor-wrapper iframe,.elementor-widget-video .elementor-wrapper video{position:absolute;top:0;right:0;bottom:0;left:0}}.elementor-widget-video .elementor-open-inline .elementor-custom-embed-image-overlay{position:absolute;top:0;right:0;bottom:0;left:0;background-size:cover;background-position:50%}.elementor-widget-video .elementor-custom-embed-image-overlay{cursor:pointer;text-align:center}.elementor-widget-video .elementor-custom-embed-image-overlay:hover .elementor-custom-embed-play i{opacity:1}.elementor-widget-video .elementor-custom-embed-image-overlay img{display:block;width:100%;aspect-ratio:var(--video-aspect-ratio);-o-object-fit:cover;object-fit:cover;-o-object-position:center center;object-position:center center}@supports not (aspect-ratio:1\/1){.elementor-widget-video .elementor-custom-embed-image-overlay{position:relative;overflow:hidden;height:0;padding-bottom:calc(100% \/ var(--video-aspect-ratio))}.elementor-widget-video .elementor-custom-embed-image-overlay img{position:absolute;top:0;right:0;bottom:0;left:0}}.elementor-widget-video .e-hosted-video .elementor-video{-o-object-fit:cover;object-fit:cover}.e-con-inner>.elementor-widget-video,.e-con>.elementor-widget-video{width:var(--container-widget-width);--flex-grow:var(--container-widget-flex-grow)}<\/style>\t\t<div class=\"elementor-wrapper elementor-open-inline\">\n\t\t\t<div class=\"elementor-video\"><\/div>\t\t<\/div>\n\t\t\t\t<\/div>\n\t\t\t\t<\/div>\n\t\t\t\t\t<\/div>\n\t\t\t\t<\/div>\n\t\t\t\t<\/div>\n\t\t","protected":false},"excerpt":{"rendered":"<p>Machine apte au <strong>remplissage sous vide avec des liquides<\/strong> tels que huile, saumure, mixture type sirop etc. <strong>de pots en verre ou boites m\u00e9talliques contenant des produits solides entiers ou en morceaux \/ rondelles<\/strong> (olives, poivrons, c\u00e2pres, artichauts, champignons, l\u00e9gumes secs cuits, fruits, filets de poisson, cubes de fromage, etc.). <\/p>\n<p><a class=\"pulsanterosso\" href=\"#caratteristiche\">Caract\u00e9ristiques techniques<\/a><\/p>\n","protected":false},"featured_media":9169,"template":"","meta":{"inline_featured_image":false},"product_cat":[118],"product_tag":[],"class_list":{"0":"post-10634","1":"product","2":"type-product","3":"status-publish","4":"has-post-thumbnail","6":"product_cat-juteuses-sous-vide","7":"pa_applicazione-produits-solides","8":"pa_funzionamento-automatique","9":"pa_settore-alimentaire","11":"first","12":"instock","13":"shipping-taxable","14":"product-type-simple"},"yoast_head":"<!-- This site is optimized with the Yoast SEO plugin v22.7 - https:\/\/yoast.com\/wordpress\/plugins\/seo\/ -->\n<title>Juteuse automatique lineaire sous vide Mod. LV2 | STV Machinery<\/title>\n<meta name=\"description\" content=\"Machine apte au remplissage sous vide avec des liquides de pots en verre ou boites m\u00e9talliques contenant des produits solides entiers ou en morceaux.\" \/>\n<meta name=\"robots\" content=\"index, follow, max-snippet:-1, max-image-preview:large, max-video-preview:-1\" \/>\n<link rel=\"canonical\" href=\"https:\/\/www.stvmachinery.it\/fr\/macchinari\/juteuses-sous-vide\/juteuse-automatique-lineaire-sous-vide-mod-lv2\/\" \/>\n<meta property=\"og:locale\" content=\"fr_FR\" \/>\n<meta property=\"og:type\" content=\"article\" \/>\n<meta property=\"og:title\" content=\"Juteuse automatique lineaire sous vide Mod. LV2 | STV Machinery\" \/>\n<meta property=\"og:description\" content=\"Machine apte au remplissage sous vide avec des liquides de pots en verre ou boites m\u00e9talliques contenant des produits solides entiers ou en morceaux.\" \/>\n<meta property=\"og:url\" content=\"https:\/\/www.stvmachinery.it\/fr\/macchinari\/juteuses-sous-vide\/juteuse-automatique-lineaire-sous-vide-mod-lv2\/\" \/>\n<meta property=\"og:site_name\" content=\"STV Machinery\" \/>\n<meta property=\"article:modified_time\" content=\"2025-11-24T13:16:46+00:00\" \/>\n<meta property=\"og:image\" content=\"https:\/\/www.stvmachinery.it\/wp-content\/uploads\/2024\/03\/Colmatrice-Sottovuoto-Lineare-Mod.-LV2.webp\" \/>\n\t<meta property=\"og:image:width\" content=\"1200\" \/>\n\t<meta property=\"og:image:height\" content=\"1200\" \/>\n\t<meta property=\"og:image:type\" content=\"image\/webp\" \/>\n<meta name=\"twitter:card\" content=\"summary_large_image\" \/>\n<script type=\"application\/ld+json\" class=\"yoast-schema-graph\">{\"@context\":\"https:\/\/schema.org\",\"@graph\":[{\"@type\":\"WebPage\",\"@id\":\"https:\/\/www.stvmachinery.it\/fr\/macchinari\/juteuses-sous-vide\/juteuse-automatique-lineaire-sous-vide-mod-lv2\/\",\"url\":\"https:\/\/www.stvmachinery.it\/fr\/macchinari\/juteuses-sous-vide\/juteuse-automatique-lineaire-sous-vide-mod-lv2\/\",\"name\":\"Juteuse automatique lineaire sous vide Mod. LV2 | STV Machinery\",\"isPartOf\":{\"@id\":\"https:\/\/www.stvmachinery.it\/fr\/#website\"},\"primaryImageOfPage\":{\"@id\":\"https:\/\/www.stvmachinery.it\/fr\/macchinari\/juteuses-sous-vide\/juteuse-automatique-lineaire-sous-vide-mod-lv2\/#primaryimage\"},\"image\":{\"@id\":\"https:\/\/www.stvmachinery.it\/fr\/macchinari\/juteuses-sous-vide\/juteuse-automatique-lineaire-sous-vide-mod-lv2\/#primaryimage\"},\"thumbnailUrl\":\"https:\/\/www.stvmachinery.it\/wp-content\/uploads\/2024\/03\/Colmatrice-Sottovuoto-Lineare-Mod.-LV2.webp\",\"datePublished\":\"2024-03-27T12:47:09+00:00\",\"dateModified\":\"2025-11-24T13:16:46+00:00\",\"description\":\"Machine apte au remplissage sous vide avec des liquides de pots en verre ou boites m\u00e9talliques contenant des produits solides entiers ou en morceaux.\",\"breadcrumb\":{\"@id\":\"https:\/\/www.stvmachinery.it\/fr\/macchinari\/juteuses-sous-vide\/juteuse-automatique-lineaire-sous-vide-mod-lv2\/#breadcrumb\"},\"inLanguage\":\"fr-FR\",\"potentialAction\":[{\"@type\":\"ReadAction\",\"target\":[\"https:\/\/www.stvmachinery.it\/fr\/macchinari\/juteuses-sous-vide\/juteuse-automatique-lineaire-sous-vide-mod-lv2\/\"]}]},{\"@type\":\"ImageObject\",\"inLanguage\":\"fr-FR\",\"@id\":\"https:\/\/www.stvmachinery.it\/fr\/macchinari\/juteuses-sous-vide\/juteuse-automatique-lineaire-sous-vide-mod-lv2\/#primaryimage\",\"url\":\"https:\/\/www.stvmachinery.it\/wp-content\/uploads\/2024\/03\/Colmatrice-Sottovuoto-Lineare-Mod.-LV2.webp\",\"contentUrl\":\"https:\/\/www.stvmachinery.it\/wp-content\/uploads\/2024\/03\/Colmatrice-Sottovuoto-Lineare-Mod.-LV2.webp\",\"width\":1200,\"height\":1200},{\"@type\":\"BreadcrumbList\",\"@id\":\"https:\/\/www.stvmachinery.it\/fr\/macchinari\/juteuses-sous-vide\/juteuse-automatique-lineaire-sous-vide-mod-lv2\/#breadcrumb\",\"itemListElement\":[{\"@type\":\"ListItem\",\"position\":1,\"name\":\"Home\",\"item\":\"https:\/\/www.stvmachinery.it\/fr\/stv-machinery\/\"},{\"@type\":\"ListItem\",\"position\":2,\"name\":\"Machines\",\"item\":\"https:\/\/www.stvmachinery.it\/fr\/machines\/\"},{\"@type\":\"ListItem\",\"position\":3,\"name\":\"Juteuse automatique lineaire sous vide Mod. LV2\"}]},{\"@type\":\"WebSite\",\"@id\":\"https:\/\/www.stvmachinery.it\/fr\/#website\",\"url\":\"https:\/\/www.stvmachinery.it\/fr\/\",\"name\":\"STV Machinery\",\"description\":\"Macchine ed impianti per l\u2019industria agroalimentare e conserviera\",\"publisher\":{\"@id\":\"https:\/\/www.stvmachinery.it\/fr\/#organization\"},\"potentialAction\":[{\"@type\":\"SearchAction\",\"target\":{\"@type\":\"EntryPoint\",\"urlTemplate\":\"https:\/\/www.stvmachinery.it\/fr\/?s={search_term_string}\"},\"query-input\":\"required name=search_term_string\"}],\"inLanguage\":\"fr-FR\"},{\"@type\":\"Organization\",\"@id\":\"https:\/\/www.stvmachinery.it\/fr\/#organization\",\"name\":\"S.T.V. di Salati Giovanni & C. \u2013 S.n.c.\",\"alternateName\":\"STV Machinery\",\"url\":\"https:\/\/www.stvmachinery.it\/fr\/\",\"logo\":{\"@type\":\"ImageObject\",\"inLanguage\":\"fr-FR\",\"@id\":\"https:\/\/www.stvmachinery.it\/fr\/#\/schema\/logo\/image\/\",\"url\":\"https:\/\/www.stvmachinery.it\/wp-content\/uploads\/2021\/06\/stv-machinery-logo-positivo.png\",\"contentUrl\":\"https:\/\/www.stvmachinery.it\/wp-content\/uploads\/2021\/06\/stv-machinery-logo-positivo.png\",\"width\":481,\"height\":233,\"caption\":\"S.T.V. di Salati Giovanni & C. \u2013 S.n.c.\"},\"image\":{\"@id\":\"https:\/\/www.stvmachinery.it\/fr\/#\/schema\/logo\/image\/\"},\"sameAs\":[\"https:\/\/it.linkedin.com\/company\/stv-machinery\",\"https:\/\/www.youtube.com\/channel\/UCceMPa8POjTOmZeA2_KUoeg\"]}]}<\/script>\n<!-- \/ Yoast SEO plugin. -->","yoast_head_json":{"title":"Juteuse automatique lineaire sous vide Mod. LV2 | STV Machinery","description":"Machine apte au remplissage sous vide avec des liquides de pots en verre ou boites m\u00e9talliques contenant des produits solides entiers ou en morceaux.","robots":{"index":"index","follow":"follow","max-snippet":"max-snippet:-1","max-image-preview":"max-image-preview:large","max-video-preview":"max-video-preview:-1"},"canonical":"https:\/\/www.stvmachinery.it\/fr\/macchinari\/juteuses-sous-vide\/juteuse-automatique-lineaire-sous-vide-mod-lv2\/","og_locale":"fr_FR","og_type":"article","og_title":"Juteuse automatique lineaire sous vide Mod. LV2 | STV Machinery","og_description":"Machine apte au remplissage sous vide avec des liquides de pots en verre ou boites m\u00e9talliques contenant des produits solides entiers ou en morceaux.","og_url":"https:\/\/www.stvmachinery.it\/fr\/macchinari\/juteuses-sous-vide\/juteuse-automatique-lineaire-sous-vide-mod-lv2\/","og_site_name":"STV Machinery","article_modified_time":"2025-11-24T13:16:46+00:00","og_image":[{"width":1200,"height":1200,"url":"https:\/\/www.stvmachinery.it\/wp-content\/uploads\/2024\/03\/Colmatrice-Sottovuoto-Lineare-Mod.-LV2.webp","type":"image\/webp"}],"twitter_card":"summary_large_image","schema":{"@context":"https:\/\/schema.org","@graph":[{"@type":"WebPage","@id":"https:\/\/www.stvmachinery.it\/fr\/macchinari\/juteuses-sous-vide\/juteuse-automatique-lineaire-sous-vide-mod-lv2\/","url":"https:\/\/www.stvmachinery.it\/fr\/macchinari\/juteuses-sous-vide\/juteuse-automatique-lineaire-sous-vide-mod-lv2\/","name":"Juteuse automatique lineaire sous vide Mod. LV2 | STV Machinery","isPartOf":{"@id":"https:\/\/www.stvmachinery.it\/fr\/#website"},"primaryImageOfPage":{"@id":"https:\/\/www.stvmachinery.it\/fr\/macchinari\/juteuses-sous-vide\/juteuse-automatique-lineaire-sous-vide-mod-lv2\/#primaryimage"},"image":{"@id":"https:\/\/www.stvmachinery.it\/fr\/macchinari\/juteuses-sous-vide\/juteuse-automatique-lineaire-sous-vide-mod-lv2\/#primaryimage"},"thumbnailUrl":"https:\/\/www.stvmachinery.it\/wp-content\/uploads\/2024\/03\/Colmatrice-Sottovuoto-Lineare-Mod.-LV2.webp","datePublished":"2024-03-27T12:47:09+00:00","dateModified":"2025-11-24T13:16:46+00:00","description":"Machine apte au remplissage sous vide avec des liquides de pots en verre ou boites m\u00e9talliques contenant des produits solides entiers ou en morceaux.","breadcrumb":{"@id":"https:\/\/www.stvmachinery.it\/fr\/macchinari\/juteuses-sous-vide\/juteuse-automatique-lineaire-sous-vide-mod-lv2\/#breadcrumb"},"inLanguage":"fr-FR","potentialAction":[{"@type":"ReadAction","target":["https:\/\/www.stvmachinery.it\/fr\/macchinari\/juteuses-sous-vide\/juteuse-automatique-lineaire-sous-vide-mod-lv2\/"]}]},{"@type":"ImageObject","inLanguage":"fr-FR","@id":"https:\/\/www.stvmachinery.it\/fr\/macchinari\/juteuses-sous-vide\/juteuse-automatique-lineaire-sous-vide-mod-lv2\/#primaryimage","url":"https:\/\/www.stvmachinery.it\/wp-content\/uploads\/2024\/03\/Colmatrice-Sottovuoto-Lineare-Mod.-LV2.webp","contentUrl":"https:\/\/www.stvmachinery.it\/wp-content\/uploads\/2024\/03\/Colmatrice-Sottovuoto-Lineare-Mod.-LV2.webp","width":1200,"height":1200},{"@type":"BreadcrumbList","@id":"https:\/\/www.stvmachinery.it\/fr\/macchinari\/juteuses-sous-vide\/juteuse-automatique-lineaire-sous-vide-mod-lv2\/#breadcrumb","itemListElement":[{"@type":"ListItem","position":1,"name":"Home","item":"https:\/\/www.stvmachinery.it\/fr\/stv-machinery\/"},{"@type":"ListItem","position":2,"name":"Machines","item":"https:\/\/www.stvmachinery.it\/fr\/machines\/"},{"@type":"ListItem","position":3,"name":"Juteuse automatique lineaire sous vide Mod. LV2"}]},{"@type":"WebSite","@id":"https:\/\/www.stvmachinery.it\/fr\/#website","url":"https:\/\/www.stvmachinery.it\/fr\/","name":"STV Machinery","description":"Macchine ed impianti per l\u2019industria agroalimentare e conserviera","publisher":{"@id":"https:\/\/www.stvmachinery.it\/fr\/#organization"},"potentialAction":[{"@type":"SearchAction","target":{"@type":"EntryPoint","urlTemplate":"https:\/\/www.stvmachinery.it\/fr\/?s={search_term_string}"},"query-input":"required name=search_term_string"}],"inLanguage":"fr-FR"},{"@type":"Organization","@id":"https:\/\/www.stvmachinery.it\/fr\/#organization","name":"S.T.V. di Salati Giovanni & C. \u2013 S.n.c.","alternateName":"STV Machinery","url":"https:\/\/www.stvmachinery.it\/fr\/","logo":{"@type":"ImageObject","inLanguage":"fr-FR","@id":"https:\/\/www.stvmachinery.it\/fr\/#\/schema\/logo\/image\/","url":"https:\/\/www.stvmachinery.it\/wp-content\/uploads\/2021\/06\/stv-machinery-logo-positivo.png","contentUrl":"https:\/\/www.stvmachinery.it\/wp-content\/uploads\/2021\/06\/stv-machinery-logo-positivo.png","width":481,"height":233,"caption":"S.T.V. di Salati Giovanni & C. \u2013 S.n.c."},"image":{"@id":"https:\/\/www.stvmachinery.it\/fr\/#\/schema\/logo\/image\/"},"sameAs":["https:\/\/it.linkedin.com\/company\/stv-machinery","https:\/\/www.youtube.com\/channel\/UCceMPa8POjTOmZeA2_KUoeg"]}]}},"_links":{"self":[{"href":"https:\/\/www.stvmachinery.it\/fr\/wp-json\/wp\/v2\/product\/10634","targetHints":{"allow":["GET"]}}],"collection":[{"href":"https:\/\/www.stvmachinery.it\/fr\/wp-json\/wp\/v2\/product"}],"about":[{"href":"https:\/\/www.stvmachinery.it\/fr\/wp-json\/wp\/v2\/types\/product"}],"version-history":[{"count":11,"href":"https:\/\/www.stvmachinery.it\/fr\/wp-json\/wp\/v2\/product\/10634\/revisions"}],"predecessor-version":[{"id":11257,"href":"https:\/\/www.stvmachinery.it\/fr\/wp-json\/wp\/v2\/product\/10634\/revisions\/11257"}],"wp:featuredmedia":[{"embeddable":true,"href":"https:\/\/www.stvmachinery.it\/fr\/wp-json\/wp\/v2\/media\/9169"}],"wp:attachment":[{"href":"https:\/\/www.stvmachinery.it\/fr\/wp-json\/wp\/v2\/media?parent=10634"}],"wp:term":[{"taxonomy":"product_cat","embeddable":true,"href":"https:\/\/www.stvmachinery.it\/fr\/wp-json\/wp\/v2\/product_cat?post=10634"},{"taxonomy":"product_tag","embeddable":true,"href":"https:\/\/www.stvmachinery.it\/fr\/wp-json\/wp\/v2\/product_tag?post=10634"}],"curies":[{"name":"wp","href":"https:\/\/api.w.org\/{rel}","templated":true}]}}