{"id":10640,"date":"2024-03-27T14:54:51","date_gmt":"2024-03-27T13:54:51","guid":{"rendered":"https:\/\/www.stvmachinery.it\/macchinari\/non%20class\u00e9\/juteuses-rotatives-sous-vide-mod-crs\/"},"modified":"2025-11-24T14:50:22","modified_gmt":"2025-11-24T13:50:22","slug":"juteuses-rotatives-sous-vide-mod-crs","status":"publish","type":"product","link":"https:\/\/www.stvmachinery.it\/fr\/macchinari\/juteuses-sous-vide\/juteuses-rotatives-sous-vide-mod-crs\/","title":{"rendered":"Juteuses rotatives sous vide Mod. CRS"},"content":{"rendered":"\t\t<div data-elementor-type=\"product-post\" data-elementor-id=\"10640\" class=\"elementor elementor-10640 elementor-8481\" data-elementor-post-type=\"product\">\n\t\t\t\t<div class=\"elementor-element elementor-element-46a5c91 e-flex e-con-boxed e-con e-parent\" data-id=\"46a5c91\" data-element_type=\"container\" id=\"caratteristiche\">\n\t\t\t\t\t<div class=\"e-con-inner\">\n\t\t\t\t<div class=\"elementor-element elementor-element-7aea20b elementor-widget elementor-widget-text-editor\" data-id=\"7aea20b\" data-element_type=\"widget\" data-widget_type=\"text-editor.default\">\n\t\t\t\t<div class=\"elementor-widget-container\">\n\t\t\t<style>\/*! elementor - v3.21.0 - 08-05-2024 *\/\n.elementor-widget-text-editor.elementor-drop-cap-view-stacked .elementor-drop-cap{background-color:#69727d;color:#fff}.elementor-widget-text-editor.elementor-drop-cap-view-framed .elementor-drop-cap{color:#69727d;border:3px solid;background-color:transparent}.elementor-widget-text-editor:not(.elementor-drop-cap-view-default) .elementor-drop-cap{margin-top:8px}.elementor-widget-text-editor:not(.elementor-drop-cap-view-default) .elementor-drop-cap-letter{width:1em;height:1em}.elementor-widget-text-editor .elementor-drop-cap{float:left;text-align:center;line-height:1;font-size:50px}.elementor-widget-text-editor .elementor-drop-cap-letter{display:inline-block}<\/style>\t\t\t\t<h3 class=\"product-item-title\">Fonctionnement<\/h3>\n<p>Apr\u00e8s le remplissage avec le produit solide (au moyen de la Table de Remplissage motoris\u00e9e ou de la Remplisseuse \u00e0 Vibration) les r\u00e9cipients sont aliment\u00e9s \u00e0 la Juteuse par un convoyeur. Une vis sans fin en polyz\u00e8ne les synchronise et une \u00e9toile d&#8217;entr\u00e9e les positionne sous les vannes de jutage. \u00c0 ce point-ci les vannes, au moyen de cylindres pneumatiques, descendent et se posent sur les r\u00e9cipients en faisant commencer les op\u00e9rations de jutage ainsi r\u00e9sum\u00e9es: <\/p>\n<ul>\n<li>Formation du vide.<\/li>\n<li>Jutage sous vide avec le liquide. <\/li>\n<li>Interruption du vide \u00e0 travers le contact avec l\u2019air ambiant. <\/li>\n<\/ul>\n<p>Apr\u00e8s le jutage les r\u00e9cipients sont convoy\u00e9s \u00e0 la Capsuleuse. Pr\u00e9disposition de la machine \u00e0 \u00eatre aliment\u00e9e par une pompe ou par chute. La machine est <strong>r\u00e9glable en hauteur<\/strong> par un v\u00e9rin \u00e9lectrique avec dispositif \u00e9lectrom\u00e9canique. <strong>Rapidit\u00e9 du syst\u00e8me de changement de format<\/strong> pour des r\u00e9cipients de diam\u00e8tre et hauteur diff\u00e9rents. Apr\u00e8s la mise en marche et les r\u00e9glages n\u00e9cessaires la machine <strong>ne n\u00e9cessite pas de l\u2019assistance de l\u2019op\u00e9rateur.<\/strong><\/p>\n\t\t\t\t\t\t<\/div>\n\t\t\t\t<\/div>\n\t\t\t\t<div class=\"elementor-element elementor-element-55e127d elementor-widget elementor-widget-ld_button\" data-id=\"55e127d\" data-element_type=\"widget\" data-widget_type=\"ld_button.default\">\n\t\t\t\t<div class=\"elementor-widget-container\">\n\t\t\t\n\t\t\t<a\n\t\t\t\thref=\"https:\/\/www.stvmachinery.it\/cataloghi\/STV-Vacuum-Filler.pdf\" target=\"_blank\"class=\"elementor-button btn btn-solid btn-icon-shaped btn-has-label\"\t\t\t>\n\t\t\t\t\t\t\t\t\t<span data-text=\"Fiche technique\" class=\"btn-txt\">\n\t\t\t\t\t\tFiche technique\t\t\t\t\t<\/span>\n\t\t\t\t\t\t\t\t\t\t\t<\/a>\n\t\t\t\t\t<\/div>\n\t\t\t\t<\/div>\n\t\t\t\t\t<\/div>\n\t\t\t\t<\/div>\n\t\t<div class=\"elementor-element elementor-element-7bffd7d e-flex e-con-boxed e-con e-parent\" data-id=\"7bffd7d\" data-element_type=\"container\">\n\t\t\t\t\t<div class=\"e-con-inner\">\n\t\t\t\t<div class=\"elementor-element elementor-element-a84dc14 elementor-widget elementor-widget-text-editor\" data-id=\"a84dc14\" data-element_type=\"widget\" data-widget_type=\"text-editor.default\">\n\t\t\t\t<div class=\"elementor-widget-container\">\n\t\t\t\t\t\t\t<h3 class=\"product-item-title\">Caract\u00e9ristiques de fabrication<\/h3>\n<ul>\n<li><strong>Soubassement<\/strong> avec plaque de support en acier au carbone, structure et rev\u00eatement total avec portes d\u2019inspection en acier inox. Le soubassement renferme la motorisation avec le motovariateur, les organes de transmission et le groupe traitement air complet d\u2019\u00e9lectrovannes. <\/li>\n<li><strong>Colonne<\/strong> centrale.\n<\/li>\n<li><strong> Carrousel de remplissage<\/strong> mont\u00e9 sur une colonne t\u00e9lescopique avec un dispositif m\u00e9canique pour le r\u00e8glement de l\u2019hauteur. <\/li>\n<li>R\u00e9servoir du produit en acier inox AISI 316. <\/li>\n<li><strong>Collecteur central du vide<\/strong>, cylindres pneumatiques de mont\u00e9e et descente des vannes de jutage. <\/li>\n<li><strong>Vannes sp\u00e9ciales (brevet STV)<\/strong> sans joints frottants pour le jutage du liquide. <\/li>\n<li><strong>Croisillon<\/strong> mont\u00e9 sur des coussinets et fix\u00e9 \u00e0 deux colonnes, qui porte un anneau sur lequel sont mont\u00e9es les cames pour les phases de vide, produit et air ambiant, et les phases de mont\u00e9e et de descente des cylindres des vannes. Sur le croisillon sont mont\u00e9s le flotteur pour le contr\u00f4le du niveau du liquide, les vannes d\u2019alimentation du produit et les couvercles du r\u00e9servoir. <\/li>\n<li><strong>Pompe du vide<\/strong> \u00e0 anneau liquide en fonte et couronne en bronze avec r\u00e9servoir en <strong>acier inox AISI 316<\/strong> connect\u00e9 au collecteur central de la machine, complet de vacuom\u00e8tre, indicateur de niveau, \u00e9coutille, boule de lavage et vanne de d\u00e9chargement. <\/li>\n<li>Une <strong>vis sans fin<\/strong> fournie avec la machine pour un format de r\u00e9cipient.<\/li>\n<li><strong>Tableau \u00e9lectrique<\/strong> de commande.<\/li>\n<li><strong>Syst\u00e8me de protection de s\u00e9curit\u00e9<\/strong> selon les normes CE.<\/li>\n<li>Fabrication en acier inox AISI 304, sauf quelques parties qui sont en mat\u00e9riel diff\u00e9rent apte \u00e0 leur bon fonctionnement.<\/li>\n<li>Sur demande et selon le type de produit la machine peut \u00eatre fournie avec <strong>ECHANGEUR DE LA CHALEUR<\/strong> du type \u00e0 a faisceau des tubes fabriqu\u00e9 en acier inox AISI 316.<\/li>\n<\/ul>\n\t\t\t\t\t\t<\/div>\n\t\t\t\t<\/div>\n\t\t\t\t\t<\/div>\n\t\t\t\t<\/div>\n\t\t<div class=\"elementor-element elementor-element-29845a2 e-flex e-con-boxed e-con e-parent\" data-id=\"29845a2\" data-element_type=\"container\" data-settings=\"{&quot;background_background&quot;:&quot;classic&quot;}\">\n\t\t\t\t\t<div class=\"e-con-inner\">\n\t\t\t\t<div class=\"elementor-element elementor-element-a16b40d elementor-widget elementor-widget-heading\" data-id=\"a16b40d\" data-element_type=\"widget\" data-widget_type=\"heading.default\">\n\t\t\t\t<div class=\"elementor-widget-container\">\n\t\t\t<style>\/*! elementor - v3.21.0 - 08-05-2024 *\/\n.elementor-heading-title{padding:0;margin:0;line-height:1}.elementor-widget-heading .elementor-heading-title[class*=elementor-size-]>a{color:inherit;font-size:inherit;line-height:inherit}.elementor-widget-heading .elementor-heading-title.elementor-size-small{font-size:15px}.elementor-widget-heading .elementor-heading-title.elementor-size-medium{font-size:19px}.elementor-widget-heading .elementor-heading-title.elementor-size-large{font-size:29px}.elementor-widget-heading .elementor-heading-title.elementor-size-xl{font-size:39px}.elementor-widget-heading .elementor-heading-title.elementor-size-xxl{font-size:59px}<\/style><h4 class=\"elementor-heading-title elementor-size-default\">Mod\u00e8les disponibles<\/h4>\t\t<\/div>\n\t\t\t\t<\/div>\n\t\t\t\t<div class=\"elementor-element elementor-element-4a596a4 elementor-widget elementor-widget-text-editor\" data-id=\"4a596a4\" data-element_type=\"widget\" data-widget_type=\"text-editor.default\">\n\t\t\t\t<div class=\"elementor-widget-container\">\n\t\t\t\t\t\t\t<div><strong>Les Juteuses mod.CRS sont disponibles dans les mod\u00e8les suivants : <\/strong><\/div>\n<div> <\/div>\n<ul>\n<li><strong>Mod. CRS6 (avec 6 vannes) <\/strong> pour une cadence de 4.000 r\u00e9cipients\/heure environ de 314 ml<\/li>\n<li><strong>Mod. CRS9 (avec 9 vannes) <\/strong> pour une cadence de 6.000 r\u00e9cipients\/heure environ de 314 ml<\/li>\n<li><strong>Mod. CRS12 (avec 12 vannes) <\/strong> pour une cadence de 7.500 r\u00e9cipients\/heure environ de 314 ml<\/li>\n<\/ul>\n\t\t\t\t\t\t<\/div>\n\t\t\t\t<\/div>\n\t\t\t\t\t<\/div>\n\t\t\t\t<\/div>\n\t\t<div class=\"elementor-element elementor-element-0d2ed86 e-flex e-con-boxed e-con e-parent\" data-id=\"0d2ed86\" data-element_type=\"container\" data-settings=\"{&quot;background_background&quot;:&quot;classic&quot;}\">\n\t\t\t\t\t<div class=\"e-con-inner\">\n\t\t\t\t<div class=\"elementor-element elementor-element-7f18ee0 elementor-widget elementor-widget-heading\" data-id=\"7f18ee0\" data-element_type=\"widget\" data-widget_type=\"heading.default\">\n\t\t\t\t<div class=\"elementor-widget-container\">\n\t\t\t<h4 class=\"elementor-heading-title elementor-size-default\">Donn\u00e9es techniques<\/h4>\t\t<\/div>\n\t\t\t\t<\/div>\n\t\t\t\t<div class=\"elementor-element elementor-element-402fee9 elementor-widget elementor-widget-ld_table\" data-id=\"402fee9\" data-element_type=\"widget\" data-widget_type=\"ld_table.default\">\n\t\t\t\t<div class=\"elementor-widget-container\">\n\t\t\t<table><tr><td class=\"elementor-repeater-item-510be3e\">Longueur<\/td><td class=\"elementor-repeater-item-721abc6\">3.000 mm (tous les mod\u00e8les)<\/td><\/tr><tr><td class=\"elementor-repeater-item-37c0e5b\">Largeur<\/td><td class=\"elementor-repeater-item-6409f1a\">de 1.100 \u00e0 1.600 mm max.<\/td><\/tr><\/table>\t\t<\/div>\n\t\t\t\t<\/div>\n\t\t\t\t\t<\/div>\n\t\t\t\t<\/div>\n\t\t<div class=\"elementor-element elementor-element-9beed57 e-flex e-con-boxed e-con e-parent\" data-id=\"9beed57\" data-element_type=\"container\" data-settings=\"{&quot;background_background&quot;:&quot;classic&quot;}\">\n\t\t\t\t\t<div class=\"e-con-inner\">\n\t\t\t\t<div class=\"elementor-element elementor-element-8bdd603 elementor-widget elementor-widget-heading\" data-id=\"8bdd603\" data-element_type=\"widget\" data-widget_type=\"heading.default\">\n\t\t\t\t<div class=\"elementor-widget-container\">\n\t\t\t<h4 class=\"elementor-heading-title elementor-size-default\">Video<\/h4>\t\t<\/div>\n\t\t\t\t<\/div>\n\t\t\t\t<div class=\"elementor-element elementor-element-6930231 elementor-widget elementor-widget-video\" data-id=\"6930231\" data-element_type=\"widget\" data-settings=\"{&quot;youtube_url&quot;:&quot;https:\\\/\\\/youtu.be\\\/VbEtCrPklFQ&quot;,&quot;video_type&quot;:&quot;youtube&quot;,&quot;controls&quot;:&quot;yes&quot;}\" data-widget_type=\"video.default\">\n\t\t\t\t<div class=\"elementor-widget-container\">\n\t\t\t<style>\/*! elementor - v3.21.0 - 08-05-2024 *\/\n.elementor-widget-video .elementor-widget-container{overflow:hidden;transform:translateZ(0)}.elementor-widget-video .elementor-wrapper{aspect-ratio:var(--video-aspect-ratio)}.elementor-widget-video .elementor-wrapper iframe,.elementor-widget-video .elementor-wrapper video{height:100%;width:100%;display:flex;border:none;background-color:#000}@supports not (aspect-ratio:1\/1){.elementor-widget-video .elementor-wrapper{position:relative;overflow:hidden;height:0;padding-bottom:calc(100% \/ var(--video-aspect-ratio))}.elementor-widget-video .elementor-wrapper iframe,.elementor-widget-video .elementor-wrapper video{position:absolute;top:0;right:0;bottom:0;left:0}}.elementor-widget-video .elementor-open-inline .elementor-custom-embed-image-overlay{position:absolute;top:0;right:0;bottom:0;left:0;background-size:cover;background-position:50%}.elementor-widget-video .elementor-custom-embed-image-overlay{cursor:pointer;text-align:center}.elementor-widget-video .elementor-custom-embed-image-overlay:hover .elementor-custom-embed-play i{opacity:1}.elementor-widget-video .elementor-custom-embed-image-overlay img{display:block;width:100%;aspect-ratio:var(--video-aspect-ratio);-o-object-fit:cover;object-fit:cover;-o-object-position:center center;object-position:center center}@supports not (aspect-ratio:1\/1){.elementor-widget-video .elementor-custom-embed-image-overlay{position:relative;overflow:hidden;height:0;padding-bottom:calc(100% \/ var(--video-aspect-ratio))}.elementor-widget-video .elementor-custom-embed-image-overlay img{position:absolute;top:0;right:0;bottom:0;left:0}}.elementor-widget-video .e-hosted-video .elementor-video{-o-object-fit:cover;object-fit:cover}.e-con-inner>.elementor-widget-video,.e-con>.elementor-widget-video{width:var(--container-widget-width);--flex-grow:var(--container-widget-flex-grow)}<\/style>\t\t<div class=\"elementor-wrapper elementor-open-inline\">\n\t\t\t<div class=\"elementor-video\"><\/div>\t\t<\/div>\n\t\t\t\t<\/div>\n\t\t\t\t<\/div>\n\t\t\t\t\t<\/div>\n\t\t\t\t<\/div>\n\t\t\t\t<\/div>\n\t\t","protected":false},"excerpt":{"rendered":"<p>Machine apte au <strong>remplissage sous vide avec des liquides<\/strong> tels que huile, saumure, mixture type sirop etc. <strong>de pots en verre ou boites m\u00e9talliques contenant des produits solides entiers ou en morceaux \/ rondelles<\/strong> (olives, poivrons, c\u00e2pres, artichauts, champignons, l\u00e9gumes secs cuits, fruits, filets de poisson, cubes de fromage, etc.). <\/p>\n<p><a class=\"pulsanterosso\" href=\"#caratteristiche\">Caract\u00e9ristiques techniques<\/a><\/p>\n","protected":false},"featured_media":11124,"template":"","meta":{"inline_featured_image":false},"product_cat":[118],"product_tag":[],"class_list":{"0":"post-10640","1":"product","2":"type-product","3":"status-publish","4":"has-post-thumbnail","6":"product_cat-juteuses-sous-vide","7":"pa_applicazione-produits-solides","8":"pa_funzionamento-automatique","9":"pa_settore-alimentaire","11":"first","12":"instock","13":"shipping-taxable","14":"product-type-simple"},"yoast_head":"<!-- This site is optimized with the Yoast SEO plugin v22.7 - https:\/\/yoast.com\/wordpress\/plugins\/seo\/ -->\n<title>Juteuses rotatives sous vide Mod. CRS | STV Machinery<\/title>\n<meta name=\"description\" content=\"Machine apte au remplissage sous vide avec des liquides de pots en verre ou boites m\u00e9talliques contenant des produits solides entiers ou en morceaux.\" \/>\n<meta name=\"robots\" content=\"index, follow, max-snippet:-1, max-image-preview:large, max-video-preview:-1\" \/>\n<link rel=\"canonical\" href=\"https:\/\/www.stvmachinery.it\/fr\/macchinari\/juteuses-sous-vide\/juteuses-rotatives-sous-vide-mod-crs\/\" \/>\n<meta property=\"og:locale\" content=\"fr_FR\" \/>\n<meta property=\"og:type\" content=\"article\" \/>\n<meta property=\"og:title\" content=\"Juteuses rotatives sous vide Mod. CRS | STV Machinery\" \/>\n<meta property=\"og:description\" content=\"Machine apte au remplissage sous vide avec des liquides de pots en verre ou boites m\u00e9talliques contenant des produits solides entiers ou en morceaux.\" \/>\n<meta property=\"og:url\" content=\"https:\/\/www.stvmachinery.it\/fr\/macchinari\/juteuses-sous-vide\/juteuses-rotatives-sous-vide-mod-crs\/\" \/>\n<meta property=\"og:site_name\" content=\"STV Machinery\" \/>\n<meta property=\"article:modified_time\" content=\"2025-11-24T13:50:22+00:00\" \/>\n<meta property=\"og:image\" content=\"https:\/\/www.stvmachinery.it\/wp-content\/uploads\/2024\/03\/Colmatrice-Sottovuoto-rotativa-CRS162.webp\" \/>\n\t<meta property=\"og:image:width\" content=\"1200\" \/>\n\t<meta property=\"og:image:height\" content=\"1200\" \/>\n\t<meta property=\"og:image:type\" content=\"image\/webp\" \/>\n<meta name=\"twitter:card\" content=\"summary_large_image\" \/>\n<script type=\"application\/ld+json\" class=\"yoast-schema-graph\">{\"@context\":\"https:\/\/schema.org\",\"@graph\":[{\"@type\":\"WebPage\",\"@id\":\"https:\/\/www.stvmachinery.it\/fr\/macchinari\/juteuses-sous-vide\/juteuses-rotatives-sous-vide-mod-crs\/\",\"url\":\"https:\/\/www.stvmachinery.it\/fr\/macchinari\/juteuses-sous-vide\/juteuses-rotatives-sous-vide-mod-crs\/\",\"name\":\"Juteuses rotatives sous vide Mod. CRS | STV Machinery\",\"isPartOf\":{\"@id\":\"https:\/\/www.stvmachinery.it\/fr\/#website\"},\"primaryImageOfPage\":{\"@id\":\"https:\/\/www.stvmachinery.it\/fr\/macchinari\/juteuses-sous-vide\/juteuses-rotatives-sous-vide-mod-crs\/#primaryimage\"},\"image\":{\"@id\":\"https:\/\/www.stvmachinery.it\/fr\/macchinari\/juteuses-sous-vide\/juteuses-rotatives-sous-vide-mod-crs\/#primaryimage\"},\"thumbnailUrl\":\"https:\/\/www.stvmachinery.it\/wp-content\/uploads\/2024\/03\/Colmatrice-Sottovuoto-rotativa-CRS162.webp\",\"datePublished\":\"2024-03-27T13:54:51+00:00\",\"dateModified\":\"2025-11-24T13:50:22+00:00\",\"description\":\"Machine apte au remplissage sous vide avec des liquides de pots en verre ou boites m\u00e9talliques contenant des produits solides entiers ou en morceaux.\",\"breadcrumb\":{\"@id\":\"https:\/\/www.stvmachinery.it\/fr\/macchinari\/juteuses-sous-vide\/juteuses-rotatives-sous-vide-mod-crs\/#breadcrumb\"},\"inLanguage\":\"fr-FR\",\"potentialAction\":[{\"@type\":\"ReadAction\",\"target\":[\"https:\/\/www.stvmachinery.it\/fr\/macchinari\/juteuses-sous-vide\/juteuses-rotatives-sous-vide-mod-crs\/\"]}]},{\"@type\":\"ImageObject\",\"inLanguage\":\"fr-FR\",\"@id\":\"https:\/\/www.stvmachinery.it\/fr\/macchinari\/juteuses-sous-vide\/juteuses-rotatives-sous-vide-mod-crs\/#primaryimage\",\"url\":\"https:\/\/www.stvmachinery.it\/wp-content\/uploads\/2024\/03\/Colmatrice-Sottovuoto-rotativa-CRS162.webp\",\"contentUrl\":\"https:\/\/www.stvmachinery.it\/wp-content\/uploads\/2024\/03\/Colmatrice-Sottovuoto-rotativa-CRS162.webp\",\"width\":1200,\"height\":1200},{\"@type\":\"BreadcrumbList\",\"@id\":\"https:\/\/www.stvmachinery.it\/fr\/macchinari\/juteuses-sous-vide\/juteuses-rotatives-sous-vide-mod-crs\/#breadcrumb\",\"itemListElement\":[{\"@type\":\"ListItem\",\"position\":1,\"name\":\"Home\",\"item\":\"https:\/\/www.stvmachinery.it\/fr\/stv-machinery\/\"},{\"@type\":\"ListItem\",\"position\":2,\"name\":\"Machines\",\"item\":\"https:\/\/www.stvmachinery.it\/fr\/machines\/\"},{\"@type\":\"ListItem\",\"position\":3,\"name\":\"Juteuses rotatives sous vide Mod. CRS\"}]},{\"@type\":\"WebSite\",\"@id\":\"https:\/\/www.stvmachinery.it\/fr\/#website\",\"url\":\"https:\/\/www.stvmachinery.it\/fr\/\",\"name\":\"STV Machinery\",\"description\":\"Macchine ed impianti per l\u2019industria agroalimentare e conserviera\",\"publisher\":{\"@id\":\"https:\/\/www.stvmachinery.it\/fr\/#organization\"},\"potentialAction\":[{\"@type\":\"SearchAction\",\"target\":{\"@type\":\"EntryPoint\",\"urlTemplate\":\"https:\/\/www.stvmachinery.it\/fr\/?s={search_term_string}\"},\"query-input\":\"required name=search_term_string\"}],\"inLanguage\":\"fr-FR\"},{\"@type\":\"Organization\",\"@id\":\"https:\/\/www.stvmachinery.it\/fr\/#organization\",\"name\":\"S.T.V. di Salati Giovanni & C. \u2013 S.n.c.\",\"alternateName\":\"STV Machinery\",\"url\":\"https:\/\/www.stvmachinery.it\/fr\/\",\"logo\":{\"@type\":\"ImageObject\",\"inLanguage\":\"fr-FR\",\"@id\":\"https:\/\/www.stvmachinery.it\/fr\/#\/schema\/logo\/image\/\",\"url\":\"https:\/\/www.stvmachinery.it\/wp-content\/uploads\/2021\/06\/stv-machinery-logo-positivo.png\",\"contentUrl\":\"https:\/\/www.stvmachinery.it\/wp-content\/uploads\/2021\/06\/stv-machinery-logo-positivo.png\",\"width\":481,\"height\":233,\"caption\":\"S.T.V. di Salati Giovanni & C. \u2013 S.n.c.\"},\"image\":{\"@id\":\"https:\/\/www.stvmachinery.it\/fr\/#\/schema\/logo\/image\/\"},\"sameAs\":[\"https:\/\/it.linkedin.com\/company\/stv-machinery\",\"https:\/\/www.youtube.com\/channel\/UCceMPa8POjTOmZeA2_KUoeg\"]}]}<\/script>\n<!-- \/ Yoast SEO plugin. -->","yoast_head_json":{"title":"Juteuses rotatives sous vide Mod. CRS | STV Machinery","description":"Machine apte au remplissage sous vide avec des liquides de pots en verre ou boites m\u00e9talliques contenant des produits solides entiers ou en morceaux.","robots":{"index":"index","follow":"follow","max-snippet":"max-snippet:-1","max-image-preview":"max-image-preview:large","max-video-preview":"max-video-preview:-1"},"canonical":"https:\/\/www.stvmachinery.it\/fr\/macchinari\/juteuses-sous-vide\/juteuses-rotatives-sous-vide-mod-crs\/","og_locale":"fr_FR","og_type":"article","og_title":"Juteuses rotatives sous vide Mod. CRS | STV Machinery","og_description":"Machine apte au remplissage sous vide avec des liquides de pots en verre ou boites m\u00e9talliques contenant des produits solides entiers ou en morceaux.","og_url":"https:\/\/www.stvmachinery.it\/fr\/macchinari\/juteuses-sous-vide\/juteuses-rotatives-sous-vide-mod-crs\/","og_site_name":"STV Machinery","article_modified_time":"2025-11-24T13:50:22+00:00","og_image":[{"width":1200,"height":1200,"url":"https:\/\/www.stvmachinery.it\/wp-content\/uploads\/2024\/03\/Colmatrice-Sottovuoto-rotativa-CRS162.webp","type":"image\/webp"}],"twitter_card":"summary_large_image","schema":{"@context":"https:\/\/schema.org","@graph":[{"@type":"WebPage","@id":"https:\/\/www.stvmachinery.it\/fr\/macchinari\/juteuses-sous-vide\/juteuses-rotatives-sous-vide-mod-crs\/","url":"https:\/\/www.stvmachinery.it\/fr\/macchinari\/juteuses-sous-vide\/juteuses-rotatives-sous-vide-mod-crs\/","name":"Juteuses rotatives sous vide Mod. CRS | STV Machinery","isPartOf":{"@id":"https:\/\/www.stvmachinery.it\/fr\/#website"},"primaryImageOfPage":{"@id":"https:\/\/www.stvmachinery.it\/fr\/macchinari\/juteuses-sous-vide\/juteuses-rotatives-sous-vide-mod-crs\/#primaryimage"},"image":{"@id":"https:\/\/www.stvmachinery.it\/fr\/macchinari\/juteuses-sous-vide\/juteuses-rotatives-sous-vide-mod-crs\/#primaryimage"},"thumbnailUrl":"https:\/\/www.stvmachinery.it\/wp-content\/uploads\/2024\/03\/Colmatrice-Sottovuoto-rotativa-CRS162.webp","datePublished":"2024-03-27T13:54:51+00:00","dateModified":"2025-11-24T13:50:22+00:00","description":"Machine apte au remplissage sous vide avec des liquides de pots en verre ou boites m\u00e9talliques contenant des produits solides entiers ou en morceaux.","breadcrumb":{"@id":"https:\/\/www.stvmachinery.it\/fr\/macchinari\/juteuses-sous-vide\/juteuses-rotatives-sous-vide-mod-crs\/#breadcrumb"},"inLanguage":"fr-FR","potentialAction":[{"@type":"ReadAction","target":["https:\/\/www.stvmachinery.it\/fr\/macchinari\/juteuses-sous-vide\/juteuses-rotatives-sous-vide-mod-crs\/"]}]},{"@type":"ImageObject","inLanguage":"fr-FR","@id":"https:\/\/www.stvmachinery.it\/fr\/macchinari\/juteuses-sous-vide\/juteuses-rotatives-sous-vide-mod-crs\/#primaryimage","url":"https:\/\/www.stvmachinery.it\/wp-content\/uploads\/2024\/03\/Colmatrice-Sottovuoto-rotativa-CRS162.webp","contentUrl":"https:\/\/www.stvmachinery.it\/wp-content\/uploads\/2024\/03\/Colmatrice-Sottovuoto-rotativa-CRS162.webp","width":1200,"height":1200},{"@type":"BreadcrumbList","@id":"https:\/\/www.stvmachinery.it\/fr\/macchinari\/juteuses-sous-vide\/juteuses-rotatives-sous-vide-mod-crs\/#breadcrumb","itemListElement":[{"@type":"ListItem","position":1,"name":"Home","item":"https:\/\/www.stvmachinery.it\/fr\/stv-machinery\/"},{"@type":"ListItem","position":2,"name":"Machines","item":"https:\/\/www.stvmachinery.it\/fr\/machines\/"},{"@type":"ListItem","position":3,"name":"Juteuses rotatives sous vide Mod. CRS"}]},{"@type":"WebSite","@id":"https:\/\/www.stvmachinery.it\/fr\/#website","url":"https:\/\/www.stvmachinery.it\/fr\/","name":"STV Machinery","description":"Macchine ed impianti per l\u2019industria agroalimentare e conserviera","publisher":{"@id":"https:\/\/www.stvmachinery.it\/fr\/#organization"},"potentialAction":[{"@type":"SearchAction","target":{"@type":"EntryPoint","urlTemplate":"https:\/\/www.stvmachinery.it\/fr\/?s={search_term_string}"},"query-input":"required name=search_term_string"}],"inLanguage":"fr-FR"},{"@type":"Organization","@id":"https:\/\/www.stvmachinery.it\/fr\/#organization","name":"S.T.V. di Salati Giovanni & C. \u2013 S.n.c.","alternateName":"STV Machinery","url":"https:\/\/www.stvmachinery.it\/fr\/","logo":{"@type":"ImageObject","inLanguage":"fr-FR","@id":"https:\/\/www.stvmachinery.it\/fr\/#\/schema\/logo\/image\/","url":"https:\/\/www.stvmachinery.it\/wp-content\/uploads\/2021\/06\/stv-machinery-logo-positivo.png","contentUrl":"https:\/\/www.stvmachinery.it\/wp-content\/uploads\/2021\/06\/stv-machinery-logo-positivo.png","width":481,"height":233,"caption":"S.T.V. di Salati Giovanni & C. \u2013 S.n.c."},"image":{"@id":"https:\/\/www.stvmachinery.it\/fr\/#\/schema\/logo\/image\/"},"sameAs":["https:\/\/it.linkedin.com\/company\/stv-machinery","https:\/\/www.youtube.com\/channel\/UCceMPa8POjTOmZeA2_KUoeg"]}]}},"_links":{"self":[{"href":"https:\/\/www.stvmachinery.it\/fr\/wp-json\/wp\/v2\/product\/10640","targetHints":{"allow":["GET"]}}],"collection":[{"href":"https:\/\/www.stvmachinery.it\/fr\/wp-json\/wp\/v2\/product"}],"about":[{"href":"https:\/\/www.stvmachinery.it\/fr\/wp-json\/wp\/v2\/types\/product"}],"version-history":[{"count":9,"href":"https:\/\/www.stvmachinery.it\/fr\/wp-json\/wp\/v2\/product\/10640\/revisions"}],"predecessor-version":[{"id":11292,"href":"https:\/\/www.stvmachinery.it\/fr\/wp-json\/wp\/v2\/product\/10640\/revisions\/11292"}],"wp:featuredmedia":[{"embeddable":true,"href":"https:\/\/www.stvmachinery.it\/fr\/wp-json\/wp\/v2\/media\/11124"}],"wp:attachment":[{"href":"https:\/\/www.stvmachinery.it\/fr\/wp-json\/wp\/v2\/media?parent=10640"}],"wp:term":[{"taxonomy":"product_cat","embeddable":true,"href":"https:\/\/www.stvmachinery.it\/fr\/wp-json\/wp\/v2\/product_cat?post=10640"},{"taxonomy":"product_tag","embeddable":true,"href":"https:\/\/www.stvmachinery.it\/fr\/wp-json\/wp\/v2\/product_tag?post=10640"}],"curies":[{"name":"wp","href":"https:\/\/api.w.org\/{rel}","templated":true}]}}