{"id":10658,"date":"2024-03-27T16:41:17","date_gmt":"2024-03-27T15:41:17","guid":{"rendered":"https:\/\/www.stvmachinery.it\/macchinari\/non%20class\u00e9\/juteuse-sous-vide-semi-automatique-mod-cs1\/"},"modified":"2025-12-17T10:07:52","modified_gmt":"2025-12-17T09:07:52","slug":"juteuse-sous-vide-semi-automatique-mod-cs1","status":"publish","type":"product","link":"https:\/\/www.stvmachinery.it\/fr\/macchinari\/doseuses\/juteuse-sous-vide-semi-automatique-mod-cs1\/","title":{"rendered":"Juteuse sous-vide semi-automatique Mod. CS1"},"content":{"rendered":"\t\t<div data-elementor-type=\"product-post\" data-elementor-id=\"10658\" class=\"elementor elementor-10658 elementor-8521\" data-elementor-post-type=\"product\">\n\t\t\t\t<div class=\"elementor-element elementor-element-46a5c91 e-flex e-con-boxed e-con e-parent\" data-id=\"46a5c91\" data-element_type=\"container\" id=\"caratteristiche\">\n\t\t\t\t\t<div class=\"e-con-inner\">\n\t\t\t\t<div class=\"elementor-element elementor-element-7aea20b elementor-widget elementor-widget-text-editor\" data-id=\"7aea20b\" data-element_type=\"widget\" data-widget_type=\"text-editor.default\">\n\t\t\t\t<div class=\"elementor-widget-container\">\n\t\t\t<style>\/*! elementor - v3.21.0 - 08-05-2024 *\/\n.elementor-widget-text-editor.elementor-drop-cap-view-stacked .elementor-drop-cap{background-color:#69727d;color:#fff}.elementor-widget-text-editor.elementor-drop-cap-view-framed .elementor-drop-cap{color:#69727d;border:3px solid;background-color:transparent}.elementor-widget-text-editor:not(.elementor-drop-cap-view-default) .elementor-drop-cap{margin-top:8px}.elementor-widget-text-editor:not(.elementor-drop-cap-view-default) .elementor-drop-cap-letter{width:1em;height:1em}.elementor-widget-text-editor .elementor-drop-cap{float:left;text-align:center;line-height:1;font-size:50px}.elementor-widget-text-editor .elementor-drop-cap-letter{display:inline-block}<\/style>\t\t\t\t<h3 class=\"product-item-title\">Fonctionnement<\/h3>\n<p>Apr\u00e8s le remplissage du produit solide les r\u00e9cipients sont positionn\u00e9s manuellement <strong>sous la vanne de jutage. <\/strong><\/p>\n<p>Apr\u00e8s le jutage <strong>l\u2019operateur pr\u00e9l\u00e8ve les r\u00e9cipient pour les fermer.<\/strong><\/p>\n\t\t\t\t\t\t<\/div>\n\t\t\t\t<\/div>\n\t\t\t\t\t<\/div>\n\t\t\t\t<\/div>\n\t\t<div class=\"elementor-element elementor-element-7bffd7d e-flex e-con-boxed e-con e-parent\" data-id=\"7bffd7d\" data-element_type=\"container\" data-settings=\"{&quot;background_background&quot;:&quot;classic&quot;}\">\n\t\t\t\t\t<div class=\"e-con-inner\">\n\t\t\t\t<div class=\"elementor-element elementor-element-a84dc14 elementor-widget elementor-widget-text-editor\" data-id=\"a84dc14\" data-element_type=\"widget\" data-widget_type=\"text-editor.default\">\n\t\t\t\t<div class=\"elementor-widget-container\">\n\t\t\t\t\t\t\t<h3 class=\"product-item-title\">Caract\u00e9ristiques de fabrication<\/h3>\n<ul>\n<li><strong>Structure de support en t\u00f4le<\/strong> profil\u00e9e avec des pieds d\u2019appui r\u00e9glables en hauteur. <\/li>\n<li><strong>Plan pour le support des r\u00e9cipients<\/strong> r\u00e9glable en hauteur. <br \/><strong>Une vanne de jutage du liquide.<\/strong>.<br \/>Cuve en acier inox pour le liquide..<\/li>\n<li><strong>Pompe du vide. <br \/><\/strong><\/li>\n<li><strong>Tableau \u00e9lectrique<\/strong> de commande.<\/li>\n<li>Fabrication en <strong>acier inox. <\/strong> <\/li>\n<li><strong>Sur demande <\/strong> la machine peut \u00eatre fournie avec <strong>SERPENTIN et \/ ou POMPE D&#8217;ALIMENTATION.<\/strong><\/li>\n<\/ul>\n\t\t\t\t\t\t<\/div>\n\t\t\t\t<\/div>\n\t\t\t\t\t<\/div>\n\t\t\t\t<\/div>\n\t\t<div class=\"elementor-element elementor-element-29845a2 e-flex e-con-boxed e-con e-parent\" data-id=\"29845a2\" data-element_type=\"container\">\n\t\t\t\t\t<div class=\"e-con-inner\">\n\t\t\t\t<div class=\"elementor-element elementor-element-a16b40d elementor-widget elementor-widget-heading\" data-id=\"a16b40d\" data-element_type=\"widget\" data-widget_type=\"heading.default\">\n\t\t\t\t<div class=\"elementor-widget-container\">\n\t\t\t<style>\/*! elementor - v3.21.0 - 08-05-2024 *\/\n.elementor-heading-title{padding:0;margin:0;line-height:1}.elementor-widget-heading .elementor-heading-title[class*=elementor-size-]>a{color:inherit;font-size:inherit;line-height:inherit}.elementor-widget-heading .elementor-heading-title.elementor-size-small{font-size:15px}.elementor-widget-heading .elementor-heading-title.elementor-size-medium{font-size:19px}.elementor-widget-heading .elementor-heading-title.elementor-size-large{font-size:29px}.elementor-widget-heading .elementor-heading-title.elementor-size-xl{font-size:39px}.elementor-widget-heading .elementor-heading-title.elementor-size-xxl{font-size:59px}<\/style><h4 class=\"elementor-heading-title elementor-size-default\">Donn\u00e9es techniques<\/h4>\t\t<\/div>\n\t\t\t\t<\/div>\n\t\t\t\t<div class=\"elementor-element elementor-element-fafc885 elementor-widget elementor-widget-ld_table\" data-id=\"fafc885\" data-element_type=\"widget\" data-widget_type=\"ld_table.default\">\n\t\t\t\t<div class=\"elementor-widget-container\">\n\t\t\t<table><tr><td class=\"elementor-repeater-item-4be9d2e\">Capacit\u00e9<\/td><td class=\"elementor-repeater-item-485afe4\">200\/250 r\u00e9cipients\/heure environ de 314 ml (variable selon l'abilit\u00e9 de l'op\u00e9rateur, les dimensions du r\u00e9cipients et le type de liquide) <\/td><\/tr><tr><td class=\"elementor-repeater-item-d918673\">Puissance install\u00e9e<\/td><td class=\"elementor-repeater-item-3ab17d1\">Kw 3,50<\/td><\/tr><tr><td class=\"elementor-repeater-item-510be3e\">Longueur<\/td><td class=\"elementor-repeater-item-721abc6\">1.150 mm<\/td><\/tr><tr><td class=\"elementor-repeater-item-37c0e5b\">Largeur<\/td><td class=\"elementor-repeater-item-6409f1a\">800 mm<\/td><\/tr><\/table>\t\t<\/div>\n\t\t\t\t<\/div>\n\t\t\t\t\t<\/div>\n\t\t\t\t<\/div>\n\t\t\t\t<\/div>\n\t\t","protected":false},"excerpt":{"rendered":"<p>Machine apte au <strong>remplissage sous vide<\/strong> avec des liquides tels que huile, saumure, mixture type sirop etc. de pots en verre ou boites m\u00e9talliques contenant des <strong>produits solides entiers ou en morceaux \/ rondelles<\/strong> (olives, poivrons, c\u00e2pres, artichauts, champignons, l\u00e9gumes secs cuits, fruits, filets de poisson, cubes de fromage, etc.).<\/p>\n<p><a class=\"pulsanterosso\" href=\"#caratteristiche\">Caract\u00e9ristiques techniques<\/a><\/p>\n","protected":false},"featured_media":9215,"template":"","meta":{"inline_featured_image":false},"product_cat":[169],"product_tag":[],"class_list":{"0":"post-10658","1":"product","2":"type-product","3":"status-publish","4":"has-post-thumbnail","6":"product_cat-doseuses","7":"pa_applicazione-produits-solides","8":"pa_funzionamento-semi-automatique","9":"pa_settore-alimentaire","11":"first","12":"instock","13":"shipping-taxable","14":"product-type-simple"},"yoast_head":"<!-- This site is optimized with the Yoast SEO plugin v22.7 - https:\/\/yoast.com\/wordpress\/plugins\/seo\/ -->\n<title>Juteuse sous-vide semi-automatique Mod. CS1 | STV Machinery<\/title>\n<meta name=\"description\" content=\"Machine apte au remplissage sous vide avec des liquides de pots en verre ou boites m\u00e9talliques contenant des produits solides.\" \/>\n<meta name=\"robots\" content=\"index, follow, max-snippet:-1, max-image-preview:large, max-video-preview:-1\" \/>\n<link rel=\"canonical\" href=\"https:\/\/www.stvmachinery.it\/fr\/macchinari\/doseuses\/juteuse-sous-vide-semi-automatique-mod-cs1\/\" \/>\n<meta property=\"og:locale\" content=\"fr_FR\" \/>\n<meta property=\"og:type\" content=\"article\" \/>\n<meta property=\"og:title\" content=\"Juteuse sous-vide semi-automatique Mod. CS1 | STV Machinery\" \/>\n<meta property=\"og:description\" content=\"Machine apte au remplissage sous vide avec des liquides de pots en verre ou boites m\u00e9talliques contenant des produits solides.\" \/>\n<meta property=\"og:url\" content=\"https:\/\/www.stvmachinery.it\/fr\/macchinari\/doseuses\/juteuse-sous-vide-semi-automatique-mod-cs1\/\" \/>\n<meta property=\"og:site_name\" content=\"STV Machinery\" \/>\n<meta property=\"article:modified_time\" content=\"2025-12-17T09:07:52+00:00\" \/>\n<meta property=\"og:image\" content=\"https:\/\/www.stvmachinery.it\/wp-content\/uploads\/2024\/03\/Colmatrice-sottovuoto-semiautomatica.webp\" \/>\n\t<meta property=\"og:image:width\" content=\"1200\" \/>\n\t<meta property=\"og:image:height\" content=\"1200\" \/>\n\t<meta property=\"og:image:type\" content=\"image\/webp\" \/>\n<meta name=\"twitter:card\" content=\"summary_large_image\" \/>\n<script type=\"application\/ld+json\" class=\"yoast-schema-graph\">{\"@context\":\"https:\/\/schema.org\",\"@graph\":[{\"@type\":\"WebPage\",\"@id\":\"https:\/\/www.stvmachinery.it\/fr\/macchinari\/doseuses\/juteuse-sous-vide-semi-automatique-mod-cs1\/\",\"url\":\"https:\/\/www.stvmachinery.it\/fr\/macchinari\/doseuses\/juteuse-sous-vide-semi-automatique-mod-cs1\/\",\"name\":\"Juteuse sous-vide semi-automatique Mod. CS1 | STV Machinery\",\"isPartOf\":{\"@id\":\"https:\/\/www.stvmachinery.it\/fr\/#website\"},\"primaryImageOfPage\":{\"@id\":\"https:\/\/www.stvmachinery.it\/fr\/macchinari\/doseuses\/juteuse-sous-vide-semi-automatique-mod-cs1\/#primaryimage\"},\"image\":{\"@id\":\"https:\/\/www.stvmachinery.it\/fr\/macchinari\/doseuses\/juteuse-sous-vide-semi-automatique-mod-cs1\/#primaryimage\"},\"thumbnailUrl\":\"https:\/\/www.stvmachinery.it\/wp-content\/uploads\/2024\/03\/Colmatrice-sottovuoto-semiautomatica.webp\",\"datePublished\":\"2024-03-27T15:41:17+00:00\",\"dateModified\":\"2025-12-17T09:07:52+00:00\",\"description\":\"Machine apte au remplissage sous vide avec des liquides de pots en verre ou boites m\u00e9talliques contenant des produits solides.\",\"breadcrumb\":{\"@id\":\"https:\/\/www.stvmachinery.it\/fr\/macchinari\/doseuses\/juteuse-sous-vide-semi-automatique-mod-cs1\/#breadcrumb\"},\"inLanguage\":\"fr-FR\",\"potentialAction\":[{\"@type\":\"ReadAction\",\"target\":[\"https:\/\/www.stvmachinery.it\/fr\/macchinari\/doseuses\/juteuse-sous-vide-semi-automatique-mod-cs1\/\"]}]},{\"@type\":\"ImageObject\",\"inLanguage\":\"fr-FR\",\"@id\":\"https:\/\/www.stvmachinery.it\/fr\/macchinari\/doseuses\/juteuse-sous-vide-semi-automatique-mod-cs1\/#primaryimage\",\"url\":\"https:\/\/www.stvmachinery.it\/wp-content\/uploads\/2024\/03\/Colmatrice-sottovuoto-semiautomatica.webp\",\"contentUrl\":\"https:\/\/www.stvmachinery.it\/wp-content\/uploads\/2024\/03\/Colmatrice-sottovuoto-semiautomatica.webp\",\"width\":1200,\"height\":1200},{\"@type\":\"BreadcrumbList\",\"@id\":\"https:\/\/www.stvmachinery.it\/fr\/macchinari\/doseuses\/juteuse-sous-vide-semi-automatique-mod-cs1\/#breadcrumb\",\"itemListElement\":[{\"@type\":\"ListItem\",\"position\":1,\"name\":\"Home\",\"item\":\"https:\/\/www.stvmachinery.it\/fr\/stv-machinery\/\"},{\"@type\":\"ListItem\",\"position\":2,\"name\":\"Machines\",\"item\":\"https:\/\/www.stvmachinery.it\/fr\/machines\/\"},{\"@type\":\"ListItem\",\"position\":3,\"name\":\"Juteuse sous-vide semi-automatique Mod. CS1\"}]},{\"@type\":\"WebSite\",\"@id\":\"https:\/\/www.stvmachinery.it\/fr\/#website\",\"url\":\"https:\/\/www.stvmachinery.it\/fr\/\",\"name\":\"STV Machinery\",\"description\":\"Macchine ed impianti per l\u2019industria agroalimentare e conserviera\",\"publisher\":{\"@id\":\"https:\/\/www.stvmachinery.it\/fr\/#organization\"},\"potentialAction\":[{\"@type\":\"SearchAction\",\"target\":{\"@type\":\"EntryPoint\",\"urlTemplate\":\"https:\/\/www.stvmachinery.it\/fr\/?s={search_term_string}\"},\"query-input\":\"required name=search_term_string\"}],\"inLanguage\":\"fr-FR\"},{\"@type\":\"Organization\",\"@id\":\"https:\/\/www.stvmachinery.it\/fr\/#organization\",\"name\":\"S.T.V. di Salati Giovanni & C. \u2013 S.n.c.\",\"alternateName\":\"STV Machinery\",\"url\":\"https:\/\/www.stvmachinery.it\/fr\/\",\"logo\":{\"@type\":\"ImageObject\",\"inLanguage\":\"fr-FR\",\"@id\":\"https:\/\/www.stvmachinery.it\/fr\/#\/schema\/logo\/image\/\",\"url\":\"https:\/\/www.stvmachinery.it\/wp-content\/uploads\/2021\/06\/stv-machinery-logo-positivo.png\",\"contentUrl\":\"https:\/\/www.stvmachinery.it\/wp-content\/uploads\/2021\/06\/stv-machinery-logo-positivo.png\",\"width\":481,\"height\":233,\"caption\":\"S.T.V. di Salati Giovanni & C. \u2013 S.n.c.\"},\"image\":{\"@id\":\"https:\/\/www.stvmachinery.it\/fr\/#\/schema\/logo\/image\/\"},\"sameAs\":[\"https:\/\/it.linkedin.com\/company\/stv-machinery\",\"https:\/\/www.youtube.com\/channel\/UCceMPa8POjTOmZeA2_KUoeg\"]}]}<\/script>\n<!-- \/ Yoast SEO plugin. -->","yoast_head_json":{"title":"Juteuse sous-vide semi-automatique Mod. CS1 | STV Machinery","description":"Machine apte au remplissage sous vide avec des liquides de pots en verre ou boites m\u00e9talliques contenant des produits solides.","robots":{"index":"index","follow":"follow","max-snippet":"max-snippet:-1","max-image-preview":"max-image-preview:large","max-video-preview":"max-video-preview:-1"},"canonical":"https:\/\/www.stvmachinery.it\/fr\/macchinari\/doseuses\/juteuse-sous-vide-semi-automatique-mod-cs1\/","og_locale":"fr_FR","og_type":"article","og_title":"Juteuse sous-vide semi-automatique Mod. CS1 | STV Machinery","og_description":"Machine apte au remplissage sous vide avec des liquides de pots en verre ou boites m\u00e9talliques contenant des produits solides.","og_url":"https:\/\/www.stvmachinery.it\/fr\/macchinari\/doseuses\/juteuse-sous-vide-semi-automatique-mod-cs1\/","og_site_name":"STV Machinery","article_modified_time":"2025-12-17T09:07:52+00:00","og_image":[{"width":1200,"height":1200,"url":"https:\/\/www.stvmachinery.it\/wp-content\/uploads\/2024\/03\/Colmatrice-sottovuoto-semiautomatica.webp","type":"image\/webp"}],"twitter_card":"summary_large_image","schema":{"@context":"https:\/\/schema.org","@graph":[{"@type":"WebPage","@id":"https:\/\/www.stvmachinery.it\/fr\/macchinari\/doseuses\/juteuse-sous-vide-semi-automatique-mod-cs1\/","url":"https:\/\/www.stvmachinery.it\/fr\/macchinari\/doseuses\/juteuse-sous-vide-semi-automatique-mod-cs1\/","name":"Juteuse sous-vide semi-automatique Mod. CS1 | STV Machinery","isPartOf":{"@id":"https:\/\/www.stvmachinery.it\/fr\/#website"},"primaryImageOfPage":{"@id":"https:\/\/www.stvmachinery.it\/fr\/macchinari\/doseuses\/juteuse-sous-vide-semi-automatique-mod-cs1\/#primaryimage"},"image":{"@id":"https:\/\/www.stvmachinery.it\/fr\/macchinari\/doseuses\/juteuse-sous-vide-semi-automatique-mod-cs1\/#primaryimage"},"thumbnailUrl":"https:\/\/www.stvmachinery.it\/wp-content\/uploads\/2024\/03\/Colmatrice-sottovuoto-semiautomatica.webp","datePublished":"2024-03-27T15:41:17+00:00","dateModified":"2025-12-17T09:07:52+00:00","description":"Machine apte au remplissage sous vide avec des liquides de pots en verre ou boites m\u00e9talliques contenant des produits solides.","breadcrumb":{"@id":"https:\/\/www.stvmachinery.it\/fr\/macchinari\/doseuses\/juteuse-sous-vide-semi-automatique-mod-cs1\/#breadcrumb"},"inLanguage":"fr-FR","potentialAction":[{"@type":"ReadAction","target":["https:\/\/www.stvmachinery.it\/fr\/macchinari\/doseuses\/juteuse-sous-vide-semi-automatique-mod-cs1\/"]}]},{"@type":"ImageObject","inLanguage":"fr-FR","@id":"https:\/\/www.stvmachinery.it\/fr\/macchinari\/doseuses\/juteuse-sous-vide-semi-automatique-mod-cs1\/#primaryimage","url":"https:\/\/www.stvmachinery.it\/wp-content\/uploads\/2024\/03\/Colmatrice-sottovuoto-semiautomatica.webp","contentUrl":"https:\/\/www.stvmachinery.it\/wp-content\/uploads\/2024\/03\/Colmatrice-sottovuoto-semiautomatica.webp","width":1200,"height":1200},{"@type":"BreadcrumbList","@id":"https:\/\/www.stvmachinery.it\/fr\/macchinari\/doseuses\/juteuse-sous-vide-semi-automatique-mod-cs1\/#breadcrumb","itemListElement":[{"@type":"ListItem","position":1,"name":"Home","item":"https:\/\/www.stvmachinery.it\/fr\/stv-machinery\/"},{"@type":"ListItem","position":2,"name":"Machines","item":"https:\/\/www.stvmachinery.it\/fr\/machines\/"},{"@type":"ListItem","position":3,"name":"Juteuse sous-vide semi-automatique Mod. CS1"}]},{"@type":"WebSite","@id":"https:\/\/www.stvmachinery.it\/fr\/#website","url":"https:\/\/www.stvmachinery.it\/fr\/","name":"STV Machinery","description":"Macchine ed impianti per l\u2019industria agroalimentare e conserviera","publisher":{"@id":"https:\/\/www.stvmachinery.it\/fr\/#organization"},"potentialAction":[{"@type":"SearchAction","target":{"@type":"EntryPoint","urlTemplate":"https:\/\/www.stvmachinery.it\/fr\/?s={search_term_string}"},"query-input":"required name=search_term_string"}],"inLanguage":"fr-FR"},{"@type":"Organization","@id":"https:\/\/www.stvmachinery.it\/fr\/#organization","name":"S.T.V. di Salati Giovanni & C. \u2013 S.n.c.","alternateName":"STV Machinery","url":"https:\/\/www.stvmachinery.it\/fr\/","logo":{"@type":"ImageObject","inLanguage":"fr-FR","@id":"https:\/\/www.stvmachinery.it\/fr\/#\/schema\/logo\/image\/","url":"https:\/\/www.stvmachinery.it\/wp-content\/uploads\/2021\/06\/stv-machinery-logo-positivo.png","contentUrl":"https:\/\/www.stvmachinery.it\/wp-content\/uploads\/2021\/06\/stv-machinery-logo-positivo.png","width":481,"height":233,"caption":"S.T.V. di Salati Giovanni & C. \u2013 S.n.c."},"image":{"@id":"https:\/\/www.stvmachinery.it\/fr\/#\/schema\/logo\/image\/"},"sameAs":["https:\/\/it.linkedin.com\/company\/stv-machinery","https:\/\/www.youtube.com\/channel\/UCceMPa8POjTOmZeA2_KUoeg"]}]}},"_links":{"self":[{"href":"https:\/\/www.stvmachinery.it\/fr\/wp-json\/wp\/v2\/product\/10658","targetHints":{"allow":["GET"]}}],"collection":[{"href":"https:\/\/www.stvmachinery.it\/fr\/wp-json\/wp\/v2\/product"}],"about":[{"href":"https:\/\/www.stvmachinery.it\/fr\/wp-json\/wp\/v2\/types\/product"}],"version-history":[{"count":11,"href":"https:\/\/www.stvmachinery.it\/fr\/wp-json\/wp\/v2\/product\/10658\/revisions"}],"predecessor-version":[{"id":11814,"href":"https:\/\/www.stvmachinery.it\/fr\/wp-json\/wp\/v2\/product\/10658\/revisions\/11814"}],"wp:featuredmedia":[{"embeddable":true,"href":"https:\/\/www.stvmachinery.it\/fr\/wp-json\/wp\/v2\/media\/9215"}],"wp:attachment":[{"href":"https:\/\/www.stvmachinery.it\/fr\/wp-json\/wp\/v2\/media?parent=10658"}],"wp:term":[{"taxonomy":"product_cat","embeddable":true,"href":"https:\/\/www.stvmachinery.it\/fr\/wp-json\/wp\/v2\/product_cat?post=10658"},{"taxonomy":"product_tag","embeddable":true,"href":"https:\/\/www.stvmachinery.it\/fr\/wp-json\/wp\/v2\/product_tag?post=10658"}],"curies":[{"name":"wp","href":"https:\/\/api.w.org\/{rel}","templated":true}]}}