{"id":10670,"date":"2024-03-28T16:53:55","date_gmt":"2024-03-28T15:53:55","guid":{"rendered":"https:\/\/www.stvmachinery.it\/macchinari\/non%20class\u00e9\/capsuleuse-pour-couvercles-en-plastiques-a-pression-mod-cp\/"},"modified":"2025-11-24T13:49:40","modified_gmt":"2025-11-24T12:49:40","slug":"capsuleuse-pour-couvercles-en-plastiques-a-pression-mod-cp","status":"publish","type":"product","link":"https:\/\/www.stvmachinery.it\/fr\/macchinari\/capsuleuses-et-boucheuses\/capsuleuse-pour-couvercles-en-plastiques-a-pression-mod-cp\/","title":{"rendered":"Capsuleuse pour couvercles en plastiques \u00e0 pression Mod. CP"},"content":{"rendered":"\t\t<div data-elementor-type=\"product-post\" data-elementor-id=\"10670\" class=\"elementor elementor-10670 elementor-8559\" data-elementor-post-type=\"product\">\n\t\t\t\t<div class=\"elementor-element elementor-element-9bffd50 e-flex e-con-boxed e-con e-parent\" data-id=\"9bffd50\" data-element_type=\"container\">\n\t\t\t\t\t<div class=\"e-con-inner\">\n\t\t\t\t<div class=\"elementor-element elementor-element-62d4872 elementor-widget elementor-widget-video\" data-id=\"62d4872\" data-element_type=\"widget\" data-settings=\"{&quot;youtube_url&quot;:&quot;https:\\\/\\\/youtu.be\\\/Mu_U6c_9l2o&quot;,&quot;start&quot;:120,&quot;video_type&quot;:&quot;youtube&quot;,&quot;controls&quot;:&quot;yes&quot;}\" data-widget_type=\"video.default\">\n\t\t\t\t<div class=\"elementor-widget-container\">\n\t\t\t<style>\/*! elementor - v3.21.0 - 08-05-2024 *\/\n.elementor-widget-video .elementor-widget-container{overflow:hidden;transform:translateZ(0)}.elementor-widget-video .elementor-wrapper{aspect-ratio:var(--video-aspect-ratio)}.elementor-widget-video .elementor-wrapper iframe,.elementor-widget-video .elementor-wrapper video{height:100%;width:100%;display:flex;border:none;background-color:#000}@supports not (aspect-ratio:1\/1){.elementor-widget-video .elementor-wrapper{position:relative;overflow:hidden;height:0;padding-bottom:calc(100% \/ var(--video-aspect-ratio))}.elementor-widget-video .elementor-wrapper iframe,.elementor-widget-video .elementor-wrapper video{position:absolute;top:0;right:0;bottom:0;left:0}}.elementor-widget-video .elementor-open-inline .elementor-custom-embed-image-overlay{position:absolute;top:0;right:0;bottom:0;left:0;background-size:cover;background-position:50%}.elementor-widget-video .elementor-custom-embed-image-overlay{cursor:pointer;text-align:center}.elementor-widget-video .elementor-custom-embed-image-overlay:hover .elementor-custom-embed-play i{opacity:1}.elementor-widget-video .elementor-custom-embed-image-overlay img{display:block;width:100%;aspect-ratio:var(--video-aspect-ratio);-o-object-fit:cover;object-fit:cover;-o-object-position:center center;object-position:center center}@supports not (aspect-ratio:1\/1){.elementor-widget-video .elementor-custom-embed-image-overlay{position:relative;overflow:hidden;height:0;padding-bottom:calc(100% \/ var(--video-aspect-ratio))}.elementor-widget-video .elementor-custom-embed-image-overlay img{position:absolute;top:0;right:0;bottom:0;left:0}}.elementor-widget-video .e-hosted-video .elementor-video{-o-object-fit:cover;object-fit:cover}.e-con-inner>.elementor-widget-video,.e-con>.elementor-widget-video{width:var(--container-widget-width);--flex-grow:var(--container-widget-flex-grow)}<\/style>\t\t<div class=\"elementor-wrapper elementor-open-inline\">\n\t\t\t<div class=\"elementor-video\"><\/div>\t\t<\/div>\n\t\t\t\t<\/div>\n\t\t\t\t<\/div>\n\t\t\t\t<div class=\"elementor-element elementor-element-29ba00b elementor-widget elementor-widget-video\" data-id=\"29ba00b\" data-element_type=\"widget\" data-settings=\"{&quot;youtube_url&quot;:&quot;https:\\\/\\\/youtu.be\\\/n6Xkxj4XR2o&quot;,&quot;start&quot;:155,&quot;video_type&quot;:&quot;youtube&quot;,&quot;controls&quot;:&quot;yes&quot;}\" data-widget_type=\"video.default\">\n\t\t\t\t<div class=\"elementor-widget-container\">\n\t\t\t\t\t<div class=\"elementor-wrapper elementor-open-inline\">\n\t\t\t<div class=\"elementor-video\"><\/div>\t\t<\/div>\n\t\t\t\t<\/div>\n\t\t\t\t<\/div>\n\t\t\t\t\t<\/div>\n\t\t\t\t<\/div>\n\t\t<div class=\"elementor-element elementor-element-46a5c91 e-flex e-con-boxed e-con e-parent\" data-id=\"46a5c91\" data-element_type=\"container\" id=\"caratteristiche\">\n\t\t\t\t\t<div class=\"e-con-inner\">\n\t\t\t\t<div class=\"elementor-element elementor-element-7aea20b elementor-widget elementor-widget-text-editor\" data-id=\"7aea20b\" data-element_type=\"widget\" data-widget_type=\"text-editor.default\">\n\t\t\t\t<div class=\"elementor-widget-container\">\n\t\t\t<style>\/*! elementor - v3.21.0 - 08-05-2024 *\/\n.elementor-widget-text-editor.elementor-drop-cap-view-stacked .elementor-drop-cap{background-color:#69727d;color:#fff}.elementor-widget-text-editor.elementor-drop-cap-view-framed .elementor-drop-cap{color:#69727d;border:3px solid;background-color:transparent}.elementor-widget-text-editor:not(.elementor-drop-cap-view-default) .elementor-drop-cap{margin-top:8px}.elementor-widget-text-editor:not(.elementor-drop-cap-view-default) .elementor-drop-cap-letter{width:1em;height:1em}.elementor-widget-text-editor .elementor-drop-cap{float:left;text-align:center;line-height:1;font-size:50px}.elementor-widget-text-editor .elementor-drop-cap-letter{display:inline-block}<\/style>\t\t\t\t<h3 class=\"product-item-title\">Caract\u00e9ristiques de fabrication<\/h3>\n<ul>\n<li>Soubassement en plaque \u00e9paisse d&#8217;acier inox AISI 304 avec des pieds r\u00e9glables en hauteur. <\/li>\n<li>Colonne de support. <\/li>\n<li>Convoyeur avec cha\u00eene table-top en acier inox AISI 304 mont\u00e9e sur des profils antifriction et dou\u00e9e de barres lat\u00e9rales r\u00e9glables.<\/li>\n<li>Courroies lat\u00e9rales de transmission et stabilisation r\u00e9cipients . <\/li>\n<li>Groupe de d\u00e9crochement couvercles avec des courroies plates \u00e0 vitesse diff\u00e9renci\u00e9e.<\/li>\n<li>Groupe de distribution vapeur dans l&#8217;espace entre le couvercle et le produit dans le r\u00e9cipient afin d\u2019expulser l\u2019air dans l&#8217;espace de t\u00eate en favorisant ainsi la formation du vide dans le r\u00e9cipient apr\u00e8s la fermeture (au cas o\u00fa il n\u2019est pas n\u00e9cessaire ce groupe n\u2019est pas mont\u00e9). <\/li>\n<li>Groupe de fermeture avec des courroies plates \u00e0 vitesse diff\u00e9renci\u00e9e. (Le groupe de d\u00e9crochement et le groupe d\u2019application des couvercles sont r\u00e9glables ind\u00e9pendamment l\u2019un de l\u2019autre, m\u00eame par rapport aux courroies d\u2019entra\u00eenement, au moyen de volants avec simplicit\u00e9 et rapidit\u00e9). <\/li>\n<li>Motorisation centralis\u00e9e des courroies de transmission et de fermeture contr\u00f4l\u00e9e par motor\u00e9ducteur.<\/li>\n<li>R\u00e9glage en hauteur de la t\u00eate en fonction de la hauteur des r\u00e9cipients au moyen d\u2019un groupe \u00e9lectrom\u00e9canique avec des dispositifs de s\u00e9curit\u00e9 de minimum et maximum. <\/li>\n<li>Alimentateur automatique des couvercles dou\u00e9 d\u2019une tr\u00e9mie qui, par des guides, oriente et convoie les couvercles au groupe de d\u00e9crochement o\u00f9 il sont pr\u00e9lev\u00e9s par les r\u00e9cipients.<\/li>\n<\/ul>\n\t\t\t\t\t\t<\/div>\n\t\t\t\t<\/div>\n\t\t\t\t\t<\/div>\n\t\t\t\t<\/div>\n\t\t<div class=\"elementor-element elementor-element-7bffd7d e-flex e-con-boxed e-con e-parent\" data-id=\"7bffd7d\" data-element_type=\"container\" data-settings=\"{&quot;background_background&quot;:&quot;classic&quot;}\">\n\t\t\t\t\t<div class=\"e-con-inner\">\n\t\t\t\t<div class=\"elementor-element elementor-element-a84dc14 elementor-widget elementor-widget-text-editor\" data-id=\"a84dc14\" data-element_type=\"widget\" data-widget_type=\"text-editor.default\">\n\t\t\t\t<div class=\"elementor-widget-container\">\n\t\t\t\t\t\t\t<h3 class=\"product-item-title\">SYSTEME D\u2019ALIMENTATION COUVERCLES compos\u00e9 par: <br \/><\/h3>\n<ul>\n<li><strong>Convoyeur \u00e9l\u00e9vateur<\/strong> en acier inox AISI 304 avec tr\u00e9mie de 300 litres, micros de s\u00e9curit\u00e9 sur le couvercle, \u00e9l\u00e9vateur avec extraction directe de la tr\u00e9mie, ruban en PVC selon les normes FDA avec des bordures vulcanis\u00e9es et extraction directe de la tr\u00e9mie, couverture du convoyeur en lexan transparent. <\/li>\n<li><strong>Orienteur m\u00e9canique<\/strong> inclin\u00e9 pour couvercles en plastique compos\u00e9 par faisceau de retenue en acier inox. AISI 304 diam.1000 mm, disque tournant en acier avec trous de passage et divis\u00e9 en 4 sections, actionn\u00e9 par embrayage, r\u00e9gleurs de flux avec manom\u00e8tres, \u00e9triers d\u2019assemblage, couvercle en lexan transparent complet avec entr\u00e9e de chargement, courbe en acier de renversement couvercles, photocellule de contr\u00f4le chargement automatique.<\/li>\n<li><strong>Structure de support<\/strong> en acier inox AISI 304, qui permet une hauteur de d\u00e9chargement \u00e0 d\u00e9finir, avec r\u00e9glage de +\/- 100 mm selon le v\u00e9rin t\u00e9lescopique. <\/li>\n<li><strong>Syst\u00e8me de contr\u00f4le<\/strong> qui commande la machine selon le flux des couvercles dans l\u2019alimentateur. <\/li>\n<li><strong>Orientation:<\/strong> c\u00f4t\u00e9 concave vers le bas.<\/li>\n<li><strong>Tableau \u00e9lectrique<\/strong> de commande.<\/li>\n<li>Fabrication en <strong>acier inox AISI 304<\/strong> sauf quelque parties qui sont en mat\u00e9riel diff\u00e9rent indiqu\u00e9 pour leur bon fonctionnement. <\/li>\n<li>La machine est compl\u00e8tement <strong>r\u00e9glable<\/strong> en toutes ses parties pour traiter des r\u00e9cipients et des couvercles en plastique \u00e0 pression de dimensions diff\u00e9rentes. <\/li>\n<li>Apr\u00e8s la mise en marche et les r\u00e9glages n\u00e9cessaires la machine <strong>ne n\u00e9cessite pas de l\u2019assistance de l\u2019op\u00e9rateur. <\/strong><\/li>\n<\/ul>\n\t\t\t\t\t\t<\/div>\n\t\t\t\t<\/div>\n\t\t\t\t\t<\/div>\n\t\t\t\t<\/div>\n\t\t<div class=\"elementor-element elementor-element-e95b650 e-flex e-con-boxed e-con e-parent\" data-id=\"e95b650\" data-element_type=\"container\">\n\t\t\t\t\t<div class=\"e-con-inner\">\n\t\t\t\t<div class=\"elementor-element elementor-element-02e0a45 elementor-widget elementor-widget-heading\" data-id=\"02e0a45\" data-element_type=\"widget\" data-widget_type=\"heading.default\">\n\t\t\t\t<div class=\"elementor-widget-container\">\n\t\t\t<style>\/*! elementor - v3.21.0 - 08-05-2024 *\/\n.elementor-heading-title{padding:0;margin:0;line-height:1}.elementor-widget-heading .elementor-heading-title[class*=elementor-size-]>a{color:inherit;font-size:inherit;line-height:inherit}.elementor-widget-heading .elementor-heading-title.elementor-size-small{font-size:15px}.elementor-widget-heading .elementor-heading-title.elementor-size-medium{font-size:19px}.elementor-widget-heading .elementor-heading-title.elementor-size-large{font-size:29px}.elementor-widget-heading .elementor-heading-title.elementor-size-xl{font-size:39px}.elementor-widget-heading .elementor-heading-title.elementor-size-xxl{font-size:59px}<\/style><h4 class=\"elementor-heading-title elementor-size-default\">Donn\u00e9es techniques<\/h4>\t\t<\/div>\n\t\t\t\t<\/div>\n\t\t\t\t<div class=\"elementor-element elementor-element-03af9de elementor-widget elementor-widget-text-editor\" data-id=\"03af9de\" data-element_type=\"widget\" data-widget_type=\"text-editor.default\">\n\t\t\t\t<div class=\"elementor-widget-container\">\n\t\t\t\t\t\t\t<p>La machine est disponible dans les mod\u00e8les suivants : <\/p>\n\t\t\t\t\t\t<\/div>\n\t\t\t\t<\/div>\n\t\t\t\t<div class=\"elementor-element elementor-element-86b7da8 elementor-widget elementor-widget-text-editor\" data-id=\"86b7da8\" data-element_type=\"widget\" data-widget_type=\"text-editor.default\">\n\t\t\t\t<div class=\"elementor-widget-container\">\n\t\t\t\t\t\t\t<p><strong>Mod. C30-CP <\/strong><\/p>\n\t\t\t\t\t\t<\/div>\n\t\t\t\t<\/div>\n\t\t\t\t<div class=\"elementor-element elementor-element-4399734 elementor-widget elementor-widget-ld_table\" data-id=\"4399734\" data-element_type=\"widget\" data-widget_type=\"ld_table.default\">\n\t\t\t\t<div class=\"elementor-widget-container\">\n\t\t\t<table><tr><td class=\"elementor-repeater-item-4be9d2e\">Capacit\u00e9<\/td><td class=\"elementor-repeater-item-485afe4\">5.000 r\u00e9cipients \/ heure environ <\/td><\/tr><tr><td class=\"elementor-repeater-item-d918673\">Puissance install\u00e9e<\/td><td class=\"elementor-repeater-item-b958ccc\">kW 2,40 environ<\/td><\/tr><tr><td class=\"elementor-repeater-item-78380da\">Longueur<\/td><td class=\"elementor-repeater-item-a74bb3f\">3.000 mm (sans alimentateur)<\/td><\/tr><tr><td class=\"elementor-repeater-item-e9f2d72\">Largeur<\/td><td class=\"elementor-repeater-item-b05652f\">1.000 mm (sans alimentateur)<\/td><\/tr><\/table>\t\t<\/div>\n\t\t\t\t<\/div>\n\t\t\t\t<div class=\"elementor-element elementor-element-165504c elementor-widget elementor-widget-text-editor\" data-id=\"165504c\" data-element_type=\"widget\" data-widget_type=\"text-editor.default\">\n\t\t\t\t<div class=\"elementor-widget-container\">\n\t\t\t\t\t\t\t<p><strong>Mod. C60-CP <\/strong><\/p>\n\t\t\t\t\t\t<\/div>\n\t\t\t\t<\/div>\n\t\t\t\t<div class=\"elementor-element elementor-element-97015c9 elementor-widget elementor-widget-ld_table\" data-id=\"97015c9\" data-element_type=\"widget\" data-widget_type=\"ld_table.default\">\n\t\t\t\t<div class=\"elementor-widget-container\">\n\t\t\t<table><tr><td class=\"elementor-repeater-item-4be9d2e\">Capacit\u00e9<\/td><td class=\"elementor-repeater-item-485afe4\">12.000 r\u00e9cipients \/ heure environ <\/td><\/tr><tr><td class=\"elementor-repeater-item-d918673\">Puissance install\u00e9e<\/td><td class=\"elementor-repeater-item-b958ccc\">kW 2,75 environ<\/td><\/tr><tr><td class=\"elementor-repeater-item-78380da\">Longueur<\/td><td class=\"elementor-repeater-item-a74bb3f\">3.000 mm (sans alimentateur)<\/td><\/tr><tr><td class=\"elementor-repeater-item-e9f2d72\">Largeur<\/td><td class=\"elementor-repeater-item-b05652f\">1.150 mm (sans alimentateur)<\/td><\/tr><\/table>\t\t<\/div>\n\t\t\t\t<\/div>\n\t\t\t\t\t<\/div>\n\t\t\t\t<\/div>\n\t\t\t\t<\/div>\n\t\t","protected":false},"excerpt":{"rendered":"<p>Machine automatique pour <strong>fermer des r\u00e9cipients en verre<\/strong> avec des <strong>COUVERCLES EN PLASTIQUE \u00e0 pression<\/strong>.<\/p>\n<p><a class=\"pulsanterosso\" href=\"#caratteristiche\">Caract\u00e9ristiques techniques<\/a><\/p>\n","protected":false},"featured_media":9242,"template":"","meta":{"inline_featured_image":false},"product_cat":[117],"product_tag":[],"class_list":{"0":"post-10670","1":"product","2":"type-product","3":"status-publish","4":"has-post-thumbnail","6":"product_cat-capsuleuses-et-boucheuses","7":"pa_applicazione-contenants-pleins","8":"pa_funzionamento-automatique","9":"pa_settore-alimentaire","10":"pa_settore-cosmetique-et-detergence-fr","12":"first","13":"instock","14":"shipping-taxable","15":"product-type-simple"},"yoast_head":"<!-- This site is optimized with the Yoast SEO plugin v22.7 - https:\/\/yoast.com\/wordpress\/plugins\/seo\/ -->\n<title>Capsuleuse pour couvercles en plastiques \u00e0 pression Mod. CP | STV Machinery<\/title>\n<meta name=\"description\" content=\"La Capsuleuse Mod. CP est une machine automatique pour fermer des r\u00e9cipients en verre avec des COUVERCLES EN PLASTIQUE \u00e0 pression.\" \/>\n<meta name=\"robots\" content=\"index, follow, max-snippet:-1, max-image-preview:large, max-video-preview:-1\" \/>\n<link rel=\"canonical\" href=\"https:\/\/www.stvmachinery.it\/fr\/macchinari\/capsuleuses-et-boucheuses\/capsuleuse-pour-couvercles-en-plastiques-a-pression-mod-cp\/\" \/>\n<meta property=\"og:locale\" content=\"fr_FR\" \/>\n<meta property=\"og:type\" content=\"article\" \/>\n<meta property=\"og:title\" content=\"Capsuleuse pour couvercles en plastiques \u00e0 pression Mod. CP | STV Machinery\" \/>\n<meta property=\"og:description\" content=\"La Capsuleuse Mod. CP est une machine automatique pour fermer des r\u00e9cipients en verre avec des COUVERCLES EN PLASTIQUE \u00e0 pression.\" \/>\n<meta property=\"og:url\" content=\"https:\/\/www.stvmachinery.it\/fr\/macchinari\/capsuleuses-et-boucheuses\/capsuleuse-pour-couvercles-en-plastiques-a-pression-mod-cp\/\" \/>\n<meta property=\"og:site_name\" content=\"STV Machinery\" \/>\n<meta property=\"article:modified_time\" content=\"2025-11-24T12:49:40+00:00\" \/>\n<meta property=\"og:image\" content=\"https:\/\/www.stvmachinery.it\/wp-content\/uploads\/2024\/03\/Tappatrice-per-Tappi-in-Plastica-Press-On.webp\" \/>\n\t<meta property=\"og:image:width\" content=\"1200\" \/>\n\t<meta property=\"og:image:height\" content=\"1200\" \/>\n\t<meta property=\"og:image:type\" content=\"image\/webp\" \/>\n<meta name=\"twitter:card\" content=\"summary_large_image\" \/>\n<script type=\"application\/ld+json\" class=\"yoast-schema-graph\">{\"@context\":\"https:\/\/schema.org\",\"@graph\":[{\"@type\":\"WebPage\",\"@id\":\"https:\/\/www.stvmachinery.it\/fr\/macchinari\/capsuleuses-et-boucheuses\/capsuleuse-pour-couvercles-en-plastiques-a-pression-mod-cp\/\",\"url\":\"https:\/\/www.stvmachinery.it\/fr\/macchinari\/capsuleuses-et-boucheuses\/capsuleuse-pour-couvercles-en-plastiques-a-pression-mod-cp\/\",\"name\":\"Capsuleuse pour couvercles en plastiques \u00e0 pression Mod. CP | STV Machinery\",\"isPartOf\":{\"@id\":\"https:\/\/www.stvmachinery.it\/fr\/#website\"},\"primaryImageOfPage\":{\"@id\":\"https:\/\/www.stvmachinery.it\/fr\/macchinari\/capsuleuses-et-boucheuses\/capsuleuse-pour-couvercles-en-plastiques-a-pression-mod-cp\/#primaryimage\"},\"image\":{\"@id\":\"https:\/\/www.stvmachinery.it\/fr\/macchinari\/capsuleuses-et-boucheuses\/capsuleuse-pour-couvercles-en-plastiques-a-pression-mod-cp\/#primaryimage\"},\"thumbnailUrl\":\"https:\/\/www.stvmachinery.it\/wp-content\/uploads\/2024\/03\/Tappatrice-per-Tappi-in-Plastica-Press-On.webp\",\"datePublished\":\"2024-03-28T15:53:55+00:00\",\"dateModified\":\"2025-11-24T12:49:40+00:00\",\"description\":\"La Capsuleuse Mod. CP est une machine automatique pour fermer des r\u00e9cipients en verre avec des COUVERCLES EN PLASTIQUE \u00e0 pression.\",\"breadcrumb\":{\"@id\":\"https:\/\/www.stvmachinery.it\/fr\/macchinari\/capsuleuses-et-boucheuses\/capsuleuse-pour-couvercles-en-plastiques-a-pression-mod-cp\/#breadcrumb\"},\"inLanguage\":\"fr-FR\",\"potentialAction\":[{\"@type\":\"ReadAction\",\"target\":[\"https:\/\/www.stvmachinery.it\/fr\/macchinari\/capsuleuses-et-boucheuses\/capsuleuse-pour-couvercles-en-plastiques-a-pression-mod-cp\/\"]}]},{\"@type\":\"ImageObject\",\"inLanguage\":\"fr-FR\",\"@id\":\"https:\/\/www.stvmachinery.it\/fr\/macchinari\/capsuleuses-et-boucheuses\/capsuleuse-pour-couvercles-en-plastiques-a-pression-mod-cp\/#primaryimage\",\"url\":\"https:\/\/www.stvmachinery.it\/wp-content\/uploads\/2024\/03\/Tappatrice-per-Tappi-in-Plastica-Press-On.webp\",\"contentUrl\":\"https:\/\/www.stvmachinery.it\/wp-content\/uploads\/2024\/03\/Tappatrice-per-Tappi-in-Plastica-Press-On.webp\",\"width\":1200,\"height\":1200},{\"@type\":\"BreadcrumbList\",\"@id\":\"https:\/\/www.stvmachinery.it\/fr\/macchinari\/capsuleuses-et-boucheuses\/capsuleuse-pour-couvercles-en-plastiques-a-pression-mod-cp\/#breadcrumb\",\"itemListElement\":[{\"@type\":\"ListItem\",\"position\":1,\"name\":\"Home\",\"item\":\"https:\/\/www.stvmachinery.it\/fr\/stv-machinery\/\"},{\"@type\":\"ListItem\",\"position\":2,\"name\":\"Machines\",\"item\":\"https:\/\/www.stvmachinery.it\/fr\/machines\/\"},{\"@type\":\"ListItem\",\"position\":3,\"name\":\"Capsuleuse pour couvercles en plastiques \u00e0 pression Mod. CP\"}]},{\"@type\":\"WebSite\",\"@id\":\"https:\/\/www.stvmachinery.it\/fr\/#website\",\"url\":\"https:\/\/www.stvmachinery.it\/fr\/\",\"name\":\"STV Machinery\",\"description\":\"Macchine ed impianti per l\u2019industria agroalimentare e conserviera\",\"publisher\":{\"@id\":\"https:\/\/www.stvmachinery.it\/fr\/#organization\"},\"potentialAction\":[{\"@type\":\"SearchAction\",\"target\":{\"@type\":\"EntryPoint\",\"urlTemplate\":\"https:\/\/www.stvmachinery.it\/fr\/?s={search_term_string}\"},\"query-input\":\"required name=search_term_string\"}],\"inLanguage\":\"fr-FR\"},{\"@type\":\"Organization\",\"@id\":\"https:\/\/www.stvmachinery.it\/fr\/#organization\",\"name\":\"S.T.V. di Salati Giovanni & C. \u2013 S.n.c.\",\"alternateName\":\"STV Machinery\",\"url\":\"https:\/\/www.stvmachinery.it\/fr\/\",\"logo\":{\"@type\":\"ImageObject\",\"inLanguage\":\"fr-FR\",\"@id\":\"https:\/\/www.stvmachinery.it\/fr\/#\/schema\/logo\/image\/\",\"url\":\"https:\/\/www.stvmachinery.it\/wp-content\/uploads\/2021\/06\/stv-machinery-logo-positivo.png\",\"contentUrl\":\"https:\/\/www.stvmachinery.it\/wp-content\/uploads\/2021\/06\/stv-machinery-logo-positivo.png\",\"width\":481,\"height\":233,\"caption\":\"S.T.V. di Salati Giovanni & C. \u2013 S.n.c.\"},\"image\":{\"@id\":\"https:\/\/www.stvmachinery.it\/fr\/#\/schema\/logo\/image\/\"},\"sameAs\":[\"https:\/\/it.linkedin.com\/company\/stv-machinery\",\"https:\/\/www.youtube.com\/channel\/UCceMPa8POjTOmZeA2_KUoeg\"]}]}<\/script>\n<!-- \/ Yoast SEO plugin. -->","yoast_head_json":{"title":"Capsuleuse pour couvercles en plastiques \u00e0 pression Mod. CP | STV Machinery","description":"La Capsuleuse Mod. CP est une machine automatique pour fermer des r\u00e9cipients en verre avec des COUVERCLES EN PLASTIQUE \u00e0 pression.","robots":{"index":"index","follow":"follow","max-snippet":"max-snippet:-1","max-image-preview":"max-image-preview:large","max-video-preview":"max-video-preview:-1"},"canonical":"https:\/\/www.stvmachinery.it\/fr\/macchinari\/capsuleuses-et-boucheuses\/capsuleuse-pour-couvercles-en-plastiques-a-pression-mod-cp\/","og_locale":"fr_FR","og_type":"article","og_title":"Capsuleuse pour couvercles en plastiques \u00e0 pression Mod. CP | STV Machinery","og_description":"La Capsuleuse Mod. CP est une machine automatique pour fermer des r\u00e9cipients en verre avec des COUVERCLES EN PLASTIQUE \u00e0 pression.","og_url":"https:\/\/www.stvmachinery.it\/fr\/macchinari\/capsuleuses-et-boucheuses\/capsuleuse-pour-couvercles-en-plastiques-a-pression-mod-cp\/","og_site_name":"STV Machinery","article_modified_time":"2025-11-24T12:49:40+00:00","og_image":[{"width":1200,"height":1200,"url":"https:\/\/www.stvmachinery.it\/wp-content\/uploads\/2024\/03\/Tappatrice-per-Tappi-in-Plastica-Press-On.webp","type":"image\/webp"}],"twitter_card":"summary_large_image","schema":{"@context":"https:\/\/schema.org","@graph":[{"@type":"WebPage","@id":"https:\/\/www.stvmachinery.it\/fr\/macchinari\/capsuleuses-et-boucheuses\/capsuleuse-pour-couvercles-en-plastiques-a-pression-mod-cp\/","url":"https:\/\/www.stvmachinery.it\/fr\/macchinari\/capsuleuses-et-boucheuses\/capsuleuse-pour-couvercles-en-plastiques-a-pression-mod-cp\/","name":"Capsuleuse pour couvercles en plastiques \u00e0 pression Mod. CP | STV Machinery","isPartOf":{"@id":"https:\/\/www.stvmachinery.it\/fr\/#website"},"primaryImageOfPage":{"@id":"https:\/\/www.stvmachinery.it\/fr\/macchinari\/capsuleuses-et-boucheuses\/capsuleuse-pour-couvercles-en-plastiques-a-pression-mod-cp\/#primaryimage"},"image":{"@id":"https:\/\/www.stvmachinery.it\/fr\/macchinari\/capsuleuses-et-boucheuses\/capsuleuse-pour-couvercles-en-plastiques-a-pression-mod-cp\/#primaryimage"},"thumbnailUrl":"https:\/\/www.stvmachinery.it\/wp-content\/uploads\/2024\/03\/Tappatrice-per-Tappi-in-Plastica-Press-On.webp","datePublished":"2024-03-28T15:53:55+00:00","dateModified":"2025-11-24T12:49:40+00:00","description":"La Capsuleuse Mod. CP est une machine automatique pour fermer des r\u00e9cipients en verre avec des COUVERCLES EN PLASTIQUE \u00e0 pression.","breadcrumb":{"@id":"https:\/\/www.stvmachinery.it\/fr\/macchinari\/capsuleuses-et-boucheuses\/capsuleuse-pour-couvercles-en-plastiques-a-pression-mod-cp\/#breadcrumb"},"inLanguage":"fr-FR","potentialAction":[{"@type":"ReadAction","target":["https:\/\/www.stvmachinery.it\/fr\/macchinari\/capsuleuses-et-boucheuses\/capsuleuse-pour-couvercles-en-plastiques-a-pression-mod-cp\/"]}]},{"@type":"ImageObject","inLanguage":"fr-FR","@id":"https:\/\/www.stvmachinery.it\/fr\/macchinari\/capsuleuses-et-boucheuses\/capsuleuse-pour-couvercles-en-plastiques-a-pression-mod-cp\/#primaryimage","url":"https:\/\/www.stvmachinery.it\/wp-content\/uploads\/2024\/03\/Tappatrice-per-Tappi-in-Plastica-Press-On.webp","contentUrl":"https:\/\/www.stvmachinery.it\/wp-content\/uploads\/2024\/03\/Tappatrice-per-Tappi-in-Plastica-Press-On.webp","width":1200,"height":1200},{"@type":"BreadcrumbList","@id":"https:\/\/www.stvmachinery.it\/fr\/macchinari\/capsuleuses-et-boucheuses\/capsuleuse-pour-couvercles-en-plastiques-a-pression-mod-cp\/#breadcrumb","itemListElement":[{"@type":"ListItem","position":1,"name":"Home","item":"https:\/\/www.stvmachinery.it\/fr\/stv-machinery\/"},{"@type":"ListItem","position":2,"name":"Machines","item":"https:\/\/www.stvmachinery.it\/fr\/machines\/"},{"@type":"ListItem","position":3,"name":"Capsuleuse pour couvercles en plastiques \u00e0 pression Mod. CP"}]},{"@type":"WebSite","@id":"https:\/\/www.stvmachinery.it\/fr\/#website","url":"https:\/\/www.stvmachinery.it\/fr\/","name":"STV Machinery","description":"Macchine ed impianti per l\u2019industria agroalimentare e conserviera","publisher":{"@id":"https:\/\/www.stvmachinery.it\/fr\/#organization"},"potentialAction":[{"@type":"SearchAction","target":{"@type":"EntryPoint","urlTemplate":"https:\/\/www.stvmachinery.it\/fr\/?s={search_term_string}"},"query-input":"required name=search_term_string"}],"inLanguage":"fr-FR"},{"@type":"Organization","@id":"https:\/\/www.stvmachinery.it\/fr\/#organization","name":"S.T.V. di Salati Giovanni & C. \u2013 S.n.c.","alternateName":"STV Machinery","url":"https:\/\/www.stvmachinery.it\/fr\/","logo":{"@type":"ImageObject","inLanguage":"fr-FR","@id":"https:\/\/www.stvmachinery.it\/fr\/#\/schema\/logo\/image\/","url":"https:\/\/www.stvmachinery.it\/wp-content\/uploads\/2021\/06\/stv-machinery-logo-positivo.png","contentUrl":"https:\/\/www.stvmachinery.it\/wp-content\/uploads\/2021\/06\/stv-machinery-logo-positivo.png","width":481,"height":233,"caption":"S.T.V. di Salati Giovanni & C. \u2013 S.n.c."},"image":{"@id":"https:\/\/www.stvmachinery.it\/fr\/#\/schema\/logo\/image\/"},"sameAs":["https:\/\/it.linkedin.com\/company\/stv-machinery","https:\/\/www.youtube.com\/channel\/UCceMPa8POjTOmZeA2_KUoeg"]}]}},"_links":{"self":[{"href":"https:\/\/www.stvmachinery.it\/fr\/wp-json\/wp\/v2\/product\/10670","targetHints":{"allow":["GET"]}}],"collection":[{"href":"https:\/\/www.stvmachinery.it\/fr\/wp-json\/wp\/v2\/product"}],"about":[{"href":"https:\/\/www.stvmachinery.it\/fr\/wp-json\/wp\/v2\/types\/product"}],"version-history":[{"count":10,"href":"https:\/\/www.stvmachinery.it\/fr\/wp-json\/wp\/v2\/product\/10670\/revisions"}],"predecessor-version":[{"id":11238,"href":"https:\/\/www.stvmachinery.it\/fr\/wp-json\/wp\/v2\/product\/10670\/revisions\/11238"}],"wp:featuredmedia":[{"embeddable":true,"href":"https:\/\/www.stvmachinery.it\/fr\/wp-json\/wp\/v2\/media\/9242"}],"wp:attachment":[{"href":"https:\/\/www.stvmachinery.it\/fr\/wp-json\/wp\/v2\/media?parent=10670"}],"wp:term":[{"taxonomy":"product_cat","embeddable":true,"href":"https:\/\/www.stvmachinery.it\/fr\/wp-json\/wp\/v2\/product_cat?post=10670"},{"taxonomy":"product_tag","embeddable":true,"href":"https:\/\/www.stvmachinery.it\/fr\/wp-json\/wp\/v2\/product_tag?post=10670"}],"curies":[{"name":"wp","href":"https:\/\/api.w.org\/{rel}","templated":true}]}}