{"id":10694,"date":"2024-03-29T12:11:09","date_gmt":"2024-03-29T11:11:09","guid":{"rendered":"https:\/\/www.stvmachinery.it\/macchinari\/non%20class\u00e9\/capsuleuse-lineaire-mod-c60-avec-alimentateur-magnetique\/"},"modified":"2025-11-24T12:57:28","modified_gmt":"2025-11-24T11:57:28","slug":"capsuleuse-lineaire-mod-c60-avec-alimentateur-magnetique","status":"publish","type":"product","link":"https:\/\/www.stvmachinery.it\/fr\/macchinari\/capsuleuses-et-boucheuses\/capsuleuse-lineaire-mod-c60-avec-alimentateur-magnetique\/","title":{"rendered":"Capsuleuse lineaire Mod. C60 avec alimentateur magnetique"},"content":{"rendered":"\t\t<div data-elementor-type=\"product-post\" data-elementor-id=\"10694\" class=\"elementor elementor-10694 elementor-8613\" data-elementor-post-type=\"product\">\n\t\t\t\t<div class=\"elementor-element elementor-element-46a5c91 e-flex e-con-boxed e-con e-parent\" data-id=\"46a5c91\" data-element_type=\"container\" id=\"caratteristiche\">\n\t\t\t\t\t<div class=\"e-con-inner\">\n\t\t\t\t<div class=\"elementor-element elementor-element-7aea20b elementor-widget elementor-widget-text-editor\" data-id=\"7aea20b\" data-element_type=\"widget\" data-widget_type=\"text-editor.default\">\n\t\t\t\t<div class=\"elementor-widget-container\">\n\t\t\t<style>\/*! elementor - v3.21.0 - 08-05-2024 *\/\n.elementor-widget-text-editor.elementor-drop-cap-view-stacked .elementor-drop-cap{background-color:#69727d;color:#fff}.elementor-widget-text-editor.elementor-drop-cap-view-framed .elementor-drop-cap{color:#69727d;border:3px solid;background-color:transparent}.elementor-widget-text-editor:not(.elementor-drop-cap-view-default) .elementor-drop-cap{margin-top:8px}.elementor-widget-text-editor:not(.elementor-drop-cap-view-default) .elementor-drop-cap-letter{width:1em;height:1em}.elementor-widget-text-editor .elementor-drop-cap{float:left;text-align:center;line-height:1;font-size:50px}.elementor-widget-text-editor .elementor-drop-cap-letter{display:inline-block}<\/style>\t\t\t\t<h3 class=\"product-item-title\">Caract\u00e9ristiques de fabrication<\/h3>\n<ul>\n<li><strong>Soubassement<\/strong> en plaque \u00e9paisse d&#8217;acier inox AISI 304 avec des pieds r\u00e9glables en hauteur. <\/li>\n<li><strong>Convoyeur<\/strong> avec cha\u00eene table-top en acier inox AISI 304 mont\u00e9e sur des profils antifriction et dou\u00e9e de barres lat\u00e9rales r\u00e9glables.<\/li>\n<li><strong>Courroies lat\u00e9rales<\/strong> de transmission et stabilisation r\u00e9cipients. <\/li>\n<li><strong>Groupe de d\u00e9crochement capsules et de pr\u00e9-vissage.<\/strong><\/li>\n<li><strong> Groupe de distribution vapeur<\/strong> dans l&#8217;\u00e9space entre la capsule et le r\u00e9cipient dans la zone de d\u00e9crochement afin d&#8217;amollir la garniture de la capsule twist-off et expulser l\u2019air dans l&#8217;\u00e9space de t\u00eate en favorisant ainsi la formation du vide dans le r\u00e9cipient apr\u00e8s la fermeture. <\/li>\n<li><strong>Groupe de fermeture<\/strong> avec des courroies plates \u00e0 vitesse diff\u00e9renci\u00e9e. <\/li>\n<li>Le groupe de d\u00e9crochement capsules et le groupe de vissage sont <strong>r\u00e9glables<\/strong> ind\u00e9pendamment l\u2019un de l\u2019autre, m\u00eame par rapport aux courroies de entra\u00eenement, au moyen de volants avec <strong>simplicit\u00e9 et rapidit\u00e9<\/strong>. <\/li>\n<li><strong>Motorisation centralis\u00e9e<\/strong> par motor\u00e9ducteur des courroies de transmission et de vissage. <\/li>\n<li><strong>Motorisations<\/strong> motoris\u00e9es par des motor\u00e9ducteurs ind\u00e9pendants et contr\u00f4l\u00e9es \/ synchronis\u00e9es par inverter. <\/li>\n<li><strong>Groupe \u00e9lectrom\u00e9canique<\/strong> qui permet le r\u00e9glage en hauteur de la t\u00eate en fonction de l&#8217;hauteur des r\u00e9cipients avec des dispositifs de s\u00e9curit\u00e9 de minimum et maximum.<\/li>\n<\/ul>\n\t\t\t\t\t\t<\/div>\n\t\t\t\t<\/div>\n\t\t\t\t<div class=\"elementor-element elementor-element-315a0ed elementor-widget elementor-widget-ld_button\" data-id=\"315a0ed\" data-element_type=\"widget\" data-widget_type=\"ld_button.default\">\n\t\t\t\t<div class=\"elementor-widget-container\">\n\t\t\t\n\t\t\t<a\n\t\t\t\thref=\"https:\/\/www.stvmachinery.it\/cataloghi\/STV-Capping-machines.pdf\" target=\"_blank\"class=\"elementor-button btn btn-solid btn-icon-shaped btn-has-label\"\t\t\t>\n\t\t\t\t\t\t\t\t\t<span data-text=\"Fiche technique\" class=\"btn-txt\">\n\t\t\t\t\t\tFiche technique\t\t\t\t\t<\/span>\n\t\t\t\t\t\t\t\t\t\t\t<\/a>\n\t\t\t\t\t<\/div>\n\t\t\t\t<\/div>\n\t\t\t\t\t<\/div>\n\t\t\t\t<\/div>\n\t\t<div class=\"elementor-element elementor-element-5f930cc e-flex e-con-boxed e-con e-parent\" data-id=\"5f930cc\" data-element_type=\"container\" data-settings=\"{&quot;background_background&quot;:&quot;classic&quot;}\">\n\t\t\t\t\t<div class=\"e-con-inner\">\n\t\t\t\t<div class=\"elementor-element elementor-element-fabab25 elementor-widget elementor-widget-text-editor\" data-id=\"fabab25\" data-element_type=\"widget\" data-widget_type=\"text-editor.default\">\n\t\t\t\t<div class=\"elementor-widget-container\">\n\t\t\t\t\t\t\t<h3 class=\"product-item-title\"><strong>ALIMENTATEUR MAGNETIQUE<\/strong> POUR CAPSULES TWIST-OFF compos\u00e9 par:<\/h3>\n<ul>\n<li>Soubassement en plaque d\u2019acier inox AISI 304, tr\u00e9mie de chargement en acier inox AISI 304, \u00e9l\u00e9vateur vertical magn\u00e9tique en acier inox AISI 304 avec un plan de transport en mat\u00e9riel plastique qui convoie les capsules au canal et apr\u00e8s au <strong>groupe de d\u00e9crochement<\/strong> o\u00f9 elles sont pr\u00e9lev\u00e9es par les r\u00e9cipients. <\/li>\n<li><strong>L\u2019absence de capsules<\/strong> orient\u00e9es dans une position non correcte est assur\u00e9e par la pr\u00e9sence de 3 groupes de contr\u00f4le et expulsion qui, \u00e0 travers un jet d\u2019air lat\u00e9ral, expulsent les capsules en les faisant tomber dans la tr\u00e9mie. <\/li>\n<li><strong>Premier groupe de contr\u00f4le<\/strong> \u00e0 photocellule et expulsion des capsules superpos\u00e9es. <\/li>\n<li><strong>Deuxi\u00e8me groupe de contr\u00f4le<\/strong> avec proximity-switch et expulsion des capsules adh\u00e9r\u00e9es dans un sens incorrect. <\/li>\n<li><strong>Troisi\u00e8me groupe de contr\u00f4le<\/strong> avec proximity-switch qui assure l\u2019absence des capsules renvers\u00e9es.<\/li>\n<li><strong>Expulsion des capsules<\/strong> renvers\u00e9es par un jet d\u2019air lat\u00e9ral et tomb\u00e9e dans la tr\u00e9mie. <\/li>\n<li><strong>Syst\u00e8me de contr\u00f4le<\/strong> qui commande la machine selon le flux des capsules selon les modalit\u00e9s suivantes: <\/li>\n<li><strong>Trop-plein<\/strong> sur la goulotte d\u2019alimentation = arr\u00eat alimentateur. <\/li>\n<li><strong>Trop vide<\/strong> sur la goulotte d\u2019alimentation = arr\u00eat machine.<\/li>\n<li><strong>Alimentation capsules<\/strong> = remise en marche de la machine en automatique. <\/li>\n<li>Un <strong>syst\u00e8me de contr\u00f4le<\/strong> commande la machine selon le flux des capsules dans l\u2019alimentateur. <\/li>\n<li><strong>Chute<\/strong> pour connection avec la Capsuleuse.<\/li>\n<li><strong>Moteur<\/strong> \u00e0 <strong>entra\u00eenement<\/strong> \u00e0 fr\u00e9quence variable. <\/li>\n<li><strong>Tableau \u00e9lectrique<\/strong> de commande.<\/li>\n<li>Fabrication en acier inox AISI 304 sauf quelque parties qui sont en mat\u00e9riel diff\u00e9rent indiqu\u00e9 pour leur bon fonctionnement. <\/li>\n<li>La machine est compl\u00e8tement <strong>r\u00e9glable<\/strong> en toutes ses parties pour traiter n\u2019importe quel type de pot et de capsules twist-off.<\/li>\n<li>Apr\u00e8s la mise en marche et les r\u00e9glages n\u00e9cessaires la machine <strong>ne n\u00e9cessite pas de l\u2019assistance de l\u2019op\u00e9rateur. <\/strong><\/li>\n<\/ul>\n\t\t\t\t\t\t<\/div>\n\t\t\t\t<\/div>\n\t\t\t\t\t<\/div>\n\t\t\t\t<\/div>\n\t\t<div class=\"elementor-element elementor-element-e95b650 e-flex e-con-boxed e-con e-parent\" data-id=\"e95b650\" data-element_type=\"container\">\n\t\t\t\t\t<div class=\"e-con-inner\">\n\t\t\t\t<div class=\"elementor-element elementor-element-02e0a45 elementor-widget elementor-widget-heading\" data-id=\"02e0a45\" data-element_type=\"widget\" data-widget_type=\"heading.default\">\n\t\t\t\t<div class=\"elementor-widget-container\">\n\t\t\t<style>\/*! elementor - v3.21.0 - 08-05-2024 *\/\n.elementor-heading-title{padding:0;margin:0;line-height:1}.elementor-widget-heading .elementor-heading-title[class*=elementor-size-]>a{color:inherit;font-size:inherit;line-height:inherit}.elementor-widget-heading .elementor-heading-title.elementor-size-small{font-size:15px}.elementor-widget-heading .elementor-heading-title.elementor-size-medium{font-size:19px}.elementor-widget-heading .elementor-heading-title.elementor-size-large{font-size:29px}.elementor-widget-heading .elementor-heading-title.elementor-size-xl{font-size:39px}.elementor-widget-heading .elementor-heading-title.elementor-size-xxl{font-size:59px}<\/style><h4 class=\"elementor-heading-title elementor-size-default\">Donn\u00e9es techniques<\/h4>\t\t<\/div>\n\t\t\t\t<\/div>\n\t\t\t\t<div class=\"elementor-element elementor-element-4399734 elementor-widget elementor-widget-ld_table\" data-id=\"4399734\" data-element_type=\"widget\" data-widget_type=\"ld_table.default\">\n\t\t\t\t<div class=\"elementor-widget-container\">\n\t\t\t<table><tr><td class=\"elementor-repeater-item-4be9d2e\">Capacit\u00e9<\/td><td class=\"elementor-repeater-item-485afe4\">14.000 r\u00e9cipients\/heure environ avec capsule diam. 53 mm<\/td><\/tr><tr><td class=\"elementor-repeater-item-d918673\">Puissance install\u00e9e<\/td><td class=\"elementor-repeater-item-b958ccc\">kW 2,45<\/td><\/tr><tr><td class=\"elementor-repeater-item-78380da\">Longueur<\/td><td class=\"elementor-repeater-item-a74bb3f\">3.700 mm (avec alimentateur)<\/td><\/tr><tr><td class=\"elementor-repeater-item-e9f2d72\">Largeur<\/td><td class=\"elementor-repeater-item-b05652f\">4.200 mm (avec alimentateur)<\/td><\/tr><tr><td class=\"elementor-repeater-item-b47ffca\">Dimensions des capsules<\/td><td class=\"elementor-repeater-item-3fb4a03\">\u00d8 43 mm (avec 4 ailettes) \u00e0 110 mm<\/td><\/tr><tr><td class=\"elementor-repeater-item-35841be\">Dimensions des contenants<\/td><td class=\"elementor-repeater-item-af47293\">\u00d8 mm 40 \u00f7 140<br>h mm 40 \u00f7 260<\/td><\/tr><\/table>\t\t<\/div>\n\t\t\t\t<\/div>\n\t\t\t\t<div class=\"elementor-element elementor-element-f6e43b4 elementor-widget elementor-widget-text-editor\" data-id=\"f6e43b4\" data-element_type=\"widget\" data-widget_type=\"text-editor.default\">\n\t\t\t\t<div class=\"elementor-widget-container\">\n\t\t\t\t\t\t\t<h5><strong>ACCESSOIRES OPTIONNELS<\/strong> disponibles sur demande: <br \/><\/h5>\n<ul>\n<li><strong>Canal avec r\u00e9glage automatique<\/strong> par cylindres pneumatiques pour l\u2019alimentation de capsules de \u00d8 43 mm jusqu\u2019\u00e0 \u00d8 110 mm et des capsules avec un hauteur de 10 mm jusqu\u2019\u00e0 20 mm. <\/li>\n<li><strong>Groupe de d\u00e9crochement<\/strong> pour capsules twist-off de \u00d8 28 jusqu\u2019au 43 mm avec 3 ailettes.<\/li>\n<\/ul>\n\t\t\t\t\t\t<\/div>\n\t\t\t\t<\/div>\n\t\t\t\t\t<\/div>\n\t\t\t\t<\/div>\n\t\t<div class=\"elementor-element elementor-element-3393610 e-flex e-con-boxed e-con e-parent\" data-id=\"3393610\" data-element_type=\"container\" data-settings=\"{&quot;background_background&quot;:&quot;classic&quot;}\">\n\t\t\t\t\t<div class=\"e-con-inner\">\n\t\t\t\t<div class=\"elementor-element elementor-element-fc4f3a4 elementor-widget elementor-widget-text-editor\" data-id=\"fc4f3a4\" data-element_type=\"widget\" data-widget_type=\"text-editor.default\">\n\t\t\t\t<div class=\"elementor-widget-container\">\n\t\t\t\t\t\t\t<h3 class=\"product-item-title\">Video<\/h3>\n\t\t\t\t\t\t<\/div>\n\t\t\t\t<\/div>\n\t\t\t\t<div class=\"elementor-element elementor-element-89fe38b elementor-widget elementor-widget-video\" data-id=\"89fe38b\" data-element_type=\"widget\" data-settings=\"{&quot;youtube_url&quot;:&quot;https:\\\/\\\/youtu.be\\\/VbEtCrPklFQ&quot;,&quot;video_type&quot;:&quot;youtube&quot;,&quot;controls&quot;:&quot;yes&quot;}\" data-widget_type=\"video.default\">\n\t\t\t\t<div class=\"elementor-widget-container\">\n\t\t\t<style>\/*! elementor - v3.21.0 - 08-05-2024 *\/\n.elementor-widget-video .elementor-widget-container{overflow:hidden;transform:translateZ(0)}.elementor-widget-video .elementor-wrapper{aspect-ratio:var(--video-aspect-ratio)}.elementor-widget-video .elementor-wrapper iframe,.elementor-widget-video .elementor-wrapper video{height:100%;width:100%;display:flex;border:none;background-color:#000}@supports not (aspect-ratio:1\/1){.elementor-widget-video .elementor-wrapper{position:relative;overflow:hidden;height:0;padding-bottom:calc(100% \/ var(--video-aspect-ratio))}.elementor-widget-video .elementor-wrapper iframe,.elementor-widget-video .elementor-wrapper video{position:absolute;top:0;right:0;bottom:0;left:0}}.elementor-widget-video .elementor-open-inline .elementor-custom-embed-image-overlay{position:absolute;top:0;right:0;bottom:0;left:0;background-size:cover;background-position:50%}.elementor-widget-video .elementor-custom-embed-image-overlay{cursor:pointer;text-align:center}.elementor-widget-video .elementor-custom-embed-image-overlay:hover .elementor-custom-embed-play i{opacity:1}.elementor-widget-video .elementor-custom-embed-image-overlay img{display:block;width:100%;aspect-ratio:var(--video-aspect-ratio);-o-object-fit:cover;object-fit:cover;-o-object-position:center center;object-position:center center}@supports not (aspect-ratio:1\/1){.elementor-widget-video .elementor-custom-embed-image-overlay{position:relative;overflow:hidden;height:0;padding-bottom:calc(100% \/ var(--video-aspect-ratio))}.elementor-widget-video .elementor-custom-embed-image-overlay img{position:absolute;top:0;right:0;bottom:0;left:0}}.elementor-widget-video .e-hosted-video .elementor-video{-o-object-fit:cover;object-fit:cover}.e-con-inner>.elementor-widget-video,.e-con>.elementor-widget-video{width:var(--container-widget-width);--flex-grow:var(--container-widget-flex-grow)}<\/style>\t\t<div class=\"elementor-wrapper elementor-open-inline\">\n\t\t\t<div class=\"elementor-video\"><\/div>\t\t<\/div>\n\t\t\t\t<\/div>\n\t\t\t\t<\/div>\n\t\t\t\t\t<\/div>\n\t\t\t\t<\/div>\n\t\t\t\t<\/div>\n\t\t","protected":false},"excerpt":{"rendered":"<p>Machine automatique pour <strong>fermer des r\u00e9cipients en verre<\/strong> (bouteilles ou pots) avec des <strong>CAPSULES TWIST-OFF<\/strong>.<\/p>\n<p><a class=\"pulsanterosso\" href=\"#caratteristiche\">Caract\u00e9ristiques techniques<\/a><\/p>\n","protected":false},"featured_media":11137,"template":"","meta":{"inline_featured_image":false},"product_cat":[117],"product_tag":[],"class_list":{"0":"post-10694","1":"product","2":"type-product","3":"status-publish","4":"has-post-thumbnail","6":"product_cat-capsuleuses-et-boucheuses","7":"pa_applicazione-contenants-pleins","8":"pa_funzionamento-automatique","9":"pa_settore-alimentaire","10":"pa_settore-cosmetique-et-detergence-fr","12":"first","13":"instock","14":"shipping-taxable","15":"product-type-simple"},"yoast_head":"<!-- This site is optimized with the Yoast SEO plugin v22.7 - https:\/\/yoast.com\/wordpress\/plugins\/seo\/ -->\n<title>Capsuleuse lineaire Mod. C60 avec alimentateur magnetique | STV Machinery<\/title>\n<meta name=\"description\" content=\"Notre Capsuleuse avec alimentateur magnetique est une machine automatique pour fermer des r\u00e9cipients en verre avec des CAPSULES TWIST-OFF.\" \/>\n<meta name=\"robots\" content=\"index, follow, max-snippet:-1, max-image-preview:large, max-video-preview:-1\" \/>\n<link rel=\"canonical\" href=\"https:\/\/www.stvmachinery.it\/fr\/macchinari\/capsuleuses-et-boucheuses\/capsuleuse-lineaire-mod-c60-avec-alimentateur-magnetique\/\" \/>\n<meta property=\"og:locale\" content=\"fr_FR\" \/>\n<meta property=\"og:type\" content=\"article\" \/>\n<meta property=\"og:title\" content=\"Capsuleuse lineaire Mod. C60 avec alimentateur magnetique | STV Machinery\" \/>\n<meta property=\"og:description\" content=\"Notre Capsuleuse avec alimentateur magnetique est une machine automatique pour fermer des r\u00e9cipients en verre avec des CAPSULES TWIST-OFF.\" \/>\n<meta property=\"og:url\" content=\"https:\/\/www.stvmachinery.it\/fr\/macchinari\/capsuleuses-et-boucheuses\/capsuleuse-lineaire-mod-c60-avec-alimentateur-magnetique\/\" \/>\n<meta property=\"og:site_name\" content=\"STV Machinery\" \/>\n<meta property=\"article:modified_time\" content=\"2025-11-24T11:57:28+00:00\" \/>\n<meta property=\"og:image\" content=\"https:\/\/www.stvmachinery.it\/wp-content\/uploads\/2024\/03\/capsulatrice-c60-am.webp\" \/>\n\t<meta property=\"og:image:width\" content=\"1200\" \/>\n\t<meta property=\"og:image:height\" content=\"1200\" \/>\n\t<meta property=\"og:image:type\" content=\"image\/webp\" \/>\n<meta name=\"twitter:card\" content=\"summary_large_image\" \/>\n<script type=\"application\/ld+json\" class=\"yoast-schema-graph\">{\"@context\":\"https:\/\/schema.org\",\"@graph\":[{\"@type\":\"WebPage\",\"@id\":\"https:\/\/www.stvmachinery.it\/fr\/macchinari\/capsuleuses-et-boucheuses\/capsuleuse-lineaire-mod-c60-avec-alimentateur-magnetique\/\",\"url\":\"https:\/\/www.stvmachinery.it\/fr\/macchinari\/capsuleuses-et-boucheuses\/capsuleuse-lineaire-mod-c60-avec-alimentateur-magnetique\/\",\"name\":\"Capsuleuse lineaire Mod. C60 avec alimentateur magnetique | STV Machinery\",\"isPartOf\":{\"@id\":\"https:\/\/www.stvmachinery.it\/fr\/#website\"},\"primaryImageOfPage\":{\"@id\":\"https:\/\/www.stvmachinery.it\/fr\/macchinari\/capsuleuses-et-boucheuses\/capsuleuse-lineaire-mod-c60-avec-alimentateur-magnetique\/#primaryimage\"},\"image\":{\"@id\":\"https:\/\/www.stvmachinery.it\/fr\/macchinari\/capsuleuses-et-boucheuses\/capsuleuse-lineaire-mod-c60-avec-alimentateur-magnetique\/#primaryimage\"},\"thumbnailUrl\":\"https:\/\/www.stvmachinery.it\/wp-content\/uploads\/2024\/03\/capsulatrice-c60-am.webp\",\"datePublished\":\"2024-03-29T11:11:09+00:00\",\"dateModified\":\"2025-11-24T11:57:28+00:00\",\"description\":\"Notre Capsuleuse avec alimentateur magnetique est une machine automatique pour fermer des r\u00e9cipients en verre avec des CAPSULES TWIST-OFF.\",\"breadcrumb\":{\"@id\":\"https:\/\/www.stvmachinery.it\/fr\/macchinari\/capsuleuses-et-boucheuses\/capsuleuse-lineaire-mod-c60-avec-alimentateur-magnetique\/#breadcrumb\"},\"inLanguage\":\"fr-FR\",\"potentialAction\":[{\"@type\":\"ReadAction\",\"target\":[\"https:\/\/www.stvmachinery.it\/fr\/macchinari\/capsuleuses-et-boucheuses\/capsuleuse-lineaire-mod-c60-avec-alimentateur-magnetique\/\"]}]},{\"@type\":\"ImageObject\",\"inLanguage\":\"fr-FR\",\"@id\":\"https:\/\/www.stvmachinery.it\/fr\/macchinari\/capsuleuses-et-boucheuses\/capsuleuse-lineaire-mod-c60-avec-alimentateur-magnetique\/#primaryimage\",\"url\":\"https:\/\/www.stvmachinery.it\/wp-content\/uploads\/2024\/03\/capsulatrice-c60-am.webp\",\"contentUrl\":\"https:\/\/www.stvmachinery.it\/wp-content\/uploads\/2024\/03\/capsulatrice-c60-am.webp\",\"width\":1200,\"height\":1200},{\"@type\":\"BreadcrumbList\",\"@id\":\"https:\/\/www.stvmachinery.it\/fr\/macchinari\/capsuleuses-et-boucheuses\/capsuleuse-lineaire-mod-c60-avec-alimentateur-magnetique\/#breadcrumb\",\"itemListElement\":[{\"@type\":\"ListItem\",\"position\":1,\"name\":\"Home\",\"item\":\"https:\/\/www.stvmachinery.it\/fr\/stv-machinery\/\"},{\"@type\":\"ListItem\",\"position\":2,\"name\":\"Machines\",\"item\":\"https:\/\/www.stvmachinery.it\/fr\/machines\/\"},{\"@type\":\"ListItem\",\"position\":3,\"name\":\"Capsuleuse lineaire Mod. C60 avec alimentateur magnetique\"}]},{\"@type\":\"WebSite\",\"@id\":\"https:\/\/www.stvmachinery.it\/fr\/#website\",\"url\":\"https:\/\/www.stvmachinery.it\/fr\/\",\"name\":\"STV Machinery\",\"description\":\"Macchine ed impianti per l\u2019industria agroalimentare e conserviera\",\"publisher\":{\"@id\":\"https:\/\/www.stvmachinery.it\/fr\/#organization\"},\"potentialAction\":[{\"@type\":\"SearchAction\",\"target\":{\"@type\":\"EntryPoint\",\"urlTemplate\":\"https:\/\/www.stvmachinery.it\/fr\/?s={search_term_string}\"},\"query-input\":\"required name=search_term_string\"}],\"inLanguage\":\"fr-FR\"},{\"@type\":\"Organization\",\"@id\":\"https:\/\/www.stvmachinery.it\/fr\/#organization\",\"name\":\"S.T.V. di Salati Giovanni & C. \u2013 S.n.c.\",\"alternateName\":\"STV Machinery\",\"url\":\"https:\/\/www.stvmachinery.it\/fr\/\",\"logo\":{\"@type\":\"ImageObject\",\"inLanguage\":\"fr-FR\",\"@id\":\"https:\/\/www.stvmachinery.it\/fr\/#\/schema\/logo\/image\/\",\"url\":\"https:\/\/www.stvmachinery.it\/wp-content\/uploads\/2021\/06\/stv-machinery-logo-positivo.png\",\"contentUrl\":\"https:\/\/www.stvmachinery.it\/wp-content\/uploads\/2021\/06\/stv-machinery-logo-positivo.png\",\"width\":481,\"height\":233,\"caption\":\"S.T.V. di Salati Giovanni & C. \u2013 S.n.c.\"},\"image\":{\"@id\":\"https:\/\/www.stvmachinery.it\/fr\/#\/schema\/logo\/image\/\"},\"sameAs\":[\"https:\/\/it.linkedin.com\/company\/stv-machinery\",\"https:\/\/www.youtube.com\/channel\/UCceMPa8POjTOmZeA2_KUoeg\"]}]}<\/script>\n<!-- \/ Yoast SEO plugin. -->","yoast_head_json":{"title":"Capsuleuse lineaire Mod. C60 avec alimentateur magnetique | STV Machinery","description":"Notre Capsuleuse avec alimentateur magnetique est une machine automatique pour fermer des r\u00e9cipients en verre avec des CAPSULES TWIST-OFF.","robots":{"index":"index","follow":"follow","max-snippet":"max-snippet:-1","max-image-preview":"max-image-preview:large","max-video-preview":"max-video-preview:-1"},"canonical":"https:\/\/www.stvmachinery.it\/fr\/macchinari\/capsuleuses-et-boucheuses\/capsuleuse-lineaire-mod-c60-avec-alimentateur-magnetique\/","og_locale":"fr_FR","og_type":"article","og_title":"Capsuleuse lineaire Mod. C60 avec alimentateur magnetique | STV Machinery","og_description":"Notre Capsuleuse avec alimentateur magnetique est une machine automatique pour fermer des r\u00e9cipients en verre avec des CAPSULES TWIST-OFF.","og_url":"https:\/\/www.stvmachinery.it\/fr\/macchinari\/capsuleuses-et-boucheuses\/capsuleuse-lineaire-mod-c60-avec-alimentateur-magnetique\/","og_site_name":"STV Machinery","article_modified_time":"2025-11-24T11:57:28+00:00","og_image":[{"width":1200,"height":1200,"url":"https:\/\/www.stvmachinery.it\/wp-content\/uploads\/2024\/03\/capsulatrice-c60-am.webp","type":"image\/webp"}],"twitter_card":"summary_large_image","schema":{"@context":"https:\/\/schema.org","@graph":[{"@type":"WebPage","@id":"https:\/\/www.stvmachinery.it\/fr\/macchinari\/capsuleuses-et-boucheuses\/capsuleuse-lineaire-mod-c60-avec-alimentateur-magnetique\/","url":"https:\/\/www.stvmachinery.it\/fr\/macchinari\/capsuleuses-et-boucheuses\/capsuleuse-lineaire-mod-c60-avec-alimentateur-magnetique\/","name":"Capsuleuse lineaire Mod. C60 avec alimentateur magnetique | STV Machinery","isPartOf":{"@id":"https:\/\/www.stvmachinery.it\/fr\/#website"},"primaryImageOfPage":{"@id":"https:\/\/www.stvmachinery.it\/fr\/macchinari\/capsuleuses-et-boucheuses\/capsuleuse-lineaire-mod-c60-avec-alimentateur-magnetique\/#primaryimage"},"image":{"@id":"https:\/\/www.stvmachinery.it\/fr\/macchinari\/capsuleuses-et-boucheuses\/capsuleuse-lineaire-mod-c60-avec-alimentateur-magnetique\/#primaryimage"},"thumbnailUrl":"https:\/\/www.stvmachinery.it\/wp-content\/uploads\/2024\/03\/capsulatrice-c60-am.webp","datePublished":"2024-03-29T11:11:09+00:00","dateModified":"2025-11-24T11:57:28+00:00","description":"Notre Capsuleuse avec alimentateur magnetique est une machine automatique pour fermer des r\u00e9cipients en verre avec des CAPSULES TWIST-OFF.","breadcrumb":{"@id":"https:\/\/www.stvmachinery.it\/fr\/macchinari\/capsuleuses-et-boucheuses\/capsuleuse-lineaire-mod-c60-avec-alimentateur-magnetique\/#breadcrumb"},"inLanguage":"fr-FR","potentialAction":[{"@type":"ReadAction","target":["https:\/\/www.stvmachinery.it\/fr\/macchinari\/capsuleuses-et-boucheuses\/capsuleuse-lineaire-mod-c60-avec-alimentateur-magnetique\/"]}]},{"@type":"ImageObject","inLanguage":"fr-FR","@id":"https:\/\/www.stvmachinery.it\/fr\/macchinari\/capsuleuses-et-boucheuses\/capsuleuse-lineaire-mod-c60-avec-alimentateur-magnetique\/#primaryimage","url":"https:\/\/www.stvmachinery.it\/wp-content\/uploads\/2024\/03\/capsulatrice-c60-am.webp","contentUrl":"https:\/\/www.stvmachinery.it\/wp-content\/uploads\/2024\/03\/capsulatrice-c60-am.webp","width":1200,"height":1200},{"@type":"BreadcrumbList","@id":"https:\/\/www.stvmachinery.it\/fr\/macchinari\/capsuleuses-et-boucheuses\/capsuleuse-lineaire-mod-c60-avec-alimentateur-magnetique\/#breadcrumb","itemListElement":[{"@type":"ListItem","position":1,"name":"Home","item":"https:\/\/www.stvmachinery.it\/fr\/stv-machinery\/"},{"@type":"ListItem","position":2,"name":"Machines","item":"https:\/\/www.stvmachinery.it\/fr\/machines\/"},{"@type":"ListItem","position":3,"name":"Capsuleuse lineaire Mod. C60 avec alimentateur magnetique"}]},{"@type":"WebSite","@id":"https:\/\/www.stvmachinery.it\/fr\/#website","url":"https:\/\/www.stvmachinery.it\/fr\/","name":"STV Machinery","description":"Macchine ed impianti per l\u2019industria agroalimentare e conserviera","publisher":{"@id":"https:\/\/www.stvmachinery.it\/fr\/#organization"},"potentialAction":[{"@type":"SearchAction","target":{"@type":"EntryPoint","urlTemplate":"https:\/\/www.stvmachinery.it\/fr\/?s={search_term_string}"},"query-input":"required name=search_term_string"}],"inLanguage":"fr-FR"},{"@type":"Organization","@id":"https:\/\/www.stvmachinery.it\/fr\/#organization","name":"S.T.V. di Salati Giovanni & C. \u2013 S.n.c.","alternateName":"STV Machinery","url":"https:\/\/www.stvmachinery.it\/fr\/","logo":{"@type":"ImageObject","inLanguage":"fr-FR","@id":"https:\/\/www.stvmachinery.it\/fr\/#\/schema\/logo\/image\/","url":"https:\/\/www.stvmachinery.it\/wp-content\/uploads\/2021\/06\/stv-machinery-logo-positivo.png","contentUrl":"https:\/\/www.stvmachinery.it\/wp-content\/uploads\/2021\/06\/stv-machinery-logo-positivo.png","width":481,"height":233,"caption":"S.T.V. di Salati Giovanni & C. \u2013 S.n.c."},"image":{"@id":"https:\/\/www.stvmachinery.it\/fr\/#\/schema\/logo\/image\/"},"sameAs":["https:\/\/it.linkedin.com\/company\/stv-machinery","https:\/\/www.youtube.com\/channel\/UCceMPa8POjTOmZeA2_KUoeg"]}]}},"_links":{"self":[{"href":"https:\/\/www.stvmachinery.it\/fr\/wp-json\/wp\/v2\/product\/10694","targetHints":{"allow":["GET"]}}],"collection":[{"href":"https:\/\/www.stvmachinery.it\/fr\/wp-json\/wp\/v2\/product"}],"about":[{"href":"https:\/\/www.stvmachinery.it\/fr\/wp-json\/wp\/v2\/types\/product"}],"version-history":[{"count":7,"href":"https:\/\/www.stvmachinery.it\/fr\/wp-json\/wp\/v2\/product\/10694\/revisions"}],"predecessor-version":[{"id":11223,"href":"https:\/\/www.stvmachinery.it\/fr\/wp-json\/wp\/v2\/product\/10694\/revisions\/11223"}],"wp:featuredmedia":[{"embeddable":true,"href":"https:\/\/www.stvmachinery.it\/fr\/wp-json\/wp\/v2\/media\/11137"}],"wp:attachment":[{"href":"https:\/\/www.stvmachinery.it\/fr\/wp-json\/wp\/v2\/media?parent=10694"}],"wp:term":[{"taxonomy":"product_cat","embeddable":true,"href":"https:\/\/www.stvmachinery.it\/fr\/wp-json\/wp\/v2\/product_cat?post=10694"},{"taxonomy":"product_tag","embeddable":true,"href":"https:\/\/www.stvmachinery.it\/fr\/wp-json\/wp\/v2\/product_tag?post=10694"}],"curies":[{"name":"wp","href":"https:\/\/api.w.org\/{rel}","templated":true}]}}