{"id":10700,"date":"2024-03-29T14:10:57","date_gmt":"2024-03-29T13:10:57","guid":{"rendered":"https:\/\/www.stvmachinery.it\/macchinari\/non%20class\u00e9\/capsuleuse-semi-automatique-twist-off-mod-cs\/"},"modified":"2025-11-24T13:34:21","modified_gmt":"2025-11-24T12:34:21","slug":"capsuleuse-semi-automatique-twist-off-mod-cs","status":"publish","type":"product","link":"https:\/\/www.stvmachinery.it\/fr\/macchinari\/capsuleuses-et-boucheuses\/capsuleuse-semi-automatique-twist-off-mod-cs\/","title":{"rendered":"Capsuleuse semi-automatique Twist Off Mod. CS"},"content":{"rendered":"\t\t<div data-elementor-type=\"product-post\" data-elementor-id=\"10700\" class=\"elementor elementor-10700 elementor-8638\" data-elementor-post-type=\"product\">\n\t\t\t\t<div class=\"elementor-element elementor-element-46a5c91 e-flex e-con-boxed e-con e-parent\" data-id=\"46a5c91\" data-element_type=\"container\" id=\"caratteristiche\">\n\t\t\t\t\t<div class=\"e-con-inner\">\n\t\t\t\t<div class=\"elementor-element elementor-element-7aea20b elementor-widget elementor-widget-text-editor\" data-id=\"7aea20b\" data-element_type=\"widget\" data-widget_type=\"text-editor.default\">\n\t\t\t\t<div class=\"elementor-widget-container\">\n\t\t\t<style>\/*! elementor - v3.21.0 - 08-05-2024 *\/\n.elementor-widget-text-editor.elementor-drop-cap-view-stacked .elementor-drop-cap{background-color:#69727d;color:#fff}.elementor-widget-text-editor.elementor-drop-cap-view-framed .elementor-drop-cap{color:#69727d;border:3px solid;background-color:transparent}.elementor-widget-text-editor:not(.elementor-drop-cap-view-default) .elementor-drop-cap{margin-top:8px}.elementor-widget-text-editor:not(.elementor-drop-cap-view-default) .elementor-drop-cap-letter{width:1em;height:1em}.elementor-widget-text-editor .elementor-drop-cap{float:left;text-align:center;line-height:1;font-size:50px}.elementor-widget-text-editor .elementor-drop-cap-letter{display:inline-block}<\/style>\t\t\t\t<h3 class=\"product-item-title\">Caract\u00e9ristiques de fabrication<\/h3>\n<ul>\n<li><strong>Soubassement<\/strong> en acier inox avec des pieds r\u00e9glables en hauteur. <\/li>\n<li><strong>Colonne supportant<\/strong> le groupe de vissage capsules, compos\u00e9e d\u2019un embrayage, un motor\u00e9ducteur et une t\u00eate porte-capsule. <\/li>\n<li><strong>Petit volant<\/strong> connect\u00e9 \u00e0 une barre filet\u00e9e en acier inox qui permet le r\u00e9glage manuel du groupe de vissage selon l\u2019hauteur du r\u00e9cipient. <\/li>\n<li><strong>Cylindre pneumatique<\/strong> actionn\u00e9 par une vanne qui permet de baisser le groupe de vissage capsules. <\/li>\n<li>La machine peut <strong>traiter des pots\/bouteilles en verre de formats diff\u00e9rents<\/strong> et des capsules trwist-off de diam.max. 110 mm.<\/li>\n<\/ul>\n\t\t\t\t\t\t<\/div>\n\t\t\t\t<\/div>\n\t\t\t\t\t<\/div>\n\t\t\t\t<\/div>\n\t\t<div class=\"elementor-element elementor-element-e95b650 e-flex e-con-boxed e-con e-parent\" data-id=\"e95b650\" data-element_type=\"container\" data-settings=\"{&quot;background_background&quot;:&quot;classic&quot;}\">\n\t\t\t\t\t<div class=\"e-con-inner\">\n\t\t\t\t<div class=\"elementor-element elementor-element-02e0a45 elementor-widget elementor-widget-heading\" data-id=\"02e0a45\" data-element_type=\"widget\" data-widget_type=\"heading.default\">\n\t\t\t\t<div class=\"elementor-widget-container\">\n\t\t\t<style>\/*! elementor - v3.21.0 - 08-05-2024 *\/\n.elementor-heading-title{padding:0;margin:0;line-height:1}.elementor-widget-heading .elementor-heading-title[class*=elementor-size-]>a{color:inherit;font-size:inherit;line-height:inherit}.elementor-widget-heading .elementor-heading-title.elementor-size-small{font-size:15px}.elementor-widget-heading .elementor-heading-title.elementor-size-medium{font-size:19px}.elementor-widget-heading .elementor-heading-title.elementor-size-large{font-size:29px}.elementor-widget-heading .elementor-heading-title.elementor-size-xl{font-size:39px}.elementor-widget-heading .elementor-heading-title.elementor-size-xxl{font-size:59px}<\/style><h4 class=\"elementor-heading-title elementor-size-default\">Disponibles sur demande: <br><\/h4>\t\t<\/div>\n\t\t\t\t<\/div>\n\t\t\t\t<div class=\"elementor-element elementor-element-d3553fa elementor-widget elementor-widget-text-editor\" data-id=\"d3553fa\" data-element_type=\"widget\" data-widget_type=\"text-editor.default\">\n\t\t\t\t<div class=\"elementor-widget-container\">\n\t\t\t\t\t\t\t<div>Sur demande la machine peut \u00eatre fournie avec le <strong>GROUPE POUR LA FORMATION DU VIDE<\/strong> dans le r\u00e9cipient apr\u00e8s la fermeture.<\/div>\n<div> <\/div>\n<div>Au cas o\u00fa il ne faut la vapeur la machine est diponible dans la <strong>VERSION DE TABLE.<\/strong><\/div>\n\t\t\t\t\t\t<\/div>\n\t\t\t\t<\/div>\n\t\t\t\t\t<\/div>\n\t\t\t\t<\/div>\n\t\t<div class=\"elementor-element elementor-element-062fac5 e-flex e-con-boxed e-con e-parent\" data-id=\"062fac5\" data-element_type=\"container\">\n\t\t\t\t\t<div class=\"e-con-inner\">\n\t\t\t\t<div class=\"elementor-element elementor-element-44efe1f elementor-widget elementor-widget-heading\" data-id=\"44efe1f\" data-element_type=\"widget\" data-widget_type=\"heading.default\">\n\t\t\t\t<div class=\"elementor-widget-container\">\n\t\t\t<h4 class=\"elementor-heading-title elementor-size-default\">Donn\u00e9es techniques<\/h4>\t\t<\/div>\n\t\t\t\t<\/div>\n\t\t\t\t<div class=\"elementor-element elementor-element-f00ea09 elementor-widget elementor-widget-ld_table\" data-id=\"f00ea09\" data-element_type=\"widget\" data-widget_type=\"ld_table.default\">\n\t\t\t\t<div class=\"elementor-widget-container\">\n\t\t\t<table><tr><td class=\"elementor-repeater-item-4be9d2e\">Capacit\u00e9<\/td><td class=\"elementor-repeater-item-485afe4\">200\/250 r\u00e9cipients\/heure environ (variable selon l'abilit\u00e9 de l'op\u00e9rateur et la dimension de la capsule)<\/td><\/tr><tr><td class=\"elementor-repeater-item-78380da\">Longueur<\/td><td class=\"elementor-repeater-item-a74bb3f\">560 mm<\/td><\/tr><tr><td class=\"elementor-repeater-item-e9f2d72\">Largeur<\/td><td class=\"elementor-repeater-item-b05652f\">660 mm <\/td><\/tr><\/table>\t\t<\/div>\n\t\t\t\t<\/div>\n\t\t\t\t\t<\/div>\n\t\t\t\t<\/div>\n\t\t\t\t<\/div>\n\t\t","protected":false},"excerpt":{"rendered":"<p><strong>Machine semi-automatique<\/strong> pour <strong>fermer des r\u00e9cipients<\/strong> en verre (bouteilles et pots) avec des <strong>CAPSULES TWIST-OFF<\/strong> pour des petites cadences.<\/p>\n<p><a class=\"pulsanterosso\" href=\"#caratteristiche\">Caract\u00e9ristiques techniques<\/a><\/p>\n","protected":false},"featured_media":9290,"template":"","meta":{"inline_featured_image":false},"product_cat":[117],"product_tag":[],"class_list":{"0":"post-10700","1":"product","2":"type-product","3":"status-publish","4":"has-post-thumbnail","6":"product_cat-capsuleuses-et-boucheuses","7":"pa_applicazione-contenants-pleins","8":"pa_funzionamento-semi-automatique","9":"pa_settore-alimentaire","10":"pa_settore-cosmetique-et-detergence-fr","12":"first","13":"instock","14":"shipping-taxable","15":"product-type-simple"},"yoast_head":"<!-- This site is optimized with the Yoast SEO plugin v22.7 - https:\/\/yoast.com\/wordpress\/plugins\/seo\/ -->\n<title>Capsuleuse semi-automatique Twist Off Mod. CS | STV Machinery<\/title>\n<meta name=\"description\" content=\"Machine semi-automatique pour fermer des r\u00e9cipients en verre (bouteilles et pots) avec des CAPSULES TWIST-OFF pour des petites cadences.\" \/>\n<meta name=\"robots\" content=\"index, follow, max-snippet:-1, max-image-preview:large, max-video-preview:-1\" \/>\n<link rel=\"canonical\" href=\"https:\/\/www.stvmachinery.it\/fr\/macchinari\/capsuleuses-et-boucheuses\/capsuleuse-semi-automatique-twist-off-mod-cs\/\" \/>\n<meta property=\"og:locale\" content=\"fr_FR\" \/>\n<meta property=\"og:type\" content=\"article\" \/>\n<meta property=\"og:title\" content=\"Capsuleuse semi-automatique Twist Off Mod. CS | STV Machinery\" \/>\n<meta property=\"og:description\" content=\"Machine semi-automatique pour fermer des r\u00e9cipients en verre (bouteilles et pots) avec des CAPSULES TWIST-OFF pour des petites cadences.\" \/>\n<meta property=\"og:url\" content=\"https:\/\/www.stvmachinery.it\/fr\/macchinari\/capsuleuses-et-boucheuses\/capsuleuse-semi-automatique-twist-off-mod-cs\/\" \/>\n<meta property=\"og:site_name\" content=\"STV Machinery\" \/>\n<meta property=\"article:modified_time\" content=\"2025-11-24T12:34:21+00:00\" \/>\n<meta property=\"og:image\" content=\"https:\/\/www.stvmachinery.it\/wp-content\/uploads\/2024\/03\/Capsulatrice-Semiautomatica.webp\" \/>\n\t<meta property=\"og:image:width\" content=\"1200\" \/>\n\t<meta property=\"og:image:height\" content=\"1200\" \/>\n\t<meta property=\"og:image:type\" content=\"image\/webp\" \/>\n<meta name=\"twitter:card\" content=\"summary_large_image\" \/>\n<script type=\"application\/ld+json\" class=\"yoast-schema-graph\">{\"@context\":\"https:\/\/schema.org\",\"@graph\":[{\"@type\":\"WebPage\",\"@id\":\"https:\/\/www.stvmachinery.it\/fr\/macchinari\/capsuleuses-et-boucheuses\/capsuleuse-semi-automatique-twist-off-mod-cs\/\",\"url\":\"https:\/\/www.stvmachinery.it\/fr\/macchinari\/capsuleuses-et-boucheuses\/capsuleuse-semi-automatique-twist-off-mod-cs\/\",\"name\":\"Capsuleuse semi-automatique Twist Off Mod. CS | STV Machinery\",\"isPartOf\":{\"@id\":\"https:\/\/www.stvmachinery.it\/fr\/#website\"},\"primaryImageOfPage\":{\"@id\":\"https:\/\/www.stvmachinery.it\/fr\/macchinari\/capsuleuses-et-boucheuses\/capsuleuse-semi-automatique-twist-off-mod-cs\/#primaryimage\"},\"image\":{\"@id\":\"https:\/\/www.stvmachinery.it\/fr\/macchinari\/capsuleuses-et-boucheuses\/capsuleuse-semi-automatique-twist-off-mod-cs\/#primaryimage\"},\"thumbnailUrl\":\"https:\/\/www.stvmachinery.it\/wp-content\/uploads\/2024\/03\/Capsulatrice-Semiautomatica.webp\",\"datePublished\":\"2024-03-29T13:10:57+00:00\",\"dateModified\":\"2025-11-24T12:34:21+00:00\",\"description\":\"Machine semi-automatique pour fermer des r\u00e9cipients en verre (bouteilles et pots) avec des CAPSULES TWIST-OFF pour des petites cadences.\",\"breadcrumb\":{\"@id\":\"https:\/\/www.stvmachinery.it\/fr\/macchinari\/capsuleuses-et-boucheuses\/capsuleuse-semi-automatique-twist-off-mod-cs\/#breadcrumb\"},\"inLanguage\":\"fr-FR\",\"potentialAction\":[{\"@type\":\"ReadAction\",\"target\":[\"https:\/\/www.stvmachinery.it\/fr\/macchinari\/capsuleuses-et-boucheuses\/capsuleuse-semi-automatique-twist-off-mod-cs\/\"]}]},{\"@type\":\"ImageObject\",\"inLanguage\":\"fr-FR\",\"@id\":\"https:\/\/www.stvmachinery.it\/fr\/macchinari\/capsuleuses-et-boucheuses\/capsuleuse-semi-automatique-twist-off-mod-cs\/#primaryimage\",\"url\":\"https:\/\/www.stvmachinery.it\/wp-content\/uploads\/2024\/03\/Capsulatrice-Semiautomatica.webp\",\"contentUrl\":\"https:\/\/www.stvmachinery.it\/wp-content\/uploads\/2024\/03\/Capsulatrice-Semiautomatica.webp\",\"width\":1200,\"height\":1200},{\"@type\":\"BreadcrumbList\",\"@id\":\"https:\/\/www.stvmachinery.it\/fr\/macchinari\/capsuleuses-et-boucheuses\/capsuleuse-semi-automatique-twist-off-mod-cs\/#breadcrumb\",\"itemListElement\":[{\"@type\":\"ListItem\",\"position\":1,\"name\":\"Home\",\"item\":\"https:\/\/www.stvmachinery.it\/fr\/stv-machinery\/\"},{\"@type\":\"ListItem\",\"position\":2,\"name\":\"Machines\",\"item\":\"https:\/\/www.stvmachinery.it\/fr\/machines\/\"},{\"@type\":\"ListItem\",\"position\":3,\"name\":\"Capsuleuse semi-automatique Twist Off Mod. CS\"}]},{\"@type\":\"WebSite\",\"@id\":\"https:\/\/www.stvmachinery.it\/fr\/#website\",\"url\":\"https:\/\/www.stvmachinery.it\/fr\/\",\"name\":\"STV Machinery\",\"description\":\"Macchine ed impianti per l\u2019industria agroalimentare e conserviera\",\"publisher\":{\"@id\":\"https:\/\/www.stvmachinery.it\/fr\/#organization\"},\"potentialAction\":[{\"@type\":\"SearchAction\",\"target\":{\"@type\":\"EntryPoint\",\"urlTemplate\":\"https:\/\/www.stvmachinery.it\/fr\/?s={search_term_string}\"},\"query-input\":\"required name=search_term_string\"}],\"inLanguage\":\"fr-FR\"},{\"@type\":\"Organization\",\"@id\":\"https:\/\/www.stvmachinery.it\/fr\/#organization\",\"name\":\"S.T.V. di Salati Giovanni & C. \u2013 S.n.c.\",\"alternateName\":\"STV Machinery\",\"url\":\"https:\/\/www.stvmachinery.it\/fr\/\",\"logo\":{\"@type\":\"ImageObject\",\"inLanguage\":\"fr-FR\",\"@id\":\"https:\/\/www.stvmachinery.it\/fr\/#\/schema\/logo\/image\/\",\"url\":\"https:\/\/www.stvmachinery.it\/wp-content\/uploads\/2021\/06\/stv-machinery-logo-positivo.png\",\"contentUrl\":\"https:\/\/www.stvmachinery.it\/wp-content\/uploads\/2021\/06\/stv-machinery-logo-positivo.png\",\"width\":481,\"height\":233,\"caption\":\"S.T.V. di Salati Giovanni & C. \u2013 S.n.c.\"},\"image\":{\"@id\":\"https:\/\/www.stvmachinery.it\/fr\/#\/schema\/logo\/image\/\"},\"sameAs\":[\"https:\/\/it.linkedin.com\/company\/stv-machinery\",\"https:\/\/www.youtube.com\/channel\/UCceMPa8POjTOmZeA2_KUoeg\"]}]}<\/script>\n<!-- \/ Yoast SEO plugin. -->","yoast_head_json":{"title":"Capsuleuse semi-automatique Twist Off Mod. CS | STV Machinery","description":"Machine semi-automatique pour fermer des r\u00e9cipients en verre (bouteilles et pots) avec des CAPSULES TWIST-OFF pour des petites cadences.","robots":{"index":"index","follow":"follow","max-snippet":"max-snippet:-1","max-image-preview":"max-image-preview:large","max-video-preview":"max-video-preview:-1"},"canonical":"https:\/\/www.stvmachinery.it\/fr\/macchinari\/capsuleuses-et-boucheuses\/capsuleuse-semi-automatique-twist-off-mod-cs\/","og_locale":"fr_FR","og_type":"article","og_title":"Capsuleuse semi-automatique Twist Off Mod. CS | STV Machinery","og_description":"Machine semi-automatique pour fermer des r\u00e9cipients en verre (bouteilles et pots) avec des CAPSULES TWIST-OFF pour des petites cadences.","og_url":"https:\/\/www.stvmachinery.it\/fr\/macchinari\/capsuleuses-et-boucheuses\/capsuleuse-semi-automatique-twist-off-mod-cs\/","og_site_name":"STV Machinery","article_modified_time":"2025-11-24T12:34:21+00:00","og_image":[{"width":1200,"height":1200,"url":"https:\/\/www.stvmachinery.it\/wp-content\/uploads\/2024\/03\/Capsulatrice-Semiautomatica.webp","type":"image\/webp"}],"twitter_card":"summary_large_image","schema":{"@context":"https:\/\/schema.org","@graph":[{"@type":"WebPage","@id":"https:\/\/www.stvmachinery.it\/fr\/macchinari\/capsuleuses-et-boucheuses\/capsuleuse-semi-automatique-twist-off-mod-cs\/","url":"https:\/\/www.stvmachinery.it\/fr\/macchinari\/capsuleuses-et-boucheuses\/capsuleuse-semi-automatique-twist-off-mod-cs\/","name":"Capsuleuse semi-automatique Twist Off Mod. CS | STV Machinery","isPartOf":{"@id":"https:\/\/www.stvmachinery.it\/fr\/#website"},"primaryImageOfPage":{"@id":"https:\/\/www.stvmachinery.it\/fr\/macchinari\/capsuleuses-et-boucheuses\/capsuleuse-semi-automatique-twist-off-mod-cs\/#primaryimage"},"image":{"@id":"https:\/\/www.stvmachinery.it\/fr\/macchinari\/capsuleuses-et-boucheuses\/capsuleuse-semi-automatique-twist-off-mod-cs\/#primaryimage"},"thumbnailUrl":"https:\/\/www.stvmachinery.it\/wp-content\/uploads\/2024\/03\/Capsulatrice-Semiautomatica.webp","datePublished":"2024-03-29T13:10:57+00:00","dateModified":"2025-11-24T12:34:21+00:00","description":"Machine semi-automatique pour fermer des r\u00e9cipients en verre (bouteilles et pots) avec des CAPSULES TWIST-OFF pour des petites cadences.","breadcrumb":{"@id":"https:\/\/www.stvmachinery.it\/fr\/macchinari\/capsuleuses-et-boucheuses\/capsuleuse-semi-automatique-twist-off-mod-cs\/#breadcrumb"},"inLanguage":"fr-FR","potentialAction":[{"@type":"ReadAction","target":["https:\/\/www.stvmachinery.it\/fr\/macchinari\/capsuleuses-et-boucheuses\/capsuleuse-semi-automatique-twist-off-mod-cs\/"]}]},{"@type":"ImageObject","inLanguage":"fr-FR","@id":"https:\/\/www.stvmachinery.it\/fr\/macchinari\/capsuleuses-et-boucheuses\/capsuleuse-semi-automatique-twist-off-mod-cs\/#primaryimage","url":"https:\/\/www.stvmachinery.it\/wp-content\/uploads\/2024\/03\/Capsulatrice-Semiautomatica.webp","contentUrl":"https:\/\/www.stvmachinery.it\/wp-content\/uploads\/2024\/03\/Capsulatrice-Semiautomatica.webp","width":1200,"height":1200},{"@type":"BreadcrumbList","@id":"https:\/\/www.stvmachinery.it\/fr\/macchinari\/capsuleuses-et-boucheuses\/capsuleuse-semi-automatique-twist-off-mod-cs\/#breadcrumb","itemListElement":[{"@type":"ListItem","position":1,"name":"Home","item":"https:\/\/www.stvmachinery.it\/fr\/stv-machinery\/"},{"@type":"ListItem","position":2,"name":"Machines","item":"https:\/\/www.stvmachinery.it\/fr\/machines\/"},{"@type":"ListItem","position":3,"name":"Capsuleuse semi-automatique Twist Off Mod. CS"}]},{"@type":"WebSite","@id":"https:\/\/www.stvmachinery.it\/fr\/#website","url":"https:\/\/www.stvmachinery.it\/fr\/","name":"STV Machinery","description":"Macchine ed impianti per l\u2019industria agroalimentare e conserviera","publisher":{"@id":"https:\/\/www.stvmachinery.it\/fr\/#organization"},"potentialAction":[{"@type":"SearchAction","target":{"@type":"EntryPoint","urlTemplate":"https:\/\/www.stvmachinery.it\/fr\/?s={search_term_string}"},"query-input":"required name=search_term_string"}],"inLanguage":"fr-FR"},{"@type":"Organization","@id":"https:\/\/www.stvmachinery.it\/fr\/#organization","name":"S.T.V. di Salati Giovanni & C. \u2013 S.n.c.","alternateName":"STV Machinery","url":"https:\/\/www.stvmachinery.it\/fr\/","logo":{"@type":"ImageObject","inLanguage":"fr-FR","@id":"https:\/\/www.stvmachinery.it\/fr\/#\/schema\/logo\/image\/","url":"https:\/\/www.stvmachinery.it\/wp-content\/uploads\/2021\/06\/stv-machinery-logo-positivo.png","contentUrl":"https:\/\/www.stvmachinery.it\/wp-content\/uploads\/2021\/06\/stv-machinery-logo-positivo.png","width":481,"height":233,"caption":"S.T.V. di Salati Giovanni & C. \u2013 S.n.c."},"image":{"@id":"https:\/\/www.stvmachinery.it\/fr\/#\/schema\/logo\/image\/"},"sameAs":["https:\/\/it.linkedin.com\/company\/stv-machinery","https:\/\/www.youtube.com\/channel\/UCceMPa8POjTOmZeA2_KUoeg"]}]}},"_links":{"self":[{"href":"https:\/\/www.stvmachinery.it\/fr\/wp-json\/wp\/v2\/product\/10700","targetHints":{"allow":["GET"]}}],"collection":[{"href":"https:\/\/www.stvmachinery.it\/fr\/wp-json\/wp\/v2\/product"}],"about":[{"href":"https:\/\/www.stvmachinery.it\/fr\/wp-json\/wp\/v2\/types\/product"}],"version-history":[{"count":7,"href":"https:\/\/www.stvmachinery.it\/fr\/wp-json\/wp\/v2\/product\/10700\/revisions"}],"predecessor-version":[{"id":11231,"href":"https:\/\/www.stvmachinery.it\/fr\/wp-json\/wp\/v2\/product\/10700\/revisions\/11231"}],"wp:featuredmedia":[{"embeddable":true,"href":"https:\/\/www.stvmachinery.it\/fr\/wp-json\/wp\/v2\/media\/9290"}],"wp:attachment":[{"href":"https:\/\/www.stvmachinery.it\/fr\/wp-json\/wp\/v2\/media?parent=10700"}],"wp:term":[{"taxonomy":"product_cat","embeddable":true,"href":"https:\/\/www.stvmachinery.it\/fr\/wp-json\/wp\/v2\/product_cat?post=10700"},{"taxonomy":"product_tag","embeddable":true,"href":"https:\/\/www.stvmachinery.it\/fr\/wp-json\/wp\/v2\/product_tag?post=10700"}],"curies":[{"name":"wp","href":"https:\/\/api.w.org\/{rel}","templated":true}]}}