{"id":10706,"date":"2024-04-02T11:29:22","date_gmt":"2024-04-02T10:29:22","guid":{"rendered":"https:\/\/www.stvmachinery.it\/macchinari\/non%20class\u00e9\/tunnel-de-traitement-thermique-a-pluie\/"},"modified":"2025-12-12T11:00:51","modified_gmt":"2025-12-12T10:00:51","slug":"tunnel-de-traitement-thermique-a-pluie","status":"publish","type":"product","link":"https:\/\/www.stvmachinery.it\/fr\/macchinari\/pasteurisateurs-et-cuves\/tunnel-de-traitement-thermique-a-pluie\/","title":{"rendered":"Tunnel de traitement thermique \u00e0 pluie"},"content":{"rendered":"\t\t<div data-elementor-type=\"product-post\" data-elementor-id=\"10706\" class=\"elementor elementor-10706 elementor-8658\" data-elementor-post-type=\"product\">\n\t\t\t\t<div class=\"elementor-element elementor-element-46a5c91 e-flex e-con-boxed e-con e-parent\" data-id=\"46a5c91\" data-element_type=\"container\" id=\"caratteristiche\">\n\t\t\t\t\t<div class=\"e-con-inner\">\n\t\t\t\t<div class=\"elementor-element elementor-element-7aea20b elementor-widget elementor-widget-text-editor\" data-id=\"7aea20b\" data-element_type=\"widget\" data-widget_type=\"text-editor.default\">\n\t\t\t\t<div class=\"elementor-widget-container\">\n\t\t\t<style>\/*! elementor - v3.21.0 - 08-05-2024 *\/\n.elementor-widget-text-editor.elementor-drop-cap-view-stacked .elementor-drop-cap{background-color:#69727d;color:#fff}.elementor-widget-text-editor.elementor-drop-cap-view-framed .elementor-drop-cap{color:#69727d;border:3px solid;background-color:transparent}.elementor-widget-text-editor:not(.elementor-drop-cap-view-default) .elementor-drop-cap{margin-top:8px}.elementor-widget-text-editor:not(.elementor-drop-cap-view-default) .elementor-drop-cap-letter{width:1em;height:1em}.elementor-widget-text-editor .elementor-drop-cap{float:left;text-align:center;line-height:1;font-size:50px}.elementor-widget-text-editor .elementor-drop-cap-letter{display:inline-block}<\/style>\t\t\t\t<h3 class=\"product-item-title\">Fonctionnement<\/h3>\n<p>Les r\u00e9cipients aliment\u00e9s par le convoyeur entrent dans la machine o\u00fa ils sont soumis au <strong>traitement r\u00e9gl\u00e9<\/strong>. Une fois termin\u00e9 le cycle, les r\u00e9cipients arrivent sur le convoyeur de sortie \u00e0 <strong>vitesse diff\u00e9renci\u00e9e<\/strong> pour \u00eatre align\u00e9s. Sur le convoyeur est mont\u00e9 le groupe d\u2019\u00e9grenage qui, avec le bord mobile \u00e0 mouvement altern\u00e9, en cas d\u2019accumulation des r\u00e9cipients sur le convoyeur, caus\u00e9 par l&#8217;embouteillage a l\u2019entr\u00e9e, permet de trier les r\u00e9cipients \u00e0 une seule voie et des les convoyer aux machines suivantes. <\/p>\n<p>Le cycle thermique <strong>change selon le type de produit et les dimensions des r\u00e9cipients<\/strong>. Les caract\u00e9ristiques techniques et de fabrication du tunnel aussi sont variables selon le type de produit et la <strong>cadence demand\u00e9e<\/strong>.<\/p>\n\t\t\t\t\t\t<\/div>\n\t\t\t\t<\/div>\n\t\t\t\t<div class=\"elementor-element elementor-element-98daf35 elementor-widget elementor-widget-ld_button\" data-id=\"98daf35\" data-element_type=\"widget\" data-widget_type=\"ld_button.default\">\n\t\t\t\t<div class=\"elementor-widget-container\">\n\t\t\t\n\t\t\t<a\n\t\t\t\thref=\"https:\/\/www.stvmachinery.it\/cataloghi\/STV-Thermal%20-treatment-tunnel.pdf\" target=\"_blank\"class=\"elementor-button btn btn-solid btn-icon-shaped btn-has-label\"\t\t\t>\n\t\t\t\t\t\t\t\t\t<span data-text=\"Fiche technique\" class=\"btn-txt\">\n\t\t\t\t\t\tFiche technique\t\t\t\t\t<\/span>\n\t\t\t\t\t\t\t\t\t\t\t<\/a>\n\t\t\t\t\t<\/div>\n\t\t\t\t<\/div>\n\t\t\t\t\t<\/div>\n\t\t\t\t<\/div>\n\t\t<div class=\"elementor-element elementor-element-5e71ca7 e-flex e-con-boxed e-con e-parent\" data-id=\"5e71ca7\" data-element_type=\"container\">\n\t\t\t\t\t<div class=\"e-con-inner\">\n\t\t\t\t<div class=\"elementor-element elementor-element-42a1ebd elementor-widget elementor-widget-text-editor\" data-id=\"42a1ebd\" data-element_type=\"widget\" data-widget_type=\"text-editor.default\">\n\t\t\t\t<div class=\"elementor-widget-container\">\n\t\t\t\t\t\t\t<h3 class=\"product-item-title\">Caract\u00e9ristiques de fabrication<\/h3>\n<ul>\n<li>Structure r\u00e9alis\u00e9e enti\u00e8rement en <strong>acier inox AISI 304<\/strong><\/li>\n<li>Couvercles \u00e0 <strong>tenue hydraulique<\/strong><\/li>\n<li><strong>Isolation des parois lat\u00e9rales et des couvercles sup\u00e9rieurs<\/strong> \u00e0 l&#8217;aide d&#8217;un mat\u00e9riau isolant thermique et d&#8217;une t\u00f4le de couverture en acier inoxydable.<\/li>\n<li><strong> Convoyeur d\u2019entr\u00e9e<\/strong> en t\u00f4le d\u2019acier inox AISI 304 avec cha\u00eene table-top en acier inox mont\u00e9e sur des carr\u00e9s en mat\u00e9riel antifriction, aiguilles de roulement dans la partie de retour, guides de contenance en acier inox mont\u00e9es sur des supports r\u00e9glables en hauteur pour les diff\u00e9rents formats de r\u00e9cipients, t\u00eate motoris\u00e9e par motovariateur et t\u00eate fou <\/li>\n<li>Transport des r\u00e9cipients le long du tunnel par un <strong>ruban modulaire<\/strong> en polypropyl\u00e8ne avec syst\u00e8me d\u2019entra\u00eenement et motorisation \u00e0 vitesse variable par <\/li>\n<li><strong>Inverter Echangeurs de la chaleur<\/strong> du type \u00e0 faisceau tubulaire en acier inox, complets de by-pass, vanne modulaire, vannes manuelles, filtre, d\u00e9chargeur de condensat et protection de s\u00e9curit\u00e9 en acier inox <\/li>\n<li>R\u00e9gleur de la temp\u00e9rature de l\u2019eau, complet de contact \u00e9lectrique qui, au moyen d\u2019une lampe, signale que la machine n\u2019a pas atteint ou n\u2019est plus \u00e0 la temp\u00e9rature fix\u00e9e <\/li>\n<li><strong>Enregistreur vid\u00e9ographique avec Smart Card<\/strong> pour enregistrer les param\u00e8tres de la temp\u00e9rature de l\u2019eau dans les diff\u00e9rentes zones de traitement <\/li>\n<li><strong>Cuves avec pompes centrifuges<\/strong> pour la pluie d\u2019eau chaude dans les diff\u00e9rentes sections du traitement thermique, prot\u00e9g\u00e9es par des doubles filtres en acier inox. Les cuves alimentent les collecteurs qui apportent les tuyaux gicleurs d\u00e9montables au moyen d\u2019un raccord. Les tuyaux sont dou\u00e9s d\u2019injecteurs avec un grand passage et une port\u00e9e tr\u00e8s haute pour garantir un rendement maximal et une meilleure uniformit\u00e9 du traitement <\/li>\n<li><strong>Convoyeur de sortie \u00e0 vitesse diff\u00e9renti\u00e9e<\/strong> en t\u00f4le d\u2019acier inox AISI 304 avec une cha\u00eene table-top en acier inox mont\u00e9e sur des carr\u00e9s en mat\u00e9riel antifriction, aiguilles de roulement dans la partie de retour, guides de contenance en acier inox mont\u00e9es sur des supports r\u00e9glables en hauteur pour les diff\u00e9rents formats de r\u00e9cipients, t\u00eate motoris\u00e9e par motovariateur et t\u00eate fou<\/li>\n<li><strong>Groupe d\u2019\u00e9grenage <\/strong><\/li>\n<li><strong>Panneau \u00e9lectrique<\/strong> de commande en acier inox<\/li>\n<li><strong>Dispositif de s\u00e9curit\u00e9<\/strong> d\u2019arr\u00eat machine pour n\u2019importe quel <strong>r\u00e9sistance<\/strong> au mouvement du ruban <\/li>\n<li><strong>Dispositif de s\u00e9curit\u00e9<\/strong> d&#8217;arr\u00eat machine en cas de <strong>trop plein<\/strong> \u00e0 la sortie <\/li>\n<li>Dispositif qui emp\u00eache le d\u00e9marrage de la machine si elle n\u2019a pas atteint la temp\u00e9rature \u00e9tablie.<\/li>\n<li>Dispositif d\u2019arr\u00eat de la machine en cas de baisse de la temp\u00e9rature minimale \u00e9tablie.<\/li>\n<li><strong>Dispositif de fermeture automatique<\/strong> de la vapeur pour n\u2019importe quel arr\u00eat de la machine afin d\u2019\u00e9viter que le produit puisse rester expos\u00e9 \u00e0 une temp\u00e9rature \u00e9lev\u00e9e outre les temps pr\u00e9\u00e9tablis <\/li>\n<li><strong>Lampe d\u2019alarme<\/strong> clignotante rouge plac\u00e9e sur le c\u00f4t\u00e9 sup\u00e9rieur du tableau \u00e9lectrique pour la signalation de toutes les anomalies.<\/li>\n<\/ul>\n\t\t\t\t\t\t<\/div>\n\t\t\t\t<\/div>\n\t\t\t\t\t<\/div>\n\t\t\t\t<\/div>\n\t\t<div class=\"elementor-element elementor-element-e95b650 e-flex e-con-boxed e-con e-parent\" data-id=\"e95b650\" data-element_type=\"container\" data-settings=\"{&quot;background_background&quot;:&quot;classic&quot;}\">\n\t\t\t\t\t<div class=\"e-con-inner\">\n\t\t\t\t<div class=\"elementor-element elementor-element-02e0a45 elementor-widget elementor-widget-heading\" data-id=\"02e0a45\" data-element_type=\"widget\" data-widget_type=\"heading.default\">\n\t\t\t\t<div class=\"elementor-widget-container\">\n\t\t\t<style>\/*! elementor - v3.21.0 - 08-05-2024 *\/\n.elementor-heading-title{padding:0;margin:0;line-height:1}.elementor-widget-heading .elementor-heading-title[class*=elementor-size-]>a{color:inherit;font-size:inherit;line-height:inherit}.elementor-widget-heading .elementor-heading-title.elementor-size-small{font-size:15px}.elementor-widget-heading .elementor-heading-title.elementor-size-medium{font-size:19px}.elementor-widget-heading .elementor-heading-title.elementor-size-large{font-size:29px}.elementor-widget-heading .elementor-heading-title.elementor-size-xl{font-size:39px}.elementor-widget-heading .elementor-heading-title.elementor-size-xxl{font-size:59px}<\/style><h4 class=\"elementor-heading-title elementor-size-default\">Disponibles sur demande: <br><\/h4>\t\t<\/div>\n\t\t\t\t<\/div>\n\t\t\t\t<div class=\"elementor-element elementor-element-d3553fa elementor-widget elementor-widget-text-editor\" data-id=\"d3553fa\" data-element_type=\"widget\" data-widget_type=\"text-editor.default\">\n\t\t\t\t<div class=\"elementor-widget-container\">\n\t\t\t\t\t\t\t<div>Equipements disponibles sur demande: <\/div>\n<ul>\n<li><strong>COLLECTEUR<\/strong> en acier inox pour l\u2019alimentation de l\u2019eau aux cuves de la machine. <\/li>\n<li><strong>COLLECTEUR <\/strong> en acier inox pour la r\u00e9colte et la canalisation des eaux de d\u00e9charge des cuves vers un seul point. <\/li>\n<li><strong>GROUPE DE SOUFFLAGE<\/strong> pour l\u2019\u00e9gouttage des r\u00e9cipients.<\/li>\n<\/ul>\n\t\t\t\t\t\t<\/div>\n\t\t\t\t<\/div>\n\t\t\t\t\t<\/div>\n\t\t\t\t<\/div>\n\t\t<div class=\"elementor-element elementor-element-062fac5 e-flex e-con-boxed e-con e-parent\" data-id=\"062fac5\" data-element_type=\"container\">\n\t\t\t\t\t<div class=\"e-con-inner\">\n\t\t\t\t<div class=\"elementor-element elementor-element-44efe1f elementor-widget elementor-widget-heading\" data-id=\"44efe1f\" data-element_type=\"widget\" data-widget_type=\"heading.default\">\n\t\t\t\t<div class=\"elementor-widget-container\">\n\t\t\t<h4 class=\"elementor-heading-title elementor-size-default\">Donn\u00e9es techniques<\/h4>\t\t<\/div>\n\t\t\t\t<\/div>\n\t\t\t\t<div class=\"elementor-element elementor-element-6c463c0 elementor-widget elementor-widget-text-editor\" data-id=\"6c463c0\" data-element_type=\"widget\" data-widget_type=\"text-editor.default\">\n\t\t\t\t<div class=\"elementor-widget-container\">\n\t\t\t\t\t\t\t<p>La surface des tunnels peut varier d&#8217;un minimum de 3 m2 jusqu&#8217;au 60 m2 ou plus.<\/p>\n\t\t\t\t\t\t<\/div>\n\t\t\t\t<\/div>\n\t\t\t\t\t<\/div>\n\t\t\t\t<\/div>\n\t\t\t\t<\/div>\n\t\t","protected":false},"excerpt":{"rendered":"<p><strong>Tunnel de<\/strong> <strong>traitement thermique continu<\/strong>. Il est utilis\u00e9 pour traiter des r\u00e9cipients m\u00e9talliques, en verre ou PET de formats diff\u00e9rents contenant des produits qui n\u00e9cessitent de la <strong>PASTEURISATION<\/strong> (fruits, l\u00e9gumes \u00e0 l\u2019huile \/ au vinaigre, cr\u00e8mes, pat\u00e9, sauces) ou des produits qui sont remplis \u00e0 chaud et qu\u2019il faut traiter avec une phase de <strong>MAINTIEN DE LA TEMPERATURE<\/strong> et apr\u00e8s avec le <strong>REFROIDISSEMENT<\/strong> (confiture, ketchup, etc.).<\/p>\n<p><a class=\"pulsanterosso\" href=\"#caratteristiche\">Caract\u00e9ristiques techniques<\/a><\/p>\n","protected":false},"featured_media":9299,"template":"","meta":{"inline_featured_image":false},"product_cat":[128],"product_tag":[],"class_list":{"0":"post-10706","1":"product","2":"type-product","3":"status-publish","4":"has-post-thumbnail","6":"product_cat-pasteurisateurs-et-cuves","7":"pa_applicazione-contenants-pleins","8":"pa_funzionamento-automatique","9":"pa_settore-alimentaire","11":"first","12":"instock","13":"shipping-taxable","14":"product-type-simple"},"yoast_head":"<!-- This site is optimized with the Yoast SEO plugin v22.7 - https:\/\/yoast.com\/wordpress\/plugins\/seo\/ -->\n<title>Tunnel de traitement thermique \u00e0 pluie | STV Machinery<\/title>\n<meta name=\"description\" content=\"Tunnel de traitement thermique continu. Il est utilis\u00e9 pour traiter des r\u00e9cipients contenant des produits qui n\u00e9cessitent de la PASTEURISATION.\" \/>\n<meta name=\"robots\" content=\"index, follow, max-snippet:-1, max-image-preview:large, max-video-preview:-1\" \/>\n<link rel=\"canonical\" href=\"https:\/\/www.stvmachinery.it\/fr\/macchinari\/pasteurisateurs-et-cuves\/tunnel-de-traitement-thermique-a-pluie\/\" \/>\n<meta property=\"og:locale\" content=\"fr_FR\" \/>\n<meta property=\"og:type\" content=\"article\" \/>\n<meta property=\"og:title\" content=\"Tunnel de traitement thermique \u00e0 pluie | STV Machinery\" \/>\n<meta property=\"og:description\" content=\"Tunnel de traitement thermique continu. Il est utilis\u00e9 pour traiter des r\u00e9cipients contenant des produits qui n\u00e9cessitent de la PASTEURISATION.\" \/>\n<meta property=\"og:url\" content=\"https:\/\/www.stvmachinery.it\/fr\/macchinari\/pasteurisateurs-et-cuves\/tunnel-de-traitement-thermique-a-pluie\/\" \/>\n<meta property=\"og:site_name\" content=\"STV Machinery\" \/>\n<meta property=\"article:modified_time\" content=\"2025-12-12T10:00:51+00:00\" \/>\n<meta property=\"og:image\" content=\"https:\/\/www.stvmachinery.it\/wp-content\/uploads\/2024\/04\/Tunnel-di-trattamento-terimco-a-pioggia.webp\" \/>\n\t<meta property=\"og:image:width\" content=\"1200\" \/>\n\t<meta property=\"og:image:height\" content=\"1200\" \/>\n\t<meta property=\"og:image:type\" content=\"image\/webp\" \/>\n<meta name=\"twitter:card\" content=\"summary_large_image\" \/>\n<meta name=\"twitter:label1\" content=\"Dur\u00e9e de lecture estim\u00e9e\" \/>\n\t<meta name=\"twitter:data1\" content=\"4 minutes\" \/>\n<script type=\"application\/ld+json\" class=\"yoast-schema-graph\">{\"@context\":\"https:\/\/schema.org\",\"@graph\":[{\"@type\":\"WebPage\",\"@id\":\"https:\/\/www.stvmachinery.it\/fr\/macchinari\/pasteurisateurs-et-cuves\/tunnel-de-traitement-thermique-a-pluie\/\",\"url\":\"https:\/\/www.stvmachinery.it\/fr\/macchinari\/pasteurisateurs-et-cuves\/tunnel-de-traitement-thermique-a-pluie\/\",\"name\":\"Tunnel de traitement thermique \u00e0 pluie | STV Machinery\",\"isPartOf\":{\"@id\":\"https:\/\/www.stvmachinery.it\/fr\/#website\"},\"primaryImageOfPage\":{\"@id\":\"https:\/\/www.stvmachinery.it\/fr\/macchinari\/pasteurisateurs-et-cuves\/tunnel-de-traitement-thermique-a-pluie\/#primaryimage\"},\"image\":{\"@id\":\"https:\/\/www.stvmachinery.it\/fr\/macchinari\/pasteurisateurs-et-cuves\/tunnel-de-traitement-thermique-a-pluie\/#primaryimage\"},\"thumbnailUrl\":\"https:\/\/www.stvmachinery.it\/wp-content\/uploads\/2024\/04\/Tunnel-di-trattamento-terimco-a-pioggia.webp\",\"datePublished\":\"2024-04-02T10:29:22+00:00\",\"dateModified\":\"2025-12-12T10:00:51+00:00\",\"description\":\"Tunnel de traitement thermique continu. Il est utilis\u00e9 pour traiter des r\u00e9cipients contenant des produits qui n\u00e9cessitent de la PASTEURISATION.\",\"breadcrumb\":{\"@id\":\"https:\/\/www.stvmachinery.it\/fr\/macchinari\/pasteurisateurs-et-cuves\/tunnel-de-traitement-thermique-a-pluie\/#breadcrumb\"},\"inLanguage\":\"fr-FR\",\"potentialAction\":[{\"@type\":\"ReadAction\",\"target\":[\"https:\/\/www.stvmachinery.it\/fr\/macchinari\/pasteurisateurs-et-cuves\/tunnel-de-traitement-thermique-a-pluie\/\"]}]},{\"@type\":\"ImageObject\",\"inLanguage\":\"fr-FR\",\"@id\":\"https:\/\/www.stvmachinery.it\/fr\/macchinari\/pasteurisateurs-et-cuves\/tunnel-de-traitement-thermique-a-pluie\/#primaryimage\",\"url\":\"https:\/\/www.stvmachinery.it\/wp-content\/uploads\/2024\/04\/Tunnel-di-trattamento-terimco-a-pioggia.webp\",\"contentUrl\":\"https:\/\/www.stvmachinery.it\/wp-content\/uploads\/2024\/04\/Tunnel-di-trattamento-terimco-a-pioggia.webp\",\"width\":1200,\"height\":1200},{\"@type\":\"BreadcrumbList\",\"@id\":\"https:\/\/www.stvmachinery.it\/fr\/macchinari\/pasteurisateurs-et-cuves\/tunnel-de-traitement-thermique-a-pluie\/#breadcrumb\",\"itemListElement\":[{\"@type\":\"ListItem\",\"position\":1,\"name\":\"Home\",\"item\":\"https:\/\/www.stvmachinery.it\/fr\/stv-machinery\/\"},{\"@type\":\"ListItem\",\"position\":2,\"name\":\"Machines\",\"item\":\"https:\/\/www.stvmachinery.it\/fr\/machines\/\"},{\"@type\":\"ListItem\",\"position\":3,\"name\":\"Tunnel de traitement thermique \u00e0 pluie\"}]},{\"@type\":\"WebSite\",\"@id\":\"https:\/\/www.stvmachinery.it\/fr\/#website\",\"url\":\"https:\/\/www.stvmachinery.it\/fr\/\",\"name\":\"STV Machinery\",\"description\":\"Macchine ed impianti per l\u2019industria agroalimentare e conserviera\",\"publisher\":{\"@id\":\"https:\/\/www.stvmachinery.it\/fr\/#organization\"},\"potentialAction\":[{\"@type\":\"SearchAction\",\"target\":{\"@type\":\"EntryPoint\",\"urlTemplate\":\"https:\/\/www.stvmachinery.it\/fr\/?s={search_term_string}\"},\"query-input\":\"required name=search_term_string\"}],\"inLanguage\":\"fr-FR\"},{\"@type\":\"Organization\",\"@id\":\"https:\/\/www.stvmachinery.it\/fr\/#organization\",\"name\":\"S.T.V. di Salati Giovanni & C. \u2013 S.n.c.\",\"alternateName\":\"STV Machinery\",\"url\":\"https:\/\/www.stvmachinery.it\/fr\/\",\"logo\":{\"@type\":\"ImageObject\",\"inLanguage\":\"fr-FR\",\"@id\":\"https:\/\/www.stvmachinery.it\/fr\/#\/schema\/logo\/image\/\",\"url\":\"https:\/\/www.stvmachinery.it\/wp-content\/uploads\/2021\/06\/stv-machinery-logo-positivo.png\",\"contentUrl\":\"https:\/\/www.stvmachinery.it\/wp-content\/uploads\/2021\/06\/stv-machinery-logo-positivo.png\",\"width\":481,\"height\":233,\"caption\":\"S.T.V. di Salati Giovanni & C. \u2013 S.n.c.\"},\"image\":{\"@id\":\"https:\/\/www.stvmachinery.it\/fr\/#\/schema\/logo\/image\/\"},\"sameAs\":[\"https:\/\/it.linkedin.com\/company\/stv-machinery\",\"https:\/\/www.youtube.com\/channel\/UCceMPa8POjTOmZeA2_KUoeg\"]}]}<\/script>\n<!-- \/ Yoast SEO plugin. -->","yoast_head_json":{"title":"Tunnel de traitement thermique \u00e0 pluie | STV Machinery","description":"Tunnel de traitement thermique continu. Il est utilis\u00e9 pour traiter des r\u00e9cipients contenant des produits qui n\u00e9cessitent de la PASTEURISATION.","robots":{"index":"index","follow":"follow","max-snippet":"max-snippet:-1","max-image-preview":"max-image-preview:large","max-video-preview":"max-video-preview:-1"},"canonical":"https:\/\/www.stvmachinery.it\/fr\/macchinari\/pasteurisateurs-et-cuves\/tunnel-de-traitement-thermique-a-pluie\/","og_locale":"fr_FR","og_type":"article","og_title":"Tunnel de traitement thermique \u00e0 pluie | STV Machinery","og_description":"Tunnel de traitement thermique continu. Il est utilis\u00e9 pour traiter des r\u00e9cipients contenant des produits qui n\u00e9cessitent de la PASTEURISATION.","og_url":"https:\/\/www.stvmachinery.it\/fr\/macchinari\/pasteurisateurs-et-cuves\/tunnel-de-traitement-thermique-a-pluie\/","og_site_name":"STV Machinery","article_modified_time":"2025-12-12T10:00:51+00:00","og_image":[{"width":1200,"height":1200,"url":"https:\/\/www.stvmachinery.it\/wp-content\/uploads\/2024\/04\/Tunnel-di-trattamento-terimco-a-pioggia.webp","type":"image\/webp"}],"twitter_card":"summary_large_image","twitter_misc":{"Dur\u00e9e de lecture estim\u00e9e":"4 minutes"},"schema":{"@context":"https:\/\/schema.org","@graph":[{"@type":"WebPage","@id":"https:\/\/www.stvmachinery.it\/fr\/macchinari\/pasteurisateurs-et-cuves\/tunnel-de-traitement-thermique-a-pluie\/","url":"https:\/\/www.stvmachinery.it\/fr\/macchinari\/pasteurisateurs-et-cuves\/tunnel-de-traitement-thermique-a-pluie\/","name":"Tunnel de traitement thermique \u00e0 pluie | STV Machinery","isPartOf":{"@id":"https:\/\/www.stvmachinery.it\/fr\/#website"},"primaryImageOfPage":{"@id":"https:\/\/www.stvmachinery.it\/fr\/macchinari\/pasteurisateurs-et-cuves\/tunnel-de-traitement-thermique-a-pluie\/#primaryimage"},"image":{"@id":"https:\/\/www.stvmachinery.it\/fr\/macchinari\/pasteurisateurs-et-cuves\/tunnel-de-traitement-thermique-a-pluie\/#primaryimage"},"thumbnailUrl":"https:\/\/www.stvmachinery.it\/wp-content\/uploads\/2024\/04\/Tunnel-di-trattamento-terimco-a-pioggia.webp","datePublished":"2024-04-02T10:29:22+00:00","dateModified":"2025-12-12T10:00:51+00:00","description":"Tunnel de traitement thermique continu. Il est utilis\u00e9 pour traiter des r\u00e9cipients contenant des produits qui n\u00e9cessitent de la PASTEURISATION.","breadcrumb":{"@id":"https:\/\/www.stvmachinery.it\/fr\/macchinari\/pasteurisateurs-et-cuves\/tunnel-de-traitement-thermique-a-pluie\/#breadcrumb"},"inLanguage":"fr-FR","potentialAction":[{"@type":"ReadAction","target":["https:\/\/www.stvmachinery.it\/fr\/macchinari\/pasteurisateurs-et-cuves\/tunnel-de-traitement-thermique-a-pluie\/"]}]},{"@type":"ImageObject","inLanguage":"fr-FR","@id":"https:\/\/www.stvmachinery.it\/fr\/macchinari\/pasteurisateurs-et-cuves\/tunnel-de-traitement-thermique-a-pluie\/#primaryimage","url":"https:\/\/www.stvmachinery.it\/wp-content\/uploads\/2024\/04\/Tunnel-di-trattamento-terimco-a-pioggia.webp","contentUrl":"https:\/\/www.stvmachinery.it\/wp-content\/uploads\/2024\/04\/Tunnel-di-trattamento-terimco-a-pioggia.webp","width":1200,"height":1200},{"@type":"BreadcrumbList","@id":"https:\/\/www.stvmachinery.it\/fr\/macchinari\/pasteurisateurs-et-cuves\/tunnel-de-traitement-thermique-a-pluie\/#breadcrumb","itemListElement":[{"@type":"ListItem","position":1,"name":"Home","item":"https:\/\/www.stvmachinery.it\/fr\/stv-machinery\/"},{"@type":"ListItem","position":2,"name":"Machines","item":"https:\/\/www.stvmachinery.it\/fr\/machines\/"},{"@type":"ListItem","position":3,"name":"Tunnel de traitement thermique \u00e0 pluie"}]},{"@type":"WebSite","@id":"https:\/\/www.stvmachinery.it\/fr\/#website","url":"https:\/\/www.stvmachinery.it\/fr\/","name":"STV Machinery","description":"Macchine ed impianti per l\u2019industria agroalimentare e conserviera","publisher":{"@id":"https:\/\/www.stvmachinery.it\/fr\/#organization"},"potentialAction":[{"@type":"SearchAction","target":{"@type":"EntryPoint","urlTemplate":"https:\/\/www.stvmachinery.it\/fr\/?s={search_term_string}"},"query-input":"required name=search_term_string"}],"inLanguage":"fr-FR"},{"@type":"Organization","@id":"https:\/\/www.stvmachinery.it\/fr\/#organization","name":"S.T.V. di Salati Giovanni & C. \u2013 S.n.c.","alternateName":"STV Machinery","url":"https:\/\/www.stvmachinery.it\/fr\/","logo":{"@type":"ImageObject","inLanguage":"fr-FR","@id":"https:\/\/www.stvmachinery.it\/fr\/#\/schema\/logo\/image\/","url":"https:\/\/www.stvmachinery.it\/wp-content\/uploads\/2021\/06\/stv-machinery-logo-positivo.png","contentUrl":"https:\/\/www.stvmachinery.it\/wp-content\/uploads\/2021\/06\/stv-machinery-logo-positivo.png","width":481,"height":233,"caption":"S.T.V. di Salati Giovanni & C. \u2013 S.n.c."},"image":{"@id":"https:\/\/www.stvmachinery.it\/fr\/#\/schema\/logo\/image\/"},"sameAs":["https:\/\/it.linkedin.com\/company\/stv-machinery","https:\/\/www.youtube.com\/channel\/UCceMPa8POjTOmZeA2_KUoeg"]}]}},"_links":{"self":[{"href":"https:\/\/www.stvmachinery.it\/fr\/wp-json\/wp\/v2\/product\/10706","targetHints":{"allow":["GET"]}}],"collection":[{"href":"https:\/\/www.stvmachinery.it\/fr\/wp-json\/wp\/v2\/product"}],"about":[{"href":"https:\/\/www.stvmachinery.it\/fr\/wp-json\/wp\/v2\/types\/product"}],"version-history":[{"count":3,"href":"https:\/\/www.stvmachinery.it\/fr\/wp-json\/wp\/v2\/product\/10706\/revisions"}],"predecessor-version":[{"id":11475,"href":"https:\/\/www.stvmachinery.it\/fr\/wp-json\/wp\/v2\/product\/10706\/revisions\/11475"}],"wp:featuredmedia":[{"embeddable":true,"href":"https:\/\/www.stvmachinery.it\/fr\/wp-json\/wp\/v2\/media\/9299"}],"wp:attachment":[{"href":"https:\/\/www.stvmachinery.it\/fr\/wp-json\/wp\/v2\/media?parent=10706"}],"wp:term":[{"taxonomy":"product_cat","embeddable":true,"href":"https:\/\/www.stvmachinery.it\/fr\/wp-json\/wp\/v2\/product_cat?post=10706"},{"taxonomy":"product_tag","embeddable":true,"href":"https:\/\/www.stvmachinery.it\/fr\/wp-json\/wp\/v2\/product_tag?post=10706"}],"curies":[{"name":"wp","href":"https:\/\/api.w.org\/{rel}","templated":true}]}}