{"id":10711,"date":"2024-04-02T12:50:40","date_gmt":"2024-04-02T11:50:40","guid":{"rendered":"https:\/\/www.stvmachinery.it\/macchinari\/non%20class\u00e9\/rechauffeur\/"},"modified":"2025-12-12T10:19:13","modified_gmt":"2025-12-12T09:19:13","slug":"rechauffeur","status":"publish","type":"product","link":"https:\/\/www.stvmachinery.it\/fr\/macchinari\/rechauffeurs\/rechauffeur\/","title":{"rendered":"Rechauffeur"},"content":{"rendered":"\t\t<div data-elementor-type=\"product-post\" data-elementor-id=\"10711\" class=\"elementor elementor-10711 elementor-8682\" data-elementor-post-type=\"product\">\n\t\t\t\t<div class=\"elementor-element elementor-element-46a5c91 e-flex e-con-boxed e-con e-parent\" data-id=\"46a5c91\" data-element_type=\"container\" id=\"caratteristiche\">\n\t\t\t\t\t<div class=\"e-con-inner\">\n\t\t\t\t<div class=\"elementor-element elementor-element-7aea20b elementor-widget elementor-widget-text-editor\" data-id=\"7aea20b\" data-element_type=\"widget\" data-widget_type=\"text-editor.default\">\n\t\t\t\t<div class=\"elementor-widget-container\">\n\t\t\t<style>\/*! elementor - v3.21.0 - 08-05-2024 *\/\n.elementor-widget-text-editor.elementor-drop-cap-view-stacked .elementor-drop-cap{background-color:#69727d;color:#fff}.elementor-widget-text-editor.elementor-drop-cap-view-framed .elementor-drop-cap{color:#69727d;border:3px solid;background-color:transparent}.elementor-widget-text-editor:not(.elementor-drop-cap-view-default) .elementor-drop-cap{margin-top:8px}.elementor-widget-text-editor:not(.elementor-drop-cap-view-default) .elementor-drop-cap-letter{width:1em;height:1em}.elementor-widget-text-editor .elementor-drop-cap{float:left;text-align:center;line-height:1;font-size:50px}.elementor-widget-text-editor .elementor-drop-cap-letter{display:inline-block}<\/style>\t\t\t\t<h3 class=\"product-item-title\">Fonctionnement<\/h3>\n<p>La machine est divis\u00e9e en 2\/3 secteurs de traitement et le chauffage est obtenu au moyen d\u2019injecteurs \u00e0 vapeur Les r\u00e9cipients aliment\u00e9s par le convoyeur entrent dans la machine o\u00fa ils sont soumis au traitement r\u00e9gl\u00e9.<\/p>\n<p>Une fois termin\u00e9 le cycle, les r\u00e9cipients arrivent sur le convoyeur de sortie \u00e0 vitesse diff\u00e9renci\u00e9e pour \u00eatre align\u00e9s. Sur le convoyeur est mont\u00e9 le groupe d\u2019\u00e9grenage qui, avec le bord mobile \u00e0 mouvement altern\u00e9, en cas d\u2019accumulation des r\u00e9cipients sur le convoyeur, caus\u00e9 par l&#8217;embouteillage a l\u2019entr\u00e9e, permet de trier les r\u00e9cipients \u00e0 une seule voie et des les envoyer aux machines suivantes. <\/p>\n<p><strong>Les caract\u00e9ristiques techniques et de fabrication du tunnel aussi sont variables selon le type de produit et la cadence demand\u00e9e.<\/strong><\/p>\n\t\t\t\t\t\t<\/div>\n\t\t\t\t<\/div>\n\t\t\t\t\t<\/div>\n\t\t\t\t<\/div>\n\t\t<div class=\"elementor-element elementor-element-5e71ca7 e-flex e-con-boxed e-con e-parent\" data-id=\"5e71ca7\" data-element_type=\"container\">\n\t\t\t\t\t<div class=\"e-con-inner\">\n\t\t\t\t<div class=\"elementor-element elementor-element-42a1ebd elementor-widget elementor-widget-text-editor\" data-id=\"42a1ebd\" data-element_type=\"widget\" data-widget_type=\"text-editor.default\">\n\t\t\t\t<div class=\"elementor-widget-container\">\n\t\t\t\t\t\t\t<h3 class=\"product-item-title\">Caract\u00e9ristiques de fabrication<\/h3>\n<ul>\n<li>Structure r\u00e9alis\u00e9e enti\u00e8rement en acier inox AISI 304.<\/li>\n<li>Couvercles \u00e0 tenue hydraulique Convoyeur d\u2019entr\u00e9e en t\u00f4le d\u2019acier inox AISI 304 avec cha\u00eene table-top en acier inox mont\u00e9e sur des carr\u00e9s en mat\u00e9riel antifriction, aiguilles de roulement dans la partie de retour, guides de contenance en acier inox mont\u00e9es sur des supports r\u00e9glables en hauteur pour les diff\u00e9rents formats de r\u00e9cipients, t\u00eate motoris\u00e9e par moto variateur et t\u00eate fou. <\/li>\n<li>Trasporto contenitori lungo il tunnel avec bande modulaire en polypropyl\u00e8ne, avec syst\u00e8me de traction adapt\u00e9 et motorisation \u00e0 vitesse variable par variateur de fr\u00e9quence.<\/li>\n<li>R\u00e9gleur de la temp\u00e9rature de l\u2019eau, complet de contact \u00e9lectrique qui, au moyen d\u2019une lampe, signale que la machine n\u2019a pas atteint ou n\u2019est plus \u00e0 la temp\u00e9rature fix\u00e9e.<\/li>\n<li>Enregistreur vid\u00e9ographique avec Smart Card pour enregistrer les param\u00e8tres de la temp\u00e9rature de l\u2019eau de r\u00e9chauffage et de refroidissement dans les diff\u00e9rentes zones.<\/li>\n<li>Cuves avec pompes centrifuges pour la pluie d\u2019eau chaude prot\u00e9g\u00e9es par des doubles filtres en acier inox.<\/li>\n<li>Les cuves alimentent les collecteurs qui apportent les tuyaux gicleurs d\u00e9montables au moyen d\u2019un raccord. Les tuyaux sont dou\u00e9s d\u2019injecteurs avec un grand passage et une port\u00e9e tr\u00e8s haute pour garantir un rendement maximal et une meilleure uniformit\u00e9 du traitement. <\/li>\n<li>Convoyeur de sortie \u00e0 vitesse diff\u00e9renti\u00e9e en t\u00f4le d\u2019acier inox AISI 304 avec une cha\u00eene table-top en acier inox mont\u00e9e sur des carr\u00e9s en mat\u00e9riel antifriction, aiguilles de roulement dans la partie de retour, guides de contenance en acier inox mont\u00e9es sur des supports r\u00e9glables en hauteur pour les diff\u00e9rents formats de r\u00e9cipients, t\u00eate motoris\u00e9e par moto variateur et t\u00eate fou.<\/li>\n<li>Groupe d\u2019\u00e9grenage. Panneau \u00e9lectrique de commande en acier inox. <\/li>\n<li>Dispositif de s\u00e9curit\u00e9 d\u2019arr\u00eat machine pour n\u2019importe quel r\u00e9sistance au mouvement du ruban.<\/li>\n<li>Dispositif de s\u00e9curit\u00e9 d&#8217;arr\u00eat machine en cas de trop plein \u00e0 la sortie.<\/li>\n<li>Dispositif qui emp\u00eache le d\u00e9marrage de la machine si elle n\u2019a pas atteint la temp\u00e9rature \u00e9tablie.<\/li>\n<li>Dispositif d\u2019arr\u00eat de la machine en cas de baisse de la temp\u00e9rature minimale \u00e9tablie.<\/li>\n<li>Lampe d\u2019alarme clignotante rouge plac\u00e9e sur le c\u00f4t\u00e9 sup\u00e9rieur du tableau \u00e9lectrique pour la signalation de toutes les anomalies.<\/li>\n<\/ul>\n\t\t\t\t\t\t<\/div>\n\t\t\t\t<\/div>\n\t\t\t\t\t<\/div>\n\t\t\t\t<\/div>\n\t\t<div class=\"elementor-element elementor-element-062fac5 e-flex e-con-boxed e-con e-parent\" data-id=\"062fac5\" data-element_type=\"container\" data-settings=\"{&quot;background_background&quot;:&quot;classic&quot;}\">\n\t\t\t\t\t<div class=\"e-con-inner\">\n\t\t\t\t<div class=\"elementor-element elementor-element-44efe1f elementor-widget elementor-widget-heading\" data-id=\"44efe1f\" data-element_type=\"widget\" data-widget_type=\"heading.default\">\n\t\t\t\t<div class=\"elementor-widget-container\">\n\t\t\t<style>\/*! elementor - v3.21.0 - 08-05-2024 *\/\n.elementor-heading-title{padding:0;margin:0;line-height:1}.elementor-widget-heading .elementor-heading-title[class*=elementor-size-]>a{color:inherit;font-size:inherit;line-height:inherit}.elementor-widget-heading .elementor-heading-title.elementor-size-small{font-size:15px}.elementor-widget-heading .elementor-heading-title.elementor-size-medium{font-size:19px}.elementor-widget-heading .elementor-heading-title.elementor-size-large{font-size:29px}.elementor-widget-heading .elementor-heading-title.elementor-size-xl{font-size:39px}.elementor-widget-heading .elementor-heading-title.elementor-size-xxl{font-size:59px}<\/style><h4 class=\"elementor-heading-title elementor-size-default\">Donn\u00e9es techniques<\/h4>\t\t<\/div>\n\t\t\t\t<\/div>\n\t\t\t\t<div class=\"elementor-element elementor-element-6c463c0 elementor-widget elementor-widget-text-editor\" data-id=\"6c463c0\" data-element_type=\"widget\" data-widget_type=\"text-editor.default\">\n\t\t\t\t<div class=\"elementor-widget-container\">\n\t\t\t\t\t\t\t<p><strong>La surface des tunnels peut varier d&#8217;un minimum de 3 m\u00b2 jusqu&#8217;au 60 m\u00b2 ou plus.<\/strong><\/p>\n\t\t\t\t\t\t<\/div>\n\t\t\t\t<\/div>\n\t\t\t\t\t<\/div>\n\t\t\t\t<\/div>\n\t\t\t\t<\/div>\n\t\t","protected":false},"excerpt":{"rendered":"<p>Tunnel de chauffage pour le traitement thermique de <strong>bouteilles en verre<\/strong> de diff\u00e9rents formats contenant des <strong>boissons<\/strong> qui garantit la r\u00e9sistance aux chocs thermiques.<\/p>\n<p><a class=\"pulsanterosso\" href=\"#caratteristiche\">Caract\u00e9ristiques techniques<\/a><\/p>\n","protected":false},"featured_media":9317,"template":"","meta":{"inline_featured_image":false},"product_cat":[126],"product_tag":[],"class_list":{"0":"post-10711","1":"product","2":"type-product","3":"status-publish","4":"has-post-thumbnail","6":"product_cat-rechauffeurs","7":"pa_applicazione-contenants-pleins","8":"pa_applicazione-produits-liquides","9":"pa_funzionamento-automatique","10":"pa_settore-alimentaire","12":"first","13":"instock","14":"shipping-taxable","15":"product-type-simple"},"yoast_head":"<!-- This site is optimized with the Yoast SEO plugin v22.7 - https:\/\/yoast.com\/wordpress\/plugins\/seo\/ -->\n<title>Rechauffeur | STV Machinery<\/title>\n<meta name=\"description\" content=\"Rechauffeur pour le traitement thermique de bouteilles en verre de diff\u00e9rents formats contenant des boissons qui garantit la r\u00e9sistance aux chocs thermiques.\" \/>\n<meta name=\"robots\" content=\"index, follow, max-snippet:-1, max-image-preview:large, max-video-preview:-1\" \/>\n<link rel=\"canonical\" href=\"https:\/\/www.stvmachinery.it\/fr\/macchinari\/rechauffeurs\/rechauffeur\/\" \/>\n<meta property=\"og:locale\" content=\"fr_FR\" \/>\n<meta property=\"og:type\" content=\"article\" \/>\n<meta property=\"og:title\" content=\"Rechauffeur | STV Machinery\" \/>\n<meta property=\"og:description\" content=\"Rechauffeur pour le traitement thermique de bouteilles en verre de diff\u00e9rents formats contenant des boissons qui garantit la r\u00e9sistance aux chocs thermiques.\" \/>\n<meta property=\"og:url\" content=\"https:\/\/www.stvmachinery.it\/fr\/macchinari\/rechauffeurs\/rechauffeur\/\" \/>\n<meta property=\"og:site_name\" content=\"STV Machinery\" \/>\n<meta property=\"article:modified_time\" content=\"2025-12-12T09:19:13+00:00\" \/>\n<meta property=\"og:image\" content=\"https:\/\/www.stvmachinery.it\/wp-content\/uploads\/2024\/04\/riscaldatore-stv.webp\" \/>\n\t<meta property=\"og:image:width\" content=\"1200\" \/>\n\t<meta property=\"og:image:height\" content=\"1200\" \/>\n\t<meta property=\"og:image:type\" content=\"image\/webp\" \/>\n<meta name=\"twitter:card\" content=\"summary_large_image\" \/>\n<meta name=\"twitter:label1\" content=\"Dur\u00e9e de lecture estim\u00e9e\" \/>\n\t<meta name=\"twitter:data1\" content=\"3 minutes\" \/>\n<script type=\"application\/ld+json\" class=\"yoast-schema-graph\">{\"@context\":\"https:\/\/schema.org\",\"@graph\":[{\"@type\":\"WebPage\",\"@id\":\"https:\/\/www.stvmachinery.it\/fr\/macchinari\/rechauffeurs\/rechauffeur\/\",\"url\":\"https:\/\/www.stvmachinery.it\/fr\/macchinari\/rechauffeurs\/rechauffeur\/\",\"name\":\"Rechauffeur | STV Machinery\",\"isPartOf\":{\"@id\":\"https:\/\/www.stvmachinery.it\/fr\/#website\"},\"primaryImageOfPage\":{\"@id\":\"https:\/\/www.stvmachinery.it\/fr\/macchinari\/rechauffeurs\/rechauffeur\/#primaryimage\"},\"image\":{\"@id\":\"https:\/\/www.stvmachinery.it\/fr\/macchinari\/rechauffeurs\/rechauffeur\/#primaryimage\"},\"thumbnailUrl\":\"https:\/\/www.stvmachinery.it\/wp-content\/uploads\/2024\/04\/riscaldatore-stv.webp\",\"datePublished\":\"2024-04-02T11:50:40+00:00\",\"dateModified\":\"2025-12-12T09:19:13+00:00\",\"description\":\"Rechauffeur pour le traitement thermique de bouteilles en verre de diff\u00e9rents formats contenant des boissons qui garantit la r\u00e9sistance aux chocs thermiques.\",\"breadcrumb\":{\"@id\":\"https:\/\/www.stvmachinery.it\/fr\/macchinari\/rechauffeurs\/rechauffeur\/#breadcrumb\"},\"inLanguage\":\"fr-FR\",\"potentialAction\":[{\"@type\":\"ReadAction\",\"target\":[\"https:\/\/www.stvmachinery.it\/fr\/macchinari\/rechauffeurs\/rechauffeur\/\"]}]},{\"@type\":\"ImageObject\",\"inLanguage\":\"fr-FR\",\"@id\":\"https:\/\/www.stvmachinery.it\/fr\/macchinari\/rechauffeurs\/rechauffeur\/#primaryimage\",\"url\":\"https:\/\/www.stvmachinery.it\/wp-content\/uploads\/2024\/04\/riscaldatore-stv.webp\",\"contentUrl\":\"https:\/\/www.stvmachinery.it\/wp-content\/uploads\/2024\/04\/riscaldatore-stv.webp\",\"width\":1200,\"height\":1200},{\"@type\":\"BreadcrumbList\",\"@id\":\"https:\/\/www.stvmachinery.it\/fr\/macchinari\/rechauffeurs\/rechauffeur\/#breadcrumb\",\"itemListElement\":[{\"@type\":\"ListItem\",\"position\":1,\"name\":\"Home\",\"item\":\"https:\/\/www.stvmachinery.it\/fr\/stv-machinery\/\"},{\"@type\":\"ListItem\",\"position\":2,\"name\":\"Machines\",\"item\":\"https:\/\/www.stvmachinery.it\/fr\/machines\/\"},{\"@type\":\"ListItem\",\"position\":3,\"name\":\"Rechauffeur\"}]},{\"@type\":\"WebSite\",\"@id\":\"https:\/\/www.stvmachinery.it\/fr\/#website\",\"url\":\"https:\/\/www.stvmachinery.it\/fr\/\",\"name\":\"STV Machinery\",\"description\":\"Macchine ed impianti per l\u2019industria agroalimentare e conserviera\",\"publisher\":{\"@id\":\"https:\/\/www.stvmachinery.it\/fr\/#organization\"},\"potentialAction\":[{\"@type\":\"SearchAction\",\"target\":{\"@type\":\"EntryPoint\",\"urlTemplate\":\"https:\/\/www.stvmachinery.it\/fr\/?s={search_term_string}\"},\"query-input\":\"required name=search_term_string\"}],\"inLanguage\":\"fr-FR\"},{\"@type\":\"Organization\",\"@id\":\"https:\/\/www.stvmachinery.it\/fr\/#organization\",\"name\":\"S.T.V. di Salati Giovanni & C. \u2013 S.n.c.\",\"alternateName\":\"STV Machinery\",\"url\":\"https:\/\/www.stvmachinery.it\/fr\/\",\"logo\":{\"@type\":\"ImageObject\",\"inLanguage\":\"fr-FR\",\"@id\":\"https:\/\/www.stvmachinery.it\/fr\/#\/schema\/logo\/image\/\",\"url\":\"https:\/\/www.stvmachinery.it\/wp-content\/uploads\/2021\/06\/stv-machinery-logo-positivo.png\",\"contentUrl\":\"https:\/\/www.stvmachinery.it\/wp-content\/uploads\/2021\/06\/stv-machinery-logo-positivo.png\",\"width\":481,\"height\":233,\"caption\":\"S.T.V. di Salati Giovanni & C. \u2013 S.n.c.\"},\"image\":{\"@id\":\"https:\/\/www.stvmachinery.it\/fr\/#\/schema\/logo\/image\/\"},\"sameAs\":[\"https:\/\/it.linkedin.com\/company\/stv-machinery\",\"https:\/\/www.youtube.com\/channel\/UCceMPa8POjTOmZeA2_KUoeg\"]}]}<\/script>\n<!-- \/ Yoast SEO plugin. -->","yoast_head_json":{"title":"Rechauffeur | STV Machinery","description":"Rechauffeur pour le traitement thermique de bouteilles en verre de diff\u00e9rents formats contenant des boissons qui garantit la r\u00e9sistance aux chocs thermiques.","robots":{"index":"index","follow":"follow","max-snippet":"max-snippet:-1","max-image-preview":"max-image-preview:large","max-video-preview":"max-video-preview:-1"},"canonical":"https:\/\/www.stvmachinery.it\/fr\/macchinari\/rechauffeurs\/rechauffeur\/","og_locale":"fr_FR","og_type":"article","og_title":"Rechauffeur | STV Machinery","og_description":"Rechauffeur pour le traitement thermique de bouteilles en verre de diff\u00e9rents formats contenant des boissons qui garantit la r\u00e9sistance aux chocs thermiques.","og_url":"https:\/\/www.stvmachinery.it\/fr\/macchinari\/rechauffeurs\/rechauffeur\/","og_site_name":"STV Machinery","article_modified_time":"2025-12-12T09:19:13+00:00","og_image":[{"width":1200,"height":1200,"url":"https:\/\/www.stvmachinery.it\/wp-content\/uploads\/2024\/04\/riscaldatore-stv.webp","type":"image\/webp"}],"twitter_card":"summary_large_image","twitter_misc":{"Dur\u00e9e de lecture estim\u00e9e":"3 minutes"},"schema":{"@context":"https:\/\/schema.org","@graph":[{"@type":"WebPage","@id":"https:\/\/www.stvmachinery.it\/fr\/macchinari\/rechauffeurs\/rechauffeur\/","url":"https:\/\/www.stvmachinery.it\/fr\/macchinari\/rechauffeurs\/rechauffeur\/","name":"Rechauffeur | STV Machinery","isPartOf":{"@id":"https:\/\/www.stvmachinery.it\/fr\/#website"},"primaryImageOfPage":{"@id":"https:\/\/www.stvmachinery.it\/fr\/macchinari\/rechauffeurs\/rechauffeur\/#primaryimage"},"image":{"@id":"https:\/\/www.stvmachinery.it\/fr\/macchinari\/rechauffeurs\/rechauffeur\/#primaryimage"},"thumbnailUrl":"https:\/\/www.stvmachinery.it\/wp-content\/uploads\/2024\/04\/riscaldatore-stv.webp","datePublished":"2024-04-02T11:50:40+00:00","dateModified":"2025-12-12T09:19:13+00:00","description":"Rechauffeur pour le traitement thermique de bouteilles en verre de diff\u00e9rents formats contenant des boissons qui garantit la r\u00e9sistance aux chocs thermiques.","breadcrumb":{"@id":"https:\/\/www.stvmachinery.it\/fr\/macchinari\/rechauffeurs\/rechauffeur\/#breadcrumb"},"inLanguage":"fr-FR","potentialAction":[{"@type":"ReadAction","target":["https:\/\/www.stvmachinery.it\/fr\/macchinari\/rechauffeurs\/rechauffeur\/"]}]},{"@type":"ImageObject","inLanguage":"fr-FR","@id":"https:\/\/www.stvmachinery.it\/fr\/macchinari\/rechauffeurs\/rechauffeur\/#primaryimage","url":"https:\/\/www.stvmachinery.it\/wp-content\/uploads\/2024\/04\/riscaldatore-stv.webp","contentUrl":"https:\/\/www.stvmachinery.it\/wp-content\/uploads\/2024\/04\/riscaldatore-stv.webp","width":1200,"height":1200},{"@type":"BreadcrumbList","@id":"https:\/\/www.stvmachinery.it\/fr\/macchinari\/rechauffeurs\/rechauffeur\/#breadcrumb","itemListElement":[{"@type":"ListItem","position":1,"name":"Home","item":"https:\/\/www.stvmachinery.it\/fr\/stv-machinery\/"},{"@type":"ListItem","position":2,"name":"Machines","item":"https:\/\/www.stvmachinery.it\/fr\/machines\/"},{"@type":"ListItem","position":3,"name":"Rechauffeur"}]},{"@type":"WebSite","@id":"https:\/\/www.stvmachinery.it\/fr\/#website","url":"https:\/\/www.stvmachinery.it\/fr\/","name":"STV Machinery","description":"Macchine ed impianti per l\u2019industria agroalimentare e conserviera","publisher":{"@id":"https:\/\/www.stvmachinery.it\/fr\/#organization"},"potentialAction":[{"@type":"SearchAction","target":{"@type":"EntryPoint","urlTemplate":"https:\/\/www.stvmachinery.it\/fr\/?s={search_term_string}"},"query-input":"required name=search_term_string"}],"inLanguage":"fr-FR"},{"@type":"Organization","@id":"https:\/\/www.stvmachinery.it\/fr\/#organization","name":"S.T.V. di Salati Giovanni & C. \u2013 S.n.c.","alternateName":"STV Machinery","url":"https:\/\/www.stvmachinery.it\/fr\/","logo":{"@type":"ImageObject","inLanguage":"fr-FR","@id":"https:\/\/www.stvmachinery.it\/fr\/#\/schema\/logo\/image\/","url":"https:\/\/www.stvmachinery.it\/wp-content\/uploads\/2021\/06\/stv-machinery-logo-positivo.png","contentUrl":"https:\/\/www.stvmachinery.it\/wp-content\/uploads\/2021\/06\/stv-machinery-logo-positivo.png","width":481,"height":233,"caption":"S.T.V. di Salati Giovanni & C. \u2013 S.n.c."},"image":{"@id":"https:\/\/www.stvmachinery.it\/fr\/#\/schema\/logo\/image\/"},"sameAs":["https:\/\/it.linkedin.com\/company\/stv-machinery","https:\/\/www.youtube.com\/channel\/UCceMPa8POjTOmZeA2_KUoeg"]}]}},"_links":{"self":[{"href":"https:\/\/www.stvmachinery.it\/fr\/wp-json\/wp\/v2\/product\/10711","targetHints":{"allow":["GET"]}}],"collection":[{"href":"https:\/\/www.stvmachinery.it\/fr\/wp-json\/wp\/v2\/product"}],"about":[{"href":"https:\/\/www.stvmachinery.it\/fr\/wp-json\/wp\/v2\/types\/product"}],"version-history":[{"count":4,"href":"https:\/\/www.stvmachinery.it\/fr\/wp-json\/wp\/v2\/product\/10711\/revisions"}],"predecessor-version":[{"id":11453,"href":"https:\/\/www.stvmachinery.it\/fr\/wp-json\/wp\/v2\/product\/10711\/revisions\/11453"}],"wp:featuredmedia":[{"embeddable":true,"href":"https:\/\/www.stvmachinery.it\/fr\/wp-json\/wp\/v2\/media\/9317"}],"wp:attachment":[{"href":"https:\/\/www.stvmachinery.it\/fr\/wp-json\/wp\/v2\/media?parent=10711"}],"wp:term":[{"taxonomy":"product_cat","embeddable":true,"href":"https:\/\/www.stvmachinery.it\/fr\/wp-json\/wp\/v2\/product_cat?post=10711"},{"taxonomy":"product_tag","embeddable":true,"href":"https:\/\/www.stvmachinery.it\/fr\/wp-json\/wp\/v2\/product_tag?post=10711"}],"curies":[{"name":"wp","href":"https:\/\/api.w.org\/{rel}","templated":true}]}}