{"id":10714,"date":"2024-04-02T13:12:27","date_gmt":"2024-04-02T12:12:27","guid":{"rendered":"https:\/\/www.stvmachinery.it\/macchinari\/non%20class\u00e9\/laveuse-automatique-lineaire-mod-l80cs\/"},"modified":"2025-11-24T16:49:53","modified_gmt":"2025-11-24T15:49:53","slug":"laveuse-automatique-lineaire-mod-l80cs","status":"publish","type":"product","link":"https:\/\/www.stvmachinery.it\/fr\/macchinari\/laveuses-lineaires\/laveuse-automatique-lineaire-mod-l80cs\/","title":{"rendered":"Laveuse automatique lineaire Mod. L80CS"},"content":{"rendered":"\t\t<div data-elementor-type=\"product-post\" data-elementor-id=\"10714\" class=\"elementor elementor-10714 elementor-8689\" data-elementor-post-type=\"product\">\n\t\t\t\t<div class=\"elementor-element elementor-element-46a5c91 e-flex e-con-boxed e-con e-parent\" data-id=\"46a5c91\" data-element_type=\"container\" id=\"caratteristiche\">\n\t\t\t\t\t<div class=\"e-con-inner\">\n\t\t\t\t<div class=\"elementor-element elementor-element-7aea20b elementor-widget elementor-widget-text-editor\" data-id=\"7aea20b\" data-element_type=\"widget\" data-widget_type=\"text-editor.default\">\n\t\t\t\t<div class=\"elementor-widget-container\">\n\t\t\t<style>\/*! elementor - v3.21.0 - 08-05-2024 *\/\n.elementor-widget-text-editor.elementor-drop-cap-view-stacked .elementor-drop-cap{background-color:#69727d;color:#fff}.elementor-widget-text-editor.elementor-drop-cap-view-framed .elementor-drop-cap{color:#69727d;border:3px solid;background-color:transparent}.elementor-widget-text-editor:not(.elementor-drop-cap-view-default) .elementor-drop-cap{margin-top:8px}.elementor-widget-text-editor:not(.elementor-drop-cap-view-default) .elementor-drop-cap-letter{width:1em;height:1em}.elementor-widget-text-editor .elementor-drop-cap{float:left;text-align:center;line-height:1;font-size:50px}.elementor-widget-text-editor .elementor-drop-cap-letter{display:inline-block}<\/style>\t\t\t\t<h3 class=\"product-item-title\">Fonctionnement<\/h3>\n<p>La <strong>premi\u00e8re section<\/strong> de la machine, \u00e9quip\u00e9e avec des <strong>injecteurs<\/strong> aliment\u00e9s par une pompe \u00e0 haute pression, pourvoit au <strong>lavage<\/strong> avec des forts jets d\u2019eau chaude sur toute la surface des r\u00e9cipients.<\/p>\n<p>La <strong>deuxi\u00e8me section<\/strong>, \u00e9quip\u00e9e elle aussi avec des injecteurs, mais <strong>aliment\u00e9e avec l\u2019eau de r\u00e9seau<\/strong>, pourvoit au <strong>rin\u00e7age<\/strong>. <\/p>\n<p>\u00c0 la sortie du tunnel de lavage, la <strong>troisi\u00e8me section<\/strong> de la machine pourvoit a <strong>l\u2019\u00e9gouttage<\/strong> forc\u00e9 effectu\u00e9 par des forts jets d\u2019air.<\/p>\n\t\t\t\t\t\t<\/div>\n\t\t\t\t<\/div>\n\t\t\t\t\t<\/div>\n\t\t\t\t<\/div>\n\t\t<div class=\"elementor-element elementor-element-86a0b96 e-flex e-con-boxed e-con e-parent\" data-id=\"86a0b96\" data-element_type=\"container\" data-settings=\"{&quot;background_background&quot;:&quot;classic&quot;}\">\n\t\t\t\t\t<div class=\"e-con-inner\">\n\t\t\t\t<div class=\"elementor-element elementor-element-4cfc641 elementor-widget elementor-widget-text-editor\" data-id=\"4cfc641\" data-element_type=\"widget\" data-widget_type=\"text-editor.default\">\n\t\t\t\t<div class=\"elementor-widget-container\">\n\t\t\t\t\t\t\t<h3 class=\"product-item-title\">Caract\u00e9ristiques de fabrication<\/h3>\n<ul>\n<li>Soubassement inf\u00e9rieur avec fonctions de contenance de l\u2019eau chaude de lavage et de cuve de r\u00e9colte de l\u2019eau de rin\u00e7age et d\u2019\u00e9gouttage, convoyeur en acier inox avec motorisation \u00e0 vitesse variable et guides lat\u00e9raux r\u00e9glables selon les dimensions des r\u00e9cipients.<\/li>\n<li><strong> Section de lavage compos\u00e9e par:<\/strong> cuve, appareillage pour r\u00e9chauffer l\u2019eau, dispositif de trop-plein, pompe \u00e0 haute pression avec filtre d\u2019aspiration et tuyau de refoulement au collecteur d\u2019injection. <\/li>\n<li><strong>Section de rin\u00e7age<\/strong> avec eau de r\u00e9seau compos\u00e9e par collecteur et injecteurs. Tunnel de protection compos\u00e9 d\u2019une t\u00f4le en caisson qui renferme l\u2019\u00e9quipement de lavage et rin\u00e7age.<\/li>\n<li><strong>Section d\u2019\u00e9gouttage<\/strong> compos\u00e9e d\u2019une buse soufflante \u00e0 haute pression et des lances pour le jet d\u2019air, r\u00e9glables selon les dimensions des r\u00e9cipients et positionn\u00e9es au-dessus et \u00e0 cot\u00e9 des r\u00e9cipients. <\/li>\n<li>Panneau \u00e9lectrique de commande en acier inox. <\/li>\n<li>Fabrication en acier inox AISI 304 sauf quelques parties qui sont en mat\u00e9riel diff\u00e9rent indiqu\u00e9 pour leur bon fonctionnement.<\/li>\n<li>La machine est <strong>r\u00e9glable<\/strong> pour traiter des r\u00e9cipients de formats diff\u00e9rents. <\/li>\n<li>Apr\u00e8s la mise en marche et les r\u00e9glages n\u00e9cessaires la machine ne n\u00e9cessite pas de l\u2019assistance de l\u2019op\u00e9rateur.<\/li>\n<\/ul>\n\t\t\t\t\t\t<\/div>\n\t\t\t\t<\/div>\n\t\t\t\t\t<\/div>\n\t\t\t\t<\/div>\n\t\t<div class=\"elementor-element elementor-element-e95b650 e-flex e-con-boxed e-con e-parent\" data-id=\"e95b650\" data-element_type=\"container\">\n\t\t\t\t\t<div class=\"e-con-inner\">\n\t\t\t\t<div class=\"elementor-element elementor-element-02e0a45 elementor-widget elementor-widget-heading\" data-id=\"02e0a45\" data-element_type=\"widget\" data-widget_type=\"heading.default\">\n\t\t\t\t<div class=\"elementor-widget-container\">\n\t\t\t<style>\/*! elementor - v3.21.0 - 08-05-2024 *\/\n.elementor-heading-title{padding:0;margin:0;line-height:1}.elementor-widget-heading .elementor-heading-title[class*=elementor-size-]>a{color:inherit;font-size:inherit;line-height:inherit}.elementor-widget-heading .elementor-heading-title.elementor-size-small{font-size:15px}.elementor-widget-heading .elementor-heading-title.elementor-size-medium{font-size:19px}.elementor-widget-heading .elementor-heading-title.elementor-size-large{font-size:29px}.elementor-widget-heading .elementor-heading-title.elementor-size-xl{font-size:39px}.elementor-widget-heading .elementor-heading-title.elementor-size-xxl{font-size:59px}<\/style><h4 class=\"elementor-heading-title elementor-size-default\">Donn\u00e9es techniques<\/h4>\t\t<\/div>\n\t\t\t\t<\/div>\n\t\t\t\t<div class=\"elementor-element elementor-element-4399734 elementor-widget elementor-widget-ld_table\" data-id=\"4399734\" data-element_type=\"widget\" data-widget_type=\"ld_table.default\">\n\t\t\t\t<div class=\"elementor-widget-container\">\n\t\t\t<table><tr><td class=\"elementor-repeater-item-4be9d2e\">Capacit\u00e9<\/td><td class=\"elementor-repeater-item-485afe4\">8.000 r\u00e9cipients \/ heure de 314 ml (diam.67 mm)<\/td><\/tr><tr><td class=\"elementor-repeater-item-d918673\">Puissance install\u00e9e<\/td><td class=\"elementor-repeater-item-b958ccc\">kW 9<\/td><\/tr><tr><td class=\"elementor-repeater-item-78380da\">Longueur<\/td><td class=\"elementor-repeater-item-a74bb3f\">4.700 mm<\/td><\/tr><tr><td class=\"elementor-repeater-item-e9f2d72\">Largeur<\/td><td class=\"elementor-repeater-item-b05652f\">1.700 mm<\/td><\/tr><\/table>\t\t<\/div>\n\t\t\t\t<\/div>\n\t\t\t\t\t<\/div>\n\t\t\t\t<\/div>\n\t\t\t\t<\/div>\n\t\t","protected":false},"excerpt":{"rendered":"<p>Machine pour le <strong>lavage<\/strong> et l<strong>\u2019\u00e9gouttage ext\u00e9rieur<\/strong> des <strong>r\u00e9cipients remplis et ferm\u00e9s<\/strong> afin d\u2019\u00e9liminer des traces \u00e9ventuelles de produit (huile, saumure, etc.).<\/p>\n<p><a class=\"pulsanterosso\" href=\"#caratteristiche\">Caract\u00e9ristiques techniques<\/a><\/p>\n","protected":false},"featured_media":9323,"template":"","meta":{"inline_featured_image":false},"product_cat":[122],"product_tag":[],"class_list":{"0":"post-10714","1":"product","2":"type-product","3":"status-publish","4":"has-post-thumbnail","6":"product_cat-laveuses-lineaires","7":"pa_applicazione-contenants-pleins","8":"pa_funzionamento-automatique","9":"pa_settore-alimentaire","11":"first","12":"instock","13":"shipping-taxable","14":"product-type-simple"},"yoast_head":"<!-- This site is optimized with the Yoast SEO plugin v22.7 - https:\/\/yoast.com\/wordpress\/plugins\/seo\/ -->\n<title>Laveuse automatique lineaire Mod. L80CS | STV Machinery<\/title>\n<meta name=\"description\" content=\"Machine pour le lavage et l\u2019\u00e9gouttage ext\u00e9rieur des r\u00e9cipients remplis et ferm\u00e9s afin d\u2019\u00e9liminer des traces \u00e9ventuelles de produit.\" \/>\n<meta name=\"robots\" content=\"index, follow, max-snippet:-1, max-image-preview:large, max-video-preview:-1\" \/>\n<link rel=\"canonical\" href=\"https:\/\/www.stvmachinery.it\/fr\/macchinari\/laveuses-lineaires\/laveuse-automatique-lineaire-mod-l80cs\/\" \/>\n<meta property=\"og:locale\" content=\"fr_FR\" \/>\n<meta property=\"og:type\" content=\"article\" \/>\n<meta property=\"og:title\" content=\"Laveuse automatique lineaire Mod. L80CS | STV Machinery\" \/>\n<meta property=\"og:description\" content=\"Machine pour le lavage et l\u2019\u00e9gouttage ext\u00e9rieur des r\u00e9cipients remplis et ferm\u00e9s afin d\u2019\u00e9liminer des traces \u00e9ventuelles de produit.\" \/>\n<meta property=\"og:url\" content=\"https:\/\/www.stvmachinery.it\/fr\/macchinari\/laveuses-lineaires\/laveuse-automatique-lineaire-mod-l80cs\/\" \/>\n<meta property=\"og:site_name\" content=\"STV Machinery\" \/>\n<meta property=\"article:modified_time\" content=\"2025-11-24T15:49:53+00:00\" \/>\n<meta property=\"og:image\" content=\"https:\/\/www.stvmachinery.it\/wp-content\/uploads\/2024\/04\/Lavatrice-lineare-automatica.webp\" \/>\n\t<meta property=\"og:image:width\" content=\"1200\" \/>\n\t<meta property=\"og:image:height\" content=\"1200\" \/>\n\t<meta property=\"og:image:type\" content=\"image\/webp\" \/>\n<meta name=\"twitter:card\" content=\"summary_large_image\" \/>\n<script type=\"application\/ld+json\" class=\"yoast-schema-graph\">{\"@context\":\"https:\/\/schema.org\",\"@graph\":[{\"@type\":\"WebPage\",\"@id\":\"https:\/\/www.stvmachinery.it\/fr\/macchinari\/laveuses-lineaires\/laveuse-automatique-lineaire-mod-l80cs\/\",\"url\":\"https:\/\/www.stvmachinery.it\/fr\/macchinari\/laveuses-lineaires\/laveuse-automatique-lineaire-mod-l80cs\/\",\"name\":\"Laveuse automatique lineaire Mod. L80CS | STV Machinery\",\"isPartOf\":{\"@id\":\"https:\/\/www.stvmachinery.it\/fr\/#website\"},\"primaryImageOfPage\":{\"@id\":\"https:\/\/www.stvmachinery.it\/fr\/macchinari\/laveuses-lineaires\/laveuse-automatique-lineaire-mod-l80cs\/#primaryimage\"},\"image\":{\"@id\":\"https:\/\/www.stvmachinery.it\/fr\/macchinari\/laveuses-lineaires\/laveuse-automatique-lineaire-mod-l80cs\/#primaryimage\"},\"thumbnailUrl\":\"https:\/\/www.stvmachinery.it\/wp-content\/uploads\/2024\/04\/Lavatrice-lineare-automatica.webp\",\"datePublished\":\"2024-04-02T12:12:27+00:00\",\"dateModified\":\"2025-11-24T15:49:53+00:00\",\"description\":\"Machine pour le lavage et l\u2019\u00e9gouttage ext\u00e9rieur des r\u00e9cipients remplis et ferm\u00e9s afin d\u2019\u00e9liminer des traces \u00e9ventuelles de produit.\",\"breadcrumb\":{\"@id\":\"https:\/\/www.stvmachinery.it\/fr\/macchinari\/laveuses-lineaires\/laveuse-automatique-lineaire-mod-l80cs\/#breadcrumb\"},\"inLanguage\":\"fr-FR\",\"potentialAction\":[{\"@type\":\"ReadAction\",\"target\":[\"https:\/\/www.stvmachinery.it\/fr\/macchinari\/laveuses-lineaires\/laveuse-automatique-lineaire-mod-l80cs\/\"]}]},{\"@type\":\"ImageObject\",\"inLanguage\":\"fr-FR\",\"@id\":\"https:\/\/www.stvmachinery.it\/fr\/macchinari\/laveuses-lineaires\/laveuse-automatique-lineaire-mod-l80cs\/#primaryimage\",\"url\":\"https:\/\/www.stvmachinery.it\/wp-content\/uploads\/2024\/04\/Lavatrice-lineare-automatica.webp\",\"contentUrl\":\"https:\/\/www.stvmachinery.it\/wp-content\/uploads\/2024\/04\/Lavatrice-lineare-automatica.webp\",\"width\":1200,\"height\":1200},{\"@type\":\"BreadcrumbList\",\"@id\":\"https:\/\/www.stvmachinery.it\/fr\/macchinari\/laveuses-lineaires\/laveuse-automatique-lineaire-mod-l80cs\/#breadcrumb\",\"itemListElement\":[{\"@type\":\"ListItem\",\"position\":1,\"name\":\"Home\",\"item\":\"https:\/\/www.stvmachinery.it\/fr\/stv-machinery\/\"},{\"@type\":\"ListItem\",\"position\":2,\"name\":\"Machines\",\"item\":\"https:\/\/www.stvmachinery.it\/fr\/machines\/\"},{\"@type\":\"ListItem\",\"position\":3,\"name\":\"Laveuse automatique lineaire Mod. L80CS\"}]},{\"@type\":\"WebSite\",\"@id\":\"https:\/\/www.stvmachinery.it\/fr\/#website\",\"url\":\"https:\/\/www.stvmachinery.it\/fr\/\",\"name\":\"STV Machinery\",\"description\":\"Macchine ed impianti per l\u2019industria agroalimentare e conserviera\",\"publisher\":{\"@id\":\"https:\/\/www.stvmachinery.it\/fr\/#organization\"},\"potentialAction\":[{\"@type\":\"SearchAction\",\"target\":{\"@type\":\"EntryPoint\",\"urlTemplate\":\"https:\/\/www.stvmachinery.it\/fr\/?s={search_term_string}\"},\"query-input\":\"required name=search_term_string\"}],\"inLanguage\":\"fr-FR\"},{\"@type\":\"Organization\",\"@id\":\"https:\/\/www.stvmachinery.it\/fr\/#organization\",\"name\":\"S.T.V. di Salati Giovanni & C. \u2013 S.n.c.\",\"alternateName\":\"STV Machinery\",\"url\":\"https:\/\/www.stvmachinery.it\/fr\/\",\"logo\":{\"@type\":\"ImageObject\",\"inLanguage\":\"fr-FR\",\"@id\":\"https:\/\/www.stvmachinery.it\/fr\/#\/schema\/logo\/image\/\",\"url\":\"https:\/\/www.stvmachinery.it\/wp-content\/uploads\/2021\/06\/stv-machinery-logo-positivo.png\",\"contentUrl\":\"https:\/\/www.stvmachinery.it\/wp-content\/uploads\/2021\/06\/stv-machinery-logo-positivo.png\",\"width\":481,\"height\":233,\"caption\":\"S.T.V. di Salati Giovanni & C. \u2013 S.n.c.\"},\"image\":{\"@id\":\"https:\/\/www.stvmachinery.it\/fr\/#\/schema\/logo\/image\/\"},\"sameAs\":[\"https:\/\/it.linkedin.com\/company\/stv-machinery\",\"https:\/\/www.youtube.com\/channel\/UCceMPa8POjTOmZeA2_KUoeg\"]}]}<\/script>\n<!-- \/ Yoast SEO plugin. -->","yoast_head_json":{"title":"Laveuse automatique lineaire Mod. L80CS | STV Machinery","description":"Machine pour le lavage et l\u2019\u00e9gouttage ext\u00e9rieur des r\u00e9cipients remplis et ferm\u00e9s afin d\u2019\u00e9liminer des traces \u00e9ventuelles de produit.","robots":{"index":"index","follow":"follow","max-snippet":"max-snippet:-1","max-image-preview":"max-image-preview:large","max-video-preview":"max-video-preview:-1"},"canonical":"https:\/\/www.stvmachinery.it\/fr\/macchinari\/laveuses-lineaires\/laveuse-automatique-lineaire-mod-l80cs\/","og_locale":"fr_FR","og_type":"article","og_title":"Laveuse automatique lineaire Mod. L80CS | STV Machinery","og_description":"Machine pour le lavage et l\u2019\u00e9gouttage ext\u00e9rieur des r\u00e9cipients remplis et ferm\u00e9s afin d\u2019\u00e9liminer des traces \u00e9ventuelles de produit.","og_url":"https:\/\/www.stvmachinery.it\/fr\/macchinari\/laveuses-lineaires\/laveuse-automatique-lineaire-mod-l80cs\/","og_site_name":"STV Machinery","article_modified_time":"2025-11-24T15:49:53+00:00","og_image":[{"width":1200,"height":1200,"url":"https:\/\/www.stvmachinery.it\/wp-content\/uploads\/2024\/04\/Lavatrice-lineare-automatica.webp","type":"image\/webp"}],"twitter_card":"summary_large_image","schema":{"@context":"https:\/\/schema.org","@graph":[{"@type":"WebPage","@id":"https:\/\/www.stvmachinery.it\/fr\/macchinari\/laveuses-lineaires\/laveuse-automatique-lineaire-mod-l80cs\/","url":"https:\/\/www.stvmachinery.it\/fr\/macchinari\/laveuses-lineaires\/laveuse-automatique-lineaire-mod-l80cs\/","name":"Laveuse automatique lineaire Mod. L80CS | STV Machinery","isPartOf":{"@id":"https:\/\/www.stvmachinery.it\/fr\/#website"},"primaryImageOfPage":{"@id":"https:\/\/www.stvmachinery.it\/fr\/macchinari\/laveuses-lineaires\/laveuse-automatique-lineaire-mod-l80cs\/#primaryimage"},"image":{"@id":"https:\/\/www.stvmachinery.it\/fr\/macchinari\/laveuses-lineaires\/laveuse-automatique-lineaire-mod-l80cs\/#primaryimage"},"thumbnailUrl":"https:\/\/www.stvmachinery.it\/wp-content\/uploads\/2024\/04\/Lavatrice-lineare-automatica.webp","datePublished":"2024-04-02T12:12:27+00:00","dateModified":"2025-11-24T15:49:53+00:00","description":"Machine pour le lavage et l\u2019\u00e9gouttage ext\u00e9rieur des r\u00e9cipients remplis et ferm\u00e9s afin d\u2019\u00e9liminer des traces \u00e9ventuelles de produit.","breadcrumb":{"@id":"https:\/\/www.stvmachinery.it\/fr\/macchinari\/laveuses-lineaires\/laveuse-automatique-lineaire-mod-l80cs\/#breadcrumb"},"inLanguage":"fr-FR","potentialAction":[{"@type":"ReadAction","target":["https:\/\/www.stvmachinery.it\/fr\/macchinari\/laveuses-lineaires\/laveuse-automatique-lineaire-mod-l80cs\/"]}]},{"@type":"ImageObject","inLanguage":"fr-FR","@id":"https:\/\/www.stvmachinery.it\/fr\/macchinari\/laveuses-lineaires\/laveuse-automatique-lineaire-mod-l80cs\/#primaryimage","url":"https:\/\/www.stvmachinery.it\/wp-content\/uploads\/2024\/04\/Lavatrice-lineare-automatica.webp","contentUrl":"https:\/\/www.stvmachinery.it\/wp-content\/uploads\/2024\/04\/Lavatrice-lineare-automatica.webp","width":1200,"height":1200},{"@type":"BreadcrumbList","@id":"https:\/\/www.stvmachinery.it\/fr\/macchinari\/laveuses-lineaires\/laveuse-automatique-lineaire-mod-l80cs\/#breadcrumb","itemListElement":[{"@type":"ListItem","position":1,"name":"Home","item":"https:\/\/www.stvmachinery.it\/fr\/stv-machinery\/"},{"@type":"ListItem","position":2,"name":"Machines","item":"https:\/\/www.stvmachinery.it\/fr\/machines\/"},{"@type":"ListItem","position":3,"name":"Laveuse automatique lineaire Mod. L80CS"}]},{"@type":"WebSite","@id":"https:\/\/www.stvmachinery.it\/fr\/#website","url":"https:\/\/www.stvmachinery.it\/fr\/","name":"STV Machinery","description":"Macchine ed impianti per l\u2019industria agroalimentare e conserviera","publisher":{"@id":"https:\/\/www.stvmachinery.it\/fr\/#organization"},"potentialAction":[{"@type":"SearchAction","target":{"@type":"EntryPoint","urlTemplate":"https:\/\/www.stvmachinery.it\/fr\/?s={search_term_string}"},"query-input":"required name=search_term_string"}],"inLanguage":"fr-FR"},{"@type":"Organization","@id":"https:\/\/www.stvmachinery.it\/fr\/#organization","name":"S.T.V. di Salati Giovanni & C. \u2013 S.n.c.","alternateName":"STV Machinery","url":"https:\/\/www.stvmachinery.it\/fr\/","logo":{"@type":"ImageObject","inLanguage":"fr-FR","@id":"https:\/\/www.stvmachinery.it\/fr\/#\/schema\/logo\/image\/","url":"https:\/\/www.stvmachinery.it\/wp-content\/uploads\/2021\/06\/stv-machinery-logo-positivo.png","contentUrl":"https:\/\/www.stvmachinery.it\/wp-content\/uploads\/2021\/06\/stv-machinery-logo-positivo.png","width":481,"height":233,"caption":"S.T.V. di Salati Giovanni & C. \u2013 S.n.c."},"image":{"@id":"https:\/\/www.stvmachinery.it\/fr\/#\/schema\/logo\/image\/"},"sameAs":["https:\/\/it.linkedin.com\/company\/stv-machinery","https:\/\/www.youtube.com\/channel\/UCceMPa8POjTOmZeA2_KUoeg"]}]}},"_links":{"self":[{"href":"https:\/\/www.stvmachinery.it\/fr\/wp-json\/wp\/v2\/product\/10714","targetHints":{"allow":["GET"]}}],"collection":[{"href":"https:\/\/www.stvmachinery.it\/fr\/wp-json\/wp\/v2\/product"}],"about":[{"href":"https:\/\/www.stvmachinery.it\/fr\/wp-json\/wp\/v2\/types\/product"}],"version-history":[{"count":7,"href":"https:\/\/www.stvmachinery.it\/fr\/wp-json\/wp\/v2\/product\/10714\/revisions"}],"predecessor-version":[{"id":11398,"href":"https:\/\/www.stvmachinery.it\/fr\/wp-json\/wp\/v2\/product\/10714\/revisions\/11398"}],"wp:featuredmedia":[{"embeddable":true,"href":"https:\/\/www.stvmachinery.it\/fr\/wp-json\/wp\/v2\/media\/9323"}],"wp:attachment":[{"href":"https:\/\/www.stvmachinery.it\/fr\/wp-json\/wp\/v2\/media?parent=10714"}],"wp:term":[{"taxonomy":"product_cat","embeddable":true,"href":"https:\/\/www.stvmachinery.it\/fr\/wp-json\/wp\/v2\/product_cat?post=10714"},{"taxonomy":"product_tag","embeddable":true,"href":"https:\/\/www.stvmachinery.it\/fr\/wp-json\/wp\/v2\/product_tag?post=10714"}],"curies":[{"name":"wp","href":"https:\/\/api.w.org\/{rel}","templated":true}]}}