{"id":10726,"date":"2024-04-02T14:58:50","date_gmt":"2024-04-02T13:58:50","guid":{"rendered":"https:\/\/www.stvmachinery.it\/macchinari\/non%20class\u00e9\/detecteur-de-metaux\/"},"modified":"2025-11-24T15:12:26","modified_gmt":"2025-11-24T14:12:26","slug":"detecteur-de-metaux","status":"publish","type":"product","link":"https:\/\/www.stvmachinery.it\/fr\/macchinari\/detecteur-de-metaux\/detecteur-de-metaux\/","title":{"rendered":"Detecteur de metaux"},"content":{"rendered":"\t\t<div data-elementor-type=\"product-post\" data-elementor-id=\"10726\" class=\"elementor elementor-10726 elementor-8713\" data-elementor-post-type=\"product\">\n\t\t\t\t<div class=\"elementor-element elementor-element-46a5c91 e-flex e-con-boxed e-con e-parent\" data-id=\"46a5c91\" data-element_type=\"container\" id=\"caratteristiche\">\n\t\t\t\t\t<div class=\"e-con-inner\">\n\t\t\t\t<div class=\"elementor-element elementor-element-7aea20b elementor-widget elementor-widget-text-editor\" data-id=\"7aea20b\" data-element_type=\"widget\" data-widget_type=\"text-editor.default\">\n\t\t\t\t<div class=\"elementor-widget-container\">\n\t\t\t<style>\/*! elementor - v3.21.0 - 08-05-2024 *\/\n.elementor-widget-text-editor.elementor-drop-cap-view-stacked .elementor-drop-cap{background-color:#69727d;color:#fff}.elementor-widget-text-editor.elementor-drop-cap-view-framed .elementor-drop-cap{color:#69727d;border:3px solid;background-color:transparent}.elementor-widget-text-editor:not(.elementor-drop-cap-view-default) .elementor-drop-cap{margin-top:8px}.elementor-widget-text-editor:not(.elementor-drop-cap-view-default) .elementor-drop-cap-letter{width:1em;height:1em}.elementor-widget-text-editor .elementor-drop-cap{float:left;text-align:center;line-height:1;font-size:50px}.elementor-widget-text-editor .elementor-drop-cap-letter{display:inline-block}<\/style>\t\t\t\t<h3 class=\"product-item-title\">Fonctionnement<\/h3>\n<p>Au passage dans le tunnel de la centrale \u00e9lectronique d\u2019un r\u00e9cipient inapte le convoyeur <strong>s\u2019arr\u00eate<\/strong> et un <strong>signal acoustique<\/strong> pr\u00e9vient l\u2019op\u00e9rateur. <\/p>\n<p>Celui-ci, apr\u00e8s avoir enlev\u00e9 le r\u00e9cipient sorti de la centrale, remet en marche le convoyeur.<\/p>\n\t\t\t\t\t\t<\/div>\n\t\t\t\t<\/div>\n\t\t\t\t\t<\/div>\n\t\t\t\t<\/div>\n\t\t<div class=\"elementor-element elementor-element-86a0b96 e-flex e-con-boxed e-con e-parent\" data-id=\"86a0b96\" data-element_type=\"container\">\n\t\t\t\t\t<div class=\"e-con-inner\">\n\t\t\t\t<div class=\"elementor-element elementor-element-4cfc641 elementor-widget elementor-widget-text-editor\" data-id=\"4cfc641\" data-element_type=\"widget\" data-widget_type=\"text-editor.default\">\n\t\t\t\t<div class=\"elementor-widget-container\">\n\t\t\t\t\t\t\t<h3 class=\"product-item-title\">Caract\u00e9ristiques de fabrication<\/h3>\n<ul>\n<li><strong>Centrale \u00e9lectronique<\/strong> compos\u00e9e par un r\u00e9cipient tr\u00e8s robuste \u00e0 forme de tunnel pour le passage des r\u00e9cipients \u00e0 contr\u00f4ler. <\/li>\n<li><strong>Panneau frontal de commande<\/strong> avec clavier \u00e0 membrane pour le r\u00e9glage des param\u00e8tres de travail et display du type LCD pour leur visualisation.<\/li>\n<li><strong> Convoyeur <\/strong> avec structure en acier inox et mat\u00e9riel apte au bon fonctionnement dans la zone o\u00f9 est mont\u00e9 le m\u00e9tal detector. <\/li>\n<li>Sur la structure est mont\u00e9e une <strong>bande modulaire<\/strong> en polypropyl\u00e8ne avec des rouleaux de support dans la partie de retour. <\/li>\n<li><strong>Guides de contenance<\/strong> sur des supports r\u00e9glables pour les diff\u00e9rents formats de r\u00e9cipients. <\/li>\n<li>T\u00eate motoris\u00e9e par variateur de vitesse.<\/li>\n<li>T\u00eate folle.<\/li>\n<li>Pieds de support.<\/li>\n<\/ul>\n\t\t\t\t\t\t<\/div>\n\t\t\t\t<\/div>\n\t\t\t\t\t<\/div>\n\t\t\t\t<\/div>\n\t\t<div class=\"elementor-element elementor-element-30982cd e-flex e-con-boxed e-con e-parent\" data-id=\"30982cd\" data-element_type=\"container\" data-settings=\"{&quot;background_background&quot;:&quot;classic&quot;}\">\n\t\t\t\t\t<div class=\"e-con-inner\">\n\t\t\t\t<div class=\"elementor-element elementor-element-412ab7a elementor-widget elementor-widget-text-editor\" data-id=\"412ab7a\" data-element_type=\"widget\" data-widget_type=\"text-editor.default\">\n\t\t\t\t<div class=\"elementor-widget-container\">\n\t\t\t\t\t\t\t<h3 class=\"product-item-title\">Optionnels<br \/><\/h3>\n<p><strong>EQUIPEMENT OPTIONNEL<\/strong> disponible sur demande : <strong>ECART AUTOMATIQUE et TABLE DE RECOLTE.<\/strong><\/p>\n\t\t\t\t\t\t<\/div>\n\t\t\t\t<\/div>\n\t\t\t\t\t<\/div>\n\t\t\t\t<\/div>\n\t\t<div class=\"elementor-element elementor-element-e95b650 e-flex e-con-boxed e-con e-parent\" data-id=\"e95b650\" data-element_type=\"container\">\n\t\t\t\t\t<div class=\"e-con-inner\">\n\t\t\t\t<div class=\"elementor-element elementor-element-02e0a45 elementor-widget elementor-widget-heading\" data-id=\"02e0a45\" data-element_type=\"widget\" data-widget_type=\"heading.default\">\n\t\t\t\t<div class=\"elementor-widget-container\">\n\t\t\t<style>\/*! elementor - v3.21.0 - 08-05-2024 *\/\n.elementor-heading-title{padding:0;margin:0;line-height:1}.elementor-widget-heading .elementor-heading-title[class*=elementor-size-]>a{color:inherit;font-size:inherit;line-height:inherit}.elementor-widget-heading .elementor-heading-title.elementor-size-small{font-size:15px}.elementor-widget-heading .elementor-heading-title.elementor-size-medium{font-size:19px}.elementor-widget-heading .elementor-heading-title.elementor-size-large{font-size:29px}.elementor-widget-heading .elementor-heading-title.elementor-size-xl{font-size:39px}.elementor-widget-heading .elementor-heading-title.elementor-size-xxl{font-size:59px}<\/style><h4 class=\"elementor-heading-title elementor-size-default\">Donn\u00e9es techniques<\/h4>\t\t<\/div>\n\t\t\t\t<\/div>\n\t\t\t\t<div class=\"elementor-element elementor-element-4399734 elementor-widget elementor-widget-ld_table\" data-id=\"4399734\" data-element_type=\"widget\" data-widget_type=\"ld_table.default\">\n\t\t\t\t<div class=\"elementor-widget-container\">\n\t\t\t<table><tr><td class=\"elementor-repeater-item-d918673\">Puissance install\u00e9e<\/td><td class=\"elementor-repeater-item-b958ccc\">kW 0,25<\/td><\/tr><tr><td class=\"elementor-repeater-item-78380da\">Longueur<\/td><td class=\"elementor-repeater-item-a74bb3f\">3.500 mm<\/td><\/tr><\/table>\t\t<\/div>\n\t\t\t\t<\/div>\n\t\t\t\t\t<\/div>\n\t\t\t\t<\/div>\n\t\t\t\t<\/div>\n\t\t","protected":false},"excerpt":{"rendered":"<p>\u00c9quipement apte \u00e0 <strong>d\u00e9tecter<\/strong> la pr\u00e9sence \u00e9ventuelle de <strong>particules m\u00e9talliques<\/strong> \u00e0 l\u2019int\u00e9rieur des pots en verre remplis avant le fermeture.<\/p>\n<p><a class=\"pulsanterosso\" href=\"#caratteristiche\">Caract\u00e9ristiques techniques<\/a><\/p>\n","protected":false},"featured_media":9350,"template":"","meta":{"inline_featured_image":false},"product_cat":[119],"product_tag":[],"class_list":{"0":"post-10726","1":"product","2":"type-product","3":"status-publish","4":"has-post-thumbnail","6":"product_cat-detecteur-de-metaux","7":"pa_applicazione-contenants-pleins","8":"pa_funzionamento-automatique","9":"pa_settore-alimentaire","10":"pa_settore-chimie-et-engrais","11":"pa_settore-cosmetique-et-detergence-fr","13":"first","14":"instock","15":"shipping-taxable","16":"product-type-simple"},"yoast_head":"<!-- This site is optimized with the Yoast SEO plugin v22.7 - https:\/\/yoast.com\/wordpress\/plugins\/seo\/ -->\n<title>Detecteur de metaux | STV Machinery<\/title>\n<meta name=\"description\" content=\"Le d\u00e9tecteur de m\u00e9taux STV Machinery est sp\u00e9cialement con\u00e7u pour d\u00e9tecter tout corps m\u00e9tallique pr\u00e9sent dans des vases pleins et ouverts.\" \/>\n<meta name=\"robots\" content=\"index, follow, max-snippet:-1, max-image-preview:large, max-video-preview:-1\" \/>\n<link rel=\"canonical\" href=\"https:\/\/www.stvmachinery.it\/fr\/macchinari\/detecteur-de-metaux\/detecteur-de-metaux\/\" \/>\n<meta property=\"og:locale\" content=\"fr_FR\" \/>\n<meta property=\"og:type\" content=\"article\" \/>\n<meta property=\"og:title\" content=\"Detecteur de metaux | STV Machinery\" \/>\n<meta property=\"og:description\" content=\"Le d\u00e9tecteur de m\u00e9taux STV Machinery est sp\u00e9cialement con\u00e7u pour d\u00e9tecter tout corps m\u00e9tallique pr\u00e9sent dans des vases pleins et ouverts.\" \/>\n<meta property=\"og:url\" content=\"https:\/\/www.stvmachinery.it\/fr\/macchinari\/detecteur-de-metaux\/detecteur-de-metaux\/\" \/>\n<meta property=\"og:site_name\" content=\"STV Machinery\" \/>\n<meta property=\"article:modified_time\" content=\"2025-11-24T14:12:26+00:00\" \/>\n<meta property=\"og:image\" content=\"https:\/\/www.stvmachinery.it\/wp-content\/uploads\/2024\/04\/metal-detector-stv.webp\" \/>\n\t<meta property=\"og:image:width\" content=\"1200\" \/>\n\t<meta property=\"og:image:height\" content=\"1200\" \/>\n\t<meta property=\"og:image:type\" content=\"image\/webp\" \/>\n<meta name=\"twitter:card\" content=\"summary_large_image\" \/>\n<script type=\"application\/ld+json\" class=\"yoast-schema-graph\">{\"@context\":\"https:\/\/schema.org\",\"@graph\":[{\"@type\":\"WebPage\",\"@id\":\"https:\/\/www.stvmachinery.it\/fr\/macchinari\/detecteur-de-metaux\/detecteur-de-metaux\/\",\"url\":\"https:\/\/www.stvmachinery.it\/fr\/macchinari\/detecteur-de-metaux\/detecteur-de-metaux\/\",\"name\":\"Detecteur de metaux | STV Machinery\",\"isPartOf\":{\"@id\":\"https:\/\/www.stvmachinery.it\/fr\/#website\"},\"primaryImageOfPage\":{\"@id\":\"https:\/\/www.stvmachinery.it\/fr\/macchinari\/detecteur-de-metaux\/detecteur-de-metaux\/#primaryimage\"},\"image\":{\"@id\":\"https:\/\/www.stvmachinery.it\/fr\/macchinari\/detecteur-de-metaux\/detecteur-de-metaux\/#primaryimage\"},\"thumbnailUrl\":\"https:\/\/www.stvmachinery.it\/wp-content\/uploads\/2024\/04\/metal-detector-stv.webp\",\"datePublished\":\"2024-04-02T13:58:50+00:00\",\"dateModified\":\"2025-11-24T14:12:26+00:00\",\"description\":\"Le d\u00e9tecteur de m\u00e9taux STV Machinery est sp\u00e9cialement con\u00e7u pour d\u00e9tecter tout corps m\u00e9tallique pr\u00e9sent dans des vases pleins et ouverts.\",\"breadcrumb\":{\"@id\":\"https:\/\/www.stvmachinery.it\/fr\/macchinari\/detecteur-de-metaux\/detecteur-de-metaux\/#breadcrumb\"},\"inLanguage\":\"fr-FR\",\"potentialAction\":[{\"@type\":\"ReadAction\",\"target\":[\"https:\/\/www.stvmachinery.it\/fr\/macchinari\/detecteur-de-metaux\/detecteur-de-metaux\/\"]}]},{\"@type\":\"ImageObject\",\"inLanguage\":\"fr-FR\",\"@id\":\"https:\/\/www.stvmachinery.it\/fr\/macchinari\/detecteur-de-metaux\/detecteur-de-metaux\/#primaryimage\",\"url\":\"https:\/\/www.stvmachinery.it\/wp-content\/uploads\/2024\/04\/metal-detector-stv.webp\",\"contentUrl\":\"https:\/\/www.stvmachinery.it\/wp-content\/uploads\/2024\/04\/metal-detector-stv.webp\",\"width\":1200,\"height\":1200},{\"@type\":\"BreadcrumbList\",\"@id\":\"https:\/\/www.stvmachinery.it\/fr\/macchinari\/detecteur-de-metaux\/detecteur-de-metaux\/#breadcrumb\",\"itemListElement\":[{\"@type\":\"ListItem\",\"position\":1,\"name\":\"Home\",\"item\":\"https:\/\/www.stvmachinery.it\/fr\/stv-machinery\/\"},{\"@type\":\"ListItem\",\"position\":2,\"name\":\"Machines\",\"item\":\"https:\/\/www.stvmachinery.it\/fr\/machines\/\"},{\"@type\":\"ListItem\",\"position\":3,\"name\":\"Detecteur de metaux\"}]},{\"@type\":\"WebSite\",\"@id\":\"https:\/\/www.stvmachinery.it\/fr\/#website\",\"url\":\"https:\/\/www.stvmachinery.it\/fr\/\",\"name\":\"STV Machinery\",\"description\":\"Macchine ed impianti per l\u2019industria agroalimentare e conserviera\",\"publisher\":{\"@id\":\"https:\/\/www.stvmachinery.it\/fr\/#organization\"},\"potentialAction\":[{\"@type\":\"SearchAction\",\"target\":{\"@type\":\"EntryPoint\",\"urlTemplate\":\"https:\/\/www.stvmachinery.it\/fr\/?s={search_term_string}\"},\"query-input\":\"required name=search_term_string\"}],\"inLanguage\":\"fr-FR\"},{\"@type\":\"Organization\",\"@id\":\"https:\/\/www.stvmachinery.it\/fr\/#organization\",\"name\":\"S.T.V. di Salati Giovanni & C. \u2013 S.n.c.\",\"alternateName\":\"STV Machinery\",\"url\":\"https:\/\/www.stvmachinery.it\/fr\/\",\"logo\":{\"@type\":\"ImageObject\",\"inLanguage\":\"fr-FR\",\"@id\":\"https:\/\/www.stvmachinery.it\/fr\/#\/schema\/logo\/image\/\",\"url\":\"https:\/\/www.stvmachinery.it\/wp-content\/uploads\/2021\/06\/stv-machinery-logo-positivo.png\",\"contentUrl\":\"https:\/\/www.stvmachinery.it\/wp-content\/uploads\/2021\/06\/stv-machinery-logo-positivo.png\",\"width\":481,\"height\":233,\"caption\":\"S.T.V. di Salati Giovanni & C. \u2013 S.n.c.\"},\"image\":{\"@id\":\"https:\/\/www.stvmachinery.it\/fr\/#\/schema\/logo\/image\/\"},\"sameAs\":[\"https:\/\/it.linkedin.com\/company\/stv-machinery\",\"https:\/\/www.youtube.com\/channel\/UCceMPa8POjTOmZeA2_KUoeg\"]}]}<\/script>\n<!-- \/ Yoast SEO plugin. -->","yoast_head_json":{"title":"Detecteur de metaux | STV Machinery","description":"Le d\u00e9tecteur de m\u00e9taux STV Machinery est sp\u00e9cialement con\u00e7u pour d\u00e9tecter tout corps m\u00e9tallique pr\u00e9sent dans des vases pleins et ouverts.","robots":{"index":"index","follow":"follow","max-snippet":"max-snippet:-1","max-image-preview":"max-image-preview:large","max-video-preview":"max-video-preview:-1"},"canonical":"https:\/\/www.stvmachinery.it\/fr\/macchinari\/detecteur-de-metaux\/detecteur-de-metaux\/","og_locale":"fr_FR","og_type":"article","og_title":"Detecteur de metaux | STV Machinery","og_description":"Le d\u00e9tecteur de m\u00e9taux STV Machinery est sp\u00e9cialement con\u00e7u pour d\u00e9tecter tout corps m\u00e9tallique pr\u00e9sent dans des vases pleins et ouverts.","og_url":"https:\/\/www.stvmachinery.it\/fr\/macchinari\/detecteur-de-metaux\/detecteur-de-metaux\/","og_site_name":"STV Machinery","article_modified_time":"2025-11-24T14:12:26+00:00","og_image":[{"width":1200,"height":1200,"url":"https:\/\/www.stvmachinery.it\/wp-content\/uploads\/2024\/04\/metal-detector-stv.webp","type":"image\/webp"}],"twitter_card":"summary_large_image","schema":{"@context":"https:\/\/schema.org","@graph":[{"@type":"WebPage","@id":"https:\/\/www.stvmachinery.it\/fr\/macchinari\/detecteur-de-metaux\/detecteur-de-metaux\/","url":"https:\/\/www.stvmachinery.it\/fr\/macchinari\/detecteur-de-metaux\/detecteur-de-metaux\/","name":"Detecteur de metaux | STV Machinery","isPartOf":{"@id":"https:\/\/www.stvmachinery.it\/fr\/#website"},"primaryImageOfPage":{"@id":"https:\/\/www.stvmachinery.it\/fr\/macchinari\/detecteur-de-metaux\/detecteur-de-metaux\/#primaryimage"},"image":{"@id":"https:\/\/www.stvmachinery.it\/fr\/macchinari\/detecteur-de-metaux\/detecteur-de-metaux\/#primaryimage"},"thumbnailUrl":"https:\/\/www.stvmachinery.it\/wp-content\/uploads\/2024\/04\/metal-detector-stv.webp","datePublished":"2024-04-02T13:58:50+00:00","dateModified":"2025-11-24T14:12:26+00:00","description":"Le d\u00e9tecteur de m\u00e9taux STV Machinery est sp\u00e9cialement con\u00e7u pour d\u00e9tecter tout corps m\u00e9tallique pr\u00e9sent dans des vases pleins et ouverts.","breadcrumb":{"@id":"https:\/\/www.stvmachinery.it\/fr\/macchinari\/detecteur-de-metaux\/detecteur-de-metaux\/#breadcrumb"},"inLanguage":"fr-FR","potentialAction":[{"@type":"ReadAction","target":["https:\/\/www.stvmachinery.it\/fr\/macchinari\/detecteur-de-metaux\/detecteur-de-metaux\/"]}]},{"@type":"ImageObject","inLanguage":"fr-FR","@id":"https:\/\/www.stvmachinery.it\/fr\/macchinari\/detecteur-de-metaux\/detecteur-de-metaux\/#primaryimage","url":"https:\/\/www.stvmachinery.it\/wp-content\/uploads\/2024\/04\/metal-detector-stv.webp","contentUrl":"https:\/\/www.stvmachinery.it\/wp-content\/uploads\/2024\/04\/metal-detector-stv.webp","width":1200,"height":1200},{"@type":"BreadcrumbList","@id":"https:\/\/www.stvmachinery.it\/fr\/macchinari\/detecteur-de-metaux\/detecteur-de-metaux\/#breadcrumb","itemListElement":[{"@type":"ListItem","position":1,"name":"Home","item":"https:\/\/www.stvmachinery.it\/fr\/stv-machinery\/"},{"@type":"ListItem","position":2,"name":"Machines","item":"https:\/\/www.stvmachinery.it\/fr\/machines\/"},{"@type":"ListItem","position":3,"name":"Detecteur de metaux"}]},{"@type":"WebSite","@id":"https:\/\/www.stvmachinery.it\/fr\/#website","url":"https:\/\/www.stvmachinery.it\/fr\/","name":"STV Machinery","description":"Macchine ed impianti per l\u2019industria agroalimentare e conserviera","publisher":{"@id":"https:\/\/www.stvmachinery.it\/fr\/#organization"},"potentialAction":[{"@type":"SearchAction","target":{"@type":"EntryPoint","urlTemplate":"https:\/\/www.stvmachinery.it\/fr\/?s={search_term_string}"},"query-input":"required name=search_term_string"}],"inLanguage":"fr-FR"},{"@type":"Organization","@id":"https:\/\/www.stvmachinery.it\/fr\/#organization","name":"S.T.V. di Salati Giovanni & C. \u2013 S.n.c.","alternateName":"STV Machinery","url":"https:\/\/www.stvmachinery.it\/fr\/","logo":{"@type":"ImageObject","inLanguage":"fr-FR","@id":"https:\/\/www.stvmachinery.it\/fr\/#\/schema\/logo\/image\/","url":"https:\/\/www.stvmachinery.it\/wp-content\/uploads\/2021\/06\/stv-machinery-logo-positivo.png","contentUrl":"https:\/\/www.stvmachinery.it\/wp-content\/uploads\/2021\/06\/stv-machinery-logo-positivo.png","width":481,"height":233,"caption":"S.T.V. di Salati Giovanni & C. \u2013 S.n.c."},"image":{"@id":"https:\/\/www.stvmachinery.it\/fr\/#\/schema\/logo\/image\/"},"sameAs":["https:\/\/it.linkedin.com\/company\/stv-machinery","https:\/\/www.youtube.com\/channel\/UCceMPa8POjTOmZeA2_KUoeg"]}]}},"_links":{"self":[{"href":"https:\/\/www.stvmachinery.it\/fr\/wp-json\/wp\/v2\/product\/10726","targetHints":{"allow":["GET"]}}],"collection":[{"href":"https:\/\/www.stvmachinery.it\/fr\/wp-json\/wp\/v2\/product"}],"about":[{"href":"https:\/\/www.stvmachinery.it\/fr\/wp-json\/wp\/v2\/types\/product"}],"version-history":[{"count":6,"href":"https:\/\/www.stvmachinery.it\/fr\/wp-json\/wp\/v2\/product\/10726\/revisions"}],"predecessor-version":[{"id":11308,"href":"https:\/\/www.stvmachinery.it\/fr\/wp-json\/wp\/v2\/product\/10726\/revisions\/11308"}],"wp:featuredmedia":[{"embeddable":true,"href":"https:\/\/www.stvmachinery.it\/fr\/wp-json\/wp\/v2\/media\/9350"}],"wp:attachment":[{"href":"https:\/\/www.stvmachinery.it\/fr\/wp-json\/wp\/v2\/media?parent=10726"}],"wp:term":[{"taxonomy":"product_cat","embeddable":true,"href":"https:\/\/www.stvmachinery.it\/fr\/wp-json\/wp\/v2\/product_cat?post=10726"},{"taxonomy":"product_tag","embeddable":true,"href":"https:\/\/www.stvmachinery.it\/fr\/wp-json\/wp\/v2\/product_tag?post=10726"}],"curies":[{"name":"wp","href":"https:\/\/api.w.org\/{rel}","templated":true}]}}