{"id":10764,"date":"2024-10-14T15:29:07","date_gmt":"2024-10-14T14:29:07","guid":{"rendered":"https:\/\/www.stvmachinery.it\/?post_type=product&#038;p=10764"},"modified":"2025-11-24T14:02:50","modified_gmt":"2025-11-24T13:02:50","slug":"remplisseuse-par-gravite-mod-clg","status":"publish","type":"product","link":"https:\/\/www.stvmachinery.it\/fr\/macchinari\/juteuses-a-gravite\/remplisseuse-par-gravite-mod-clg\/","title":{"rendered":"Remplisseuse par gravit\u00e9 Mod. CLG"},"content":{"rendered":"\t\t<div data-elementor-type=\"product-post\" data-elementor-id=\"10764\" class=\"elementor elementor-10764 elementor-10761\" data-elementor-post-type=\"product\">\n\t\t\t\t<div class=\"elementor-element elementor-element-46a5c91 e-flex e-con-boxed e-con e-parent\" data-id=\"46a5c91\" data-element_type=\"container\" id=\"caratteristiche\">\n\t\t\t\t\t<div class=\"e-con-inner\">\n\t\t\t\t<div class=\"elementor-element elementor-element-7aea20b elementor-widget elementor-widget-text-editor\" data-id=\"7aea20b\" data-element_type=\"widget\" data-widget_type=\"text-editor.default\">\n\t\t\t\t<div class=\"elementor-widget-container\">\n\t\t\t<style>\/*! elementor - v3.21.0 - 08-05-2024 *\/\n.elementor-widget-text-editor.elementor-drop-cap-view-stacked .elementor-drop-cap{background-color:#69727d;color:#fff}.elementor-widget-text-editor.elementor-drop-cap-view-framed .elementor-drop-cap{color:#69727d;border:3px solid;background-color:transparent}.elementor-widget-text-editor:not(.elementor-drop-cap-view-default) .elementor-drop-cap{margin-top:8px}.elementor-widget-text-editor:not(.elementor-drop-cap-view-default) .elementor-drop-cap-letter{width:1em;height:1em}.elementor-widget-text-editor .elementor-drop-cap{float:left;text-align:center;line-height:1;font-size:50px}.elementor-widget-text-editor .elementor-drop-cap-letter{display:inline-block}<\/style>\t\t\t\t<h3 class=\"product-item-title\">Fonctionnement<\/h3>\n<p>Les conteneurs, pr\u00e9alablement remplis de produit solide au moyen d&#8217;une <a href=\"https:\/\/www.stvmachinery.it\/fr\/macchinari\/remplisseuses-universelles\/table-de-remplissage-motorisee-avec-deux-convoyeurs\/\"><strong>table de remplissage motoris\u00e9e<\/strong><\/a> ou d&#8217;une <a href=\"https:\/\/www.stvmachinery.it\/fr\/macchinari\/remplisseuses-universelles\/remplisseuse-a-vibration-mod-rpn\/\"><strong>Remplisseuse \u00e0 vibration mod\u00e8le RPN <\/strong><\/a> et provenant du convoyeur, sont remplis du liquide de conservation.<br \/>Apr\u00e8s le d\u00e9marrage et les r\u00e9glages n\u00e9cessaires, la machine ne requiert aucune intervention de l&#8217;op\u00e9rateur.<\/p>\n\t\t\t\t\t\t<\/div>\n\t\t\t\t<\/div>\n\t\t\t\t\t<\/div>\n\t\t\t\t<\/div>\n\t\t<div class=\"elementor-element elementor-element-7bffd7d e-flex e-con-boxed e-con e-parent\" data-id=\"7bffd7d\" data-element_type=\"container\" data-settings=\"{&quot;background_background&quot;:&quot;classic&quot;}\">\n\t\t\t\t\t<div class=\"e-con-inner\">\n\t\t\t\t<div class=\"elementor-element elementor-element-a84dc14 elementor-widget elementor-widget-text-editor\" data-id=\"a84dc14\" data-element_type=\"widget\" data-widget_type=\"text-editor.default\">\n\t\t\t\t<div class=\"elementor-widget-container\">\n\t\t\t\t\t\t\t<h3 class=\"product-item-title\">Caract\u00e9ristiques de fabrication<\/h3>\n<ul>\n<li><strong>Structure<\/strong> de support en t\u00f4le fa\u00e7onn\u00e9e.<\/li>\n<li><strong>R\u00e9servoir<\/strong> pour le liquide de conservation.\n<\/li>\n<li><strong>Convoyeur<\/strong> \u00e0 cha\u00eene motoris\u00e9 avec variateur de vitesse et guides lat\u00e9raux r\u00e9glables pour diff\u00e9rentes tailles de r\u00e9cipients.\n<p><\/li>\n<li><strong>R\u00e9gulateur<\/strong> de niveau permettant l&#8217;alimentation automatique de la machine par une pompe ou par gravit\u00e9.\n<\/li>\n<li><strong>Serpentin<\/strong> \u00e0 vapeur avec instrumentation pour r\u00e9gler le chauffage du liquide de conservation.<\/li>\n<li><strong>Pompe<\/strong> avec filtre d\u2019aspiration envoyant le liquide directement au collecteur de remplissage.<\/li>\n<li><strong>Collecteur de remplissage<\/strong> r\u00e9glable en hauteur selon les diff\u00e9rentes tailles de r\u00e9cipients.<\/li>\n<li><strong>R\u00e9glages<\/strong> ajustables pour travailler avec divers formats.<\/li>\n<li>Tunnel de <strong>protection<\/strong> constitu\u00e9 d&#8217;une t\u00f4le caissonn\u00e9e qui entoure le collecteur de remplissage.<\/li>\n<li><strong>Tableau \u00e9lectrique<\/strong> de commande.<\/li>\n<li>Fabrication en acier inox AISI 304, sauf quelques parties qui sont en mat\u00e9riel diff\u00e9rent apte \u00e0 leur bon fonctionnement.<\/li>\n<\/ul>\n\t\t\t\t\t\t<\/div>\n\t\t\t\t<\/div>\n\t\t\t\t\t<\/div>\n\t\t\t\t<\/div>\n\t\t<div class=\"elementor-element elementor-element-29845a2 e-flex e-con-boxed e-con e-parent\" data-id=\"29845a2\" data-element_type=\"container\" data-settings=\"{&quot;background_background&quot;:&quot;classic&quot;}\">\n\t\t\t\t\t<div class=\"e-con-inner\">\n\t\t\t\t<div class=\"elementor-element elementor-element-a16b40d elementor-widget elementor-widget-heading\" data-id=\"a16b40d\" data-element_type=\"widget\" data-widget_type=\"heading.default\">\n\t\t\t\t<div class=\"elementor-widget-container\">\n\t\t\t<style>\/*! elementor - v3.21.0 - 08-05-2024 *\/\n.elementor-heading-title{padding:0;margin:0;line-height:1}.elementor-widget-heading .elementor-heading-title[class*=elementor-size-]>a{color:inherit;font-size:inherit;line-height:inherit}.elementor-widget-heading .elementor-heading-title.elementor-size-small{font-size:15px}.elementor-widget-heading .elementor-heading-title.elementor-size-medium{font-size:19px}.elementor-widget-heading .elementor-heading-title.elementor-size-large{font-size:29px}.elementor-widget-heading .elementor-heading-title.elementor-size-xl{font-size:39px}.elementor-widget-heading .elementor-heading-title.elementor-size-xxl{font-size:59px}<\/style><h4 class=\"elementor-heading-title elementor-size-default\">Mod\u00e8les disponibles<\/h4>\t\t<\/div>\n\t\t\t\t<\/div>\n\t\t\t\t<div class=\"elementor-element elementor-element-f61d320 elementor-widget elementor-widget-text-editor\" data-id=\"f61d320\" data-element_type=\"widget\" data-widget_type=\"text-editor.default\">\n\t\t\t\t<div class=\"elementor-widget-container\">\n\t\t\t\t\t\t\t<p>Les remplisseuses par gravit\u00e9 de la gamme CLG sont disponibles dans les mod\u00e8les suivants :<\/p>\n<ul>\n<li><strong>Mod. CLG150 <\/strong> ayant une capacit\u00e9 d&#8217;environ 8 000 contenants\/heure de 314 ml \u00d8 67 mm<\/li>\n<li><strong>Mod. CLG700 <\/strong> ayant une capacit\u00e9 d&#8217;environ 36 000 contenants\/heure de 314 ml \u00d8 67 mm<\/li>\n<\/ul>\n\t\t\t\t\t\t<\/div>\n\t\t\t\t<\/div>\n\t\t\t\t\t<\/div>\n\t\t\t\t<\/div>\n\t\t<div class=\"elementor-element elementor-element-6db0687 e-flex e-con-boxed e-con e-parent\" data-id=\"6db0687\" data-element_type=\"container\" data-settings=\"{&quot;background_background&quot;:&quot;classic&quot;}\">\n\t\t\t\t\t<div class=\"e-con-inner\">\n\t\t\t\t<div class=\"elementor-element elementor-element-caadbbd elementor-widget elementor-widget-heading\" data-id=\"caadbbd\" data-element_type=\"widget\" data-widget_type=\"heading.default\">\n\t\t\t\t<div class=\"elementor-widget-container\">\n\t\t\t<h4 class=\"elementor-heading-title elementor-size-default\">Donn\u00e9es techniques<\/h4>\t\t<\/div>\n\t\t\t\t<\/div>\n\t\t\t\t<div class=\"elementor-element elementor-element-b66fe22 elementor-widget elementor-widget-ld_table\" data-id=\"b66fe22\" data-element_type=\"widget\" data-widget_type=\"ld_table.default\">\n\t\t\t\t<div class=\"elementor-widget-container\">\n\t\t\t<table><tr><td class=\"elementor-repeater-item-510be3e\">Longueur<\/td><td class=\"elementor-repeater-item-721abc6\">De 3.000 mm \u00e0 7.350 mm<\/td><\/tr><tr><td class=\"elementor-repeater-item-37c0e5b\">Largeur<\/td><td class=\"elementor-repeater-item-6409f1a\">Environ 780 mm (tous les mod\u00e8les)<\/td><\/tr><tr><td class=\"elementor-repeater-item-d918673\">Puissance install\u00e9e<\/td><td class=\"elementor-repeater-item-3ab17d1\">Selon le mod\u00e8le<\/td><\/tr><\/table>\t\t<\/div>\n\t\t\t\t<\/div>\n\t\t\t\t\t<\/div>\n\t\t\t\t<\/div>\n\t\t\t\t<\/div>\n\t\t","protected":false},"excerpt":{"rendered":"<p>Con\u00e7ue pour le remplissage de liquides tels que la saumure et les m\u00e9langes d\u2019eau, de sel et de vinaigre dans des bocaux en verre et des bo\u00eetes m\u00e9talliques contenant des produits solides comme le poisson, les olives, les poivrons, les c\u00e2pres, les artichauts, les pois, les haricots, et plus encore.<\/p>\n<p><a class=\"pulsanterosso\" href=\"#caratteristiche\">Caract\u00e9ristiques techniques<\/a><\/p>\n","protected":false},"featured_media":10768,"template":"","meta":{"inline_featured_image":false},"product_cat":[143],"product_tag":[],"class_list":{"0":"post-10764","1":"product","2":"type-product","3":"status-publish","4":"has-post-thumbnail","6":"product_cat-juteuses-a-gravite","7":"pa_applicazione-produits-solides","8":"pa_funzionamento-automatique","9":"pa_settore-alimentaire","11":"first","12":"instock","13":"shipping-taxable","14":"product-type-simple"},"yoast_head":"<!-- This site is optimized with the Yoast SEO plugin v22.7 - https:\/\/yoast.com\/wordpress\/plugins\/seo\/ -->\n<title>Remplisseuse par gravit\u00e9 Mod. CLG | STV Machinery<\/title>\n<meta name=\"description\" content=\"La remplisseuse par gravit\u00e9 CLG remplit les pots et les bo\u00eetes contenant des produits solides avec des liquides de couverture.\" \/>\n<meta name=\"robots\" content=\"index, follow, max-snippet:-1, max-image-preview:large, max-video-preview:-1\" \/>\n<link rel=\"canonical\" href=\"https:\/\/www.stvmachinery.it\/fr\/macchinari\/juteuses-a-gravite\/remplisseuse-par-gravite-mod-clg\/\" \/>\n<meta property=\"og:locale\" content=\"fr_FR\" \/>\n<meta property=\"og:type\" content=\"article\" \/>\n<meta property=\"og:title\" content=\"Remplisseuse par gravit\u00e9 Mod. CLG | STV Machinery\" \/>\n<meta property=\"og:description\" content=\"La remplisseuse par gravit\u00e9 CLG remplit les pots et les bo\u00eetes contenant des produits solides avec des liquides de couverture.\" \/>\n<meta property=\"og:url\" content=\"https:\/\/www.stvmachinery.it\/fr\/macchinari\/juteuses-a-gravite\/remplisseuse-par-gravite-mod-clg\/\" \/>\n<meta property=\"og:site_name\" content=\"STV Machinery\" \/>\n<meta property=\"article:modified_time\" content=\"2025-11-24T13:02:50+00:00\" \/>\n<meta property=\"og:image\" content=\"https:\/\/www.stvmachinery.it\/wp-content\/uploads\/2024\/10\/Colmatrice-a-Gravita-CLG.webp\" \/>\n\t<meta property=\"og:image:width\" content=\"1200\" \/>\n\t<meta property=\"og:image:height\" content=\"1200\" \/>\n\t<meta property=\"og:image:type\" content=\"image\/webp\" \/>\n<meta name=\"twitter:card\" content=\"summary_large_image\" \/>\n<script type=\"application\/ld+json\" class=\"yoast-schema-graph\">{\"@context\":\"https:\/\/schema.org\",\"@graph\":[{\"@type\":\"WebPage\",\"@id\":\"https:\/\/www.stvmachinery.it\/fr\/macchinari\/juteuses-a-gravite\/remplisseuse-par-gravite-mod-clg\/\",\"url\":\"https:\/\/www.stvmachinery.it\/fr\/macchinari\/juteuses-a-gravite\/remplisseuse-par-gravite-mod-clg\/\",\"name\":\"Remplisseuse par gravit\u00e9 Mod. CLG | STV Machinery\",\"isPartOf\":{\"@id\":\"https:\/\/www.stvmachinery.it\/fr\/#website\"},\"primaryImageOfPage\":{\"@id\":\"https:\/\/www.stvmachinery.it\/fr\/macchinari\/juteuses-a-gravite\/remplisseuse-par-gravite-mod-clg\/#primaryimage\"},\"image\":{\"@id\":\"https:\/\/www.stvmachinery.it\/fr\/macchinari\/juteuses-a-gravite\/remplisseuse-par-gravite-mod-clg\/#primaryimage\"},\"thumbnailUrl\":\"https:\/\/www.stvmachinery.it\/wp-content\/uploads\/2024\/10\/Colmatrice-a-Gravita-CLG.webp\",\"datePublished\":\"2024-10-14T14:29:07+00:00\",\"dateModified\":\"2025-11-24T13:02:50+00:00\",\"description\":\"La remplisseuse par gravit\u00e9 CLG remplit les pots et les bo\u00eetes contenant des produits solides avec des liquides de couverture.\",\"breadcrumb\":{\"@id\":\"https:\/\/www.stvmachinery.it\/fr\/macchinari\/juteuses-a-gravite\/remplisseuse-par-gravite-mod-clg\/#breadcrumb\"},\"inLanguage\":\"fr-FR\",\"potentialAction\":[{\"@type\":\"ReadAction\",\"target\":[\"https:\/\/www.stvmachinery.it\/fr\/macchinari\/juteuses-a-gravite\/remplisseuse-par-gravite-mod-clg\/\"]}]},{\"@type\":\"ImageObject\",\"inLanguage\":\"fr-FR\",\"@id\":\"https:\/\/www.stvmachinery.it\/fr\/macchinari\/juteuses-a-gravite\/remplisseuse-par-gravite-mod-clg\/#primaryimage\",\"url\":\"https:\/\/www.stvmachinery.it\/wp-content\/uploads\/2024\/10\/Colmatrice-a-Gravita-CLG.webp\",\"contentUrl\":\"https:\/\/www.stvmachinery.it\/wp-content\/uploads\/2024\/10\/Colmatrice-a-Gravita-CLG.webp\",\"width\":1200,\"height\":1200},{\"@type\":\"BreadcrumbList\",\"@id\":\"https:\/\/www.stvmachinery.it\/fr\/macchinari\/juteuses-a-gravite\/remplisseuse-par-gravite-mod-clg\/#breadcrumb\",\"itemListElement\":[{\"@type\":\"ListItem\",\"position\":1,\"name\":\"Home\",\"item\":\"https:\/\/www.stvmachinery.it\/fr\/stv-machinery\/\"},{\"@type\":\"ListItem\",\"position\":2,\"name\":\"Machines\",\"item\":\"https:\/\/www.stvmachinery.it\/fr\/machines\/\"},{\"@type\":\"ListItem\",\"position\":3,\"name\":\"Remplisseuse par gravit\u00e9 Mod. CLG\"}]},{\"@type\":\"WebSite\",\"@id\":\"https:\/\/www.stvmachinery.it\/fr\/#website\",\"url\":\"https:\/\/www.stvmachinery.it\/fr\/\",\"name\":\"STV Machinery\",\"description\":\"Macchine ed impianti per l\u2019industria agroalimentare e conserviera\",\"publisher\":{\"@id\":\"https:\/\/www.stvmachinery.it\/fr\/#organization\"},\"potentialAction\":[{\"@type\":\"SearchAction\",\"target\":{\"@type\":\"EntryPoint\",\"urlTemplate\":\"https:\/\/www.stvmachinery.it\/fr\/?s={search_term_string}\"},\"query-input\":\"required name=search_term_string\"}],\"inLanguage\":\"fr-FR\"},{\"@type\":\"Organization\",\"@id\":\"https:\/\/www.stvmachinery.it\/fr\/#organization\",\"name\":\"S.T.V. di Salati Giovanni & C. \u2013 S.n.c.\",\"alternateName\":\"STV Machinery\",\"url\":\"https:\/\/www.stvmachinery.it\/fr\/\",\"logo\":{\"@type\":\"ImageObject\",\"inLanguage\":\"fr-FR\",\"@id\":\"https:\/\/www.stvmachinery.it\/fr\/#\/schema\/logo\/image\/\",\"url\":\"https:\/\/www.stvmachinery.it\/wp-content\/uploads\/2021\/06\/stv-machinery-logo-positivo.png\",\"contentUrl\":\"https:\/\/www.stvmachinery.it\/wp-content\/uploads\/2021\/06\/stv-machinery-logo-positivo.png\",\"width\":481,\"height\":233,\"caption\":\"S.T.V. di Salati Giovanni & C. \u2013 S.n.c.\"},\"image\":{\"@id\":\"https:\/\/www.stvmachinery.it\/fr\/#\/schema\/logo\/image\/\"},\"sameAs\":[\"https:\/\/it.linkedin.com\/company\/stv-machinery\",\"https:\/\/www.youtube.com\/channel\/UCceMPa8POjTOmZeA2_KUoeg\"]}]}<\/script>\n<!-- \/ Yoast SEO plugin. -->","yoast_head_json":{"title":"Remplisseuse par gravit\u00e9 Mod. CLG | STV Machinery","description":"La remplisseuse par gravit\u00e9 CLG remplit les pots et les bo\u00eetes contenant des produits solides avec des liquides de couverture.","robots":{"index":"index","follow":"follow","max-snippet":"max-snippet:-1","max-image-preview":"max-image-preview:large","max-video-preview":"max-video-preview:-1"},"canonical":"https:\/\/www.stvmachinery.it\/fr\/macchinari\/juteuses-a-gravite\/remplisseuse-par-gravite-mod-clg\/","og_locale":"fr_FR","og_type":"article","og_title":"Remplisseuse par gravit\u00e9 Mod. CLG | STV Machinery","og_description":"La remplisseuse par gravit\u00e9 CLG remplit les pots et les bo\u00eetes contenant des produits solides avec des liquides de couverture.","og_url":"https:\/\/www.stvmachinery.it\/fr\/macchinari\/juteuses-a-gravite\/remplisseuse-par-gravite-mod-clg\/","og_site_name":"STV Machinery","article_modified_time":"2025-11-24T13:02:50+00:00","og_image":[{"width":1200,"height":1200,"url":"https:\/\/www.stvmachinery.it\/wp-content\/uploads\/2024\/10\/Colmatrice-a-Gravita-CLG.webp","type":"image\/webp"}],"twitter_card":"summary_large_image","schema":{"@context":"https:\/\/schema.org","@graph":[{"@type":"WebPage","@id":"https:\/\/www.stvmachinery.it\/fr\/macchinari\/juteuses-a-gravite\/remplisseuse-par-gravite-mod-clg\/","url":"https:\/\/www.stvmachinery.it\/fr\/macchinari\/juteuses-a-gravite\/remplisseuse-par-gravite-mod-clg\/","name":"Remplisseuse par gravit\u00e9 Mod. CLG | STV Machinery","isPartOf":{"@id":"https:\/\/www.stvmachinery.it\/fr\/#website"},"primaryImageOfPage":{"@id":"https:\/\/www.stvmachinery.it\/fr\/macchinari\/juteuses-a-gravite\/remplisseuse-par-gravite-mod-clg\/#primaryimage"},"image":{"@id":"https:\/\/www.stvmachinery.it\/fr\/macchinari\/juteuses-a-gravite\/remplisseuse-par-gravite-mod-clg\/#primaryimage"},"thumbnailUrl":"https:\/\/www.stvmachinery.it\/wp-content\/uploads\/2024\/10\/Colmatrice-a-Gravita-CLG.webp","datePublished":"2024-10-14T14:29:07+00:00","dateModified":"2025-11-24T13:02:50+00:00","description":"La remplisseuse par gravit\u00e9 CLG remplit les pots et les bo\u00eetes contenant des produits solides avec des liquides de couverture.","breadcrumb":{"@id":"https:\/\/www.stvmachinery.it\/fr\/macchinari\/juteuses-a-gravite\/remplisseuse-par-gravite-mod-clg\/#breadcrumb"},"inLanguage":"fr-FR","potentialAction":[{"@type":"ReadAction","target":["https:\/\/www.stvmachinery.it\/fr\/macchinari\/juteuses-a-gravite\/remplisseuse-par-gravite-mod-clg\/"]}]},{"@type":"ImageObject","inLanguage":"fr-FR","@id":"https:\/\/www.stvmachinery.it\/fr\/macchinari\/juteuses-a-gravite\/remplisseuse-par-gravite-mod-clg\/#primaryimage","url":"https:\/\/www.stvmachinery.it\/wp-content\/uploads\/2024\/10\/Colmatrice-a-Gravita-CLG.webp","contentUrl":"https:\/\/www.stvmachinery.it\/wp-content\/uploads\/2024\/10\/Colmatrice-a-Gravita-CLG.webp","width":1200,"height":1200},{"@type":"BreadcrumbList","@id":"https:\/\/www.stvmachinery.it\/fr\/macchinari\/juteuses-a-gravite\/remplisseuse-par-gravite-mod-clg\/#breadcrumb","itemListElement":[{"@type":"ListItem","position":1,"name":"Home","item":"https:\/\/www.stvmachinery.it\/fr\/stv-machinery\/"},{"@type":"ListItem","position":2,"name":"Machines","item":"https:\/\/www.stvmachinery.it\/fr\/machines\/"},{"@type":"ListItem","position":3,"name":"Remplisseuse par gravit\u00e9 Mod. CLG"}]},{"@type":"WebSite","@id":"https:\/\/www.stvmachinery.it\/fr\/#website","url":"https:\/\/www.stvmachinery.it\/fr\/","name":"STV Machinery","description":"Macchine ed impianti per l\u2019industria agroalimentare e conserviera","publisher":{"@id":"https:\/\/www.stvmachinery.it\/fr\/#organization"},"potentialAction":[{"@type":"SearchAction","target":{"@type":"EntryPoint","urlTemplate":"https:\/\/www.stvmachinery.it\/fr\/?s={search_term_string}"},"query-input":"required name=search_term_string"}],"inLanguage":"fr-FR"},{"@type":"Organization","@id":"https:\/\/www.stvmachinery.it\/fr\/#organization","name":"S.T.V. di Salati Giovanni & C. \u2013 S.n.c.","alternateName":"STV Machinery","url":"https:\/\/www.stvmachinery.it\/fr\/","logo":{"@type":"ImageObject","inLanguage":"fr-FR","@id":"https:\/\/www.stvmachinery.it\/fr\/#\/schema\/logo\/image\/","url":"https:\/\/www.stvmachinery.it\/wp-content\/uploads\/2021\/06\/stv-machinery-logo-positivo.png","contentUrl":"https:\/\/www.stvmachinery.it\/wp-content\/uploads\/2021\/06\/stv-machinery-logo-positivo.png","width":481,"height":233,"caption":"S.T.V. di Salati Giovanni & C. \u2013 S.n.c."},"image":{"@id":"https:\/\/www.stvmachinery.it\/fr\/#\/schema\/logo\/image\/"},"sameAs":["https:\/\/it.linkedin.com\/company\/stv-machinery","https:\/\/www.youtube.com\/channel\/UCceMPa8POjTOmZeA2_KUoeg"]}]}},"_links":{"self":[{"href":"https:\/\/www.stvmachinery.it\/fr\/wp-json\/wp\/v2\/product\/10764","targetHints":{"allow":["GET"]}}],"collection":[{"href":"https:\/\/www.stvmachinery.it\/fr\/wp-json\/wp\/v2\/product"}],"about":[{"href":"https:\/\/www.stvmachinery.it\/fr\/wp-json\/wp\/v2\/types\/product"}],"version-history":[{"count":19,"href":"https:\/\/www.stvmachinery.it\/fr\/wp-json\/wp\/v2\/product\/10764\/revisions"}],"predecessor-version":[{"id":11248,"href":"https:\/\/www.stvmachinery.it\/fr\/wp-json\/wp\/v2\/product\/10764\/revisions\/11248"}],"wp:featuredmedia":[{"embeddable":true,"href":"https:\/\/www.stvmachinery.it\/fr\/wp-json\/wp\/v2\/media\/10768"}],"wp:attachment":[{"href":"https:\/\/www.stvmachinery.it\/fr\/wp-json\/wp\/v2\/media?parent=10764"}],"wp:term":[{"taxonomy":"product_cat","embeddable":true,"href":"https:\/\/www.stvmachinery.it\/fr\/wp-json\/wp\/v2\/product_cat?post=10764"},{"taxonomy":"product_tag","embeddable":true,"href":"https:\/\/www.stvmachinery.it\/fr\/wp-json\/wp\/v2\/product_tag?post=10764"}],"curies":[{"name":"wp","href":"https:\/\/api.w.org\/{rel}","templated":true}]}}