{"id":10850,"date":"2024-10-18T15:35:09","date_gmt":"2024-10-18T14:35:09","guid":{"rendered":"https:\/\/www.stvmachinery.it\/macchinari\/non%20class\u00e9\/tamponneur-rotatif-mod-tr\/"},"modified":"2025-12-12T10:35:39","modified_gmt":"2025-12-12T09:35:39","slug":"tamponneur-rotatif-mod-tr","status":"publish","type":"product","link":"https:\/\/www.stvmachinery.it\/fr\/macchinari\/tamponneurs\/tamponneur-rotatif-mod-tr\/","title":{"rendered":"Tamponneur Rotatif Mod. TR"},"content":{"rendered":"\t\t<div data-elementor-type=\"product-post\" data-elementor-id=\"10850\" class=\"elementor elementor-10850 elementor-10799\" data-elementor-post-type=\"product\">\n\t\t\t\t<div class=\"elementor-element elementor-element-7b99658 e-flex e-con-boxed e-con e-parent\" data-id=\"7b99658\" data-element_type=\"container\">\n\t\t\t\t\t<div class=\"e-con-inner\">\n\t\t\t\t<div class=\"elementor-element elementor-element-bd65d14 elementor-widget elementor-widget-video\" data-id=\"bd65d14\" data-element_type=\"widget\" data-settings=\"{&quot;youtube_url&quot;:&quot;https:\\\/\\\/youtu.be\\\/ZXU7FIbTcAE?feature=shared&quot;,&quot;end&quot;:95,&quot;video_type&quot;:&quot;youtube&quot;,&quot;controls&quot;:&quot;yes&quot;}\" data-widget_type=\"video.default\">\n\t\t\t\t<div class=\"elementor-widget-container\">\n\t\t\t<style>\/*! elementor - v3.21.0 - 08-05-2024 *\/\n.elementor-widget-video .elementor-widget-container{overflow:hidden;transform:translateZ(0)}.elementor-widget-video .elementor-wrapper{aspect-ratio:var(--video-aspect-ratio)}.elementor-widget-video .elementor-wrapper iframe,.elementor-widget-video .elementor-wrapper video{height:100%;width:100%;display:flex;border:none;background-color:#000}@supports not (aspect-ratio:1\/1){.elementor-widget-video .elementor-wrapper{position:relative;overflow:hidden;height:0;padding-bottom:calc(100% \/ var(--video-aspect-ratio))}.elementor-widget-video .elementor-wrapper iframe,.elementor-widget-video .elementor-wrapper video{position:absolute;top:0;right:0;bottom:0;left:0}}.elementor-widget-video .elementor-open-inline .elementor-custom-embed-image-overlay{position:absolute;top:0;right:0;bottom:0;left:0;background-size:cover;background-position:50%}.elementor-widget-video .elementor-custom-embed-image-overlay{cursor:pointer;text-align:center}.elementor-widget-video .elementor-custom-embed-image-overlay:hover .elementor-custom-embed-play i{opacity:1}.elementor-widget-video .elementor-custom-embed-image-overlay img{display:block;width:100%;aspect-ratio:var(--video-aspect-ratio);-o-object-fit:cover;object-fit:cover;-o-object-position:center center;object-position:center center}@supports not (aspect-ratio:1\/1){.elementor-widget-video .elementor-custom-embed-image-overlay{position:relative;overflow:hidden;height:0;padding-bottom:calc(100% \/ var(--video-aspect-ratio))}.elementor-widget-video .elementor-custom-embed-image-overlay img{position:absolute;top:0;right:0;bottom:0;left:0}}.elementor-widget-video .e-hosted-video .elementor-video{-o-object-fit:cover;object-fit:cover}.e-con-inner>.elementor-widget-video,.e-con>.elementor-widget-video{width:var(--container-widget-width);--flex-grow:var(--container-widget-flex-grow)}<\/style>\t\t<div class=\"elementor-wrapper elementor-open-inline\">\n\t\t\t<div class=\"elementor-video\"><\/div>\t\t<\/div>\n\t\t\t\t<\/div>\n\t\t\t\t<\/div>\n\t\t\t\t<div class=\"elementor-element elementor-element-1180990 elementor-widget elementor-widget-video\" data-id=\"1180990\" data-element_type=\"widget\" data-settings=\"{&quot;youtube_url&quot;:&quot;https:\\\/\\\/youtu.be\\\/x1GS8yKaaP0&quot;,&quot;video_type&quot;:&quot;youtube&quot;,&quot;controls&quot;:&quot;yes&quot;}\" data-widget_type=\"video.default\">\n\t\t\t\t<div class=\"elementor-widget-container\">\n\t\t\t\t\t<div class=\"elementor-wrapper elementor-open-inline\">\n\t\t\t<div class=\"elementor-video\"><\/div>\t\t<\/div>\n\t\t\t\t<\/div>\n\t\t\t\t<\/div>\n\t\t\t\t\t<\/div>\n\t\t\t\t<\/div>\n\t\t<div class=\"elementor-element elementor-element-014dfe8 e-flex e-con-boxed e-con e-parent\" data-id=\"014dfe8\" data-element_type=\"container\">\n\t\t\t\t\t<div class=\"e-con-inner\">\n\t\t\t\t<div class=\"elementor-element elementor-element-6ad8115 elementor-widget elementor-widget-text-editor\" data-id=\"6ad8115\" data-element_type=\"widget\" data-widget_type=\"text-editor.default\">\n\t\t\t\t<div class=\"elementor-widget-container\">\n\t\t\t<style>\/*! elementor - v3.21.0 - 08-05-2024 *\/\n.elementor-widget-text-editor.elementor-drop-cap-view-stacked .elementor-drop-cap{background-color:#69727d;color:#fff}.elementor-widget-text-editor.elementor-drop-cap-view-framed .elementor-drop-cap{color:#69727d;border:3px solid;background-color:transparent}.elementor-widget-text-editor:not(.elementor-drop-cap-view-default) .elementor-drop-cap{margin-top:8px}.elementor-widget-text-editor:not(.elementor-drop-cap-view-default) .elementor-drop-cap-letter{width:1em;height:1em}.elementor-widget-text-editor .elementor-drop-cap{float:left;text-align:center;line-height:1;font-size:50px}.elementor-widget-text-editor .elementor-drop-cap-letter{display:inline-block}<\/style>\t\t\t\t<h3 class=\"product-item-title\">Fonctionnement<\/h3>\n<p>Les conteneurs, pr\u00e9alablement remplis de produit solide au moyen d&#8217;une <strong>table de remplissage motoris\u00e9e<\/strong> ou d&#8217;une <strong>Remplisseuse \u00e0 vibration mod\u00e8le RPN <\/strong> et sont positionn\u00e9s sous les t\u00eates de pressage.<\/p>\n<p>\u00c0 ce stade, le <strong>produit<\/strong> qui d\u00e9borde du r\u00e9cipient est <strong>enferm\u00e9 dans le corps de la t\u00eate de pressage<\/strong> \u00e0 l&#8217;aide d&#8217;un tambour rotatif.<\/p>\n<p>Ensuite, le dispositif de pressage sup\u00e9rieur, \u00e0 l\u2019aide d&#8217;un cylindre pneumatique, descend et se place sur le produit, d\u00e9marrant ainsi la phase de <strong>pressage<\/strong> du produit \u00e0 l&#8217;int\u00e9rieur du r\u00e9cipient.<\/p>\n<p>Une fois cette op\u00e9ration <strong>termin\u00e9e<\/strong>, les <strong>r\u00e9cipients<\/strong> sont <strong>transf\u00e9r\u00e9s<\/strong> aux <strong>machines<\/strong> <strong>suivantes<\/strong>.<\/p>\n<p><strong>Changement rapide<\/strong> de l\u2019\u00e9quipement pour des r\u00e9cipients de diff\u00e9rents diam\u00e8tres et hauteurs.<\/p>\n\t\t\t\t\t\t<\/div>\n\t\t\t\t<\/div>\n\t\t\t\t\t<\/div>\n\t\t\t\t<\/div>\n\t\t<div class=\"elementor-element elementor-element-15da6d6 e-flex e-con-boxed e-con e-parent\" data-id=\"15da6d6\" data-element_type=\"container\" id=\"caratteristiche\" data-settings=\"{&quot;background_background&quot;:&quot;classic&quot;}\">\n\t\t\t\t\t<div class=\"e-con-inner\">\n\t\t\t\t<div class=\"elementor-element elementor-element-d6f2e98 elementor-widget elementor-widget-text-editor\" data-id=\"d6f2e98\" data-element_type=\"widget\" data-widget_type=\"text-editor.default\">\n\t\t\t\t<div class=\"elementor-widget-container\">\n\t\t\t\t\t\t\t<h3 class=\"product-item-title\">Caract\u00e9ristiques de fabrication<\/h3>\n<ul>\n<li><strong>Base<\/strong> avec plaque de support en acier au carbone, structure et couverture totale avec des portes d&#8217;inspection en acier inoxydable.\n<\/li>\n<li><strong>Colonne<\/strong> centrale.\n<\/li>\n<li><strong>Carrousel<\/strong> sup\u00e9rieur.<\/li>\n<li><strong>Collecteur<\/strong> central pour la distribution de l&#8217;air aux cylindres pneumatiques.<\/li>\n<li><strong>Croisillon<\/strong> fix\u00e9 au collecteur central.<\/li>\n<li><strong>T\u00eates<\/strong> de pressage.<\/li>\n<li>No. 01 <strong>\u00c9quipement<\/strong> standard pour un format de conteneurs<\/li>\n<li>Syst\u00e8me de <strong>protection de s\u00e9curit\u00e9<\/strong> selon les normes CE.<\/li>\n<li><strong>Tableau \u00e9lectrique<\/strong> de commande.<\/li>\n<li><strong>Panneau<\/strong> op\u00e9rateur \u00e0 \u00e9cran tactile de 7\u201d<\/li>\n<li>Fabrication en acier inox AISI 304, sauf quelques parties qui sont en mat\u00e9riel diff\u00e9rent apte \u00e0 leur bon fonctionnement.<\/li>\n<\/ul>\n\t\t\t\t\t\t<\/div>\n\t\t\t\t<\/div>\n\t\t\t\t<div class=\"elementor-element elementor-element-862848b elementor-widget elementor-widget-text-editor\" data-id=\"862848b\" data-element_type=\"widget\" data-widget_type=\"text-editor.default\">\n\t\t\t\t<div class=\"elementor-widget-container\">\n\t\t\t\t\t\t\t<\/p>\n<h3 class=\"product-item-title\">Optionnels<\/h3>\n<p>Version avec <strong>Tampons Rotoaxiaux<\/strong> \u00e9quip\u00e9e d\u2019un tambour rotatif avec profil sp\u00e9cial.<\/p>\n\t\t\t\t\t\t<\/div>\n\t\t\t\t<\/div>\n\t\t\t\t\t<\/div>\n\t\t\t\t<\/div>\n\t\t<div class=\"elementor-element elementor-element-7ad7bed e-flex e-con-boxed e-con e-parent\" data-id=\"7ad7bed\" data-element_type=\"container\" data-settings=\"{&quot;background_background&quot;:&quot;classic&quot;}\">\n\t\t\t\t\t<div class=\"e-con-inner\">\n\t\t\t\t<div class=\"elementor-element elementor-element-c319856 elementor-widget elementor-widget-heading\" data-id=\"c319856\" data-element_type=\"widget\" data-widget_type=\"heading.default\">\n\t\t\t\t<div class=\"elementor-widget-container\">\n\t\t\t<style>\/*! elementor - v3.21.0 - 08-05-2024 *\/\n.elementor-heading-title{padding:0;margin:0;line-height:1}.elementor-widget-heading .elementor-heading-title[class*=elementor-size-]>a{color:inherit;font-size:inherit;line-height:inherit}.elementor-widget-heading .elementor-heading-title.elementor-size-small{font-size:15px}.elementor-widget-heading .elementor-heading-title.elementor-size-medium{font-size:19px}.elementor-widget-heading .elementor-heading-title.elementor-size-large{font-size:29px}.elementor-widget-heading .elementor-heading-title.elementor-size-xl{font-size:39px}.elementor-widget-heading .elementor-heading-title.elementor-size-xxl{font-size:59px}<\/style><h4 class=\"elementor-heading-title elementor-size-default\">Donn\u00e9es techniques<\/h4>\t\t<\/div>\n\t\t\t\t<\/div>\n\t\t\t\t<div class=\"elementor-element elementor-element-d99c7a2 elementor-widget elementor-widget-ld_table\" data-id=\"d99c7a2\" data-element_type=\"widget\" data-widget_type=\"ld_table.default\">\n\t\t\t\t<div class=\"elementor-widget-container\">\n\t\t\t<table><tr><td class=\"elementor-repeater-item-510be3e\">Longueur<\/td><td class=\"elementor-repeater-item-721abc6\">3.000 mm (tous les mod\u00e8les)<\/td><\/tr><tr><td class=\"elementor-repeater-item-37c0e5b\">Largeur<\/td><td class=\"elementor-repeater-item-6409f1a\">de 1.100 \u00e0 1.600 mm max.<\/td><\/tr><tr><td class=\"elementor-repeater-item-d918673\">Puissance install\u00e9e<\/td><td class=\"elementor-repeater-item-3ab17d1\">environ 2,50 kW<\/td><\/tr><\/table>\t\t<\/div>\n\t\t\t\t<\/div>\n\t\t\t\t\t<\/div>\n\t\t\t\t<\/div>\n\t\t\t\t<\/div>\n\t\t","protected":false},"excerpt":{"rendered":"<p>Le tamponneur rotatif est con\u00e7u pour <strong>pousser \u00e0 l\u2019int\u00e9rieur des r\u00e9cipients les l\u00e9gumes et les morceaux de fruits<\/strong>, tels que poivrons, cornichons, asperges, qui d\u00e9bordent de la bouche des bocaux en verre et des bo\u00eetes m\u00e9talliques, de fa\u00e7on \u00e0 faciliter les operations de <strong>remplissage avec le liquide de conservation et la fermeture des r\u00e9cipients<\/strong>. <\/p>\n<p><a class=\"pulsanterosso\" href=\"#caratteristiche\" data-cmp-ab=\"2\">Caract\u00e9ristiques techniques<\/a><\/p>\n","protected":false},"featured_media":10803,"template":"","meta":{"inline_featured_image":false},"product_cat":[144],"product_tag":[],"class_list":{"0":"post-10850","1":"product","2":"type-product","3":"status-publish","4":"has-post-thumbnail","6":"product_cat-tamponneurs","7":"pa_applicazione-contenants-pleins","8":"pa_funzionamento-automatique","9":"pa_settore-alimentaire","11":"first","12":"instock","13":"shipping-taxable","14":"product-type-simple"},"yoast_head":"<!-- This site is optimized with the Yoast SEO plugin v22.7 - https:\/\/yoast.com\/wordpress\/plugins\/seo\/ -->\n<title>Tamponneur Rotatif Mod. TR | STV Machinery<\/title>\n<meta name=\"description\" content=\"Le tamponneur rotatif est con\u00e7u pour pousser \u00e0 l\u2019int\u00e9rieur des r\u00e9cipients les l\u00e9gumes et les morceaux de fruits, tels que poivrons, cornichons, asperges, qui d\u00e9bordent de la bouche des bocaux en verre et des bo\u00eetes m\u00e9talliques.\" \/>\n<meta name=\"robots\" content=\"index, follow, max-snippet:-1, max-image-preview:large, max-video-preview:-1\" \/>\n<link rel=\"canonical\" href=\"https:\/\/www.stvmachinery.it\/fr\/macchinari\/tamponneurs\/tamponneur-rotatif-mod-tr\/\" \/>\n<meta property=\"og:locale\" content=\"fr_FR\" \/>\n<meta property=\"og:type\" content=\"article\" \/>\n<meta property=\"og:title\" content=\"Tamponneur Rotatif Mod. TR | STV Machinery\" \/>\n<meta property=\"og:description\" content=\"Le tamponneur rotatif est con\u00e7u pour pousser \u00e0 l\u2019int\u00e9rieur des r\u00e9cipients les l\u00e9gumes et les morceaux de fruits, tels que poivrons, cornichons, asperges, qui d\u00e9bordent de la bouche des bocaux en verre et des bo\u00eetes m\u00e9talliques.\" \/>\n<meta property=\"og:url\" content=\"https:\/\/www.stvmachinery.it\/fr\/macchinari\/tamponneurs\/tamponneur-rotatif-mod-tr\/\" \/>\n<meta property=\"og:site_name\" content=\"STV Machinery\" \/>\n<meta property=\"article:modified_time\" content=\"2025-12-12T09:35:39+00:00\" \/>\n<meta property=\"og:image\" content=\"https:\/\/www.stvmachinery.it\/wp-content\/uploads\/2024\/10\/tamponatore-rotativo-tr.webp\" \/>\n\t<meta property=\"og:image:width\" content=\"1200\" \/>\n\t<meta property=\"og:image:height\" content=\"1200\" \/>\n\t<meta property=\"og:image:type\" content=\"image\/webp\" \/>\n<meta name=\"twitter:card\" content=\"summary_large_image\" \/>\n<script type=\"application\/ld+json\" class=\"yoast-schema-graph\">{\"@context\":\"https:\/\/schema.org\",\"@graph\":[{\"@type\":\"WebPage\",\"@id\":\"https:\/\/www.stvmachinery.it\/fr\/macchinari\/tamponneurs\/tamponneur-rotatif-mod-tr\/\",\"url\":\"https:\/\/www.stvmachinery.it\/fr\/macchinari\/tamponneurs\/tamponneur-rotatif-mod-tr\/\",\"name\":\"Tamponneur Rotatif Mod. TR | STV Machinery\",\"isPartOf\":{\"@id\":\"https:\/\/www.stvmachinery.it\/fr\/#website\"},\"primaryImageOfPage\":{\"@id\":\"https:\/\/www.stvmachinery.it\/fr\/macchinari\/tamponneurs\/tamponneur-rotatif-mod-tr\/#primaryimage\"},\"image\":{\"@id\":\"https:\/\/www.stvmachinery.it\/fr\/macchinari\/tamponneurs\/tamponneur-rotatif-mod-tr\/#primaryimage\"},\"thumbnailUrl\":\"https:\/\/www.stvmachinery.it\/wp-content\/uploads\/2024\/10\/tamponatore-rotativo-tr.webp\",\"datePublished\":\"2024-10-18T14:35:09+00:00\",\"dateModified\":\"2025-12-12T09:35:39+00:00\",\"description\":\"Le tamponneur rotatif est con\u00e7u pour pousser \u00e0 l\u2019int\u00e9rieur des r\u00e9cipients les l\u00e9gumes et les morceaux de fruits, tels que poivrons, cornichons, asperges, qui d\u00e9bordent de la bouche des bocaux en verre et des bo\u00eetes m\u00e9talliques.\",\"breadcrumb\":{\"@id\":\"https:\/\/www.stvmachinery.it\/fr\/macchinari\/tamponneurs\/tamponneur-rotatif-mod-tr\/#breadcrumb\"},\"inLanguage\":\"fr-FR\",\"potentialAction\":[{\"@type\":\"ReadAction\",\"target\":[\"https:\/\/www.stvmachinery.it\/fr\/macchinari\/tamponneurs\/tamponneur-rotatif-mod-tr\/\"]}]},{\"@type\":\"ImageObject\",\"inLanguage\":\"fr-FR\",\"@id\":\"https:\/\/www.stvmachinery.it\/fr\/macchinari\/tamponneurs\/tamponneur-rotatif-mod-tr\/#primaryimage\",\"url\":\"https:\/\/www.stvmachinery.it\/wp-content\/uploads\/2024\/10\/tamponatore-rotativo-tr.webp\",\"contentUrl\":\"https:\/\/www.stvmachinery.it\/wp-content\/uploads\/2024\/10\/tamponatore-rotativo-tr.webp\",\"width\":1200,\"height\":1200},{\"@type\":\"BreadcrumbList\",\"@id\":\"https:\/\/www.stvmachinery.it\/fr\/macchinari\/tamponneurs\/tamponneur-rotatif-mod-tr\/#breadcrumb\",\"itemListElement\":[{\"@type\":\"ListItem\",\"position\":1,\"name\":\"Home\",\"item\":\"https:\/\/www.stvmachinery.it\/fr\/stv-machinery\/\"},{\"@type\":\"ListItem\",\"position\":2,\"name\":\"Machines\",\"item\":\"https:\/\/www.stvmachinery.it\/fr\/machines\/\"},{\"@type\":\"ListItem\",\"position\":3,\"name\":\"Tamponneur Rotatif Mod. TR\"}]},{\"@type\":\"WebSite\",\"@id\":\"https:\/\/www.stvmachinery.it\/fr\/#website\",\"url\":\"https:\/\/www.stvmachinery.it\/fr\/\",\"name\":\"STV Machinery\",\"description\":\"Macchine ed impianti per l\u2019industria agroalimentare e conserviera\",\"publisher\":{\"@id\":\"https:\/\/www.stvmachinery.it\/fr\/#organization\"},\"potentialAction\":[{\"@type\":\"SearchAction\",\"target\":{\"@type\":\"EntryPoint\",\"urlTemplate\":\"https:\/\/www.stvmachinery.it\/fr\/?s={search_term_string}\"},\"query-input\":\"required name=search_term_string\"}],\"inLanguage\":\"fr-FR\"},{\"@type\":\"Organization\",\"@id\":\"https:\/\/www.stvmachinery.it\/fr\/#organization\",\"name\":\"S.T.V. di Salati Giovanni & C. \u2013 S.n.c.\",\"alternateName\":\"STV Machinery\",\"url\":\"https:\/\/www.stvmachinery.it\/fr\/\",\"logo\":{\"@type\":\"ImageObject\",\"inLanguage\":\"fr-FR\",\"@id\":\"https:\/\/www.stvmachinery.it\/fr\/#\/schema\/logo\/image\/\",\"url\":\"https:\/\/www.stvmachinery.it\/wp-content\/uploads\/2021\/06\/stv-machinery-logo-positivo.png\",\"contentUrl\":\"https:\/\/www.stvmachinery.it\/wp-content\/uploads\/2021\/06\/stv-machinery-logo-positivo.png\",\"width\":481,\"height\":233,\"caption\":\"S.T.V. di Salati Giovanni & C. \u2013 S.n.c.\"},\"image\":{\"@id\":\"https:\/\/www.stvmachinery.it\/fr\/#\/schema\/logo\/image\/\"},\"sameAs\":[\"https:\/\/it.linkedin.com\/company\/stv-machinery\",\"https:\/\/www.youtube.com\/channel\/UCceMPa8POjTOmZeA2_KUoeg\"]}]}<\/script>\n<!-- \/ Yoast SEO plugin. -->","yoast_head_json":{"title":"Tamponneur Rotatif Mod. TR | STV Machinery","description":"Le tamponneur rotatif est con\u00e7u pour pousser \u00e0 l\u2019int\u00e9rieur des r\u00e9cipients les l\u00e9gumes et les morceaux de fruits, tels que poivrons, cornichons, asperges, qui d\u00e9bordent de la bouche des bocaux en verre et des bo\u00eetes m\u00e9talliques.","robots":{"index":"index","follow":"follow","max-snippet":"max-snippet:-1","max-image-preview":"max-image-preview:large","max-video-preview":"max-video-preview:-1"},"canonical":"https:\/\/www.stvmachinery.it\/fr\/macchinari\/tamponneurs\/tamponneur-rotatif-mod-tr\/","og_locale":"fr_FR","og_type":"article","og_title":"Tamponneur Rotatif Mod. TR | STV Machinery","og_description":"Le tamponneur rotatif est con\u00e7u pour pousser \u00e0 l\u2019int\u00e9rieur des r\u00e9cipients les l\u00e9gumes et les morceaux de fruits, tels que poivrons, cornichons, asperges, qui d\u00e9bordent de la bouche des bocaux en verre et des bo\u00eetes m\u00e9talliques.","og_url":"https:\/\/www.stvmachinery.it\/fr\/macchinari\/tamponneurs\/tamponneur-rotatif-mod-tr\/","og_site_name":"STV Machinery","article_modified_time":"2025-12-12T09:35:39+00:00","og_image":[{"width":1200,"height":1200,"url":"https:\/\/www.stvmachinery.it\/wp-content\/uploads\/2024\/10\/tamponatore-rotativo-tr.webp","type":"image\/webp"}],"twitter_card":"summary_large_image","schema":{"@context":"https:\/\/schema.org","@graph":[{"@type":"WebPage","@id":"https:\/\/www.stvmachinery.it\/fr\/macchinari\/tamponneurs\/tamponneur-rotatif-mod-tr\/","url":"https:\/\/www.stvmachinery.it\/fr\/macchinari\/tamponneurs\/tamponneur-rotatif-mod-tr\/","name":"Tamponneur Rotatif Mod. TR | STV Machinery","isPartOf":{"@id":"https:\/\/www.stvmachinery.it\/fr\/#website"},"primaryImageOfPage":{"@id":"https:\/\/www.stvmachinery.it\/fr\/macchinari\/tamponneurs\/tamponneur-rotatif-mod-tr\/#primaryimage"},"image":{"@id":"https:\/\/www.stvmachinery.it\/fr\/macchinari\/tamponneurs\/tamponneur-rotatif-mod-tr\/#primaryimage"},"thumbnailUrl":"https:\/\/www.stvmachinery.it\/wp-content\/uploads\/2024\/10\/tamponatore-rotativo-tr.webp","datePublished":"2024-10-18T14:35:09+00:00","dateModified":"2025-12-12T09:35:39+00:00","description":"Le tamponneur rotatif est con\u00e7u pour pousser \u00e0 l\u2019int\u00e9rieur des r\u00e9cipients les l\u00e9gumes et les morceaux de fruits, tels que poivrons, cornichons, asperges, qui d\u00e9bordent de la bouche des bocaux en verre et des bo\u00eetes m\u00e9talliques.","breadcrumb":{"@id":"https:\/\/www.stvmachinery.it\/fr\/macchinari\/tamponneurs\/tamponneur-rotatif-mod-tr\/#breadcrumb"},"inLanguage":"fr-FR","potentialAction":[{"@type":"ReadAction","target":["https:\/\/www.stvmachinery.it\/fr\/macchinari\/tamponneurs\/tamponneur-rotatif-mod-tr\/"]}]},{"@type":"ImageObject","inLanguage":"fr-FR","@id":"https:\/\/www.stvmachinery.it\/fr\/macchinari\/tamponneurs\/tamponneur-rotatif-mod-tr\/#primaryimage","url":"https:\/\/www.stvmachinery.it\/wp-content\/uploads\/2024\/10\/tamponatore-rotativo-tr.webp","contentUrl":"https:\/\/www.stvmachinery.it\/wp-content\/uploads\/2024\/10\/tamponatore-rotativo-tr.webp","width":1200,"height":1200},{"@type":"BreadcrumbList","@id":"https:\/\/www.stvmachinery.it\/fr\/macchinari\/tamponneurs\/tamponneur-rotatif-mod-tr\/#breadcrumb","itemListElement":[{"@type":"ListItem","position":1,"name":"Home","item":"https:\/\/www.stvmachinery.it\/fr\/stv-machinery\/"},{"@type":"ListItem","position":2,"name":"Machines","item":"https:\/\/www.stvmachinery.it\/fr\/machines\/"},{"@type":"ListItem","position":3,"name":"Tamponneur Rotatif Mod. TR"}]},{"@type":"WebSite","@id":"https:\/\/www.stvmachinery.it\/fr\/#website","url":"https:\/\/www.stvmachinery.it\/fr\/","name":"STV Machinery","description":"Macchine ed impianti per l\u2019industria agroalimentare e conserviera","publisher":{"@id":"https:\/\/www.stvmachinery.it\/fr\/#organization"},"potentialAction":[{"@type":"SearchAction","target":{"@type":"EntryPoint","urlTemplate":"https:\/\/www.stvmachinery.it\/fr\/?s={search_term_string}"},"query-input":"required name=search_term_string"}],"inLanguage":"fr-FR"},{"@type":"Organization","@id":"https:\/\/www.stvmachinery.it\/fr\/#organization","name":"S.T.V. di Salati Giovanni & C. \u2013 S.n.c.","alternateName":"STV Machinery","url":"https:\/\/www.stvmachinery.it\/fr\/","logo":{"@type":"ImageObject","inLanguage":"fr-FR","@id":"https:\/\/www.stvmachinery.it\/fr\/#\/schema\/logo\/image\/","url":"https:\/\/www.stvmachinery.it\/wp-content\/uploads\/2021\/06\/stv-machinery-logo-positivo.png","contentUrl":"https:\/\/www.stvmachinery.it\/wp-content\/uploads\/2021\/06\/stv-machinery-logo-positivo.png","width":481,"height":233,"caption":"S.T.V. di Salati Giovanni & C. \u2013 S.n.c."},"image":{"@id":"https:\/\/www.stvmachinery.it\/fr\/#\/schema\/logo\/image\/"},"sameAs":["https:\/\/it.linkedin.com\/company\/stv-machinery","https:\/\/www.youtube.com\/channel\/UCceMPa8POjTOmZeA2_KUoeg"]}]}},"_links":{"self":[{"href":"https:\/\/www.stvmachinery.it\/fr\/wp-json\/wp\/v2\/product\/10850","targetHints":{"allow":["GET"]}}],"collection":[{"href":"https:\/\/www.stvmachinery.it\/fr\/wp-json\/wp\/v2\/product"}],"about":[{"href":"https:\/\/www.stvmachinery.it\/fr\/wp-json\/wp\/v2\/types\/product"}],"version-history":[{"count":9,"href":"https:\/\/www.stvmachinery.it\/fr\/wp-json\/wp\/v2\/product\/10850\/revisions"}],"predecessor-version":[{"id":11465,"href":"https:\/\/www.stvmachinery.it\/fr\/wp-json\/wp\/v2\/product\/10850\/revisions\/11465"}],"wp:featuredmedia":[{"embeddable":true,"href":"https:\/\/www.stvmachinery.it\/fr\/wp-json\/wp\/v2\/media\/10803"}],"wp:attachment":[{"href":"https:\/\/www.stvmachinery.it\/fr\/wp-json\/wp\/v2\/media?parent=10850"}],"wp:term":[{"taxonomy":"product_cat","embeddable":true,"href":"https:\/\/www.stvmachinery.it\/fr\/wp-json\/wp\/v2\/product_cat?post=10850"},{"taxonomy":"product_tag","embeddable":true,"href":"https:\/\/www.stvmachinery.it\/fr\/wp-json\/wp\/v2\/product_tag?post=10850"}],"curies":[{"name":"wp","href":"https:\/\/api.w.org\/{rel}","templated":true}]}}