{"id":11491,"date":"2025-12-12T11:15:26","date_gmt":"2025-12-12T10:15:26","guid":{"rendered":"https:\/\/www.stvmachinery.it\/?post_type=product&#038;p=11491"},"modified":"2026-01-20T16:44:21","modified_gmt":"2026-01-20T15:44:21","slug":"bouchonneuse-capsuleuse-semi-automatique-mod-tse","status":"publish","type":"product","link":"https:\/\/www.stvmachinery.it\/fr\/macchinari\/capsuleuses-et-boucheuses\/bouchonneuse-capsuleuse-semi-automatique-mod-tse\/","title":{"rendered":"Bouchonneuse \/ Capsuleuse semi-automatique mod. TSE"},"content":{"rendered":"\t\t<div data-elementor-type=\"product-post\" data-elementor-id=\"11491\" class=\"elementor elementor-11491 elementor-11488\" data-elementor-post-type=\"product\">\n\t\t\t\t<div class=\"elementor-element elementor-element-46a5c91 e-flex e-con-boxed e-con e-parent\" data-id=\"46a5c91\" data-element_type=\"container\" id=\"caratteristiche\">\n\t\t\t\t\t<div class=\"e-con-inner\">\n\t\t\t\t<div class=\"elementor-element elementor-element-7aea20b elementor-widget elementor-widget-text-editor\" data-id=\"7aea20b\" data-element_type=\"widget\" data-widget_type=\"text-editor.default\">\n\t\t\t\t<div class=\"elementor-widget-container\">\n\t\t\t<style>\/*! elementor - v3.21.0 - 08-05-2024 *\/\n.elementor-widget-text-editor.elementor-drop-cap-view-stacked .elementor-drop-cap{background-color:#69727d;color:#fff}.elementor-widget-text-editor.elementor-drop-cap-view-framed .elementor-drop-cap{color:#69727d;border:3px solid;background-color:transparent}.elementor-widget-text-editor:not(.elementor-drop-cap-view-default) .elementor-drop-cap{margin-top:8px}.elementor-widget-text-editor:not(.elementor-drop-cap-view-default) .elementor-drop-cap-letter{width:1em;height:1em}.elementor-widget-text-editor .elementor-drop-cap{float:left;text-align:center;line-height:1;font-size:50px}.elementor-widget-text-editor .elementor-drop-cap-letter{display:inline-block}<\/style>\t\t\t\t<h3 class=\"product-item-title\">Caract\u00e9ristiques de fabrication<\/h3>\n<ul>\n<li>Structure de table en acier inoxydable AISI 304<\/li>\n<li>Commandes 24V ou pneumatiques<\/li>\n<li>T\u00eate descendante<\/li>\n<li>Production : 700 \u00e0 800 pi\u00e8ces\/heure<\/li>\n<li>Puissance moteur : 0,18 kW (0,25 HP)<\/li>\n<li>Formats accept\u00e9s : \u00d8 max. 200 mm \u2013 H max. 350 mm<\/li>\n<li>Protections conformes aux normes CE<\/li>\n<li>Fonctionnement \u00e0 2 boutons<\/li>\n<li>Dimensions : 500 x 500 x 1000 mm<\/li>\n<li>Poids : 40 kg<\/li>\n<\/ul>\n\t\t\t\t\t\t<\/div>\n\t\t\t\t<\/div>\n\t\t\t\t\t<\/div>\n\t\t\t\t<\/div>\n\t\t<div class=\"elementor-element elementor-element-3393610 e-flex e-con-boxed e-con e-parent\" data-id=\"3393610\" data-element_type=\"container\" data-settings=\"{&quot;background_background&quot;:&quot;classic&quot;}\">\n\t\t\t\t\t<div class=\"e-con-inner\">\n\t\t<div class=\"elementor-element elementor-element-d9c97bf e-flex e-con-boxed e-con e-child\" data-id=\"d9c97bf\" data-element_type=\"container\">\n\t\t\t\t\t<div class=\"e-con-inner\">\n\t\t\t\t<div class=\"elementor-element elementor-element-fc4f3a4 elementor-widget elementor-widget-text-editor\" data-id=\"fc4f3a4\" data-element_type=\"widget\" data-widget_type=\"text-editor.default\">\n\t\t\t\t<div class=\"elementor-widget-container\">\n\t\t\t\t\t\t\t<h3 class=\"product-item-title\">Video<\/h3>\n\t\t\t\t\t\t<\/div>\n\t\t\t\t<\/div>\n\t\t\t\t\t<\/div>\n\t\t\t\t<\/div>\n\t\t<div class=\"elementor-element elementor-element-10b3f74 e-flex e-con-boxed e-con e-child\" data-id=\"10b3f74\" data-element_type=\"container\">\n\t\t\t\t\t<div class=\"e-con-inner\">\n\t\t<div class=\"elementor-element elementor-element-5a56fb3 e-flex e-con-boxed e-con e-child\" data-id=\"5a56fb3\" data-element_type=\"container\">\n\t\t\t\t\t<div class=\"e-con-inner\">\n\t\t\t\t<div class=\"elementor-element elementor-element-3116205 elementor-widget elementor-widget-video\" data-id=\"3116205\" data-element_type=\"widget\" data-settings=\"{&quot;video_type&quot;:&quot;hosted&quot;,&quot;controls&quot;:&quot;yes&quot;}\" data-widget_type=\"video.default\">\n\t\t\t\t<div class=\"elementor-widget-container\">\n\t\t\t<style>\/*! elementor - v3.21.0 - 08-05-2024 *\/\n.elementor-widget-video .elementor-widget-container{overflow:hidden;transform:translateZ(0)}.elementor-widget-video .elementor-wrapper{aspect-ratio:var(--video-aspect-ratio)}.elementor-widget-video .elementor-wrapper iframe,.elementor-widget-video .elementor-wrapper video{height:100%;width:100%;display:flex;border:none;background-color:#000}@supports not (aspect-ratio:1\/1){.elementor-widget-video .elementor-wrapper{position:relative;overflow:hidden;height:0;padding-bottom:calc(100% \/ var(--video-aspect-ratio))}.elementor-widget-video .elementor-wrapper iframe,.elementor-widget-video .elementor-wrapper video{position:absolute;top:0;right:0;bottom:0;left:0}}.elementor-widget-video .elementor-open-inline .elementor-custom-embed-image-overlay{position:absolute;top:0;right:0;bottom:0;left:0;background-size:cover;background-position:50%}.elementor-widget-video .elementor-custom-embed-image-overlay{cursor:pointer;text-align:center}.elementor-widget-video .elementor-custom-embed-image-overlay:hover .elementor-custom-embed-play i{opacity:1}.elementor-widget-video .elementor-custom-embed-image-overlay img{display:block;width:100%;aspect-ratio:var(--video-aspect-ratio);-o-object-fit:cover;object-fit:cover;-o-object-position:center center;object-position:center center}@supports not (aspect-ratio:1\/1){.elementor-widget-video .elementor-custom-embed-image-overlay{position:relative;overflow:hidden;height:0;padding-bottom:calc(100% \/ var(--video-aspect-ratio))}.elementor-widget-video .elementor-custom-embed-image-overlay img{position:absolute;top:0;right:0;bottom:0;left:0}}.elementor-widget-video .e-hosted-video .elementor-video{-o-object-fit:cover;object-fit:cover}.e-con-inner>.elementor-widget-video,.e-con>.elementor-widget-video{width:var(--container-widget-width);--flex-grow:var(--container-widget-flex-grow)}<\/style>\t\t<div class=\"e-hosted-video elementor-wrapper elementor-open-inline\">\n\t\t\t\t\t<video class=\"elementor-video\" src=\"https:\/\/www.stvmachinery.it\/wp-content\/uploads\/2025\/12\/TSE-500-2.mp4\" controls=\"\" preload=\"metadata\" controlsList=\"nodownload\"><\/video>\n\t\t\t\t<\/div>\n\t\t\t\t<\/div>\n\t\t\t\t<\/div>\n\t\t\t\t\t<\/div>\n\t\t\t\t<\/div>\n\t\t<div class=\"elementor-element elementor-element-d74170c e-flex e-con-boxed e-con e-child\" data-id=\"d74170c\" data-element_type=\"container\">\n\t\t\t\t\t<div class=\"e-con-inner\">\n\t\t\t\t<div class=\"elementor-element elementor-element-68c8cac elementor-widget elementor-widget-video\" data-id=\"68c8cac\" data-element_type=\"widget\" data-settings=\"{&quot;video_type&quot;:&quot;hosted&quot;,&quot;controls&quot;:&quot;yes&quot;}\" data-widget_type=\"video.default\">\n\t\t\t\t<div class=\"elementor-widget-container\">\n\t\t\t\t\t<div class=\"e-hosted-video elementor-wrapper elementor-open-inline\">\n\t\t\t\t\t<video class=\"elementor-video\" src=\"https:\/\/www.stvmachinery.it\/wp-content\/uploads\/2025\/12\/TSE-500-3.mp4\" controls=\"\" preload=\"metadata\" controlsList=\"nodownload\"><\/video>\n\t\t\t\t<\/div>\n\t\t\t\t<\/div>\n\t\t\t\t<\/div>\n\t\t\t\t\t<\/div>\n\t\t\t\t<\/div>\n\t\t\t\t\t<\/div>\n\t\t\t\t<\/div>\n\t\t<div class=\"elementor-element elementor-element-289ee4b e-flex e-con-boxed e-con e-child\" data-id=\"289ee4b\" data-element_type=\"container\">\n\t\t\t\t\t<div class=\"e-con-inner\">\n\t\t<div class=\"elementor-element elementor-element-9be3961 e-flex e-con-boxed e-con e-child\" data-id=\"9be3961\" data-element_type=\"container\">\n\t\t\t\t\t<div class=\"e-con-inner\">\n\t\t\t\t<div class=\"elementor-element elementor-element-cfbb432 elementor-widget elementor-widget-video\" data-id=\"cfbb432\" data-element_type=\"widget\" data-settings=\"{&quot;video_type&quot;:&quot;hosted&quot;,&quot;controls&quot;:&quot;yes&quot;}\" data-widget_type=\"video.default\">\n\t\t\t\t<div class=\"elementor-widget-container\">\n\t\t\t\t\t<div class=\"e-hosted-video elementor-wrapper elementor-open-inline\">\n\t\t\t\t\t<video class=\"elementor-video\" src=\"https:\/\/www.stvmachinery.it\/wp-content\/uploads\/2025\/12\/TSE-500-6.mp4\" controls=\"\" preload=\"metadata\" controlsList=\"nodownload\"><\/video>\n\t\t\t\t<\/div>\n\t\t\t\t<\/div>\n\t\t\t\t<\/div>\n\t\t\t\t\t<\/div>\n\t\t\t\t<\/div>\n\t\t<div class=\"elementor-element elementor-element-2e46ada e-flex e-con-boxed e-con e-child\" data-id=\"2e46ada\" data-element_type=\"container\">\n\t\t\t\t\t<div class=\"e-con-inner\">\n\t\t\t\t<div class=\"elementor-element elementor-element-eec3803 elementor-widget elementor-widget-video\" data-id=\"eec3803\" data-element_type=\"widget\" data-settings=\"{&quot;video_type&quot;:&quot;hosted&quot;,&quot;controls&quot;:&quot;yes&quot;}\" data-widget_type=\"video.default\">\n\t\t\t\t<div class=\"elementor-widget-container\">\n\t\t\t\t\t<div class=\"e-hosted-video elementor-wrapper elementor-open-inline\">\n\t\t\t\t\t<video class=\"elementor-video\" src=\"https:\/\/www.stvmachinery.it\/wp-content\/uploads\/2025\/12\/TSP-500-3.mp4\" controls=\"\" preload=\"metadata\" controlsList=\"nodownload\"><\/video>\n\t\t\t\t<\/div>\n\t\t\t\t<\/div>\n\t\t\t\t<\/div>\n\t\t\t\t\t<\/div>\n\t\t\t\t<\/div>\n\t\t\t\t\t<\/div>\n\t\t\t\t<\/div>\n\t\t\t\t\t<\/div>\n\t\t\t\t<\/div>\n\t\t\t\t<\/div>\n\t\t","protected":false},"excerpt":{"rendered":"<p>La <strong>Bouchonneuse \/ Capsuleuse semi-automatique<\/strong> de table STV, disponible en <strong>versions \u00e9lectrique et pneumatique<\/strong>, permet de fermer des bouchons twist-off m\u00e9talliques, des bouchons en plastique pr\u00e9-filet\u00e9s et des couvercles sur des r\u00e9cipients en verre, m\u00e9tal ou plastique.\u2028 \u00c9quip\u00e9e d\u2019un <strong>embrayage<\/strong> (magn\u00e9tique \u00e0 hyst\u00e9r\u00e9sis pour la version \u00e9lectrique), elle offre la possibilit\u00e9 de r\u00e9gler le couple de serrage pour un contr\u00f4le optimal.<\/p>\n<p><a class=\"pulsanterosso\" href=\"#caratteristiche\">Caract\u00e9ristiques Techniques<\/a><\/p>\n","protected":false},"featured_media":11494,"template":"","meta":{"inline_featured_image":false},"product_cat":[117],"product_tag":[],"class_list":{"0":"post-11491","1":"product","2":"type-product","3":"status-publish","4":"has-post-thumbnail","6":"product_cat-capsuleuses-et-boucheuses","7":"pa_applicazione-contenants-pleins","8":"pa_funzionamento-semi-automatique","9":"pa_settore-alimentaire","10":"pa_settore-chimie-et-engrais","11":"pa_settore-cosmetique-et-detergence-fr","13":"first","14":"instock","15":"shipping-taxable","16":"product-type-simple"},"yoast_head":"<!-- This site is optimized with the Yoast SEO plugin v22.7 - https:\/\/yoast.com\/wordpress\/plugins\/seo\/ -->\n<title>Bouchonneuse \/ Capsuleuse semi-automatique mod. TSE | STV Machinery<\/title>\n<meta name=\"description\" content=\"Bouchonneuse \/ Capsuleuse Semi-Automatique STV de table, \u00e9lectrique ou pneumatique, pour capsules twist-off et en plastique. Cadence jusqu\u2019\u00e0 800 pi\u00e8ces\/heure.\" \/>\n<meta name=\"robots\" content=\"index, follow, max-snippet:-1, max-image-preview:large, max-video-preview:-1\" \/>\n<link rel=\"canonical\" href=\"https:\/\/www.stvmachinery.it\/fr\/macchinari\/capsuleuses-et-boucheuses\/bouchonneuse-capsuleuse-semi-automatique-mod-tse\/\" \/>\n<meta property=\"og:locale\" content=\"fr_FR\" \/>\n<meta property=\"og:type\" content=\"article\" \/>\n<meta property=\"og:title\" content=\"Bouchonneuse \/ Capsuleuse semi-automatique mod. TSE | STV Machinery\" \/>\n<meta property=\"og:description\" content=\"Bouchonneuse \/ Capsuleuse Semi-Automatique STV de table, \u00e9lectrique ou pneumatique, pour capsules twist-off et en plastique. Cadence jusqu\u2019\u00e0 800 pi\u00e8ces\/heure.\" \/>\n<meta property=\"og:url\" content=\"https:\/\/www.stvmachinery.it\/fr\/macchinari\/capsuleuses-et-boucheuses\/bouchonneuse-capsuleuse-semi-automatique-mod-tse\/\" \/>\n<meta property=\"og:site_name\" content=\"STV Machinery\" \/>\n<meta property=\"article:modified_time\" content=\"2026-01-20T15:44:21+00:00\" \/>\n<meta property=\"og:image\" content=\"https:\/\/www.stvmachinery.it\/wp-content\/uploads\/2025\/12\/Tappatore-semiautomatico-mod.-TSE.webp\" \/>\n\t<meta property=\"og:image:width\" content=\"1200\" \/>\n\t<meta property=\"og:image:height\" content=\"1200\" \/>\n\t<meta property=\"og:image:type\" content=\"image\/webp\" \/>\n<meta name=\"twitter:card\" content=\"summary_large_image\" \/>\n<meta name=\"twitter:label1\" content=\"Dur\u00e9e de lecture estim\u00e9e\" \/>\n\t<meta name=\"twitter:data1\" content=\"1 minute\" \/>\n<script type=\"application\/ld+json\" class=\"yoast-schema-graph\">{\"@context\":\"https:\/\/schema.org\",\"@graph\":[{\"@type\":\"WebPage\",\"@id\":\"https:\/\/www.stvmachinery.it\/fr\/macchinari\/capsuleuses-et-boucheuses\/bouchonneuse-capsuleuse-semi-automatique-mod-tse\/\",\"url\":\"https:\/\/www.stvmachinery.it\/fr\/macchinari\/capsuleuses-et-boucheuses\/bouchonneuse-capsuleuse-semi-automatique-mod-tse\/\",\"name\":\"Bouchonneuse \/ Capsuleuse semi-automatique mod. TSE | STV Machinery\",\"isPartOf\":{\"@id\":\"https:\/\/www.stvmachinery.it\/fr\/#website\"},\"primaryImageOfPage\":{\"@id\":\"https:\/\/www.stvmachinery.it\/fr\/macchinari\/capsuleuses-et-boucheuses\/bouchonneuse-capsuleuse-semi-automatique-mod-tse\/#primaryimage\"},\"image\":{\"@id\":\"https:\/\/www.stvmachinery.it\/fr\/macchinari\/capsuleuses-et-boucheuses\/bouchonneuse-capsuleuse-semi-automatique-mod-tse\/#primaryimage\"},\"thumbnailUrl\":\"https:\/\/www.stvmachinery.it\/wp-content\/uploads\/2025\/12\/Tappatore-semiautomatico-mod.-TSE.webp\",\"datePublished\":\"2025-12-12T10:15:26+00:00\",\"dateModified\":\"2026-01-20T15:44:21+00:00\",\"description\":\"Bouchonneuse \/ Capsuleuse Semi-Automatique STV de table, \u00e9lectrique ou pneumatique, pour capsules twist-off et en plastique. Cadence jusqu\u2019\u00e0 800 pi\u00e8ces\/heure.\",\"breadcrumb\":{\"@id\":\"https:\/\/www.stvmachinery.it\/fr\/macchinari\/capsuleuses-et-boucheuses\/bouchonneuse-capsuleuse-semi-automatique-mod-tse\/#breadcrumb\"},\"inLanguage\":\"fr-FR\",\"potentialAction\":[{\"@type\":\"ReadAction\",\"target\":[\"https:\/\/www.stvmachinery.it\/fr\/macchinari\/capsuleuses-et-boucheuses\/bouchonneuse-capsuleuse-semi-automatique-mod-tse\/\"]}]},{\"@type\":\"ImageObject\",\"inLanguage\":\"fr-FR\",\"@id\":\"https:\/\/www.stvmachinery.it\/fr\/macchinari\/capsuleuses-et-boucheuses\/bouchonneuse-capsuleuse-semi-automatique-mod-tse\/#primaryimage\",\"url\":\"https:\/\/www.stvmachinery.it\/wp-content\/uploads\/2025\/12\/Tappatore-semiautomatico-mod.-TSE.webp\",\"contentUrl\":\"https:\/\/www.stvmachinery.it\/wp-content\/uploads\/2025\/12\/Tappatore-semiautomatico-mod.-TSE.webp\",\"width\":1200,\"height\":1200},{\"@type\":\"BreadcrumbList\",\"@id\":\"https:\/\/www.stvmachinery.it\/fr\/macchinari\/capsuleuses-et-boucheuses\/bouchonneuse-capsuleuse-semi-automatique-mod-tse\/#breadcrumb\",\"itemListElement\":[{\"@type\":\"ListItem\",\"position\":1,\"name\":\"Home\",\"item\":\"https:\/\/www.stvmachinery.it\/fr\/stv-machinery\/\"},{\"@type\":\"ListItem\",\"position\":2,\"name\":\"Machines\",\"item\":\"https:\/\/www.stvmachinery.it\/fr\/machines\/\"},{\"@type\":\"ListItem\",\"position\":3,\"name\":\"Bouchonneuse \/ Capsuleuse semi-automatique mod. TSE\"}]},{\"@type\":\"WebSite\",\"@id\":\"https:\/\/www.stvmachinery.it\/fr\/#website\",\"url\":\"https:\/\/www.stvmachinery.it\/fr\/\",\"name\":\"STV Machinery\",\"description\":\"Macchine ed impianti per l\u2019industria agroalimentare e conserviera\",\"publisher\":{\"@id\":\"https:\/\/www.stvmachinery.it\/fr\/#organization\"},\"potentialAction\":[{\"@type\":\"SearchAction\",\"target\":{\"@type\":\"EntryPoint\",\"urlTemplate\":\"https:\/\/www.stvmachinery.it\/fr\/?s={search_term_string}\"},\"query-input\":\"required name=search_term_string\"}],\"inLanguage\":\"fr-FR\"},{\"@type\":\"Organization\",\"@id\":\"https:\/\/www.stvmachinery.it\/fr\/#organization\",\"name\":\"S.T.V. di Salati Giovanni & C. \u2013 S.n.c.\",\"alternateName\":\"STV Machinery\",\"url\":\"https:\/\/www.stvmachinery.it\/fr\/\",\"logo\":{\"@type\":\"ImageObject\",\"inLanguage\":\"fr-FR\",\"@id\":\"https:\/\/www.stvmachinery.it\/fr\/#\/schema\/logo\/image\/\",\"url\":\"https:\/\/www.stvmachinery.it\/wp-content\/uploads\/2021\/06\/stv-machinery-logo-positivo.png\",\"contentUrl\":\"https:\/\/www.stvmachinery.it\/wp-content\/uploads\/2021\/06\/stv-machinery-logo-positivo.png\",\"width\":481,\"height\":233,\"caption\":\"S.T.V. di Salati Giovanni & C. \u2013 S.n.c.\"},\"image\":{\"@id\":\"https:\/\/www.stvmachinery.it\/fr\/#\/schema\/logo\/image\/\"},\"sameAs\":[\"https:\/\/it.linkedin.com\/company\/stv-machinery\",\"https:\/\/www.youtube.com\/channel\/UCceMPa8POjTOmZeA2_KUoeg\"]}]}<\/script>\n<!-- \/ Yoast SEO plugin. -->","yoast_head_json":{"title":"Bouchonneuse \/ Capsuleuse semi-automatique mod. TSE | STV Machinery","description":"Bouchonneuse \/ Capsuleuse Semi-Automatique STV de table, \u00e9lectrique ou pneumatique, pour capsules twist-off et en plastique. Cadence jusqu\u2019\u00e0 800 pi\u00e8ces\/heure.","robots":{"index":"index","follow":"follow","max-snippet":"max-snippet:-1","max-image-preview":"max-image-preview:large","max-video-preview":"max-video-preview:-1"},"canonical":"https:\/\/www.stvmachinery.it\/fr\/macchinari\/capsuleuses-et-boucheuses\/bouchonneuse-capsuleuse-semi-automatique-mod-tse\/","og_locale":"fr_FR","og_type":"article","og_title":"Bouchonneuse \/ Capsuleuse semi-automatique mod. TSE | STV Machinery","og_description":"Bouchonneuse \/ Capsuleuse Semi-Automatique STV de table, \u00e9lectrique ou pneumatique, pour capsules twist-off et en plastique. Cadence jusqu\u2019\u00e0 800 pi\u00e8ces\/heure.","og_url":"https:\/\/www.stvmachinery.it\/fr\/macchinari\/capsuleuses-et-boucheuses\/bouchonneuse-capsuleuse-semi-automatique-mod-tse\/","og_site_name":"STV Machinery","article_modified_time":"2026-01-20T15:44:21+00:00","og_image":[{"width":1200,"height":1200,"url":"https:\/\/www.stvmachinery.it\/wp-content\/uploads\/2025\/12\/Tappatore-semiautomatico-mod.-TSE.webp","type":"image\/webp"}],"twitter_card":"summary_large_image","twitter_misc":{"Dur\u00e9e de lecture estim\u00e9e":"1 minute"},"schema":{"@context":"https:\/\/schema.org","@graph":[{"@type":"WebPage","@id":"https:\/\/www.stvmachinery.it\/fr\/macchinari\/capsuleuses-et-boucheuses\/bouchonneuse-capsuleuse-semi-automatique-mod-tse\/","url":"https:\/\/www.stvmachinery.it\/fr\/macchinari\/capsuleuses-et-boucheuses\/bouchonneuse-capsuleuse-semi-automatique-mod-tse\/","name":"Bouchonneuse \/ Capsuleuse semi-automatique mod. TSE | STV Machinery","isPartOf":{"@id":"https:\/\/www.stvmachinery.it\/fr\/#website"},"primaryImageOfPage":{"@id":"https:\/\/www.stvmachinery.it\/fr\/macchinari\/capsuleuses-et-boucheuses\/bouchonneuse-capsuleuse-semi-automatique-mod-tse\/#primaryimage"},"image":{"@id":"https:\/\/www.stvmachinery.it\/fr\/macchinari\/capsuleuses-et-boucheuses\/bouchonneuse-capsuleuse-semi-automatique-mod-tse\/#primaryimage"},"thumbnailUrl":"https:\/\/www.stvmachinery.it\/wp-content\/uploads\/2025\/12\/Tappatore-semiautomatico-mod.-TSE.webp","datePublished":"2025-12-12T10:15:26+00:00","dateModified":"2026-01-20T15:44:21+00:00","description":"Bouchonneuse \/ Capsuleuse Semi-Automatique STV de table, \u00e9lectrique ou pneumatique, pour capsules twist-off et en plastique. Cadence jusqu\u2019\u00e0 800 pi\u00e8ces\/heure.","breadcrumb":{"@id":"https:\/\/www.stvmachinery.it\/fr\/macchinari\/capsuleuses-et-boucheuses\/bouchonneuse-capsuleuse-semi-automatique-mod-tse\/#breadcrumb"},"inLanguage":"fr-FR","potentialAction":[{"@type":"ReadAction","target":["https:\/\/www.stvmachinery.it\/fr\/macchinari\/capsuleuses-et-boucheuses\/bouchonneuse-capsuleuse-semi-automatique-mod-tse\/"]}]},{"@type":"ImageObject","inLanguage":"fr-FR","@id":"https:\/\/www.stvmachinery.it\/fr\/macchinari\/capsuleuses-et-boucheuses\/bouchonneuse-capsuleuse-semi-automatique-mod-tse\/#primaryimage","url":"https:\/\/www.stvmachinery.it\/wp-content\/uploads\/2025\/12\/Tappatore-semiautomatico-mod.-TSE.webp","contentUrl":"https:\/\/www.stvmachinery.it\/wp-content\/uploads\/2025\/12\/Tappatore-semiautomatico-mod.-TSE.webp","width":1200,"height":1200},{"@type":"BreadcrumbList","@id":"https:\/\/www.stvmachinery.it\/fr\/macchinari\/capsuleuses-et-boucheuses\/bouchonneuse-capsuleuse-semi-automatique-mod-tse\/#breadcrumb","itemListElement":[{"@type":"ListItem","position":1,"name":"Home","item":"https:\/\/www.stvmachinery.it\/fr\/stv-machinery\/"},{"@type":"ListItem","position":2,"name":"Machines","item":"https:\/\/www.stvmachinery.it\/fr\/machines\/"},{"@type":"ListItem","position":3,"name":"Bouchonneuse \/ Capsuleuse semi-automatique mod. TSE"}]},{"@type":"WebSite","@id":"https:\/\/www.stvmachinery.it\/fr\/#website","url":"https:\/\/www.stvmachinery.it\/fr\/","name":"STV Machinery","description":"Macchine ed impianti per l\u2019industria agroalimentare e conserviera","publisher":{"@id":"https:\/\/www.stvmachinery.it\/fr\/#organization"},"potentialAction":[{"@type":"SearchAction","target":{"@type":"EntryPoint","urlTemplate":"https:\/\/www.stvmachinery.it\/fr\/?s={search_term_string}"},"query-input":"required name=search_term_string"}],"inLanguage":"fr-FR"},{"@type":"Organization","@id":"https:\/\/www.stvmachinery.it\/fr\/#organization","name":"S.T.V. di Salati Giovanni & C. \u2013 S.n.c.","alternateName":"STV Machinery","url":"https:\/\/www.stvmachinery.it\/fr\/","logo":{"@type":"ImageObject","inLanguage":"fr-FR","@id":"https:\/\/www.stvmachinery.it\/fr\/#\/schema\/logo\/image\/","url":"https:\/\/www.stvmachinery.it\/wp-content\/uploads\/2021\/06\/stv-machinery-logo-positivo.png","contentUrl":"https:\/\/www.stvmachinery.it\/wp-content\/uploads\/2021\/06\/stv-machinery-logo-positivo.png","width":481,"height":233,"caption":"S.T.V. di Salati Giovanni & C. \u2013 S.n.c."},"image":{"@id":"https:\/\/www.stvmachinery.it\/fr\/#\/schema\/logo\/image\/"},"sameAs":["https:\/\/it.linkedin.com\/company\/stv-machinery","https:\/\/www.youtube.com\/channel\/UCceMPa8POjTOmZeA2_KUoeg"]}]}},"_links":{"self":[{"href":"https:\/\/www.stvmachinery.it\/fr\/wp-json\/wp\/v2\/product\/11491","targetHints":{"allow":["GET"]}}],"collection":[{"href":"https:\/\/www.stvmachinery.it\/fr\/wp-json\/wp\/v2\/product"}],"about":[{"href":"https:\/\/www.stvmachinery.it\/fr\/wp-json\/wp\/v2\/types\/product"}],"version-history":[{"count":12,"href":"https:\/\/www.stvmachinery.it\/fr\/wp-json\/wp\/v2\/product\/11491\/revisions"}],"predecessor-version":[{"id":11947,"href":"https:\/\/www.stvmachinery.it\/fr\/wp-json\/wp\/v2\/product\/11491\/revisions\/11947"}],"wp:featuredmedia":[{"embeddable":true,"href":"https:\/\/www.stvmachinery.it\/fr\/wp-json\/wp\/v2\/media\/11494"}],"wp:attachment":[{"href":"https:\/\/www.stvmachinery.it\/fr\/wp-json\/wp\/v2\/media?parent=11491"}],"wp:term":[{"taxonomy":"product_cat","embeddable":true,"href":"https:\/\/www.stvmachinery.it\/fr\/wp-json\/wp\/v2\/product_cat?post=11491"},{"taxonomy":"product_tag","embeddable":true,"href":"https:\/\/www.stvmachinery.it\/fr\/wp-json\/wp\/v2\/product_tag?post=11491"}],"curies":[{"name":"wp","href":"https:\/\/api.w.org\/{rel}","templated":true}]}}