{"id":11614,"date":"2025-12-12T14:28:36","date_gmt":"2025-12-12T13:28:36","guid":{"rendered":"https:\/\/www.stvmachinery.it\/?post_type=product&#038;p=11614"},"modified":"2026-01-12T10:23:46","modified_gmt":"2026-01-12T09:23:46","slug":"souffleuse-manuelle","status":"publish","type":"product","link":"https:\/\/www.stvmachinery.it\/fr\/macchinari\/laveuses-secheuses-souffleuses\/souffleuse-manuelle\/","title":{"rendered":"Souffleuse Manuelle"},"content":{"rendered":"\t\t<div data-elementor-type=\"product-post\" data-elementor-id=\"11614\" class=\"elementor elementor-11614 elementor-11611\" data-elementor-post-type=\"product\">\n\t\t\t\t<div class=\"elementor-element elementor-element-59c4d64 e-flex e-con-boxed e-con e-parent\" data-id=\"59c4d64\" data-element_type=\"container\" id=\"caratteristiche\">\n\t\t\t\t\t<div class=\"e-con-inner\">\n\t\t\t\t<div class=\"elementor-element elementor-element-d2b95ff elementor-widget elementor-widget-text-editor\" data-id=\"d2b95ff\" data-element_type=\"widget\" data-widget_type=\"text-editor.default\">\n\t\t\t\t<div class=\"elementor-widget-container\">\n\t\t\t<style>\/*! elementor - v3.21.0 - 08-05-2024 *\/\n.elementor-widget-text-editor.elementor-drop-cap-view-stacked .elementor-drop-cap{background-color:#69727d;color:#fff}.elementor-widget-text-editor.elementor-drop-cap-view-framed .elementor-drop-cap{color:#69727d;border:3px solid;background-color:transparent}.elementor-widget-text-editor:not(.elementor-drop-cap-view-default) .elementor-drop-cap{margin-top:8px}.elementor-widget-text-editor:not(.elementor-drop-cap-view-default) .elementor-drop-cap-letter{width:1em;height:1em}.elementor-widget-text-editor .elementor-drop-cap{float:left;text-align:center;line-height:1;font-size:50px}.elementor-widget-text-editor .elementor-drop-cap-letter{display:inline-block}<\/style>\t\t\t\t<h3>Description et fonctionnement<\/h3>\n<p>L\u2019op\u00e9rateur doit positionner les contenants, bouche vers le bas, sur les buses pr\u00e9vues \u00e0 cet effet. <br \/>La pression des contenants sur les buses d\u00e9clenche un jet d\u2019air.<br \/>La dur\u00e9e du souffle est r\u00e9gul\u00e9e par l\u2019op\u00e9rateur en fonction du temps de pression des contenants.<\/p>\n\t\t\t\t\t\t<\/div>\n\t\t\t\t<\/div>\n\t\t\t\t\t<\/div>\n\t\t\t\t<\/div>\n\t\t<div class=\"elementor-element elementor-element-06be501 e-flex e-con-boxed e-con e-parent\" data-id=\"06be501\" data-element_type=\"container\" data-settings=\"{&quot;background_background&quot;:&quot;classic&quot;}\">\n\t\t\t\t\t<div class=\"e-con-inner\">\n\t\t\t\t<div class=\"elementor-element elementor-element-d9bca75 elementor-widget elementor-widget-heading\" data-id=\"d9bca75\" data-element_type=\"widget\" data-widget_type=\"heading.default\">\n\t\t\t\t<div class=\"elementor-widget-container\">\n\t\t\t<style>\/*! elementor - v3.21.0 - 08-05-2024 *\/\n.elementor-heading-title{padding:0;margin:0;line-height:1}.elementor-widget-heading .elementor-heading-title[class*=elementor-size-]>a{color:inherit;font-size:inherit;line-height:inherit}.elementor-widget-heading .elementor-heading-title.elementor-size-small{font-size:15px}.elementor-widget-heading .elementor-heading-title.elementor-size-medium{font-size:19px}.elementor-widget-heading .elementor-heading-title.elementor-size-large{font-size:29px}.elementor-widget-heading .elementor-heading-title.elementor-size-xl{font-size:39px}.elementor-widget-heading .elementor-heading-title.elementor-size-xxl{font-size:59px}<\/style><h4 class=\"elementor-heading-title elementor-size-default\">Donn\u00e9es techniques<\/h4>\t\t<\/div>\n\t\t\t\t<\/div>\n\t\t\t\t<div class=\"elementor-element elementor-element-a6d337d elementor-widget elementor-widget-text-editor\" data-id=\"a6d337d\" data-element_type=\"widget\" data-widget_type=\"text-editor.default\">\n\t\t\t\t<div class=\"elementor-widget-container\">\n\t\t\t\t\t\t\t<ul>\n<li>Base en tube d\u2019acier inoxydable AISI 304<\/li>\n<li>1 station de soufflage avec 2 jets d\u2019air <\/li>\n<li>Groupe filtre \u00e0 air 0,001 micron avec charbon actif<\/li>\n<li>Adapt\u00e9e \u00e0 tous les formats de contenants standards<\/li>\n<\/ul>\n\t\t\t\t\t\t<\/div>\n\t\t\t\t<\/div>\n\t\t\t\t\t<\/div>\n\t\t\t\t<\/div>\n\t\t\t\t<\/div>\n\t\t","protected":false},"excerpt":{"rendered":"<p><strong>Machine \u00e0 fonctionnement manuel<\/strong> \u00e9quip\u00e9e de 2 buses pour souffler de l\u2019air comprim\u00e9 (fournie par le Client) \u00e0 l\u2019int\u00e9rieur des contenants vides, <strong>avant le remplissage<\/strong>.<br \/>\nLa machine ne n\u00e9cessite pas d\u2019\u00e9lectricit\u00e9.<\/p>\n<div><a class=\"pulsanterosso\" href=\"#caratteristiche\">Caract\u00e9ristiques techniques<\/a><\/div>\n","protected":false},"featured_media":11617,"template":"","meta":{"inline_featured_image":false},"product_cat":[121],"product_tag":[],"class_list":{"0":"post-11614","1":"product","2":"type-product","3":"status-publish","4":"has-post-thumbnail","6":"product_cat-laveuses-secheuses-souffleuses","7":"pa_applicazione-contenants-vides","8":"pa_funzionamento-semi-automatique","9":"pa_settore-alimentaire","10":"pa_settore-chimie-et-engrais","11":"pa_settore-cosmetique-et-detergence-fr","13":"first","14":"instock","15":"shipping-taxable","16":"product-type-simple"},"yoast_head":"<!-- This site is optimized with the Yoast SEO plugin v22.7 - https:\/\/yoast.com\/wordpress\/plugins\/seo\/ -->\n<title>Souffleuse Manuelle | STV Machinery<\/title>\n<meta name=\"description\" content=\"Machine \u00e0 fonctionnement manuel \u00e9quip\u00e9e de 2 buses pour le soufflage d\u2019air comprim\u00e9 \u00e0 l\u2019int\u00e9rieur des contenants vides avant le remplissage.\" \/>\n<meta name=\"robots\" content=\"index, follow, max-snippet:-1, max-image-preview:large, max-video-preview:-1\" \/>\n<link rel=\"canonical\" href=\"https:\/\/www.stvmachinery.it\/fr\/macchinari\/laveuses-secheuses-souffleuses\/souffleuse-manuelle\/\" \/>\n<meta property=\"og:locale\" content=\"fr_FR\" \/>\n<meta property=\"og:type\" content=\"article\" \/>\n<meta property=\"og:title\" content=\"Souffleuse Manuelle | STV Machinery\" \/>\n<meta property=\"og:description\" content=\"Machine \u00e0 fonctionnement manuel \u00e9quip\u00e9e de 2 buses pour le soufflage d\u2019air comprim\u00e9 \u00e0 l\u2019int\u00e9rieur des contenants vides avant le remplissage.\" \/>\n<meta property=\"og:url\" content=\"https:\/\/www.stvmachinery.it\/fr\/macchinari\/laveuses-secheuses-souffleuses\/souffleuse-manuelle\/\" \/>\n<meta property=\"og:site_name\" content=\"STV Machinery\" \/>\n<meta property=\"article:modified_time\" content=\"2026-01-12T09:23:46+00:00\" \/>\n<meta property=\"og:image\" content=\"https:\/\/www.stvmachinery.it\/wp-content\/uploads\/2025\/12\/Soffiatrice-semiautomatica.webp\" \/>\n\t<meta property=\"og:image:width\" content=\"1200\" \/>\n\t<meta property=\"og:image:height\" content=\"1200\" \/>\n\t<meta property=\"og:image:type\" content=\"image\/webp\" \/>\n<meta name=\"twitter:card\" content=\"summary_large_image\" \/>\n<meta name=\"twitter:label1\" content=\"Dur\u00e9e de lecture estim\u00e9e\" \/>\n\t<meta name=\"twitter:data1\" content=\"1 minute\" \/>\n<script type=\"application\/ld+json\" class=\"yoast-schema-graph\">{\"@context\":\"https:\/\/schema.org\",\"@graph\":[{\"@type\":\"WebPage\",\"@id\":\"https:\/\/www.stvmachinery.it\/fr\/macchinari\/laveuses-secheuses-souffleuses\/souffleuse-manuelle\/\",\"url\":\"https:\/\/www.stvmachinery.it\/fr\/macchinari\/laveuses-secheuses-souffleuses\/souffleuse-manuelle\/\",\"name\":\"Souffleuse Manuelle | STV Machinery\",\"isPartOf\":{\"@id\":\"https:\/\/www.stvmachinery.it\/fr\/#website\"},\"primaryImageOfPage\":{\"@id\":\"https:\/\/www.stvmachinery.it\/fr\/macchinari\/laveuses-secheuses-souffleuses\/souffleuse-manuelle\/#primaryimage\"},\"image\":{\"@id\":\"https:\/\/www.stvmachinery.it\/fr\/macchinari\/laveuses-secheuses-souffleuses\/souffleuse-manuelle\/#primaryimage\"},\"thumbnailUrl\":\"https:\/\/www.stvmachinery.it\/wp-content\/uploads\/2025\/12\/Soffiatrice-semiautomatica.webp\",\"datePublished\":\"2025-12-12T13:28:36+00:00\",\"dateModified\":\"2026-01-12T09:23:46+00:00\",\"description\":\"Machine \u00e0 fonctionnement manuel \u00e9quip\u00e9e de 2 buses pour le soufflage d\u2019air comprim\u00e9 \u00e0 l\u2019int\u00e9rieur des contenants vides avant le remplissage.\",\"breadcrumb\":{\"@id\":\"https:\/\/www.stvmachinery.it\/fr\/macchinari\/laveuses-secheuses-souffleuses\/souffleuse-manuelle\/#breadcrumb\"},\"inLanguage\":\"fr-FR\",\"potentialAction\":[{\"@type\":\"ReadAction\",\"target\":[\"https:\/\/www.stvmachinery.it\/fr\/macchinari\/laveuses-secheuses-souffleuses\/souffleuse-manuelle\/\"]}]},{\"@type\":\"ImageObject\",\"inLanguage\":\"fr-FR\",\"@id\":\"https:\/\/www.stvmachinery.it\/fr\/macchinari\/laveuses-secheuses-souffleuses\/souffleuse-manuelle\/#primaryimage\",\"url\":\"https:\/\/www.stvmachinery.it\/wp-content\/uploads\/2025\/12\/Soffiatrice-semiautomatica.webp\",\"contentUrl\":\"https:\/\/www.stvmachinery.it\/wp-content\/uploads\/2025\/12\/Soffiatrice-semiautomatica.webp\",\"width\":1200,\"height\":1200},{\"@type\":\"BreadcrumbList\",\"@id\":\"https:\/\/www.stvmachinery.it\/fr\/macchinari\/laveuses-secheuses-souffleuses\/souffleuse-manuelle\/#breadcrumb\",\"itemListElement\":[{\"@type\":\"ListItem\",\"position\":1,\"name\":\"Home\",\"item\":\"https:\/\/www.stvmachinery.it\/fr\/stv-machinery\/\"},{\"@type\":\"ListItem\",\"position\":2,\"name\":\"Machines\",\"item\":\"https:\/\/www.stvmachinery.it\/fr\/machines\/\"},{\"@type\":\"ListItem\",\"position\":3,\"name\":\"Souffleuse Manuelle\"}]},{\"@type\":\"WebSite\",\"@id\":\"https:\/\/www.stvmachinery.it\/fr\/#website\",\"url\":\"https:\/\/www.stvmachinery.it\/fr\/\",\"name\":\"STV Machinery\",\"description\":\"Macchine ed impianti per l\u2019industria agroalimentare e conserviera\",\"publisher\":{\"@id\":\"https:\/\/www.stvmachinery.it\/fr\/#organization\"},\"potentialAction\":[{\"@type\":\"SearchAction\",\"target\":{\"@type\":\"EntryPoint\",\"urlTemplate\":\"https:\/\/www.stvmachinery.it\/fr\/?s={search_term_string}\"},\"query-input\":\"required name=search_term_string\"}],\"inLanguage\":\"fr-FR\"},{\"@type\":\"Organization\",\"@id\":\"https:\/\/www.stvmachinery.it\/fr\/#organization\",\"name\":\"S.T.V. di Salati Giovanni & C. \u2013 S.n.c.\",\"alternateName\":\"STV Machinery\",\"url\":\"https:\/\/www.stvmachinery.it\/fr\/\",\"logo\":{\"@type\":\"ImageObject\",\"inLanguage\":\"fr-FR\",\"@id\":\"https:\/\/www.stvmachinery.it\/fr\/#\/schema\/logo\/image\/\",\"url\":\"https:\/\/www.stvmachinery.it\/wp-content\/uploads\/2021\/06\/stv-machinery-logo-positivo.png\",\"contentUrl\":\"https:\/\/www.stvmachinery.it\/wp-content\/uploads\/2021\/06\/stv-machinery-logo-positivo.png\",\"width\":481,\"height\":233,\"caption\":\"S.T.V. di Salati Giovanni & C. \u2013 S.n.c.\"},\"image\":{\"@id\":\"https:\/\/www.stvmachinery.it\/fr\/#\/schema\/logo\/image\/\"},\"sameAs\":[\"https:\/\/it.linkedin.com\/company\/stv-machinery\",\"https:\/\/www.youtube.com\/channel\/UCceMPa8POjTOmZeA2_KUoeg\"]}]}<\/script>\n<!-- \/ Yoast SEO plugin. -->","yoast_head_json":{"title":"Souffleuse Manuelle | STV Machinery","description":"Machine \u00e0 fonctionnement manuel \u00e9quip\u00e9e de 2 buses pour le soufflage d\u2019air comprim\u00e9 \u00e0 l\u2019int\u00e9rieur des contenants vides avant le remplissage.","robots":{"index":"index","follow":"follow","max-snippet":"max-snippet:-1","max-image-preview":"max-image-preview:large","max-video-preview":"max-video-preview:-1"},"canonical":"https:\/\/www.stvmachinery.it\/fr\/macchinari\/laveuses-secheuses-souffleuses\/souffleuse-manuelle\/","og_locale":"fr_FR","og_type":"article","og_title":"Souffleuse Manuelle | STV Machinery","og_description":"Machine \u00e0 fonctionnement manuel \u00e9quip\u00e9e de 2 buses pour le soufflage d\u2019air comprim\u00e9 \u00e0 l\u2019int\u00e9rieur des contenants vides avant le remplissage.","og_url":"https:\/\/www.stvmachinery.it\/fr\/macchinari\/laveuses-secheuses-souffleuses\/souffleuse-manuelle\/","og_site_name":"STV Machinery","article_modified_time":"2026-01-12T09:23:46+00:00","og_image":[{"width":1200,"height":1200,"url":"https:\/\/www.stvmachinery.it\/wp-content\/uploads\/2025\/12\/Soffiatrice-semiautomatica.webp","type":"image\/webp"}],"twitter_card":"summary_large_image","twitter_misc":{"Dur\u00e9e de lecture estim\u00e9e":"1 minute"},"schema":{"@context":"https:\/\/schema.org","@graph":[{"@type":"WebPage","@id":"https:\/\/www.stvmachinery.it\/fr\/macchinari\/laveuses-secheuses-souffleuses\/souffleuse-manuelle\/","url":"https:\/\/www.stvmachinery.it\/fr\/macchinari\/laveuses-secheuses-souffleuses\/souffleuse-manuelle\/","name":"Souffleuse Manuelle | STV Machinery","isPartOf":{"@id":"https:\/\/www.stvmachinery.it\/fr\/#website"},"primaryImageOfPage":{"@id":"https:\/\/www.stvmachinery.it\/fr\/macchinari\/laveuses-secheuses-souffleuses\/souffleuse-manuelle\/#primaryimage"},"image":{"@id":"https:\/\/www.stvmachinery.it\/fr\/macchinari\/laveuses-secheuses-souffleuses\/souffleuse-manuelle\/#primaryimage"},"thumbnailUrl":"https:\/\/www.stvmachinery.it\/wp-content\/uploads\/2025\/12\/Soffiatrice-semiautomatica.webp","datePublished":"2025-12-12T13:28:36+00:00","dateModified":"2026-01-12T09:23:46+00:00","description":"Machine \u00e0 fonctionnement manuel \u00e9quip\u00e9e de 2 buses pour le soufflage d\u2019air comprim\u00e9 \u00e0 l\u2019int\u00e9rieur des contenants vides avant le remplissage.","breadcrumb":{"@id":"https:\/\/www.stvmachinery.it\/fr\/macchinari\/laveuses-secheuses-souffleuses\/souffleuse-manuelle\/#breadcrumb"},"inLanguage":"fr-FR","potentialAction":[{"@type":"ReadAction","target":["https:\/\/www.stvmachinery.it\/fr\/macchinari\/laveuses-secheuses-souffleuses\/souffleuse-manuelle\/"]}]},{"@type":"ImageObject","inLanguage":"fr-FR","@id":"https:\/\/www.stvmachinery.it\/fr\/macchinari\/laveuses-secheuses-souffleuses\/souffleuse-manuelle\/#primaryimage","url":"https:\/\/www.stvmachinery.it\/wp-content\/uploads\/2025\/12\/Soffiatrice-semiautomatica.webp","contentUrl":"https:\/\/www.stvmachinery.it\/wp-content\/uploads\/2025\/12\/Soffiatrice-semiautomatica.webp","width":1200,"height":1200},{"@type":"BreadcrumbList","@id":"https:\/\/www.stvmachinery.it\/fr\/macchinari\/laveuses-secheuses-souffleuses\/souffleuse-manuelle\/#breadcrumb","itemListElement":[{"@type":"ListItem","position":1,"name":"Home","item":"https:\/\/www.stvmachinery.it\/fr\/stv-machinery\/"},{"@type":"ListItem","position":2,"name":"Machines","item":"https:\/\/www.stvmachinery.it\/fr\/machines\/"},{"@type":"ListItem","position":3,"name":"Souffleuse Manuelle"}]},{"@type":"WebSite","@id":"https:\/\/www.stvmachinery.it\/fr\/#website","url":"https:\/\/www.stvmachinery.it\/fr\/","name":"STV Machinery","description":"Macchine ed impianti per l\u2019industria agroalimentare e conserviera","publisher":{"@id":"https:\/\/www.stvmachinery.it\/fr\/#organization"},"potentialAction":[{"@type":"SearchAction","target":{"@type":"EntryPoint","urlTemplate":"https:\/\/www.stvmachinery.it\/fr\/?s={search_term_string}"},"query-input":"required name=search_term_string"}],"inLanguage":"fr-FR"},{"@type":"Organization","@id":"https:\/\/www.stvmachinery.it\/fr\/#organization","name":"S.T.V. di Salati Giovanni & C. \u2013 S.n.c.","alternateName":"STV Machinery","url":"https:\/\/www.stvmachinery.it\/fr\/","logo":{"@type":"ImageObject","inLanguage":"fr-FR","@id":"https:\/\/www.stvmachinery.it\/fr\/#\/schema\/logo\/image\/","url":"https:\/\/www.stvmachinery.it\/wp-content\/uploads\/2021\/06\/stv-machinery-logo-positivo.png","contentUrl":"https:\/\/www.stvmachinery.it\/wp-content\/uploads\/2021\/06\/stv-machinery-logo-positivo.png","width":481,"height":233,"caption":"S.T.V. di Salati Giovanni & C. \u2013 S.n.c."},"image":{"@id":"https:\/\/www.stvmachinery.it\/fr\/#\/schema\/logo\/image\/"},"sameAs":["https:\/\/it.linkedin.com\/company\/stv-machinery","https:\/\/www.youtube.com\/channel\/UCceMPa8POjTOmZeA2_KUoeg"]}]}},"_links":{"self":[{"href":"https:\/\/www.stvmachinery.it\/fr\/wp-json\/wp\/v2\/product\/11614","targetHints":{"allow":["GET"]}}],"collection":[{"href":"https:\/\/www.stvmachinery.it\/fr\/wp-json\/wp\/v2\/product"}],"about":[{"href":"https:\/\/www.stvmachinery.it\/fr\/wp-json\/wp\/v2\/types\/product"}],"version-history":[{"count":7,"href":"https:\/\/www.stvmachinery.it\/fr\/wp-json\/wp\/v2\/product\/11614\/revisions"}],"predecessor-version":[{"id":11894,"href":"https:\/\/www.stvmachinery.it\/fr\/wp-json\/wp\/v2\/product\/11614\/revisions\/11894"}],"wp:featuredmedia":[{"embeddable":true,"href":"https:\/\/www.stvmachinery.it\/fr\/wp-json\/wp\/v2\/media\/11617"}],"wp:attachment":[{"href":"https:\/\/www.stvmachinery.it\/fr\/wp-json\/wp\/v2\/media?parent=11614"}],"wp:term":[{"taxonomy":"product_cat","embeddable":true,"href":"https:\/\/www.stvmachinery.it\/fr\/wp-json\/wp\/v2\/product_cat?post=11614"},{"taxonomy":"product_tag","embeddable":true,"href":"https:\/\/www.stvmachinery.it\/fr\/wp-json\/wp\/v2\/product_tag?post=11614"}],"curies":[{"name":"wp","href":"https:\/\/api.w.org\/{rel}","templated":true}]}}