{"id":11638,"date":"2025-12-12T14:41:16","date_gmt":"2025-12-12T13:41:16","guid":{"rendered":"https:\/\/www.stvmachinery.it\/?post_type=product&#038;p=11638"},"modified":"2025-12-12T16:31:03","modified_gmt":"2025-12-12T15:31:03","slug":"remplisseuse-boucheuse-de-seaux-pour-produits-granulaires","status":"publish","type":"product","link":"https:\/\/www.stvmachinery.it\/fr\/macchinari\/monobloc-de-remplissage-et-fermeture\/remplisseuse-boucheuse-de-seaux-pour-produits-granulaires\/","title":{"rendered":"Remplisseuse-boucheuse de seaux pour produits granulaires"},"content":{"rendered":"\t\t<div data-elementor-type=\"product-post\" data-elementor-id=\"11638\" class=\"elementor elementor-11638 elementor-11635\" data-elementor-post-type=\"product\">\n\t\t\t\t<div class=\"elementor-element elementor-element-3ee20df e-flex e-con-boxed e-con e-parent\" data-id=\"3ee20df\" data-element_type=\"container\" id=\"caratteristiche\">\n\t\t\t\t\t<div class=\"e-con-inner\">\n\t\t\t\t<div class=\"elementor-element elementor-element-ce0fe72 elementor-widget elementor-widget-text-editor\" data-id=\"ce0fe72\" data-element_type=\"widget\" data-widget_type=\"text-editor.default\">\n\t\t\t\t<div class=\"elementor-widget-container\">\n\t\t\t<style>\/*! elementor - v3.21.0 - 08-05-2024 *\/\n.elementor-widget-text-editor.elementor-drop-cap-view-stacked .elementor-drop-cap{background-color:#69727d;color:#fff}.elementor-widget-text-editor.elementor-drop-cap-view-framed .elementor-drop-cap{color:#69727d;border:3px solid;background-color:transparent}.elementor-widget-text-editor:not(.elementor-drop-cap-view-default) .elementor-drop-cap{margin-top:8px}.elementor-widget-text-editor:not(.elementor-drop-cap-view-default) .elementor-drop-cap-letter{width:1em;height:1em}.elementor-widget-text-editor .elementor-drop-cap{float:left;text-align:center;line-height:1;font-size:50px}.elementor-widget-text-editor .elementor-drop-cap-letter{display:inline-block}<\/style>\t\t\t\t<h3 class=\"product-item-title\">Caract\u00e9ristiques de fabrication<\/h3>\n<ul>\n<li>Convoyeur en acier inoxydable avec cha\u00eene \u00e0 barrettes pour la manutention des seaux en file indienne<\/li>\n<li>Structure en acier inoxydable et aluminium anodis\u00e9<\/li>\n<li>Fonctionnement pneumatique<\/li>\n<li>Plateau de prise en aluminium profil\u00e9 selon le couvercle \u00e0 utiliser<\/li>\n<li>Pr\u00e9hension du couvercle par ventouse<\/li>\n<li>Syst\u00e8me de vide par venturi<\/li>\n<li>Magasin vertical en inox avec s\u00e9parateurs pneumatiques<\/li>\n<li>Cellules photo\u00e9lectriques de pr\u00e9sence des contenants<\/li>\n<li>Armoire \u00e9lectrique\/pneumatique<\/li>\n<li>Pupitre op\u00e9rateur Siemens 7\u201d \u00e0 \u00e9cran tactile<\/li>\n<\/ul>\n\t\t\t\t\t\t<\/div>\n\t\t\t\t<\/div>\n\t\t\t\t\t<\/div>\n\t\t\t\t<\/div>\n\t\t<div class=\"elementor-element elementor-element-7bffd7d e-flex e-con-boxed e-con e-parent\" data-id=\"7bffd7d\" data-element_type=\"container\" data-settings=\"{&quot;background_background&quot;:&quot;classic&quot;}\">\n\t\t\t\t\t<div class=\"e-con-inner\">\n\t\t\t\t<div class=\"elementor-element elementor-element-a84dc14 elementor-widget elementor-widget-text-editor\" data-id=\"a84dc14\" data-element_type=\"widget\" data-widget_type=\"text-editor.default\">\n\t\t\t\t<div class=\"elementor-widget-container\">\n\t\t\t\t\t\t\t<h3 class=\"product-item-title\">Fonctionnement<\/h3>\n<ul>\n<li>Premi\u00e8re station : <strong>positionnement<\/strong> des seaux<\/li>\n<li><strong>Deuxi\u00e8me station<\/strong> : <strong>remplissage<\/strong><\/li>\n<li><strong>Troisi\u00e8me station<\/strong> : <strong>fermeture<\/strong> des contenants<\/li>\n<\/ul>\n\t\t\t\t\t\t<\/div>\n\t\t\t\t<\/div>\n\t\t\t\t\t<\/div>\n\t\t\t\t<\/div>\n\t\t<div class=\"elementor-element elementor-element-29845a2 e-flex e-con-boxed e-con e-parent\" data-id=\"29845a2\" data-element_type=\"container\">\n\t\t\t\t\t<div class=\"e-con-inner\">\n\t\t\t\t<div class=\"elementor-element elementor-element-a16b40d elementor-widget elementor-widget-heading\" data-id=\"a16b40d\" data-element_type=\"widget\" data-widget_type=\"heading.default\">\n\t\t\t\t<div class=\"elementor-widget-container\">\n\t\t\t<style>\/*! elementor - v3.21.0 - 08-05-2024 *\/\n.elementor-heading-title{padding:0;margin:0;line-height:1}.elementor-widget-heading .elementor-heading-title[class*=elementor-size-]>a{color:inherit;font-size:inherit;line-height:inherit}.elementor-widget-heading .elementor-heading-title.elementor-size-small{font-size:15px}.elementor-widget-heading .elementor-heading-title.elementor-size-medium{font-size:19px}.elementor-widget-heading .elementor-heading-title.elementor-size-large{font-size:29px}.elementor-widget-heading .elementor-heading-title.elementor-size-xl{font-size:39px}.elementor-widget-heading .elementor-heading-title.elementor-size-xxl{font-size:59px}<\/style><h4 class=\"elementor-heading-title elementor-size-default\">\u00c9quipements de la machine<\/h4>\t\t<\/div>\n\t\t\t\t<\/div>\n\t\t\t\t<div class=\"elementor-element elementor-element-5594f62 elementor-widget elementor-widget-text-editor\" data-id=\"5594f62\" data-element_type=\"widget\" data-widget_type=\"text-editor.default\">\n\t\t\t\t<div class=\"elementor-widget-container\">\n\t\t\t\t\t\t\t<ul>\n<li><strong>Protections de s\u00e9curit\u00e9<\/strong> en profil\u00e9s d\u2019aluminium et Lexan transparent, toutes \u00e9quip\u00e9es de fins de course de s\u00e9curit\u00e9 sur chaque partie ouvrante<\/li>\n<li><strong>Stations r\u00e9glables en hauteur<\/strong> pour s\u2019adapter au format \u00e0 traiter<\/li>\n<li><strong>Groupe d\u2019aspiration des poussi\u00e8res<\/strong> pour capter les poussi\u00e8res \u00e9mises lors du transfert du produit des t\u00e9lescopes vers les contenants, sans dispersion<\/li>\n<\/ul>\n\t\t\t\t\t\t<\/div>\n\t\t\t\t<\/div>\n\t\t\t\t\t<\/div>\n\t\t\t\t<\/div>\n\t\t<div class=\"elementor-element elementor-element-cc6c75a e-flex e-con-boxed e-con e-parent\" data-id=\"cc6c75a\" data-element_type=\"container\" data-settings=\"{&quot;background_background&quot;:&quot;classic&quot;}\">\n\t\t\t\t\t<div class=\"e-con-inner\">\n\t\t<div class=\"elementor-element elementor-element-cdb8594 e-flex e-con-boxed e-con e-child\" data-id=\"cdb8594\" data-element_type=\"container\">\n\t\t\t\t\t<div class=\"e-con-inner\">\n\t\t\t\t<div class=\"elementor-element elementor-element-846f851 elementor-widget elementor-widget-text-editor\" data-id=\"846f851\" data-element_type=\"widget\" data-widget_type=\"text-editor.default\">\n\t\t\t\t<div class=\"elementor-widget-container\">\n\t\t\t\t\t\t\t<h3 class=\"product-item-title\">Video<\/h3>\n\t\t\t\t\t\t<\/div>\n\t\t\t\t<\/div>\n\t\t\t\t<div class=\"elementor-element elementor-element-89814c7 elementor-widget elementor-widget-video\" data-id=\"89814c7\" data-element_type=\"widget\" data-settings=\"{&quot;video_type&quot;:&quot;hosted&quot;,&quot;controls&quot;:&quot;yes&quot;}\" data-widget_type=\"video.default\">\n\t\t\t\t<div class=\"elementor-widget-container\">\n\t\t\t<style>\/*! elementor - v3.21.0 - 08-05-2024 *\/\n.elementor-widget-video .elementor-widget-container{overflow:hidden;transform:translateZ(0)}.elementor-widget-video .elementor-wrapper{aspect-ratio:var(--video-aspect-ratio)}.elementor-widget-video .elementor-wrapper iframe,.elementor-widget-video .elementor-wrapper video{height:100%;width:100%;display:flex;border:none;background-color:#000}@supports not (aspect-ratio:1\/1){.elementor-widget-video .elementor-wrapper{position:relative;overflow:hidden;height:0;padding-bottom:calc(100% \/ var(--video-aspect-ratio))}.elementor-widget-video .elementor-wrapper iframe,.elementor-widget-video .elementor-wrapper video{position:absolute;top:0;right:0;bottom:0;left:0}}.elementor-widget-video .elementor-open-inline .elementor-custom-embed-image-overlay{position:absolute;top:0;right:0;bottom:0;left:0;background-size:cover;background-position:50%}.elementor-widget-video .elementor-custom-embed-image-overlay{cursor:pointer;text-align:center}.elementor-widget-video .elementor-custom-embed-image-overlay:hover .elementor-custom-embed-play i{opacity:1}.elementor-widget-video .elementor-custom-embed-image-overlay img{display:block;width:100%;aspect-ratio:var(--video-aspect-ratio);-o-object-fit:cover;object-fit:cover;-o-object-position:center center;object-position:center center}@supports not (aspect-ratio:1\/1){.elementor-widget-video .elementor-custom-embed-image-overlay{position:relative;overflow:hidden;height:0;padding-bottom:calc(100% \/ var(--video-aspect-ratio))}.elementor-widget-video .elementor-custom-embed-image-overlay img{position:absolute;top:0;right:0;bottom:0;left:0}}.elementor-widget-video .e-hosted-video .elementor-video{-o-object-fit:cover;object-fit:cover}.e-con-inner>.elementor-widget-video,.e-con>.elementor-widget-video{width:var(--container-widget-width);--flex-grow:var(--container-widget-flex-grow)}<\/style>\t\t<div class=\"e-hosted-video elementor-wrapper elementor-open-inline\">\n\t\t\t\t\t<video class=\"elementor-video\" src=\"https:\/\/www.stvmachinery.it\/wp-content\/uploads\/2025\/12\/Riempitrice-tappatrice-secchielli-per-prodotti-granulari.mp4\" controls=\"\" preload=\"metadata\" controlsList=\"nodownload\"><\/video>\n\t\t\t\t<\/div>\n\t\t\t\t<\/div>\n\t\t\t\t<\/div>\n\t\t\t\t\t<\/div>\n\t\t\t\t<\/div>\n\t\t\t\t\t<\/div>\n\t\t\t\t<\/div>\n\t\t\t\t<\/div>\n\t\t","protected":false},"excerpt":{"rendered":"<p>Machine adapt\u00e9e au <strong>d\u00e9sempilage<\/strong>, au <strong>remplissage<\/strong> de produits <strong>granulaires<\/strong> (chapelure, bouillon granul\u00e9, c\u00e9r\u00e9ales, pet food, etc.) et \u00e0 la <strong>fermeture<\/strong> par couvercle de seaux en plastique, cylindriques et coniques.<br \/><strong>Cadence m\u00e9canique : sur demande<\/strong><\/p>\n<p><a class=\"pulsanterosso\" href=\"#caratteristiche\">Caract\u00e9ristiques techniques<\/a><\/p>\n","protected":false},"featured_media":11641,"template":"","meta":{"inline_featured_image":false},"product_cat":[123],"product_tag":[],"class_list":{"0":"post-11638","1":"product","2":"type-product","3":"status-publish","4":"has-post-thumbnail","6":"product_cat-monobloc-de-remplissage-et-fermeture","7":"pa_applicazione-produits-solides","8":"pa_funzionamento-automatique","9":"pa_settore-alimentaire","10":"pa_settore-chimie-et-engrais","11":"pa_settore-cosmetique-et-detergence-fr","13":"first","14":"instock","15":"shipping-taxable","16":"product-type-simple"},"yoast_head":"<!-- This site is optimized with the Yoast SEO plugin v22.7 - https:\/\/yoast.com\/wordpress\/plugins\/seo\/ -->\n<title>Remplisseuse-boucheuse de seaux pour produits granulaires | STV Machinery<\/title>\n<meta name=\"description\" content=\"Machine adapt\u00e9e au d\u00e9pilage, au remplissage de produits granulaires et \u00e0 la fermeture par couvercles de seaux en plastique cylindriques et coniques.\" \/>\n<meta name=\"robots\" content=\"index, follow, max-snippet:-1, max-image-preview:large, max-video-preview:-1\" \/>\n<link rel=\"canonical\" href=\"https:\/\/www.stvmachinery.it\/fr\/macchinari\/monobloc-de-remplissage-et-fermeture\/remplisseuse-boucheuse-de-seaux-pour-produits-granulaires\/\" \/>\n<meta property=\"og:locale\" content=\"fr_FR\" \/>\n<meta property=\"og:type\" content=\"article\" \/>\n<meta property=\"og:title\" content=\"Remplisseuse-boucheuse de seaux pour produits granulaires | STV Machinery\" \/>\n<meta property=\"og:description\" content=\"Machine adapt\u00e9e au d\u00e9pilage, au remplissage de produits granulaires et \u00e0 la fermeture par couvercles de seaux en plastique cylindriques et coniques.\" \/>\n<meta property=\"og:url\" content=\"https:\/\/www.stvmachinery.it\/fr\/macchinari\/monobloc-de-remplissage-et-fermeture\/remplisseuse-boucheuse-de-seaux-pour-produits-granulaires\/\" \/>\n<meta property=\"og:site_name\" content=\"STV Machinery\" \/>\n<meta property=\"article:modified_time\" content=\"2025-12-12T15:31:03+00:00\" \/>\n<meta property=\"og:image\" content=\"https:\/\/www.stvmachinery.it\/wp-content\/uploads\/2025\/12\/Riempitrice-tappatrice-secchielli-per-prodotti-granulari.webp\" \/>\n\t<meta property=\"og:image:width\" content=\"1200\" \/>\n\t<meta property=\"og:image:height\" content=\"1200\" \/>\n\t<meta property=\"og:image:type\" content=\"image\/webp\" \/>\n<meta name=\"twitter:card\" content=\"summary_large_image\" \/>\n<meta name=\"twitter:label1\" content=\"Dur\u00e9e de lecture estim\u00e9e\" \/>\n\t<meta name=\"twitter:data1\" content=\"4 minutes\" \/>\n<script type=\"application\/ld+json\" class=\"yoast-schema-graph\">{\"@context\":\"https:\/\/schema.org\",\"@graph\":[{\"@type\":\"WebPage\",\"@id\":\"https:\/\/www.stvmachinery.it\/fr\/macchinari\/monobloc-de-remplissage-et-fermeture\/remplisseuse-boucheuse-de-seaux-pour-produits-granulaires\/\",\"url\":\"https:\/\/www.stvmachinery.it\/fr\/macchinari\/monobloc-de-remplissage-et-fermeture\/remplisseuse-boucheuse-de-seaux-pour-produits-granulaires\/\",\"name\":\"Remplisseuse-boucheuse de seaux pour produits granulaires | STV Machinery\",\"isPartOf\":{\"@id\":\"https:\/\/www.stvmachinery.it\/fr\/#website\"},\"primaryImageOfPage\":{\"@id\":\"https:\/\/www.stvmachinery.it\/fr\/macchinari\/monobloc-de-remplissage-et-fermeture\/remplisseuse-boucheuse-de-seaux-pour-produits-granulaires\/#primaryimage\"},\"image\":{\"@id\":\"https:\/\/www.stvmachinery.it\/fr\/macchinari\/monobloc-de-remplissage-et-fermeture\/remplisseuse-boucheuse-de-seaux-pour-produits-granulaires\/#primaryimage\"},\"thumbnailUrl\":\"https:\/\/www.stvmachinery.it\/wp-content\/uploads\/2025\/12\/Riempitrice-tappatrice-secchielli-per-prodotti-granulari.webp\",\"datePublished\":\"2025-12-12T13:41:16+00:00\",\"dateModified\":\"2025-12-12T15:31:03+00:00\",\"description\":\"Machine adapt\u00e9e au d\u00e9pilage, au remplissage de produits granulaires et \u00e0 la fermeture par couvercles de seaux en plastique cylindriques et coniques.\",\"breadcrumb\":{\"@id\":\"https:\/\/www.stvmachinery.it\/fr\/macchinari\/monobloc-de-remplissage-et-fermeture\/remplisseuse-boucheuse-de-seaux-pour-produits-granulaires\/#breadcrumb\"},\"inLanguage\":\"fr-FR\",\"potentialAction\":[{\"@type\":\"ReadAction\",\"target\":[\"https:\/\/www.stvmachinery.it\/fr\/macchinari\/monobloc-de-remplissage-et-fermeture\/remplisseuse-boucheuse-de-seaux-pour-produits-granulaires\/\"]}]},{\"@type\":\"ImageObject\",\"inLanguage\":\"fr-FR\",\"@id\":\"https:\/\/www.stvmachinery.it\/fr\/macchinari\/monobloc-de-remplissage-et-fermeture\/remplisseuse-boucheuse-de-seaux-pour-produits-granulaires\/#primaryimage\",\"url\":\"https:\/\/www.stvmachinery.it\/wp-content\/uploads\/2025\/12\/Riempitrice-tappatrice-secchielli-per-prodotti-granulari.webp\",\"contentUrl\":\"https:\/\/www.stvmachinery.it\/wp-content\/uploads\/2025\/12\/Riempitrice-tappatrice-secchielli-per-prodotti-granulari.webp\",\"width\":1200,\"height\":1200},{\"@type\":\"BreadcrumbList\",\"@id\":\"https:\/\/www.stvmachinery.it\/fr\/macchinari\/monobloc-de-remplissage-et-fermeture\/remplisseuse-boucheuse-de-seaux-pour-produits-granulaires\/#breadcrumb\",\"itemListElement\":[{\"@type\":\"ListItem\",\"position\":1,\"name\":\"Home\",\"item\":\"https:\/\/www.stvmachinery.it\/fr\/stv-machinery\/\"},{\"@type\":\"ListItem\",\"position\":2,\"name\":\"Machines\",\"item\":\"https:\/\/www.stvmachinery.it\/fr\/machines\/\"},{\"@type\":\"ListItem\",\"position\":3,\"name\":\"Remplisseuse-boucheuse de seaux pour produits granulaires\"}]},{\"@type\":\"WebSite\",\"@id\":\"https:\/\/www.stvmachinery.it\/fr\/#website\",\"url\":\"https:\/\/www.stvmachinery.it\/fr\/\",\"name\":\"STV Machinery\",\"description\":\"Macchine ed impianti per l\u2019industria agroalimentare e conserviera\",\"publisher\":{\"@id\":\"https:\/\/www.stvmachinery.it\/fr\/#organization\"},\"potentialAction\":[{\"@type\":\"SearchAction\",\"target\":{\"@type\":\"EntryPoint\",\"urlTemplate\":\"https:\/\/www.stvmachinery.it\/fr\/?s={search_term_string}\"},\"query-input\":\"required name=search_term_string\"}],\"inLanguage\":\"fr-FR\"},{\"@type\":\"Organization\",\"@id\":\"https:\/\/www.stvmachinery.it\/fr\/#organization\",\"name\":\"S.T.V. di Salati Giovanni & C. \u2013 S.n.c.\",\"alternateName\":\"STV Machinery\",\"url\":\"https:\/\/www.stvmachinery.it\/fr\/\",\"logo\":{\"@type\":\"ImageObject\",\"inLanguage\":\"fr-FR\",\"@id\":\"https:\/\/www.stvmachinery.it\/fr\/#\/schema\/logo\/image\/\",\"url\":\"https:\/\/www.stvmachinery.it\/wp-content\/uploads\/2021\/06\/stv-machinery-logo-positivo.png\",\"contentUrl\":\"https:\/\/www.stvmachinery.it\/wp-content\/uploads\/2021\/06\/stv-machinery-logo-positivo.png\",\"width\":481,\"height\":233,\"caption\":\"S.T.V. di Salati Giovanni & C. \u2013 S.n.c.\"},\"image\":{\"@id\":\"https:\/\/www.stvmachinery.it\/fr\/#\/schema\/logo\/image\/\"},\"sameAs\":[\"https:\/\/it.linkedin.com\/company\/stv-machinery\",\"https:\/\/www.youtube.com\/channel\/UCceMPa8POjTOmZeA2_KUoeg\"]}]}<\/script>\n<!-- \/ Yoast SEO plugin. -->","yoast_head_json":{"title":"Remplisseuse-boucheuse de seaux pour produits granulaires | STV Machinery","description":"Machine adapt\u00e9e au d\u00e9pilage, au remplissage de produits granulaires et \u00e0 la fermeture par couvercles de seaux en plastique cylindriques et coniques.","robots":{"index":"index","follow":"follow","max-snippet":"max-snippet:-1","max-image-preview":"max-image-preview:large","max-video-preview":"max-video-preview:-1"},"canonical":"https:\/\/www.stvmachinery.it\/fr\/macchinari\/monobloc-de-remplissage-et-fermeture\/remplisseuse-boucheuse-de-seaux-pour-produits-granulaires\/","og_locale":"fr_FR","og_type":"article","og_title":"Remplisseuse-boucheuse de seaux pour produits granulaires | STV Machinery","og_description":"Machine adapt\u00e9e au d\u00e9pilage, au remplissage de produits granulaires et \u00e0 la fermeture par couvercles de seaux en plastique cylindriques et coniques.","og_url":"https:\/\/www.stvmachinery.it\/fr\/macchinari\/monobloc-de-remplissage-et-fermeture\/remplisseuse-boucheuse-de-seaux-pour-produits-granulaires\/","og_site_name":"STV Machinery","article_modified_time":"2025-12-12T15:31:03+00:00","og_image":[{"width":1200,"height":1200,"url":"https:\/\/www.stvmachinery.it\/wp-content\/uploads\/2025\/12\/Riempitrice-tappatrice-secchielli-per-prodotti-granulari.webp","type":"image\/webp"}],"twitter_card":"summary_large_image","twitter_misc":{"Dur\u00e9e de lecture estim\u00e9e":"4 minutes"},"schema":{"@context":"https:\/\/schema.org","@graph":[{"@type":"WebPage","@id":"https:\/\/www.stvmachinery.it\/fr\/macchinari\/monobloc-de-remplissage-et-fermeture\/remplisseuse-boucheuse-de-seaux-pour-produits-granulaires\/","url":"https:\/\/www.stvmachinery.it\/fr\/macchinari\/monobloc-de-remplissage-et-fermeture\/remplisseuse-boucheuse-de-seaux-pour-produits-granulaires\/","name":"Remplisseuse-boucheuse de seaux pour produits granulaires | STV Machinery","isPartOf":{"@id":"https:\/\/www.stvmachinery.it\/fr\/#website"},"primaryImageOfPage":{"@id":"https:\/\/www.stvmachinery.it\/fr\/macchinari\/monobloc-de-remplissage-et-fermeture\/remplisseuse-boucheuse-de-seaux-pour-produits-granulaires\/#primaryimage"},"image":{"@id":"https:\/\/www.stvmachinery.it\/fr\/macchinari\/monobloc-de-remplissage-et-fermeture\/remplisseuse-boucheuse-de-seaux-pour-produits-granulaires\/#primaryimage"},"thumbnailUrl":"https:\/\/www.stvmachinery.it\/wp-content\/uploads\/2025\/12\/Riempitrice-tappatrice-secchielli-per-prodotti-granulari.webp","datePublished":"2025-12-12T13:41:16+00:00","dateModified":"2025-12-12T15:31:03+00:00","description":"Machine adapt\u00e9e au d\u00e9pilage, au remplissage de produits granulaires et \u00e0 la fermeture par couvercles de seaux en plastique cylindriques et coniques.","breadcrumb":{"@id":"https:\/\/www.stvmachinery.it\/fr\/macchinari\/monobloc-de-remplissage-et-fermeture\/remplisseuse-boucheuse-de-seaux-pour-produits-granulaires\/#breadcrumb"},"inLanguage":"fr-FR","potentialAction":[{"@type":"ReadAction","target":["https:\/\/www.stvmachinery.it\/fr\/macchinari\/monobloc-de-remplissage-et-fermeture\/remplisseuse-boucheuse-de-seaux-pour-produits-granulaires\/"]}]},{"@type":"ImageObject","inLanguage":"fr-FR","@id":"https:\/\/www.stvmachinery.it\/fr\/macchinari\/monobloc-de-remplissage-et-fermeture\/remplisseuse-boucheuse-de-seaux-pour-produits-granulaires\/#primaryimage","url":"https:\/\/www.stvmachinery.it\/wp-content\/uploads\/2025\/12\/Riempitrice-tappatrice-secchielli-per-prodotti-granulari.webp","contentUrl":"https:\/\/www.stvmachinery.it\/wp-content\/uploads\/2025\/12\/Riempitrice-tappatrice-secchielli-per-prodotti-granulari.webp","width":1200,"height":1200},{"@type":"BreadcrumbList","@id":"https:\/\/www.stvmachinery.it\/fr\/macchinari\/monobloc-de-remplissage-et-fermeture\/remplisseuse-boucheuse-de-seaux-pour-produits-granulaires\/#breadcrumb","itemListElement":[{"@type":"ListItem","position":1,"name":"Home","item":"https:\/\/www.stvmachinery.it\/fr\/stv-machinery\/"},{"@type":"ListItem","position":2,"name":"Machines","item":"https:\/\/www.stvmachinery.it\/fr\/machines\/"},{"@type":"ListItem","position":3,"name":"Remplisseuse-boucheuse de seaux pour produits granulaires"}]},{"@type":"WebSite","@id":"https:\/\/www.stvmachinery.it\/fr\/#website","url":"https:\/\/www.stvmachinery.it\/fr\/","name":"STV Machinery","description":"Macchine ed impianti per l\u2019industria agroalimentare e conserviera","publisher":{"@id":"https:\/\/www.stvmachinery.it\/fr\/#organization"},"potentialAction":[{"@type":"SearchAction","target":{"@type":"EntryPoint","urlTemplate":"https:\/\/www.stvmachinery.it\/fr\/?s={search_term_string}"},"query-input":"required name=search_term_string"}],"inLanguage":"fr-FR"},{"@type":"Organization","@id":"https:\/\/www.stvmachinery.it\/fr\/#organization","name":"S.T.V. di Salati Giovanni & C. \u2013 S.n.c.","alternateName":"STV Machinery","url":"https:\/\/www.stvmachinery.it\/fr\/","logo":{"@type":"ImageObject","inLanguage":"fr-FR","@id":"https:\/\/www.stvmachinery.it\/fr\/#\/schema\/logo\/image\/","url":"https:\/\/www.stvmachinery.it\/wp-content\/uploads\/2021\/06\/stv-machinery-logo-positivo.png","contentUrl":"https:\/\/www.stvmachinery.it\/wp-content\/uploads\/2021\/06\/stv-machinery-logo-positivo.png","width":481,"height":233,"caption":"S.T.V. di Salati Giovanni & C. \u2013 S.n.c."},"image":{"@id":"https:\/\/www.stvmachinery.it\/fr\/#\/schema\/logo\/image\/"},"sameAs":["https:\/\/it.linkedin.com\/company\/stv-machinery","https:\/\/www.youtube.com\/channel\/UCceMPa8POjTOmZeA2_KUoeg"]}]}},"_links":{"self":[{"href":"https:\/\/www.stvmachinery.it\/fr\/wp-json\/wp\/v2\/product\/11638","targetHints":{"allow":["GET"]}}],"collection":[{"href":"https:\/\/www.stvmachinery.it\/fr\/wp-json\/wp\/v2\/product"}],"about":[{"href":"https:\/\/www.stvmachinery.it\/fr\/wp-json\/wp\/v2\/types\/product"}],"version-history":[{"count":10,"href":"https:\/\/www.stvmachinery.it\/fr\/wp-json\/wp\/v2\/product\/11638\/revisions"}],"predecessor-version":[{"id":11704,"href":"https:\/\/www.stvmachinery.it\/fr\/wp-json\/wp\/v2\/product\/11638\/revisions\/11704"}],"wp:featuredmedia":[{"embeddable":true,"href":"https:\/\/www.stvmachinery.it\/fr\/wp-json\/wp\/v2\/media\/11641"}],"wp:attachment":[{"href":"https:\/\/www.stvmachinery.it\/fr\/wp-json\/wp\/v2\/media?parent=11638"}],"wp:term":[{"taxonomy":"product_cat","embeddable":true,"href":"https:\/\/www.stvmachinery.it\/fr\/wp-json\/wp\/v2\/product_cat?post=11638"},{"taxonomy":"product_tag","embeddable":true,"href":"https:\/\/www.stvmachinery.it\/fr\/wp-json\/wp\/v2\/product_tag?post=11638"}],"curies":[{"name":"wp","href":"https:\/\/api.w.org\/{rel}","templated":true}]}}