{"id":11901,"date":"2026-01-12T10:29:22","date_gmt":"2026-01-12T09:29:22","guid":{"rendered":"https:\/\/www.stvmachinery.it\/?post_type=product&#038;p=11901"},"modified":"2026-01-16T10:06:12","modified_gmt":"2026-01-16T09:06:12","slug":"juteuse-semi-automatique-a-gravite-mod-rg1","status":"publish","type":"product","link":"https:\/\/www.stvmachinery.it\/fr\/macchinari\/remplisseuses\/juteuse-semi-automatique-a-gravite-mod-rg1\/","title":{"rendered":"Juteuse Semi-automatique a Gravit\u00e9 Mod. RG1"},"content":{"rendered":"\t\t<div data-elementor-type=\"product-post\" data-elementor-id=\"11901\" class=\"elementor elementor-11901 elementor-11898\" data-elementor-post-type=\"product\">\n\t\t\t\t<div class=\"elementor-element elementor-element-46a5c91 e-flex e-con-boxed e-con e-parent\" data-id=\"46a5c91\" data-element_type=\"container\" id=\"caratteristiche\">\n\t\t\t\t\t<div class=\"e-con-inner\">\n\t\t\t\t<div class=\"elementor-element elementor-element-7aea20b elementor-widget elementor-widget-text-editor\" data-id=\"7aea20b\" data-element_type=\"widget\" data-widget_type=\"text-editor.default\">\n\t\t\t\t<div class=\"elementor-widget-container\">\n\t\t\t<style>\/*! elementor - v3.21.0 - 08-05-2024 *\/\n.elementor-widget-text-editor.elementor-drop-cap-view-stacked .elementor-drop-cap{background-color:#69727d;color:#fff}.elementor-widget-text-editor.elementor-drop-cap-view-framed .elementor-drop-cap{color:#69727d;border:3px solid;background-color:transparent}.elementor-widget-text-editor:not(.elementor-drop-cap-view-default) .elementor-drop-cap{margin-top:8px}.elementor-widget-text-editor:not(.elementor-drop-cap-view-default) .elementor-drop-cap-letter{width:1em;height:1em}.elementor-widget-text-editor .elementor-drop-cap{float:left;text-align:center;line-height:1;font-size:50px}.elementor-widget-text-editor .elementor-drop-cap-letter{display:inline-block}<\/style>\t\t\t\t<h3 class=\"product-item-title\">Cadence de production<\/h3>\n<p>Environ <strong>200 \u00e0 250 pots par heure<\/strong> (cadence variable selon le type de produit et la vitesse de l\u2019op\u00e9rateur)<\/p>\n\t\t\t\t\t\t<\/div>\n\t\t\t\t<\/div>\n\t\t\t\t\t<\/div>\n\t\t\t\t<\/div>\n\t\t\t\t<\/div>\n\t\t","protected":false},"excerpt":{"rendered":"<p>Notre <strong>juteuse \u00e0 gravit\u00e9<\/strong>, fiable et facile \u00e0 utiliser, permet de remplir avec une grande pr\u00e9cision des <strong>produits liquides<\/strong>, tels que des jus de fruits, <strong>dans des contenants en verre, m\u00e9tal ou PET.<\/strong><br \/>\nLa vanne de remplissage est <strong>r\u00e9glable en hauteur<\/strong> en fonction de la taille du r\u00e9cipient \u00e0 traiter.<br \/>\nLe r\u00e9servoir du produit est reli\u00e9 \u00e0 la vanne de remplissage par un tuyau flexible.<\/p>\n<p><a class=\"pulsanterosso\" href=\"#caratteristiche\">Caract\u00e9ristiques techniques<\/a><\/p>\n","protected":false},"featured_media":11991,"template":"","meta":{"inline_featured_image":false},"product_cat":[172],"product_tag":[],"class_list":{"0":"post-11901","1":"product","2":"type-product","3":"status-publish","4":"has-post-thumbnail","6":"product_cat-remplisseuses","7":"pa_applicazione-produits-liquides","8":"pa_funzionamento-semi-automatique","9":"pa_settore-alimentaire","10":"pa_settore-chimie-et-engrais","11":"pa_settore-cosmetique-et-detergence-fr","13":"first","14":"instock","15":"shipping-taxable","16":"product-type-simple"},"yoast_head":"<!-- This site is optimized with the Yoast SEO plugin v22.7 - https:\/\/yoast.com\/wordpress\/plugins\/seo\/ -->\n<title>Juteuse Semi-automatique a Gravit\u00e9 Mod. RG1 | STV Machinery<\/title>\n<meta name=\"description\" content=\"Notre juteuse \u00e0 gravit\u00e9 permet de remplir avec une grande pr\u00e9cision des produits liquides, tels que des jus de fruits, dans des contenants en verre, m\u00e9tal ou PET.\" \/>\n<meta name=\"robots\" content=\"index, follow, max-snippet:-1, max-image-preview:large, max-video-preview:-1\" \/>\n<link rel=\"canonical\" href=\"https:\/\/www.stvmachinery.it\/fr\/macchinari\/remplisseuses\/juteuse-semi-automatique-a-gravite-mod-rg1\/\" \/>\n<meta property=\"og:locale\" content=\"fr_FR\" \/>\n<meta property=\"og:type\" content=\"article\" \/>\n<meta property=\"og:title\" content=\"Juteuse Semi-automatique a Gravit\u00e9 Mod. RG1 | STV Machinery\" \/>\n<meta property=\"og:description\" content=\"Notre juteuse \u00e0 gravit\u00e9 permet de remplir avec une grande pr\u00e9cision des produits liquides, tels que des jus de fruits, dans des contenants en verre, m\u00e9tal ou PET.\" \/>\n<meta property=\"og:url\" content=\"https:\/\/www.stvmachinery.it\/fr\/macchinari\/remplisseuses\/juteuse-semi-automatique-a-gravite-mod-rg1\/\" \/>\n<meta property=\"og:site_name\" content=\"STV Machinery\" \/>\n<meta property=\"article:modified_time\" content=\"2026-01-16T09:06:12+00:00\" \/>\n<meta property=\"og:image\" content=\"https:\/\/www.stvmachinery.it\/wp-content\/uploads\/2026\/01\/Riempitrice-semiautomatica-a-gravita-Mod.-RG1.webp\" \/>\n\t<meta property=\"og:image:width\" content=\"1200\" \/>\n\t<meta property=\"og:image:height\" content=\"1200\" \/>\n\t<meta property=\"og:image:type\" content=\"image\/webp\" \/>\n<meta name=\"twitter:card\" content=\"summary_large_image\" \/>\n<meta name=\"twitter:label1\" content=\"Dur\u00e9e de lecture estim\u00e9e\" \/>\n\t<meta name=\"twitter:data1\" content=\"1 minute\" \/>\n<script type=\"application\/ld+json\" class=\"yoast-schema-graph\">{\"@context\":\"https:\/\/schema.org\",\"@graph\":[{\"@type\":\"WebPage\",\"@id\":\"https:\/\/www.stvmachinery.it\/fr\/macchinari\/remplisseuses\/juteuse-semi-automatique-a-gravite-mod-rg1\/\",\"url\":\"https:\/\/www.stvmachinery.it\/fr\/macchinari\/remplisseuses\/juteuse-semi-automatique-a-gravite-mod-rg1\/\",\"name\":\"Juteuse Semi-automatique a Gravit\u00e9 Mod. RG1 | STV Machinery\",\"isPartOf\":{\"@id\":\"https:\/\/www.stvmachinery.it\/fr\/#website\"},\"primaryImageOfPage\":{\"@id\":\"https:\/\/www.stvmachinery.it\/fr\/macchinari\/remplisseuses\/juteuse-semi-automatique-a-gravite-mod-rg1\/#primaryimage\"},\"image\":{\"@id\":\"https:\/\/www.stvmachinery.it\/fr\/macchinari\/remplisseuses\/juteuse-semi-automatique-a-gravite-mod-rg1\/#primaryimage\"},\"thumbnailUrl\":\"https:\/\/www.stvmachinery.it\/wp-content\/uploads\/2026\/01\/Riempitrice-semi-automatica-a-gravita-RG1.webp\",\"datePublished\":\"2026-01-12T09:29:22+00:00\",\"dateModified\":\"2026-01-16T09:06:12+00:00\",\"description\":\"Notre juteuse \u00e0 gravit\u00e9 permet de remplir avec une grande pr\u00e9cision des produits liquides, tels que des jus de fruits, dans des contenants en verre, m\u00e9tal ou PET.\",\"breadcrumb\":{\"@id\":\"https:\/\/www.stvmachinery.it\/fr\/macchinari\/remplisseuses\/juteuse-semi-automatique-a-gravite-mod-rg1\/#breadcrumb\"},\"inLanguage\":\"fr-FR\",\"potentialAction\":[{\"@type\":\"ReadAction\",\"target\":[\"https:\/\/www.stvmachinery.it\/fr\/macchinari\/remplisseuses\/juteuse-semi-automatique-a-gravite-mod-rg1\/\"]}]},{\"@type\":\"ImageObject\",\"inLanguage\":\"fr-FR\",\"@id\":\"https:\/\/www.stvmachinery.it\/fr\/macchinari\/remplisseuses\/juteuse-semi-automatique-a-gravite-mod-rg1\/#primaryimage\",\"url\":\"https:\/\/www.stvmachinery.it\/wp-content\/uploads\/2026\/01\/Riempitrice-semi-automatica-a-gravita-RG1.webp\",\"contentUrl\":\"https:\/\/www.stvmachinery.it\/wp-content\/uploads\/2026\/01\/Riempitrice-semi-automatica-a-gravita-RG1.webp\",\"width\":1200,\"height\":1200},{\"@type\":\"BreadcrumbList\",\"@id\":\"https:\/\/www.stvmachinery.it\/fr\/macchinari\/remplisseuses\/juteuse-semi-automatique-a-gravite-mod-rg1\/#breadcrumb\",\"itemListElement\":[{\"@type\":\"ListItem\",\"position\":1,\"name\":\"Home\",\"item\":\"https:\/\/www.stvmachinery.it\/fr\/stv-machinery\/\"},{\"@type\":\"ListItem\",\"position\":2,\"name\":\"Machines\",\"item\":\"https:\/\/www.stvmachinery.it\/fr\/machines\/\"},{\"@type\":\"ListItem\",\"position\":3,\"name\":\"Juteuse Semi-automatique a Gravit\u00e9 Mod. RG1\"}]},{\"@type\":\"WebSite\",\"@id\":\"https:\/\/www.stvmachinery.it\/fr\/#website\",\"url\":\"https:\/\/www.stvmachinery.it\/fr\/\",\"name\":\"STV Machinery\",\"description\":\"Macchine ed impianti per l\u2019industria agroalimentare e conserviera\",\"publisher\":{\"@id\":\"https:\/\/www.stvmachinery.it\/fr\/#organization\"},\"potentialAction\":[{\"@type\":\"SearchAction\",\"target\":{\"@type\":\"EntryPoint\",\"urlTemplate\":\"https:\/\/www.stvmachinery.it\/fr\/?s={search_term_string}\"},\"query-input\":\"required name=search_term_string\"}],\"inLanguage\":\"fr-FR\"},{\"@type\":\"Organization\",\"@id\":\"https:\/\/www.stvmachinery.it\/fr\/#organization\",\"name\":\"S.T.V. di Salati Giovanni & C. \u2013 S.n.c.\",\"alternateName\":\"STV Machinery\",\"url\":\"https:\/\/www.stvmachinery.it\/fr\/\",\"logo\":{\"@type\":\"ImageObject\",\"inLanguage\":\"fr-FR\",\"@id\":\"https:\/\/www.stvmachinery.it\/fr\/#\/schema\/logo\/image\/\",\"url\":\"https:\/\/www.stvmachinery.it\/wp-content\/uploads\/2021\/06\/stv-machinery-logo-positivo.png\",\"contentUrl\":\"https:\/\/www.stvmachinery.it\/wp-content\/uploads\/2021\/06\/stv-machinery-logo-positivo.png\",\"width\":481,\"height\":233,\"caption\":\"S.T.V. di Salati Giovanni & C. \u2013 S.n.c.\"},\"image\":{\"@id\":\"https:\/\/www.stvmachinery.it\/fr\/#\/schema\/logo\/image\/\"},\"sameAs\":[\"https:\/\/it.linkedin.com\/company\/stv-machinery\",\"https:\/\/www.youtube.com\/channel\/UCceMPa8POjTOmZeA2_KUoeg\"]}]}<\/script>\n<!-- \/ Yoast SEO plugin. -->","yoast_head_json":{"title":"Juteuse Semi-automatique a Gravit\u00e9 Mod. RG1 | STV Machinery","description":"Notre juteuse \u00e0 gravit\u00e9 permet de remplir avec une grande pr\u00e9cision des produits liquides, tels que des jus de fruits, dans des contenants en verre, m\u00e9tal ou PET.","robots":{"index":"index","follow":"follow","max-snippet":"max-snippet:-1","max-image-preview":"max-image-preview:large","max-video-preview":"max-video-preview:-1"},"canonical":"https:\/\/www.stvmachinery.it\/fr\/macchinari\/remplisseuses\/juteuse-semi-automatique-a-gravite-mod-rg1\/","og_locale":"fr_FR","og_type":"article","og_title":"Juteuse Semi-automatique a Gravit\u00e9 Mod. RG1 | STV Machinery","og_description":"Notre juteuse \u00e0 gravit\u00e9 permet de remplir avec une grande pr\u00e9cision des produits liquides, tels que des jus de fruits, dans des contenants en verre, m\u00e9tal ou PET.","og_url":"https:\/\/www.stvmachinery.it\/fr\/macchinari\/remplisseuses\/juteuse-semi-automatique-a-gravite-mod-rg1\/","og_site_name":"STV Machinery","article_modified_time":"2026-01-16T09:06:12+00:00","og_image":[{"width":1200,"height":1200,"url":"https:\/\/www.stvmachinery.it\/wp-content\/uploads\/2026\/01\/Riempitrice-semiautomatica-a-gravita-Mod.-RG1.webp","type":"image\/webp"}],"twitter_card":"summary_large_image","twitter_misc":{"Dur\u00e9e de lecture estim\u00e9e":"1 minute"},"schema":{"@context":"https:\/\/schema.org","@graph":[{"@type":"WebPage","@id":"https:\/\/www.stvmachinery.it\/fr\/macchinari\/remplisseuses\/juteuse-semi-automatique-a-gravite-mod-rg1\/","url":"https:\/\/www.stvmachinery.it\/fr\/macchinari\/remplisseuses\/juteuse-semi-automatique-a-gravite-mod-rg1\/","name":"Juteuse Semi-automatique a Gravit\u00e9 Mod. RG1 | STV Machinery","isPartOf":{"@id":"https:\/\/www.stvmachinery.it\/fr\/#website"},"primaryImageOfPage":{"@id":"https:\/\/www.stvmachinery.it\/fr\/macchinari\/remplisseuses\/juteuse-semi-automatique-a-gravite-mod-rg1\/#primaryimage"},"image":{"@id":"https:\/\/www.stvmachinery.it\/fr\/macchinari\/remplisseuses\/juteuse-semi-automatique-a-gravite-mod-rg1\/#primaryimage"},"thumbnailUrl":"https:\/\/www.stvmachinery.it\/wp-content\/uploads\/2026\/01\/Riempitrice-semi-automatica-a-gravita-RG1.webp","datePublished":"2026-01-12T09:29:22+00:00","dateModified":"2026-01-16T09:06:12+00:00","description":"Notre juteuse \u00e0 gravit\u00e9 permet de remplir avec une grande pr\u00e9cision des produits liquides, tels que des jus de fruits, dans des contenants en verre, m\u00e9tal ou PET.","breadcrumb":{"@id":"https:\/\/www.stvmachinery.it\/fr\/macchinari\/remplisseuses\/juteuse-semi-automatique-a-gravite-mod-rg1\/#breadcrumb"},"inLanguage":"fr-FR","potentialAction":[{"@type":"ReadAction","target":["https:\/\/www.stvmachinery.it\/fr\/macchinari\/remplisseuses\/juteuse-semi-automatique-a-gravite-mod-rg1\/"]}]},{"@type":"ImageObject","inLanguage":"fr-FR","@id":"https:\/\/www.stvmachinery.it\/fr\/macchinari\/remplisseuses\/juteuse-semi-automatique-a-gravite-mod-rg1\/#primaryimage","url":"https:\/\/www.stvmachinery.it\/wp-content\/uploads\/2026\/01\/Riempitrice-semi-automatica-a-gravita-RG1.webp","contentUrl":"https:\/\/www.stvmachinery.it\/wp-content\/uploads\/2026\/01\/Riempitrice-semi-automatica-a-gravita-RG1.webp","width":1200,"height":1200},{"@type":"BreadcrumbList","@id":"https:\/\/www.stvmachinery.it\/fr\/macchinari\/remplisseuses\/juteuse-semi-automatique-a-gravite-mod-rg1\/#breadcrumb","itemListElement":[{"@type":"ListItem","position":1,"name":"Home","item":"https:\/\/www.stvmachinery.it\/fr\/stv-machinery\/"},{"@type":"ListItem","position":2,"name":"Machines","item":"https:\/\/www.stvmachinery.it\/fr\/machines\/"},{"@type":"ListItem","position":3,"name":"Juteuse Semi-automatique a Gravit\u00e9 Mod. RG1"}]},{"@type":"WebSite","@id":"https:\/\/www.stvmachinery.it\/fr\/#website","url":"https:\/\/www.stvmachinery.it\/fr\/","name":"STV Machinery","description":"Macchine ed impianti per l\u2019industria agroalimentare e conserviera","publisher":{"@id":"https:\/\/www.stvmachinery.it\/fr\/#organization"},"potentialAction":[{"@type":"SearchAction","target":{"@type":"EntryPoint","urlTemplate":"https:\/\/www.stvmachinery.it\/fr\/?s={search_term_string}"},"query-input":"required name=search_term_string"}],"inLanguage":"fr-FR"},{"@type":"Organization","@id":"https:\/\/www.stvmachinery.it\/fr\/#organization","name":"S.T.V. di Salati Giovanni & C. \u2013 S.n.c.","alternateName":"STV Machinery","url":"https:\/\/www.stvmachinery.it\/fr\/","logo":{"@type":"ImageObject","inLanguage":"fr-FR","@id":"https:\/\/www.stvmachinery.it\/fr\/#\/schema\/logo\/image\/","url":"https:\/\/www.stvmachinery.it\/wp-content\/uploads\/2021\/06\/stv-machinery-logo-positivo.png","contentUrl":"https:\/\/www.stvmachinery.it\/wp-content\/uploads\/2021\/06\/stv-machinery-logo-positivo.png","width":481,"height":233,"caption":"S.T.V. di Salati Giovanni & C. \u2013 S.n.c."},"image":{"@id":"https:\/\/www.stvmachinery.it\/fr\/#\/schema\/logo\/image\/"},"sameAs":["https:\/\/it.linkedin.com\/company\/stv-machinery","https:\/\/www.youtube.com\/channel\/UCceMPa8POjTOmZeA2_KUoeg"]}]}},"_links":{"self":[{"href":"https:\/\/www.stvmachinery.it\/fr\/wp-json\/wp\/v2\/product\/11901","targetHints":{"allow":["GET"]}}],"collection":[{"href":"https:\/\/www.stvmachinery.it\/fr\/wp-json\/wp\/v2\/product"}],"about":[{"href":"https:\/\/www.stvmachinery.it\/fr\/wp-json\/wp\/v2\/types\/product"}],"version-history":[{"count":6,"href":"https:\/\/www.stvmachinery.it\/fr\/wp-json\/wp\/v2\/product\/11901\/revisions"}],"predecessor-version":[{"id":11926,"href":"https:\/\/www.stvmachinery.it\/fr\/wp-json\/wp\/v2\/product\/11901\/revisions\/11926"}],"wp:featuredmedia":[{"embeddable":true,"href":"https:\/\/www.stvmachinery.it\/fr\/wp-json\/wp\/v2\/media\/11991"}],"wp:attachment":[{"href":"https:\/\/www.stvmachinery.it\/fr\/wp-json\/wp\/v2\/media?parent=11901"}],"wp:term":[{"taxonomy":"product_cat","embeddable":true,"href":"https:\/\/www.stvmachinery.it\/fr\/wp-json\/wp\/v2\/product_cat?post=11901"},{"taxonomy":"product_tag","embeddable":true,"href":"https:\/\/www.stvmachinery.it\/fr\/wp-json\/wp\/v2\/product_tag?post=11901"}],"curies":[{"name":"wp","href":"https:\/\/api.w.org\/{rel}","templated":true}]}}